{"id":1161,"date":"2022-06-01T14:10:28","date_gmt":"2022-06-01T19:10:28","guid":{"rendered":"https:\/\/ipautomationinc.com\/?page_id=1161"},"modified":"2026-03-27T13:27:01","modified_gmt":"2026-03-27T18:27:01","slug":"serie-i-sc","status":"publish","type":"page","link":"https:\/\/ipautomationinc.com\/fr\/i-sc-series\/","title":{"rendered":"i-SC Series CNC Wire Bender"},"content":{"rendered":"<h6 class=\"wp-block-heading\"><strong>The i-SC series 3D CNC wire bender is a powerhouse of value. It features an all-electric bending and cutting design using the same precision feed mechanisms, Intellibend software with 3D simulation and an incredible list of features you&#8217;ll find on our more advanced machines.<\/strong><\/h6>\n\n\n\n<p><\/p>\n\n\n\n<p><span class=\"builder2seo\"><\/span>Cintreuse de fil CNC compacte \u00e0 t\u00eate unique<br><br>S\u00e9rie i-SC<br><br><img decoding=\"async\" src=\"https:\/\/ipautomationinc.com\/wp-content\/uploads\/2025\/09\/i8-SC-RGB.png#38241\" alt=\"i8-SC RVB\"><br>Formeur de fil CNC i-SC<br>400px<br><br>Cliquez ici pour la vid\u00e9o<br><a href=\"https:\/\/ipautomationinc.com\/fr\/serie-i-sc\/#video\">https:\/\/ipautomationinc.com\/i-sc-series\/#video<\/a><br>fas fa-play-circle<br>bouton_th\u00e8me<br><br>Cliquez ici pour le d\u00e9pliant PDF<br><a href=\"https:\/\/ipautomationinc.com\/wp-content\/uploads\/2025\/09\/2025-i-SC-Flyer.pdf\">https:\/\/ipautomationinc.com\/wp-content\/uploads\/2025\/09\/2025-i-SC-Flyer.pdf<\/a><br>fas fa-fichier-pdf<br>bouton_th\u00e8me<br>https:\/\/ipautomationinc.com\/wp-content\/uploads\/2025\/09\/2025-i-SC-Flyer.pdf<br><br>261,260,262,251,246<br>#0455B3<br>3px 3px 3px 3px<br><br><h4>The i-SC series 3D CNC wire bender is a powerhouse of value. It features an all-electric bending and cutting design using the same precision feed mechanisms, Intellibend software with 3D simulation and an incredible list of features you\\&#8217;ll find on our more advanced machines.You will make quick work of common wire forms and immediately appreciate the refined details of this thoughtfully engineered machine and user-friendly design.The i-SC series CNC wire bender is an affordable performer, designed for low maintenance, easy setup and long term durability.<\/h4><br><br><h3>Applications<\/h3><h4>Parfait pour les composants d&#039;affichage POP, les industries d&#039;\u00e9lectrom\u00e9nager, les clips, les supports, les crochets, les ressorts, les cintres, les connecteurs, les pi\u00e8ces de paniers de p\u00e9pini\u00e8re.<\/h4><br>#EBEBEB<br><br><img decoding=\"async\" src=\"https:\/\/ipautomationinc.com\/wp-content\/uploads\/2025\/09\/i8-SC-RGB.png#38241\" alt=\"i8-SC RVB\"><br><br>Cliquez ici pour la vid\u00e9o<br><a href=\"https:\/\/ipautomationinc.com\/fr\/serie-i-sc\/#video\">https:\/\/ipautomationinc.com\/i-sc-series\/#video<\/a><br>fas fa-play-circle<br>bouton_th\u00e8me<br><br>Cliquez ici pour le d\u00e9pliant PDF<br><a href=\"https:\/\/ipautomationinc.com\/wp-content\/uploads\/2025\/09\/2025-i-SC-Flyer.pdf\">https:\/\/ipautomationinc.com\/wp-content\/uploads\/2025\/09\/2025-i-SC-Flyer.pdf<\/a><br>fas fa-fichier-pdf<br>bouton_th\u00e8me<br>https:\/\/ipautomationinc.com\/wp-content\/uploads\/2025\/09\/2025-i-SC-Flyer.pdf<br><br>261,260,262,251,246<br>#0455B3<br>3px 3px 3px 3px<br>coutume<br>80%<br><br><h4>The i-SC series 3D CNC wire bender is a powerhouse of value. It features an all-electric bending and cutting design using the same precision feed mechanisms, Intellibend software with 3D Simulation and an incredible list of features you\\&#8217;ll find on our more advanced machines.You will make quick work of common wire forms and immediately appreciate the refined details of this thoughtfully engineered machine and user-friendly design.The i-SC series CNC wire bender is an affordable performer, designed for low maintenance, easy setup and long term durability.<\/h4><br><br><h3>Applications<\/h3><h4>Parfait pour les composants d&#039;affichage POP, les industries d&#039;\u00e9lectrom\u00e9nager, les clips, les supports, les crochets, les ressorts, les cintres, les connecteurs, les pi\u00e8ces de paniers de p\u00e9pini\u00e8re.<\/h4><br>#EBEBEB<br><br><br>M\u00e9dias<br><br>;c;;<br><br>Vid\u00e9o i6-SC<br><a href=\"https:\/\/player.vimeo.com\/video\/799206818\">https:\/\/player.vimeo.com\/video\/799206818<\/a><br>lightbox<br>bouton_th\u00e8me<br>exit-mfn-popup<br><br>37051,1326,1208,1204,37052<br><br><br>Caract\u00e9ristiques<br><br>Pliant<br>La programmation<br>D\u00e9tails<br>Disposition des machines<br><br><br>\t4 Servo Axes: X &#8211; feed, Y &#8211; bend, Z &#8211; arm rotation, + 1 combined servo cutter and bend head height<br><br><br><br>\tL&#039;outil central est en position fixe et offre la possibilit\u00e9 de cr\u00e9er 2 rayons sym\u00e9triques gr\u00e2ce \u00e0 la hauteur de la t\u00eate de pliage r\u00e9glable par servo. L&#039;outil central peut \u00eatre tourn\u00e9 manuellement pour fournir 2 rayons suppl\u00e9mentaires sur le c\u00f4t\u00e9 oppos\u00e9 du m\u00eame outil.<br><br><br><br>Notre m\u00e9thode de pliage \u00e0 deux broches initie des pliages altern\u00e9s \u00e0 deux fois la vitesse des cintreuses \u00e0 une seule broche.<br><br><br><br>Options d&#039;outillage personnalis\u00e9es et outils de coupe d&#039;anneau disponibles.<br><br><br><br>Les ing\u00e9nieurs IP Automation et les machines CNC toutes les t\u00eates de pliage, les couteaux et les rouleaux d&#039;alimentation en fil en interne \u00e0 un co\u00fbt raisonnable avec un d\u00e9lai d&#039;ex\u00e9cution rapide.<br><br><br><br><br>\t<a href=\"https:\/\/ipautomationinc.com\/fr\/capacites-des-machines\/\"><span>Logiciel Intellibend<\/span> <\/a> sur syst\u00e8me d&#039;exploitation Windows 10 avec simulation 3D<br><br><br><br>      Format du programme CNC Longueur-Rotation-Angle<br><br><br><br>      Tableau de bord de production, avec programmation des cadences et des lots en temps r\u00e9el<br><br><br><br>      \u00c9cran multi-touch 18,5\u2033<br><br><br><br>      Connectivit\u00e9 \u00e0 distance via tunnel VPN<br><br>      Protocole OPC-UA pour l&#039;industrie 4.0<br><br><br><br>      Fonctions d&#039;E\/S personnalis\u00e9es disponibles<br><br>\t<br><br><br>Gain de fil avec capacit\u00e9 du bras \u00e0 mouvement lin\u00e9aire\u00a0: 3\u00a0000 lb. inclus (option 4 500 lb disponible)<br><br>Cage de s\u00e9curit\u00e9 de 7 pi (2,13 m) avec porte de verrouillage de s\u00e9curit\u00e9<br><br>Redresseur de fil \u00e0 double plan \u00e0 large gamme<br><br>Tous les syst\u00e8mes d&#039;entra\u00eenement d&#039;alimentation et de pliage ont des engrenages tremp\u00e9s et sont enti\u00e8rement ferm\u00e9s.<br><br>Rouleaux d&#039;alimentation tremp\u00e9s \u00e0 retournement rapide pour 2 tailles de fil<br><br>Codeur lin\u00e9aire sur d\u00e9vidoir pour la pr\u00e9cision et la d\u00e9tection de glissement<br><br>Surface de la matrice de coupe r\u00e9aff\u00fbtable<br><br>Formation sur site disponible<br><br>Int\u00e9gration robotique capable<br><br><br><div class=\"image_frame image_item scale-with-grid element_classes aligncenter no_border hover-disable mfn-img-box\"  role=\"link\" aria-label=\"Image avec liens\" tabindex=\"0\"><div class=\"image_wrapper\"><a href=\"https:\/\/ipautomationinc.com\/wp-content\/uploads\/2022\/06\/i6-SC-layout.jpg\" rel=\"prettyphoto\"   class=\"\"  tabindex=\"-1\" title=\"\"><div class=\"mask\"><\/div><img decoding=\"async\" class=\"scale-with-grid\" src=\"https:\/\/ipautomationinc.com\/wp-content\/uploads\/2022\/06\/i6-SC-layout.jpg\" fetchpriority=\"high\" alt=\"Disposition i6-SC\" title=\"\" width=\"300\" height=\"886\" style=\"\"\/><\/a><div class=\"image_links\"><a href=\"https:\/\/ipautomationinc.com\/wp-content\/uploads\/2022\/06\/i6-SC-layout.jpg\" class=\"zoom\" rel=\"prettyphoto\" tabindex=\"-1\" aria-label=\"zoomer l&#039;image\" title=\"\"><svg viewbox=\"0 0 26 26\"><defs><style>.path{fill:none;stroke:#333;stroke-miterlimit:10;stroke-width:1.5px;}<\/style><\/defs><circle cx=\"11.35\" cy=\"11.35\" r=\"6\" class=\"path\"\/><line x1=\"15.59\" y1=\"15.59\" x2=\"20.65\" y2=\"20.65\" class=\"path\"\/><\/svg><\/a><\/div><\/div><\/div>\n<br>#EBEBEB<br>#222222<br><br><br>Caract\u00e9ristiques<br><br><br><br><p>*La capacit\u00e9 de diam\u00e8tre minimum et maximum est influenc\u00e9e par la limite d&#039;\u00e9lasticit\u00e9 du fil. Contactez-nous pour obtenir des \u00e9claircissements sur la plage min\/max pour votre type de fil.<\/p><br><br><br>Options de la machine<br><br>Robotique intelligente<br>avec EOAT personnalis\u00e9<br><img decoding=\"async\" src=\"https:\/\/ipautomationinc.com\/wp-content\/uploads\/2022\/06\/machine-options_robot.png\" alt=\"machine-options_robot\"><br><a href=\"https:\/\/ipautomationinc.com\/fr\/accessoires\/robotique\/\">https:\/\/ipautomationinc.com\/accessories\/robotics\/<\/a><br>\u00e9chelle-bo\u00eete<br>70%<br>#000000<br><br>Centre d&#039;usinage iFM<br><img decoding=\"async\" src=\"https:\/\/ipautomationinc.com\/wp-content\/uploads\/2023\/11\/ifm-icon-1.png#35422\" alt=\"ic\u00f4ne ifm\"><br><a href=\"https:\/\/ipautomationinc.com\/fr\/accessoires\/centre-dusinage\/\">https:\/\/ipautomationinc.com\/accessories\/machining-center\/<\/a><br>\u00e9chelle-bo\u00eete<br>70%<br><br>Station de chanfreinage\/per\u00e7age<br><img decoding=\"async\" src=\"https:\/\/ipautomationinc.com\/wp-content\/uploads\/2024\/08\/chamfer-drill.png#36736\" alt=\"foret \u00e0 chanfreiner\"><br><a href=\"https:\/\/ipautomationinc.com\/fr\/accessoires\/foret-a-chanfreiner\/\">https:\/\/ipautomationinc.com\/accessories\/chamfer-drill\/<\/a><br>\u00e9chelle-bo\u00eete<br>70%<br><br>Soudeuse bout \u00e0 bout iBW-45<br>avec presse \u00e0 souder rotative<br><img decoding=\"async\" src=\"https:\/\/ipautomationinc.com\/wp-content\/uploads\/2025\/08\/machine-options_iBW-45.png#38050\" alt=\"machine-options_iBW-45\"><br><a href=\"https:\/\/ipautomationinc.com\/fr\/accessoires\/soudeuses-automatisees\/\">https:\/\/ipautomationinc.com\/accessories\/automated-welders\/<\/a><br>\u00e9chelle-bo\u00eete<br>70%<br>#000000<br><br>Inspection visuelle<br><img decoding=\"async\" src=\"https:\/\/ipautomationinc.com\/wp-content\/uploads\/2022\/06\/machine-options_vision-inspection-closeup.png\" alt=\"machine-options_vision-inspection-gros plan\"><br>\u00e9chelle-bo\u00eete<br>70%<br><br>Solutions de manutention de pi\u00e8ces<br><img decoding=\"async\" src=\"https:\/\/ipautomationinc.com\/wp-content\/uploads\/2022\/06\/machine-options_rack-option.png\" alt=\"machine-options_rack-option\"><br>\u00e9chelle-bo\u00eete<br>70%<br><br>Presse servo<br><img decoding=\"async\" src=\"https:\/\/ipautomationinc.com\/wp-content\/uploads\/2022\/06\/machine-options_servo-press.png\" alt=\"machine-options_servo-presse\"><br>\u00e9chelle-bo\u00eete<br>70%<br><br>En-t\u00eate froid<br><img decoding=\"async\" src=\"https:\/\/ipautomationinc.com\/wp-content\/uploads\/2022\/06\/machine-options_cold-heading.png\" alt=\"machine-options_cold-heading\"><br>\u00e9chelle-bo\u00eete<br>70%<br><br>Obtenez les prix maintenant\u00a0!<br>ic\u00f4ne en avant<br><a href=\"https:\/\/ipautomationinc.com\/fr\/contactez-nous\/#form\">https:\/\/ipautomationinc.com\/contact-us\/#form<\/a><br>50px<br><br>Autres cintreuses de fils CNC<br><br><h4>S\u00e9rie i-S\u00b2<\/h4><br><br><p><hr class=\"no_line\" style=\"margin: 0 auto 0px auto\"\/>\n <a href=\"https:\/\/ipautomationinc.com\/fr\/serie-i-s-carre\/\"> <img decoding=\"async\" src=\"https:\/\/ipautomationinc.com\/wp-content\/uploads\/2024\/08\/i10-S\u00b2-rgb.png\" alt=\"Formeur de fil CNC i-S\u00b2\"> <\/a> <hr class=\"no_line\" style=\"margin: 0 auto 0px auto\"\/>\n<\/p><br><br><p>La s\u00e9rie S\u00b2 apporte \u00e0 la s\u00e9rie S 2-13 mm une polyvalence \u00e0 double tourelle et une capacit\u00e9 de cintrage de tubes.<\/p><br><br><a class=\"mfn-link mfn-link-1\" href=\"\" style=\"\" data-hover=\"\"   ><span data-hover=\"\"><\/span><\/a><br>pas de r\u00e9p\u00e9tition;en haut \u00e0 gauche;;<br>auto<br><br><h4>S\u00e9rie i-S\u00b2-P<\/h4><br><br><p><hr class=\"no_line\" style=\"margin: 0 auto 0px auto\"\/>\n <a href=\"https:\/\/ipautomationinc.com\/fr\/serie-i-s-carre-p\/\"> <img decoding=\"async\" src=\"https:\/\/ipautomationinc.com\/wp-content\/uploads\/2026\/02\/i10-S\u00b2-P-Single-Piece-3D-CNC-Wire-Bender.png\" alt=\"i-S\u00b2-P Formeur de fil CNC monobloc\"> <\/a> <hr class=\"no_line\" style=\"margin: 0 auto 0px auto\"\/>\n<\/p><br><br><p>La s\u00e9rie S\u00b2-P est con\u00e7ue pour faciliter le travail des formes de fil complexes de 2,5 \u00e0 13 mm.<\/p><br><br><a class=\"mfn-link mfn-link-1\" href=\"\" style=\"\" data-hover=\"\"   ><span data-hover=\"\"><\/span><\/a><br>pas de r\u00e9p\u00e9tition;en haut \u00e0 gauche;;<br>auto<br><br><h4>S\u00e9rie i-S<\/h4><br><br><p><hr class=\"no_line\" style=\"margin: 0 auto 0px auto\"\/>\n <a href=\"https:\/\/ipautomationinc.com\/fr\/serie-i-s\/\"> <img decoding=\"async\" src=\"https:\/\/ipautomationinc.com\/wp-content\/uploads\/2023\/02\/i8-S-RGB-1.png\" alt=\"iS CNC Fil Ancien\"> <\/a> <hr class=\"no_line\" style=\"margin: 0 auto 0px auto\"\/>\n<\/p><br><br><p>La s\u00e9rie S est une b\u00eate de somme de pr\u00e9cision pour les formes filaires 3D de 2 \u00e0 16 mm<\/p><br><br><a class=\"mfn-link mfn-link-1\" href=\"\" style=\"\" data-hover=\"\"   ><span data-hover=\"\"><\/span><\/a><br>pas de r\u00e9p\u00e9tition;en haut \u00e0 gauche;;<br>auto<br><br><\/p>","protected":false},"excerpt":{"rendered":"<p>The i-SC series 3D CNC wire bender is a powerhouse of value. It features an all-electric bending and cutting design<span class=\"excerpt-hellip\"> [\u2026]<\/span><\/p>\n","protected":false},"author":3,"featured_media":0,"parent":0,"menu_order":0,"comment_status":"closed","ping_status":"closed","template":"","meta":{"footnotes":""},"class_list":["post-1161","page","type-page","status-publish","hentry"],"yoast_head":"<!-- This site is optimized with the Yoast SEO plugin v27.3 - https:\/\/yoast.com\/product\/yoast-seo-wordpress\/ -->\n<title>i-SC Series CNC Wire Bender | IP Automation Inc<\/title>\n<meta name=\"description\" content=\"The i-SC series 3D CNC wire bender is an affordable performer, designed for low maintenance, easy setup and long term durability.\" \/>\n<meta name=\"robots\" content=\"index, follow, max-snippet:-1, max-image-preview:large, max-video-preview:-1\" \/>\n<link rel=\"canonical\" href=\"https:\/\/ipautomationinc.com\/fr\/serie-i-sc\/\" \/>\n<meta property=\"og:locale\" content=\"fr_FR\" \/>\n<meta property=\"og:type\" content=\"article\" \/>\n<meta property=\"og:title\" content=\"i-SC Series CNC Wire Bender | IP Automation Inc\" \/>\n<meta property=\"og:description\" content=\"The i-SC series 3D CNC wire bender is an affordable performer, designed for low maintenance, easy setup and long term durability.\" \/>\n<meta property=\"og:url\" content=\"https:\/\/ipautomationinc.com\/fr\/serie-i-sc\/\" \/>\n<meta property=\"og:site_name\" content=\"IP Automation Inc\" \/>\n<meta property=\"article:publisher\" content=\"https:\/\/www.facebook.com\/ipautomationinc\/\" \/>\n<meta property=\"article:modified_time\" content=\"2026-03-27T18:27:01+00:00\" \/>\n<meta property=\"og:image\" content=\"https:\/\/ipautomationinc.com\/wp-content\/uploads\/2025\/09\/i8-SC-RGB.png#38241\" \/>\n<script type=\"application\/ld+json\" class=\"yoast-schema-graph\">{\"@context\":\"https:\\\/\\\/schema.org\",\"@graph\":[{\"@type\":\"WebPage\",\"@id\":\"https:\\\/\\\/ipautomationinc.com\\\/i-sc-series\\\/\",\"url\":\"https:\\\/\\\/ipautomationinc.com\\\/i-sc-series\\\/\",\"name\":\"i-SC Series CNC Wire Bender | IP Automation Inc\",\"isPartOf\":{\"@id\":\"https:\\\/\\\/ipautomationinc.com\\\/#website\"},\"primaryImageOfPage\":{\"@id\":\"https:\\\/\\\/ipautomationinc.com\\\/i-sc-series\\\/#primaryimage\"},\"image\":{\"@id\":\"https:\\\/\\\/ipautomationinc.com\\\/i-sc-series\\\/#primaryimage\"},\"thumbnailUrl\":\"https:\\\/\\\/ipautomationinc.com\\\/wp-content\\\/uploads\\\/2025\\\/09\\\/i8-SC-RGB.png#38241\",\"datePublished\":\"2022-06-01T19:10:28+00:00\",\"dateModified\":\"2026-03-27T18:27:01+00:00\",\"description\":\"The i-SC series 3D CNC wire bender is an affordable performer, designed for low maintenance, easy setup and long term durability.\",\"inLanguage\":\"fr-FR\",\"potentialAction\":[{\"@type\":\"ReadAction\",\"target\":[\"https:\\\/\\\/ipautomationinc.com\\\/i-sc-series\\\/\"]}]},{\"@type\":\"ImageObject\",\"inLanguage\":\"fr-FR\",\"@id\":\"https:\\\/\\\/ipautomationinc.com\\\/i-sc-series\\\/#primaryimage\",\"url\":\"https:\\\/\\\/ipautomationinc.com\\\/wp-content\\\/uploads\\\/2025\\\/09\\\/i8-SC-RGB.png#38241\",\"contentUrl\":\"https:\\\/\\\/ipautomationinc.com\\\/wp-content\\\/uploads\\\/2025\\\/09\\\/i8-SC-RGB.png#38241\"},{\"@type\":\"WebSite\",\"@id\":\"https:\\\/\\\/ipautomationinc.com\\\/#website\",\"url\":\"https:\\\/\\\/ipautomationinc.com\\\/\",\"name\":\"IP Automation Inc\",\"description\":\"Concept... Creation... Reality...\",\"publisher\":{\"@id\":\"https:\\\/\\\/ipautomationinc.com\\\/#organization\"},\"potentialAction\":[{\"@type\":\"SearchAction\",\"target\":{\"@type\":\"EntryPoint\",\"urlTemplate\":\"https:\\\/\\\/ipautomationinc.com\\\/?s={search_term_string}\"},\"query-input\":{\"@type\":\"PropertyValueSpecification\",\"valueRequired\":true,\"valueName\":\"search_term_string\"}}],\"inLanguage\":\"fr-FR\"},{\"@type\":\"Organization\",\"@id\":\"https:\\\/\\\/ipautomationinc.com\\\/#organization\",\"name\":\"IP Automation Inc\",\"url\":\"https:\\\/\\\/ipautomationinc.com\\\/\",\"logo\":{\"@type\":\"ImageObject\",\"inLanguage\":\"fr-FR\",\"@id\":\"https:\\\/\\\/ipautomationinc.com\\\/#\\\/schema\\\/logo\\\/image\\\/\",\"url\":\"https:\\\/\\\/ipautomationinc.com\\\/wp-content\\\/uploads\\\/2022\\\/05\\\/IPA-Favicon.png\",\"contentUrl\":\"https:\\\/\\\/ipautomationinc.com\\\/wp-content\\\/uploads\\\/2022\\\/05\\\/IPA-Favicon.png\",\"width\":513,\"height\":513,\"caption\":\"IP Automation Inc\"},\"image\":{\"@id\":\"https:\\\/\\\/ipautomationinc.com\\\/#\\\/schema\\\/logo\\\/image\\\/\"},\"sameAs\":[\"https:\\\/\\\/www.facebook.com\\\/ipautomationinc\\\/\",\"https:\\\/\\\/www.linkedin.com\\\/company\\\/ip-automation-inc\\\/\",\"https:\\\/\\\/www.youtube.com\\\/@IPAutomation\"]}]}<\/script>\n<!-- \/ Yoast SEO plugin. -->","yoast_head_json":{"title":"Plieuse de fils CNC s\u00e9rie i-SC | IP Automation Inc.","description":"La cintreuse de fil CNC 3D de la s\u00e9rie i-SC est un outil performant et abordable, con\u00e7u pour un entretien r\u00e9duit, une installation facile et une durabilit\u00e9 \u00e0 long terme.","robots":{"index":"index","follow":"follow","max-snippet":"max-snippet:-1","max-image-preview":"max-image-preview:large","max-video-preview":"max-video-preview:-1"},"canonical":"https:\/\/ipautomationinc.com\/fr\/serie-i-sc\/","og_locale":"fr_FR","og_type":"article","og_title":"i-SC Series CNC Wire Bender | IP Automation Inc","og_description":"The i-SC series 3D CNC wire bender is an affordable performer, designed for low maintenance, easy setup and long term durability.","og_url":"https:\/\/ipautomationinc.com\/fr\/serie-i-sc\/","og_site_name":"IP Automation Inc","article_publisher":"https:\/\/www.facebook.com\/ipautomationinc\/","article_modified_time":"2026-03-27T18:27:01+00:00","og_image":[{"url":"https:\/\/ipautomationinc.com\/wp-content\/uploads\/2025\/09\/i8-SC-RGB.png#38241","type":"","width":"","height":""}],"schema":{"@context":"https:\/\/schema.org","@graph":[{"@type":"WebPage","@id":"https:\/\/ipautomationinc.com\/i-sc-series\/","url":"https:\/\/ipautomationinc.com\/i-sc-series\/","name":"Plieuse de fils CNC s\u00e9rie i-SC | IP Automation Inc.","isPartOf":{"@id":"https:\/\/ipautomationinc.com\/#website"},"primaryImageOfPage":{"@id":"https:\/\/ipautomationinc.com\/i-sc-series\/#primaryimage"},"image":{"@id":"https:\/\/ipautomationinc.com\/i-sc-series\/#primaryimage"},"thumbnailUrl":"https:\/\/ipautomationinc.com\/wp-content\/uploads\/2025\/09\/i8-SC-RGB.png#38241","datePublished":"2022-06-01T19:10:28+00:00","dateModified":"2026-03-27T18:27:01+00:00","description":"La cintreuse de fil CNC 3D de la s\u00e9rie i-SC est un outil performant et abordable, con\u00e7u pour un entretien r\u00e9duit, une installation facile et une durabilit\u00e9 \u00e0 long terme.","inLanguage":"fr-FR","potentialAction":[{"@type":"ReadAction","target":["https:\/\/ipautomationinc.com\/i-sc-series\/"]}]},{"@type":"ImageObject","inLanguage":"fr-FR","@id":"https:\/\/ipautomationinc.com\/i-sc-series\/#primaryimage","url":"https:\/\/ipautomationinc.com\/wp-content\/uploads\/2025\/09\/i8-SC-RGB.png#38241","contentUrl":"https:\/\/ipautomationinc.com\/wp-content\/uploads\/2025\/09\/i8-SC-RGB.png#38241"},{"@type":"WebSite","@id":"https:\/\/ipautomationinc.com\/#website","url":"https:\/\/ipautomationinc.com\/","name":"IP Automatisation Inc","description":"Concept... Cr\u00e9ation... R\u00e9alit\u00e9...","publisher":{"@id":"https:\/\/ipautomationinc.com\/#organization"},"potentialAction":[{"@type":"SearchAction","target":{"@type":"EntryPoint","urlTemplate":"https:\/\/ipautomationinc.com\/?s={search_term_string}"},"query-input":{"@type":"PropertyValueSpecification","valueRequired":true,"valueName":"search_term_string"}}],"inLanguage":"fr-FR"},{"@type":"Organization","@id":"https:\/\/ipautomationinc.com\/#organization","name":"IP Automatisation Inc","url":"https:\/\/ipautomationinc.com\/","logo":{"@type":"ImageObject","inLanguage":"fr-FR","@id":"https:\/\/ipautomationinc.com\/#\/schema\/logo\/image\/","url":"https:\/\/ipautomationinc.com\/wp-content\/uploads\/2022\/05\/IPA-Favicon.png","contentUrl":"https:\/\/ipautomationinc.com\/wp-content\/uploads\/2022\/05\/IPA-Favicon.png","width":513,"height":513,"caption":"IP Automation Inc"},"image":{"@id":"https:\/\/ipautomationinc.com\/#\/schema\/logo\/image\/"},"sameAs":["https:\/\/www.facebook.com\/ipautomationinc\/","https:\/\/www.linkedin.com\/company\/ip-automation-inc\/","https:\/\/www.youtube.com\/@IPAutomation"]}]}},"_links":{"self":[{"href":"https:\/\/ipautomationinc.com\/fr\/wp-json\/wp\/v2\/pages\/1161","targetHints":{"allow":["GET"]}}],"collection":[{"href":"https:\/\/ipautomationinc.com\/fr\/wp-json\/wp\/v2\/pages"}],"about":[{"href":"https:\/\/ipautomationinc.com\/fr\/wp-json\/wp\/v2\/types\/page"}],"author":[{"embeddable":true,"href":"https:\/\/ipautomationinc.com\/fr\/wp-json\/wp\/v2\/users\/3"}],"replies":[{"embeddable":true,"href":"https:\/\/ipautomationinc.com\/fr\/wp-json\/wp\/v2\/comments?post=1161"}],"version-history":[{"count":7,"href":"https:\/\/ipautomationinc.com\/fr\/wp-json\/wp\/v2\/pages\/1161\/revisions"}],"predecessor-version":[{"id":39514,"href":"https:\/\/ipautomationinc.com\/fr\/wp-json\/wp\/v2\/pages\/1161\/revisions\/39514"}],"wp:attachment":[{"href":"https:\/\/ipautomationinc.com\/fr\/wp-json\/wp\/v2\/media?parent=1161"}],"curies":[{"name":"wp","href":"https:\/\/api.w.org\/{rel}","templated":true}]}}