{"id":1110,"date":"2022-05-24T15:32:25","date_gmt":"2022-05-24T20:32:25","guid":{"rendered":"https:\/\/ipautomationinc.com\/?page_id=1110"},"modified":"2025-09-16T12:03:12","modified_gmt":"2025-09-16T17:03:12","slug":"representants-des-ventes","status":"publish","type":"page","link":"https:\/\/ipautomationinc.com\/fr\/sales-representatives\/","title":{"rendered":"Repr\u00e9sentants des ventes"},"content":{"rendered":"<h6 class=\"wp-block-heading\"><strong>Les repr\u00e9sentants commerciaux des machines \u00e0 cintrer les fils IP Automation sont des experts en cintrage de fils, pr\u00eats \u00e0 apporter une attention locale \u00e0 vos besoins en mati\u00e8re de formage de fils et \u00e0 partager des id\u00e9es sur les options qui optimiseront votre solution d&#039;automatisation IP. Trouvez le repr\u00e9sentant commercial de votre pays ou r\u00e9gion.<\/strong><\/h6>\n\n\n\n<p><span class=\"builder2seo\"><\/span><img decoding=\"async\" src=\"https:\/\/ipautomationinc.com\/wp-content\/uploads\/2023\/11\/new-world-map-1123.png#35520\" alt=\"nouvelle carte du monde 1123\"><br>carte des repr\u00e9sentants commerciaux des machines \u00e0 cintrer les fils<br><br><h5>Les repr\u00e9sentants commerciaux des machines \u00e0 cintrer les fils IP Automation sont des experts en cintrage de fils, pr\u00eats \u00e0 apporter une attention locale \u00e0 vos besoins en mati\u00e8re de formage de fils et \u00e0 partager des id\u00e9es sur les options qui optimiseront votre solution d&#039;automatisation IP.<\/h5><br><br><h2>Etats-Unis<\/h2><br>Titre<br>pas de r\u00e9p\u00e9tition\u00a0; centre en haut\u00a0;;<br>auto<br><br><h4>David Conrad<\/h4><br><br><span>G\u00e9orgie, Caroline du Nord, Caroline du Sud, Virginie<\/span><br><br><a href=\"tel:+17049027399\">(704)-902-7399<\/a><br><br><a href=\"mailto:Conradsales@aol.com\">Conradsales@aol.com<\/a><br>pas de r\u00e9p\u00e9tition;en haut \u00e0 gauche;;<br>auto<br>0 0 0 55px<br><br><h4>Thomas Melonic<\/h4><br><br>Connecticut, Delaware, Maine, Maryland, Massachusetts, New Hampshire, New Jersey, New York, Pennsylvanie, Rhode Island, Vermont, Ohio<br><br><a href=\"tel:+17165363104\"> Portable \u2013 (716)-536-3104<\/a><br><br><a href=\"mailto:wireguy@roadrunner.com\">wireguy@roadrunner.com<\/a><br>pas de r\u00e9p\u00e9tition;en haut \u00e0 gauche;;<br>auto<br>0 0 0 55px<br><br>Tous les autres \u00c9tats<br><br><h4>Paul <span class=\"cf0\">Sitkiewicz<\/span><\/h4><br><br><h4>Sean Costin<\/h4><br><br><a href=\"tel:+16303769905\">Ligne directe de Sean\u00a0: +1\u00a0(630)\u00a0376\u00a09905<\/a><!--EndFragment --><br><br><a href=\"mailto:sales@ipautomationinc.com\">sales@ipautomationinc.com<\/a><br><br>WhatsApp:<br><br><img decoding=\"async\" src=\"https:\/\/ipautomationinc.com\/wp-content\/uploads\/2024\/08\/whatsapp-qr-150x150.jpg\" alt=\"\"><br>pas de r\u00e9p\u00e9tition;en haut \u00e0 gauche;;<br>auto<br>0 0 0 55px<br><br><br><h2>Mexique<\/h2><br>Titre<br>pas de r\u00e9p\u00e9tition\u00a0; centre en haut\u00a0;;<br>auto<br><br><h4>Manuel Uriarte<\/h4><br><br><span>ProMachines<\/span><br><br><a href=\"tel:+523314746954\">+52 33 1474 6954<\/a><br><br><a href=\"mailto:muriarte@prod3.net\">muriarte@prod3.net<\/a><br><br><a href=\"https:\/\/www.promachinerymx.com\/\">www.promachinerymx.com<\/a><br><br><div class=\"image_frame image_item no_link scale-with-grid element_classes alignnone no_border mfn-img-box\" ><div class=\"image_wrapper\"><img decoding=\"async\" class=\"scale-with-grid\" src=\"\" fetchpriority=\"high\" alt=\"\" title=\"\" width=\"\" height=\"\" style=\"\"\/><\/div><\/div>\n<br>pas de r\u00e9p\u00e9tition;en haut \u00e0 gauche;;<br>auto<br>0 0 0 55px<br><br><h4>Juan Ram\u00f3n<!--EndFragment --><\/h4><br><br><span>Jartool<\/span><br><br><span><a href=\"tel:8134188492\">813-4188-492<\/a><\/span><br><br><a href=\"mailto:juan.ramon@jartool.com\">juan.ramon@jartool.com<\/a><br><br><a href=\"https:\/\/jartool.com\/\">www.jartool.com<\/a><br><br><div class=\"image_frame image_item no_link scale-with-grid element_classes alignnone no_border mfn-img-box\" ><div class=\"image_wrapper\"><img decoding=\"async\" class=\"scale-with-grid\" src=\"\" fetchpriority=\"high\" alt=\"\" title=\"\" width=\"\" height=\"\" style=\"\"\/><\/div><\/div>\n<br>pas de r\u00e9p\u00e9tition;en haut \u00e0 gauche;;<br>auto<br>0 0 0 55px<br><br><h4>Bernard <!--StartFragment --><span class=\"cf0\">Guerrero<\/span><!--EndFragment --><\/h4><br><br><span>Technicien en ing\u00e9nierie<\/span><br><br><a href=\"mailto:bguerrero@ipautomationinc.com\">bguerrero@ipautomationinc.com<\/a><br>pas de r\u00e9p\u00e9tition;en haut \u00e0 gauche;;<br>auto<br>0 0 0 55px<br><br><br><h2>Canada<\/h2><br>Titre<br>pas de r\u00e9p\u00e9tition\u00a0; centre en haut\u00a0;;<br>auto<br><br><h4>John Somerville<\/h4><br><br><span>Produits Industriels Rotem Inc.<\/span><br><br><a href=\"tel:+14163186842\">+1 416-318-6842<\/a><br><br><a href=\"mailto:john@rotem.ca\">john@rotem.ca<\/a><br><br><a href=\"https:\/\/www.rotem.ca\/\">www.rotem.ca<\/a><br><br><div class=\"image_frame image_item no_link scale-with-grid element_classes alignnone no_border mfn-img-box\" ><div class=\"image_wrapper\"><img decoding=\"async\" class=\"scale-with-grid\" src=\"\" fetchpriority=\"high\" alt=\"\" title=\"\" width=\"\" height=\"\" style=\"\"\/><\/div><\/div>\n<br>pas de r\u00e9p\u00e9tition;en haut \u00e0 gauche;;<br>auto<br>0 0 0 55px<br><br><br><h2>L&#039;Europe \uf0d7<\/h2><br>Titre<br>pas de r\u00e9p\u00e9tition\u00a0; centre en haut\u00a0;;<br>auto<br><br><h4>Petr Mikovec<\/h4><br><br><span>R\u00e9publique tch\u00e8que, Slovaquie<\/span><br><br><a href=\"\/fr\/t\u00e9l:+420312249281\/\">Bureau \u2013 +(420) 312-249-281<\/a><br><br><a href=\"\/fr\/t\u00e9l:+420777555282\/\">Mobile \u2013 +(420) 777-555-282<\/a><br><br><a href=\"mailto:mikovec@mec-technik.cz\">mikovec@mec-technik.cz<\/a><br><br><a href=\"http:\/\/www.mec-technik.cz\">www.mectechnik.cz<\/a><br><br><div class=\"image_frame image_item no_link scale-with-grid element_classes alignnone no_border mfn-img-box\" ><div class=\"image_wrapper\"><img decoding=\"async\" class=\"scale-with-grid\" src=\"\" fetchpriority=\"high\" alt=\"\" title=\"\" width=\"\" height=\"\" style=\"\"\/><\/div><\/div>\n<br>pas de r\u00e9p\u00e9tition;en haut \u00e0 gauche;;<br>auto<br>0 0 0 55px<br><br><h4>Markus Suchomski<\/h4><br><br><span>Autriche, Allemagne<\/span><br><br><a href=\"\/fr\/t\u00e9l:+498212461530\/\">Bureau \u2013 +49 (0)8 21 \/ 2 46 15 30<\/a><br><br><a href=\"\/fr\/t\u00e9l:+491728127098\/\">Mobile \u2013 +49 (0)1 72 \/ 8 12 70 98<\/a><br><br><a href=\"mailto:markus@suchomski.de\">markus@suchomski.de<\/a><br><br><a href=\"https:\/\/www.suchomski.de\">www.suchomski.de<\/a><br><br><div class=\"image_frame image_item no_link scale-with-grid element_classes alignnone no_border mfn-img-box\" ><div class=\"image_wrapper\"><img decoding=\"async\" class=\"scale-with-grid\" src=\"\" fetchpriority=\"high\" alt=\"\" title=\"\" width=\"\" height=\"\" style=\"\"\/><\/div><\/div>\n<br>pas de r\u00e9p\u00e9tition;en haut \u00e0 gauche;;<br>auto<br>0 0 0 55px<br><br><br>Trouver des produits<br><br>Cliquez ici<br><a href=\"https:\/\/ipautomationinc.com\/fr\/produits-et-services\/\">https:\/\/ipautomationinc.com\/products-and-services\/<\/a><br><br>Obtenir de l&#039;aide<br><br>Cliquez ici<br><a href=\"https:\/\/ipautomationinc.com\/fr\/soutien\/\">https:\/\/ipautomationinc.com\/support\/<\/a><br><br>Contactez-nous<br><br>Cliquez ici<br><a href=\"https:\/\/ipautomationinc.com\/fr\/contactez-nous\/\">https:\/\/ipautomationinc.com\/contact-us\/<\/a><br><br><br>Int\u00e9ress\u00e9 \u00e0 devenir repr\u00e9sentant commercial IP Automation Inc?<br><br>Envoie-nous un message!<br><br><p class=\"wpcf7-contact-form-not-found\"><strong>Erreur :<\/strong> Formulaire de contact non trouv\u00e9 !<\/p><br><br><\/p>","protected":false},"excerpt":{"rendered":"<p>IP Automation wire bending machine sales representatives are wire bending experts, ready to provide local attention to your wire forming<span class=\"excerpt-hellip\"> [\u2026]<\/span><\/p>\n","protected":false},"author":3,"featured_media":0,"parent":0,"menu_order":0,"comment_status":"open","ping_status":"closed","template":"","meta":{"footnotes":""},"class_list":["post-1110","page","type-page","status-publish","hentry"],"yoast_head":"<!-- This site is optimized with the Yoast SEO plugin v27.3 - https:\/\/yoast.com\/product\/yoast-seo-wordpress\/ -->\n<title>Wire Bending Machine Sales Representative Near You<\/title>\n<meta name=\"description\" content=\"Find a wire bending machine sales representative near you to purchase our premium quality made in the USA wire bending machines.\" \/>\n<meta name=\"robots\" content=\"index, follow, max-snippet:-1, max-image-preview:large, max-video-preview:-1\" \/>\n<link rel=\"canonical\" href=\"https:\/\/ipautomationinc.com\/fr\/representants-des-ventes\/\" \/>\n<meta property=\"og:locale\" content=\"fr_FR\" \/>\n<meta property=\"og:type\" content=\"article\" \/>\n<meta property=\"og:title\" content=\"Wire Bending Machine Sales Representative Near You\" \/>\n<meta property=\"og:description\" content=\"Find a wire bending machine sales representative near you to purchase our premium quality made in the USA wire bending machines.\" \/>\n<meta property=\"og:url\" content=\"https:\/\/ipautomationinc.com\/fr\/representants-des-ventes\/\" \/>\n<meta property=\"og:site_name\" content=\"IP Automation Inc\" \/>\n<meta property=\"article:publisher\" content=\"https:\/\/www.facebook.com\/ipautomationinc\/\" \/>\n<meta property=\"article:modified_time\" content=\"2025-09-16T17:03:12+00:00\" \/>\n<meta property=\"og:image\" content=\"https:\/\/ipautomationinc.com\/wp-content\/uploads\/2023\/11\/new-world-map-1123.png#35520\" \/>\n<script type=\"application\/ld+json\" class=\"yoast-schema-graph\">{\"@context\":\"https:\\\/\\\/schema.org\",\"@graph\":[{\"@type\":\"WebPage\",\"@id\":\"https:\\\/\\\/ipautomationinc.com\\\/sales-representatives\\\/\",\"url\":\"https:\\\/\\\/ipautomationinc.com\\\/sales-representatives\\\/\",\"name\":\"Wire Bending Machine Sales Representative Near You\",\"isPartOf\":{\"@id\":\"https:\\\/\\\/ipautomationinc.com\\\/#website\"},\"primaryImageOfPage\":{\"@id\":\"https:\\\/\\\/ipautomationinc.com\\\/sales-representatives\\\/#primaryimage\"},\"image\":{\"@id\":\"https:\\\/\\\/ipautomationinc.com\\\/sales-representatives\\\/#primaryimage\"},\"thumbnailUrl\":\"https:\\\/\\\/ipautomationinc.com\\\/wp-content\\\/uploads\\\/2023\\\/11\\\/new-world-map-1123.png#35520\",\"datePublished\":\"2022-05-24T20:32:25+00:00\",\"dateModified\":\"2025-09-16T17:03:12+00:00\",\"description\":\"Find a wire bending machine sales representative near you to purchase our premium quality made in the USA wire bending machines.\",\"inLanguage\":\"fr-FR\",\"potentialAction\":[{\"@type\":\"ReadAction\",\"target\":[\"https:\\\/\\\/ipautomationinc.com\\\/sales-representatives\\\/\"]}]},{\"@type\":\"ImageObject\",\"inLanguage\":\"fr-FR\",\"@id\":\"https:\\\/\\\/ipautomationinc.com\\\/sales-representatives\\\/#primaryimage\",\"url\":\"https:\\\/\\\/ipautomationinc.com\\\/wp-content\\\/uploads\\\/2023\\\/11\\\/new-world-map-1123.png#35520\",\"contentUrl\":\"https:\\\/\\\/ipautomationinc.com\\\/wp-content\\\/uploads\\\/2023\\\/11\\\/new-world-map-1123.png#35520\"},{\"@type\":\"WebSite\",\"@id\":\"https:\\\/\\\/ipautomationinc.com\\\/#website\",\"url\":\"https:\\\/\\\/ipautomationinc.com\\\/\",\"name\":\"IP Automation Inc\",\"description\":\"Concept... Creation... Reality...\",\"publisher\":{\"@id\":\"https:\\\/\\\/ipautomationinc.com\\\/#organization\"},\"potentialAction\":[{\"@type\":\"SearchAction\",\"target\":{\"@type\":\"EntryPoint\",\"urlTemplate\":\"https:\\\/\\\/ipautomationinc.com\\\/?s={search_term_string}\"},\"query-input\":{\"@type\":\"PropertyValueSpecification\",\"valueRequired\":true,\"valueName\":\"search_term_string\"}}],\"inLanguage\":\"fr-FR\"},{\"@type\":\"Organization\",\"@id\":\"https:\\\/\\\/ipautomationinc.com\\\/#organization\",\"name\":\"IP Automation Inc\",\"url\":\"https:\\\/\\\/ipautomationinc.com\\\/\",\"logo\":{\"@type\":\"ImageObject\",\"inLanguage\":\"fr-FR\",\"@id\":\"https:\\\/\\\/ipautomationinc.com\\\/#\\\/schema\\\/logo\\\/image\\\/\",\"url\":\"https:\\\/\\\/ipautomationinc.com\\\/wp-content\\\/uploads\\\/2022\\\/05\\\/IPA-Favicon.png\",\"contentUrl\":\"https:\\\/\\\/ipautomationinc.com\\\/wp-content\\\/uploads\\\/2022\\\/05\\\/IPA-Favicon.png\",\"width\":513,\"height\":513,\"caption\":\"IP Automation Inc\"},\"image\":{\"@id\":\"https:\\\/\\\/ipautomationinc.com\\\/#\\\/schema\\\/logo\\\/image\\\/\"},\"sameAs\":[\"https:\\\/\\\/www.facebook.com\\\/ipautomationinc\\\/\",\"https:\\\/\\\/www.linkedin.com\\\/company\\\/ip-automation-inc\\\/\",\"https:\\\/\\\/www.youtube.com\\\/@IPAutomation\"]}]}<\/script>\n<!-- \/ Yoast SEO plugin. -->","yoast_head_json":{"title":"Repr\u00e9sentant commercial de machines \u00e0 cintrer les fils pr\u00e8s de chez vous","description":"Trouvez un repr\u00e9sentant commercial de cintreuses de fils pr\u00e8s de chez vous pour acheter nos cintreuses de fils de qualit\u00e9 sup\u00e9rieure fabriqu\u00e9es aux \u00c9tats-Unis.","robots":{"index":"index","follow":"follow","max-snippet":"max-snippet:-1","max-image-preview":"max-image-preview:large","max-video-preview":"max-video-preview:-1"},"canonical":"https:\/\/ipautomationinc.com\/fr\/representants-des-ventes\/","og_locale":"fr_FR","og_type":"article","og_title":"Wire Bending Machine Sales Representative Near You","og_description":"Find a wire bending machine sales representative near you to purchase our premium quality made in the USA wire bending machines.","og_url":"https:\/\/ipautomationinc.com\/fr\/representants-des-ventes\/","og_site_name":"IP Automation Inc","article_publisher":"https:\/\/www.facebook.com\/ipautomationinc\/","article_modified_time":"2025-09-16T17:03:12+00:00","og_image":[{"url":"https:\/\/ipautomationinc.com\/wp-content\/uploads\/2023\/11\/new-world-map-1123.png#35520","type":"","width":"","height":""}],"schema":{"@context":"https:\/\/schema.org","@graph":[{"@type":"WebPage","@id":"https:\/\/ipautomationinc.com\/sales-representatives\/","url":"https:\/\/ipautomationinc.com\/sales-representatives\/","name":"Repr\u00e9sentant commercial de machines \u00e0 cintrer les fils pr\u00e8s de chez vous","isPartOf":{"@id":"https:\/\/ipautomationinc.com\/#website"},"primaryImageOfPage":{"@id":"https:\/\/ipautomationinc.com\/sales-representatives\/#primaryimage"},"image":{"@id":"https:\/\/ipautomationinc.com\/sales-representatives\/#primaryimage"},"thumbnailUrl":"https:\/\/ipautomationinc.com\/wp-content\/uploads\/2023\/11\/new-world-map-1123.png#35520","datePublished":"2022-05-24T20:32:25+00:00","dateModified":"2025-09-16T17:03:12+00:00","description":"Trouvez un repr\u00e9sentant commercial de cintreuses de fils pr\u00e8s de chez vous pour acheter nos cintreuses de fils de qualit\u00e9 sup\u00e9rieure fabriqu\u00e9es aux \u00c9tats-Unis.","inLanguage":"fr-FR","potentialAction":[{"@type":"ReadAction","target":["https:\/\/ipautomationinc.com\/sales-representatives\/"]}]},{"@type":"ImageObject","inLanguage":"fr-FR","@id":"https:\/\/ipautomationinc.com\/sales-representatives\/#primaryimage","url":"https:\/\/ipautomationinc.com\/wp-content\/uploads\/2023\/11\/new-world-map-1123.png#35520","contentUrl":"https:\/\/ipautomationinc.com\/wp-content\/uploads\/2023\/11\/new-world-map-1123.png#35520"},{"@type":"WebSite","@id":"https:\/\/ipautomationinc.com\/#website","url":"https:\/\/ipautomationinc.com\/","name":"IP Automatisation Inc","description":"Concept... Cr\u00e9ation... R\u00e9alit\u00e9...","publisher":{"@id":"https:\/\/ipautomationinc.com\/#organization"},"potentialAction":[{"@type":"SearchAction","target":{"@type":"EntryPoint","urlTemplate":"https:\/\/ipautomationinc.com\/?s={search_term_string}"},"query-input":{"@type":"PropertyValueSpecification","valueRequired":true,"valueName":"search_term_string"}}],"inLanguage":"fr-FR"},{"@type":"Organization","@id":"https:\/\/ipautomationinc.com\/#organization","name":"IP Automatisation Inc","url":"https:\/\/ipautomationinc.com\/","logo":{"@type":"ImageObject","inLanguage":"fr-FR","@id":"https:\/\/ipautomationinc.com\/#\/schema\/logo\/image\/","url":"https:\/\/ipautomationinc.com\/wp-content\/uploads\/2022\/05\/IPA-Favicon.png","contentUrl":"https:\/\/ipautomationinc.com\/wp-content\/uploads\/2022\/05\/IPA-Favicon.png","width":513,"height":513,"caption":"IP Automation Inc"},"image":{"@id":"https:\/\/ipautomationinc.com\/#\/schema\/logo\/image\/"},"sameAs":["https:\/\/www.facebook.com\/ipautomationinc\/","https:\/\/www.linkedin.com\/company\/ip-automation-inc\/","https:\/\/www.youtube.com\/@IPAutomation"]}]}},"_links":{"self":[{"href":"https:\/\/ipautomationinc.com\/fr\/wp-json\/wp\/v2\/pages\/1110","targetHints":{"allow":["GET"]}}],"collection":[{"href":"https:\/\/ipautomationinc.com\/fr\/wp-json\/wp\/v2\/pages"}],"about":[{"href":"https:\/\/ipautomationinc.com\/fr\/wp-json\/wp\/v2\/types\/page"}],"author":[{"embeddable":true,"href":"https:\/\/ipautomationinc.com\/fr\/wp-json\/wp\/v2\/users\/3"}],"replies":[{"embeddable":true,"href":"https:\/\/ipautomationinc.com\/fr\/wp-json\/wp\/v2\/comments?post=1110"}],"version-history":[{"count":2,"href":"https:\/\/ipautomationinc.com\/fr\/wp-json\/wp\/v2\/pages\/1110\/revisions"}],"predecessor-version":[{"id":37707,"href":"https:\/\/ipautomationinc.com\/fr\/wp-json\/wp\/v2\/pages\/1110\/revisions\/37707"}],"wp:attachment":[{"href":"https:\/\/ipautomationinc.com\/fr\/wp-json\/wp\/v2\/media?parent=1110"}],"curies":[{"name":"wp","href":"https:\/\/api.w.org\/{rel}","templated":true}]}}