{"id":111,"date":"2017-10-27T17:33:30","date_gmt":"2017-10-27T22:33:30","guid":{"rendered":"http:\/\/ipautomationinc.com\/?page_id=111"},"modified":"2025-09-10T15:54:28","modified_gmt":"2025-09-10T20:54:28","slug":"cellules-dautomatisation","status":"publish","type":"page","link":"https:\/\/ipautomationinc.com\/fr\/automationcells\/","title":{"rendered":"Cellules d&#039;automatisation"},"content":{"rendered":"<p>Experts en automatisation des processus de formage de fil.<\/p>\n\n\n\n<p>Nos machines, ing\u00e9nieurs et techniciens sont con\u00e7us pour des solutions personnalis\u00e9es pour votre entreprise. R\u00e9alisez votre vision d\u2019un flux de pi\u00e8ces uniques \u00e0 grande vitesse avec un minimum de main d\u2019\u0153uvre et aucun WIP.<\/p>\n\n\n\n<p>Nous avons une expertise dans les int\u00e9grations robotiques telles que : soudage, chanfreinage, assemblage, presses, frappe \u00e0 froid, filetage, usinage, clipsage, d\u00e9tente, inspection etc.<\/p>\n\n\n\n<p><span class=\"builder2seo\"><\/span>autoplay=1&amp;muted=1&amp;loop=1&amp;autopause=0&amp;controls=1<br><br><h2>Experts en automatisation des processus de formage de fil.<\/h2><br><br><h3>Nos machines, ing\u00e9nieurs et techniciens sont con\u00e7us pour des solutions personnalis\u00e9es pour votre entreprise. R\u00e9alisez votre vision d\u2019un flux de pi\u00e8ces uniques \u00e0 grande vitesse avec un minimum de main d\u2019\u0153uvre et aucun WIP.<\/h3><br><br><h3>Nous avons une expertise dans les int\u00e9grations robotiques telles que : soudage, chanfreinage, assemblage, presses, frappe \u00e0 froid, filetage, usinage, clipsage, d\u00e9tente, inspection etc.<\/h3><br><br>large<br><br>Cellule d'automatisation i-D<br>#DD0000<br>initial<br><br>;c;;<br><br>Cellule d'automatisation i-S<br>#DD0000<br>initial<br><br>;c;;<br><br>Cellule d'automatisation i-S<br>#DD0000<br>initial<br><br>;c;;<br><br>Cellule d&#039;automatisation i-S\u00b2<br>#DD0000<br>initial<br><br>;c;;<br><br>Cellule d&#039;automatisation i-S\u00b2<br>#DD0000<br>initial<br><br>;c;;<br><br>large<br><br><img decoding=\"async\" src=\"https:\/\/ipautomationinc.com\/wp-content\/uploads\/2017\/11\/cell-pic_Web.png\" alt=\"cellule pic_Web\"><br><br><img decoding=\"async\" src=\"https:\/\/ipautomationinc.com\/wp-content\/uploads\/2017\/10\/IMG_1989-1-e1640896417688.png#191\" alt=\"IMG_1989\"><br><br>Cellules d&#039;automatisation Flexmat<br>Automatisation flexible, ex\u00e9cutez diff\u00e9rentes pi\u00e8ces avec changement rapide<br>Possibilit\u00e9 de r\u00e9glage du servo pour une installation facile et un outillage minimal<br><br><br>Depuis l&#039;alimentation en bobine ou en magasin<br><br>Jusqu&#039;\u00e0 32 axes servo<br><br>Jusqu&#039;\u00e0 6 postes de pliage<br><br>Stations int\u00e9gr\u00e9es optionnelles de soulagement du stress et de rev\u00eatement en nylon ou PVC<br><br>Station de refroidissement int\u00e9gr\u00e9e<br><br>Station d&#039;assemblage guid\u00e9e par vision<br><br>Options de station secondaire incluant l&#039;assemblage par clinchage ou clipsage<br><br>Plusieurs Wireforms, emboutissages et inserts en plastique peuvent \u00eatre adapt\u00e9s pour l&#039;assemblage<br><br><br>fondu \u00e0 droite<br><br><img decoding=\"async\" src=\"https:\/\/ipautomationinc.com\/wp-content\/uploads\/2017\/11\/cell.png\" alt=\"cellule\"><br>grand<br><br><img decoding=\"async\" src=\"https:\/\/ipautomationinc.com\/wp-content\/uploads\/2017\/11\/placementfix.png\" alt=\"placementfix\"><br>grand<br><br>large<br><br><br>Cellules d&#039;assemblage<br>Cellules d&#039;assemblage pour composants automobiles<br><br>Formes de fil multiples et assembl\u00e9es<br><br>Les op\u00e9rations comprennent le clipsage, le clinchage, le soudage par points, le soudage MIG et d&#039;autres techniques d&#039;assemblage.<br><br>Peut \u00eatre int\u00e9gr\u00e9 \u00e0 d\u2019autres machines pour une fabrication compl\u00e8tement autonome<br><br>Les cellules peuvent \u00eatre reconfigur\u00e9es pour diff\u00e9rentes gammes de produits<br>fondu \u00e0 droite<br><br>large<br><br><img decoding=\"async\" src=\"https:\/\/ipautomationinc.com\/wp-content\/uploads\/2017\/11\/CoatingRounded-e1635351228930.png\" alt=\"Rev\u00eatementArrondi\"><br><br>Lignes de soulagement du stress et de rev\u00eatement en nylon<br><br><br>Automatisation de la r\u00e9duction du stress avec rev\u00eatement<br><br>Technologies du four conventionnel, de la r\u00e9sistance, de l&#039;induction et de l&#039;infrarouge<br><br>Manipulation robotis\u00e9e pour un changement efficace et un outillage minimal <br><br>Rev\u00eatement en nylon, PVC ou autres thermoplastiques<br><br>Rev\u00eatement plusieurs couleurs disponible \u00e0 la fois<br><br>Tr\u00e9mies de poudre standard avec syst\u00e8mes de distribution \u00e0 vis sans fin pour une perte de poudre minimale<br><br>Racks de refroidissement standard avec solutions d&#039;emballage robotis\u00e9es en option<br><br>Racks charg\u00e9s par l&#039;op\u00e9rateur ou enti\u00e8rement automatis\u00e9s connect\u00e9s aux machines existantes<br><br><br>fondu \u00e0 droite<br><br><br><img decoding=\"async\" src=\"https:\/\/ipautomationinc.com\/wp-content\/uploads\/2017\/11\/Coating2-1-1-1.png\" alt=\"Rev\u00eatement2-1-1-1\"><br><br><img decoding=\"async\" src=\"https:\/\/ipautomationinc.com\/wp-content\/uploads\/2017\/11\/Coating-cell-1-e1635351476148.png\" alt=\"Rev\u00eatement-cellule-1\"><br><br>large<br><br><img decoding=\"async\" src=\"https:\/\/ipautomationinc.com\/wp-content\/uploads\/2021\/11\/Resistance-Welder.png\" alt=\"Soudeur \u00e0 r\u00e9sistance\"><br><br>Cellules de soudage par r\u00e9sistance<br><br><br>Fanuc R1000iA-80 \u00e0 R2000iA-210F<br><br>Table rotative servo<br><br>Pistolets servo Obara ou Tolomatic en option <br><br>Plaques d&#039;outillage rapides int\u00e9gr\u00e9es pour un changement rapide<br><br>Capacit\u00e9 RFID pour minimiser les erreurs de configuration<br><br>Options charg\u00e9es par l&#039;op\u00e9rateur de la barri\u00e8re immat\u00e9rielle ou du scanner de s\u00e9curit\u00e9<br><br>Peut \u00eatre int\u00e9gr\u00e9 \u00e0 plusieurs cintreuses de fils pour des cellules de formage et de soudage automatiques<br><br>Syst\u00e8mes de transport automatis\u00e9s en option pour l&#039;emballage<br><br><br>fondu \u00e0 droite<br><br><br><img decoding=\"async\" src=\"https:\/\/ipautomationinc.com\/wp-content\/uploads\/2017\/10\/Robotic-Welding-put-sparks-back-in-1-e1635353496321.png\" alt=\"Le soudage robotis\u00e9 remet les \u00e9tincelles\"><br><br>Entrer en contact<br><a href=\"https:\/\/ipautomationinc.com\/fr\/contactez-nous\/\">https:\/\/ipautomationinc.com\/contact-us\/<\/a><br>ic\u00f4ne en avant<br>bouton_th\u00e8me<br><br><\/p>","protected":false},"excerpt":{"rendered":"<p>Experts in automating wire forming processes. Our machines, engineers, and technicians are geared for customized solutions for your company. Achieve<span class=\"excerpt-hellip\"> [\u2026]<\/span><\/p>\n","protected":false},"author":3,"featured_media":0,"parent":0,"menu_order":0,"comment_status":"open","ping_status":"closed","template":"","meta":{"footnotes":""},"class_list":["post-111","page","type-page","status-publish","hentry"],"yoast_head":"<!-- This site is optimized with the Yoast SEO plugin v27.3 - https:\/\/yoast.com\/product\/yoast-seo-wordpress\/ -->\n<title>Automation Cells | IP Automation Inc<\/title>\n<meta name=\"description\" content=\"Our machines, engineers, and technicians are geared for customized solutions for your company and make automation easy for your project. Achieve your vision with an automation cell.\" \/>\n<meta name=\"robots\" content=\"index, follow, max-snippet:-1, max-image-preview:large, max-video-preview:-1\" \/>\n<link rel=\"canonical\" href=\"https:\/\/ipautomationinc.com\/fr\/cellules-dautomatisation\/\" \/>\n<meta property=\"og:locale\" content=\"fr_FR\" \/>\n<meta property=\"og:type\" content=\"article\" \/>\n<meta property=\"og:title\" content=\"Automation Cells | IP Automation Inc\" \/>\n<meta property=\"og:description\" content=\"Our machines, engineers, and technicians are geared for customized solutions for your company and make automation easy for your project. Achieve your vision with an automation cell.\" \/>\n<meta property=\"og:url\" content=\"https:\/\/ipautomationinc.com\/fr\/cellules-dautomatisation\/\" \/>\n<meta property=\"og:site_name\" content=\"IP Automation Inc\" \/>\n<meta property=\"article:publisher\" content=\"https:\/\/www.facebook.com\/ipautomationinc\/\" \/>\n<meta property=\"article:modified_time\" content=\"2025-09-10T20:54:28+00:00\" \/>\n<meta property=\"og:image\" content=\"https:\/\/ipautomationinc.com\/wp-content\/uploads\/2017\/11\/cell-pic_Web.png\" \/>\n<script type=\"application\/ld+json\" class=\"yoast-schema-graph\">{\"@context\":\"https:\\\/\\\/schema.org\",\"@graph\":[{\"@type\":\"WebPage\",\"@id\":\"https:\\\/\\\/ipautomationinc.com\\\/automationcells\\\/\",\"url\":\"https:\\\/\\\/ipautomationinc.com\\\/automationcells\\\/\",\"name\":\"Automation Cells | IP Automation Inc\",\"isPartOf\":{\"@id\":\"https:\\\/\\\/ipautomationinc.com\\\/#website\"},\"primaryImageOfPage\":{\"@id\":\"https:\\\/\\\/ipautomationinc.com\\\/automationcells\\\/#primaryimage\"},\"image\":{\"@id\":\"https:\\\/\\\/ipautomationinc.com\\\/automationcells\\\/#primaryimage\"},\"thumbnailUrl\":\"https:\\\/\\\/ipautomationinc.com\\\/wp-content\\\/uploads\\\/2017\\\/11\\\/cell-pic_Web.png\",\"datePublished\":\"2017-10-27T22:33:30+00:00\",\"dateModified\":\"2025-09-10T20:54:28+00:00\",\"description\":\"Our machines, engineers, and technicians are geared for customized solutions for your company and make automation easy for your project. Achieve your vision with an automation cell.\",\"inLanguage\":\"fr-FR\",\"potentialAction\":[{\"@type\":\"ReadAction\",\"target\":[\"https:\\\/\\\/ipautomationinc.com\\\/automationcells\\\/\"]}]},{\"@type\":\"ImageObject\",\"inLanguage\":\"fr-FR\",\"@id\":\"https:\\\/\\\/ipautomationinc.com\\\/automationcells\\\/#primaryimage\",\"url\":\"https:\\\/\\\/ipautomationinc.com\\\/wp-content\\\/uploads\\\/2017\\\/11\\\/cell-pic_Web.png\",\"contentUrl\":\"https:\\\/\\\/ipautomationinc.com\\\/wp-content\\\/uploads\\\/2017\\\/11\\\/cell-pic_Web.png\"},{\"@type\":\"WebSite\",\"@id\":\"https:\\\/\\\/ipautomationinc.com\\\/#website\",\"url\":\"https:\\\/\\\/ipautomationinc.com\\\/\",\"name\":\"IP Automation Inc\",\"description\":\"Concept... Creation... Reality...\",\"publisher\":{\"@id\":\"https:\\\/\\\/ipautomationinc.com\\\/#organization\"},\"potentialAction\":[{\"@type\":\"SearchAction\",\"target\":{\"@type\":\"EntryPoint\",\"urlTemplate\":\"https:\\\/\\\/ipautomationinc.com\\\/?s={search_term_string}\"},\"query-input\":{\"@type\":\"PropertyValueSpecification\",\"valueRequired\":true,\"valueName\":\"search_term_string\"}}],\"inLanguage\":\"fr-FR\"},{\"@type\":\"Organization\",\"@id\":\"https:\\\/\\\/ipautomationinc.com\\\/#organization\",\"name\":\"IP Automation Inc\",\"url\":\"https:\\\/\\\/ipautomationinc.com\\\/\",\"logo\":{\"@type\":\"ImageObject\",\"inLanguage\":\"fr-FR\",\"@id\":\"https:\\\/\\\/ipautomationinc.com\\\/#\\\/schema\\\/logo\\\/image\\\/\",\"url\":\"https:\\\/\\\/ipautomationinc.com\\\/wp-content\\\/uploads\\\/2022\\\/05\\\/IPA-Favicon.png\",\"contentUrl\":\"https:\\\/\\\/ipautomationinc.com\\\/wp-content\\\/uploads\\\/2022\\\/05\\\/IPA-Favicon.png\",\"width\":513,\"height\":513,\"caption\":\"IP Automation Inc\"},\"image\":{\"@id\":\"https:\\\/\\\/ipautomationinc.com\\\/#\\\/schema\\\/logo\\\/image\\\/\"},\"sameAs\":[\"https:\\\/\\\/www.facebook.com\\\/ipautomationinc\\\/\",\"https:\\\/\\\/www.linkedin.com\\\/company\\\/ip-automation-inc\\\/\",\"https:\\\/\\\/www.youtube.com\\\/@IPAutomation\"]}]}<\/script>\n<!-- \/ Yoast SEO plugin. -->","yoast_head_json":{"title":"Cellules d&#039;automatisation | IP Automatisation Inc","description":"Nos machines, ing\u00e9nieurs et techniciens sont con\u00e7us pour des solutions personnalis\u00e9es pour votre entreprise et facilitent l&#039;automatisation de votre projet. R\u00e9alisez votre vision avec une cellule d\u2019automatisation.","robots":{"index":"index","follow":"follow","max-snippet":"max-snippet:-1","max-image-preview":"max-image-preview:large","max-video-preview":"max-video-preview:-1"},"canonical":"https:\/\/ipautomationinc.com\/fr\/cellules-dautomatisation\/","og_locale":"fr_FR","og_type":"article","og_title":"Automation Cells | IP Automation Inc","og_description":"Our machines, engineers, and technicians are geared for customized solutions for your company and make automation easy for your project. Achieve your vision with an automation cell.","og_url":"https:\/\/ipautomationinc.com\/fr\/cellules-dautomatisation\/","og_site_name":"IP Automation Inc","article_publisher":"https:\/\/www.facebook.com\/ipautomationinc\/","article_modified_time":"2025-09-10T20:54:28+00:00","og_image":[{"url":"https:\/\/ipautomationinc.com\/wp-content\/uploads\/2017\/11\/cell-pic_Web.png","type":"","width":"","height":""}],"schema":{"@context":"https:\/\/schema.org","@graph":[{"@type":"WebPage","@id":"https:\/\/ipautomationinc.com\/automationcells\/","url":"https:\/\/ipautomationinc.com\/automationcells\/","name":"Cellules d&#039;automatisation | IP Automatisation Inc","isPartOf":{"@id":"https:\/\/ipautomationinc.com\/#website"},"primaryImageOfPage":{"@id":"https:\/\/ipautomationinc.com\/automationcells\/#primaryimage"},"image":{"@id":"https:\/\/ipautomationinc.com\/automationcells\/#primaryimage"},"thumbnailUrl":"https:\/\/ipautomationinc.com\/wp-content\/uploads\/2017\/11\/cell-pic_Web.png","datePublished":"2017-10-27T22:33:30+00:00","dateModified":"2025-09-10T20:54:28+00:00","description":"Nos machines, ing\u00e9nieurs et techniciens sont con\u00e7us pour des solutions personnalis\u00e9es pour votre entreprise et facilitent l&#039;automatisation de votre projet. R\u00e9alisez votre vision avec une cellule d\u2019automatisation.","inLanguage":"fr-FR","potentialAction":[{"@type":"ReadAction","target":["https:\/\/ipautomationinc.com\/automationcells\/"]}]},{"@type":"ImageObject","inLanguage":"fr-FR","@id":"https:\/\/ipautomationinc.com\/automationcells\/#primaryimage","url":"https:\/\/ipautomationinc.com\/wp-content\/uploads\/2017\/11\/cell-pic_Web.png","contentUrl":"https:\/\/ipautomationinc.com\/wp-content\/uploads\/2017\/11\/cell-pic_Web.png"},{"@type":"WebSite","@id":"https:\/\/ipautomationinc.com\/#website","url":"https:\/\/ipautomationinc.com\/","name":"IP Automatisation Inc","description":"Concept... Cr\u00e9ation... R\u00e9alit\u00e9...","publisher":{"@id":"https:\/\/ipautomationinc.com\/#organization"},"potentialAction":[{"@type":"SearchAction","target":{"@type":"EntryPoint","urlTemplate":"https:\/\/ipautomationinc.com\/?s={search_term_string}"},"query-input":{"@type":"PropertyValueSpecification","valueRequired":true,"valueName":"search_term_string"}}],"inLanguage":"fr-FR"},{"@type":"Organization","@id":"https:\/\/ipautomationinc.com\/#organization","name":"IP Automatisation Inc","url":"https:\/\/ipautomationinc.com\/","logo":{"@type":"ImageObject","inLanguage":"fr-FR","@id":"https:\/\/ipautomationinc.com\/#\/schema\/logo\/image\/","url":"https:\/\/ipautomationinc.com\/wp-content\/uploads\/2022\/05\/IPA-Favicon.png","contentUrl":"https:\/\/ipautomationinc.com\/wp-content\/uploads\/2022\/05\/IPA-Favicon.png","width":513,"height":513,"caption":"IP Automation Inc"},"image":{"@id":"https:\/\/ipautomationinc.com\/#\/schema\/logo\/image\/"},"sameAs":["https:\/\/www.facebook.com\/ipautomationinc\/","https:\/\/www.linkedin.com\/company\/ip-automation-inc\/","https:\/\/www.youtube.com\/@IPAutomation"]}]}},"_links":{"self":[{"href":"https:\/\/ipautomationinc.com\/fr\/wp-json\/wp\/v2\/pages\/111","targetHints":{"allow":["GET"]}}],"collection":[{"href":"https:\/\/ipautomationinc.com\/fr\/wp-json\/wp\/v2\/pages"}],"about":[{"href":"https:\/\/ipautomationinc.com\/fr\/wp-json\/wp\/v2\/types\/page"}],"author":[{"embeddable":true,"href":"https:\/\/ipautomationinc.com\/fr\/wp-json\/wp\/v2\/users\/3"}],"replies":[{"embeddable":true,"href":"https:\/\/ipautomationinc.com\/fr\/wp-json\/wp\/v2\/comments?post=111"}],"version-history":[{"count":2,"href":"https:\/\/ipautomationinc.com\/fr\/wp-json\/wp\/v2\/pages\/111\/revisions"}],"predecessor-version":[{"id":38204,"href":"https:\/\/ipautomationinc.com\/fr\/wp-json\/wp\/v2\/pages\/111\/revisions\/38204"}],"wp:attachment":[{"href":"https:\/\/ipautomationinc.com\/fr\/wp-json\/wp\/v2\/media?parent=111"}],"curies":[{"name":"wp","href":"https:\/\/api.w.org\/{rel}","templated":true}]}}