{"id":7745,"date":"2023-01-17T15:10:56","date_gmt":"2023-01-17T21:10:56","guid":{"rendered":"https:\/\/ipautomationinc.com\/?page_id=7745"},"modified":"2025-10-31T09:58:01","modified_gmt":"2025-10-31T14:58:01","slug":"accesorios","status":"publish","type":"page","link":"https:\/\/ipautomationinc.com\/es\/accessories\/","title":{"rendered":"Accesorios"},"content":{"rendered":"<h6 class=\"wp-block-heading\"><strong>Haga clic en cualquier accesorio para obtener m\u00e1s informaci\u00f3n del producto. Integraci\u00f3n Rob\u00f3tica, Mecanizado, Soldadura. Las soluciones rob\u00f3ticas inteligentes abren un nuevo mundo de procesos de valor agregado sin costo laboral adicional.<\/strong> <strong>El iFM-10-4 y el iFM-13-4 son un avance innovador para operaciones secundarias de formaci\u00f3n de alambre como biselado, reducci\u00f3n de di\u00e1metro, roscado, fresado y taladrado transversal.<\/strong>. <strong>Las operaciones de soldadura se pueden integrar f\u00e1cilmente en su operaci\u00f3n de conformado de alambre, eliminando el costo de mano de obra y la variaci\u00f3n del proceso. IP Automation cuenta con soluciones totalmente automatizadas para las necesidades m\u00e1s comunes de la industria.<\/strong><\/h6>\n\n\n\n<p><span class=\"builder2seo\"><\/span>Accesorios<br><br><br>Haga clic en cualquier accesorio para obtener m\u00e1s informaci\u00f3n del producto.<br><br>Integraci\u00f3n Rob\u00f3tica<br><img decoding=\"async\" src=\"https:\/\/ipautomationinc.com\/wp-content\/uploads\/2022\/06\/machine-options_robot.png#1271\" alt=\"opciones-de-m\u00e1quina_robot\"><br><a href=\"https:\/\/ipautomationinc.com\/es\/accesorios\/robotica\/\">https:\/\/ipautomationinc.com\/accessories\/robotics\/<\/a><br>escala de caja<br>70%<br>80%<br>60%<br><br>Mecanizado<br><img decoding=\"async\" src=\"https:\/\/ipautomationinc.com\/wp-content\/uploads\/2023\/11\/ifm-icon-1.png#35422\" alt=\"icono de ifm\"><br><a href=\"https:\/\/ipautomationinc.com\/es\/accesorios\/centro-de-mecanizado\/\">https:\/\/ipautomationinc.com\/accessories\/machining-center\/<\/a><br>escala de caja<br>70%<br>80%<br>60%<br><br>Soldadura<br><img decoding=\"async\" src=\"https:\/\/ipautomationinc.com\/wp-content\/uploads\/2025\/08\/machine-options_iBW-45.png#38050\" alt=\"machine-options_iBW-45\"><br><a href=\"https:\/\/ipautomationinc.com\/es\/accesorios\/soldadores-automatizados\/\">https:\/\/ipautomationinc.com\/accessories\/automated-welders\/<\/a><br>escala de caja<br>70%<br>80%<br>60%<br><br>Prensa prensadora<br><img decoding=\"async\" src=\"https:\/\/ipautomationinc.com\/wp-content\/uploads\/2024\/08\/crimping-press-icon-crop.png#36758\" alt=\"crimping press icon crop\"><br><a href=\"https:\/\/ipautomationinc.com\/es\/accesorios\/prensa-de-engarce\/\">https:\/\/ipautomationinc.com\/accessories\/crimping-press\/<\/a><br>escala de caja<br>70%<br>80%<br>60%<br><br>Chaflanado en l\u00ednea<br><img decoding=\"async\" src=\"https:\/\/ipautomationinc.com\/wp-content\/uploads\/2024\/01\/internal-chamfer.png#35611\" alt=\"internal chamfer\"><br><a href=\"https:\/\/ipautomationinc.com\/es\/accesorios\/chaflan-en-linea\/\">https:\/\/ipautomationinc.com\/accessories\/in-line-chamfer\/<\/a><br>escala de caja<br>70%<br>80%<br>60%<br><br>Estaci\u00f3n de chafl\u00e1n\/taladro<br><img decoding=\"async\" src=\"https:\/\/ipautomationinc.com\/wp-content\/uploads\/2024\/08\/chamfer-drill.png#36736\" alt=\"broca de chafl\u00e1n\"><br><a href=\"https:\/\/ipautomationinc.com\/es\/accesorios\/broca-de-chaflan\/\">https:\/\/ipautomationinc.com\/accessories\/chamfer-drill\/<\/a><br>escala de caja<br>70%<br>80%<br>60%<br><br>Presses<br><img decoding=\"async\" src=\"https:\/\/ipautomationinc.com\/wp-content\/uploads\/2024\/01\/crimping-press-icon.png#35637\" alt=\"\"><br><a href=\"https:\/\/ipautomationinc.com\/es\/accesorios\/prensa-de-engarce\/\">https:\/\/ipautomationinc.com\/accessories\/crimping-press\/<\/a><br>escala de caja<br>70%<br>80%<br>60%<br><br>Parts Handling<br><img decoding=\"async\" src=\"https:\/\/ipautomationinc.com\/wp-content\/uploads\/2022\/06\/machine-options_rack-option.png#1323\" alt=\"opciones-m\u00e1quina_opci\u00f3n-rack\"><br><a href=\"https:\/\/ipautomationinc.com\/es\/accesorios\/robotica\/\">https:\/\/ipautomationinc.com\/accessories\/robotics\/<\/a><br>escala de caja<br>70%<br>80%<br>60%<br><br><\/p>","protected":false},"excerpt":{"rendered":"<p>Click on any accessory for more product information. Robotic Integration, Machining, Welding. Intellimate robotic solutions open a new world of<span class=\"excerpt-hellip\"> [\u2026]<\/span><\/p>\n","protected":false},"author":3,"featured_media":0,"parent":0,"menu_order":0,"comment_status":"closed","ping_status":"closed","template":"","meta":{"footnotes":""},"class_list":["post-7745","page","type-page","status-publish","hentry"],"yoast_head":"<!-- This site is optimized with the Yoast SEO plugin v27.3 - https:\/\/yoast.com\/product\/yoast-seo-wordpress\/ -->\n<title>Accessories | IP Automation Inc<\/title>\n<meta name=\"description\" content=\"Discover all the accessories IP Automation has to offer. From welding to secondary forming processes, we have a solution for you.\" \/>\n<meta name=\"robots\" content=\"index, follow, max-snippet:-1, max-image-preview:large, max-video-preview:-1\" \/>\n<link rel=\"canonical\" href=\"https:\/\/ipautomationinc.com\/es\/accesorios\/\" \/>\n<meta property=\"og:locale\" content=\"es_MX\" \/>\n<meta property=\"og:type\" content=\"article\" \/>\n<meta property=\"og:title\" content=\"Accessories | IP Automation Inc\" \/>\n<meta property=\"og:description\" content=\"Discover all the accessories IP Automation has to offer. From welding to secondary forming processes, we have a solution for you.\" \/>\n<meta property=\"og:url\" content=\"https:\/\/ipautomationinc.com\/es\/accesorios\/\" \/>\n<meta property=\"og:site_name\" content=\"IP Automation Inc\" \/>\n<meta property=\"article:publisher\" content=\"https:\/\/www.facebook.com\/ipautomationinc\/\" \/>\n<meta property=\"article:modified_time\" content=\"2025-10-31T14:58:01+00:00\" \/>\n<meta property=\"og:image\" content=\"https:\/\/ipautomationinc.com\/wp-content\/uploads\/2022\/06\/machine-options_robot.png#1271\" \/>\n<script type=\"application\/ld+json\" class=\"yoast-schema-graph\">{\"@context\":\"https:\\\/\\\/schema.org\",\"@graph\":[{\"@type\":\"WebPage\",\"@id\":\"https:\\\/\\\/ipautomationinc.com\\\/accessories\\\/\",\"url\":\"https:\\\/\\\/ipautomationinc.com\\\/accessories\\\/\",\"name\":\"Accessories | IP Automation Inc\",\"isPartOf\":{\"@id\":\"https:\\\/\\\/ipautomationinc.com\\\/#website\"},\"primaryImageOfPage\":{\"@id\":\"https:\\\/\\\/ipautomationinc.com\\\/accessories\\\/#primaryimage\"},\"image\":{\"@id\":\"https:\\\/\\\/ipautomationinc.com\\\/accessories\\\/#primaryimage\"},\"thumbnailUrl\":\"https:\\\/\\\/ipautomationinc.com\\\/wp-content\\\/uploads\\\/2022\\\/06\\\/machine-options_robot.png#1271\",\"datePublished\":\"2023-01-17T21:10:56+00:00\",\"dateModified\":\"2025-10-31T14:58:01+00:00\",\"description\":\"Discover all the accessories IP Automation has to offer. From welding to secondary forming processes, we have a solution for you.\",\"inLanguage\":\"es\",\"potentialAction\":[{\"@type\":\"ReadAction\",\"target\":[\"https:\\\/\\\/ipautomationinc.com\\\/accessories\\\/\"]}]},{\"@type\":\"ImageObject\",\"inLanguage\":\"es\",\"@id\":\"https:\\\/\\\/ipautomationinc.com\\\/accessories\\\/#primaryimage\",\"url\":\"https:\\\/\\\/ipautomationinc.com\\\/wp-content\\\/uploads\\\/2022\\\/06\\\/machine-options_robot.png#1271\",\"contentUrl\":\"https:\\\/\\\/ipautomationinc.com\\\/wp-content\\\/uploads\\\/2022\\\/06\\\/machine-options_robot.png#1271\"},{\"@type\":\"WebSite\",\"@id\":\"https:\\\/\\\/ipautomationinc.com\\\/#website\",\"url\":\"https:\\\/\\\/ipautomationinc.com\\\/\",\"name\":\"IP Automation Inc\",\"description\":\"Concept... Creation... Reality...\",\"publisher\":{\"@id\":\"https:\\\/\\\/ipautomationinc.com\\\/#organization\"},\"potentialAction\":[{\"@type\":\"SearchAction\",\"target\":{\"@type\":\"EntryPoint\",\"urlTemplate\":\"https:\\\/\\\/ipautomationinc.com\\\/?s={search_term_string}\"},\"query-input\":{\"@type\":\"PropertyValueSpecification\",\"valueRequired\":true,\"valueName\":\"search_term_string\"}}],\"inLanguage\":\"es\"},{\"@type\":\"Organization\",\"@id\":\"https:\\\/\\\/ipautomationinc.com\\\/#organization\",\"name\":\"IP Automation Inc\",\"url\":\"https:\\\/\\\/ipautomationinc.com\\\/\",\"logo\":{\"@type\":\"ImageObject\",\"inLanguage\":\"es\",\"@id\":\"https:\\\/\\\/ipautomationinc.com\\\/#\\\/schema\\\/logo\\\/image\\\/\",\"url\":\"https:\\\/\\\/ipautomationinc.com\\\/wp-content\\\/uploads\\\/2022\\\/05\\\/IPA-Favicon.png\",\"contentUrl\":\"https:\\\/\\\/ipautomationinc.com\\\/wp-content\\\/uploads\\\/2022\\\/05\\\/IPA-Favicon.png\",\"width\":513,\"height\":513,\"caption\":\"IP Automation Inc\"},\"image\":{\"@id\":\"https:\\\/\\\/ipautomationinc.com\\\/#\\\/schema\\\/logo\\\/image\\\/\"},\"sameAs\":[\"https:\\\/\\\/www.facebook.com\\\/ipautomationinc\\\/\",\"https:\\\/\\\/www.linkedin.com\\\/company\\\/ip-automation-inc\\\/\",\"https:\\\/\\\/www.youtube.com\\\/@IPAutomation\"]}]}<\/script>\n<!-- \/ Yoast SEO plugin. -->","yoast_head_json":{"title":"Accesorios | Automatizaci\u00f3n IP Inc.","description":"Descubra todos los accesorios que IP Automation tiene para ofrecer. Desde soldadura hasta procesos de conformado secundario, tenemos una soluci\u00f3n para usted.","robots":{"index":"index","follow":"follow","max-snippet":"max-snippet:-1","max-image-preview":"max-image-preview:large","max-video-preview":"max-video-preview:-1"},"canonical":"https:\/\/ipautomationinc.com\/es\/accesorios\/","og_locale":"es_MX","og_type":"article","og_title":"Accessories | IP Automation Inc","og_description":"Discover all the accessories IP Automation has to offer. From welding to secondary forming processes, we have a solution for you.","og_url":"https:\/\/ipautomationinc.com\/es\/accesorios\/","og_site_name":"IP Automation Inc","article_publisher":"https:\/\/www.facebook.com\/ipautomationinc\/","article_modified_time":"2025-10-31T14:58:01+00:00","og_image":[{"url":"https:\/\/ipautomationinc.com\/wp-content\/uploads\/2022\/06\/machine-options_robot.png#1271","type":"","width":"","height":""}],"schema":{"@context":"https:\/\/schema.org","@graph":[{"@type":"WebPage","@id":"https:\/\/ipautomationinc.com\/accessories\/","url":"https:\/\/ipautomationinc.com\/accessories\/","name":"Accesorios | Automatizaci\u00f3n IP Inc.","isPartOf":{"@id":"https:\/\/ipautomationinc.com\/#website"},"primaryImageOfPage":{"@id":"https:\/\/ipautomationinc.com\/accessories\/#primaryimage"},"image":{"@id":"https:\/\/ipautomationinc.com\/accessories\/#primaryimage"},"thumbnailUrl":"https:\/\/ipautomationinc.com\/wp-content\/uploads\/2022\/06\/machine-options_robot.png#1271","datePublished":"2023-01-17T21:10:56+00:00","dateModified":"2025-10-31T14:58:01+00:00","description":"Descubra todos los accesorios que IP Automation tiene para ofrecer. Desde soldadura hasta procesos de conformado secundario, tenemos una soluci\u00f3n para usted.","inLanguage":"es","potentialAction":[{"@type":"ReadAction","target":["https:\/\/ipautomationinc.com\/accessories\/"]}]},{"@type":"ImageObject","inLanguage":"es","@id":"https:\/\/ipautomationinc.com\/accessories\/#primaryimage","url":"https:\/\/ipautomationinc.com\/wp-content\/uploads\/2022\/06\/machine-options_robot.png#1271","contentUrl":"https:\/\/ipautomationinc.com\/wp-content\/uploads\/2022\/06\/machine-options_robot.png#1271"},{"@type":"WebSite","@id":"https:\/\/ipautomationinc.com\/#website","url":"https:\/\/ipautomationinc.com\/","name":"IP Automation Inc","description":"Concepto... Creaci\u00f3n... Realidad...","publisher":{"@id":"https:\/\/ipautomationinc.com\/#organization"},"potentialAction":[{"@type":"SearchAction","target":{"@type":"EntryPoint","urlTemplate":"https:\/\/ipautomationinc.com\/?s={search_term_string}"},"query-input":{"@type":"PropertyValueSpecification","valueRequired":true,"valueName":"search_term_string"}}],"inLanguage":"es"},{"@type":"Organization","@id":"https:\/\/ipautomationinc.com\/#organization","name":"IP Automation Inc","url":"https:\/\/ipautomationinc.com\/","logo":{"@type":"ImageObject","inLanguage":"es","@id":"https:\/\/ipautomationinc.com\/#\/schema\/logo\/image\/","url":"https:\/\/ipautomationinc.com\/wp-content\/uploads\/2022\/05\/IPA-Favicon.png","contentUrl":"https:\/\/ipautomationinc.com\/wp-content\/uploads\/2022\/05\/IPA-Favicon.png","width":513,"height":513,"caption":"IP Automation Inc"},"image":{"@id":"https:\/\/ipautomationinc.com\/#\/schema\/logo\/image\/"},"sameAs":["https:\/\/www.facebook.com\/ipautomationinc\/","https:\/\/www.linkedin.com\/company\/ip-automation-inc\/","https:\/\/www.youtube.com\/@IPAutomation"]}]}},"_links":{"self":[{"href":"https:\/\/ipautomationinc.com\/es\/wp-json\/wp\/v2\/pages\/7745","targetHints":{"allow":["GET"]}}],"collection":[{"href":"https:\/\/ipautomationinc.com\/es\/wp-json\/wp\/v2\/pages"}],"about":[{"href":"https:\/\/ipautomationinc.com\/es\/wp-json\/wp\/v2\/types\/page"}],"author":[{"embeddable":true,"href":"https:\/\/ipautomationinc.com\/es\/wp-json\/wp\/v2\/users\/3"}],"replies":[{"embeddable":true,"href":"https:\/\/ipautomationinc.com\/es\/wp-json\/wp\/v2\/comments?post=7745"}],"version-history":[{"count":2,"href":"https:\/\/ipautomationinc.com\/es\/wp-json\/wp\/v2\/pages\/7745\/revisions"}],"predecessor-version":[{"id":38517,"href":"https:\/\/ipautomationinc.com\/es\/wp-json\/wp\/v2\/pages\/7745\/revisions\/38517"}],"wp:attachment":[{"href":"https:\/\/ipautomationinc.com\/es\/wp-json\/wp\/v2\/media?parent=7745"}],"curies":[{"name":"Gracias","href":"https:\/\/api.w.org\/{rel}","templated":true}]}}