{"id":4739,"date":"2023-01-17T10:42:03","date_gmt":"2023-01-17T16:42:03","guid":{"rendered":"https:\/\/ipautomationinc.com\/?page_id=4739"},"modified":"2025-09-10T15:42:08","modified_gmt":"2025-09-10T20:42:08","slug":"centro-de-mecanizado","status":"publish","type":"page","link":"https:\/\/ipautomationinc.com\/es\/accessories\/machining-center\/","title":{"rendered":"Centro de mecanizado iFM"},"content":{"rendered":"<h6 class=\"wp-block-heading\">Centro de mecanizado de forma de alambre serie iFM. <strong>El iFM-10-4 y el iFM-13-4 son un avance innovador para operaciones secundarias de formaci\u00f3n de alambre como biselado, reducci\u00f3n de di\u00e1metro, roscado, fresado y taladrado transversal.<\/strong>. El iFM, el primero de su tipo, est\u00e1 dise\u00f1ado para una integraci\u00f3n rob\u00f3tica perfecta con nuestra l\u00ednea de m\u00e1quinas dobladoras de alambre CNC y es totalmente programable para adaptarse a una amplia gama de desaf\u00edos.<\/h6>\n\n\n\n<p><span class=\"builder2seo\"><\/span>&lt; back to accessories<br><a href=\"https:\/\/ipautomationinc.com\/es\/accesorios\/\">https:\/\/ipautomationinc.com\/accessories\/<\/a><br>#949494<br><br>Centro de mecanizado de formas de alambre de la serie iFM<br><br><img decoding=\"async\" src=\"https:\/\/ipautomationinc.com\/wp-content\/uploads\/2023\/11\/ifm-with-robot.png#35419\" alt=\"ifm with robot\"><br><br><h4>El iFM-10-4 y el iFM-13-4 son un avance innovador para operaciones secundarias de forma de alambre como biselado, reducci\u00f3n de di\u00e1metro, roscado, fresado y perforaci\u00f3n transversal.<\/h4><br><br><h4>El iFM, el primero de su tipo, est\u00e1 dise\u00f1ado para una integraci\u00f3n rob\u00f3tica perfecta con nuestra l\u00ednea de m\u00e1quinas dobladoras de alambre CNC y es totalmente programable para adaptarse a una amplia gama de desaf\u00edos.<\/h4><br><br>5893,5890,5889,6045,6046,6047<br>#0455B3<br>3px 3px 3px 3px<br><br>Haga clic aqu\u00ed para ver el folleto en PDF<br><a href=\"https:\/\/ipautomationinc.com\/wp-content\/uploads\/2025\/09\/2025-iFM-Flyer.pdf\">https:\/\/ipautomationinc.com\/wp-content\/uploads\/2025\/09\/2025-iFM-Flyer.pdf<\/a><br>fas fa-archivo-pdf<br>tema_boton<br>https:\/\/ipautomationinc.com\/wp-content\/uploads\/2025\/09\/2025-iFM-Flyer.pdf<br><br><br>Medios de comunicaci\u00f3n<br><br><br>567,6218,6219,602<br>medio<br>#0455B3<br>3px 3px 3px 3px<br><br><br>Caracter\u00edsticas<br><br>Caracter\u00edsticas clave<br>Detalles<br>Dise\u00f1o de la m\u00e1quina<br><br><br>Centro de mecanizado de 2 ejes con 3er eje opcional<br><br>4 husillos para un funcionamiento eficiente<br><br>Biselar, tornear, roscar, fresar o taladrar, todo en una sola m\u00e1quina<br><br>Panel HMI con pantalla t\u00e1ctil de 10\u2033 (25,4 cm) y carcasa. M\u00faltiples opciones de montaje al alcance del cord\u00f3n umbilical<br><br>Puertas de acceso correderas autom\u00e1ticas<br><br><br>La sujeci\u00f3n neum\u00e1tica autom\u00e1tica asegura o libera las piezas a medida que el robot las coloca. El dise\u00f1o de 4 husillos permite a los usuarios cambiar r\u00e1pidamente las herramientas con portaherramientas est\u00e1ndar. Un programa asistente en un gabinete HMI montado remotamente proporciona control de nivel CNC con opciones de men\u00fa simplificadas. La opci\u00f3n de 3 ejes brinda la capacidad de interpolar alrededor del extremo para formas fresadas y perfiles especiales.<br><br><br><br><br><br>La refinada simplicidad de nuestras herramientas de extremo de brazo de robot inteligente y nuestro formato de programaci\u00f3n hacen que sea f\u00e1cil de programar y configurar con una capacitaci\u00f3n m\u00ednima.<br><br><br><br><br><br>Los usuarios pueden reducir los costos de mano de obra secundaria a casi cero, eliminar WIP y crear una c\u00e9lula eficiente completamente automatizada que era solo un sue\u00f1o en el pasado.<br><div class=\"image_frame image_item scale-with-grid element_classes no_border hover-disable mfn-img-box\"  role=\"link\" aria-label=\"Imagen con enlaces\" tabindex=\"0\"><div class=\"image_wrapper\"><a href=\"https:\/\/ipautomationinc.com\/wp-content\/uploads\/2023\/01\/ifm-cell-layout-1.jpg\" rel=\"prettyphoto\"   class=\"\"  tabindex=\"-1\" title=\"\"><div class=\"mask\"><\/div><img decoding=\"async\" class=\"scale-with-grid\" src=\"https:\/\/ipautomationinc.com\/wp-content\/uploads\/2023\/01\/ifm-cell-layout-1.jpg\" fetchpriority=\"high\" alt=\"dise\u00f1o de celda ifm\" title=\"\" width=\"350\" height=\"584\" style=\"\"\/><\/a><div class=\"image_links\"><a href=\"https:\/\/ipautomationinc.com\/wp-content\/uploads\/2023\/01\/ifm-cell-layout-1.jpg\" class=\"zoom\" rel=\"prettyphoto\" tabindex=\"-1\" aria-label=\"ampliar imagen\" title=\"\"><svg viewbox=\"0 0 26 26\"><defs><style>.path{fill:none;stroke:#333;stroke-miterlimit:10;stroke-width:1.5px;}<\/style><\/defs><circle cx=\"11.35\" cy=\"11.35\" r=\"6\" class=\"path\"\/><line x1=\"15.59\" y1=\"15.59\" x2=\"20.65\" y2=\"20.65\" class=\"path\"\/><\/svg><\/a><\/div><\/div><\/div>\n<br><br><br><br><div class=\"image_frame image_item scale-with-grid element_classes no_border hover-disable mfn-img-box\"  role=\"link\" aria-label=\"Imagen con enlaces\" tabindex=\"0\"><div class=\"image_wrapper\"><a href=\"https:\/\/ipautomationinc.com\/wp-content\/uploads\/2022\/12\/Layer-4.jpg\" rel=\"prettyphoto\"   class=\"\"  tabindex=\"-1\" title=\"\"><div class=\"mask\"><\/div><img decoding=\"async\" class=\"scale-with-grid\" src=\"https:\/\/ipautomationinc.com\/wp-content\/uploads\/2022\/12\/Layer-4.jpg\" fetchpriority=\"high\" alt=\"Capa 4\" title=\"\" width=\"140\" height=\"506\" style=\"\"\/><\/a><div class=\"image_links\"><a href=\"https:\/\/ipautomationinc.com\/wp-content\/uploads\/2022\/12\/Layer-4.jpg\" class=\"zoom\" rel=\"prettyphoto\" tabindex=\"-1\" aria-label=\"ampliar imagen\" title=\"\"><svg viewbox=\"0 0 26 26\"><defs><style>.path{fill:none;stroke:#333;stroke-miterlimit:10;stroke-width:1.5px;}<\/style><\/defs><circle cx=\"11.35\" cy=\"11.35\" r=\"6\" class=\"path\"\/><line x1=\"15.59\" y1=\"15.59\" x2=\"20.65\" y2=\"20.65\" class=\"path\"\/><\/svg><\/a><\/div><\/div><\/div>\n<br><br><br><br><div class=\"image_frame image_item scale-with-grid element_classes no_border hover-disable mfn-img-box\"  role=\"link\" aria-label=\"Imagen con enlaces\" tabindex=\"0\"><div class=\"image_wrapper\"><a href=\"https:\/\/ipautomationinc.com\/wp-content\/uploads\/2023\/01\/ifm6-measurements.jpg\" rel=\"prettyphoto\"   class=\"\"  tabindex=\"-1\" title=\"\"><div class=\"mask\"><\/div><img decoding=\"async\" class=\"scale-with-grid\" src=\"https:\/\/ipautomationinc.com\/wp-content\/uploads\/2023\/01\/ifm6-measurements.jpg\" fetchpriority=\"high\" alt=\"medidas ifm6\" title=\"\" width=\"200\" height=\"408\" style=\"\"\/><\/a><div class=\"image_links\"><a href=\"https:\/\/ipautomationinc.com\/wp-content\/uploads\/2023\/01\/ifm6-measurements.jpg\" class=\"zoom\" rel=\"prettyphoto\" tabindex=\"-1\" aria-label=\"ampliar imagen\" title=\"\"><svg viewbox=\"0 0 26 26\"><defs><style>.path{fill:none;stroke:#333;stroke-miterlimit:10;stroke-width:1.5px;}<\/style><\/defs><circle cx=\"11.35\" cy=\"11.35\" r=\"6\" class=\"path\"\/><line x1=\"15.59\" y1=\"15.59\" x2=\"20.65\" y2=\"20.65\" class=\"path\"\/><\/svg><\/a><\/div><\/div><\/div>\n<br><br><br><br><div class=\"image_frame image_item scale-with-grid element_classes no_border hover-disable mfn-img-box\"  role=\"link\" aria-label=\"Imagen con enlaces\" tabindex=\"0\"><div class=\"image_wrapper\"><a href=\"https:\/\/ipautomationinc.com\/wp-content\/uploads\/2022\/12\/Layer-8.jpg\" rel=\"prettyphoto\"   class=\"\"  tabindex=\"-1\" title=\"\"><div class=\"mask\"><\/div><img decoding=\"async\" class=\"scale-with-grid\" src=\"https:\/\/ipautomationinc.com\/wp-content\/uploads\/2022\/12\/Layer-8.jpg\" fetchpriority=\"high\" alt=\"Capa 8\" title=\"\" width=\"140\" height=\"460\" style=\"\"\/><\/a><div class=\"image_links\"><a href=\"https:\/\/ipautomationinc.com\/wp-content\/uploads\/2022\/12\/Layer-8.jpg\" class=\"zoom\" rel=\"prettyphoto\" tabindex=\"-1\" aria-label=\"ampliar imagen\" title=\"\"><svg viewbox=\"0 0 26 26\"><defs><style>.path{fill:none;stroke:#333;stroke-miterlimit:10;stroke-width:1.5px;}<\/style><\/defs><circle cx=\"11.35\" cy=\"11.35\" r=\"6\" class=\"path\"\/><line x1=\"15.59\" y1=\"15.59\" x2=\"20.65\" y2=\"20.65\" class=\"path\"\/><\/svg><\/a><\/div><\/div><\/div>\n<br><br><br><br><div class=\"image_frame image_item scale-with-grid element_classes no_border hover-disable mfn-img-box\"  role=\"link\" aria-label=\"Imagen con enlaces\" tabindex=\"0\"><div class=\"image_wrapper\"><a href=\"https:\/\/ipautomationinc.com\/wp-content\/uploads\/2022\/12\/Layer-10.jpg\" rel=\"prettyphoto\"   class=\"\"  tabindex=\"-1\" title=\"\"><div class=\"mask\"><\/div><img decoding=\"async\" class=\"scale-with-grid\" src=\"https:\/\/ipautomationinc.com\/wp-content\/uploads\/2022\/12\/Layer-10.jpg\" fetchpriority=\"high\" alt=\"Capa 10\" title=\"\" width=\"140\" height=\"408\" style=\"\"\/><\/a><div class=\"image_links\"><a href=\"https:\/\/ipautomationinc.com\/wp-content\/uploads\/2022\/12\/Layer-10.jpg\" class=\"zoom\" rel=\"prettyphoto\" tabindex=\"-1\" aria-label=\"ampliar imagen\" title=\"\"><svg viewbox=\"0 0 26 26\"><defs><style>.path{fill:none;stroke:#333;stroke-miterlimit:10;stroke-width:1.5px;}<\/style><\/defs><circle cx=\"11.35\" cy=\"11.35\" r=\"6\" class=\"path\"\/><line x1=\"15.59\" y1=\"15.59\" x2=\"20.65\" y2=\"20.65\" class=\"path\"\/><\/svg><\/a><\/div><\/div><\/div>\n<br>#EBEBEB<br>#222222<br><br><br>Especificaciones<br><br><br><br><\/p>","protected":false},"excerpt":{"rendered":"<p>iFM Series Wire Form Machining Center. The iFM-10-4, and iFM-13-4 are an innovative breakthrough for wire form secondary operations like<span class=\"excerpt-hellip\"> [\u2026]<\/span><\/p>\n","protected":false},"author":3,"featured_media":0,"parent":7745,"menu_order":0,"comment_status":"closed","ping_status":"closed","template":"","meta":{"footnotes":""},"class_list":["post-4739","page","type-page","status-publish","hentry"],"yoast_head":"<!-- This site is optimized with the Yoast SEO plugin v27.3 - https:\/\/yoast.com\/product\/yoast-seo-wordpress\/ -->\n<title>iFM Machining Center | IP Automation Inc<\/title>\n<meta name=\"description\" content=\"The iFM machining center is an innovative breakthrough for wire form secondary operations like chamfering, threading, and more.\" \/>\n<meta name=\"robots\" content=\"index, follow, max-snippet:-1, max-image-preview:large, max-video-preview:-1\" \/>\n<link rel=\"canonical\" href=\"https:\/\/ipautomationinc.com\/es\/accesorios\/centro-de-mecanizado\/\" \/>\n<meta property=\"og:locale\" content=\"es_MX\" \/>\n<meta property=\"og:type\" content=\"article\" \/>\n<meta property=\"og:title\" content=\"iFM Machining Center | IP Automation Inc\" \/>\n<meta property=\"og:description\" content=\"The iFM machining center is an innovative breakthrough for wire form secondary operations like chamfering, threading, and more.\" \/>\n<meta property=\"og:url\" content=\"https:\/\/ipautomationinc.com\/es\/accesorios\/centro-de-mecanizado\/\" \/>\n<meta property=\"og:site_name\" content=\"IP Automation Inc\" \/>\n<meta property=\"article:publisher\" content=\"https:\/\/www.facebook.com\/ipautomationinc\/\" \/>\n<meta property=\"article:modified_time\" content=\"2025-09-10T20:42:08+00:00\" \/>\n<meta property=\"og:image\" content=\"https:\/\/ipautomationinc.com\/wp-content\/uploads\/2023\/11\/ifm-with-robot.png#35419\" \/>\n<script type=\"application\/ld+json\" class=\"yoast-schema-graph\">{\"@context\":\"https:\\\/\\\/schema.org\",\"@graph\":[{\"@type\":\"WebPage\",\"@id\":\"https:\\\/\\\/ipautomationinc.com\\\/accessories\\\/machining-center\\\/\",\"url\":\"https:\\\/\\\/ipautomationinc.com\\\/accessories\\\/machining-center\\\/\",\"name\":\"iFM Machining Center | IP Automation Inc\",\"isPartOf\":{\"@id\":\"https:\\\/\\\/ipautomationinc.com\\\/#website\"},\"primaryImageOfPage\":{\"@id\":\"https:\\\/\\\/ipautomationinc.com\\\/accessories\\\/machining-center\\\/#primaryimage\"},\"image\":{\"@id\":\"https:\\\/\\\/ipautomationinc.com\\\/accessories\\\/machining-center\\\/#primaryimage\"},\"thumbnailUrl\":\"https:\\\/\\\/ipautomationinc.com\\\/wp-content\\\/uploads\\\/2023\\\/11\\\/ifm-with-robot.png#35419\",\"datePublished\":\"2023-01-17T16:42:03+00:00\",\"dateModified\":\"2025-09-10T20:42:08+00:00\",\"description\":\"The iFM machining center is an innovative breakthrough for wire form secondary operations like chamfering, threading, and more.\",\"breadcrumb\":{\"@id\":\"https:\\\/\\\/ipautomationinc.com\\\/accessories\\\/machining-center\\\/#breadcrumb\"},\"inLanguage\":\"es\",\"potentialAction\":[{\"@type\":\"ReadAction\",\"target\":[\"https:\\\/\\\/ipautomationinc.com\\\/accessories\\\/machining-center\\\/\"]}]},{\"@type\":\"ImageObject\",\"inLanguage\":\"es\",\"@id\":\"https:\\\/\\\/ipautomationinc.com\\\/accessories\\\/machining-center\\\/#primaryimage\",\"url\":\"https:\\\/\\\/ipautomationinc.com\\\/wp-content\\\/uploads\\\/2023\\\/11\\\/ifm-with-robot.png#35419\",\"contentUrl\":\"https:\\\/\\\/ipautomationinc.com\\\/wp-content\\\/uploads\\\/2023\\\/11\\\/ifm-with-robot.png#35419\"},{\"@type\":\"BreadcrumbList\",\"@id\":\"https:\\\/\\\/ipautomationinc.com\\\/accessories\\\/machining-center\\\/#breadcrumb\",\"itemListElement\":[{\"@type\":\"ListItem\",\"position\":1,\"name\":\"Accessories\",\"item\":\"https:\\\/\\\/ipautomationinc.com\\\/accessories\\\/\"},{\"@type\":\"ListItem\",\"position\":2,\"name\":\"iFM Machining Center\"}]},{\"@type\":\"WebSite\",\"@id\":\"https:\\\/\\\/ipautomationinc.com\\\/#website\",\"url\":\"https:\\\/\\\/ipautomationinc.com\\\/\",\"name\":\"IP Automation Inc\",\"description\":\"Concept... Creation... Reality...\",\"publisher\":{\"@id\":\"https:\\\/\\\/ipautomationinc.com\\\/#organization\"},\"potentialAction\":[{\"@type\":\"SearchAction\",\"target\":{\"@type\":\"EntryPoint\",\"urlTemplate\":\"https:\\\/\\\/ipautomationinc.com\\\/?s={search_term_string}\"},\"query-input\":{\"@type\":\"PropertyValueSpecification\",\"valueRequired\":true,\"valueName\":\"search_term_string\"}}],\"inLanguage\":\"es\"},{\"@type\":\"Organization\",\"@id\":\"https:\\\/\\\/ipautomationinc.com\\\/#organization\",\"name\":\"IP Automation Inc\",\"url\":\"https:\\\/\\\/ipautomationinc.com\\\/\",\"logo\":{\"@type\":\"ImageObject\",\"inLanguage\":\"es\",\"@id\":\"https:\\\/\\\/ipautomationinc.com\\\/#\\\/schema\\\/logo\\\/image\\\/\",\"url\":\"https:\\\/\\\/ipautomationinc.com\\\/wp-content\\\/uploads\\\/2022\\\/05\\\/IPA-Favicon.png\",\"contentUrl\":\"https:\\\/\\\/ipautomationinc.com\\\/wp-content\\\/uploads\\\/2022\\\/05\\\/IPA-Favicon.png\",\"width\":513,\"height\":513,\"caption\":\"IP Automation Inc\"},\"image\":{\"@id\":\"https:\\\/\\\/ipautomationinc.com\\\/#\\\/schema\\\/logo\\\/image\\\/\"},\"sameAs\":[\"https:\\\/\\\/www.facebook.com\\\/ipautomationinc\\\/\",\"https:\\\/\\\/www.linkedin.com\\\/company\\\/ip-automation-inc\\\/\",\"https:\\\/\\\/www.youtube.com\\\/@IPAutomation\"]}]}<\/script>\n<!-- \/ Yoast SEO plugin. -->","yoast_head_json":{"title":"Centro de mecanizado iFM | Automatizaci\u00f3n IP Inc.","description":"El centro de mecanizado iFM es un avance innovador para operaciones secundarias de forma de alambre como biselado, roscado y m\u00e1s.","robots":{"index":"index","follow":"follow","max-snippet":"max-snippet:-1","max-image-preview":"max-image-preview:large","max-video-preview":"max-video-preview:-1"},"canonical":"https:\/\/ipautomationinc.com\/es\/accesorios\/centro-de-mecanizado\/","og_locale":"es_MX","og_type":"article","og_title":"iFM Machining Center | IP Automation Inc","og_description":"The iFM machining center is an innovative breakthrough for wire form secondary operations like chamfering, threading, and more.","og_url":"https:\/\/ipautomationinc.com\/es\/accesorios\/centro-de-mecanizado\/","og_site_name":"IP Automation Inc","article_publisher":"https:\/\/www.facebook.com\/ipautomationinc\/","article_modified_time":"2025-09-10T20:42:08+00:00","og_image":[{"url":"https:\/\/ipautomationinc.com\/wp-content\/uploads\/2023\/11\/ifm-with-robot.png#35419","type":"","width":"","height":""}],"schema":{"@context":"https:\/\/schema.org","@graph":[{"@type":"WebPage","@id":"https:\/\/ipautomationinc.com\/accessories\/machining-center\/","url":"https:\/\/ipautomationinc.com\/accessories\/machining-center\/","name":"Centro de mecanizado iFM | Automatizaci\u00f3n IP Inc.","isPartOf":{"@id":"https:\/\/ipautomationinc.com\/#website"},"primaryImageOfPage":{"@id":"https:\/\/ipautomationinc.com\/accessories\/machining-center\/#primaryimage"},"image":{"@id":"https:\/\/ipautomationinc.com\/accessories\/machining-center\/#primaryimage"},"thumbnailUrl":"https:\/\/ipautomationinc.com\/wp-content\/uploads\/2023\/11\/ifm-with-robot.png#35419","datePublished":"2023-01-17T16:42:03+00:00","dateModified":"2025-09-10T20:42:08+00:00","description":"El centro de mecanizado iFM es un avance innovador para operaciones secundarias de forma de alambre como biselado, roscado y m\u00e1s.","breadcrumb":{"@id":"https:\/\/ipautomationinc.com\/accessories\/machining-center\/#breadcrumb"},"inLanguage":"es","potentialAction":[{"@type":"ReadAction","target":["https:\/\/ipautomationinc.com\/accessories\/machining-center\/"]}]},{"@type":"ImageObject","inLanguage":"es","@id":"https:\/\/ipautomationinc.com\/accessories\/machining-center\/#primaryimage","url":"https:\/\/ipautomationinc.com\/wp-content\/uploads\/2023\/11\/ifm-with-robot.png#35419","contentUrl":"https:\/\/ipautomationinc.com\/wp-content\/uploads\/2023\/11\/ifm-with-robot.png#35419"},{"@type":"BreadcrumbList","@id":"https:\/\/ipautomationinc.com\/accessories\/machining-center\/#breadcrumb","itemListElement":[{"@type":"ListItem","position":1,"name":"Accessories","item":"https:\/\/ipautomationinc.com\/accessories\/"},{"@type":"ListItem","position":2,"name":"iFM Machining Center"}]},{"@type":"WebSite","@id":"https:\/\/ipautomationinc.com\/#website","url":"https:\/\/ipautomationinc.com\/","name":"IP Automation Inc","description":"Concepto... Creaci\u00f3n... Realidad...","publisher":{"@id":"https:\/\/ipautomationinc.com\/#organization"},"potentialAction":[{"@type":"SearchAction","target":{"@type":"EntryPoint","urlTemplate":"https:\/\/ipautomationinc.com\/?s={search_term_string}"},"query-input":{"@type":"PropertyValueSpecification","valueRequired":true,"valueName":"search_term_string"}}],"inLanguage":"es"},{"@type":"Organization","@id":"https:\/\/ipautomationinc.com\/#organization","name":"IP Automation Inc","url":"https:\/\/ipautomationinc.com\/","logo":{"@type":"ImageObject","inLanguage":"es","@id":"https:\/\/ipautomationinc.com\/#\/schema\/logo\/image\/","url":"https:\/\/ipautomationinc.com\/wp-content\/uploads\/2022\/05\/IPA-Favicon.png","contentUrl":"https:\/\/ipautomationinc.com\/wp-content\/uploads\/2022\/05\/IPA-Favicon.png","width":513,"height":513,"caption":"IP Automation Inc"},"image":{"@id":"https:\/\/ipautomationinc.com\/#\/schema\/logo\/image\/"},"sameAs":["https:\/\/www.facebook.com\/ipautomationinc\/","https:\/\/www.linkedin.com\/company\/ip-automation-inc\/","https:\/\/www.youtube.com\/@IPAutomation"]}]}},"_links":{"self":[{"href":"https:\/\/ipautomationinc.com\/es\/wp-json\/wp\/v2\/pages\/4739","targetHints":{"allow":["GET"]}}],"collection":[{"href":"https:\/\/ipautomationinc.com\/es\/wp-json\/wp\/v2\/pages"}],"about":[{"href":"https:\/\/ipautomationinc.com\/es\/wp-json\/wp\/v2\/types\/page"}],"author":[{"embeddable":true,"href":"https:\/\/ipautomationinc.com\/es\/wp-json\/wp\/v2\/users\/3"}],"replies":[{"embeddable":true,"href":"https:\/\/ipautomationinc.com\/es\/wp-json\/wp\/v2\/comments?post=4739"}],"version-history":[{"count":2,"href":"https:\/\/ipautomationinc.com\/es\/wp-json\/wp\/v2\/pages\/4739\/revisions"}],"predecessor-version":[{"id":38202,"href":"https:\/\/ipautomationinc.com\/es\/wp-json\/wp\/v2\/pages\/4739\/revisions\/38202"}],"up":[{"embeddable":true,"href":"https:\/\/ipautomationinc.com\/es\/wp-json\/wp\/v2\/pages\/7745"}],"wp:attachment":[{"href":"https:\/\/ipautomationinc.com\/es\/wp-json\/wp\/v2\/media?parent=4739"}],"curies":[{"name":"Gracias","href":"https:\/\/api.w.org\/{rel}","templated":true}]}}