{"id":43,"date":"2015-06-25T18:52:20","date_gmt":"2015-06-25T23:52:20","guid":{"rendered":"http:\/\/themes.muffingroup.com\/be\/agro\/?page_id=43"},"modified":"2026-03-17T12:47:32","modified_gmt":"2026-03-17T17:47:32","slug":"contactenos","status":"publish","type":"page","link":"https:\/\/ipautomationinc.com\/es\/contact-us\/","title":{"rendered":"Cont\u00e1ctenos"},"content":{"rendered":"<p>Contact us at (630)-646-1215. Email us at sales@ipautomationinc.com. We are located at 400 E Fullerton Ave, Carol Stream, IL, 60188. Check us out on social media on LinkedIn and Youtube.<\/p>\n\n\n\n<p><span class=\"builder2seo\"><\/span>Llamar<br><h5>(630)-656-1215<\/h5><h5><br>fas fa-tel\u00e9fono-alt<br><a href=\"tel:6306561215\">tel:6306561215<\/a><br><br>Ubicaci\u00f3n<br><\/h5><h5>Sede:<br><br>400 E Fullerton Avenue, Carol Stream, IL 60188<\/h5><h5><br>fas fa-mapa-marcado-alt<br><a href=\"https:\/\/maps.app.goo.gl\/r8EGtHrJRTfDAjf8A\">https:\/\/maps.app.goo.gl\/r8EGtHrJRTfDAjf8A<\/a><br><br>Correo electr\u00f3nico<br><\/h5><h5>sales@ipautomationinc.com<\/h5><h5><br>icono-correo electr\u00f3nico<br><a href=\"mailto:sales@ipautomationinc.com\">mailto:sales@ipautomationinc.com<\/a><br><br>Apoyo:<br><br><br><br>support@ipautomationinc.com<br><a href=\"mailto:support@ipautomationinc.com\">mailto:support@ipautomationinc.com<\/a><br><br>Contabilidad:<br><br><br><br>ap@ipautomationinc.com<br><a href=\"mailto:ap@ipautomationinc.com\">mailto:ap@ipautomationinc.com<\/a><br><br>Representantes de ventas<br><\/h5><h5>Encuentre un representante de ventas cerca de usted<\/h5><h5><br>icono-globo<br><a href=\"https:\/\/ipautomationinc.com\/es\/representantes-de-ventas\/\">https:\/\/ipautomationinc.com\/sales-representatives\/<\/a><br><br><br><br>Complete el formulario de contacto para cotizaciones, servicios o preguntas generales.<br><br><p class=\"wpcf7-contact-form-not-found\"><strong>Error:<\/strong> No se encontr\u00f3 ning\u00fan formulario de contacto.<\/p><br>Formulario de contacto<br>sin repetici\u00f3n;centro superior;;<br>auto<br><br>Para asistencia inmediata, ll\u00e1menos \u2013 (630)-656-1215<br><a href=\"tel:6306561215\">tel:6306561215<\/a><br><br><br>Vis\u00edtanos en las Redes Sociales<br><br>YouTube<br>icono-youtube<br><a href=\"https:\/\/www.youtube.com\/@IPAutomation\">https:\/\/www.youtube.com\/@IPAutomation<\/a><br><br>LinkedIn<br>icono-linkedin<br><a href=\"https:\/\/www.linkedin.com\/company\/ip-automation-inc\/\">https:\/\/www.linkedin.com\/company\/ip-automation-inc\/<\/a><br><br><\/h5><\/p>","protected":false},"excerpt":{"rendered":"<p>Contact us at (630)-646-1215. Email us at sales@ipautomationinc.com. We are located at 400 E Fullerton Ave, Carol Stream, IL, 60188.<span class=\"excerpt-hellip\"> [\u2026]<\/span><\/p>\n","protected":false},"author":3,"featured_media":0,"parent":0,"menu_order":0,"comment_status":"open","ping_status":"closed","template":"","meta":{"footnotes":""},"class_list":["post-43","page","type-page","status-publish","hentry"],"yoast_head":"<!-- This site is optimized with the Yoast SEO plugin v27.3 - https:\/\/yoast.com\/product\/yoast-seo-wordpress\/ -->\n<title>Contact Us | IP Automation Inc<\/title>\n<meta name=\"description\" content=\"IP Automation Inc designs and manufactures a wide line of high-performance CNC wire benders. Contact us for more information.\" \/>\n<meta name=\"robots\" content=\"index, follow, max-snippet:-1, max-image-preview:large, max-video-preview:-1\" \/>\n<link rel=\"canonical\" href=\"https:\/\/ipautomationinc.com\/es\/contactenos\/\" \/>\n<meta property=\"og:locale\" content=\"es_MX\" \/>\n<meta property=\"og:type\" content=\"article\" \/>\n<meta property=\"og:title\" content=\"Contact Us | IP Automation Inc\" \/>\n<meta property=\"og:description\" content=\"IP Automation Inc designs and manufactures a wide line of high-performance CNC wire benders. Contact us for more information.\" \/>\n<meta property=\"og:url\" content=\"https:\/\/ipautomationinc.com\/es\/contactenos\/\" \/>\n<meta property=\"og:site_name\" content=\"IP Automation Inc\" \/>\n<meta property=\"article:publisher\" content=\"https:\/\/www.facebook.com\/ipautomationinc\/\" \/>\n<meta property=\"article:modified_time\" content=\"2026-03-17T17:47:32+00:00\" \/>\n<script type=\"application\/ld+json\" class=\"yoast-schema-graph\">{\"@context\":\"https:\\\/\\\/schema.org\",\"@graph\":[{\"@type\":\"WebPage\",\"@id\":\"https:\\\/\\\/ipautomationinc.com\\\/contact-us\\\/\",\"url\":\"https:\\\/\\\/ipautomationinc.com\\\/contact-us\\\/\",\"name\":\"Contact Us | IP Automation Inc\",\"isPartOf\":{\"@id\":\"https:\\\/\\\/ipautomationinc.com\\\/#website\"},\"datePublished\":\"2015-06-25T23:52:20+00:00\",\"dateModified\":\"2026-03-17T17:47:32+00:00\",\"description\":\"IP Automation Inc designs and manufactures a wide line of high-performance CNC wire benders. Contact us for more information.\",\"inLanguage\":\"es\",\"potentialAction\":[{\"@type\":\"ReadAction\",\"target\":[\"https:\\\/\\\/ipautomationinc.com\\\/contact-us\\\/\"]}]},{\"@type\":\"WebSite\",\"@id\":\"https:\\\/\\\/ipautomationinc.com\\\/#website\",\"url\":\"https:\\\/\\\/ipautomationinc.com\\\/\",\"name\":\"IP Automation Inc\",\"description\":\"Concept... Creation... Reality...\",\"publisher\":{\"@id\":\"https:\\\/\\\/ipautomationinc.com\\\/#organization\"},\"potentialAction\":[{\"@type\":\"SearchAction\",\"target\":{\"@type\":\"EntryPoint\",\"urlTemplate\":\"https:\\\/\\\/ipautomationinc.com\\\/?s={search_term_string}\"},\"query-input\":{\"@type\":\"PropertyValueSpecification\",\"valueRequired\":true,\"valueName\":\"search_term_string\"}}],\"inLanguage\":\"es\"},{\"@type\":\"Organization\",\"@id\":\"https:\\\/\\\/ipautomationinc.com\\\/#organization\",\"name\":\"IP Automation Inc\",\"url\":\"https:\\\/\\\/ipautomationinc.com\\\/\",\"logo\":{\"@type\":\"ImageObject\",\"inLanguage\":\"es\",\"@id\":\"https:\\\/\\\/ipautomationinc.com\\\/#\\\/schema\\\/logo\\\/image\\\/\",\"url\":\"https:\\\/\\\/ipautomationinc.com\\\/wp-content\\\/uploads\\\/2022\\\/05\\\/IPA-Favicon.png\",\"contentUrl\":\"https:\\\/\\\/ipautomationinc.com\\\/wp-content\\\/uploads\\\/2022\\\/05\\\/IPA-Favicon.png\",\"width\":513,\"height\":513,\"caption\":\"IP Automation Inc\"},\"image\":{\"@id\":\"https:\\\/\\\/ipautomationinc.com\\\/#\\\/schema\\\/logo\\\/image\\\/\"},\"sameAs\":[\"https:\\\/\\\/www.facebook.com\\\/ipautomationinc\\\/\",\"https:\\\/\\\/www.linkedin.com\\\/company\\\/ip-automation-inc\\\/\",\"https:\\\/\\\/www.youtube.com\\\/@IPAutomation\"]}]}<\/script>\n<!-- \/ Yoast SEO plugin. -->","yoast_head_json":{"title":"Cont\u00e1ctenos | Automatizaci\u00f3n IP Inc.","description":"IP Automation Inc dise\u00f1a y fabrica una amplia l\u00ednea de dobladoras de alambre CNC de alto rendimiento. Cont\u00e1ctenos para m\u00e1s informaci\u00f3n.","robots":{"index":"index","follow":"follow","max-snippet":"max-snippet:-1","max-image-preview":"max-image-preview:large","max-video-preview":"max-video-preview:-1"},"canonical":"https:\/\/ipautomationinc.com\/es\/contactenos\/","og_locale":"es_MX","og_type":"article","og_title":"Contact Us | IP Automation Inc","og_description":"IP Automation Inc designs and manufactures a wide line of high-performance CNC wire benders. Contact us for more information.","og_url":"https:\/\/ipautomationinc.com\/es\/contactenos\/","og_site_name":"IP Automation Inc","article_publisher":"https:\/\/www.facebook.com\/ipautomationinc\/","article_modified_time":"2026-03-17T17:47:32+00:00","schema":{"@context":"https:\/\/schema.org","@graph":[{"@type":"WebPage","@id":"https:\/\/ipautomationinc.com\/contact-us\/","url":"https:\/\/ipautomationinc.com\/contact-us\/","name":"Cont\u00e1ctenos | Automatizaci\u00f3n IP Inc.","isPartOf":{"@id":"https:\/\/ipautomationinc.com\/#website"},"datePublished":"2015-06-25T23:52:20+00:00","dateModified":"2026-03-17T17:47:32+00:00","description":"IP Automation Inc dise\u00f1a y fabrica una amplia l\u00ednea de dobladoras de alambre CNC de alto rendimiento. Cont\u00e1ctenos para m\u00e1s informaci\u00f3n.","inLanguage":"es","potentialAction":[{"@type":"ReadAction","target":["https:\/\/ipautomationinc.com\/contact-us\/"]}]},{"@type":"WebSite","@id":"https:\/\/ipautomationinc.com\/#website","url":"https:\/\/ipautomationinc.com\/","name":"IP Automation Inc","description":"Concepto... Creaci\u00f3n... Realidad...","publisher":{"@id":"https:\/\/ipautomationinc.com\/#organization"},"potentialAction":[{"@type":"SearchAction","target":{"@type":"EntryPoint","urlTemplate":"https:\/\/ipautomationinc.com\/?s={search_term_string}"},"query-input":{"@type":"PropertyValueSpecification","valueRequired":true,"valueName":"search_term_string"}}],"inLanguage":"es"},{"@type":"Organization","@id":"https:\/\/ipautomationinc.com\/#organization","name":"IP Automation Inc","url":"https:\/\/ipautomationinc.com\/","logo":{"@type":"ImageObject","inLanguage":"es","@id":"https:\/\/ipautomationinc.com\/#\/schema\/logo\/image\/","url":"https:\/\/ipautomationinc.com\/wp-content\/uploads\/2022\/05\/IPA-Favicon.png","contentUrl":"https:\/\/ipautomationinc.com\/wp-content\/uploads\/2022\/05\/IPA-Favicon.png","width":513,"height":513,"caption":"IP Automation Inc"},"image":{"@id":"https:\/\/ipautomationinc.com\/#\/schema\/logo\/image\/"},"sameAs":["https:\/\/www.facebook.com\/ipautomationinc\/","https:\/\/www.linkedin.com\/company\/ip-automation-inc\/","https:\/\/www.youtube.com\/@IPAutomation"]}]}},"_links":{"self":[{"href":"https:\/\/ipautomationinc.com\/es\/wp-json\/wp\/v2\/pages\/43","targetHints":{"allow":["GET"]}}],"collection":[{"href":"https:\/\/ipautomationinc.com\/es\/wp-json\/wp\/v2\/pages"}],"about":[{"href":"https:\/\/ipautomationinc.com\/es\/wp-json\/wp\/v2\/types\/page"}],"author":[{"embeddable":true,"href":"https:\/\/ipautomationinc.com\/es\/wp-json\/wp\/v2\/users\/3"}],"replies":[{"embeddable":true,"href":"https:\/\/ipautomationinc.com\/es\/wp-json\/wp\/v2\/comments?post=43"}],"version-history":[{"count":4,"href":"https:\/\/ipautomationinc.com\/es\/wp-json\/wp\/v2\/pages\/43\/revisions"}],"predecessor-version":[{"id":39572,"href":"https:\/\/ipautomationinc.com\/es\/wp-json\/wp\/v2\/pages\/43\/revisions\/39572"}],"wp:attachment":[{"href":"https:\/\/ipautomationinc.com\/es\/wp-json\/wp\/v2\/media?parent=43"}],"curies":[{"name":"Gracias","href":"https:\/\/api.w.org\/{rel}","templated":true}]}}