{"id":428,"date":"2018-06-25T18:30:37","date_gmt":"2018-06-25T23:30:37","guid":{"rendered":"http:\/\/ipautomationinc.com\/?page_id=428"},"modified":"2024-01-09T11:49:29","modified_gmt":"2024-01-09T17:49:29","slug":"industrias-y-capacidades","status":"publish","type":"page","link":"https:\/\/ipautomationinc.com\/es\/industries-and-capabilities\/","title":{"rendered":"Industrias atendidas"},"content":{"rendered":"<h6 class=\"wp-block-heading\"><strong>Formas de cables de automatizaci\u00f3n IP por industria. Automoci\u00f3n, agricultura, c\u00e9sped y jard\u00edn, construcci\u00f3n, venta minorista y exhibici\u00f3n pop, electrodom\u00e9sticos, muebles, motores de horquilla.<\/strong><\/h6>\n\n\n\n<p><h2>Piezas formadas de alambre de automatizaci\u00f3n IP por industria<\/h2>Industrias a las que servimos...<br>centro<br>#ffffff<br>sin repetici\u00f3n;centro superior;;<br>auto<br><br><div class=\"image_frame image_item no_link scale-with-grid element_classes alignnone no_border mfn-img-box\" ><div class=\"image_wrapper\"><img decoding=\"async\" class=\"scale-with-grid\" src=\"\" fetchpriority=\"high\" alt=\"\" title=\"\" width=\"\" height=\"\" style=\"\"\/><\/div><\/div>\n <br><hr class=\"no_line\" style=\"margin: 0 auto 0px auto\"\/>\n <br> <br><h4>Automotor<\/h4>C\u00e9sped y jard\u00edn<br>centro<br>sin repetici\u00f3n;centro superior;;<br>auto<br>0 3% 0 0<br>costumbre<br>250px<br><br><div class=\"image_frame image_item no_link scale-with-grid element_classes alignnone no_border mfn-img-box\" ><div class=\"image_wrapper\"><img decoding=\"async\" class=\"scale-with-grid\" src=\"\" fetchpriority=\"high\" alt=\"\" title=\"\" width=\"\" height=\"\" style=\"\"\/><\/div><\/div>\n <br><hr class=\"no_line\" style=\"margin: 0 auto 0px auto\"\/>\n <br> <br><h4>Agricultura<\/h4>C\u00e9sped y jard\u00edn<br>centro<br>sin repetici\u00f3n;centro superior;;<br>auto<br>0 3% 0 0<br>costumbre<br>250px<br><br><div class=\"image_frame image_item no_link scale-with-grid element_classes alignnone no_border mfn-img-box\" ><div class=\"image_wrapper\"><img decoding=\"async\" class=\"scale-with-grid\" src=\"\" fetchpriority=\"high\" alt=\"\" title=\"\" width=\"\" height=\"\" style=\"\"\/><\/div><\/div>\n <br><hr class=\"no_line\" style=\"margin: 0 auto 0px auto\"\/>\n <br> <br><h4>C\u00e9sped y jard\u00edn<\/h4>C\u00e9sped y jard\u00edn<br>centro<br>sin repetici\u00f3n;centro superior;;<br>auto<br>0 3% 0 0<br>costumbre<br>250px<br><br><div class=\"image_frame image_item no_link scale-with-grid element_classes alignnone no_border mfn-img-box\" ><div class=\"image_wrapper\"><img decoding=\"async\" class=\"scale-with-grid\" src=\"\" fetchpriority=\"high\" alt=\"\" title=\"\" width=\"\" height=\"\" style=\"\"\/><\/div><\/div>\n <br><hr class=\"no_line\" style=\"margin: 0 auto 0px auto\"\/>\n <br> <br><h4>Construcci\u00f3n<\/h4>Construcci\u00f3n<br>centro<br>sin repetici\u00f3n;centro superior;;<br>auto<br>0 0 0 0<br>costumbre<br>250px<br><br><div class=\"image_frame image_item no_link scale-with-grid element_classes alignnone no_border mfn-img-box\" ><div class=\"image_wrapper\"><img decoding=\"async\" class=\"scale-with-grid\" src=\"\" fetchpriority=\"high\" alt=\"\" title=\"\" width=\"\" height=\"\" style=\"\"\/><\/div><\/div>\n <br><hr class=\"no_line\" style=\"margin: 0 auto 0px auto\"\/>\n <br> <br><h4>Minorista<\/h4>Minorista<br>centro<br>sin repetici\u00f3n;centro superior;;<br>auto<br>0 3% 0 0<br>costumbre<br>250px<br><br><div class=\"image_frame image_item no_link scale-with-grid element_classes alignnone no_border mfn-img-box\" ><div class=\"image_wrapper\"><img decoding=\"async\" class=\"scale-with-grid\" src=\"\" fetchpriority=\"high\" alt=\"\" title=\"\" width=\"\" height=\"\" style=\"\"\/><\/div><\/div>\n <br><hr class=\"no_line\" style=\"margin: 0 auto 0px auto\"\/>\n <br> <br><h4>Aparato<\/h4>Aparato<br>centro<br>sin repetici\u00f3n;centro superior;;<br>auto<br>0 3% 0 0<br>costumbre<br>250px<br><br><div class=\"image_frame image_item no_link scale-with-grid element_classes alignnone no_border mfn-img-box\" ><div class=\"image_wrapper\"><img decoding=\"async\" class=\"scale-with-grid\" src=\"\" fetchpriority=\"high\" alt=\"\" title=\"\" width=\"\" height=\"\" style=\"\"\/><\/div><\/div>\n <br><hr class=\"no_line\" style=\"margin: 0 auto 0px auto\"\/>\n <br> <br><h4>Muebles<\/h4>Aparato<br>centro<br>sin repetici\u00f3n;centro superior;;<br>auto<br>0 3% 0 0<br>costumbre<br>250px<br><br><div class=\"image_frame image_item no_link scale-with-grid element_classes alignnone no_border mfn-img-box\" ><div class=\"image_wrapper\"><img decoding=\"async\" class=\"scale-with-grid\" src=\"\" fetchpriority=\"high\" alt=\"\" title=\"\" width=\"\" height=\"\" style=\"\"\/><\/div><\/div>\n <br><hr class=\"no_line\" style=\"margin: 0 auto 0px auto\"\/>\n <br> <br><h4>Motores de horquilla<\/h4>Aparato<br>centro<br>sin repetici\u00f3n;centro superior;;<br>auto<br>0 3% 0 0<br>costumbre<br>250px<br><br>30<br>esconder<br><br><h3>AUTOMOTOR<\/h3>AUTOMOTOR<br>centro<br>repetir;centro;;<br>cubierta ultraancha<br>desvanecerse<br><br><img decoding=\"async\" src=\"https:\/\/ipautomationinc.com\/wp-content\/uploads\/2017\/10\/IMG_2018-1-e1640896150508.png\" alt=\"IMG_2018\"><br>lleno<br><br><img decoding=\"async\" src=\"https:\/\/ipautomationinc.com\/wp-content\/uploads\/2017\/10\/IMG_1989-1-e1640896417688.png\" alt=\"IMG_1989\"><br>lleno<br><br><img decoding=\"async\" src=\"https:\/\/ipautomationinc.com\/wp-content\/uploads\/2017\/10\/IMG_2016-1-e1640896618424.png\" alt=\"IMG_2016\"><br>lleno<br><br><img decoding=\"async\" src=\"https:\/\/ipautomationinc.com\/wp-content\/uploads\/2017\/10\/IMG_1991-1-e1640896746352.png\" alt=\"IMG_1991\"><br>lleno<br><br><br><img decoding=\"async\" src=\"https:\/\/ipautomationinc.com\/wp-content\/uploads\/2017\/10\/IMG_2003-1-e1640896821397.png\" alt=\"IMG_2003\"><br>lleno<br><br><img decoding=\"async\" src=\"https:\/\/ipautomationinc.com\/wp-content\/uploads\/2017\/10\/IMG_2007-1-e1640896875297.png\" alt=\"IMG_2007\"><br>lleno<br><br><img decoding=\"async\" src=\"https:\/\/ipautomationinc.com\/wp-content\/uploads\/2017\/10\/IMG_1994-1-e1640897604612.png\" alt=\"IMG_1994\"><br>lleno<br><br><img decoding=\"async\" src=\"https:\/\/ipautomationinc.com\/wp-content\/uploads\/2017\/10\/IMG_2026-1-e1640897688981.png\" alt=\"IMG_2026\"><br>lleno<br><br>30<br>esconder<br><br><h3>AGRICULTURA<\/h3>AGRICULTURA<br>centro<br>#ffffff<br>sin repetici\u00f3n;centro;;<br>cubierta ultraancha<br><br><img decoding=\"async\" src=\"https:\/\/ipautomationinc.com\/wp-content\/uploads\/2017\/11\/Screen-Shot-2017-11-06-at-1.34.43-PM-e1640897964336.png\" alt=\"Captura de pantalla 06\/11\/2017 a las 13.34.43\"><br>lleno<br><br><img decoding=\"async\" src=\"https:\/\/ipautomationinc.com\/wp-content\/uploads\/2017\/11\/Screen-Shot-2017-11-06-at-1.34.22-PM-e1640898304626.png\" alt=\"Captura de pantalla 06\/11\/2017 a las 13.34.22\"><br>lleno<br><br><img decoding=\"async\" src=\"https:\/\/ipautomationinc.com\/wp-content\/uploads\/2017\/11\/Screen-Shot-2017-11-06-at-1.36.58-PM-e1640898355551.png\" alt=\"Captura de pantalla 06\/11\/2017 a las 13.36.58\"><br>lleno<br><br><img decoding=\"async\" src=\"https:\/\/ipautomationinc.com\/wp-content\/uploads\/2017\/11\/Screen-Shot-2017-11-06-at-1.34.08-PM.png\" alt=\"Captura de pantalla 06\/11\/2017 a las 13.34.08\"><br>lleno<br><br>30<br>esconder<br><br><h3>C\u00c9SPED Y JARD\u00cdN<\/h3>C\u00c9SPED Y JARD\u00cdN<br>centro<br>#ffffff<br>sin repetici\u00f3n;centro;;<br>cubierta ultraancha<br><br><img decoding=\"async\" src=\"https:\/\/ipautomationinc.com\/wp-content\/uploads\/2017\/11\/Screen-Shot-2017-11-06-at-1.38.33-PM-e1640898445847.png\" alt=\"Captura de pantalla 06\/11\/2017 a las 13.38.33\"><br>lleno<br><br><img decoding=\"async\" src=\"https:\/\/ipautomationinc.com\/wp-content\/uploads\/2017\/11\/Screen-Shot-2017-11-06-at-1.37.50-PM-e1640898490699.png\" alt=\"Captura de pantalla 06\/11\/2017 a las 13.37.50\"><br>lleno<br><br>30<br>esconder<br><br><h3>CONSTRUCCI\u00d3N<\/h3>CONSTRUCCI\u00d3N<br>centro<br>#ffffff<br>sin repetici\u00f3n;centro;;<br>cubierta ultraancha<br><br><img decoding=\"async\" src=\"https:\/\/ipautomationinc.com\/wp-content\/uploads\/2017\/11\/Screen-Shot-2017-11-06-at-1.27.35-PM-e1640898557130.png\" alt=\"Captura de pantalla 06\/11\/2017 a las 13.27.35\"><br>lleno<br>91px<br>51px<br>138px<br>centro<br><br><img decoding=\"async\" src=\"https:\/\/ipautomationinc.com\/wp-content\/uploads\/2023\/04\/rebar3.png\" alt=\"barra de refuerzo3\"><br>lleno<br><br><img decoding=\"async\" src=\"https:\/\/ipautomationinc.com\/wp-content\/uploads\/2023\/04\/rebar4.png\" alt=\"barra de refuerzo4\"><br>lleno<br>250px<br>centro<br><br><img decoding=\"async\" src=\"https:\/\/ipautomationinc.com\/wp-content\/uploads\/2023\/04\/rebar1.png\" alt=\"barra de refuerzo1\"><br>lleno<br><br>30<br>esconder<br><br><h3>MINORISTA<\/h3>MINORISTA<br>centro<br>#ffffff<br>sin repetici\u00f3n;centro;;<br>cubierta ultraancha<br><br><img decoding=\"async\" src=\"https:\/\/ipautomationinc.com\/wp-content\/uploads\/2017\/11\/Screen-Shot-2017-11-06-at-12.03.28-PM-e1640898637133.png\" alt=\"Captura de pantalla 06\/11\/2017 a las 12.03.28 p.m.\"><br>lleno<br><br><img decoding=\"async\" src=\"https:\/\/ipautomationinc.com\/wp-content\/uploads\/2017\/11\/Screen-Shot-2017-11-06-at-12.24.00-PM-e1640898737479.png\" alt=\"Captura de pantalla 06\/11\/2017 a las 24.24.00 h.\"><br>lleno<br><br><img decoding=\"async\" src=\"https:\/\/ipautomationinc.com\/wp-content\/uploads\/2017\/11\/Screen-Shot-2017-11-06-at-12.23.25-PM.png\" alt=\"Captura de pantalla 06\/11\/2017 a las 12.23.25\"><br>lleno<br><br><img decoding=\"async\" src=\"https:\/\/ipautomationinc.com\/wp-content\/uploads\/2017\/11\/Screen-Shot-2017-11-06-at-12.24.00-PM.png\" alt=\"\"><br>lleno<br><br><img decoding=\"async\" src=\"https:\/\/ipautomationinc.com\/wp-content\/uploads\/2017\/11\/Screen-Shot-2017-11-06-at-12.28.20-PM-e1640898971646.png\" alt=\"Captura de pantalla 06\/11\/2017 a las 12.28.20 p.m.\"><br>lleno<br><br><img decoding=\"async\" src=\"https:\/\/ipautomationinc.com\/wp-content\/uploads\/2017\/11\/bigstock-Shopping-Cart-D-With-Clipping-1349654-e1640899028446.jpg\" alt=\"Carro de compras 3D con trazado de recorte\"><br>lleno<br><br><img decoding=\"async\" src=\"https:\/\/ipautomationinc.com\/wp-content\/uploads\/2017\/11\/Screen-Shot-2017-11-06-at-1.34.57-PM-e1640899168368.png\" alt=\"Captura de pantalla 06\/11\/2017 a las 13.34.57\"><br>lleno<br><br><img decoding=\"async\" src=\"https:\/\/ipautomationinc.com\/wp-content\/uploads\/2017\/11\/Screen-Shot-2017-11-06-at-12.25.43-PM-e1640899352604.png\" alt=\"Captura de pantalla 06\/11\/2017 a las 12.25.43\"><br>lleno<br><br>30<br>esconder<br><br><h3>APARATO<\/h3>APARATO<br>centro<br>#ffffff<br>sin repetici\u00f3n;centro;;<br>cubierta ultraancha<br><br><img decoding=\"async\" src=\"https:\/\/ipautomationinc.com\/wp-content\/uploads\/2017\/11\/Screen-Shot-2017-11-06-at-1.16.03-PM.png\" alt=\"\"><br>lleno<br><br><img decoding=\"async\" src=\"https:\/\/ipautomationinc.com\/wp-content\/uploads\/2017\/11\/Screen-Shot-2017-11-06-at-1.16.31-PM.png\" alt=\"Captura de pantalla 06\/11\/2017 a las 16\/16\/31\"><br>lleno<br><br><img decoding=\"async\" src=\"https:\/\/ipautomationinc.com\/wp-content\/uploads\/2017\/11\/Screen-Shot-2017-11-06-at-1.17.22-PM.png\" alt=\"Captura de pantalla 06\/11\/2017 a las 17\/17\/22\"><br>lleno<br><br><img decoding=\"async\" src=\"https:\/\/ipautomationinc.com\/wp-content\/uploads\/2017\/11\/Screen-Shot-2017-11-06-at-1.17.54-PM-e1635359774200.png\" alt=\"Captura de pantalla 06\/11\/2017 a las 13.17.54\"><br>lleno<br><br>30<br>esconder<br><br><h3>MUEBLES<\/h3>APARATO<br>centro<br>#ffffff<br>sin repetici\u00f3n;centro;;<br>cubierta ultraancha<br><br><img decoding=\"async\" src=\"https:\/\/ipautomationinc.com\/wp-content\/uploads\/2023\/05\/stack-chair.png\" alt=\"silla apilable\"><br>lleno<br><br><img decoding=\"async\" src=\"https:\/\/ipautomationinc.com\/wp-content\/uploads\/2023\/05\/hairpin-leg.png\" alt=\"pierna de horquilla\"><br>lleno<br>125px<br>240px<br>centro<br><br><img decoding=\"async\" src=\"https:\/\/ipautomationinc.com\/wp-content\/uploads\/2023\/05\/chair-lever.png\" alt=\"palanca de silla\"><br>lleno<br>277px<br>centro<br><br><img decoding=\"async\" src=\"https:\/\/ipautomationinc.com\/wp-content\/uploads\/2023\/05\/lock-rod.png\" alt=\"varilla de bloqueo\"><br>lleno<br>283px<br>centro<br><br><\/p>","protected":false},"excerpt":{"rendered":"<p>IP Automation wire forms by industry. Automotive, agriculture, lawn &amp; garden, construction, retail and pop display, appliance, furniture, hairpin motors.<span class=\"excerpt-hellip\"> [\u2026]<\/span><\/p>\n","protected":false},"author":3,"featured_media":0,"parent":0,"menu_order":0,"comment_status":"closed","ping_status":"closed","template":"","meta":{"footnotes":""},"class_list":["post-428","page","type-page","status-publish","hentry"],"yoast_head":"<!-- This site is optimized with the Yoast SEO plugin v27.3 - https:\/\/yoast.com\/product\/yoast-seo-wordpress\/ -->\n<title>Industries Served | IP Automation Inc<\/title>\n<meta name=\"description\" content=\"Discover different wire forms by industry application.\" \/>\n<meta name=\"robots\" content=\"index, follow, max-snippet:-1, max-image-preview:large, max-video-preview:-1\" \/>\n<link rel=\"canonical\" href=\"https:\/\/ipautomationinc.com\/es\/industrias-y-capacidades\/\" \/>\n<meta property=\"og:locale\" content=\"es_MX\" \/>\n<meta property=\"og:type\" content=\"article\" \/>\n<meta property=\"og:title\" content=\"Industries Served | IP Automation Inc\" \/>\n<meta property=\"og:description\" content=\"Discover different wire forms by industry application.\" \/>\n<meta property=\"og:url\" content=\"https:\/\/ipautomationinc.com\/es\/industrias-y-capacidades\/\" \/>\n<meta property=\"og:site_name\" content=\"IP Automation Inc\" \/>\n<meta property=\"article:publisher\" content=\"https:\/\/www.facebook.com\/ipautomationinc\/\" \/>\n<meta property=\"article:modified_time\" content=\"2024-01-09T17:49:29+00:00\" \/>\n<meta property=\"og:image\" content=\"https:\/\/ipautomationinc.com\/wp-content\/uploads\/2022\/05\/web-header_Artboard-3.jpg\" \/>\n\t<meta property=\"og:image:width\" content=\"1920\" \/>\n\t<meta property=\"og:image:height\" content=\"815\" \/>\n\t<meta property=\"og:image:type\" content=\"image\/jpeg\" \/>\n<script type=\"application\/ld+json\" class=\"yoast-schema-graph\">{\"@context\":\"https:\\\/\\\/schema.org\",\"@graph\":[{\"@type\":\"WebPage\",\"@id\":\"https:\\\/\\\/ipautomationinc.com\\\/industries-and-capabilities\\\/\",\"url\":\"https:\\\/\\\/ipautomationinc.com\\\/industries-and-capabilities\\\/\",\"name\":\"Industries Served | IP Automation Inc\",\"isPartOf\":{\"@id\":\"https:\\\/\\\/ipautomationinc.com\\\/#website\"},\"primaryImageOfPage\":{\"@id\":\"https:\\\/\\\/ipautomationinc.com\\\/industries-and-capabilities\\\/#primaryimage\"},\"image\":{\"@id\":\"https:\\\/\\\/ipautomationinc.com\\\/industries-and-capabilities\\\/#primaryimage\"},\"thumbnailUrl\":\"https:\\\/\\\/ipautomationinc.com\\\/wp-content\\\/uploads\\\/2017\\\/10\\\/IMG_2018-1-e1640896150508.png\",\"datePublished\":\"2018-06-25T23:30:37+00:00\",\"dateModified\":\"2024-01-09T17:49:29+00:00\",\"description\":\"Discover different wire forms by industry application.\",\"inLanguage\":\"es\",\"potentialAction\":[{\"@type\":\"ReadAction\",\"target\":[\"https:\\\/\\\/ipautomationinc.com\\\/industries-and-capabilities\\\/\"]}]},{\"@type\":\"ImageObject\",\"inLanguage\":\"es\",\"@id\":\"https:\\\/\\\/ipautomationinc.com\\\/industries-and-capabilities\\\/#primaryimage\",\"url\":\"https:\\\/\\\/ipautomationinc.com\\\/wp-content\\\/uploads\\\/2017\\\/10\\\/IMG_2018-1-e1640896150508.png\",\"contentUrl\":\"https:\\\/\\\/ipautomationinc.com\\\/wp-content\\\/uploads\\\/2017\\\/10\\\/IMG_2018-1-e1640896150508.png\"},{\"@type\":\"WebSite\",\"@id\":\"https:\\\/\\\/ipautomationinc.com\\\/#website\",\"url\":\"https:\\\/\\\/ipautomationinc.com\\\/\",\"name\":\"IP Automation Inc\",\"description\":\"Concept... Creation... Reality...\",\"publisher\":{\"@id\":\"https:\\\/\\\/ipautomationinc.com\\\/#organization\"},\"potentialAction\":[{\"@type\":\"SearchAction\",\"target\":{\"@type\":\"EntryPoint\",\"urlTemplate\":\"https:\\\/\\\/ipautomationinc.com\\\/?s={search_term_string}\"},\"query-input\":{\"@type\":\"PropertyValueSpecification\",\"valueRequired\":true,\"valueName\":\"search_term_string\"}}],\"inLanguage\":\"es\"},{\"@type\":\"Organization\",\"@id\":\"https:\\\/\\\/ipautomationinc.com\\\/#organization\",\"name\":\"IP Automation Inc\",\"url\":\"https:\\\/\\\/ipautomationinc.com\\\/\",\"logo\":{\"@type\":\"ImageObject\",\"inLanguage\":\"es\",\"@id\":\"https:\\\/\\\/ipautomationinc.com\\\/#\\\/schema\\\/logo\\\/image\\\/\",\"url\":\"https:\\\/\\\/ipautomationinc.com\\\/wp-content\\\/uploads\\\/2022\\\/05\\\/IPA-Favicon.png\",\"contentUrl\":\"https:\\\/\\\/ipautomationinc.com\\\/wp-content\\\/uploads\\\/2022\\\/05\\\/IPA-Favicon.png\",\"width\":513,\"height\":513,\"caption\":\"IP Automation Inc\"},\"image\":{\"@id\":\"https:\\\/\\\/ipautomationinc.com\\\/#\\\/schema\\\/logo\\\/image\\\/\"},\"sameAs\":[\"https:\\\/\\\/www.facebook.com\\\/ipautomationinc\\\/\",\"https:\\\/\\\/www.linkedin.com\\\/company\\\/ip-automation-inc\\\/\",\"https:\\\/\\\/www.youtube.com\\\/@IPAutomation\"]}]}<\/script>\n<!-- \/ Yoast SEO plugin. -->","yoast_head_json":{"title":"Industrias atendidas | Automatizaci\u00f3n IP Inc.","description":"Descubra diferentes formas de alambre seg\u00fan la aplicaci\u00f3n industrial.","robots":{"index":"index","follow":"follow","max-snippet":"max-snippet:-1","max-image-preview":"max-image-preview:large","max-video-preview":"max-video-preview:-1"},"canonical":"https:\/\/ipautomationinc.com\/es\/industrias-y-capacidades\/","og_locale":"es_MX","og_type":"article","og_title":"Industries Served | IP Automation Inc","og_description":"Discover different wire forms by industry application.","og_url":"https:\/\/ipautomationinc.com\/es\/industrias-y-capacidades\/","og_site_name":"IP Automation Inc","article_publisher":"https:\/\/www.facebook.com\/ipautomationinc\/","article_modified_time":"2024-01-09T17:49:29+00:00","og_image":[{"width":1920,"height":815,"url":"https:\/\/ipautomationinc.com\/wp-content\/uploads\/2022\/05\/web-header_Artboard-3.jpg","type":"image\/jpeg"}],"schema":{"@context":"https:\/\/schema.org","@graph":[{"@type":"WebPage","@id":"https:\/\/ipautomationinc.com\/industries-and-capabilities\/","url":"https:\/\/ipautomationinc.com\/industries-and-capabilities\/","name":"Industrias atendidas | Automatizaci\u00f3n IP Inc.","isPartOf":{"@id":"https:\/\/ipautomationinc.com\/#website"},"primaryImageOfPage":{"@id":"https:\/\/ipautomationinc.com\/industries-and-capabilities\/#primaryimage"},"image":{"@id":"https:\/\/ipautomationinc.com\/industries-and-capabilities\/#primaryimage"},"thumbnailUrl":"https:\/\/ipautomationinc.com\/wp-content\/uploads\/2017\/10\/IMG_2018-1-e1640896150508.png","datePublished":"2018-06-25T23:30:37+00:00","dateModified":"2024-01-09T17:49:29+00:00","description":"Descubra diferentes formas de alambre seg\u00fan la aplicaci\u00f3n industrial.","inLanguage":"es","potentialAction":[{"@type":"ReadAction","target":["https:\/\/ipautomationinc.com\/industries-and-capabilities\/"]}]},{"@type":"ImageObject","inLanguage":"es","@id":"https:\/\/ipautomationinc.com\/industries-and-capabilities\/#primaryimage","url":"https:\/\/ipautomationinc.com\/wp-content\/uploads\/2017\/10\/IMG_2018-1-e1640896150508.png","contentUrl":"https:\/\/ipautomationinc.com\/wp-content\/uploads\/2017\/10\/IMG_2018-1-e1640896150508.png"},{"@type":"WebSite","@id":"https:\/\/ipautomationinc.com\/#website","url":"https:\/\/ipautomationinc.com\/","name":"IP Automation Inc","description":"Concepto... Creaci\u00f3n... Realidad...","publisher":{"@id":"https:\/\/ipautomationinc.com\/#organization"},"potentialAction":[{"@type":"SearchAction","target":{"@type":"EntryPoint","urlTemplate":"https:\/\/ipautomationinc.com\/?s={search_term_string}"},"query-input":{"@type":"PropertyValueSpecification","valueRequired":true,"valueName":"search_term_string"}}],"inLanguage":"es"},{"@type":"Organization","@id":"https:\/\/ipautomationinc.com\/#organization","name":"IP Automation Inc","url":"https:\/\/ipautomationinc.com\/","logo":{"@type":"ImageObject","inLanguage":"es","@id":"https:\/\/ipautomationinc.com\/#\/schema\/logo\/image\/","url":"https:\/\/ipautomationinc.com\/wp-content\/uploads\/2022\/05\/IPA-Favicon.png","contentUrl":"https:\/\/ipautomationinc.com\/wp-content\/uploads\/2022\/05\/IPA-Favicon.png","width":513,"height":513,"caption":"IP Automation Inc"},"image":{"@id":"https:\/\/ipautomationinc.com\/#\/schema\/logo\/image\/"},"sameAs":["https:\/\/www.facebook.com\/ipautomationinc\/","https:\/\/www.linkedin.com\/company\/ip-automation-inc\/","https:\/\/www.youtube.com\/@IPAutomation"]}]}},"_links":{"self":[{"href":"https:\/\/ipautomationinc.com\/es\/wp-json\/wp\/v2\/pages\/428","targetHints":{"allow":["GET"]}}],"collection":[{"href":"https:\/\/ipautomationinc.com\/es\/wp-json\/wp\/v2\/pages"}],"about":[{"href":"https:\/\/ipautomationinc.com\/es\/wp-json\/wp\/v2\/types\/page"}],"author":[{"embeddable":true,"href":"https:\/\/ipautomationinc.com\/es\/wp-json\/wp\/v2\/users\/3"}],"replies":[{"embeddable":true,"href":"https:\/\/ipautomationinc.com\/es\/wp-json\/wp\/v2\/comments?post=428"}],"version-history":[{"count":0,"href":"https:\/\/ipautomationinc.com\/es\/wp-json\/wp\/v2\/pages\/428\/revisions"}],"wp:attachment":[{"href":"https:\/\/ipautomationinc.com\/es\/wp-json\/wp\/v2\/media?parent=428"}],"curies":[{"name":"Gracias","href":"https:\/\/api.w.org\/{rel}","templated":true}]}}