{"id":39705,"date":"2026-04-01T13:37:45","date_gmt":"2026-04-01T18:37:45","guid":{"rendered":"https:\/\/ipautomationinc.com\/?page_id=39705"},"modified":"2026-04-01T13:37:46","modified_gmt":"2026-04-01T18:37:46","slug":"dobladoras-de-tubos-cnc","status":"publish","type":"page","link":"https:\/\/ipautomationinc.com\/es\/cnc-tube-benders\/","title":{"rendered":"Dobladoras de tubos CNC"},"content":{"rendered":"<p>Explore our selection of 3D CNC Tube Benders to find the perfect one for you. Quality made in the USA machinery. T series 3D CNC Tube Bender. P series single piece 3D CNC Wire Bender.<\/p>\n\n\n\n<p><span class=\"builder2seo\"><\/span>Dobladoras de tubos CNC<br><br>ancho<br><br><img decoding=\"async\" src=\"https:\/\/ipautomationinc.com\/wp-content\/uploads\/2026\/03\/i13T-S\u00b2-3D-CNC-Tube-Bending-Machine.png#39661\" alt=\"i13T-S\u00b2 3D CNC Tube Bending Machine\"><br><a href=\"https:\/\/ipautomationinc.com\/es\/serie-t\/\">https:\/\/ipautomationinc.com\/t-series\/<\/a><br><br>Serie T<br><br>Aprende m\u00e1s<br><a href=\"https:\/\/ipautomationinc.com\/es\/serie-t\/\">https:\/\/ipautomationinc.com\/t-series\/<\/a><br>tema_boton<br><br>Dobladora de tubos CNC 3D para aplicaciones de bobinas sueltas<br><br><h5>La serie T es una dobladora de tubos CNC 3D que procesa bobinas de material utilizando cabezales de doble doblado para el doblado por laminaci\u00f3n y por compresi\u00f3n.<\/h5><br><br><br><br>Capacidad de tubo de 3-20 mm*<br><br>Perfecto para tubos conectores, serpentines de refrigeraci\u00f3n, serpentines rectangulares y de dimensiones variables.<br><br><br>Rumbo + desc.<br>sin repetici\u00f3n; arriba a la izquierda;;<br>auto<br>20px<br>0 10%<br><br><img decoding=\"async\" src=\"https:\/\/ipautomationinc.com\/wp-content\/uploads\/2026\/02\/i10-S\u00b2-P-Single-Piece-3D-CNC-Wire-Bender.png#39498\" alt=\"i10-S\u00b2-P Single Piece 3D CNC Wire Bender\"><br><a href=\"https:\/\/ipautomationinc.com\/es\/serie-ip\/\">https:\/\/ipautomationinc.com\/i-p-series\/<\/a><br><br>Serie iP<br><br>Aprende m\u00e1s<br><a href=\"https:\/\/ipautomationinc.com\/es\/serie-ip\/\">https:\/\/ipautomationinc.com\/i-p-series\/<\/a><br>tema_boton<br><br>Dobladora de alambre CNC 3D con cabezal de curvatura m\u00faltiple de una sola pieza<br><br><h5>La dobladora de alambre CNC de una sola pieza iP est\u00e1 dise\u00f1ada para facilitar el procesamiento de piezas y combinaciones de piezas complejas que requieren versatilidad y flexibilidad para aplicaciones de bajo volumen.<\/h5><br><br><br><br>2,5-16 mm* Di\u00e1metro del alambre<br><br>Perfecto para colgantes de escape, piezas de bajo volumen de mezcla alta, elementos calefactores y piezas de circuito cerrado.<br><br>Cabezales de curvatura simple o doble<br><br><br>Rumbo + desc.<br>sin repetici\u00f3n; arriba a la izquierda;;<br>auto<br>20px<br>0 10%<br><br><\/p>","protected":false},"excerpt":{"rendered":"<p>Explore our selection of 3D CNC Tube Benders to find the perfect one for you. Quality made in the USA<span class=\"excerpt-hellip\"> [\u2026]<\/span><\/p>\n","protected":false},"author":3,"featured_media":0,"parent":0,"menu_order":0,"comment_status":"closed","ping_status":"closed","template":"","meta":{"footnotes":""},"class_list":["post-39705","page","type-page","status-publish","hentry"],"yoast_head":"<!-- This site is optimized with the Yoast SEO plugin v27.4 - https:\/\/yoast.com\/product\/yoast-seo-wordpress\/ -->\n<title>CNC Tube Benders | IP Automation Inc<\/title>\n<meta name=\"description\" content=\"Explore our selection of CNC Tube Benders to find the perfect one for you. Quality made in the USA machinery.\" \/>\n<meta name=\"robots\" content=\"index, follow, max-snippet:-1, max-image-preview:large, max-video-preview:-1\" \/>\n<link rel=\"canonical\" href=\"https:\/\/ipautomationinc.com\/es\/dobladoras-de-tubos-cnc\/\" \/>\n<meta property=\"og:locale\" content=\"es_MX\" \/>\n<meta property=\"og:type\" content=\"article\" \/>\n<meta property=\"og:title\" content=\"CNC Tube Benders | IP Automation Inc\" \/>\n<meta property=\"og:description\" content=\"Explore our selection of CNC Tube Benders to find the perfect one for you. Quality made in the USA machinery.\" \/>\n<meta property=\"og:url\" content=\"https:\/\/ipautomationinc.com\/es\/dobladoras-de-tubos-cnc\/\" \/>\n<meta property=\"og:site_name\" content=\"IP Automation Inc\" \/>\n<meta property=\"article:publisher\" content=\"https:\/\/www.facebook.com\/ipautomationinc\/\" \/>\n<meta property=\"article:modified_time\" content=\"2026-04-01T18:37:46+00:00\" \/>\n<script type=\"application\/ld+json\" class=\"yoast-schema-graph\">{\"@context\":\"https:\\\/\\\/schema.org\",\"@graph\":[{\"@type\":\"WebPage\",\"@id\":\"https:\\\/\\\/ipautomationinc.com\\\/cnc-tube-benders\\\/\",\"url\":\"https:\\\/\\\/ipautomationinc.com\\\/cnc-tube-benders\\\/\",\"name\":\"CNC Tube Benders | IP Automation Inc\",\"isPartOf\":{\"@id\":\"https:\\\/\\\/ipautomationinc.com\\\/#website\"},\"datePublished\":\"2026-04-01T18:37:45+00:00\",\"dateModified\":\"2026-04-01T18:37:46+00:00\",\"description\":\"Explore our selection of CNC Tube Benders to find the perfect one for you. Quality made in the USA machinery.\",\"inLanguage\":\"es\",\"potentialAction\":[{\"@type\":\"ReadAction\",\"target\":[\"https:\\\/\\\/ipautomationinc.com\\\/cnc-tube-benders\\\/\"]}]},{\"@type\":\"WebSite\",\"@id\":\"https:\\\/\\\/ipautomationinc.com\\\/#website\",\"url\":\"https:\\\/\\\/ipautomationinc.com\\\/\",\"name\":\"IP Automation Inc\",\"description\":\"Concept... Creation... Reality...\",\"publisher\":{\"@id\":\"https:\\\/\\\/ipautomationinc.com\\\/#organization\"},\"potentialAction\":[{\"@type\":\"SearchAction\",\"target\":{\"@type\":\"EntryPoint\",\"urlTemplate\":\"https:\\\/\\\/ipautomationinc.com\\\/?s={search_term_string}\"},\"query-input\":{\"@type\":\"PropertyValueSpecification\",\"valueRequired\":true,\"valueName\":\"search_term_string\"}}],\"inLanguage\":\"es\"},{\"@type\":\"Organization\",\"@id\":\"https:\\\/\\\/ipautomationinc.com\\\/#organization\",\"name\":\"IP Automation Inc\",\"url\":\"https:\\\/\\\/ipautomationinc.com\\\/\",\"logo\":{\"@type\":\"ImageObject\",\"inLanguage\":\"es\",\"@id\":\"https:\\\/\\\/ipautomationinc.com\\\/#\\\/schema\\\/logo\\\/image\\\/\",\"url\":\"https:\\\/\\\/ipautomationinc.com\\\/wp-content\\\/uploads\\\/2022\\\/05\\\/IPA-Favicon.png\",\"contentUrl\":\"https:\\\/\\\/ipautomationinc.com\\\/wp-content\\\/uploads\\\/2022\\\/05\\\/IPA-Favicon.png\",\"width\":513,\"height\":513,\"caption\":\"IP Automation Inc\"},\"image\":{\"@id\":\"https:\\\/\\\/ipautomationinc.com\\\/#\\\/schema\\\/logo\\\/image\\\/\"},\"sameAs\":[\"https:\\\/\\\/www.facebook.com\\\/ipautomationinc\\\/\",\"https:\\\/\\\/www.linkedin.com\\\/company\\\/ip-automation-inc\\\/\",\"https:\\\/\\\/www.youtube.com\\\/@IPAutomation\"]}]}<\/script>\n<!-- \/ Yoast SEO plugin. -->","yoast_head_json":{"title":"Dobladoras de tubos CNC | IP Automation Inc.","description":"Explore nuestra selecci\u00f3n de dobladoras de tubos CNC para encontrar la perfecta para usted. Maquinaria de calidad fabricada en EE. UU.","robots":{"index":"index","follow":"follow","max-snippet":"max-snippet:-1","max-image-preview":"max-image-preview:large","max-video-preview":"max-video-preview:-1"},"canonical":"https:\/\/ipautomationinc.com\/es\/dobladoras-de-tubos-cnc\/","og_locale":"es_MX","og_type":"article","og_title":"CNC Tube Benders | IP Automation Inc","og_description":"Explore our selection of CNC Tube Benders to find the perfect one for you. Quality made in the USA machinery.","og_url":"https:\/\/ipautomationinc.com\/es\/dobladoras-de-tubos-cnc\/","og_site_name":"IP Automation Inc","article_publisher":"https:\/\/www.facebook.com\/ipautomationinc\/","article_modified_time":"2026-04-01T18:37:46+00:00","schema":{"@context":"https:\/\/schema.org","@graph":[{"@type":"WebPage","@id":"https:\/\/ipautomationinc.com\/cnc-tube-benders\/","url":"https:\/\/ipautomationinc.com\/cnc-tube-benders\/","name":"Dobladoras de tubos CNC | IP Automation Inc.","isPartOf":{"@id":"https:\/\/ipautomationinc.com\/#website"},"datePublished":"2026-04-01T18:37:45+00:00","dateModified":"2026-04-01T18:37:46+00:00","description":"Explore nuestra selecci\u00f3n de dobladoras de tubos CNC para encontrar la perfecta para usted. Maquinaria de calidad fabricada en EE. UU.","inLanguage":"es","potentialAction":[{"@type":"ReadAction","target":["https:\/\/ipautomationinc.com\/cnc-tube-benders\/"]}]},{"@type":"WebSite","@id":"https:\/\/ipautomationinc.com\/#website","url":"https:\/\/ipautomationinc.com\/","name":"IP Automation Inc","description":"Concepto... Creaci\u00f3n... Realidad...","publisher":{"@id":"https:\/\/ipautomationinc.com\/#organization"},"potentialAction":[{"@type":"SearchAction","target":{"@type":"EntryPoint","urlTemplate":"https:\/\/ipautomationinc.com\/?s={search_term_string}"},"query-input":{"@type":"PropertyValueSpecification","valueRequired":true,"valueName":"search_term_string"}}],"inLanguage":"es"},{"@type":"Organization","@id":"https:\/\/ipautomationinc.com\/#organization","name":"IP Automation Inc","url":"https:\/\/ipautomationinc.com\/","logo":{"@type":"ImageObject","inLanguage":"es","@id":"https:\/\/ipautomationinc.com\/#\/schema\/logo\/image\/","url":"https:\/\/ipautomationinc.com\/wp-content\/uploads\/2022\/05\/IPA-Favicon.png","contentUrl":"https:\/\/ipautomationinc.com\/wp-content\/uploads\/2022\/05\/IPA-Favicon.png","width":513,"height":513,"caption":"IP Automation Inc"},"image":{"@id":"https:\/\/ipautomationinc.com\/#\/schema\/logo\/image\/"},"sameAs":["https:\/\/www.facebook.com\/ipautomationinc\/","https:\/\/www.linkedin.com\/company\/ip-automation-inc\/","https:\/\/www.youtube.com\/@IPAutomation"]}]}},"_links":{"self":[{"href":"https:\/\/ipautomationinc.com\/es\/wp-json\/wp\/v2\/pages\/39705","targetHints":{"allow":["GET"]}}],"collection":[{"href":"https:\/\/ipautomationinc.com\/es\/wp-json\/wp\/v2\/pages"}],"about":[{"href":"https:\/\/ipautomationinc.com\/es\/wp-json\/wp\/v2\/types\/page"}],"author":[{"embeddable":true,"href":"https:\/\/ipautomationinc.com\/es\/wp-json\/wp\/v2\/users\/3"}],"replies":[{"embeddable":true,"href":"https:\/\/ipautomationinc.com\/es\/wp-json\/wp\/v2\/comments?post=39705"}],"version-history":[{"count":2,"href":"https:\/\/ipautomationinc.com\/es\/wp-json\/wp\/v2\/pages\/39705\/revisions"}],"predecessor-version":[{"id":39707,"href":"https:\/\/ipautomationinc.com\/es\/wp-json\/wp\/v2\/pages\/39705\/revisions\/39707"}],"wp:attachment":[{"href":"https:\/\/ipautomationinc.com\/es\/wp-json\/wp\/v2\/media?parent=39705"}],"curies":[{"name":"Gracias","href":"https:\/\/api.w.org\/{rel}","templated":true}]}}