{"id":39678,"date":"2026-03-31T15:35:20","date_gmt":"2026-03-31T20:35:20","guid":{"rendered":"https:\/\/ipautomationinc.com\/?page_id=39678"},"modified":"2026-03-31T16:05:13","modified_gmt":"2026-03-31T21:05:13","slug":"serie-t","status":"publish","type":"page","link":"https:\/\/ipautomationinc.com\/es\/t-series\/","title":{"rendered":"T Series 3D CNC Tube Bender"},"content":{"rendered":"<p>La serie T es una dobladora de tubos CNC 3D que procesa bobinas de material.<br>using dual bend heads for roll and compression bending.With optional saw cut or inline chamfer cut capabilities and robotic integration, this machine is ideal for streamlining high volume production.<\/p>\n\n\n\n<p><span class=\"builder2seo\"><\/span>Dobladora de tubos CNC 3D para aplicaciones de bobinas sueltas<br><br>Serie T<br><br><img decoding=\"async\" src=\"https:\/\/ipautomationinc.com\/wp-content\/uploads\/2026\/03\/i13T-S\u00b2-3D-CNC-Tube-Bending-Machine.png#39661\" alt=\"i13T-S\u00b2 3D CNC Tube Bending Machine\"><br>M\u00e1quina dobladora de alambre cnc 3D<br>400px<br><br>Haga clic aqu\u00ed para ver el v\u00eddeo<br><a href=\"https:\/\/ipautomationinc.com\/es\/serie-t\/#video\">https:\/\/ipautomationinc.com\/t-series\/#video<\/a><br>fas fa-play-circulo<br>tema_boton<br><br>Haga clic aqu\u00ed para ver el folleto en PDF<br><a href=\"https:\/\/ipautomationinc.com\/wp-content\/uploads\/2026\/03\/T-Series-Flyer.pdf\">https:\/\/ipautomationinc.com\/wp-content\/uploads\/2026\/03\/T-Series-Flyer.pdf<\/a><br>fas fa-archivo-pdf<br>tema_boton<br>https:\/\/ipautomationinc.com\/wp-content\/uploads\/2026\/03\/T-Series-Flyer.pdf<br><br>39665,39664,39663,39662,39666<br>#0455B3<br>3px 3px 3px 3px<br><br><h4>La serie T es una dobladora de tubos CNC 3D que procesa bobinas de material utilizando cabezales de doble doblado para el doblado por laminaci\u00f3n y por compresi\u00f3n.<\/h4><br><br><h4>With optional saw cut or inline chamfer cut capabilities androbotic integration, this machine is ideal for streamlining highvolume production.<\/h4><br><br><h3>Aplicaciones<\/h3><br><br><h4>Multitude of 2 and 3 dimensional parts from connector tubes, rectangular and variable dimension coils, refrigeration coils&#8230;<\/h4><br>#EBEBEB<br><br>39676,39682<br>300 p\u00edxeles<br>300 p\u00edxeles<br><br><img decoding=\"async\" src=\"https:\/\/ipautomationinc.com\/wp-content\/uploads\/2026\/03\/i13T-S\u00b2-3D-CNC-Tube-Bending-Machine.png#39661\" alt=\"i13T-S\u00b2 3D CNC Tube Bending Machine\"><br>M\u00e1quina dobladora de alambre CNC 3d<br><br>Haga clic aqu\u00ed para ver el v\u00eddeo<br><a href=\"https:\/\/ipautomationinc.com\/es\/serie-t\/#video\">https:\/\/ipautomationinc.com\/t-series\/#video<\/a><br>fas fa-play-circulo<br>tema_boton<br><br>Haga clic aqu\u00ed para ver el folleto en PDF<br><a href=\"https:\/\/ipautomationinc.com\/wp-content\/uploads\/2026\/03\/T-Series-Flyer.pdf\">https:\/\/ipautomationinc.com\/wp-content\/uploads\/2026\/03\/T-Series-Flyer.pdf<\/a><br>fas fa-archivo-pdf<br>tema_boton<br>https:\/\/ipautomationinc.com\/wp-content\/uploads\/2026\/03\/T-Series-Flyer.pdf<br><br>39665,39664,39663,39662,39666<br>#0455B3<br>3px 3px 3px 3px<br>costumbre<br>80%<br><br><h4>La serie T es una dobladora de tubos CNC 3D que procesa bobinas de material utilizando cabezales de doble doblado para el doblado por laminaci\u00f3n y por compresi\u00f3n.<\/h4><br><br><h4>With optional saw cut or inline chamfer cut capabilities androbotic integration, this machine is ideal for streamlining highvolume production.<\/h4><br><br><h3>Aplicaciones<\/h3><br><br><h4>Multitude of 2 and 3 dimensional parts from connector tubes, rectangular and variable dimension coils, refrigeration coils&#8230;<\/h4><br>#EBEBEB<br><br>39676,39682<br>300 p\u00edxeles<br>300 p\u00edxeles<br>superposici\u00f3n de t\u00edtulo de imagen<br><br><br>Medios de comunicaci\u00f3n<br><br>;C;;<br><br><br>Caracter\u00edsticas<br><br>Doblar<br>Programaci\u00f3n<br>Detalles<br><br><br>Los ingenieros de IP Automation y las m\u00e1quinas CNC doblan todos los cabezales, cortadores y rodillos de alimentaci\u00f3n de alambre internamente a un costo razonable y con una entrega r\u00e1pida.<br><br><br><br><br>\t<a href=\"https:\/\/ipautomationinc.com\/es\/capacidades-de-la-maquina\/\">Software inteligente <\/a> en el sistema operativo Windows<br><br>Length-Rotation-Angle CNC programand absolute programming options<br><br>Controles de aceleraci\u00f3n, desaceleraci\u00f3n y aceleraci\u00f3n al salir de las curvas<br><br>Control de lotes y recuento de piezas integrados<br><br>Importaci\u00f3n de archivos STEP<br><br>T\u00fanel VPN r\u00e1pido y seguro para conexi\u00f3n de soporte remoto<br><br>Restricciones de control a nivel de usuario<br><br>Notificaciones de mantenimiento inteligentes basadas en datos de movimiento<br><br>Funcionalidad OPC UA para la implementaci\u00f3n de \u201cIIoT\u201d<br><br>\t<br><br><br>Capacidad de carga con brazo de movimiento lineal: 3000 lbs incluidas (opci\u00f3n de 4500 lbs disponible).<br><br>Jaula de seguridad de 7\u2032 (2,13 m) con puerta con bloqueo de seguridad<br><br>Plancha de doble plano de amplio rango<br><br>Todos los sistemas de transmisi\u00f3n de alimentaci\u00f3n y curvatura tienen engranajes endurecidos y est\u00e1n completamente cerrados.<br><br>Rodillos de alimentaci\u00f3n endurecidos de giro r\u00e1pido para 2 tama\u00f1os<br><br>Codificador lineal sobre alimentaci\u00f3n de alambre para precisi\u00f3n y detecci\u00f3n de deslizamiento<br><br>Estabilizador de tuber\u00edas<br><br>Superficie de matriz de corte reafilable<br><br>Capacitaci\u00f3n in situ disponible<br><br>Capacidad de integraci\u00f3n rob\u00f3tica<br><br><br>#EBEBEB<br>#222222<br><br><br>Especificaciones<br><br><br><br><p>*La capacidad de di\u00e1metro m\u00ednimo y m\u00e1ximo est\u00e1 influenciada por el rendimiento a la tracci\u00f3n del alambre. Cont\u00e1ctenos para obtener aclaraciones sobre el rango m\u00ednimo\/m\u00e1ximo para su tipo de cable.<\/p><br><br><br>Opciones de m\u00e1quina<br><br>Cortadora de sierra retr\u00e1ctil montada en brazo<br>con aspiradora de patatas fritas<br><img decoding=\"async\" src=\"https:\/\/ipautomationinc.com\/wp-content\/uploads\/2026\/03\/retractable-saw-cut.png#39676\" alt=\"retractable saw cut\"><br>escala de caja<br>70%<br><br>Cortadora de ranurado\/chafl\u00e1n servoaccionada en l\u00ednea<br><img decoding=\"async\" src=\"https:\/\/ipautomationinc.com\/wp-content\/uploads\/2024\/01\/internal-chamfer.png#35611\" alt=\"internal chamfer\"><br><a href=\"https:\/\/ipautomationinc.com\/es\/accesorios\/chaflan-en-linea\/\">https:\/\/ipautomationinc.com\/accessories\/in-line-chamfer\/<\/a><br>escala de caja<br>70%<br><br>Rob\u00f3tica Inteligente<br>con EOAT personalizado<br><img decoding=\"async\" src=\"https:\/\/ipautomationinc.com\/wp-content\/uploads\/2022\/06\/machine-options_robot.png\" alt=\"opciones-de-m\u00e1quina_robot\"><br><a href=\"https:\/\/ipautomationinc.com\/es\/accesorios\/robotica\/\">https:\/\/ipautomationinc.com\/accessories\/robotics\/<\/a><br><br>Centro de mecanizado iFM<br><img decoding=\"async\" src=\"https:\/\/ipautomationinc.com\/wp-content\/uploads\/2023\/11\/ifm-icon-1.png#35422\" alt=\"icono de ifm\"><br><a href=\"https:\/\/ipautomationinc.com\/es\/accesorios\/centro-de-mecanizado\/\">https:\/\/ipautomationinc.com\/accessories\/machining-center\/<\/a><br>escala de caja<br>70%<br><br>Estaci\u00f3n de chafl\u00e1n\/taladro<br><img decoding=\"async\" src=\"https:\/\/ipautomationinc.com\/wp-content\/uploads\/2024\/08\/chamfer-drill.png#36736\" alt=\"broca de chafl\u00e1n\"><br><a href=\"https:\/\/ipautomationinc.com\/es\/accesorios\/broca-de-chaflan\/\">https:\/\/ipautomationinc.com\/accessories\/chamfer-drill\/<\/a><br>escala de caja<br>70%<br><br>Formaci\u00f3n de extremos<br><img decoding=\"async\" src=\"https:\/\/ipautomationinc.com\/wp-content\/uploads\/2022\/06\/machine-options_cold-heading.png\" alt=\"opciones-de-m\u00e1quina_rumbo-en-fr\u00edo\"><br>escala de caja<br>70%<br><br>Soluciones de manipulaci\u00f3n de piezas<br><img decoding=\"async\" src=\"https:\/\/ipautomationinc.com\/wp-content\/uploads\/2022\/06\/machine-options_rack-option.png#1323\" alt=\"opciones-m\u00e1quina_opci\u00f3n-rack\"><br>escala de caja<br>70%<br><br>\u00a1Obtenga precios ahora!<br>icono-adelante<br><a href=\"https:\/\/ipautomationinc.com\/es\/contactenos\/#form\">https:\/\/ipautomationinc.com\/contact-us\/#form<\/a><br>50px<br><br>Otras m\u00e1quinas dobladoras de alambre CNC<br><br><h4>Serie iP<\/h4><br><br><p><hr class=\"no_line\" style=\"margin: 0 auto 0px auto\"\/>\n <a href=\"https:\/\/ipautomationinc.com\/es\/serie-ip\/\"> <img decoding=\"async\" src=\"https:\/\/ipautomationinc.com\/wp-content\/uploads\/2026\/02\/i10-S\u00b2-P-Single-Piece-3D-CNC-Wire-Bender.png\" alt=\"i-S\u00b2-P - M\u00e1quina formadora de alambre CNC de una sola pieza\"> <\/a> <hr class=\"no_line\" style=\"margin: 0 auto 0px auto\"\/>\n<\/p><br><br><p>La serie P est\u00e1 dise\u00f1ada para facilitar el trabajo con formas de alambre complejas de 2,5 a 16 mm.<\/p><br><br><a class=\"mfn-link mfn-link-1\" href=\"\" style=\"\" data-hover=\"\"   ><span data-hover=\"\"><\/span><\/a><br>sin repetici\u00f3n; arriba a la izquierda;;<br>auto<br><br><h4>Serie i-S<\/h4><br><br><p><hr class=\"no_line\" style=\"margin: 0 auto 0px auto\"\/>\n <a href=\"https:\/\/ipautomationinc.com\/es\/serie-i-s\/\"> <img decoding=\"async\" src=\"https:\/\/ipautomationinc.com\/wp-content\/uploads\/2023\/02\/i8-S-RGB-1.png\" alt=\"Formador de alambre iS CNC\"> <\/a> <hr class=\"no_line\" style=\"margin: 0 auto 0px auto\"\/>\n<\/p><br><br><p>La serie S es una herramienta de trabajo de precisi\u00f3n para formas de alambre 3D de 2 a 20 mm.<\/p><br><br><a class=\"mfn-link mfn-link-1\" href=\"\" style=\"\" data-hover=\"\"   ><span data-hover=\"\"><\/span><\/a><br>sin repetici\u00f3n; arriba a la izquierda;;<br>auto<br><br><h4>Serie i-SC<\/h4><br><br><p><hr class=\"no_line\" style=\"margin: 0 auto 0px auto\"\/>\n <a href=\"https:\/\/ipautomationinc.com\/es\/serie-i-sc\/\"> <img decoding=\"async\" src=\"https:\/\/ipautomationinc.com\/wp-content\/uploads\/2025\/09\/i8-SC-RGB.png\" alt=\"\"> <\/a> <hr class=\"no_line\" style=\"margin: 0 auto 0px auto\"\/>\n<\/p><br><br><p>La serie SC es una m\u00e1quina perfecta para formas de alambre 3D m\u00e1s cortas a partir de alambre de 2 a 8 mm.<\/p><br><br><a class=\"mfn-link mfn-link-1\" href=\"\" style=\"\" data-hover=\"\"   ><span data-hover=\"\"><\/span><\/a><br>sin repetici\u00f3n; arriba a la izquierda;;<br>auto<br><br><\/p>","protected":false},"excerpt":{"rendered":"<p>The T series is a 3D CNC tubing bender that processes coil stockusing dual bend heads for roll and compression<span class=\"excerpt-hellip\"> [\u2026]<\/span><\/p>\n","protected":false},"author":3,"featured_media":0,"parent":0,"menu_order":0,"comment_status":"closed","ping_status":"closed","template":"","meta":{"footnotes":""},"class_list":["post-39678","page","type-page","status-publish","hentry"],"yoast_head":"<!-- This site is optimized with the Yoast SEO plugin v27.4 - https:\/\/yoast.com\/product\/yoast-seo-wordpress\/ -->\n<title>T Series 3D CNC Tube Bender | IP Automation Inc<\/title>\n<meta name=\"description\" content=\"The T series is a 3D CNC tubing bender that processes coil stockusing dual bend heads for roll and compression bending.\" \/>\n<meta name=\"robots\" content=\"index, follow, max-snippet:-1, max-image-preview:large, max-video-preview:-1\" \/>\n<link rel=\"canonical\" href=\"https:\/\/ipautomationinc.com\/es\/serie-t\/\" \/>\n<meta property=\"og:locale\" content=\"es_MX\" \/>\n<meta property=\"og:type\" content=\"article\" \/>\n<meta property=\"og:title\" content=\"T Series 3D CNC Tube Bender | IP Automation Inc\" \/>\n<meta property=\"og:description\" content=\"The T series is a 3D CNC tubing bender that processes coil stockusing dual bend heads for roll and compression bending.\" \/>\n<meta property=\"og:url\" content=\"https:\/\/ipautomationinc.com\/es\/serie-t\/\" \/>\n<meta property=\"og:site_name\" content=\"IP Automation Inc\" \/>\n<meta property=\"article:publisher\" content=\"https:\/\/www.facebook.com\/ipautomationinc\/\" \/>\n<meta property=\"article:modified_time\" content=\"2026-03-31T21:05:13+00:00\" \/>\n<meta property=\"og:image\" content=\"https:\/\/ipautomationinc.com\/wp-content\/uploads\/2026\/03\/retractable-saw-cut.png#39676\" \/>\n<script type=\"application\/ld+json\" class=\"yoast-schema-graph\">{\"@context\":\"https:\\\/\\\/schema.org\",\"@graph\":[{\"@type\":\"WebPage\",\"@id\":\"https:\\\/\\\/ipautomationinc.com\\\/t-series\\\/\",\"url\":\"https:\\\/\\\/ipautomationinc.com\\\/t-series\\\/\",\"name\":\"T Series 3D CNC Tube Bender | IP Automation Inc\",\"isPartOf\":{\"@id\":\"https:\\\/\\\/ipautomationinc.com\\\/#website\"},\"primaryImageOfPage\":{\"@id\":\"https:\\\/\\\/ipautomationinc.com\\\/t-series\\\/#primaryimage\"},\"image\":{\"@id\":\"https:\\\/\\\/ipautomationinc.com\\\/t-series\\\/#primaryimage\"},\"thumbnailUrl\":\"https:\\\/\\\/ipautomationinc.com\\\/wp-content\\\/uploads\\\/2026\\\/03\\\/retractable-saw-cut.png#39676\",\"datePublished\":\"2026-03-31T20:35:20+00:00\",\"dateModified\":\"2026-03-31T21:05:13+00:00\",\"description\":\"The T series is a 3D CNC tubing bender that processes coil stockusing dual bend heads for roll and compression bending.\",\"inLanguage\":\"es\",\"potentialAction\":[{\"@type\":\"ReadAction\",\"target\":[\"https:\\\/\\\/ipautomationinc.com\\\/t-series\\\/\"]}]},{\"@type\":\"ImageObject\",\"inLanguage\":\"es\",\"@id\":\"https:\\\/\\\/ipautomationinc.com\\\/t-series\\\/#primaryimage\",\"url\":\"https:\\\/\\\/ipautomationinc.com\\\/wp-content\\\/uploads\\\/2026\\\/03\\\/retractable-saw-cut.png#39676\",\"contentUrl\":\"https:\\\/\\\/ipautomationinc.com\\\/wp-content\\\/uploads\\\/2026\\\/03\\\/retractable-saw-cut.png#39676\"},{\"@type\":\"WebSite\",\"@id\":\"https:\\\/\\\/ipautomationinc.com\\\/#website\",\"url\":\"https:\\\/\\\/ipautomationinc.com\\\/\",\"name\":\"IP Automation Inc\",\"description\":\"Concept... Creation... Reality...\",\"publisher\":{\"@id\":\"https:\\\/\\\/ipautomationinc.com\\\/#organization\"},\"potentialAction\":[{\"@type\":\"SearchAction\",\"target\":{\"@type\":\"EntryPoint\",\"urlTemplate\":\"https:\\\/\\\/ipautomationinc.com\\\/?s={search_term_string}\"},\"query-input\":{\"@type\":\"PropertyValueSpecification\",\"valueRequired\":true,\"valueName\":\"search_term_string\"}}],\"inLanguage\":\"es\"},{\"@type\":\"Organization\",\"@id\":\"https:\\\/\\\/ipautomationinc.com\\\/#organization\",\"name\":\"IP Automation Inc\",\"url\":\"https:\\\/\\\/ipautomationinc.com\\\/\",\"logo\":{\"@type\":\"ImageObject\",\"inLanguage\":\"es\",\"@id\":\"https:\\\/\\\/ipautomationinc.com\\\/#\\\/schema\\\/logo\\\/image\\\/\",\"url\":\"https:\\\/\\\/ipautomationinc.com\\\/wp-content\\\/uploads\\\/2022\\\/05\\\/IPA-Favicon.png\",\"contentUrl\":\"https:\\\/\\\/ipautomationinc.com\\\/wp-content\\\/uploads\\\/2022\\\/05\\\/IPA-Favicon.png\",\"width\":513,\"height\":513,\"caption\":\"IP Automation Inc\"},\"image\":{\"@id\":\"https:\\\/\\\/ipautomationinc.com\\\/#\\\/schema\\\/logo\\\/image\\\/\"},\"sameAs\":[\"https:\\\/\\\/www.facebook.com\\\/ipautomationinc\\\/\",\"https:\\\/\\\/www.linkedin.com\\\/company\\\/ip-automation-inc\\\/\",\"https:\\\/\\\/www.youtube.com\\\/@IPAutomation\"]}]}<\/script>\n<!-- \/ Yoast SEO plugin. -->","yoast_head_json":{"title":"Dobladora de tubos CNC 3D Serie T | IP Automation Inc.","description":"La serie T es una dobladora de tubos CNC 3D que procesa bobinas de material utilizando cabezales de doble doblado para el doblado por laminaci\u00f3n y por compresi\u00f3n.","robots":{"index":"index","follow":"follow","max-snippet":"max-snippet:-1","max-image-preview":"max-image-preview:large","max-video-preview":"max-video-preview:-1"},"canonical":"https:\/\/ipautomationinc.com\/es\/serie-t\/","og_locale":"es_MX","og_type":"article","og_title":"T Series 3D CNC Tube Bender | IP Automation Inc","og_description":"The T series is a 3D CNC tubing bender that processes coil stockusing dual bend heads for roll and compression bending.","og_url":"https:\/\/ipautomationinc.com\/es\/serie-t\/","og_site_name":"IP Automation Inc","article_publisher":"https:\/\/www.facebook.com\/ipautomationinc\/","article_modified_time":"2026-03-31T21:05:13+00:00","og_image":[{"url":"https:\/\/ipautomationinc.com\/wp-content\/uploads\/2026\/03\/retractable-saw-cut.png#39676","type":"","width":"","height":""}],"schema":{"@context":"https:\/\/schema.org","@graph":[{"@type":"WebPage","@id":"https:\/\/ipautomationinc.com\/t-series\/","url":"https:\/\/ipautomationinc.com\/t-series\/","name":"Dobladora de tubos CNC 3D Serie T | IP Automation Inc.","isPartOf":{"@id":"https:\/\/ipautomationinc.com\/#website"},"primaryImageOfPage":{"@id":"https:\/\/ipautomationinc.com\/t-series\/#primaryimage"},"image":{"@id":"https:\/\/ipautomationinc.com\/t-series\/#primaryimage"},"thumbnailUrl":"https:\/\/ipautomationinc.com\/wp-content\/uploads\/2026\/03\/retractable-saw-cut.png#39676","datePublished":"2026-03-31T20:35:20+00:00","dateModified":"2026-03-31T21:05:13+00:00","description":"La serie T es una dobladora de tubos CNC 3D que procesa bobinas de material utilizando cabezales de doble doblado para el doblado por laminaci\u00f3n y por compresi\u00f3n.","inLanguage":"es","potentialAction":[{"@type":"ReadAction","target":["https:\/\/ipautomationinc.com\/t-series\/"]}]},{"@type":"ImageObject","inLanguage":"es","@id":"https:\/\/ipautomationinc.com\/t-series\/#primaryimage","url":"https:\/\/ipautomationinc.com\/wp-content\/uploads\/2026\/03\/retractable-saw-cut.png#39676","contentUrl":"https:\/\/ipautomationinc.com\/wp-content\/uploads\/2026\/03\/retractable-saw-cut.png#39676"},{"@type":"WebSite","@id":"https:\/\/ipautomationinc.com\/#website","url":"https:\/\/ipautomationinc.com\/","name":"IP Automation Inc","description":"Concepto... Creaci\u00f3n... Realidad...","publisher":{"@id":"https:\/\/ipautomationinc.com\/#organization"},"potentialAction":[{"@type":"SearchAction","target":{"@type":"EntryPoint","urlTemplate":"https:\/\/ipautomationinc.com\/?s={search_term_string}"},"query-input":{"@type":"PropertyValueSpecification","valueRequired":true,"valueName":"search_term_string"}}],"inLanguage":"es"},{"@type":"Organization","@id":"https:\/\/ipautomationinc.com\/#organization","name":"IP Automation Inc","url":"https:\/\/ipautomationinc.com\/","logo":{"@type":"ImageObject","inLanguage":"es","@id":"https:\/\/ipautomationinc.com\/#\/schema\/logo\/image\/","url":"https:\/\/ipautomationinc.com\/wp-content\/uploads\/2022\/05\/IPA-Favicon.png","contentUrl":"https:\/\/ipautomationinc.com\/wp-content\/uploads\/2022\/05\/IPA-Favicon.png","width":513,"height":513,"caption":"IP Automation Inc"},"image":{"@id":"https:\/\/ipautomationinc.com\/#\/schema\/logo\/image\/"},"sameAs":["https:\/\/www.facebook.com\/ipautomationinc\/","https:\/\/www.linkedin.com\/company\/ip-automation-inc\/","https:\/\/www.youtube.com\/@IPAutomation"]}]}},"_links":{"self":[{"href":"https:\/\/ipautomationinc.com\/es\/wp-json\/wp\/v2\/pages\/39678","targetHints":{"allow":["GET"]}}],"collection":[{"href":"https:\/\/ipautomationinc.com\/es\/wp-json\/wp\/v2\/pages"}],"about":[{"href":"https:\/\/ipautomationinc.com\/es\/wp-json\/wp\/v2\/types\/page"}],"author":[{"embeddable":true,"href":"https:\/\/ipautomationinc.com\/es\/wp-json\/wp\/v2\/users\/3"}],"replies":[{"embeddable":true,"href":"https:\/\/ipautomationinc.com\/es\/wp-json\/wp\/v2\/comments?post=39678"}],"version-history":[{"count":3,"href":"https:\/\/ipautomationinc.com\/es\/wp-json\/wp\/v2\/pages\/39678\/revisions"}],"predecessor-version":[{"id":39697,"href":"https:\/\/ipautomationinc.com\/es\/wp-json\/wp\/v2\/pages\/39678\/revisions\/39697"}],"wp:attachment":[{"href":"https:\/\/ipautomationinc.com\/es\/wp-json\/wp\/v2\/media?parent=39678"}],"curies":[{"name":"Gracias","href":"https:\/\/api.w.org\/{rel}","templated":true}]}}