{"id":36733,"date":"2024-10-28T11:12:19","date_gmt":"2024-10-28T16:12:19","guid":{"rendered":"https:\/\/ipautomationinc.com\/?page_id=36733"},"modified":"2025-06-06T20:46:49","modified_gmt":"2025-06-06T20:46:49","slug":"broca-de-chaflan","status":"publish","type":"page","link":"https:\/\/ipautomationinc.com\/es\/accessories\/chamfer-drill\/","title":{"rendered":"Estaci\u00f3n de perforaci\u00f3n de chaflanes"},"content":{"rendered":"<p><strong>La estaci\u00f3n de chafl\u00e1n\/taladro CD-8 y CD-13 es un potente accesorio para el procesamiento de alambre que eliminar\u00e1 el trabajo manual en los procesos de taladrado y chaflanado. Esta unidad est\u00e1 dise\u00f1ada para integrarse con nuestras dobladoras CNC a trav\u00e9s de uno de nuestros paquetes de robot Intellimate. La unidad de taladrado o chaflanado trabaja simult\u00e1neamente con las operaciones de la dobladora en un proceso eficiente y esbelto que elimina el desperdicio en WIP, los pasos de movimiento y el tiempo de espera.<\/strong><\/p>\n\n\n\n<p>&lt; back to accessories<br>h2<br>centro centro<br>izquierda<br>#949494<br>esconder<br><br>Estaci\u00f3n de chafl\u00e1n\/perforaci\u00f3n<br>h1<br>centro centro<br>izquierda<br>esconder<br><br><img decoding=\"async\" src=\"https:\/\/ipautomationinc.com\/wp-content\/uploads\/2024\/08\/chamfer-drill.png#36736\" alt=\"broca de chafl\u00e1n\"><br>lleno<br>contener<br>centro centro<br>esconder<br><br><h4>La estaci\u00f3n de chafl\u00e1n\/taladro CD-8 y CD-13 es un potente accesorio para el procesamiento de alambre que eliminar\u00e1 el trabajo manual en los procesos de taladrado y chaflanado. Esta unidad est\u00e1 dise\u00f1ada para integrarse con nuestras dobladoras CNC a trav\u00e9s de uno de nuestros paquetes de robot Intellimate. La unidad de taladrado o chaflanado trabaja simult\u00e1neamente con las operaciones de la dobladora en un proceso eficiente y esbelto que elimina el desperdicio en WIP, los pasos de movimiento y el tiempo de espera.<\/h4><br><br><h4>La estaci\u00f3n de chafl\u00e1n\/taladrado sujeta la pieza con pinzas neum\u00e1ticas personalizadas y ejecuta el proceso con la respetada unidad de accionamiento el\u00e9ctrico\/neum\u00e1tico de velocidad variable Sugino Selfeed. Este dise\u00f1o inteligente cuenta con un conducto de recolecci\u00f3n de virutas que cambia de posici\u00f3n cuando la pieza est\u00e1 completa para actuar como conducto de salida.<\/h4><br><br><h4>Combinamos esta unidad con un cabezal de perforaci\u00f3n con sensor de rotura de herramienta o una fresa hueca ajustable para biselar.<\/h4><br>#000000<br><br>36828,36829<br>lleno<br>4<br>300 p\u00edxeles<br>300 p\u00edxeles<br><br>10<br>esconder<br><br>Medios de comunicaci\u00f3n<br>h3<br>centro centro<br>centro<br>esconder<br><br>996829835<br>contener<br>centro centro<br>esconder<br><br>10<br>esconder<br><br>Caracter\u00edsticas<br>h3<br>centro centro<br>centro<br>esconder<br><br>Caracter\u00edsticas clave<br><br><br>Unidad de biselado el\u00e9ctrica aut\u00f3noma<br><br>Husillo con capacidad de autoalimentaci\u00f3n<br><br>Abrazadera de alambre incorporada y adaptador de cabezal de biselado<br><br>Requerido: <a href=\"https:\/\/ipautomationinc.com\/es\/accesorios\/robotica\/\">Robot inteligente<\/a>, suministro de aire y suministro de energ\u00eda<br><br><br>centro<br>#EBEBEB<br>#222222<br>esconder<br><br>10<br>esconder<br><br>Especificaciones<br>h3<br>centro centro<br>centro<br>esconder<br><br><br><br><br><br><\/p>","protected":false},"excerpt":{"rendered":"<p>The CD-8 and CD-13 Chamfer\/Drill station is a powerful wire processing accessory that will eliminate hand labor on drilling and<span class=\"excerpt-hellip\"> [\u2026]<\/span><\/p>\n","protected":false},"author":3,"featured_media":0,"parent":7745,"menu_order":0,"comment_status":"closed","ping_status":"closed","template":"","meta":{"footnotes":""},"class_list":["post-36733","page","type-page","status-publish","hentry"],"yoast_head":"<!-- This site is optimized with the Yoast SEO plugin v27.3 - https:\/\/yoast.com\/product\/yoast-seo-wordpress\/ -->\n<title>Chamfer Drilling Station | IP Automation Inc<\/title>\n<meta name=\"description\" content=\"The Chamfer\/Drill station is a powerful wire processing accessory that will eliminate hand labor on drilling and chamfering processes.\" \/>\n<meta name=\"robots\" content=\"index, follow, max-snippet:-1, max-image-preview:large, max-video-preview:-1\" \/>\n<link rel=\"canonical\" href=\"https:\/\/ipautomationinc.com\/es\/accesorios\/broca-de-chaflan\/\" \/>\n<meta property=\"og:locale\" content=\"es_MX\" \/>\n<meta property=\"og:type\" content=\"article\" \/>\n<meta property=\"og:title\" content=\"Chamfer Drilling Station | IP Automation Inc\" \/>\n<meta property=\"og:description\" content=\"The Chamfer\/Drill station is a powerful wire processing accessory that will eliminate hand labor on drilling and chamfering processes.\" \/>\n<meta property=\"og:url\" content=\"https:\/\/ipautomationinc.com\/es\/accesorios\/broca-de-chaflan\/\" \/>\n<meta property=\"og:site_name\" content=\"IP Automation Inc\" \/>\n<meta property=\"article:publisher\" content=\"https:\/\/www.facebook.com\/ipautomationinc\/\" \/>\n<meta property=\"article:modified_time\" content=\"2025-06-06T20:46:49+00:00\" \/>\n<meta property=\"og:image\" content=\"https:\/\/ipautomationinc.com\/wp-content\/uploads\/2024\/08\/chamfer-drill.png#36736\" \/>\n<script type=\"application\/ld+json\" class=\"yoast-schema-graph\">{\"@context\":\"https:\\\/\\\/schema.org\",\"@graph\":[{\"@type\":\"WebPage\",\"@id\":\"https:\\\/\\\/ipautomationinc.com\\\/accessories\\\/chamfer-drill\\\/\",\"url\":\"https:\\\/\\\/ipautomationinc.com\\\/accessories\\\/chamfer-drill\\\/\",\"name\":\"Chamfer Drilling Station | IP Automation Inc\",\"isPartOf\":{\"@id\":\"https:\\\/\\\/ipautomationinc.com\\\/#website\"},\"primaryImageOfPage\":{\"@id\":\"https:\\\/\\\/ipautomationinc.com\\\/accessories\\\/chamfer-drill\\\/#primaryimage\"},\"image\":{\"@id\":\"https:\\\/\\\/ipautomationinc.com\\\/accessories\\\/chamfer-drill\\\/#primaryimage\"},\"thumbnailUrl\":\"https:\\\/\\\/ipautomationinc.com\\\/wp-content\\\/uploads\\\/2024\\\/08\\\/chamfer-drill.png#36736\",\"datePublished\":\"2024-10-28T16:12:19+00:00\",\"dateModified\":\"2025-06-06T20:46:49+00:00\",\"description\":\"The Chamfer\\\/Drill station is a powerful wire processing accessory that will eliminate hand labor on drilling and chamfering processes.\",\"breadcrumb\":{\"@id\":\"https:\\\/\\\/ipautomationinc.com\\\/accessories\\\/chamfer-drill\\\/#breadcrumb\"},\"inLanguage\":\"es\",\"potentialAction\":[{\"@type\":\"ReadAction\",\"target\":[\"https:\\\/\\\/ipautomationinc.com\\\/accessories\\\/chamfer-drill\\\/\"]}]},{\"@type\":\"ImageObject\",\"inLanguage\":\"es\",\"@id\":\"https:\\\/\\\/ipautomationinc.com\\\/accessories\\\/chamfer-drill\\\/#primaryimage\",\"url\":\"https:\\\/\\\/ipautomationinc.com\\\/wp-content\\\/uploads\\\/2024\\\/08\\\/chamfer-drill.png#36736\",\"contentUrl\":\"https:\\\/\\\/ipautomationinc.com\\\/wp-content\\\/uploads\\\/2024\\\/08\\\/chamfer-drill.png#36736\"},{\"@type\":\"BreadcrumbList\",\"@id\":\"https:\\\/\\\/ipautomationinc.com\\\/accessories\\\/chamfer-drill\\\/#breadcrumb\",\"itemListElement\":[{\"@type\":\"ListItem\",\"position\":1,\"name\":\"Accessories\",\"item\":\"https:\\\/\\\/ipautomationinc.com\\\/accessories\\\/\"},{\"@type\":\"ListItem\",\"position\":2,\"name\":\"Chamfer Drilling Station\"}]},{\"@type\":\"WebSite\",\"@id\":\"https:\\\/\\\/ipautomationinc.com\\\/#website\",\"url\":\"https:\\\/\\\/ipautomationinc.com\\\/\",\"name\":\"IP Automation Inc\",\"description\":\"Concept... Creation... Reality...\",\"publisher\":{\"@id\":\"https:\\\/\\\/ipautomationinc.com\\\/#organization\"},\"potentialAction\":[{\"@type\":\"SearchAction\",\"target\":{\"@type\":\"EntryPoint\",\"urlTemplate\":\"https:\\\/\\\/ipautomationinc.com\\\/?s={search_term_string}\"},\"query-input\":{\"@type\":\"PropertyValueSpecification\",\"valueRequired\":true,\"valueName\":\"search_term_string\"}}],\"inLanguage\":\"es\"},{\"@type\":\"Organization\",\"@id\":\"https:\\\/\\\/ipautomationinc.com\\\/#organization\",\"name\":\"IP Automation Inc\",\"url\":\"https:\\\/\\\/ipautomationinc.com\\\/\",\"logo\":{\"@type\":\"ImageObject\",\"inLanguage\":\"es\",\"@id\":\"https:\\\/\\\/ipautomationinc.com\\\/#\\\/schema\\\/logo\\\/image\\\/\",\"url\":\"https:\\\/\\\/ipautomationinc.com\\\/wp-content\\\/uploads\\\/2022\\\/05\\\/IPA-Favicon.png\",\"contentUrl\":\"https:\\\/\\\/ipautomationinc.com\\\/wp-content\\\/uploads\\\/2022\\\/05\\\/IPA-Favicon.png\",\"width\":513,\"height\":513,\"caption\":\"IP Automation Inc\"},\"image\":{\"@id\":\"https:\\\/\\\/ipautomationinc.com\\\/#\\\/schema\\\/logo\\\/image\\\/\"},\"sameAs\":[\"https:\\\/\\\/www.facebook.com\\\/ipautomationinc\\\/\",\"https:\\\/\\\/www.linkedin.com\\\/company\\\/ip-automation-inc\\\/\",\"https:\\\/\\\/www.youtube.com\\\/@IPAutomation\"]}]}<\/script>\n<!-- \/ Yoast SEO plugin. -->","yoast_head_json":{"title":"Estaci\u00f3n de perforaci\u00f3n de chaflanes | IP Automation Inc","description":"La estaci\u00f3n de taladrado y chafl\u00e1n es un potente accesorio de procesamiento de alambre que eliminar\u00e1 el trabajo manual en los procesos de taladrado y chafl\u00e1n.","robots":{"index":"index","follow":"follow","max-snippet":"max-snippet:-1","max-image-preview":"max-image-preview:large","max-video-preview":"max-video-preview:-1"},"canonical":"https:\/\/ipautomationinc.com\/es\/accesorios\/broca-de-chaflan\/","og_locale":"es_MX","og_type":"article","og_title":"Chamfer Drilling Station | IP Automation Inc","og_description":"The Chamfer\/Drill station is a powerful wire processing accessory that will eliminate hand labor on drilling and chamfering processes.","og_url":"https:\/\/ipautomationinc.com\/es\/accesorios\/broca-de-chaflan\/","og_site_name":"IP Automation Inc","article_publisher":"https:\/\/www.facebook.com\/ipautomationinc\/","article_modified_time":"2025-06-06T20:46:49+00:00","og_image":[{"url":"https:\/\/ipautomationinc.com\/wp-content\/uploads\/2024\/08\/chamfer-drill.png#36736","type":"","width":"","height":""}],"schema":{"@context":"https:\/\/schema.org","@graph":[{"@type":"WebPage","@id":"https:\/\/ipautomationinc.com\/accessories\/chamfer-drill\/","url":"https:\/\/ipautomationinc.com\/accessories\/chamfer-drill\/","name":"Estaci\u00f3n de perforaci\u00f3n de chaflanes | IP Automation Inc","isPartOf":{"@id":"https:\/\/ipautomationinc.com\/#website"},"primaryImageOfPage":{"@id":"https:\/\/ipautomationinc.com\/accessories\/chamfer-drill\/#primaryimage"},"image":{"@id":"https:\/\/ipautomationinc.com\/accessories\/chamfer-drill\/#primaryimage"},"thumbnailUrl":"https:\/\/ipautomationinc.com\/wp-content\/uploads\/2024\/08\/chamfer-drill.png#36736","datePublished":"2024-10-28T16:12:19+00:00","dateModified":"2025-06-06T20:46:49+00:00","description":"La estaci\u00f3n de taladrado y chafl\u00e1n es un potente accesorio de procesamiento de alambre que eliminar\u00e1 el trabajo manual en los procesos de taladrado y chafl\u00e1n.","breadcrumb":{"@id":"https:\/\/ipautomationinc.com\/accessories\/chamfer-drill\/#breadcrumb"},"inLanguage":"es","potentialAction":[{"@type":"ReadAction","target":["https:\/\/ipautomationinc.com\/accessories\/chamfer-drill\/"]}]},{"@type":"ImageObject","inLanguage":"es","@id":"https:\/\/ipautomationinc.com\/accessories\/chamfer-drill\/#primaryimage","url":"https:\/\/ipautomationinc.com\/wp-content\/uploads\/2024\/08\/chamfer-drill.png#36736","contentUrl":"https:\/\/ipautomationinc.com\/wp-content\/uploads\/2024\/08\/chamfer-drill.png#36736"},{"@type":"BreadcrumbList","@id":"https:\/\/ipautomationinc.com\/accessories\/chamfer-drill\/#breadcrumb","itemListElement":[{"@type":"ListItem","position":1,"name":"Accessories","item":"https:\/\/ipautomationinc.com\/accessories\/"},{"@type":"ListItem","position":2,"name":"Chamfer Drilling Station"}]},{"@type":"WebSite","@id":"https:\/\/ipautomationinc.com\/#website","url":"https:\/\/ipautomationinc.com\/","name":"IP Automation Inc","description":"Concepto... Creaci\u00f3n... Realidad...","publisher":{"@id":"https:\/\/ipautomationinc.com\/#organization"},"potentialAction":[{"@type":"SearchAction","target":{"@type":"EntryPoint","urlTemplate":"https:\/\/ipautomationinc.com\/?s={search_term_string}"},"query-input":{"@type":"PropertyValueSpecification","valueRequired":true,"valueName":"search_term_string"}}],"inLanguage":"es"},{"@type":"Organization","@id":"https:\/\/ipautomationinc.com\/#organization","name":"IP Automation Inc","url":"https:\/\/ipautomationinc.com\/","logo":{"@type":"ImageObject","inLanguage":"es","@id":"https:\/\/ipautomationinc.com\/#\/schema\/logo\/image\/","url":"https:\/\/ipautomationinc.com\/wp-content\/uploads\/2022\/05\/IPA-Favicon.png","contentUrl":"https:\/\/ipautomationinc.com\/wp-content\/uploads\/2022\/05\/IPA-Favicon.png","width":513,"height":513,"caption":"IP Automation Inc"},"image":{"@id":"https:\/\/ipautomationinc.com\/#\/schema\/logo\/image\/"},"sameAs":["https:\/\/www.facebook.com\/ipautomationinc\/","https:\/\/www.linkedin.com\/company\/ip-automation-inc\/","https:\/\/www.youtube.com\/@IPAutomation"]}]}},"_links":{"self":[{"href":"https:\/\/ipautomationinc.com\/es\/wp-json\/wp\/v2\/pages\/36733","targetHints":{"allow":["GET"]}}],"collection":[{"href":"https:\/\/ipautomationinc.com\/es\/wp-json\/wp\/v2\/pages"}],"about":[{"href":"https:\/\/ipautomationinc.com\/es\/wp-json\/wp\/v2\/types\/page"}],"author":[{"embeddable":true,"href":"https:\/\/ipautomationinc.com\/es\/wp-json\/wp\/v2\/users\/3"}],"replies":[{"embeddable":true,"href":"https:\/\/ipautomationinc.com\/es\/wp-json\/wp\/v2\/comments?post=36733"}],"version-history":[{"count":2,"href":"https:\/\/ipautomationinc.com\/es\/wp-json\/wp\/v2\/pages\/36733\/revisions"}],"predecessor-version":[{"id":36839,"href":"https:\/\/ipautomationinc.com\/es\/wp-json\/wp\/v2\/pages\/36733\/revisions\/36839"}],"up":[{"embeddable":true,"href":"https:\/\/ipautomationinc.com\/es\/wp-json\/wp\/v2\/pages\/7745"}],"wp:attachment":[{"href":"https:\/\/ipautomationinc.com\/es\/wp-json\/wp\/v2\/media?parent=36733"}],"curies":[{"name":"Gracias","href":"https:\/\/api.w.org\/{rel}","templated":true}]}}