{"id":36690,"date":"2024-07-25T15:28:26","date_gmt":"2024-07-25T20:28:26","guid":{"rendered":"https:\/\/ipautomationinc.com\/?page_id=36690"},"modified":"2026-04-01T11:36:31","modified_gmt":"2026-04-01T16:36:31","slug":"dobladoras-de-alambre-cnc-de-doble-cabezal","status":"publish","type":"page","link":"https:\/\/ipautomationinc.com\/es\/double-head-cnc-wire-benders\/","title":{"rendered":"Dobladoras de alambre CNC de doble cabezal"},"content":{"rendered":"<h6 class=\"wp-block-heading\"><strong>Explore nuestra gama de dobladoras de alambre CNC de doble cabezal. Serie ID, dobladora de alambre CNC de doble cabezal, di\u00e1metro de alambre de 2-10 mm. Serie ID-MS, dobladora de alambre CNC de doble cabezal multietapa, di\u00e1metro de alambre de 1,5-6 mm. Serie ID-SS, dobladora de alambre CNC de doble cabezal de una etapa, di\u00e1metro de alambre de 1,5-6 mm.<\/strong><\/h6>\n\n\n\n<p>Dobladoras de alambre CNC de doble cabezal<br>h1<br>centro centro<br>centro<br>esconder<br><br>ancho<br><br><img decoding=\"async\" src=\"https:\/\/ipautomationinc.com\/wp-content\/uploads\/2024\/05\/NEW-i8-D-RGB.png#36635\" alt=\"NUEVO i8-D RGB\"><br>lleno<br><a href=\"https:\/\/ipautomationinc.com\/es\/serie-i-d\/\">https:\/\/ipautomationinc.com\/i-d-series\/<\/a><br>desactivar<br>Dobladora de alambre cnc de doble cabezal<br>contener<br>centro centro<br>centro<br>esconder<br><br>Serie i-D<br>h2<br>centro centro<br>centro<br>esconder<br><br>Aprende m\u00e1s<br><a href=\"https:\/\/ipautomationinc.com\/es\/serie-i-d\/\">https:\/\/ipautomationinc.com\/i-d-series\/<\/a><br>izquierda<br>2<br>tema_boton<br>centro<br>esconder<br><br>Dobladoras de alambre CNC de doble cabezal<br>h3<br>centro centro<br>centro<br>esconder<br><br><h5>La m\u00e1quina formadora de alambre CNC 3D de doble cabezal serie i-D es una opci\u00f3n ideal y popular para aplicaciones que requieren marcos de alambre grandes y precisos.<\/h5><br><br><br><br>2-10 mm* Di\u00e1metro del alambre<br><br>Perfecto para alambres de bordes de asientos de autom\u00f3viles, marcos de ensamblaje de asientos, bordes de estanter\u00edas y rejillas de hornos.<br><br><br>centro<br>esconder<br><br><img decoding=\"async\" src=\"https:\/\/ipautomationinc.com\/wp-content\/uploads\/2024\/07\/i4-d-ms-web.png#36681\" alt=\"Web i4-d-ms\"><br>lleno<br><a href=\"https:\/\/ipautomationinc.com\/es\/serie-i-d-ms\/\">https:\/\/ipautomationinc.com\/i-d-ms-series\/<\/a><br>desactivar<br>Dobladora de alambre cnc de doble cabezal<br>contener<br>centro centro<br>76.5%<br>centro<br>esconder<br><br>Serie i-D-MS<br>h2<br>centro centro<br>centro<br>esconder<br><br>Aprende m\u00e1s<br><a href=\"https:\/\/ipautomationinc.com\/es\/serie-i-d-ms\/\">https:\/\/ipautomationinc.com\/i-d-ms-series\/<\/a><br>izquierda<br>2<br>tema_boton<br>centro<br>esconder<br><br>Dobladoras de alambre CNC de doble cabezal multietapa<br>h3<br>centro centro<br>centro<br>esconder<br><br><h5>La dobladora de alambre CNC de etapas m\u00faltiples de la serie i-D-MS est\u00e1 dise\u00f1ada para formas de alambre especializadas de alta precisi\u00f3n que requieren operaciones de doblado separadas.<\/h5><br><br><br><br>1,5-6 mm* Di\u00e1metro del cable<br><br>Perfecto para listados de precisi\u00f3n y alambres de asiento, piezas de tolerancia estricta para operaciones de sobremoldeo<br><br><br>Rumbo + desc.<br>centro<br>sin repetici\u00f3n; arriba a la izquierda;;<br>auto<br>20px<br>0 10%<br><br><img decoding=\"async\" src=\"https:\/\/ipautomationinc.com\/wp-content\/uploads\/2024\/07\/i4-D-SS-RGB.png#36680\" alt=\"i4-D-SS RGB\"><br>lleno<br><a href=\"https:\/\/ipautomationinc.com\/es\/serie-i-d-ss\/\">https:\/\/ipautomationinc.com\/i-d-ss-series\/<\/a><br>desactivar<br>Dobladora de alambre cnc de doble cabezal<br>contener<br>centro centro<br>80%<br>centro<br>esconder<br><br>Serie i-D-SS<br>h2<br>centro centro<br>centro<br>esconder<br><br>Aprende m\u00e1s<br><a href=\"https:\/\/ipautomationinc.com\/es\/serie-i-d-ss\/\">https:\/\/ipautomationinc.com\/i-d-ss-series\/<\/a><br>izquierda<br>2<br>tema_boton<br>centro<br>esconder<br><br>Dobladoras de alambre CNC de cabezal doble de una sola etapa para alambres recortados\/listados<br>h3<br>centro centro<br>centro<br>esconder<br><br><h5>La serie iD-SS es ideal para doblar grandes vol\u00famenes de alambres de listado simple en 3D. Permite crear muchas de las formas comunes que la iD-MS, pero a un costo significativamente menor.<\/h5><br><br><br><br>1,5-6 mm* Di\u00e1metro del cable<br><br>Perfecto para listados de precisi\u00f3n y alambres de asiento, piezas de tolerancia estricta para operaciones de sobremoldeo<br><br><br>Rumbo + desc.<br>centro<br>sin repetici\u00f3n; arriba a la izquierda;;<br>auto<br>20px<br>0 10%<br><br><\/p>","protected":false},"excerpt":{"rendered":"<p>Explore our range of double head CNC wire benders. I-D series double head CNC wire bender, 2-10mm wire diameter. I-D-MS<span class=\"excerpt-hellip\"> [\u2026]<\/span><\/p>\n","protected":false},"author":3,"featured_media":0,"parent":0,"menu_order":0,"comment_status":"closed","ping_status":"closed","template":"","meta":{"footnotes":""},"class_list":["post-36690","page","type-page","status-publish","hentry"],"yoast_head":"<!-- This site is optimized with the Yoast SEO plugin v27.3 - https:\/\/yoast.com\/product\/yoast-seo-wordpress\/ -->\n<title>Double Head CNC Wire Benders | IP Automation Inc<\/title>\n<meta name=\"description\" content=\"Explore our selection of Double Head CNC Wire Benders to find the perfect one for you. Quality made in the USA machinery.\" \/>\n<meta name=\"robots\" content=\"index, follow, max-snippet:-1, max-image-preview:large, max-video-preview:-1\" \/>\n<link rel=\"canonical\" href=\"https:\/\/ipautomationinc.com\/es\/dobladoras-de-alambre-cnc-de-doble-cabezal\/\" \/>\n<meta property=\"og:locale\" content=\"es_MX\" \/>\n<meta property=\"og:type\" content=\"article\" \/>\n<meta property=\"og:title\" content=\"Double Head CNC Wire Benders | IP Automation Inc\" \/>\n<meta property=\"og:description\" content=\"Explore our selection of Double Head CNC Wire Benders to find the perfect one for you. Quality made in the USA machinery.\" \/>\n<meta property=\"og:url\" content=\"https:\/\/ipautomationinc.com\/es\/dobladoras-de-alambre-cnc-de-doble-cabezal\/\" \/>\n<meta property=\"og:site_name\" content=\"IP Automation Inc\" \/>\n<meta property=\"article:publisher\" content=\"https:\/\/www.facebook.com\/ipautomationinc\/\" \/>\n<meta property=\"article:modified_time\" content=\"2026-04-01T16:36:31+00:00\" \/>\n<meta property=\"og:image\" content=\"https:\/\/ipautomationinc.com\/wp-content\/uploads\/2024\/05\/NEW-i8-D-RGB.png#36635\" \/>\n<script type=\"application\/ld+json\" class=\"yoast-schema-graph\">{\"@context\":\"https:\\\/\\\/schema.org\",\"@graph\":[{\"@type\":\"WebPage\",\"@id\":\"https:\\\/\\\/ipautomationinc.com\\\/double-head-cnc-wire-benders\\\/\",\"url\":\"https:\\\/\\\/ipautomationinc.com\\\/double-head-cnc-wire-benders\\\/\",\"name\":\"Double Head CNC Wire Benders | IP Automation Inc\",\"isPartOf\":{\"@id\":\"https:\\\/\\\/ipautomationinc.com\\\/#website\"},\"primaryImageOfPage\":{\"@id\":\"https:\\\/\\\/ipautomationinc.com\\\/double-head-cnc-wire-benders\\\/#primaryimage\"},\"image\":{\"@id\":\"https:\\\/\\\/ipautomationinc.com\\\/double-head-cnc-wire-benders\\\/#primaryimage\"},\"thumbnailUrl\":\"https:\\\/\\\/ipautomationinc.com\\\/wp-content\\\/uploads\\\/2024\\\/05\\\/NEW-i8-D-RGB.png#36635\",\"datePublished\":\"2024-07-25T20:28:26+00:00\",\"dateModified\":\"2026-04-01T16:36:31+00:00\",\"description\":\"Explore our selection of Double Head CNC Wire Benders to find the perfect one for you. Quality made in the USA machinery.\",\"inLanguage\":\"es\",\"potentialAction\":[{\"@type\":\"ReadAction\",\"target\":[\"https:\\\/\\\/ipautomationinc.com\\\/double-head-cnc-wire-benders\\\/\"]}]},{\"@type\":\"ImageObject\",\"inLanguage\":\"es\",\"@id\":\"https:\\\/\\\/ipautomationinc.com\\\/double-head-cnc-wire-benders\\\/#primaryimage\",\"url\":\"https:\\\/\\\/ipautomationinc.com\\\/wp-content\\\/uploads\\\/2024\\\/05\\\/NEW-i8-D-RGB.png#36635\",\"contentUrl\":\"https:\\\/\\\/ipautomationinc.com\\\/wp-content\\\/uploads\\\/2024\\\/05\\\/NEW-i8-D-RGB.png#36635\"},{\"@type\":\"WebSite\",\"@id\":\"https:\\\/\\\/ipautomationinc.com\\\/#website\",\"url\":\"https:\\\/\\\/ipautomationinc.com\\\/\",\"name\":\"IP Automation Inc\",\"description\":\"Concept... Creation... Reality...\",\"publisher\":{\"@id\":\"https:\\\/\\\/ipautomationinc.com\\\/#organization\"},\"potentialAction\":[{\"@type\":\"SearchAction\",\"target\":{\"@type\":\"EntryPoint\",\"urlTemplate\":\"https:\\\/\\\/ipautomationinc.com\\\/?s={search_term_string}\"},\"query-input\":{\"@type\":\"PropertyValueSpecification\",\"valueRequired\":true,\"valueName\":\"search_term_string\"}}],\"inLanguage\":\"es\"},{\"@type\":\"Organization\",\"@id\":\"https:\\\/\\\/ipautomationinc.com\\\/#organization\",\"name\":\"IP Automation Inc\",\"url\":\"https:\\\/\\\/ipautomationinc.com\\\/\",\"logo\":{\"@type\":\"ImageObject\",\"inLanguage\":\"es\",\"@id\":\"https:\\\/\\\/ipautomationinc.com\\\/#\\\/schema\\\/logo\\\/image\\\/\",\"url\":\"https:\\\/\\\/ipautomationinc.com\\\/wp-content\\\/uploads\\\/2022\\\/05\\\/IPA-Favicon.png\",\"contentUrl\":\"https:\\\/\\\/ipautomationinc.com\\\/wp-content\\\/uploads\\\/2022\\\/05\\\/IPA-Favicon.png\",\"width\":513,\"height\":513,\"caption\":\"IP Automation Inc\"},\"image\":{\"@id\":\"https:\\\/\\\/ipautomationinc.com\\\/#\\\/schema\\\/logo\\\/image\\\/\"},\"sameAs\":[\"https:\\\/\\\/www.facebook.com\\\/ipautomationinc\\\/\",\"https:\\\/\\\/www.linkedin.com\\\/company\\\/ip-automation-inc\\\/\",\"https:\\\/\\\/www.youtube.com\\\/@IPAutomation\"]}]}<\/script>\n<!-- \/ Yoast SEO plugin. -->","yoast_head_json":{"title":"Dobladoras de alambre CNC de doble cabezal | Automatizaci\u00f3n IP Inc.","description":"Explore nuestra selecci\u00f3n de dobladoras de alambre CNC de doble cabezal para encontrar la perfecta para usted. Maquinaria de calidad fabricada en Estados Unidos.","robots":{"index":"index","follow":"follow","max-snippet":"max-snippet:-1","max-image-preview":"max-image-preview:large","max-video-preview":"max-video-preview:-1"},"canonical":"https:\/\/ipautomationinc.com\/es\/dobladoras-de-alambre-cnc-de-doble-cabezal\/","og_locale":"es_MX","og_type":"article","og_title":"Double Head CNC Wire Benders | IP Automation Inc","og_description":"Explore our selection of Double Head CNC Wire Benders to find the perfect one for you. Quality made in the USA machinery.","og_url":"https:\/\/ipautomationinc.com\/es\/dobladoras-de-alambre-cnc-de-doble-cabezal\/","og_site_name":"IP Automation Inc","article_publisher":"https:\/\/www.facebook.com\/ipautomationinc\/","article_modified_time":"2026-04-01T16:36:31+00:00","og_image":[{"url":"https:\/\/ipautomationinc.com\/wp-content\/uploads\/2024\/05\/NEW-i8-D-RGB.png#36635","type":"","width":"","height":""}],"schema":{"@context":"https:\/\/schema.org","@graph":[{"@type":"WebPage","@id":"https:\/\/ipautomationinc.com\/double-head-cnc-wire-benders\/","url":"https:\/\/ipautomationinc.com\/double-head-cnc-wire-benders\/","name":"Dobladoras de alambre CNC de doble cabezal | Automatizaci\u00f3n IP Inc.","isPartOf":{"@id":"https:\/\/ipautomationinc.com\/#website"},"primaryImageOfPage":{"@id":"https:\/\/ipautomationinc.com\/double-head-cnc-wire-benders\/#primaryimage"},"image":{"@id":"https:\/\/ipautomationinc.com\/double-head-cnc-wire-benders\/#primaryimage"},"thumbnailUrl":"https:\/\/ipautomationinc.com\/wp-content\/uploads\/2024\/05\/NEW-i8-D-RGB.png#36635","datePublished":"2024-07-25T20:28:26+00:00","dateModified":"2026-04-01T16:36:31+00:00","description":"Explore nuestra selecci\u00f3n de dobladoras de alambre CNC de doble cabezal para encontrar la perfecta para usted. Maquinaria de calidad fabricada en Estados Unidos.","inLanguage":"es","potentialAction":[{"@type":"ReadAction","target":["https:\/\/ipautomationinc.com\/double-head-cnc-wire-benders\/"]}]},{"@type":"ImageObject","inLanguage":"es","@id":"https:\/\/ipautomationinc.com\/double-head-cnc-wire-benders\/#primaryimage","url":"https:\/\/ipautomationinc.com\/wp-content\/uploads\/2024\/05\/NEW-i8-D-RGB.png#36635","contentUrl":"https:\/\/ipautomationinc.com\/wp-content\/uploads\/2024\/05\/NEW-i8-D-RGB.png#36635"},{"@type":"WebSite","@id":"https:\/\/ipautomationinc.com\/#website","url":"https:\/\/ipautomationinc.com\/","name":"IP Automation Inc","description":"Concepto... Creaci\u00f3n... Realidad...","publisher":{"@id":"https:\/\/ipautomationinc.com\/#organization"},"potentialAction":[{"@type":"SearchAction","target":{"@type":"EntryPoint","urlTemplate":"https:\/\/ipautomationinc.com\/?s={search_term_string}"},"query-input":{"@type":"PropertyValueSpecification","valueRequired":true,"valueName":"search_term_string"}}],"inLanguage":"es"},{"@type":"Organization","@id":"https:\/\/ipautomationinc.com\/#organization","name":"IP Automation Inc","url":"https:\/\/ipautomationinc.com\/","logo":{"@type":"ImageObject","inLanguage":"es","@id":"https:\/\/ipautomationinc.com\/#\/schema\/logo\/image\/","url":"https:\/\/ipautomationinc.com\/wp-content\/uploads\/2022\/05\/IPA-Favicon.png","contentUrl":"https:\/\/ipautomationinc.com\/wp-content\/uploads\/2022\/05\/IPA-Favicon.png","width":513,"height":513,"caption":"IP Automation Inc"},"image":{"@id":"https:\/\/ipautomationinc.com\/#\/schema\/logo\/image\/"},"sameAs":["https:\/\/www.facebook.com\/ipautomationinc\/","https:\/\/www.linkedin.com\/company\/ip-automation-inc\/","https:\/\/www.youtube.com\/@IPAutomation"]}]}},"_links":{"self":[{"href":"https:\/\/ipautomationinc.com\/es\/wp-json\/wp\/v2\/pages\/36690","targetHints":{"allow":["GET"]}}],"collection":[{"href":"https:\/\/ipautomationinc.com\/es\/wp-json\/wp\/v2\/pages"}],"about":[{"href":"https:\/\/ipautomationinc.com\/es\/wp-json\/wp\/v2\/types\/page"}],"author":[{"embeddable":true,"href":"https:\/\/ipautomationinc.com\/es\/wp-json\/wp\/v2\/users\/3"}],"replies":[{"embeddable":true,"href":"https:\/\/ipautomationinc.com\/es\/wp-json\/wp\/v2\/comments?post=36690"}],"version-history":[{"count":4,"href":"https:\/\/ipautomationinc.com\/es\/wp-json\/wp\/v2\/pages\/36690\/revisions"}],"predecessor-version":[{"id":36708,"href":"https:\/\/ipautomationinc.com\/es\/wp-json\/wp\/v2\/pages\/36690\/revisions\/36708"}],"wp:attachment":[{"href":"https:\/\/ipautomationinc.com\/es\/wp-json\/wp\/v2\/media?parent=36690"}],"curies":[{"name":"Gracias","href":"https:\/\/api.w.org\/{rel}","templated":true}]}}