{"id":36683,"date":"2024-07-25T15:27:56","date_gmt":"2024-07-25T20:27:56","guid":{"rendered":"https:\/\/ipautomationinc.com\/?page_id=36683"},"modified":"2026-02-24T10:16:57","modified_gmt":"2026-02-24T16:16:57","slug":"serie-i-d-ss","status":"publish","type":"page","link":"https:\/\/ipautomationinc.com\/es\/i-d-ss-series\/","title":{"rendered":"Dobladora de alambre CNC 3D de doble cabezal serie iD-SS"},"content":{"rendered":"<h6 class=\"wp-block-heading\">La dobladora de alambre CNC 3D de doble cabezal iD-SS es perfecta para doblar alambres 3D de gran volumen en listados sencillos. La iD-SS es capaz de crear muchas de las formas 3D comunes que la iD-MS, pero con una capacidad significativamente mayor. <strong>costo m\u00e1s bajo<\/strong>. El iD-SS se puede utilizar de manera efectiva para agregar capacidad y econom\u00eda significativas a su operaci\u00f3n de cableado de listado al desviar las piezas m\u00e1s simples a una m\u00e1quina menos costosa.&nbsp;<\/h6>\n\n\n\n<p><span class=\"builder2seo\"><\/span>Dobladora de alambre CNC 3D de doble cabezal<br><br>Serie i-D-SS<br><br><img decoding=\"async\" src=\"https:\/\/ipautomationinc.com\/wp-content\/uploads\/2024\/07\/i4-D-SS-RGB.png#36680\" alt=\"i-D-SS Single Stage Double Head CNC Wire Bender\"><br>Dobladora de alambre CNC 3D de doble cabezal iD-SS<br>400px<br><br>Haga clic aqu\u00ed para ver el v\u00eddeo<br><a href=\"https:\/\/ipautomationinc.com\/es\/serie-i-d-ss\/#video\">https:\/\/ipautomationinc.com\/i-d-ss-series\/#video<\/a><br>fas fa-play-circulo<br>tema_boton<br><br>36695,36697,36696,36698,1546<br>#0455B3<br>3px 3px 3px 3px<br>costumbre<br><br><h4>The i-D-SS is perfect for high volume 3D bending capability on simple listing wires. The i-D-SS is capable of creating many of the common 3D shapes that the i-D-MS can, but with significantly lower cost.<\/h4><br><br><h4>El iD-SS se puede utilizar de manera eficaz para agregar capacidad significativa y econom\u00eda a su operaci\u00f3n de listado de cables al desviar las piezas m\u00e1s simples a una m\u00e1quina menos costosa.\u00a0<\/h4><br><br><h3>Aplicaciones<\/h3><h4>Listado de precisi\u00f3n y alambres de asientoPiezas de tolerancia ajustada para operaciones de sobremoldeo. <br><br><\/h4><br>#EBEBEB<br><br><br><img decoding=\"async\" src=\"https:\/\/ipautomationinc.com\/wp-content\/uploads\/2024\/07\/i4-D-SS-RGB.png#36680\" alt=\"i-D-SS Single Stage Double Head CNC Wire Bender\"><br>Dobladora de alambre CNC 3D de doble cabezal iD-SS<br>costumbre<br>100%<br><br>Haga clic aqu\u00ed para ver el v\u00eddeo<br><a href=\"https:\/\/ipautomationinc.com\/es\/serie-i-d-ss\/#video\">https:\/\/ipautomationinc.com\/i-d-ss-series\/#video<\/a><br>fas fa-play-circulo<br>tema_boton<br><br>1546,36695,36697,36696<br>#0455B3<br>3px 3px 3px 3px<br>costumbre<br>80%<br><br><h4>La dobladora de alambre CNC de doble cabezal iD-SS es ideal para doblar alambres sencillos en 3D a gran escala. La iD-SS puede crear muchas de las formas 3D comunes que la iD-MS, pero a un costo significativamente menor. La iD-SS puede utilizarse eficazmente para aumentar significativamente la capacidad y la rentabilidad de su operaci\u00f3n de alambres sencillos, desviando las piezas m\u00e1s simples a una m\u00e1quina m\u00e1s econ\u00f3mica.<\/h4><br><br><h3>Aplicaciones<\/h3><h4>Listado de precisi\u00f3n y alambres de asientoPiezas de tolerancia ajustada para operaciones de sobremoldeo. <br><br><\/h4><br>#EBEBEB<br><br><br>Medios de comunicaci\u00f3n<br><br>;C;;<br><br>36694,36692,36693,36699<br>grande<br>200 p\u00edxeles<br>168 p\u00edxeles<br>superposici\u00f3n de t\u00edtulo de imagen<br><br><br>Caracter\u00edsticas<br><br>Doblar<br>Programaci\u00f3n<br>Detalles<br>Dise\u00f1o de la m\u00e1quina<br><br><br>\t8 ejes servo: X \u2013 avance, C \u2013 cortador, Y \u2013 rotaci\u00f3n del pasador de doblado (2X), P \u2013 altura del cabezal de doblado (2X), eje X de transferencia, rotaci\u00f3n de transferencia<br><br>\tHasta 2 radios<br><br>Los ingenieros de IP Automation y las m\u00e1quinas CNC doblan todos los cabezales, cortadores y rodillos de alimentaci\u00f3n de alambre internamente a un costo razonable y con una entrega r\u00e1pida.<br><br><br><br><br>\t<a href=\"https:\/\/ipautomationinc.com\/es\/capacidades-de-la-maquina\/\">Software inteligente <\/a> en el sistema operativo Windows 10<br><br>Formato de programa CNC de longitud-rotaci\u00f3n-\u00e1ngulo<br><br>\tPanel de producci\u00f3n integrado, funciones de control de lotes<br><br>\tPantalla multit\u00e1ctil de 21,5\u2033<br><br>\tConectividad remota a trav\u00e9s de t\u00fanel VPN<br><br>\tProtocolo OPC-UA para la industria 4.0<br><br>\t<br><br><br>Capacidad de pago de alambre con brazo de movimiento lineal: 3000 lbs. (Opci\u00f3n de 4500 libras disponible) <br><br>Jaula de seguridad de 7\u2032 (2,13 m) con puerta con bloqueo de seguridad<br><br>Plancha de alambre de 4 planos<br><br>Todos los sistemas de transmisi\u00f3n de alimentaci\u00f3n y curvatura tienen engranajes endurecidos y est\u00e1n completamente cerrados.<br><br>Rodillos de alimentaci\u00f3n endurecidos de giro r\u00e1pido para 2 tama\u00f1os de alambre<br><br>Codificador lineal sobre alimentaci\u00f3n de alambre para precisi\u00f3n y detecci\u00f3n de deslizamiento<br><br>Capacitaci\u00f3n in situ disponible<br><br>Capacidad de integraci\u00f3n rob\u00f3tica<br><br><br><div class=\"image_frame image_item scale-with-grid element_classes no_border hover-disable mfn-img-box\"  role=\"link\" aria-label=\"Imagen con enlaces\" tabindex=\"0\"><div class=\"image_wrapper\"><a href=\"https:\/\/ipautomationinc.com\/wp-content\/uploads\/2024\/07\/i4-D-SS-Front-View-Layout.jpg\" rel=\"prettyphoto\"   class=\"\"  tabindex=\"-1\" title=\"\"><div class=\"mask\"><\/div><img decoding=\"async\" class=\"scale-with-grid\" src=\"https:\/\/ipautomationinc.com\/wp-content\/uploads\/2024\/07\/i4-D-SS-Front-View-Layout.jpg\" fetchpriority=\"high\" alt=\"Dise\u00f1o de la vista frontal del i4-D-SS\" title=\"\" width=\"420\" height=\"512\" style=\"\"\/><\/a><div class=\"image_links\"><a href=\"https:\/\/ipautomationinc.com\/wp-content\/uploads\/2024\/07\/i4-D-SS-Front-View-Layout.jpg\" class=\"zoom\" rel=\"prettyphoto\" tabindex=\"-1\" aria-label=\"ampliar imagen\" title=\"\"><svg viewbox=\"0 0 26 26\"><defs><style>.path{fill:none;stroke:#333;stroke-miterlimit:10;stroke-width:1.5px;}<\/style><\/defs><circle cx=\"11.35\" cy=\"11.35\" r=\"6\" class=\"path\"\/><line x1=\"15.59\" y1=\"15.59\" x2=\"20.65\" y2=\"20.65\" class=\"path\"\/><\/svg><\/a><\/div><\/div><p class=\"wp-caption-text\">Vista frontal del ID-SS<\/p><\/div>\n<br><br><br><br><div class=\"image_frame image_item scale-with-grid element_classes no_border hover-disable mfn-img-box\"  role=\"link\" aria-label=\"Imagen con enlaces\" tabindex=\"0\"><div class=\"image_wrapper\"><a href=\"https:\/\/ipautomationinc.com\/wp-content\/uploads\/2024\/07\/i4-D-SS-Top-View-Layout.jpg\" rel=\"prettyphoto\"   class=\"\"  tabindex=\"-1\" title=\"\"><div class=\"mask\"><\/div><img decoding=\"async\" class=\"scale-with-grid\" src=\"https:\/\/ipautomationinc.com\/wp-content\/uploads\/2024\/07\/i4-D-SS-Top-View-Layout.jpg\" fetchpriority=\"high\" alt=\"Dise\u00f1o de la vista superior del i4-D-SS\" title=\"\" width=\"420\" height=\"540\" style=\"\"\/><\/a><div class=\"image_links\"><a href=\"https:\/\/ipautomationinc.com\/wp-content\/uploads\/2024\/07\/i4-D-SS-Top-View-Layout.jpg\" class=\"zoom\" rel=\"prettyphoto\" tabindex=\"-1\" aria-label=\"ampliar imagen\" title=\"\"><svg viewbox=\"0 0 26 26\"><defs><style>.path{fill:none;stroke:#333;stroke-miterlimit:10;stroke-width:1.5px;}<\/style><\/defs><circle cx=\"11.35\" cy=\"11.35\" r=\"6\" class=\"path\"\/><line x1=\"15.59\" y1=\"15.59\" x2=\"20.65\" y2=\"20.65\" class=\"path\"\/><\/svg><\/a><\/div><\/div><p class=\"wp-caption-text\">Vista superior del ID-SS<\/p><\/div>\n<br>#EBEBEB<br>#222222<br><br><br>Especificaciones<br><br><br><br><p>*La capacidad de di\u00e1metro m\u00ednimo y m\u00e1ximo est\u00e1 influenciada por el rendimiento a la tracci\u00f3n del alambre. Cont\u00e1ctenos para obtener aclaraciones sobre el rango m\u00ednimo\/m\u00e1ximo para su tipo de cable.<\/p><br><br><br>Opciones de m\u00e1quina<br><br>Rob\u00f3tica Inteligente<br>con EOAT personalizado<br><img decoding=\"async\" src=\"https:\/\/ipautomationinc.com\/wp-content\/uploads\/2022\/06\/machine-options_robot.png#1271\" alt=\"opciones-de-m\u00e1quina_robot\"><br><a href=\"https:\/\/ipautomationinc.com\/es\/accesorios\/robotica\/\">https:\/\/ipautomationinc.com\/accessories\/robotics\/<\/a><br>escala de caja<br>70%<br><br><br>Opciones de m\u00e1quina<br><br>Rob\u00f3tica Inteligente<br>con EOAT personalizado<br><img decoding=\"async\" src=\"https:\/\/ipautomationinc.com\/wp-content\/uploads\/2022\/06\/machine-options_robot.png\" alt=\"opciones-de-m\u00e1quina_robot\"><br><a href=\"https:\/\/ipautomationinc.com\/es\/accesorios\/robotica\/\">https:\/\/ipautomationinc.com\/accessories\/robotics\/<\/a><br>escala de caja<br>70%<br><br>Soldadora a tope BW-45<br>con estampador giratorio<br><img decoding=\"async\" src=\"https:\/\/ipautomationinc.com\/wp-content\/uploads\/2023\/08\/machine-options_BW-45.png#29270\" alt=\"\"><br><a href=\"https:\/\/ipautomationinc.com\/es\/accesorios\/soldadores-automatizados\/\">https:\/\/ipautomationinc.com\/accessories\/automated-welders\/<\/a><br>escala de caja<br>70%<br><br>Inspecci\u00f3n de visi\u00f3n<br><img decoding=\"async\" src=\"https:\/\/ipautomationinc.com\/wp-content\/uploads\/2022\/06\/machine-options_vision-inspection-closeup.png\" alt=\"opciones-de-m\u00e1quina_visi\u00f3n-inspecci\u00f3n-primer plano\"><br>escala de caja<br>70%<br><br>Prensa prensadora<br><img decoding=\"async\" src=\"https:\/\/ipautomationinc.com\/wp-content\/uploads\/2024\/01\/crimping-press-icon.png#35637\" alt=\"\"><br><a href=\"https:\/\/ipautomationinc.com\/es\/accesorios\/prensa-de-engarce\/\">https:\/\/ipautomationinc.com\/accessories\/crimping-press\/<\/a><br>escala de caja<br>70%<br><br>Servoprensa<br><img decoding=\"async\" src=\"https:\/\/ipautomationinc.com\/wp-content\/uploads\/2022\/06\/machine-options_servo-press.png\" alt=\"opciones-de-m\u00e1quina_servo-prensa\"><br>escala de caja<br>70%<br><br>Cabecera fr\u00eda<br><img decoding=\"async\" src=\"https:\/\/ipautomationinc.com\/wp-content\/uploads\/2022\/06\/machine-options_cold-heading.png\" alt=\"opciones-de-m\u00e1quina_rumbo-en-fr\u00edo\"><br>escala de caja<br>70%<br><br>Estaci\u00f3n para aliviar el estr\u00e9s<br><img decoding=\"async\" src=\"https:\/\/ipautomationinc.com\/wp-content\/uploads\/2022\/06\/machine-options_stress-relieving.png\" alt=\"opciones-de-m\u00e1quina_alivio-del-estr\u00e9s\"><br>escala de caja<br>70%<br><br>\u00a1Obtenga precios ahora!<br>icono-adelante<br><a href=\"https:\/\/ipautomationinc.com\/es\/contactenos\/#form\">https:\/\/ipautomationinc.com\/contact-us\/#form<\/a><br>50px<br><br>Otras m\u00e1quinas dobladoras de alambre CNC<br><br><h4>Dobladoras de alambre de un solo cabezal<\/h4><br><br><p><hr class=\"no_line\" style=\"margin: 0 auto 0px auto\"\/>\n <a href=\"https:\/\/ipautomationinc.com\/es\/dobladoras-de-alambre-cnc-de-un-solo-cabezal\/\"> <img decoding=\"async\" src=\"https:\/\/ipautomationinc.com\/wp-content\/uploads\/2023\/02\/i8-S-RGB-1.png\" alt=\"Formador de alambre iS CNC\"> <\/a> <hr class=\"no_line\" style=\"margin: 0 auto 0px auto\"\/>\n <a class=\"mfn-link mfn-link-1\" href=\"\" style=\"\" data-hover=\"\"   ><span data-hover=\"\"><\/span><\/a><\/p><br>sin repetici\u00f3n; arriba a la izquierda;;<br>auto<br><br><h4>Dobladoras de alambre 2D<\/h4><br><br><p><hr class=\"no_line\" style=\"margin: 0 auto 0px auto\"\/>\n <a href=\"https:\/\/ipautomationinc.com\/es\/serie-2d\/\"> <img decoding=\"async\" src=\"https:\/\/ipautomationinc.com\/wp-content\/uploads\/2026\/02\/i10-S-2D-2D-CNC-Wire-Bending-Machine-With-Automated-Welder.png\" alt=\"doblador de alambre 2D\"> <\/a> <hr class=\"no_line\" style=\"margin: 0 auto 0px auto\"\/>\n <a class=\"mfn-link mfn-link-1\" href=\"\" style=\"\" data-hover=\"\"   ><span data-hover=\"\"><\/span><\/a><\/p><br>sin repetici\u00f3n; arriba a la izquierda;;<br>auto<br><br><\/p>","protected":false},"excerpt":{"rendered":"<p>The i-D-SS double head 3D CNC wire bender is perfect for high volume 3D bending capability on simple listing wires.<span class=\"excerpt-hellip\"> [\u2026]<\/span><\/p>\n","protected":false},"author":3,"featured_media":0,"parent":0,"menu_order":0,"comment_status":"closed","ping_status":"closed","template":"","meta":{"footnotes":""},"class_list":["post-36683","page","type-page","status-publish","hentry"],"yoast_head":"<!-- This site is optimized with the Yoast SEO plugin v27.3 - https:\/\/yoast.com\/product\/yoast-seo-wordpress\/ -->\n<title>i-D-SS Series Double Head 3D CNC Wire Bender | IP Automation Inc<\/title>\n<meta name=\"description\" content=\"The i-D-SS double head 3D CNC bender is perfect for high volume 3D bending capability on simple listing wires.\" \/>\n<meta name=\"robots\" content=\"index, follow, max-snippet:-1, max-image-preview:large, max-video-preview:-1\" \/>\n<link rel=\"canonical\" href=\"https:\/\/ipautomationinc.com\/es\/serie-i-d-ss\/\" \/>\n<meta property=\"og:locale\" content=\"es_MX\" \/>\n<meta property=\"og:type\" content=\"article\" \/>\n<meta property=\"og:title\" content=\"i-D-SS Series Double Head 3D CNC Wire Bender | IP Automation Inc\" \/>\n<meta property=\"og:description\" content=\"The i-D-SS double head 3D CNC bender is perfect for high volume 3D bending capability on simple listing wires.\" \/>\n<meta property=\"og:url\" content=\"https:\/\/ipautomationinc.com\/es\/serie-i-d-ss\/\" \/>\n<meta property=\"og:site_name\" content=\"IP Automation Inc\" \/>\n<meta property=\"article:publisher\" content=\"https:\/\/www.facebook.com\/ipautomationinc\/\" \/>\n<meta property=\"article:modified_time\" content=\"2026-02-24T16:16:57+00:00\" \/>\n<meta property=\"og:image\" content=\"https:\/\/ipautomationinc.com\/wp-content\/uploads\/2024\/07\/i4-D-SS-RGB.png#36680\" \/>\n<script type=\"application\/ld+json\" class=\"yoast-schema-graph\">{\"@context\":\"https:\\\/\\\/schema.org\",\"@graph\":[{\"@type\":\"WebPage\",\"@id\":\"https:\\\/\\\/ipautomationinc.com\\\/i-d-ss-series\\\/\",\"url\":\"https:\\\/\\\/ipautomationinc.com\\\/i-d-ss-series\\\/\",\"name\":\"i-D-SS Series Double Head 3D CNC Wire Bender | IP Automation Inc\",\"isPartOf\":{\"@id\":\"https:\\\/\\\/ipautomationinc.com\\\/#website\"},\"primaryImageOfPage\":{\"@id\":\"https:\\\/\\\/ipautomationinc.com\\\/i-d-ss-series\\\/#primaryimage\"},\"image\":{\"@id\":\"https:\\\/\\\/ipautomationinc.com\\\/i-d-ss-series\\\/#primaryimage\"},\"thumbnailUrl\":\"https:\\\/\\\/ipautomationinc.com\\\/wp-content\\\/uploads\\\/2024\\\/07\\\/i4-D-SS-RGB.png#36680\",\"datePublished\":\"2024-07-25T20:27:56+00:00\",\"dateModified\":\"2026-02-24T16:16:57+00:00\",\"description\":\"The i-D-SS double head 3D CNC bender is perfect for high volume 3D bending capability on simple listing wires.\",\"inLanguage\":\"es\",\"potentialAction\":[{\"@type\":\"ReadAction\",\"target\":[\"https:\\\/\\\/ipautomationinc.com\\\/i-d-ss-series\\\/\"]}]},{\"@type\":\"ImageObject\",\"inLanguage\":\"es\",\"@id\":\"https:\\\/\\\/ipautomationinc.com\\\/i-d-ss-series\\\/#primaryimage\",\"url\":\"https:\\\/\\\/ipautomationinc.com\\\/wp-content\\\/uploads\\\/2024\\\/07\\\/i4-D-SS-RGB.png#36680\",\"contentUrl\":\"https:\\\/\\\/ipautomationinc.com\\\/wp-content\\\/uploads\\\/2024\\\/07\\\/i4-D-SS-RGB.png#36680\"},{\"@type\":\"WebSite\",\"@id\":\"https:\\\/\\\/ipautomationinc.com\\\/#website\",\"url\":\"https:\\\/\\\/ipautomationinc.com\\\/\",\"name\":\"IP Automation Inc\",\"description\":\"Concept... Creation... Reality...\",\"publisher\":{\"@id\":\"https:\\\/\\\/ipautomationinc.com\\\/#organization\"},\"potentialAction\":[{\"@type\":\"SearchAction\",\"target\":{\"@type\":\"EntryPoint\",\"urlTemplate\":\"https:\\\/\\\/ipautomationinc.com\\\/?s={search_term_string}\"},\"query-input\":{\"@type\":\"PropertyValueSpecification\",\"valueRequired\":true,\"valueName\":\"search_term_string\"}}],\"inLanguage\":\"es\"},{\"@type\":\"Organization\",\"@id\":\"https:\\\/\\\/ipautomationinc.com\\\/#organization\",\"name\":\"IP Automation Inc\",\"url\":\"https:\\\/\\\/ipautomationinc.com\\\/\",\"logo\":{\"@type\":\"ImageObject\",\"inLanguage\":\"es\",\"@id\":\"https:\\\/\\\/ipautomationinc.com\\\/#\\\/schema\\\/logo\\\/image\\\/\",\"url\":\"https:\\\/\\\/ipautomationinc.com\\\/wp-content\\\/uploads\\\/2022\\\/05\\\/IPA-Favicon.png\",\"contentUrl\":\"https:\\\/\\\/ipautomationinc.com\\\/wp-content\\\/uploads\\\/2022\\\/05\\\/IPA-Favicon.png\",\"width\":513,\"height\":513,\"caption\":\"IP Automation Inc\"},\"image\":{\"@id\":\"https:\\\/\\\/ipautomationinc.com\\\/#\\\/schema\\\/logo\\\/image\\\/\"},\"sameAs\":[\"https:\\\/\\\/www.facebook.com\\\/ipautomationinc\\\/\",\"https:\\\/\\\/www.linkedin.com\\\/company\\\/ip-automation-inc\\\/\",\"https:\\\/\\\/www.youtube.com\\\/@IPAutomation\"]}]}<\/script>\n<!-- \/ Yoast SEO plugin. -->","yoast_head_json":{"title":"Dobladora de alambre CNC 3D de doble cabezal serie i-D-SS | Automatizaci\u00f3n IP Inc.","description":"La dobladora CNC 3D de doble cabezal iD-SS es perfecta para la capacidad de doblado 3D de gran volumen en cables listados simples.","robots":{"index":"index","follow":"follow","max-snippet":"max-snippet:-1","max-image-preview":"max-image-preview:large","max-video-preview":"max-video-preview:-1"},"canonical":"https:\/\/ipautomationinc.com\/es\/serie-i-d-ss\/","og_locale":"es_MX","og_type":"article","og_title":"i-D-SS Series Double Head 3D CNC Wire Bender | IP Automation Inc","og_description":"The i-D-SS double head 3D CNC bender is perfect for high volume 3D bending capability on simple listing wires.","og_url":"https:\/\/ipautomationinc.com\/es\/serie-i-d-ss\/","og_site_name":"IP Automation Inc","article_publisher":"https:\/\/www.facebook.com\/ipautomationinc\/","article_modified_time":"2026-02-24T16:16:57+00:00","og_image":[{"url":"https:\/\/ipautomationinc.com\/wp-content\/uploads\/2024\/07\/i4-D-SS-RGB.png#36680","type":"","width":"","height":""}],"schema":{"@context":"https:\/\/schema.org","@graph":[{"@type":"WebPage","@id":"https:\/\/ipautomationinc.com\/i-d-ss-series\/","url":"https:\/\/ipautomationinc.com\/i-d-ss-series\/","name":"Dobladora de alambre CNC 3D de doble cabezal serie i-D-SS | Automatizaci\u00f3n IP Inc.","isPartOf":{"@id":"https:\/\/ipautomationinc.com\/#website"},"primaryImageOfPage":{"@id":"https:\/\/ipautomationinc.com\/i-d-ss-series\/#primaryimage"},"image":{"@id":"https:\/\/ipautomationinc.com\/i-d-ss-series\/#primaryimage"},"thumbnailUrl":"https:\/\/ipautomationinc.com\/wp-content\/uploads\/2024\/07\/i4-D-SS-RGB.png#36680","datePublished":"2024-07-25T20:27:56+00:00","dateModified":"2026-02-24T16:16:57+00:00","description":"La dobladora CNC 3D de doble cabezal iD-SS es perfecta para la capacidad de doblado 3D de gran volumen en cables listados simples.","inLanguage":"es","potentialAction":[{"@type":"ReadAction","target":["https:\/\/ipautomationinc.com\/i-d-ss-series\/"]}]},{"@type":"ImageObject","inLanguage":"es","@id":"https:\/\/ipautomationinc.com\/i-d-ss-series\/#primaryimage","url":"https:\/\/ipautomationinc.com\/wp-content\/uploads\/2024\/07\/i4-D-SS-RGB.png#36680","contentUrl":"https:\/\/ipautomationinc.com\/wp-content\/uploads\/2024\/07\/i4-D-SS-RGB.png#36680"},{"@type":"WebSite","@id":"https:\/\/ipautomationinc.com\/#website","url":"https:\/\/ipautomationinc.com\/","name":"IP Automation Inc","description":"Concepto... Creaci\u00f3n... Realidad...","publisher":{"@id":"https:\/\/ipautomationinc.com\/#organization"},"potentialAction":[{"@type":"SearchAction","target":{"@type":"EntryPoint","urlTemplate":"https:\/\/ipautomationinc.com\/?s={search_term_string}"},"query-input":{"@type":"PropertyValueSpecification","valueRequired":true,"valueName":"search_term_string"}}],"inLanguage":"es"},{"@type":"Organization","@id":"https:\/\/ipautomationinc.com\/#organization","name":"IP Automation Inc","url":"https:\/\/ipautomationinc.com\/","logo":{"@type":"ImageObject","inLanguage":"es","@id":"https:\/\/ipautomationinc.com\/#\/schema\/logo\/image\/","url":"https:\/\/ipautomationinc.com\/wp-content\/uploads\/2022\/05\/IPA-Favicon.png","contentUrl":"https:\/\/ipautomationinc.com\/wp-content\/uploads\/2022\/05\/IPA-Favicon.png","width":513,"height":513,"caption":"IP Automation Inc"},"image":{"@id":"https:\/\/ipautomationinc.com\/#\/schema\/logo\/image\/"},"sameAs":["https:\/\/www.facebook.com\/ipautomationinc\/","https:\/\/www.linkedin.com\/company\/ip-automation-inc\/","https:\/\/www.youtube.com\/@IPAutomation"]}]}},"_links":{"self":[{"href":"https:\/\/ipautomationinc.com\/es\/wp-json\/wp\/v2\/pages\/36683","targetHints":{"allow":["GET"]}}],"collection":[{"href":"https:\/\/ipautomationinc.com\/es\/wp-json\/wp\/v2\/pages"}],"about":[{"href":"https:\/\/ipautomationinc.com\/es\/wp-json\/wp\/v2\/types\/page"}],"author":[{"embeddable":true,"href":"https:\/\/ipautomationinc.com\/es\/wp-json\/wp\/v2\/users\/3"}],"replies":[{"embeddable":true,"href":"https:\/\/ipautomationinc.com\/es\/wp-json\/wp\/v2\/comments?post=36683"}],"version-history":[{"count":6,"href":"https:\/\/ipautomationinc.com\/es\/wp-json\/wp\/v2\/pages\/36683\/revisions"}],"predecessor-version":[{"id":39493,"href":"https:\/\/ipautomationinc.com\/es\/wp-json\/wp\/v2\/pages\/36683\/revisions\/39493"}],"wp:attachment":[{"href":"https:\/\/ipautomationinc.com\/es\/wp-json\/wp\/v2\/media?parent=36683"}],"curies":[{"name":"Gracias","href":"https:\/\/api.w.org\/{rel}","templated":true}]}}