{"id":35632,"date":"2024-06-18T14:23:37","date_gmt":"2024-06-18T19:23:37","guid":{"rendered":"https:\/\/ipautomationinc.com\/?page_id=35632"},"modified":"2026-04-06T10:20:12","modified_gmt":"2026-04-06T15:20:12","slug":"serie-ip","status":"publish","type":"page","link":"https:\/\/ipautomationinc.com\/es\/i-p-series\/","title":{"rendered":"Dobladora de alambre CNC de una sola pieza serie P"},"content":{"rendered":"<p>The P series Single Piece CNC wire bender is designed to make easy work of your challenging parts and part mixes that require versatility and flexibility for low volume applications. For low volume applications, setup and changeover is faster with fewer elements to adjust. For special materials, tubing, pre-machined rods, and end formed parts that cannot be fed from coil, the pre-cut piece loading will allow you to have incredible 3D CNC bending capability. A magazine feeding option is available for a significant increase in production and un-attended operation.<\/p>\n\n\n\n<p><span class=\"builder2seo\"><\/span>Dobladora de alambre CNC 3D de una sola pieza<br><br>Serie iP<br><br><img decoding=\"async\" src=\"https:\/\/ipautomationinc.com\/wp-content\/uploads\/2026\/02\/i10-S\u00b2-P-Single-Piece-3D-CNC-Wire-Bender-and-Kiosk.png#39503\" alt=\"i10-S\u00b2-P Single Piece 3D CNC Wire Bender and Kiosk\"><br>Dobladora de alambre CNC i-S\u00b2-T<br>400px<br><br>Haga clic aqu\u00ed para ver el folleto en PDF<br><a href=\"https:\/\/ipautomationinc.com\/wp-content\/uploads\/2026\/03\/i-P-Flyer.pdf\">https:\/\/ipautomationinc.com\/wp-content\/uploads\/2026\/03\/i-P-Flyer.pdf<\/a><br>fas fa-archivo-pdf<br>tema_boton<br>https:\/\/ipautomationinc.com\/wp-content\/uploads\/2026\/03\/i-P-Flyer.pdf<br><br>35673,35674,36656,36655<br>#0455B3<br>3px 3px 3px 3px<br><br><h4>La dobladora de alambre CNC de una sola pieza iP est\u00e1 dise\u00f1ada para facilitar el procesamiento de piezas y combinaciones de piezas complejas que requieren versatilidad y flexibilidad para aplicaciones de bajo volumen.<\/h4><br><br><h4>Para aplicaciones de bajo volumen, la configuraci\u00f3n y el cambio son m\u00e1s r\u00e1pidos con menos elementos para ajustar.<\/h4><br><br><h4>Para materiales especiales, tubos, varillas premecanizadas y piezas formadas en los extremos que no se pueden alimentar desde la bobina, la carga de piezas precortadas le permitir\u00e1 tener una incre\u00edble capacidad de doblado CNC en 3D.<\/h4><br><br><h4>Se ofrece la opci\u00f3n de alimentaci\u00f3n por cargador para un aumento significativo de la producci\u00f3n y un funcionamiento sin supervisi\u00f3n. Opci\u00f3n de cabezal de curvatura simple o doble.<\/h4><br><br><h3>Aplicaciones<\/h3><br><br><h4>Colgadores de escape, piezas de alta mezcla y bajo volumen, elementos calefactores y piezas de circuito cerrado.<\/h4><br>#EBEBEB<br><br><img decoding=\"async\" src=\"https:\/\/ipautomationinc.com\/wp-content\/uploads\/2026\/02\/i10-S\u00b2-P-Single-Piece-3D-CNC-Wire-Bender-and-Kiosk.png#39503\" alt=\"i10-S\u00b2-P Single Piece 3D CNC Wire Bender and Kiosk\"><br>Dobladora de alambre CNC i-S\u00b2-T<br><br>Haga clic aqu\u00ed para ver el folleto en PDF<br><a href=\"https:\/\/ipautomationinc.com\/wp-content\/uploads\/2026\/03\/i-P-Flyer.pdf\">https:\/\/ipautomationinc.com\/wp-content\/uploads\/2026\/03\/i-P-Flyer.pdf<\/a><br>fas fa-archivo-pdf<br>tema_boton<br>https:\/\/ipautomationinc.com\/wp-content\/uploads\/2026\/03\/i-P-Flyer.pdf<br><br>36656,36655,35674,35673<br>#0455B3<br>3px 3px 3px 3px<br>costumbre<br>80%<br><br><h4>La dobladora de alambre CNC de una sola pieza iP est\u00e1 dise\u00f1ada para facilitar el procesamiento de piezas y combinaciones de piezas complejas que requieren versatilidad y flexibilidad para aplicaciones de bajo volumen.<\/h4><br><br><h4>Para aplicaciones de bajo volumen, la configuraci\u00f3n y el cambio son m\u00e1s r\u00e1pidos con menos elementos para ajustar.<\/h4><br><br><h4>Para materiales especiales, tubos, varillas premecanizadas y piezas formadas en los extremos que no se pueden alimentar desde la bobina, la carga de piezas precortadas le permitir\u00e1 tener una incre\u00edble capacidad de doblado CNC en 3D.<\/h4><br><br><h4>Se ofrece la opci\u00f3n de alimentaci\u00f3n por cargador para un aumento significativo de la producci\u00f3n y un funcionamiento sin supervisi\u00f3n. Opci\u00f3n de cabezal de curvatura simple o doble.<\/h4><br><br><h3>Aplicaciones<\/h3><br><br><h4>Colgadores de escape, piezas de alto volumen y bajo volumen de mezcla, elementos calefactores y piezas de circuito cerrado<\/h4><br>#EBEBEB<br><br><br>Medios de comunicaci\u00f3n<br><br>grande<br><br><br>Caracter\u00edsticas<br><br>Doblar<br>Programaci\u00f3n<br>Detalles<br>Dise\u00f1o de la m\u00e1quina<br><br><br><p>Cabezal curvado S\u00b2 (S-cuadrado)<\/p><br><br>Dos cabezales con hasta 16 radios o herramientas de doblado personalizadas<br><br>Reposicionamiento bajo demanda para cualquier cabezal de curvatura para mandril, punta y curvatura generada<br><br>La altura del cabezal de curvatura servocontrolada permite el uso de herramientas de varias capas.<br><br>Es posible doblar fuera de secuencia con el posicionamiento absoluto del cabezal de doblado<br><br>El dise\u00f1o de herramientas modulares presenta un f\u00e1cil reemplazo del pasador de flexi\u00f3n<br><br>El posicionamiento fuera del plano permite herramientas para doblar tubos y un doblado estilo mandril r\u00e1pido y preciso.<br><br><p>Mecanismo de sujeci\u00f3n hueco y gu\u00eda retr\u00e1ctil.<\/p><br><br>La abrazadera hueca sujeta neum\u00e1ticamente el material y permite un movimiento controlado del eje X hacia el cabezal de plegado.<br><br>Las piezas pueden ser muchos metros m\u00e1s largas que la m\u00e1quina si se soportan adecuadamente<br><br>El cabezal de doblado puede mantener la pieza estacionaria, mientras las abrazaderas regresan para volver a agarrarla.<br><br>La gu\u00eda retr\u00e1ctil brinda soporte durante la alimentaci\u00f3n y el doblado y se aparta para permitir que la abrazadera m\u00f3vil se mueva hasta el cabezal de doblado.<br><br><br><br><br>\t<a href=\"https:\/\/ipautomationinc.com\/es\/capacidades-de-la-maquina\/\">Software inteligente <\/a> en el sistema operativo Windows 10<br><br>Formato de programa CNC de longitud-rotaci\u00f3n-\u00e1ngulo<br><br>\tPanel de producci\u00f3n, con programaci\u00f3n de lotes y tasas en tiempo real<br><br>\tPantalla multit\u00e1ctil de 18,5\u2033 integrada con PC industrial<br><br>\tConectividad remota a trav\u00e9s de t\u00fanel VPN<br><br>\tProtocolo OPC-UA para la industria 4.0<br><br>Funciones de E\/S personalizadas disponibles<br><br><p>Centro de control de quiosco<\/p><br><br>La unidad de control del quiosco alberga la computadora con el software Intellibend y la parada de emergencia.<br><br>Proporciona un posicionamiento flexible para una variedad de configuraciones de celdas<br><br>Permite m\u00e1s espacio libre si se utiliza una alimentaci\u00f3n de revista<br><br><br><br>\t<br><br><br>Superficie de matriz de corte reafilable<br><br>Capacitaci\u00f3n in situ disponible<br><br>Capacidad de integraci\u00f3n rob\u00f3tica<br><div class=\"image_frame image_item scale-with-grid element_classes no_border hover-disable mfn-img-box\"  role=\"link\" aria-label=\"Imagen con enlaces\" tabindex=\"0\"><div class=\"image_wrapper\"><a href=\"https:\/\/ipautomationinc.com\/wp-content\/uploads\/2024\/02\/i10-S\u00b2-T-layout.jpg\" rel=\"prettyphoto\"   class=\"\"  tabindex=\"-1\" title=\"\"><div class=\"mask\"><\/div><img decoding=\"async\" class=\"scale-with-grid\" src=\"https:\/\/ipautomationinc.com\/wp-content\/uploads\/2024\/02\/i10-S\u00b2-T-layout.jpg\" fetchpriority=\"high\" alt=\"Dise\u00f1o del i10-S\u00b2-T\" title=\"\" width=\"300\" height=\"901\" style=\"\"\/><\/a><div class=\"image_links\"><a href=\"https:\/\/ipautomationinc.com\/wp-content\/uploads\/2024\/02\/i10-S\u00b2-T-layout.jpg\" class=\"zoom\" rel=\"prettyphoto\" tabindex=\"-1\" aria-label=\"ampliar imagen\" title=\"\"><svg viewbox=\"0 0 26 26\"><defs><style>.path{fill:none;stroke:#333;stroke-miterlimit:10;stroke-width:1.5px;}<\/style><\/defs><circle cx=\"11.35\" cy=\"11.35\" r=\"6\" class=\"path\"\/><line x1=\"15.59\" y1=\"15.59\" x2=\"20.65\" y2=\"20.65\" class=\"path\"\/><\/svg><\/a><\/div><\/div><p class=\"wp-caption-text\">Dise\u00f1o i-S\u00b2-T<\/p><\/div>\n<br>#EBEBEB<br>#222222<br><br><br>Especificaciones<br><br><br><br><p>*La capacidad de di\u00e1metro m\u00ednimo y m\u00e1ximo est\u00e1 influenciada por el rendimiento a la tracci\u00f3n del alambre. Cont\u00e1ctenos para obtener aclaraciones sobre el rango m\u00ednimo\/m\u00e1ximo para su tipo de cable.<\/p><br><br>\u00a1Obtenga precios ahora!<br>icono-adelante<br><a href=\"https:\/\/ipautomationinc.com\/es\/contactenos\/#form\">https:\/\/ipautomationinc.com\/contact-us\/#form<\/a><br>50px<br><br>Otras m\u00e1quinas dobladoras de alambre CNC<br><br><h4>Dobladoras de alambre de un solo cabezal<\/h4><br><br><p><hr class=\"no_line\" style=\"margin: 0 auto 0px auto\"\/>\n <a href=\"https:\/\/ipautomationinc.com\/es\/dobladoras-de-alambre-cnc-de-un-solo-cabezal\/\"> <img decoding=\"async\" src=\"https:\/\/ipautomationinc.com\/wp-content\/uploads\/2023\/02\/i8-S-RGB-1.png\" alt=\"Formador de alambre iS CNC\"> <\/a> <hr class=\"no_line\" style=\"margin: 0 auto 0px auto\"\/>\n <a class=\"mfn-link mfn-link-1\" href=\"\" style=\"\" data-hover=\"\"   ><span data-hover=\"\"><\/span><\/a><\/p><br>sin repetici\u00f3n; arriba a la izquierda;;<br>auto<br><br><h4>Dobladoras de alambre de doble cabeza<\/h4><br><br><p><hr class=\"no_line\" style=\"margin: 0 auto 0px auto\"\/>\n <a href=\"https:\/\/ipautomationinc.com\/es\/dobladoras-de-alambre-cnc-de-doble-cabezal\/\"> <img decoding=\"async\" src=\"https:\/\/ipautomationinc.com\/wp-content\/uploads\/2024\/07\/i8-D-double-head-1.png\" alt=\"\"> <\/a> <hr class=\"no_line\" style=\"margin: 0 auto 0px auto\"\/>\n <a class=\"mfn-link mfn-link-1\" href=\"\" style=\"\" data-hover=\"\"   ><span data-hover=\"\"><\/span><\/a><\/p><br>sin repetici\u00f3n; arriba a la izquierda;;<br>auto<br><br><h4>Dobladoras de alambre 2D<\/h4><br><br><p><hr class=\"no_line\" style=\"margin: 0 auto 0px auto\"\/>\n <a href=\"https:\/\/ipautomationinc.com\/es\/serie-2d\/\"> <img decoding=\"async\" src=\"https:\/\/ipautomationinc.com\/wp-content\/uploads\/2026\/02\/i10-S-2D-2D-CNC-Wire-Bending-Machine-With-Automated-Welder.png\" alt=\"Dobladora de alambre CNC 2D\"> <\/a> <hr class=\"no_line\" style=\"margin: 0 auto 0px auto\"\/>\n <a class=\"mfn-link mfn-link-1\" href=\"\" style=\"\" data-hover=\"\"   ><span data-hover=\"\"><\/span><\/a><\/p><br>sin repetici\u00f3n; arriba a la izquierda;;<br>auto<br><br><\/p>","protected":false},"excerpt":{"rendered":"<p>The P series Single Piece CNC wire bender is designed to make easy work of your challenging parts and part<span class=\"excerpt-hellip\"> [\u2026]<\/span><\/p>\n","protected":false},"author":3,"featured_media":0,"parent":0,"menu_order":0,"comment_status":"closed","ping_status":"closed","template":"","meta":{"footnotes":""},"class_list":["post-35632","page","type-page","status-publish","hentry"],"yoast_head":"<!-- This site is optimized with the Yoast SEO plugin v27.4 - https:\/\/yoast.com\/product\/yoast-seo-wordpress\/ -->\n<title>P Series Single Piece CNC Wire Bender | IP Automation Inc<\/title>\n<meta name=\"description\" content=\"The P series single piece CNC wire bender is designed to make easy work of your challenging parts and part mixes that require versatility and flexibility.\" \/>\n<meta name=\"robots\" content=\"index, follow, max-snippet:-1, max-image-preview:large, max-video-preview:-1\" \/>\n<link rel=\"canonical\" href=\"https:\/\/ipautomationinc.com\/es\/serie-ip\/\" \/>\n<meta property=\"og:locale\" content=\"es_MX\" \/>\n<meta property=\"og:type\" content=\"article\" \/>\n<meta property=\"og:title\" content=\"P Series Single Piece CNC Wire Bender | IP Automation Inc\" \/>\n<meta property=\"og:description\" content=\"The P series single piece CNC wire bender is designed to make easy work of your challenging parts and part mixes that require versatility and flexibility.\" \/>\n<meta property=\"og:url\" content=\"https:\/\/ipautomationinc.com\/es\/serie-ip\/\" \/>\n<meta property=\"og:site_name\" content=\"IP Automation Inc\" \/>\n<meta property=\"article:publisher\" content=\"https:\/\/www.facebook.com\/ipautomationinc\/\" \/>\n<meta property=\"article:modified_time\" content=\"2026-04-06T15:20:12+00:00\" \/>\n<meta property=\"og:image\" content=\"https:\/\/ipautomationinc.com\/wp-content\/uploads\/2023\/02\/i8-S-RGB-1.png\" \/>\n<script type=\"application\/ld+json\" class=\"yoast-schema-graph\">{\"@context\":\"https:\\\/\\\/schema.org\",\"@graph\":[{\"@type\":\"WebPage\",\"@id\":\"https:\\\/\\\/ipautomationinc.com\\\/i-p-series\\\/\",\"url\":\"https:\\\/\\\/ipautomationinc.com\\\/i-p-series\\\/\",\"name\":\"P Series Single Piece CNC Wire Bender | IP Automation Inc\",\"isPartOf\":{\"@id\":\"https:\\\/\\\/ipautomationinc.com\\\/#website\"},\"primaryImageOfPage\":{\"@id\":\"https:\\\/\\\/ipautomationinc.com\\\/i-p-series\\\/#primaryimage\"},\"image\":{\"@id\":\"https:\\\/\\\/ipautomationinc.com\\\/i-p-series\\\/#primaryimage\"},\"thumbnailUrl\":\"https:\\\/\\\/ipautomationinc.com\\\/wp-content\\\/uploads\\\/2023\\\/02\\\/i8-S-RGB-1.png\",\"datePublished\":\"2024-06-18T19:23:37+00:00\",\"dateModified\":\"2026-04-06T15:20:12+00:00\",\"description\":\"The P series single piece CNC wire bender is designed to make easy work of your challenging parts and part mixes that require versatility and flexibility.\",\"inLanguage\":\"es\",\"potentialAction\":[{\"@type\":\"ReadAction\",\"target\":[\"https:\\\/\\\/ipautomationinc.com\\\/i-p-series\\\/\"]}]},{\"@type\":\"ImageObject\",\"inLanguage\":\"es\",\"@id\":\"https:\\\/\\\/ipautomationinc.com\\\/i-p-series\\\/#primaryimage\",\"url\":\"https:\\\/\\\/ipautomationinc.com\\\/wp-content\\\/uploads\\\/2023\\\/02\\\/i8-S-RGB-1.png\",\"contentUrl\":\"https:\\\/\\\/ipautomationinc.com\\\/wp-content\\\/uploads\\\/2023\\\/02\\\/i8-S-RGB-1.png\"},{\"@type\":\"WebSite\",\"@id\":\"https:\\\/\\\/ipautomationinc.com\\\/#website\",\"url\":\"https:\\\/\\\/ipautomationinc.com\\\/\",\"name\":\"IP Automation Inc\",\"description\":\"Concept... Creation... Reality...\",\"publisher\":{\"@id\":\"https:\\\/\\\/ipautomationinc.com\\\/#organization\"},\"potentialAction\":[{\"@type\":\"SearchAction\",\"target\":{\"@type\":\"EntryPoint\",\"urlTemplate\":\"https:\\\/\\\/ipautomationinc.com\\\/?s={search_term_string}\"},\"query-input\":{\"@type\":\"PropertyValueSpecification\",\"valueRequired\":true,\"valueName\":\"search_term_string\"}}],\"inLanguage\":\"es\"},{\"@type\":\"Organization\",\"@id\":\"https:\\\/\\\/ipautomationinc.com\\\/#organization\",\"name\":\"IP Automation Inc\",\"url\":\"https:\\\/\\\/ipautomationinc.com\\\/\",\"logo\":{\"@type\":\"ImageObject\",\"inLanguage\":\"es\",\"@id\":\"https:\\\/\\\/ipautomationinc.com\\\/#\\\/schema\\\/logo\\\/image\\\/\",\"url\":\"https:\\\/\\\/ipautomationinc.com\\\/wp-content\\\/uploads\\\/2022\\\/05\\\/IPA-Favicon.png\",\"contentUrl\":\"https:\\\/\\\/ipautomationinc.com\\\/wp-content\\\/uploads\\\/2022\\\/05\\\/IPA-Favicon.png\",\"width\":513,\"height\":513,\"caption\":\"IP Automation Inc\"},\"image\":{\"@id\":\"https:\\\/\\\/ipautomationinc.com\\\/#\\\/schema\\\/logo\\\/image\\\/\"},\"sameAs\":[\"https:\\\/\\\/www.facebook.com\\\/ipautomationinc\\\/\",\"https:\\\/\\\/www.linkedin.com\\\/company\\\/ip-automation-inc\\\/\",\"https:\\\/\\\/www.youtube.com\\\/@IPAutomation\"]}]}<\/script>\n<!-- \/ Yoast SEO plugin. -->","yoast_head_json":{"title":"Dobladora de alambre CNC de una sola pieza serie P | IP Automation Inc.","description":"La dobladora de alambre CNC de una sola pieza de la serie P est\u00e1 dise\u00f1ada para facilitar el trabajo con piezas y combinaciones de piezas complejas que requieren versatilidad y flexibilidad.","robots":{"index":"index","follow":"follow","max-snippet":"max-snippet:-1","max-image-preview":"max-image-preview:large","max-video-preview":"max-video-preview:-1"},"canonical":"https:\/\/ipautomationinc.com\/es\/serie-ip\/","og_locale":"es_MX","og_type":"article","og_title":"P Series Single Piece CNC Wire Bender | IP Automation Inc","og_description":"The P series single piece CNC wire bender is designed to make easy work of your challenging parts and part mixes that require versatility and flexibility.","og_url":"https:\/\/ipautomationinc.com\/es\/serie-ip\/","og_site_name":"IP Automation Inc","article_publisher":"https:\/\/www.facebook.com\/ipautomationinc\/","article_modified_time":"2026-04-06T15:20:12+00:00","og_image":[{"url":"https:\/\/ipautomationinc.com\/wp-content\/uploads\/2023\/02\/i8-S-RGB-1.png","type":"","width":"","height":""}],"schema":{"@context":"https:\/\/schema.org","@graph":[{"@type":"WebPage","@id":"https:\/\/ipautomationinc.com\/i-p-series\/","url":"https:\/\/ipautomationinc.com\/i-p-series\/","name":"Dobladora de alambre CNC de una sola pieza serie P | IP Automation Inc.","isPartOf":{"@id":"https:\/\/ipautomationinc.com\/#website"},"primaryImageOfPage":{"@id":"https:\/\/ipautomationinc.com\/i-p-series\/#primaryimage"},"image":{"@id":"https:\/\/ipautomationinc.com\/i-p-series\/#primaryimage"},"thumbnailUrl":"https:\/\/ipautomationinc.com\/wp-content\/uploads\/2023\/02\/i8-S-RGB-1.png","datePublished":"2024-06-18T19:23:37+00:00","dateModified":"2026-04-06T15:20:12+00:00","description":"La dobladora de alambre CNC de una sola pieza de la serie P est\u00e1 dise\u00f1ada para facilitar el trabajo con piezas y combinaciones de piezas complejas que requieren versatilidad y flexibilidad.","inLanguage":"es","potentialAction":[{"@type":"ReadAction","target":["https:\/\/ipautomationinc.com\/i-p-series\/"]}]},{"@type":"ImageObject","inLanguage":"es","@id":"https:\/\/ipautomationinc.com\/i-p-series\/#primaryimage","url":"https:\/\/ipautomationinc.com\/wp-content\/uploads\/2023\/02\/i8-S-RGB-1.png","contentUrl":"https:\/\/ipautomationinc.com\/wp-content\/uploads\/2023\/02\/i8-S-RGB-1.png"},{"@type":"WebSite","@id":"https:\/\/ipautomationinc.com\/#website","url":"https:\/\/ipautomationinc.com\/","name":"IP Automation Inc","description":"Concepto... Creaci\u00f3n... Realidad...","publisher":{"@id":"https:\/\/ipautomationinc.com\/#organization"},"potentialAction":[{"@type":"SearchAction","target":{"@type":"EntryPoint","urlTemplate":"https:\/\/ipautomationinc.com\/?s={search_term_string}"},"query-input":{"@type":"PropertyValueSpecification","valueRequired":true,"valueName":"search_term_string"}}],"inLanguage":"es"},{"@type":"Organization","@id":"https:\/\/ipautomationinc.com\/#organization","name":"IP Automation Inc","url":"https:\/\/ipautomationinc.com\/","logo":{"@type":"ImageObject","inLanguage":"es","@id":"https:\/\/ipautomationinc.com\/#\/schema\/logo\/image\/","url":"https:\/\/ipautomationinc.com\/wp-content\/uploads\/2022\/05\/IPA-Favicon.png","contentUrl":"https:\/\/ipautomationinc.com\/wp-content\/uploads\/2022\/05\/IPA-Favicon.png","width":513,"height":513,"caption":"IP Automation Inc"},"image":{"@id":"https:\/\/ipautomationinc.com\/#\/schema\/logo\/image\/"},"sameAs":["https:\/\/www.facebook.com\/ipautomationinc\/","https:\/\/www.linkedin.com\/company\/ip-automation-inc\/","https:\/\/www.youtube.com\/@IPAutomation"]}]}},"_links":{"self":[{"href":"https:\/\/ipautomationinc.com\/es\/wp-json\/wp\/v2\/pages\/35632","targetHints":{"allow":["GET"]}}],"collection":[{"href":"https:\/\/ipautomationinc.com\/es\/wp-json\/wp\/v2\/pages"}],"about":[{"href":"https:\/\/ipautomationinc.com\/es\/wp-json\/wp\/v2\/types\/page"}],"author":[{"embeddable":true,"href":"https:\/\/ipautomationinc.com\/es\/wp-json\/wp\/v2\/users\/3"}],"replies":[{"embeddable":true,"href":"https:\/\/ipautomationinc.com\/es\/wp-json\/wp\/v2\/comments?post=35632"}],"version-history":[{"count":9,"href":"https:\/\/ipautomationinc.com\/es\/wp-json\/wp\/v2\/pages\/35632\/revisions"}],"predecessor-version":[{"id":39657,"href":"https:\/\/ipautomationinc.com\/es\/wp-json\/wp\/v2\/pages\/35632\/revisions\/39657"}],"wp:attachment":[{"href":"https:\/\/ipautomationinc.com\/es\/wp-json\/wp\/v2\/media?parent=35632"}],"curies":[{"name":"Gracias","href":"https:\/\/api.w.org\/{rel}","templated":true}]}}