{"id":32686,"date":"2026-02-10T16:33:39","date_gmt":"2026-02-10T22:33:39","guid":{"rendered":"https:\/\/ipautomationinc.com\/?page_id=32686"},"modified":"2026-04-22T15:19:56","modified_gmt":"2026-04-22T20:19:56","slug":"carreras","status":"publish","type":"page","link":"https:\/\/ipautomationinc.com\/es\/careers\/","title":{"rendered":"Carreras"},"content":{"rendered":"<p>IP Automation Inc is an industry leader in CNC wire bending machinery. We design and manufacture precision equipment used by manufacturers across a range of industries. Our work is driven by quality, reliability, and attention to detail. We\u2019re looking for individuals who take pride in their work and want to contribute to a well-run, growing company. Below you\u2019ll find our current open positions and links to apply.<\/p>\n\n\n\n<p><span class=\"builder2seo\"><\/span>Carreras<br><br><p><span>IP Automation Inc. es l\u00edder en la industria de maquinaria CNC para doblado de alambre. Dise\u00f1amos y fabricamos equipos de precisi\u00f3n utilizados por fabricantes de diversas industrias. Nuestro trabajo se basa en la calidad, la fiabilidad y la atenci\u00f3n al detalle. Buscamos personas que se enorgullezcan de su trabajo y deseen contribuir a una empresa s\u00f3lida y en crecimiento.<\/span><\/p><br><br><p><span>A continuaci\u00f3n encontrar\u00e1 nuestros puestos vacantes actuales y enlaces para postularse.<\/span><\/p><br><br>T\u00e9cnico en ingenier\u00eda<br><br><br><p>Responsable del desarrollo y prueba de soluciones para resolver problemas t\u00e9cnicos en la investigaci\u00f3n y el desarrollo de m\u00e1quinas de plegado automatizadas y sistemas de ensamblaje rob\u00f3tico. Asiste a los ingenieros, inspecciona productos, realiza pruebas y verifica que los equipos cumplan con las especificaciones.<\/p><br><br>Responsabilidades primarias<br>Experiencia<br>Educaci\u00f3n<br><br><br>Crear soluciones a problemas t\u00e9cnicos complejos en una variedad de industrias.<br><br>Ayudar a los ingenieros y al equipo de ventas a crear, modificar y proponer productos y procesos.<br><br>Ayudar a los clientes en la capacitaci\u00f3n y el soporte t\u00e9cnico.<br><br>Ayudar en el dise\u00f1o, desarrollo y producci\u00f3n de productos.<br><br>Construir y montar equipos<br><br>Programar y ayudar a supervisar la construcci\u00f3n de m\u00e1quinas formadoras de alambre CNC y equipos rob\u00f3ticos.<br><br>Puede utilizar equipos de dise\u00f1o y dibujo asistidos por computadora durante la fase de dise\u00f1o o para verificar dise\u00f1os.<br><br>Probar y fabricar equipos el\u00e9ctricos y electr\u00f3nicos, como paneles el\u00e9ctricos, conjuntos de cables multifilares y computadoras.<br><br>Fabricar y probar sistemas mec\u00e1nicos electr\u00f3nicos y controlados por computadora<br><br>Desarrollar m\u00e9todos utilizados en la prevenci\u00f3n, control o remediaci\u00f3n de peligros ambientales.<br><br>Programar sistemas rob\u00f3ticos<br><br>Hasta 30% de recorrido<br><br><br><br><br>Al menos 2 a\u00f1os de experiencia en sistemas mec\u00e1nicos automatizados o sistemas electr\u00f3nicos automatizados. Tambi\u00e9n se valorar\u00e1 la experiencia en automoci\u00f3n.<br><br>Experiencia en CNC es un plus<br><br><br><br><br>T\u00edtulo de Asociado en Ingenier\u00eda Mec\u00e1nica o experiencia pr\u00e1ctica en la construcci\u00f3n y resoluci\u00f3n de problemas de maquinaria automatizada.<br><br><br>unordered<br>enable<br>fas fa-plus<br>fas fa-minus<br>rotate<br>12px<br><br>Ver listado completo y postularse<br><a href=\"https:\/\/www.indeed.com\/viewjob?jk=08578505451981bb&amp;from=shareddesktop_copy\">https:\/\/www.indeed.com\/viewjob?jk=08578505451981bb&amp;from=shareddesktop_copy<\/a><br>tema_boton<br><br>Maquinista CNC \/ Programador 1er Turno<br><br><br><p>Ser\u00e1s parte del equipo pr\u00e1ctico que mantiene la producci\u00f3n en movimiento: trabajar\u00e1s en m\u00e1quinas, colaborar\u00e1s con compa\u00f1eros de equipo y te asegurar\u00e1s de que cada pieza terminada cumpla con nuestras expectativas de calidad.<\/p><br><br>Responsabilidades primarias<br>Experiencia<br>Educaci\u00f3n<br><br><br>Programar y configurar m\u00e1quinas CNC para ejecuciones de alto volumen y mezcla, y monitorear la calidad durante la operaci\u00f3n.<br><br>Cargue materias primas y componentes en m\u00e1quinas CNC con cuidado y atenci\u00f3n al detalle.<br><br>Realice los ajustes necesarios para mantener las piezas dentro de las especificaciones y mantener una calidad constante.<br><br>Operar m\u00e1quinas manuales como fresadoras, tornos, rectificadoras de superficies y sierras de cinta para mecanizar piezas de precisi\u00f3n.<br><br>Colaborar con el equipo de ingenier\u00eda para mejorar los dise\u00f1os de piezas y optimizar la capacidad de fabricaci\u00f3n.<br><br>Inspeccionar y medir las piezas terminadas para garantizar que cumplan con los requisitos del plano.<br><br>Realizar controles y mantenimiento diarios de las m\u00e1quinas para mantenerlas funcionando sin problemas.<br><br>Siga todos los procedimientos de seguridad y ayude a mantener un entorno de trabajo limpio, organizado y seguro.<br><br><br><br><br>Experiencia comprobada como maquinista CNC<br><br>Experto en programaci\u00f3n y configuraci\u00f3n de maquinaria CNC, herramientas e instrumentos de medici\u00f3n de precisi\u00f3n.<br><br>Comfortable reading and interpreting mechanical drawings and documentation, including GD&amp;T<br><br>Aptitud mec\u00e1nica y fuertes habilidades matem\u00e1ticas.<br><br>Programaci\u00f3n CAM: 5 a\u00f1os (Preferible)<br><br><br><br><br>Se requiere diploma de escuela secundaria o equivalente; un certificado t\u00e9cnico o diploma en un campo relacionado es una ventaja.<br><br><br>unordered<br>enable<br>fas fa-plus<br>fas fa-minus<br>rotate<br>12px<br><br>Ver listado completo y postularse<br><a href=\"https:\/\/www.indeed.com\/viewjob?jk=06e8e30a921ced7e&amp;from=shareddesktop_copy\">https:\/\/www.indeed.com\/viewjob?jk=06e8e30a921ced7e&amp;from=shareddesktop_copy<\/a><br>tema_boton<br><br>T\u00e9cnico en ingenier\u00eda<br><br><br><p>Responsable del desarrollo y prueba de soluciones para resolver problemas t\u00e9cnicos en la investigaci\u00f3n y el desarrollo de m\u00e1quinas de plegado automatizadas y sistemas de ensamblaje rob\u00f3tico. Asiste a los ingenieros, inspecciona productos, realiza pruebas y verifica que los equipos cumplan con las especificaciones.<\/p><br><br>Responsabilidades primarias<br>Experiencia<br>Educaci\u00f3n<br><br><br>Crear soluciones a problemas t\u00e9cnicos complejos en una variedad de industrias.<br><br>Ayudar a los ingenieros y al equipo de ventas a crear, modificar y proponer productos y procesos.<br><br>Ayudar a los clientes en la capacitaci\u00f3n y el soporte t\u00e9cnico.<br><br>Ayudar en el dise\u00f1o, desarrollo y producci\u00f3n de productos.<br><br>Construir y montar equipos<br><br>Programar y ayudar a supervisar la construcci\u00f3n de m\u00e1quinas formadoras de alambre CNC y equipos rob\u00f3ticos.<br><br>Puede utilizar equipos de dise\u00f1o y dibujo asistidos por computadora durante la fase de dise\u00f1o o para verificar dise\u00f1os.<br><br>Probar y fabricar equipos el\u00e9ctricos y electr\u00f3nicos, como paneles el\u00e9ctricos, conjuntos de cables multifilares y computadoras.<br><br>Fabricar y probar sistemas mec\u00e1nicos electr\u00f3nicos y controlados por computadora<br><br>Desarrollar m\u00e9todos utilizados en la prevenci\u00f3n, control o remediaci\u00f3n de peligros ambientales.<br><br>Up to 10% travel<br><br><br><br><br>Al menos 2 a\u00f1os de experiencia en sistemas mec\u00e1nicos automatizados o sistemas electr\u00f3nicos automatizados. Tambi\u00e9n se valorar\u00e1 la experiencia en automoci\u00f3n.<br><br>Experiencia en CNC es un plus<br><br><br><br><br>Associates Degree in Mechanical Engineering or hands on experience in building and troubleshooting automated machinery : 2 Years<br><br><br>unordered<br>enable<br>fas fa-plus<br>fas fa-minus<br>rotate<br><br>Apply Here<br><a href=\"https:\/\/www.linkedin.com\/jobs\/view\/3984475847\/\">https:\/\/www.linkedin.com\/jobs\/view\/3984475847\/<\/a><br>tema_boton<br><br>Maquinista CNC \/ Programador 1er Turno<br><br><br><p>Ser\u00e1s parte del equipo pr\u00e1ctico que mantiene la producci\u00f3n en movimiento: trabajar\u00e1s en m\u00e1quinas, colaborar\u00e1s con compa\u00f1eros de equipo y te asegurar\u00e1s de que cada pieza terminada cumpla con nuestras expectativas de calidad.<\/p><br><br>Responsabilidades primarias<br>Experiencia<br>Educaci\u00f3n<br><br><br>Crear soluciones a problemas t\u00e9cnicos complejos en una variedad de industrias.<br><br>Ayudar a los ingenieros y al equipo de ventas a crear, modificar y proponer productos y procesos.<br><br>Ayudar a los clientes en la capacitaci\u00f3n y el soporte t\u00e9cnico.<br><br>Ayudar en el dise\u00f1o, desarrollo y producci\u00f3n de productos.<br><br>Construir y montar equipos<br><br>Programar y ayudar a supervisar la construcci\u00f3n de m\u00e1quinas formadoras de alambre CNC y equipos rob\u00f3ticos.<br><br>Puede utilizar equipos de dise\u00f1o y dibujo asistidos por computadora durante la fase de dise\u00f1o o para verificar dise\u00f1os.<br><br>Probar y fabricar equipos el\u00e9ctricos y electr\u00f3nicos, como paneles el\u00e9ctricos, conjuntos de cables multifilares y computadoras.<br><br>Fabricar y probar sistemas mec\u00e1nicos electr\u00f3nicos y controlados por computadora<br><br>Desarrollar m\u00e9todos utilizados en la prevenci\u00f3n, control o remediaci\u00f3n de peligros ambientales.<br><br>Up to 10% travel<br><br><br><br><br>Al menos 2 a\u00f1os de experiencia en sistemas mec\u00e1nicos automatizados o sistemas electr\u00f3nicos automatizados. Tambi\u00e9n se valorar\u00e1 la experiencia en automoci\u00f3n.<br><br>CNC experience is required<br><br><br><br><br>T\u00edtulo de Asociado en Ingenier\u00eda Mec\u00e1nica o experiencia pr\u00e1ctica en la construcci\u00f3n y resoluci\u00f3n de problemas de maquinaria automatizada.<br><br><br>unordered<br>enable<br>fas fa-plus<br>fas fa-minus<br>rotate<br><br>Apply Here<br><a href=\"https:\/\/www.linkedin.com\/jobs\/view\/3984475847\/\">https:\/\/www.linkedin.com\/jobs\/view\/3984475847\/<\/a><br>tema_boton<br><br><\/p>","protected":false},"excerpt":{"rendered":"<p>IP Automation Inc is an industry leader in CNC wire bending machinery. We design and manufacture precision equipment used by<span class=\"excerpt-hellip\"> [\u2026]<\/span><\/p>\n","protected":false},"author":3,"featured_media":0,"parent":0,"menu_order":0,"comment_status":"closed","ping_status":"closed","template":"","meta":{"footnotes":""},"class_list":["post-32686","page","type-page","status-publish","hentry"],"yoast_head":"<!-- This site is optimized with the Yoast SEO plugin v27.4 - https:\/\/yoast.com\/product\/yoast-seo-wordpress\/ -->\n<title>Careers | IP Automation Inc<\/title>\n<meta name=\"description\" content=\"IP Automation Inc is looking for individuals who take pride in their work and want to contribute to a well-run, growing company. Explore open positions.\" \/>\n<meta name=\"robots\" content=\"index, follow, max-snippet:-1, max-image-preview:large, max-video-preview:-1\" \/>\n<link rel=\"canonical\" href=\"https:\/\/ipautomationinc.com\/es\/carreras\/\" \/>\n<meta property=\"og:locale\" content=\"es_MX\" \/>\n<meta property=\"og:type\" content=\"article\" \/>\n<meta property=\"og:title\" content=\"Careers | IP Automation Inc\" \/>\n<meta property=\"og:description\" content=\"IP Automation Inc is looking for individuals who take pride in their work and want to contribute to a well-run, growing company. Explore open positions.\" \/>\n<meta property=\"og:url\" content=\"https:\/\/ipautomationinc.com\/es\/carreras\/\" \/>\n<meta property=\"og:site_name\" content=\"IP Automation Inc\" \/>\n<meta property=\"article:publisher\" content=\"https:\/\/www.facebook.com\/ipautomationinc\/\" \/>\n<meta property=\"article:modified_time\" content=\"2026-04-22T20:19:56+00:00\" \/>\n<script type=\"application\/ld+json\" class=\"yoast-schema-graph\">{\"@context\":\"https:\\\/\\\/schema.org\",\"@graph\":[{\"@type\":\"WebPage\",\"@id\":\"https:\\\/\\\/ipautomationinc.com\\\/careers\\\/\",\"url\":\"https:\\\/\\\/ipautomationinc.com\\\/careers\\\/\",\"name\":\"Careers | IP Automation Inc\",\"isPartOf\":{\"@id\":\"https:\\\/\\\/ipautomationinc.com\\\/#website\"},\"datePublished\":\"2026-02-10T22:33:39+00:00\",\"dateModified\":\"2026-04-22T20:19:56+00:00\",\"description\":\"IP Automation Inc is looking for individuals who take pride in their work and want to contribute to a well-run, growing company. Explore open positions.\",\"inLanguage\":\"es\",\"potentialAction\":[{\"@type\":\"ReadAction\",\"target\":[\"https:\\\/\\\/ipautomationinc.com\\\/careers\\\/\"]}]},{\"@type\":\"WebSite\",\"@id\":\"https:\\\/\\\/ipautomationinc.com\\\/#website\",\"url\":\"https:\\\/\\\/ipautomationinc.com\\\/\",\"name\":\"IP Automation Inc\",\"description\":\"Concept... Creation... Reality...\",\"publisher\":{\"@id\":\"https:\\\/\\\/ipautomationinc.com\\\/#organization\"},\"potentialAction\":[{\"@type\":\"SearchAction\",\"target\":{\"@type\":\"EntryPoint\",\"urlTemplate\":\"https:\\\/\\\/ipautomationinc.com\\\/?s={search_term_string}\"},\"query-input\":{\"@type\":\"PropertyValueSpecification\",\"valueRequired\":true,\"valueName\":\"search_term_string\"}}],\"inLanguage\":\"es\"},{\"@type\":\"Organization\",\"@id\":\"https:\\\/\\\/ipautomationinc.com\\\/#organization\",\"name\":\"IP Automation Inc\",\"url\":\"https:\\\/\\\/ipautomationinc.com\\\/\",\"logo\":{\"@type\":\"ImageObject\",\"inLanguage\":\"es\",\"@id\":\"https:\\\/\\\/ipautomationinc.com\\\/#\\\/schema\\\/logo\\\/image\\\/\",\"url\":\"https:\\\/\\\/ipautomationinc.com\\\/wp-content\\\/uploads\\\/2022\\\/05\\\/IPA-Favicon.png\",\"contentUrl\":\"https:\\\/\\\/ipautomationinc.com\\\/wp-content\\\/uploads\\\/2022\\\/05\\\/IPA-Favicon.png\",\"width\":513,\"height\":513,\"caption\":\"IP Automation Inc\"},\"image\":{\"@id\":\"https:\\\/\\\/ipautomationinc.com\\\/#\\\/schema\\\/logo\\\/image\\\/\"},\"sameAs\":[\"https:\\\/\\\/www.facebook.com\\\/ipautomationinc\\\/\",\"https:\\\/\\\/www.linkedin.com\\\/company\\\/ip-automation-inc\\\/\",\"https:\\\/\\\/www.youtube.com\\\/@IPAutomation\"]}]}<\/script>\n<!-- \/ Yoast SEO plugin. -->","yoast_head_json":{"title":"Carreras | IP Automation Inc.","description":"IP Automation Inc. busca personas que se enorgullezcan de su trabajo y deseen contribuir a una empresa en crecimiento y bien gestionada. Explora las vacantes disponibles.","robots":{"index":"index","follow":"follow","max-snippet":"max-snippet:-1","max-image-preview":"max-image-preview:large","max-video-preview":"max-video-preview:-1"},"canonical":"https:\/\/ipautomationinc.com\/es\/carreras\/","og_locale":"es_MX","og_type":"article","og_title":"Careers | IP Automation Inc","og_description":"IP Automation Inc is looking for individuals who take pride in their work and want to contribute to a well-run, growing company. Explore open positions.","og_url":"https:\/\/ipautomationinc.com\/es\/carreras\/","og_site_name":"IP Automation Inc","article_publisher":"https:\/\/www.facebook.com\/ipautomationinc\/","article_modified_time":"2026-04-22T20:19:56+00:00","schema":{"@context":"https:\/\/schema.org","@graph":[{"@type":"WebPage","@id":"https:\/\/ipautomationinc.com\/careers\/","url":"https:\/\/ipautomationinc.com\/careers\/","name":"Carreras | IP Automation Inc.","isPartOf":{"@id":"https:\/\/ipautomationinc.com\/#website"},"datePublished":"2026-02-10T22:33:39+00:00","dateModified":"2026-04-22T20:19:56+00:00","description":"IP Automation Inc. busca personas que se enorgullezcan de su trabajo y deseen contribuir a una empresa en crecimiento y bien gestionada. Explora las vacantes disponibles.","inLanguage":"es","potentialAction":[{"@type":"ReadAction","target":["https:\/\/ipautomationinc.com\/careers\/"]}]},{"@type":"WebSite","@id":"https:\/\/ipautomationinc.com\/#website","url":"https:\/\/ipautomationinc.com\/","name":"IP Automation Inc","description":"Concepto... Creaci\u00f3n... Realidad...","publisher":{"@id":"https:\/\/ipautomationinc.com\/#organization"},"potentialAction":[{"@type":"SearchAction","target":{"@type":"EntryPoint","urlTemplate":"https:\/\/ipautomationinc.com\/?s={search_term_string}"},"query-input":{"@type":"PropertyValueSpecification","valueRequired":true,"valueName":"search_term_string"}}],"inLanguage":"es"},{"@type":"Organization","@id":"https:\/\/ipautomationinc.com\/#organization","name":"IP Automation Inc","url":"https:\/\/ipautomationinc.com\/","logo":{"@type":"ImageObject","inLanguage":"es","@id":"https:\/\/ipautomationinc.com\/#\/schema\/logo\/image\/","url":"https:\/\/ipautomationinc.com\/wp-content\/uploads\/2022\/05\/IPA-Favicon.png","contentUrl":"https:\/\/ipautomationinc.com\/wp-content\/uploads\/2022\/05\/IPA-Favicon.png","width":513,"height":513,"caption":"IP Automation Inc"},"image":{"@id":"https:\/\/ipautomationinc.com\/#\/schema\/logo\/image\/"},"sameAs":["https:\/\/www.facebook.com\/ipautomationinc\/","https:\/\/www.linkedin.com\/company\/ip-automation-inc\/","https:\/\/www.youtube.com\/@IPAutomation"]}]}},"_links":{"self":[{"href":"https:\/\/ipautomationinc.com\/es\/wp-json\/wp\/v2\/pages\/32686","targetHints":{"allow":["GET"]}}],"collection":[{"href":"https:\/\/ipautomationinc.com\/es\/wp-json\/wp\/v2\/pages"}],"about":[{"href":"https:\/\/ipautomationinc.com\/es\/wp-json\/wp\/v2\/types\/page"}],"author":[{"embeddable":true,"href":"https:\/\/ipautomationinc.com\/es\/wp-json\/wp\/v2\/users\/3"}],"replies":[{"embeddable":true,"href":"https:\/\/ipautomationinc.com\/es\/wp-json\/wp\/v2\/comments?post=32686"}],"version-history":[{"count":6,"href":"https:\/\/ipautomationinc.com\/es\/wp-json\/wp\/v2\/pages\/32686\/revisions"}],"predecessor-version":[{"id":39420,"href":"https:\/\/ipautomationinc.com\/es\/wp-json\/wp\/v2\/pages\/32686\/revisions\/39420"}],"wp:attachment":[{"href":"https:\/\/ipautomationinc.com\/es\/wp-json\/wp\/v2\/media?parent=32686"}],"curies":[{"name":"Gracias","href":"https:\/\/api.w.org\/{rel}","templated":true}]}}