{"id":1342,"date":"2022-07-07T13:16:55","date_gmt":"2022-07-07T18:16:55","guid":{"rendered":"https:\/\/ipautomationinc.com\/?page_id=1342"},"modified":"2026-04-01T13:58:47","modified_gmt":"2026-04-01T18:58:47","slug":"dobladoras-de-alambre-cnc-de-un-solo-cabezal","status":"publish","type":"page","link":"https:\/\/ipautomationinc.com\/es\/single-head-cnc-wire-benders\/","title":{"rendered":"Dobladoras de alambre CNC de un solo cabezal"},"content":{"rendered":"<h6 class=\"wp-block-heading\"><strong>Explore our range of single head CNC wire benders. I-SC series companct single head CNC wire bender, 2-8mm wire diameter. I-S series single head CNC wire bender, 2-20mm wire diameter. I-S\u00b2 multiple bend head CNC wire bender, 2.5-16mm wire diameter. I-P series single piece cnc wire bender, 2.5-16mm wire diameter<\/strong><\/h6>\n\n\n\n<p><span class=\"builder2seo\"><\/span>Dobladoras de alambre CNC de un solo cabezal<br><br>ancho<br><br><img decoding=\"async\" src=\"https:\/\/ipautomationinc.com\/wp-content\/uploads\/2025\/09\/i8-SC-RGB.png#38241\" alt=\"i8-SC RGB\"><br><a href=\"https:\/\/ipautomationinc.com\/es\/serie-i-sc\/\">https:\/\/ipautomationinc.com\/i-sc-series\/<\/a><br><br>Serie i-SC<br><br>Aprende m\u00e1s<br><a href=\"https:\/\/ipautomationinc.com\/es\/serie-i-sc\/\">https:\/\/ipautomationinc.com\/i-sc-series\/<\/a><br>tema_boton<br><br>Dobladoras de alambre CNC compactas de un solo cabezal<br><br><h5>La serie i-SC tiene un rendimiento asequible, est\u00e1 dise\u00f1ada para un bajo mantenimiento, una configuraci\u00f3n sencilla y una durabilidad a largo plazo.<\/h5><br><br><br><br>2-8 mm* Di\u00e1metro del alambre<br><br>Perfecto para componentes de exhibici\u00f3n POP, industrias de electrodom\u00e9sticos, clips, soportes, ganchos, resortes, colgadores, conectores y piezas de cestas de viveros de \u00e1rboles.<br><br><br><br><img decoding=\"async\" src=\"https:\/\/ipautomationinc.com\/wp-content\/uploads\/2023\/02\/i8-S-RGB-1.png#11263\" alt=\"i8-S RGB\"><br><a href=\"https:\/\/ipautomationinc.com\/es\/serie-i-s\/\">https:\/\/ipautomationinc.com\/i-s-series\/<\/a><br><br>Serie i-S<br><br>Aprende m\u00e1s<br><a href=\"https:\/\/ipautomationinc.com\/es\/serie-i-s\/\">https:\/\/ipautomationinc.com\/i-s-series\/<\/a><br>tema_boton<br><br>Dobladoras de alambre CNC de un solo cabezal<br><br><h5>La amplia gama de opciones y la asequibilidad de la serie i-S la convierten en una excelente opci\u00f3n tanto para las empresas de conformado de alambre principiantes como para las avanzadas.<\/h5><br><br><br><br>2-20 mm* Di\u00e1metro del alambre<br><br>Perfecto para clips, soportes, componentes de exhibici\u00f3n POP minorista, ganchos, resortes, colgadores, conectores, piezas de electrodom\u00e9sticos, protectores faciales y manijas.<br><br><br>Rumbo + desc.<br>sin repetici\u00f3n; arriba a la izquierda;;<br>auto<br>20px<br>0 10%<br><br><img decoding=\"async\" src=\"https:\/\/ipautomationinc.com\/wp-content\/uploads\/2024\/08\/i10-S\u00b2-rgb.png#36757\" alt=\"i10-S\u00b2-rgb\"><br><a href=\"https:\/\/ipautomationinc.com\/es\/serie-i-s-al-cuadrado\/\">https:\/\/ipautomationinc.com\/i-s-squared-series\/<\/a><br><br>Serie i-S\u00b2<br><br>Aprende m\u00e1s<br><a href=\"https:\/\/ipautomationinc.com\/es\/serie-i-s-al-cuadrado\/\">https:\/\/ipautomationinc.com\/i-s-squared-series\/<\/a><br>tema_boton<br><br>Dobladoras de alambre CNC con cabezal de curvatura m\u00faltiple<br><br><h5>El i-S\u00b2 cuenta con 2 cabezales de doblado que brindan una multitud de opciones de doblado para herramientas de mandril o torreta.<\/h5><br><br><br><br>2,5-16 mm* Di\u00e1metro del alambre<br><br>Perfecto para asientos de autom\u00f3viles y equipos agr\u00edcolas.<br><br><br>Rumbo + desc.<br>sin repetici\u00f3n; arriba a la izquierda;;<br>auto<br>20px<br>0 10%<br><br><img decoding=\"async\" src=\"https:\/\/ipautomationinc.com\/wp-content\/uploads\/2026\/02\/i10-S\u00b2-P-Single-Piece-3D-CNC-Wire-Bender.png#39498\" alt=\"i10-S\u00b2-P Single Piece 3D CNC Wire Bender\"><br><a href=\"https:\/\/ipautomationinc.com\/es\/serie-ip\/\">https:\/\/ipautomationinc.com\/i-p-series\/<\/a><br><br>Serie iP<br><br>Aprende m\u00e1s<br><a href=\"https:\/\/ipautomationinc.com\/es\/serie-ip\/\">https:\/\/ipautomationinc.com\/i-p-series\/<\/a><br>tema_boton<br><br>Dobladora de alambre CNC 3D con cabezal de curvatura m\u00faltiple de una sola pieza<br><br><h5>La dobladora de alambre CNC de una sola pieza iP est\u00e1 dise\u00f1ada para facilitar el procesamiento de piezas y combinaciones de piezas complejas que requieren versatilidad y flexibilidad para aplicaciones de bajo volumen.<\/h5><br><br><br><br>2,5-16 mm* Di\u00e1metro del alambre<br><br>Perfecto para colgantes de escape, piezas de bajo volumen de mezcla alta, elementos calefactores y piezas de circuito cerrado.<br><br>Cabezales de curvatura simple o doble<br><br><br>Rumbo + desc.<br>sin repetici\u00f3n; arriba a la izquierda;;<br>auto<br>20px<br>0 10%<br><br><\/p>","protected":false},"excerpt":{"rendered":"<p>Explore our range of single head CNC wire benders. I-SC series companct single head CNC wire bender, 2-8mm wire diameter.<span class=\"excerpt-hellip\"> [\u2026]<\/span><\/p>\n","protected":false},"author":3,"featured_media":0,"parent":0,"menu_order":0,"comment_status":"closed","ping_status":"closed","template":"","meta":{"footnotes":""},"class_list":["post-1342","page","type-page","status-publish","hentry"],"yoast_head":"<!-- This site is optimized with the Yoast SEO plugin v27.3 - https:\/\/yoast.com\/product\/yoast-seo-wordpress\/ -->\n<title>Single Head CNC Wire Benders | IP Automation Inc<\/title>\n<meta name=\"description\" content=\"Explore our selection of 3D Single Head CNC Wire Benders to find the perfect one for you. Quality made in the USA machinery.\" \/>\n<meta name=\"robots\" content=\"index, follow, max-snippet:-1, max-image-preview:large, max-video-preview:-1\" \/>\n<link rel=\"canonical\" href=\"https:\/\/ipautomationinc.com\/es\/dobladoras-de-alambre-cnc-de-un-solo-cabezal\/\" \/>\n<meta property=\"og:locale\" content=\"es_MX\" \/>\n<meta property=\"og:type\" content=\"article\" \/>\n<meta property=\"og:title\" content=\"Single Head CNC Wire Benders | IP Automation Inc\" \/>\n<meta property=\"og:description\" content=\"Explore our selection of 3D Single Head CNC Wire Benders to find the perfect one for you. Quality made in the USA machinery.\" \/>\n<meta property=\"og:url\" content=\"https:\/\/ipautomationinc.com\/es\/dobladoras-de-alambre-cnc-de-un-solo-cabezal\/\" \/>\n<meta property=\"og:site_name\" content=\"IP Automation Inc\" \/>\n<meta property=\"article:publisher\" content=\"https:\/\/www.facebook.com\/ipautomationinc\/\" \/>\n<meta property=\"article:modified_time\" content=\"2026-04-01T18:58:47+00:00\" \/>\n<meta property=\"og:image\" content=\"https:\/\/ipautomationinc.com\/wp-content\/uploads\/2025\/09\/i8-SC-RGB.png#38241\" \/>\n<script type=\"application\/ld+json\" class=\"yoast-schema-graph\">{\"@context\":\"https:\\\/\\\/schema.org\",\"@graph\":[{\"@type\":\"WebPage\",\"@id\":\"https:\\\/\\\/ipautomationinc.com\\\/single-head-cnc-wire-benders\\\/\",\"url\":\"https:\\\/\\\/ipautomationinc.com\\\/single-head-cnc-wire-benders\\\/\",\"name\":\"Single Head CNC Wire Benders | IP Automation Inc\",\"isPartOf\":{\"@id\":\"https:\\\/\\\/ipautomationinc.com\\\/#website\"},\"primaryImageOfPage\":{\"@id\":\"https:\\\/\\\/ipautomationinc.com\\\/single-head-cnc-wire-benders\\\/#primaryimage\"},\"image\":{\"@id\":\"https:\\\/\\\/ipautomationinc.com\\\/single-head-cnc-wire-benders\\\/#primaryimage\"},\"thumbnailUrl\":\"https:\\\/\\\/ipautomationinc.com\\\/wp-content\\\/uploads\\\/2025\\\/09\\\/i8-SC-RGB.png#38241\",\"datePublished\":\"2022-07-07T18:16:55+00:00\",\"dateModified\":\"2026-04-01T18:58:47+00:00\",\"description\":\"Explore our selection of 3D Single Head CNC Wire Benders to find the perfect one for you. Quality made in the USA machinery.\",\"inLanguage\":\"es\",\"potentialAction\":[{\"@type\":\"ReadAction\",\"target\":[\"https:\\\/\\\/ipautomationinc.com\\\/single-head-cnc-wire-benders\\\/\"]}]},{\"@type\":\"ImageObject\",\"inLanguage\":\"es\",\"@id\":\"https:\\\/\\\/ipautomationinc.com\\\/single-head-cnc-wire-benders\\\/#primaryimage\",\"url\":\"https:\\\/\\\/ipautomationinc.com\\\/wp-content\\\/uploads\\\/2025\\\/09\\\/i8-SC-RGB.png#38241\",\"contentUrl\":\"https:\\\/\\\/ipautomationinc.com\\\/wp-content\\\/uploads\\\/2025\\\/09\\\/i8-SC-RGB.png#38241\"},{\"@type\":\"WebSite\",\"@id\":\"https:\\\/\\\/ipautomationinc.com\\\/#website\",\"url\":\"https:\\\/\\\/ipautomationinc.com\\\/\",\"name\":\"IP Automation Inc\",\"description\":\"Concept... Creation... Reality...\",\"publisher\":{\"@id\":\"https:\\\/\\\/ipautomationinc.com\\\/#organization\"},\"potentialAction\":[{\"@type\":\"SearchAction\",\"target\":{\"@type\":\"EntryPoint\",\"urlTemplate\":\"https:\\\/\\\/ipautomationinc.com\\\/?s={search_term_string}\"},\"query-input\":{\"@type\":\"PropertyValueSpecification\",\"valueRequired\":true,\"valueName\":\"search_term_string\"}}],\"inLanguage\":\"es\"},{\"@type\":\"Organization\",\"@id\":\"https:\\\/\\\/ipautomationinc.com\\\/#organization\",\"name\":\"IP Automation Inc\",\"url\":\"https:\\\/\\\/ipautomationinc.com\\\/\",\"logo\":{\"@type\":\"ImageObject\",\"inLanguage\":\"es\",\"@id\":\"https:\\\/\\\/ipautomationinc.com\\\/#\\\/schema\\\/logo\\\/image\\\/\",\"url\":\"https:\\\/\\\/ipautomationinc.com\\\/wp-content\\\/uploads\\\/2022\\\/05\\\/IPA-Favicon.png\",\"contentUrl\":\"https:\\\/\\\/ipautomationinc.com\\\/wp-content\\\/uploads\\\/2022\\\/05\\\/IPA-Favicon.png\",\"width\":513,\"height\":513,\"caption\":\"IP Automation Inc\"},\"image\":{\"@id\":\"https:\\\/\\\/ipautomationinc.com\\\/#\\\/schema\\\/logo\\\/image\\\/\"},\"sameAs\":[\"https:\\\/\\\/www.facebook.com\\\/ipautomationinc\\\/\",\"https:\\\/\\\/www.linkedin.com\\\/company\\\/ip-automation-inc\\\/\",\"https:\\\/\\\/www.youtube.com\\\/@IPAutomation\"]}]}<\/script>\n<!-- \/ Yoast SEO plugin. -->","yoast_head_json":{"title":"Dobladoras de alambre CNC de un solo cabezal | IP Automation Inc","description":"Explore nuestra selecci\u00f3n de dobladoras de alambre CNC 3D de un solo cabezal y encuentre la ideal para usted. Maquinaria de calidad fabricada en EE. UU.","robots":{"index":"index","follow":"follow","max-snippet":"max-snippet:-1","max-image-preview":"max-image-preview:large","max-video-preview":"max-video-preview:-1"},"canonical":"https:\/\/ipautomationinc.com\/es\/dobladoras-de-alambre-cnc-de-un-solo-cabezal\/","og_locale":"es_MX","og_type":"article","og_title":"Single Head CNC Wire Benders | IP Automation Inc","og_description":"Explore our selection of 3D Single Head CNC Wire Benders to find the perfect one for you. Quality made in the USA machinery.","og_url":"https:\/\/ipautomationinc.com\/es\/dobladoras-de-alambre-cnc-de-un-solo-cabezal\/","og_site_name":"IP Automation Inc","article_publisher":"https:\/\/www.facebook.com\/ipautomationinc\/","article_modified_time":"2026-04-01T18:58:47+00:00","og_image":[{"url":"https:\/\/ipautomationinc.com\/wp-content\/uploads\/2025\/09\/i8-SC-RGB.png#38241","type":"","width":"","height":""}],"schema":{"@context":"https:\/\/schema.org","@graph":[{"@type":"WebPage","@id":"https:\/\/ipautomationinc.com\/single-head-cnc-wire-benders\/","url":"https:\/\/ipautomationinc.com\/single-head-cnc-wire-benders\/","name":"Dobladoras de alambre CNC de un solo cabezal | IP Automation Inc","isPartOf":{"@id":"https:\/\/ipautomationinc.com\/#website"},"primaryImageOfPage":{"@id":"https:\/\/ipautomationinc.com\/single-head-cnc-wire-benders\/#primaryimage"},"image":{"@id":"https:\/\/ipautomationinc.com\/single-head-cnc-wire-benders\/#primaryimage"},"thumbnailUrl":"https:\/\/ipautomationinc.com\/wp-content\/uploads\/2025\/09\/i8-SC-RGB.png#38241","datePublished":"2022-07-07T18:16:55+00:00","dateModified":"2026-04-01T18:58:47+00:00","description":"Explore nuestra selecci\u00f3n de dobladoras de alambre CNC 3D de un solo cabezal y encuentre la ideal para usted. Maquinaria de calidad fabricada en EE. UU.","inLanguage":"es","potentialAction":[{"@type":"ReadAction","target":["https:\/\/ipautomationinc.com\/single-head-cnc-wire-benders\/"]}]},{"@type":"ImageObject","inLanguage":"es","@id":"https:\/\/ipautomationinc.com\/single-head-cnc-wire-benders\/#primaryimage","url":"https:\/\/ipautomationinc.com\/wp-content\/uploads\/2025\/09\/i8-SC-RGB.png#38241","contentUrl":"https:\/\/ipautomationinc.com\/wp-content\/uploads\/2025\/09\/i8-SC-RGB.png#38241"},{"@type":"WebSite","@id":"https:\/\/ipautomationinc.com\/#website","url":"https:\/\/ipautomationinc.com\/","name":"IP Automation Inc","description":"Concepto... Creaci\u00f3n... Realidad...","publisher":{"@id":"https:\/\/ipautomationinc.com\/#organization"},"potentialAction":[{"@type":"SearchAction","target":{"@type":"EntryPoint","urlTemplate":"https:\/\/ipautomationinc.com\/?s={search_term_string}"},"query-input":{"@type":"PropertyValueSpecification","valueRequired":true,"valueName":"search_term_string"}}],"inLanguage":"es"},{"@type":"Organization","@id":"https:\/\/ipautomationinc.com\/#organization","name":"IP Automation Inc","url":"https:\/\/ipautomationinc.com\/","logo":{"@type":"ImageObject","inLanguage":"es","@id":"https:\/\/ipautomationinc.com\/#\/schema\/logo\/image\/","url":"https:\/\/ipautomationinc.com\/wp-content\/uploads\/2022\/05\/IPA-Favicon.png","contentUrl":"https:\/\/ipautomationinc.com\/wp-content\/uploads\/2022\/05\/IPA-Favicon.png","width":513,"height":513,"caption":"IP Automation Inc"},"image":{"@id":"https:\/\/ipautomationinc.com\/#\/schema\/logo\/image\/"},"sameAs":["https:\/\/www.facebook.com\/ipautomationinc\/","https:\/\/www.linkedin.com\/company\/ip-automation-inc\/","https:\/\/www.youtube.com\/@IPAutomation"]}]}},"_links":{"self":[{"href":"https:\/\/ipautomationinc.com\/es\/wp-json\/wp\/v2\/pages\/1342","targetHints":{"allow":["GET"]}}],"collection":[{"href":"https:\/\/ipautomationinc.com\/es\/wp-json\/wp\/v2\/pages"}],"about":[{"href":"https:\/\/ipautomationinc.com\/es\/wp-json\/wp\/v2\/types\/page"}],"author":[{"embeddable":true,"href":"https:\/\/ipautomationinc.com\/es\/wp-json\/wp\/v2\/users\/3"}],"replies":[{"embeddable":true,"href":"https:\/\/ipautomationinc.com\/es\/wp-json\/wp\/v2\/comments?post=1342"}],"version-history":[{"count":3,"href":"https:\/\/ipautomationinc.com\/es\/wp-json\/wp\/v2\/pages\/1342\/revisions"}],"predecessor-version":[{"id":39709,"href":"https:\/\/ipautomationinc.com\/es\/wp-json\/wp\/v2\/pages\/1342\/revisions\/39709"}],"wp:attachment":[{"href":"https:\/\/ipautomationinc.com\/es\/wp-json\/wp\/v2\/media?parent=1342"}],"curies":[{"name":"Gracias","href":"https:\/\/api.w.org\/{rel}","templated":true}]}}