{"id":1248,"date":"2022-06-16T16:54:35","date_gmt":"2022-06-16T21:54:35","guid":{"rendered":"https:\/\/ipautomationinc.com\/?page_id=1248"},"modified":"2026-02-24T10:12:40","modified_gmt":"2026-02-24T16:12:40","slug":"serie-i-d-ms","status":"publish","type":"page","link":"https:\/\/ipautomationinc.com\/es\/i-d-ms-series\/","title":{"rendered":"Dobladora de alambre CNC de etapas m\u00faltiples serie iD-MS"},"content":{"rendered":"<h6 class=\"wp-block-heading\"><strong>La serie de dobladoras de alambre CNC de etapas m\u00faltiples iD-MS est\u00e1 dise\u00f1ada para formas de alambre especializadas de alta precisi\u00f3n que requieren operaciones de doblado separadas. Utilizando nuestro mecanismo de transferencia bancaria y nuestra experiencia en controles avanzados, las operaciones se ejecutan simult\u00e1neamente en m\u00faltiples etapas en la misma m\u00e1quina. La serie iD-MS destaca en la formaci\u00f3n de piezas no sim\u00e9tricas sin reducci\u00f3n de velocidad. Se puede configurar con una variedad de configuraciones de cabezales y herramientas personalizadas.<\/strong><\/h6>\n\n\n\n<p><span class=\"builder2seo\"><\/span>Dobladoras de alambre CNC de etapas m\u00faltiples<br><br>Serie i-D-MS<br><br><img decoding=\"async\" src=\"https:\/\/ipautomationinc.com\/wp-content\/uploads\/2022\/09\/i-D-MS-RGB-1.png\" alt=\"M\u00e1quina dobladora de alambre CNC de etapas m\u00faltiples iD-MS\"><br>400px<br><br>Haga clic aqu\u00ed para ver el v\u00eddeo<br><a href=\"https:\/\/ipautomationinc.com\/es\/serie-i-d-ms\/#video\">https:\/\/ipautomationinc.com\/i-d-ms-series\/#video<\/a><br>fas fa-play-circulo<br>tema_boton<br><br>Haga clic aqu\u00ed para ver el folleto en PDF<br><a href=\"https:\/\/ipautomationinc.com\/wp-content\/uploads\/2025\/09\/2025-i-D-MS-Flyer.pdf\">https:\/\/ipautomationinc.com\/wp-content\/uploads\/2025\/09\/2025-i-D-MS-Flyer.pdf<\/a><br>fas fa-archivo-pdf<br>tema_boton<br>https:\/\/ipautomationinc.com\/wp-content\/uploads\/2025\/09\/2025-i-D-MS-Flyer.pdf<br><br>1550,1549,1548,1547,1546<br>#0455B3<br>3px 3px 3px 3px<br><br><h4>La serie de dobladoras de alambre CNC de etapas m\u00faltiples iD-MS est\u00e1 dise\u00f1ada para formas de alambre especializadas de alta precisi\u00f3n que requieren operaciones de doblado separadas. Utilizando nuestro mecanismo de transferencia de alambre y nuestra experiencia en controles avanzados, las operaciones se ejecutan simult\u00e1neamente en m\u00faltiples etapas en la misma m\u00e1quina. La serie iD-MS se destaca en la formaci\u00f3n de piezas no sim\u00e9tricas sin reducci\u00f3n de velocidad. Se puede configurar con una variedad de configuraciones de cabezales y herramientas personalizadas. Anteriormente, estas operaciones deb\u00edan completarse en dos m\u00e1quinas. Nuestro dise\u00f1o avanzado destaca por qu\u00e9 IP Automation Inc. es el l\u00edder en formaci\u00f3n de cables en fabricaci\u00f3n eficiente al dise\u00f1ar inteligentemente WIP y combinar procesos.<\/h4><br><br><h3>Aplicaciones<\/h3><h4>Listado de precisi\u00f3n y alambres de asientoPiezas de tolerancia ajustada para operaciones de sobremoldeo. <br><br><\/h4><br>#EBEBEB<br><br><img decoding=\"async\" src=\"https:\/\/ipautomationinc.com\/wp-content\/uploads\/2022\/09\/i-D-MS-RGB-1.png\" alt=\"M\u00e1quina dobladora de alambre CNC de etapas m\u00faltiples iD-MS\"><br>costumbre<br>100%<br><br>Haga clic aqu\u00ed para ver el v\u00eddeo<br><a href=\"https:\/\/ipautomationinc.com\/es\/serie-i-d-ms\/#video\">https:\/\/ipautomationinc.com\/i-d-ms-series\/#video<\/a><br>fas fa-play-circulo<br>tema_boton<br><br>Haga clic aqu\u00ed para ver el folleto en PDF<br><a href=\"https:\/\/ipautomationinc.com\/wp-content\/uploads\/2025\/09\/2025-i-D-MS-Flyer.pdf\">https:\/\/ipautomationinc.com\/wp-content\/uploads\/2025\/09\/2025-i-D-MS-Flyer.pdf<\/a><br>fas fa-archivo-pdf<br>tema_boton<br>https:\/\/ipautomationinc.com\/wp-content\/uploads\/2025\/09\/2025-i-D-MS-Flyer.pdf<br><br>1550,1549,1548,1547,1546<br>#0455B3<br>3px 3px 3px 3px<br>costumbre<br>80%<br><br><h4>La serie iD-MS (multietapa) est\u00e1 dise\u00f1ada para formas de alambre especializadas de alta precisi\u00f3n que requieren operaciones de doblado separadas. Utilizando nuestro mecanismo de transferencia bancaria y nuestra experiencia en controles avanzados, las operaciones se ejecutan simult\u00e1neamente en m\u00faltiples etapas en la misma m\u00e1quina.<br><br>La serie i-D-MS destaca en la formaci\u00f3n de piezas no sim\u00e9tricas sin reducci\u00f3n de velocidad. Se puede configurar con una variedad de configuraciones de cabezales y herramientas personalizadas.<br><br>Anteriormente, estas operaciones deb\u00edan realizarse en dos m\u00e1quinas. Nuestro dise\u00f1o avanzado destaca por qu\u00e9 IP Automation Inc. es el l\u00edder en formaci\u00f3n de cables en fabricaci\u00f3n ajustada al dise\u00f1ar inteligentemente WIP y combinar procesos. <\/h4><br><br><h3>Aplicaciones<\/h3><h4>Listado de precisi\u00f3n y alambres de asientoPiezas de tolerancia ajustada para operaciones de sobremoldeo. <br><br><\/h4><br>#EBEBEB<br><br><br>Medios de comunicaci\u00f3n<br><br>;C;;<br><br>1493,1494,1491,1490,1495<br>grande<br><br><br>Caracter\u00edsticas<br><br>Doblar<br>Programaci\u00f3n<br>Detalles<br>Dise\u00f1o de la m\u00e1quina<br><br><br>\t20 Servo Axes:  X &#8211; feed, rotary straightener, C &#8211; cutter, Y &#8211; bender pin rotation (2X), Z &#8211; clamp &amp; rotate, U &#8211; tool pivot (2x),  P &#8211; bend head height (2X),  transfer<br><br>\tHasta 2 radios<br><br>Los ingenieros de IP Automation y las m\u00e1quinas CNC doblan todos los cabezales, cortadores y rodillos de alimentaci\u00f3n de alambre internamente a un costo razonable y con una entrega r\u00e1pida.<br><br><br><br><br>\t<a href=\"https:\/\/ipautomationinc.com\/es\/capacidades-de-la-maquina\/\">Software inteligente <\/a> en el sistema operativo Windows 10<br><br>Formato de programa CNC de longitud-rotaci\u00f3n-\u00e1ngulo<br><br>\tPanel de producci\u00f3n integrado, funciones de control de lotes<br><br>\tPantalla multit\u00e1ctil de 21,5\u2033<br><br>\tConectividad remota a trav\u00e9s de t\u00fanel VPN<br><br>\tProtocolo OPC-UA para la industria 4.0<br><br>\t<br><br><br>Disponible con alambre cargado en tolva<br><br>Capacidad de pago de alambre con brazo de movimiento lineal: 3000 lbs. (Opci\u00f3n de 4500 libras disponible) <br><br>Jaula de seguridad de 7\u2032 (2,13 m) con puerta con bloqueo de seguridad<br><br>Enderezador de alambre de \u00e1rbol<br><br>Todos los sistemas de transmisi\u00f3n de alimentaci\u00f3n y curvatura tienen engranajes endurecidos y est\u00e1n completamente cerrados.<br><br>Rodillos de alimentaci\u00f3n endurecidos de giro r\u00e1pido para 2 tama\u00f1os de alambre<br><br>Codificador lineal sobre alimentaci\u00f3n de alambre para precisi\u00f3n y detecci\u00f3n de deslizamiento<br><br>Estabilizador de alambre<br><br>Superficie de matriz de corte reafilable<br><br>Gu\u00edas de alambre retr\u00e1ctiles programables<br><br>Capacitaci\u00f3n in situ disponible<br><br>Capacidad de integraci\u00f3n rob\u00f3tica<br><br><br><div class=\"image_frame image_item scale-with-grid element_classes no_border hover-disable mfn-img-box\"  role=\"link\" aria-label=\"Imagen con enlaces\" tabindex=\"0\"><div class=\"image_wrapper\"><a href=\"https:\/\/ipautomationinc.com\/wp-content\/uploads\/2022\/07\/603-Front.png\" rel=\"prettyphoto\"   class=\"\"  tabindex=\"-1\" title=\"\"><div class=\"mask\"><\/div><img decoding=\"async\" class=\"scale-with-grid\" src=\"https:\/\/ipautomationinc.com\/wp-content\/uploads\/2022\/07\/603-Front.png\" fetchpriority=\"high\" alt=\"603 frente\" title=\"\" width=\"420\" height=\"419\" style=\"\"\/><\/a><div class=\"image_links\"><a href=\"https:\/\/ipautomationinc.com\/wp-content\/uploads\/2022\/07\/603-Front.png\" class=\"zoom\" rel=\"prettyphoto\" tabindex=\"-1\" aria-label=\"ampliar imagen\" title=\"\"><svg viewbox=\"0 0 26 26\"><defs><style>.path{fill:none;stroke:#333;stroke-miterlimit:10;stroke-width:1.5px;}<\/style><\/defs><circle cx=\"11.35\" cy=\"11.35\" r=\"6\" class=\"path\"\/><line x1=\"15.59\" y1=\"15.59\" x2=\"20.65\" y2=\"20.65\" class=\"path\"\/><\/svg><\/a><\/div><\/div><p class=\"wp-caption-text\">Vista frontal del iD-MS<\/p><\/div>\n<br><br><br><br><div class=\"image_frame image_item scale-with-grid element_classes no_border hover-disable mfn-img-box\"  role=\"link\" aria-label=\"Imagen con enlaces\" tabindex=\"0\"><div class=\"image_wrapper\"><a href=\"https:\/\/ipautomationinc.com\/wp-content\/uploads\/2022\/07\/603-Top.png\" rel=\"prettyphoto\"   class=\"\"  tabindex=\"-1\" title=\"\"><div class=\"mask\"><\/div><img decoding=\"async\" class=\"scale-with-grid\" src=\"https:\/\/ipautomationinc.com\/wp-content\/uploads\/2022\/07\/603-Top.png\" fetchpriority=\"high\" alt=\"603 arriba\" title=\"\" width=\"420\" height=\"430\" style=\"\"\/><\/a><div class=\"image_links\"><a href=\"https:\/\/ipautomationinc.com\/wp-content\/uploads\/2022\/07\/603-Top.png\" class=\"zoom\" rel=\"prettyphoto\" tabindex=\"-1\" aria-label=\"ampliar imagen\" title=\"\"><svg viewbox=\"0 0 26 26\"><defs><style>.path{fill:none;stroke:#333;stroke-miterlimit:10;stroke-width:1.5px;}<\/style><\/defs><circle cx=\"11.35\" cy=\"11.35\" r=\"6\" class=\"path\"\/><line x1=\"15.59\" y1=\"15.59\" x2=\"20.65\" y2=\"20.65\" class=\"path\"\/><\/svg><\/a><\/div><\/div><p class=\"wp-caption-text\">Vista superior de iD-MS<\/p><\/div>\n<br><br><br><br><div class=\"image_frame image_item scale-with-grid element_classes no_border hover-disable mfn-img-box\"  role=\"link\" aria-label=\"Imagen con enlaces\" tabindex=\"0\"><div class=\"image_wrapper\"><a href=\"https:\/\/ipautomationinc.com\/wp-content\/uploads\/2022\/07\/603-ISO.png\" rel=\"prettyphoto\"   class=\"\"  tabindex=\"-1\" title=\"\"><div class=\"mask\"><\/div><img decoding=\"async\" class=\"scale-with-grid\" src=\"https:\/\/ipautomationinc.com\/wp-content\/uploads\/2022\/07\/603-ISO.png\" fetchpriority=\"high\" alt=\"603ISO\" title=\"\" width=\"300\" height=\"581\" style=\"\"\/><\/a><div class=\"image_links\"><a href=\"https:\/\/ipautomationinc.com\/wp-content\/uploads\/2022\/07\/603-ISO.png\" class=\"zoom\" rel=\"prettyphoto\" tabindex=\"-1\" aria-label=\"ampliar imagen\" title=\"\"><svg viewbox=\"0 0 26 26\"><defs><style>.path{fill:none;stroke:#333;stroke-miterlimit:10;stroke-width:1.5px;}<\/style><\/defs><circle cx=\"11.35\" cy=\"11.35\" r=\"6\" class=\"path\"\/><line x1=\"15.59\" y1=\"15.59\" x2=\"20.65\" y2=\"20.65\" class=\"path\"\/><\/svg><\/a><\/div><\/div><p class=\"wp-caption-text\">Vista isom\u00e9trica de iD-MS<\/p><\/div>\n<br>#EBEBEB<br>#222222<br><br><br>Especificaciones<br><br><br><br><p>*La capacidad de di\u00e1metro m\u00ednimo y m\u00e1ximo est\u00e1 influenciada por el rendimiento a la tracci\u00f3n del alambre. Cont\u00e1ctenos para obtener aclaraciones sobre el rango m\u00ednimo\/m\u00e1ximo para su tipo de cable.<\/p><br><br><br>Opciones de m\u00e1quina<br><br>Rob\u00f3tica Inteligente<br>con EOAT personalizado<br><img decoding=\"async\" src=\"https:\/\/ipautomationinc.com\/wp-content\/uploads\/2022\/06\/machine-options_robot.png#1271\" alt=\"opciones-de-m\u00e1quina_robot\"><br><a href=\"https:\/\/ipautomationinc.com\/es\/accesorios\/robotica\/\">https:\/\/ipautomationinc.com\/accessories\/robotics\/<\/a><br>escala de caja<br>70%<br><br>Soldadora a tope iBW-45<br>con estampador giratorio<br><img decoding=\"async\" src=\"https:\/\/ipautomationinc.com\/wp-content\/uploads\/2025\/08\/machine-options_iBW-45.png#38050\" alt=\"machine-options_iBW-45\"><br><a href=\"https:\/\/ipautomationinc.com\/es\/accesorios\/soldadores-automatizados\/\">https:\/\/ipautomationinc.com\/accessories\/automated-welders\/<\/a><br>escala de caja<br>70%<br><br>Cabecera fr\u00eda<br><img decoding=\"async\" src=\"https:\/\/ipautomationinc.com\/wp-content\/uploads\/2022\/06\/machine-options_cold-heading.png#1266\" alt=\"opciones-de-m\u00e1quina_rumbo-en-fr\u00edo\"><br>escala de caja<br>70%<br><br>Servoprensa<br><img decoding=\"async\" src=\"https:\/\/ipautomationinc.com\/wp-content\/uploads\/2022\/06\/machine-options_servo-press.png#1272\" alt=\"opciones-de-m\u00e1quina_servo-prensa\"><br>escala de caja<br>70%<br><br>Estaci\u00f3n para aliviar el estr\u00e9s<br><img decoding=\"async\" src=\"https:\/\/ipautomationinc.com\/wp-content\/uploads\/2022\/06\/machine-options_stress-relieving.png#1287\" alt=\"opciones-de-m\u00e1quina_alivio-del-estr\u00e9s\"><br>escala de caja<br>70%<br><br>Inspecci\u00f3n de visi\u00f3n<br><img decoding=\"async\" src=\"https:\/\/ipautomationinc.com\/wp-content\/uploads\/2022\/06\/machine-options_vision-inspection-closeup.png#1305\" alt=\"opciones-de-m\u00e1quina_visi\u00f3n-inspecci\u00f3n-primer plano\"><br>escala de caja<br>70%<br><br>\u00a1Obtenga precios ahora!<br>icono-adelante<br><a href=\"https:\/\/ipautomationinc.com\/es\/contactenos\/#form\">https:\/\/ipautomationinc.com\/contact-us\/#form<\/a><br>50px<br><br>Otras m\u00e1quinas dobladoras de alambre CNC<br><br><h4>Dobladoras de alambre de un solo cabezal<\/h4><br><br><p><hr class=\"no_line\" style=\"margin: 0 auto 0px auto\"\/>\n <a href=\"https:\/\/ipautomationinc.com\/es\/dobladoras-de-alambre-cnc-de-un-solo-cabezal\/\"> <img decoding=\"async\" src=\"https:\/\/ipautomationinc.com\/wp-content\/uploads\/2023\/02\/i8-S-RGB-1.png\" alt=\"Formador de alambre iS CNC\"> <\/a> <hr class=\"no_line\" style=\"margin: 0 auto 0px auto\"\/>\n <a class=\"mfn-link mfn-link-1\" href=\"\" style=\"\" data-hover=\"\"   ><span data-hover=\"\"><\/span><\/a><\/p><br>sin repetici\u00f3n; arriba a la izquierda;;<br>auto<br><br><h4>Dobladoras de alambre 2D<\/h4><br><br><p><hr class=\"no_line\" style=\"margin: 0 auto 0px auto\"\/>\n <a href=\"https:\/\/ipautomationinc.com\/es\/serie-2d\/\"> <img decoding=\"async\" src=\"https:\/\/ipautomationinc.com\/wp-content\/uploads\/2026\/02\/i10-S-2D-2D-CNC-Wire-Bending-Machine-With-Automated-Welder.png\" alt=\"doblador de alambre 2D\"> <\/a> <hr class=\"no_line\" style=\"margin: 0 auto 0px auto\"\/>\n <a class=\"mfn-link mfn-link-1\" href=\"\" style=\"\" data-hover=\"\"   ><span data-hover=\"\"><\/span><\/a><\/p><br>sin repetici\u00f3n; arriba a la izquierda;;<br>auto<br><br><\/p>","protected":false},"excerpt":{"rendered":"<p>The i-D-MS multi-stage CNC wire bender series is designed for specialized high precision wire forms requiring separate bending operations. Utilizing<span class=\"excerpt-hellip\"> [\u2026]<\/span><\/p>\n","protected":false},"author":3,"featured_media":0,"parent":0,"menu_order":0,"comment_status":"closed","ping_status":"closed","template":"","meta":{"footnotes":""},"class_list":["post-1248","page","type-page","status-publish","hentry"],"yoast_head":"<!-- This site is optimized with the Yoast SEO plugin v27.3 - https:\/\/yoast.com\/product\/yoast-seo-wordpress\/ -->\n<title>i-D-MS Series Multi-Stage CNC Wire Bender | IP Automation Inc<\/title>\n<meta name=\"description\" content=\"The i-D-MS (Multi-stage) series CNC Wire Bender is designed for specialized high precision wire forms requiring separate bending operations.\" \/>\n<meta name=\"robots\" content=\"index, follow, max-snippet:-1, max-image-preview:large, max-video-preview:-1\" \/>\n<link rel=\"canonical\" href=\"https:\/\/ipautomationinc.com\/es\/serie-i-d-ms\/\" \/>\n<meta property=\"og:locale\" content=\"es_MX\" \/>\n<meta property=\"og:type\" content=\"article\" \/>\n<meta property=\"og:title\" content=\"i-D-MS Series Multi-Stage CNC Wire Bender | IP Automation Inc\" \/>\n<meta property=\"og:description\" content=\"The i-D-MS (Multi-stage) series CNC Wire Bender is designed for specialized high precision wire forms requiring separate bending operations.\" \/>\n<meta property=\"og:url\" content=\"https:\/\/ipautomationinc.com\/es\/serie-i-d-ms\/\" \/>\n<meta property=\"og:site_name\" content=\"IP Automation Inc\" \/>\n<meta property=\"article:publisher\" content=\"https:\/\/www.facebook.com\/ipautomationinc\/\" \/>\n<meta property=\"article:modified_time\" content=\"2026-02-24T16:12:40+00:00\" \/>\n<meta property=\"og:image\" content=\"https:\/\/ipautomationinc.com\/wp-content\/uploads\/2022\/09\/i-D-MS-RGB-1.png\" \/>\n<script type=\"application\/ld+json\" class=\"yoast-schema-graph\">{\"@context\":\"https:\\\/\\\/schema.org\",\"@graph\":[{\"@type\":\"WebPage\",\"@id\":\"https:\\\/\\\/ipautomationinc.com\\\/i-d-ms-series\\\/\",\"url\":\"https:\\\/\\\/ipautomationinc.com\\\/i-d-ms-series\\\/\",\"name\":\"i-D-MS Series Multi-Stage CNC Wire Bender | IP Automation Inc\",\"isPartOf\":{\"@id\":\"https:\\\/\\\/ipautomationinc.com\\\/#website\"},\"primaryImageOfPage\":{\"@id\":\"https:\\\/\\\/ipautomationinc.com\\\/i-d-ms-series\\\/#primaryimage\"},\"image\":{\"@id\":\"https:\\\/\\\/ipautomationinc.com\\\/i-d-ms-series\\\/#primaryimage\"},\"thumbnailUrl\":\"https:\\\/\\\/ipautomationinc.com\\\/wp-content\\\/uploads\\\/2022\\\/09\\\/i-D-MS-RGB-1.png\",\"datePublished\":\"2022-06-16T21:54:35+00:00\",\"dateModified\":\"2026-02-24T16:12:40+00:00\",\"description\":\"The i-D-MS (Multi-stage) series CNC Wire Bender is designed for specialized high precision wire forms requiring separate bending operations.\",\"inLanguage\":\"es\",\"potentialAction\":[{\"@type\":\"ReadAction\",\"target\":[\"https:\\\/\\\/ipautomationinc.com\\\/i-d-ms-series\\\/\"]}]},{\"@type\":\"ImageObject\",\"inLanguage\":\"es\",\"@id\":\"https:\\\/\\\/ipautomationinc.com\\\/i-d-ms-series\\\/#primaryimage\",\"url\":\"https:\\\/\\\/ipautomationinc.com\\\/wp-content\\\/uploads\\\/2022\\\/09\\\/i-D-MS-RGB-1.png\",\"contentUrl\":\"https:\\\/\\\/ipautomationinc.com\\\/wp-content\\\/uploads\\\/2022\\\/09\\\/i-D-MS-RGB-1.png\"},{\"@type\":\"WebSite\",\"@id\":\"https:\\\/\\\/ipautomationinc.com\\\/#website\",\"url\":\"https:\\\/\\\/ipautomationinc.com\\\/\",\"name\":\"IP Automation Inc\",\"description\":\"Concept... Creation... Reality...\",\"publisher\":{\"@id\":\"https:\\\/\\\/ipautomationinc.com\\\/#organization\"},\"potentialAction\":[{\"@type\":\"SearchAction\",\"target\":{\"@type\":\"EntryPoint\",\"urlTemplate\":\"https:\\\/\\\/ipautomationinc.com\\\/?s={search_term_string}\"},\"query-input\":{\"@type\":\"PropertyValueSpecification\",\"valueRequired\":true,\"valueName\":\"search_term_string\"}}],\"inLanguage\":\"es\"},{\"@type\":\"Organization\",\"@id\":\"https:\\\/\\\/ipautomationinc.com\\\/#organization\",\"name\":\"IP Automation Inc\",\"url\":\"https:\\\/\\\/ipautomationinc.com\\\/\",\"logo\":{\"@type\":\"ImageObject\",\"inLanguage\":\"es\",\"@id\":\"https:\\\/\\\/ipautomationinc.com\\\/#\\\/schema\\\/logo\\\/image\\\/\",\"url\":\"https:\\\/\\\/ipautomationinc.com\\\/wp-content\\\/uploads\\\/2022\\\/05\\\/IPA-Favicon.png\",\"contentUrl\":\"https:\\\/\\\/ipautomationinc.com\\\/wp-content\\\/uploads\\\/2022\\\/05\\\/IPA-Favicon.png\",\"width\":513,\"height\":513,\"caption\":\"IP Automation Inc\"},\"image\":{\"@id\":\"https:\\\/\\\/ipautomationinc.com\\\/#\\\/schema\\\/logo\\\/image\\\/\"},\"sameAs\":[\"https:\\\/\\\/www.facebook.com\\\/ipautomationinc\\\/\",\"https:\\\/\\\/www.linkedin.com\\\/company\\\/ip-automation-inc\\\/\",\"https:\\\/\\\/www.youtube.com\\\/@IPAutomation\"]}]}<\/script>\n<!-- \/ Yoast SEO plugin. -->","yoast_head_json":{"title":"Dobladora de alambre CNC de etapas m\u00faltiples serie iD-MS | Automatizaci\u00f3n IP Inc.","description":"La dobladora de alambre CNC serie iD-MS (multietapa) est\u00e1 dise\u00f1ada para formas de alambre especializadas de alta precisi\u00f3n que requieren operaciones de doblado separadas.","robots":{"index":"index","follow":"follow","max-snippet":"max-snippet:-1","max-image-preview":"max-image-preview:large","max-video-preview":"max-video-preview:-1"},"canonical":"https:\/\/ipautomationinc.com\/es\/serie-i-d-ms\/","og_locale":"es_MX","og_type":"article","og_title":"i-D-MS Series Multi-Stage CNC Wire Bender | IP Automation Inc","og_description":"The i-D-MS (Multi-stage) series CNC Wire Bender is designed for specialized high precision wire forms requiring separate bending operations.","og_url":"https:\/\/ipautomationinc.com\/es\/serie-i-d-ms\/","og_site_name":"IP Automation Inc","article_publisher":"https:\/\/www.facebook.com\/ipautomationinc\/","article_modified_time":"2026-02-24T16:12:40+00:00","og_image":[{"url":"https:\/\/ipautomationinc.com\/wp-content\/uploads\/2022\/09\/i-D-MS-RGB-1.png","type":"","width":"","height":""}],"schema":{"@context":"https:\/\/schema.org","@graph":[{"@type":"WebPage","@id":"https:\/\/ipautomationinc.com\/i-d-ms-series\/","url":"https:\/\/ipautomationinc.com\/i-d-ms-series\/","name":"Dobladora de alambre CNC de etapas m\u00faltiples serie iD-MS | Automatizaci\u00f3n IP Inc.","isPartOf":{"@id":"https:\/\/ipautomationinc.com\/#website"},"primaryImageOfPage":{"@id":"https:\/\/ipautomationinc.com\/i-d-ms-series\/#primaryimage"},"image":{"@id":"https:\/\/ipautomationinc.com\/i-d-ms-series\/#primaryimage"},"thumbnailUrl":"https:\/\/ipautomationinc.com\/wp-content\/uploads\/2022\/09\/i-D-MS-RGB-1.png","datePublished":"2022-06-16T21:54:35+00:00","dateModified":"2026-02-24T16:12:40+00:00","description":"La dobladora de alambre CNC serie iD-MS (multietapa) est\u00e1 dise\u00f1ada para formas de alambre especializadas de alta precisi\u00f3n que requieren operaciones de doblado separadas.","inLanguage":"es","potentialAction":[{"@type":"ReadAction","target":["https:\/\/ipautomationinc.com\/i-d-ms-series\/"]}]},{"@type":"ImageObject","inLanguage":"es","@id":"https:\/\/ipautomationinc.com\/i-d-ms-series\/#primaryimage","url":"https:\/\/ipautomationinc.com\/wp-content\/uploads\/2022\/09\/i-D-MS-RGB-1.png","contentUrl":"https:\/\/ipautomationinc.com\/wp-content\/uploads\/2022\/09\/i-D-MS-RGB-1.png"},{"@type":"WebSite","@id":"https:\/\/ipautomationinc.com\/#website","url":"https:\/\/ipautomationinc.com\/","name":"IP Automation Inc","description":"Concepto... Creaci\u00f3n... Realidad...","publisher":{"@id":"https:\/\/ipautomationinc.com\/#organization"},"potentialAction":[{"@type":"SearchAction","target":{"@type":"EntryPoint","urlTemplate":"https:\/\/ipautomationinc.com\/?s={search_term_string}"},"query-input":{"@type":"PropertyValueSpecification","valueRequired":true,"valueName":"search_term_string"}}],"inLanguage":"es"},{"@type":"Organization","@id":"https:\/\/ipautomationinc.com\/#organization","name":"IP Automation Inc","url":"https:\/\/ipautomationinc.com\/","logo":{"@type":"ImageObject","inLanguage":"es","@id":"https:\/\/ipautomationinc.com\/#\/schema\/logo\/image\/","url":"https:\/\/ipautomationinc.com\/wp-content\/uploads\/2022\/05\/IPA-Favicon.png","contentUrl":"https:\/\/ipautomationinc.com\/wp-content\/uploads\/2022\/05\/IPA-Favicon.png","width":513,"height":513,"caption":"IP Automation Inc"},"image":{"@id":"https:\/\/ipautomationinc.com\/#\/schema\/logo\/image\/"},"sameAs":["https:\/\/www.facebook.com\/ipautomationinc\/","https:\/\/www.linkedin.com\/company\/ip-automation-inc\/","https:\/\/www.youtube.com\/@IPAutomation"]}]}},"_links":{"self":[{"href":"https:\/\/ipautomationinc.com\/es\/wp-json\/wp\/v2\/pages\/1248","targetHints":{"allow":["GET"]}}],"collection":[{"href":"https:\/\/ipautomationinc.com\/es\/wp-json\/wp\/v2\/pages"}],"about":[{"href":"https:\/\/ipautomationinc.com\/es\/wp-json\/wp\/v2\/types\/page"}],"author":[{"embeddable":true,"href":"https:\/\/ipautomationinc.com\/es\/wp-json\/wp\/v2\/users\/3"}],"replies":[{"embeddable":true,"href":"https:\/\/ipautomationinc.com\/es\/wp-json\/wp\/v2\/comments?post=1248"}],"version-history":[{"count":3,"href":"https:\/\/ipautomationinc.com\/es\/wp-json\/wp\/v2\/pages\/1248\/revisions"}],"predecessor-version":[{"id":39491,"href":"https:\/\/ipautomationinc.com\/es\/wp-json\/wp\/v2\/pages\/1248\/revisions\/39491"}],"wp:attachment":[{"href":"https:\/\/ipautomationinc.com\/es\/wp-json\/wp\/v2\/media?parent=1248"}],"curies":[{"name":"Gracias","href":"https:\/\/api.w.org\/{rel}","templated":true}]}}