{"id":1241,"date":"2022-06-16T15:42:09","date_gmt":"2022-06-16T20:42:09","guid":{"rendered":"https:\/\/ipautomationinc.com\/?page_id=1241"},"modified":"2026-03-27T15:44:39","modified_gmt":"2026-03-27T20:44:39","slug":"serie-2d","status":"publish","type":"page","link":"https:\/\/ipautomationinc.com\/es\/2d-series\/","title":{"rendered":"i-2D Series 2D CNC Wire Bending Machine"},"content":{"rendered":"<h6 class=\"wp-block-heading\"><strong>The i-H series is the most advanced 2D CNC wire bending mThe i-2D series (previously known as the i-H series) is the most advanced 2D CNC wire bending machine on the market today. Featuring all electric design for optimal performance and reliability. The wire cutting unit can be user configured for open die cutting which integrates perfectly with the optional welding unit. Alternately, a side cut tooling change provides a very square cut.achine on the market today. Featuring all electric design for optimal performance and reliability. The wire cutting unit can be user configured for open die cutting which integrates perfectly with the optional welding unit. Alternately, a side cut tooling change provides a very square cut.<\/strong><\/h6>\n\n\n\n<p><span class=\"builder2seo\"><\/span>Dobladoras de alambre CNC 2D<br><br>Serie i-2D<br><br><img decoding=\"async\" src=\"https:\/\/ipautomationinc.com\/wp-content\/uploads\/2026\/02\/i10-S-2D-2D-CNC-Wire-Bending-Machine-With-Automated-Welder-text.png#39480\" alt=\"i10-S-2D 2D CNC Wire Bending Machine With Automated Welder text\"><br>Dobladora de alambre CNC iH 2D<br>400px<br><br>Haga clic aqu\u00ed para ver el v\u00eddeo<br><a href=\"https:\/\/ipautomationinc.com\/es\/serie-i-h\/#video\">https:\/\/ipautomationinc.com\/i-h-series\/#video<\/a><br>fas fa-play-circulo<br>tema_boton<br><br>Haga clic aqu\u00ed para ver el folleto en PDF<br><a href=\"https:\/\/ipautomationinc.com\/wp-content\/uploads\/2025\/09\/2025-i-H-Flyer.pdf\">https:\/\/ipautomationinc.com\/wp-content\/uploads\/2025\/09\/2025-i-H-Flyer.pdf<\/a><br>fas fa-archivo-pdf<br>tema_boton<br>https:\/\/ipautomationinc.com\/wp-content\/uploads\/2025\/09\/2025-i-H-Flyer.pdf<br><br>1291,1290,1390<br>#0455B3<br>3px 3px 3px 3px<br>costumbre<br>60%<br><br><h4>The i-2D series (previously known as the i-H series) is the most advanced 2D CNC wire bending machine on the market today. Featuring all electric design for optimal performance and reliability. The wire cutting unit can be user configured for open die cutting which integrates perfectly with the optional welding unit. Alternately, a side cut tooling change provides a very square cut. The servo adjustable bend head height provides precision tool positioning not available on competitive machines. With an innovative coordination of the cutter motion with bend head height, you\\&#8217;ll have more bending and cutting control than any machine in it\\&#8217;s class. Available in both horizontal and angled table formats. The programming and feed mechanisms are the same American-Made quality you will find on our more advanced systems.<\/h4><br><br><h3>Aplicaciones<\/h3><h4>Marcos de filtro, marcos de letreros, cestas de alambre para guarder\u00edas, coronas, curvas generadas para formas redondas. <\/h4><br>#EBEBEB<br><br><img decoding=\"async\" src=\"https:\/\/ipautomationinc.com\/wp-content\/uploads\/2026\/02\/i10-S-2D-2D-CNC-Wire-Bending-Machine-With-Automated-Welder-text.png#39480\" alt=\"i10-S-2D 2D CNC Wire Bending Machine With Automated Welder text\"><br><br>Haga clic aqu\u00ed para ver el v\u00eddeo<br><a href=\"https:\/\/ipautomationinc.com\/es\/serie-i-h\/#video\">https:\/\/ipautomationinc.com\/i-h-series\/#video<\/a><br>fas fa-play-circulo<br>tema_boton<br><br>Haga clic aqu\u00ed para ver el folleto en PDF<br><a href=\"https:\/\/ipautomationinc.com\/wp-content\/uploads\/2025\/09\/2025-i-H-Flyer.pdf\">https:\/\/ipautomationinc.com\/wp-content\/uploads\/2025\/09\/2025-i-H-Flyer.pdf<\/a><br>fas fa-archivo-pdf<br>tema_boton<br>https:\/\/ipautomationinc.com\/wp-content\/uploads\/2025\/09\/2025-i-H-Flyer.pdf<br><br>1291,1290,1390<br>#0455B3<br>3px 3px 3px 3px<br>costumbre<br>380px<br>80%<br><br><h4>The i-2D series (previously known as the i-H series) is the most advanced 2D CNC wire bending machine on the market today. Featuring all electric design for optimal performance and reliability. The wire cutting unit can be user configured for open die cutting which integrates perfectly with the optional welding unit. Alternately, a side cut tooling change provides a very square cut. The servo adjustable bend head height provides precision tool positioning not available on competitive machines. With an innovative coordination of the cutter motion with bend head height, you\\&#8217;ll have more bending and cutting control than any machine in it\\&#8217;s class. Available in both horizontal and angled table formats. The programming and feed mechanisms are the same American-Made quality you will find on our more advanced systems.<\/h4><br><br><h3>Aplicaciones<\/h3><h4>Marcos de filtro, marcos de letreros, cestas de alambre para guarder\u00edas, coronas, curvas generadas para formas redondas. <\/h4><br>#EBEBEB<br><br><br>Medios de comunicaci\u00f3n<br><br>;C;;<br><br>V\u00eddeo i6-2D<br><a href=\"https:\/\/player.vimeo.com\/video\/971008651\">https:\/\/player.vimeo.com\/video\/971008651<\/a><br>lightbox<br>tema_boton<br>exit-mfn-popup<br><br>1306,1307,1312,1204,36775<br>grande<br><br><br>Caracter\u00edsticas<br><br>Doblar<br>Programaci\u00f3n<br>Detalles<br>Dise\u00f1o de la m\u00e1quina<br><br><br>\t4 Servo Axes:  X &#8211; feed, Y &#8211; bend, combined servo cutter and bend head height<br><br>\t2-8 radios de curvatura con altura de curvatura ajustable<br><br>Los ingenieros de IP Automation y las m\u00e1quinas CNC doblan todos los cabezales, cortadores y rodillos de alimentaci\u00f3n de alambre internamente a un costo razonable y con una entrega r\u00e1pida.<br><br><br><br><br>\t<a href=\"https:\/\/ipautomationinc.com\/es\/capacidades-de-la-maquina\/\">Software inteligente <\/a> en el sistema operativo Windows 10<br><br>\tPanel de producci\u00f3n, con programaci\u00f3n de lotes y tasas en tiempo real<br><br>\tPantalla multit\u00e1ctil de 18,5\u2033<br><br>\tConectividad remota a trav\u00e9s de t\u00fanel VPN<br><br>\tProtocolo OPC-UA para la industria 4.0<br><br>Funciones de E\/S personalizadas disponibles<br><br>\t<br><br><br>Capacidad de pago de alambre con brazo de movimiento lineal: 3000 lbs.<br><br>Enderezador de alambre de doble plano de amplia gama<br><br>Todos los sistemas de transmisi\u00f3n de alimentaci\u00f3n y curvatura tienen engranajes endurecidos y est\u00e1n completamente cerrados.<br><br>Rodillos de alimentaci\u00f3n endurecidos de giro r\u00e1pido para 2 tama\u00f1os de alambre<br><br>Codificador lineal sobre alimentaci\u00f3n de alambre para precisi\u00f3n y detecci\u00f3n de deslizamiento<br><br>Superficie de matriz de corte reafilable<br><br><br><br>La opci\u00f3n de unidad de soldadura automatizada suelda simult\u00e1neamente a las operaciones de plegado.<br><br><br><br>requiere 2 GPM de refrigeraci\u00f3n por agua (opci\u00f3n de enfriador de agua independiente disponible)<br><br><br><br><br><br>Capacitaci\u00f3n in situ disponible<br><br>Capacidad de integraci\u00f3n rob\u00f3tica<br><br><br><div class=\"image_frame image_item scale-with-grid element_classes no_border hover-disable mfn-img-box\"  role=\"link\" aria-label=\"Imagen con enlaces\" tabindex=\"0\"><div class=\"image_wrapper\"><a href=\"https:\/\/ipautomationinc.com\/wp-content\/uploads\/2022\/06\/i6-H.png\" rel=\"prettyphoto\"   class=\"\"  tabindex=\"-1\" title=\"\"><div class=\"mask\"><\/div><img decoding=\"async\" class=\"scale-with-grid\" src=\"https:\/\/ipautomationinc.com\/wp-content\/uploads\/2022\/06\/i6-H.png\" fetchpriority=\"high\" alt=\"Medidas de la m\u00e1quina dobladora de alambre cnc i6-H\" title=\"\" width=\"225\" height=\"505\" style=\"\"\/><\/a><div class=\"image_links\"><a href=\"https:\/\/ipautomationinc.com\/wp-content\/uploads\/2022\/06\/i6-H.png\" class=\"zoom\" rel=\"prettyphoto\" tabindex=\"-1\" aria-label=\"ampliar imagen\" title=\"\"><svg viewbox=\"0 0 26 26\"><defs><style>.path{fill:none;stroke:#333;stroke-miterlimit:10;stroke-width:1.5px;}<\/style><\/defs><circle cx=\"11.35\" cy=\"11.35\" r=\"6\" class=\"path\"\/><line x1=\"15.59\" y1=\"15.59\" x2=\"20.65\" y2=\"20.65\" class=\"path\"\/><\/svg><\/a><\/div><\/div><p class=\"wp-caption-text\">Vista frontal del i6-H<\/p><\/div>\n<br><br><br><br><div class=\"image_frame image_item scale-with-grid element_classes no_border hover-disable mfn-img-box\"  role=\"link\" aria-label=\"Imagen con enlaces\" tabindex=\"0\"><div class=\"image_wrapper\"><a href=\"https:\/\/ipautomationinc.com\/wp-content\/uploads\/2022\/06\/i6-H-ISO.png\" rel=\"prettyphoto\"   class=\"\"  tabindex=\"-1\" title=\"\"><div class=\"mask\"><\/div><img decoding=\"async\" class=\"scale-with-grid\" src=\"https:\/\/ipautomationinc.com\/wp-content\/uploads\/2022\/06\/i6-H-ISO.png\" fetchpriority=\"high\" alt=\"Dise\u00f1o iso de la m\u00e1quina dobladora de alambre cnc iH 2D\" title=\"\" width=\"225\" height=\"613\" style=\"\"\/><\/a><div class=\"image_links\"><a href=\"https:\/\/ipautomationinc.com\/wp-content\/uploads\/2022\/06\/i6-H-ISO.png\" class=\"zoom\" rel=\"prettyphoto\" tabindex=\"-1\" aria-label=\"ampliar imagen\" title=\"\"><svg viewbox=\"0 0 26 26\"><defs><style>.path{fill:none;stroke:#333;stroke-miterlimit:10;stroke-width:1.5px;}<\/style><\/defs><circle cx=\"11.35\" cy=\"11.35\" r=\"6\" class=\"path\"\/><line x1=\"15.59\" y1=\"15.59\" x2=\"20.65\" y2=\"20.65\" class=\"path\"\/><\/svg><\/a><\/div><\/div><p class=\"wp-caption-text\">Vista isom\u00e9trica del i6-H<\/p><\/div>\n<br><br><br><br><div class=\"image_frame image_item scale-with-grid element_classes no_border hover-disable mfn-img-box\"  role=\"link\" aria-label=\"Imagen con enlaces\" tabindex=\"0\"><div class=\"image_wrapper\"><a href=\"https:\/\/ipautomationinc.com\/wp-content\/uploads\/2022\/06\/701-Side.png\" rel=\"prettyphoto\"   class=\"\"  tabindex=\"-1\" title=\"\"><div class=\"mask\"><\/div><img decoding=\"async\" class=\"scale-with-grid\" src=\"https:\/\/ipautomationinc.com\/wp-content\/uploads\/2022\/06\/701-Side.png\" fetchpriority=\"high\" alt=\"701 lado\" title=\"\" width=\"225\" height=\"241\" style=\"\"\/><\/a><div class=\"image_links\"><a href=\"https:\/\/ipautomationinc.com\/wp-content\/uploads\/2022\/06\/701-Side.png\" class=\"zoom\" rel=\"prettyphoto\" tabindex=\"-1\" aria-label=\"ampliar imagen\" title=\"\"><svg viewbox=\"0 0 26 26\"><defs><style>.path{fill:none;stroke:#333;stroke-miterlimit:10;stroke-width:1.5px;}<\/style><\/defs><circle cx=\"11.35\" cy=\"11.35\" r=\"6\" class=\"path\"\/><line x1=\"15.59\" y1=\"15.59\" x2=\"20.65\" y2=\"20.65\" class=\"path\"\/><\/svg><\/a><\/div><\/div><p class=\"wp-caption-text\">Vista frontal del i13-H<\/p><\/div>\n<br><br><br><br><div class=\"image_frame image_item scale-with-grid element_classes no_border hover-disable mfn-img-box\"  role=\"link\" aria-label=\"Imagen con enlaces\" tabindex=\"0\"><div class=\"image_wrapper\"><a href=\"https:\/\/ipautomationinc.com\/wp-content\/uploads\/2022\/06\/701-Top.png\" rel=\"prettyphoto\"   class=\"\"  tabindex=\"-1\" title=\"\"><div class=\"mask\"><\/div><img decoding=\"async\" class=\"scale-with-grid\" src=\"https:\/\/ipautomationinc.com\/wp-content\/uploads\/2022\/06\/701-Top.png\" fetchpriority=\"high\" alt=\"Vista superior de la m\u00e1quina dobladora de alambre CNC iH\" title=\"\" width=\"225\" height=\"412\" style=\"\"\/><\/a><div class=\"image_links\"><a href=\"https:\/\/ipautomationinc.com\/wp-content\/uploads\/2022\/06\/701-Top.png\" class=\"zoom\" rel=\"prettyphoto\" tabindex=\"-1\" aria-label=\"ampliar imagen\" title=\"\"><svg viewbox=\"0 0 26 26\"><defs><style>.path{fill:none;stroke:#333;stroke-miterlimit:10;stroke-width:1.5px;}<\/style><\/defs><circle cx=\"11.35\" cy=\"11.35\" r=\"6\" class=\"path\"\/><line x1=\"15.59\" y1=\"15.59\" x2=\"20.65\" y2=\"20.65\" class=\"path\"\/><\/svg><\/a><\/div><\/div><p class=\"wp-caption-text\">Vista superior del i13-H<\/p><\/div>\n<br><br><br><br><div class=\"image_frame image_item scale-with-grid element_classes no_border hover-disable mfn-img-box\"  role=\"link\" aria-label=\"Imagen con enlaces\" tabindex=\"0\"><div class=\"image_wrapper\"><a href=\"https:\/\/ipautomationinc.com\/wp-content\/uploads\/2022\/06\/701-ISO-A.png\" rel=\"prettyphoto\"   class=\"\"  tabindex=\"-1\" title=\"\"><div class=\"mask\"><\/div><img decoding=\"async\" class=\"scale-with-grid\" src=\"https:\/\/ipautomationinc.com\/wp-content\/uploads\/2022\/06\/701-ISO-A.png\" fetchpriority=\"high\" alt=\"701ISO A\" title=\"\" width=\"225\" height=\"468\" style=\"\"\/><\/a><div class=\"image_links\"><a href=\"https:\/\/ipautomationinc.com\/wp-content\/uploads\/2022\/06\/701-ISO-A.png\" class=\"zoom\" rel=\"prettyphoto\" tabindex=\"-1\" aria-label=\"ampliar imagen\" title=\"\"><svg viewbox=\"0 0 26 26\"><defs><style>.path{fill:none;stroke:#333;stroke-miterlimit:10;stroke-width:1.5px;}<\/style><\/defs><circle cx=\"11.35\" cy=\"11.35\" r=\"6\" class=\"path\"\/><line x1=\"15.59\" y1=\"15.59\" x2=\"20.65\" y2=\"20.65\" class=\"path\"\/><\/svg><\/a><\/div><\/div><p class=\"wp-caption-text\">Vista isom\u00e9trica del i13-H<\/p><\/div>\n<br>#EBEBEB<br>#222222<br><br><br>Especificaciones<br><br><br><br><p>*La capacidad de di\u00e1metro m\u00ednimo y m\u00e1ximo est\u00e1 influenciada por el rendimiento a la tracci\u00f3n del alambre. Cont\u00e1ctenos para obtener aclaraciones sobre el rango m\u00ednimo\/m\u00e1ximo para su tipo de cable.<\/p><br><br><br>Opciones de m\u00e1quina<br><br>Rob\u00f3tica Inteligente<br>con EOAT personalizado<br><img decoding=\"async\" src=\"https:\/\/ipautomationinc.com\/wp-content\/uploads\/2022\/06\/machine-options_robot.png#1271\" alt=\"opciones-de-m\u00e1quina_robot\"><br><a href=\"https:\/\/ipautomationinc.com\/es\/accesorios\/robotica\/\">https:\/\/ipautomationinc.com\/accessories\/robotics\/<\/a><br>escala de caja<br>70%<br><br>Soldador a tope integrado<br><img decoding=\"async\" src=\"https:\/\/ipautomationinc.com\/wp-content\/uploads\/2024\/08\/i-H-Welder-highligt.png#36775\" alt=\"i-H Welder highligt\"><br><a href=\"https:\/\/ipautomationinc.com\/es\/accesorios\/soldadores-automatizados\/\">https:\/\/ipautomationinc.com\/accessories\/automated-welders\/<\/a><br>escala de caja<br>100%<br><br>Centro de mecanizado iFM<br><img decoding=\"async\" src=\"https:\/\/ipautomationinc.com\/wp-content\/uploads\/2023\/11\/ifm-icon-1.png#35422\" alt=\"icono de ifm\"><br><a href=\"https:\/\/ipautomationinc.com\/es\/accesorios\/centro-de-mecanizado\/\">https:\/\/ipautomationinc.com\/accessories\/machining-center\/<\/a><br>escala de caja<br>70%<br><br>Soldadora a tope iBW-45<br>Con estampador giratorio<br><img decoding=\"async\" src=\"https:\/\/ipautomationinc.com\/wp-content\/uploads\/2025\/08\/machine-options_iBW-45.png#38050\" alt=\"machine-options_iBW-45\"><br><a href=\"https:\/\/ipautomationinc.com\/es\/accesorios\/soldadores-automatizados\/\">https:\/\/ipautomationinc.com\/accessories\/automated-welders\/<\/a><br>escala de caja<br>70%<br><br>Estaci\u00f3n de chafl\u00e1n\/taladro<br><img decoding=\"async\" src=\"https:\/\/ipautomationinc.com\/wp-content\/uploads\/2024\/08\/chamfer-drill.png#36736\" alt=\"broca de chafl\u00e1n\"><br><a href=\"https:\/\/ipautomationinc.com\/es\/accesorios\/broca-de-chaflan\/\">https:\/\/ipautomationinc.com\/accessories\/chamfer-drill\/<\/a><br>escala de caja<br>70%<br><br>Inspecci\u00f3n de visi\u00f3n<br><img decoding=\"async\" src=\"https:\/\/ipautomationinc.com\/wp-content\/uploads\/2022\/06\/machine-options_vision-inspection-closeup.png#1305\" alt=\"opciones-de-m\u00e1quina_visi\u00f3n-inspecci\u00f3n-primer plano\"><br>escala de caja<br>70%<br><br>Servoprensa<br><img decoding=\"async\" src=\"https:\/\/ipautomationinc.com\/wp-content\/uploads\/2022\/06\/machine-options_servo-press.png#1272\" alt=\"opciones-de-m\u00e1quina_servo-prensa\"><br>escala de caja<br>70%<br><br>Estaci\u00f3n para aliviar el estr\u00e9s<br>l\u00e1mpara-icono<br><img decoding=\"async\" src=\"https:\/\/ipautomationinc.com\/wp-content\/uploads\/2022\/06\/machine-options_stress-relieving.png#1287\" alt=\"opciones-de-m\u00e1quina_alivio-del-estr\u00e9s\"><br>escala de caja<br>70%<br><br>\u00a1Obtenga precios ahora!<br>icono-adelante<br><a href=\"https:\/\/ipautomationinc.com\/es\/contactenos\/#form\">https:\/\/ipautomationinc.com\/contact-us\/#form<\/a><br>50px<br><br>Otras m\u00e1quinas dobladoras de alambre CNC<br><br><h4>Dobladoras de alambre de un solo cabezal<\/h4><br><br><p><hr class=\"no_line\" style=\"margin: 0 auto 0px auto\"\/>\n <a href=\"https:\/\/ipautomationinc.com\/es\/dobladoras-de-alambre-cnc-de-un-solo-cabezal\/\"> <img decoding=\"async\" src=\"https:\/\/ipautomationinc.com\/wp-content\/uploads\/2023\/02\/i8-S-RGB-1.png\" alt=\"Formador de alambre iS CNC\"> <\/a> <hr class=\"no_line\" style=\"margin: 0 auto 0px auto\"\/>\n <a class=\"mfn-link mfn-link-1\" href=\"\" style=\"\" data-hover=\"\"   ><span data-hover=\"\"><\/span><\/a><\/p><br>sin repetici\u00f3n; arriba a la izquierda;;<br>auto<br><br><h4>Dobladoras de alambre de doble cabeza<\/h4><br><br><p><hr class=\"no_line\" style=\"margin: 0 auto 0px auto\"\/>\n <a href=\"https:\/\/ipautomationinc.com\/es\/dobladoras-de-alambre-cnc-de-doble-cabezal\/\"> <img decoding=\"async\" src=\"https:\/\/ipautomationinc.com\/wp-content\/uploads\/2024\/07\/i8-D-double-head-1.png\" alt=\"\"> <\/a> <hr class=\"no_line\" style=\"margin: 0 auto 0px auto\"\/>\n <a class=\"mfn-link mfn-link-1\" href=\"\" style=\"\" data-hover=\"\"   ><span data-hover=\"\"><\/span><\/a><\/p><br>sin repetici\u00f3n; arriba a la izquierda;;<br>auto<br><br><\/p>","protected":false},"excerpt":{"rendered":"<p>The i-H series is the most advanced 2D CNC wire bending mThe i-2D series (previously known as the i-H series)<span class=\"excerpt-hellip\"> [\u2026]<\/span><\/p>\n","protected":false},"author":3,"featured_media":0,"parent":0,"menu_order":0,"comment_status":"closed","ping_status":"closed","template":"","meta":{"footnotes":""},"class_list":["post-1241","page","type-page","status-publish","hentry"],"yoast_head":"<!-- This site is optimized with the Yoast SEO plugin v27.2 - https:\/\/yoast.com\/product\/yoast-seo-wordpress\/ -->\n<title>i-2D Series 2D CNC Wire Bending Machine | IP Automation Inc<\/title>\n<meta name=\"description\" content=\"The i-2D series is the the most advanced 2D CNC wire bending machine on the market. Featuring all servo electric bending, feeding and cutting.\" \/>\n<meta name=\"robots\" content=\"index, follow, max-snippet:-1, max-image-preview:large, max-video-preview:-1\" \/>\n<link rel=\"canonical\" href=\"https:\/\/ipautomationinc.com\/es\/serie-2d\/\" \/>\n<meta property=\"og:locale\" content=\"es_MX\" \/>\n<meta property=\"og:type\" content=\"article\" \/>\n<meta property=\"og:title\" content=\"i-2D Series 2D CNC Wire Bending Machine | IP Automation Inc\" \/>\n<meta property=\"og:description\" content=\"The i-2D series is the the most advanced 2D CNC wire bending machine on the market. Featuring all servo electric bending, feeding and cutting.\" \/>\n<meta property=\"og:url\" content=\"https:\/\/ipautomationinc.com\/es\/serie-2d\/\" \/>\n<meta property=\"og:site_name\" content=\"IP Automation Inc\" \/>\n<meta property=\"article:publisher\" content=\"https:\/\/www.facebook.com\/ipautomationinc\/\" \/>\n<meta property=\"article:modified_time\" content=\"2026-03-27T20:44:39+00:00\" \/>\n<meta property=\"og:image\" content=\"https:\/\/ipautomationinc.com\/wp-content\/uploads\/2026\/02\/i10-S-2D-2D-CNC-Wire-Bending-Machine-With-Automated-Welder-text.png#39480\" \/>\n<script type=\"application\/ld+json\" class=\"yoast-schema-graph\">{\"@context\":\"https:\/\/schema.org\",\"@graph\":[{\"@type\":\"WebPage\",\"@id\":\"https:\/\/ipautomationinc.com\/2d-series\/\",\"url\":\"https:\/\/ipautomationinc.com\/2d-series\/\",\"name\":\"i-2D Series 2D CNC Wire Bending Machine | IP Automation Inc\",\"isPartOf\":{\"@id\":\"https:\/\/ipautomationinc.com\/#website\"},\"primaryImageOfPage\":{\"@id\":\"https:\/\/ipautomationinc.com\/2d-series\/#primaryimage\"},\"image\":{\"@id\":\"https:\/\/ipautomationinc.com\/2d-series\/#primaryimage\"},\"thumbnailUrl\":\"https:\/\/ipautomationinc.com\/wp-content\/uploads\/2026\/02\/i10-S-2D-2D-CNC-Wire-Bending-Machine-With-Automated-Welder-text.png#39480\",\"datePublished\":\"2022-06-16T20:42:09+00:00\",\"dateModified\":\"2026-03-27T20:44:39+00:00\",\"description\":\"The i-2D series is the the most advanced 2D CNC wire bending machine on the market. Featuring all servo electric bending, feeding and cutting.\",\"inLanguage\":\"es\",\"potentialAction\":[{\"@type\":\"ReadAction\",\"target\":[\"https:\/\/ipautomationinc.com\/2d-series\/\"]}]},{\"@type\":\"ImageObject\",\"inLanguage\":\"es\",\"@id\":\"https:\/\/ipautomationinc.com\/2d-series\/#primaryimage\",\"url\":\"https:\/\/ipautomationinc.com\/wp-content\/uploads\/2026\/02\/i10-S-2D-2D-CNC-Wire-Bending-Machine-With-Automated-Welder-text.png#39480\",\"contentUrl\":\"https:\/\/ipautomationinc.com\/wp-content\/uploads\/2026\/02\/i10-S-2D-2D-CNC-Wire-Bending-Machine-With-Automated-Welder-text.png#39480\"},{\"@type\":\"WebSite\",\"@id\":\"https:\/\/ipautomationinc.com\/#website\",\"url\":\"https:\/\/ipautomationinc.com\/\",\"name\":\"IP Automation Inc\",\"description\":\"Concept... Creation... Reality...\",\"publisher\":{\"@id\":\"https:\/\/ipautomationinc.com\/#organization\"},\"potentialAction\":[{\"@type\":\"SearchAction\",\"target\":{\"@type\":\"EntryPoint\",\"urlTemplate\":\"https:\/\/ipautomationinc.com\/?s={search_term_string}\"},\"query-input\":{\"@type\":\"PropertyValueSpecification\",\"valueRequired\":true,\"valueName\":\"search_term_string\"}}],\"inLanguage\":\"es\"},{\"@type\":\"Organization\",\"@id\":\"https:\/\/ipautomationinc.com\/#organization\",\"name\":\"IP Automation Inc\",\"url\":\"https:\/\/ipautomationinc.com\/\",\"logo\":{\"@type\":\"ImageObject\",\"inLanguage\":\"es\",\"@id\":\"https:\/\/ipautomationinc.com\/#\/schema\/logo\/image\/\",\"url\":\"https:\/\/ipautomationinc.com\/wp-content\/uploads\/2022\/05\/IPA-Favicon.png\",\"contentUrl\":\"https:\/\/ipautomationinc.com\/wp-content\/uploads\/2022\/05\/IPA-Favicon.png\",\"width\":513,\"height\":513,\"caption\":\"IP Automation Inc\"},\"image\":{\"@id\":\"https:\/\/ipautomationinc.com\/#\/schema\/logo\/image\/\"},\"sameAs\":[\"https:\/\/www.facebook.com\/ipautomationinc\/\",\"https:\/\/www.linkedin.com\/company\/ip-automation-inc\/\",\"https:\/\/www.youtube.com\/@IPAutomation\"]}]}<\/script>\n<!-- \/ Yoast SEO plugin. -->","yoast_head_json":{"title":"Dobladora de alambre CNC 2D serie i-2D | IP Automation Inc","description":"La serie i-2D es la m\u00e1quina dobladora de alambre CNC 2D m\u00e1s avanzada del mercado. Incorpora funciones de doblado, alimentaci\u00f3n y corte servoel\u00e9ctricos.","robots":{"index":"index","follow":"follow","max-snippet":"max-snippet:-1","max-image-preview":"max-image-preview:large","max-video-preview":"max-video-preview:-1"},"canonical":"https:\/\/ipautomationinc.com\/es\/serie-2d\/","og_locale":"es_MX","og_type":"article","og_title":"i-2D Series 2D CNC Wire Bending Machine | IP Automation Inc","og_description":"The i-2D series is the the most advanced 2D CNC wire bending machine on the market. Featuring all servo electric bending, feeding and cutting.","og_url":"https:\/\/ipautomationinc.com\/es\/serie-2d\/","og_site_name":"IP Automation Inc","article_publisher":"https:\/\/www.facebook.com\/ipautomationinc\/","article_modified_time":"2026-03-27T20:44:39+00:00","og_image":[{"url":"https:\/\/ipautomationinc.com\/wp-content\/uploads\/2026\/02\/i10-S-2D-2D-CNC-Wire-Bending-Machine-With-Automated-Welder-text.png#39480","type":"","width":"","height":""}],"schema":{"@context":"https:\/\/schema.org","@graph":[{"@type":"WebPage","@id":"https:\/\/ipautomationinc.com\/2d-series\/","url":"https:\/\/ipautomationinc.com\/2d-series\/","name":"Dobladora de alambre CNC 2D serie i-2D | IP Automation Inc","isPartOf":{"@id":"https:\/\/ipautomationinc.com\/#website"},"primaryImageOfPage":{"@id":"https:\/\/ipautomationinc.com\/2d-series\/#primaryimage"},"image":{"@id":"https:\/\/ipautomationinc.com\/2d-series\/#primaryimage"},"thumbnailUrl":"https:\/\/ipautomationinc.com\/wp-content\/uploads\/2026\/02\/i10-S-2D-2D-CNC-Wire-Bending-Machine-With-Automated-Welder-text.png#39480","datePublished":"2022-06-16T20:42:09+00:00","dateModified":"2026-03-27T20:44:39+00:00","description":"La serie i-2D es la m\u00e1quina dobladora de alambre CNC 2D m\u00e1s avanzada del mercado. Incorpora funciones de doblado, alimentaci\u00f3n y corte servoel\u00e9ctricos.","inLanguage":"es","potentialAction":[{"@type":"ReadAction","target":["https:\/\/ipautomationinc.com\/2d-series\/"]}]},{"@type":"ImageObject","inLanguage":"es","@id":"https:\/\/ipautomationinc.com\/2d-series\/#primaryimage","url":"https:\/\/ipautomationinc.com\/wp-content\/uploads\/2026\/02\/i10-S-2D-2D-CNC-Wire-Bending-Machine-With-Automated-Welder-text.png#39480","contentUrl":"https:\/\/ipautomationinc.com\/wp-content\/uploads\/2026\/02\/i10-S-2D-2D-CNC-Wire-Bending-Machine-With-Automated-Welder-text.png#39480"},{"@type":"WebSite","@id":"https:\/\/ipautomationinc.com\/#website","url":"https:\/\/ipautomationinc.com\/","name":"IP Automation Inc","description":"Concepto... Creaci\u00f3n... Realidad...","publisher":{"@id":"https:\/\/ipautomationinc.com\/#organization"},"potentialAction":[{"@type":"SearchAction","target":{"@type":"EntryPoint","urlTemplate":"https:\/\/ipautomationinc.com\/?s={search_term_string}"},"query-input":{"@type":"PropertyValueSpecification","valueRequired":true,"valueName":"search_term_string"}}],"inLanguage":"es"},{"@type":"Organization","@id":"https:\/\/ipautomationinc.com\/#organization","name":"IP Automation Inc","url":"https:\/\/ipautomationinc.com\/","logo":{"@type":"ImageObject","inLanguage":"es","@id":"https:\/\/ipautomationinc.com\/#\/schema\/logo\/image\/","url":"https:\/\/ipautomationinc.com\/wp-content\/uploads\/2022\/05\/IPA-Favicon.png","contentUrl":"https:\/\/ipautomationinc.com\/wp-content\/uploads\/2022\/05\/IPA-Favicon.png","width":513,"height":513,"caption":"IP Automation Inc"},"image":{"@id":"https:\/\/ipautomationinc.com\/#\/schema\/logo\/image\/"},"sameAs":["https:\/\/www.facebook.com\/ipautomationinc\/","https:\/\/www.linkedin.com\/company\/ip-automation-inc\/","https:\/\/www.youtube.com\/@IPAutomation"]}]}},"_links":{"self":[{"href":"https:\/\/ipautomationinc.com\/es\/wp-json\/wp\/v2\/pages\/1241","targetHints":{"allow":["GET"]}}],"collection":[{"href":"https:\/\/ipautomationinc.com\/es\/wp-json\/wp\/v2\/pages"}],"about":[{"href":"https:\/\/ipautomationinc.com\/es\/wp-json\/wp\/v2\/types\/page"}],"author":[{"embeddable":true,"href":"https:\/\/ipautomationinc.com\/es\/wp-json\/wp\/v2\/users\/3"}],"replies":[{"embeddable":true,"href":"https:\/\/ipautomationinc.com\/es\/wp-json\/wp\/v2\/comments?post=1241"}],"version-history":[{"count":3,"href":"https:\/\/ipautomationinc.com\/es\/wp-json\/wp\/v2\/pages\/1241\/revisions"}],"predecessor-version":[{"id":39483,"href":"https:\/\/ipautomationinc.com\/es\/wp-json\/wp\/v2\/pages\/1241\/revisions\/39483"}],"wp:attachment":[{"href":"https:\/\/ipautomationinc.com\/es\/wp-json\/wp\/v2\/media?parent=1241"}],"curies":[{"name":"Gracias","href":"https:\/\/api.w.org\/{rel}","templated":true}]}}