{"id":1234,"date":"2022-06-16T14:54:40","date_gmt":"2022-06-16T19:54:40","guid":{"rendered":"https:\/\/ipautomationinc.com\/?page_id=1234"},"modified":"2026-03-31T15:29:37","modified_gmt":"2026-03-31T20:29:37","slug":"serie-i-s-al-cuadrado","status":"publish","type":"page","link":"https:\/\/ipautomationinc.com\/es\/i-s-squared-series\/","title":{"rendered":"M\u00e1quina dobladora de alambre CNC 3D serie i-S\u00b2"},"content":{"rendered":"<h6 class=\"wp-block-heading\"><strong>Las m\u00e1quinas dobladoras de alambre CNC 3D de la serie i-S\u00b2 se basan en nuestro dise\u00f1o de la serie iS, pero agregamos un cabezal de doblado adicional montado en un eje de doblado transversal. El segundo cabezal de curvatura abre una multitud de opciones que son imposibles de crear con una sola curvadora de cabeza. La flexibilidad del doblado de punta y mandril en una sola m\u00e1quina proporciona una versatilidad incre\u00edble.<\/strong><\/h6>\n\n\n\n<p><\/p>\n\n\n\n<p><span class=\"builder2seo\"><\/span>Dobladoras de alambre CNC con cabezal de curvatura m\u00faltiple<br><br>Serie i-S\u00b2<br><br><img decoding=\"async\" src=\"https:\/\/ipautomationinc.com\/wp-content\/uploads\/2024\/08\/i10-S\u00b2-rgb.png#36757\" alt=\"i10-S\u00b2-rgb\"><br>M\u00e1quina dobladora de alambre cnc 3D<br>400px<br><br>Haga clic aqu\u00ed para ver el v\u00eddeo<br><a href=\"https:\/\/ipautomationinc.com\/es\/serie-i-s-al-cuadrado\/#video\">https:\/\/ipautomationinc.com\/i-s-squared-series\/#video<\/a><br>fas fa-play-circulo<br>tema_boton<br><br>Haga clic aqu\u00ed para ver el folleto en PDF<br><a href=\"https:\/\/ipautomationinc.com\/wp-content\/uploads\/2025\/09\/2025-i-S-Squared-Bifold-Flyer.pdf\">https:\/\/ipautomationinc.com\/wp-content\/uploads\/2025\/09\/2025-i-S-Squared-Bifold-Flyer.pdf<\/a><br>fas fa-archivo-pdf<br>tema_boton<br>https:\/\/ipautomationinc.com\/wp-content\/uploads\/2025\/09\/2025-i-S-Squared-Bifold-Flyer.pdf<br><br>261,260,262,251,246<br>#0455B3<br>3px 3px 3px 3px<br><br><h4>Las m\u00e1quinas dobladoras de alambre CNC 3D de la serie i-S\u00b2 se basan en nuestro dise\u00f1o de la serie iS, pero agregamos un cabezal de doblado adicional montado en un eje de doblado transversal. El segundo cabezal de curvatura abre una multitud de opciones que son imposibles de crear con una sola curvadora de cabeza. La flexibilidad del doblado de punta y mandril en una sola m\u00e1quina proporciona una versatilidad incre\u00edble. La m\u00e1quina dobladora de alambre CNC 3D i-S\u00b2 tambi\u00e9n se presta para doblar tubos desde bobinas con la adici\u00f3n de nuestras opciones de ranurado o biselado en l\u00ednea.<\/h4><br><br><h3>Aplicaciones<\/h3><h4>Multitud de piezas bidimensionales y tridimensionales de amarres de construcci\u00f3n, barras de torsi\u00f3n para asientos de autom\u00f3viles, equipos exteriores y agr\u00edcolas, HVAC, palancas, parrillas, conexiones, ganchos, piezas de muebles, expositores POP, bastidores, piezas dobladas con mandril y piezas de tubos dobladas. una bobina como l\u00edneas de freno, l\u00edneas de compresores de aire, tuber\u00edas de refrigeraci\u00f3n.<\/h4><br>#EBEBEB<br><br><img decoding=\"async\" src=\"https:\/\/ipautomationinc.com\/wp-content\/uploads\/2024\/08\/i10-S\u00b2-rgb.png#36757\" alt=\"i10-S\u00b2-rgb\"><br>M\u00e1quina dobladora de alambre CNC 3d<br><br>Haga clic aqu\u00ed para ver el v\u00eddeo<br><a href=\"https:\/\/ipautomationinc.com\/es\/serie-i-s-al-cuadrado\/#video\">https:\/\/ipautomationinc.com\/i-s-squared-series\/#video<\/a><br>fas fa-play-circulo<br>tema_boton<br><br>Haga clic aqu\u00ed para ver el folleto en PDF<br><a href=\"https:\/\/ipautomationinc.com\/wp-content\/uploads\/2025\/09\/2025-i-S-Squared-Bifold-Flyer.pdf\">https:\/\/ipautomationinc.com\/wp-content\/uploads\/2025\/09\/2025-i-S-Squared-Bifold-Flyer.pdf<\/a><br>fas fa-archivo-pdf<br>tema_boton<br>https:\/\/ipautomationinc.com\/wp-content\/uploads\/2025\/09\/2025-i-S-Squared-Bifold-Flyer.pdf<br><br>261,260,262,251,246<br>#0455B3<br>3px 3px 3px 3px<br>costumbre<br>80%<br><br><h4>Las m\u00e1quinas dobladoras de alambre CNC 3D de la serie i-S\u00b2 se basan en nuestro dise\u00f1o de la serie iS, pero agregamos un cabezal de doblado adicional montado en un eje de doblado transversal. El segundo cabezal de curvatura abre una multitud de opciones que son imposibles de crear con una sola curvadora de cabeza. La flexibilidad del doblado de punta y mandril en una sola m\u00e1quina proporciona una versatilidad incre\u00edble. La m\u00e1quina dobladora de alambre CNC 3D i-S\u00b2 tambi\u00e9n se presta para doblar tubos desde bobinas con la adici\u00f3n de nuestras opciones de ranurado o biselado en l\u00ednea.<\/h4><br><br><h3>Aplicaciones<\/h3><h4>Multitud de piezas bidimensionales y tridimensionales de amarres de construcci\u00f3n, barras de torsi\u00f3n para asientos de autom\u00f3viles, equipos exteriores y agr\u00edcolas, HVAC, palancas, parrillas, conexiones, ganchos, piezas de muebles, expositores POP, bastidores, piezas dobladas con mandril y piezas de tubos dobladas. una bobina como l\u00edneas de freno, l\u00edneas de compresores de aire, tuber\u00edas de refrigeraci\u00f3n.<\/h4><br>#EBEBEB<br><br><br>Medios de comunicaci\u00f3n<br><br>;C;;<br><br>V\u00eddeo del i13-S\u00b2<br><a href=\"https:\/\/player.vimeo.com\/video\/1020329518\">https:\/\/player.vimeo.com\/video\/1020329518<\/a><br>lightbox<br>tema_boton<br>exit-mfn-popup<br><br>1309,1311,1671,35649,1204<br>grande<br><br><br>Caracter\u00edsticas<br><br>Doblar<br>Programaci\u00f3n<br>Detalles<br>Dise\u00f1o de la m\u00e1quina<br><br><br>\t8 Servo Axes: X-feed, Y &#8211; bender pin rotation, Z &#8211; arm rotation, T &#8211; center turret rotation, P &#8211; bend head height , C &#8211; cutter<br><br>\tHasta 16 radios de curvatura posibles con la altura de curvatura ajustable y las torretas dobles<br><br>Los ingenieros de IP Automation y las m\u00e1quinas CNC doblan todos los cabezales, cortadores y rodillos de alimentaci\u00f3n de alambre internamente a un costo razonable y con una entrega r\u00e1pida.<br><br><br><br><br>\t<a href=\"https:\/\/ipautomationinc.com\/es\/capacidades-de-la-maquina\/\">Software inteligente <\/a> en el sistema operativo Windows 10<br><br>Formato de programa CNC de longitud-rotaci\u00f3n-\u00e1ngulo<br><br>\tPanel de producci\u00f3n, con programaci\u00f3n de lotes y tasas en tiempo real<br><br>\tPantalla multit\u00e1ctil de 21,5\u2033<br><br>\tConectividad remota a trav\u00e9s de t\u00fanel VPN<br><br>\tProtocolo OPC-UA para la industria 4.0<br><br>Funciones de E\/S personalizadas disponibles<br><br>\t<br><br><br>Capacidad de pago de alambre con brazo de movimiento lineal: 3000 lbs. incluido (opci\u00f3n de 4500 lbs disponible)<br><br>Jaula de seguridad de 7\u2032 (2,13 m) con puerta con bloqueo de seguridad<br><br>Enderezador de alambre de doble plano de amplia gama<br><br>Todos los sistemas de transmisi\u00f3n de alimentaci\u00f3n y curvatura tienen engranajes endurecidos y est\u00e1n completamente cerrados.<br><br>Rodillos de alimentaci\u00f3n endurecidos de giro r\u00e1pido para 2 tama\u00f1os de alambre<br><br>Codificador lineal sobre alimentaci\u00f3n de alambre para precisi\u00f3n y detecci\u00f3n de deslizamiento<br><br>Estabilizador de alambre<br><br>Superficie de matriz de corte reafilable<br><br>Capacitaci\u00f3n in situ disponible<br><br>Capacidad de integraci\u00f3n rob\u00f3tica<br><br><br><div class=\"image_frame image_item scale-with-grid element_classes no_border hover-disable mfn-img-box\"  role=\"link\" aria-label=\"Imagen con enlaces\" tabindex=\"0\"><div class=\"image_wrapper\"><a href=\"https:\/\/ipautomationinc.com\/wp-content\/uploads\/2022\/07\/502-Front.png\" rel=\"prettyphoto\"   class=\"\"  tabindex=\"-1\" title=\"\"><div class=\"mask\"><\/div><img decoding=\"async\" class=\"scale-with-grid\" src=\"https:\/\/ipautomationinc.com\/wp-content\/uploads\/2022\/07\/502-Front.png\" fetchpriority=\"high\" alt=\"Dise\u00f1o de m\u00e1quina dobladora de alambre cnc 3d\" title=\"\" width=\"380\" height=\"460\" style=\"\"\/><\/a><div class=\"image_links\"><a href=\"https:\/\/ipautomationinc.com\/wp-content\/uploads\/2022\/07\/502-Front.png\" class=\"zoom\" rel=\"prettyphoto\" tabindex=\"-1\" aria-label=\"ampliar imagen\" title=\"\"><svg viewbox=\"0 0 26 26\"><defs><style>.path{fill:none;stroke:#333;stroke-miterlimit:10;stroke-width:1.5px;}<\/style><\/defs><circle cx=\"11.35\" cy=\"11.35\" r=\"6\" class=\"path\"\/><line x1=\"15.59\" y1=\"15.59\" x2=\"20.65\" y2=\"20.65\" class=\"path\"\/><\/svg><\/a><\/div><\/div><p class=\"wp-caption-text\">Vista frontal del i10-S\u00b2<\/p><\/div>\n<br><br><br><br><div class=\"image_frame image_item scale-with-grid element_classes no_border hover-disable mfn-img-box\"  role=\"link\" aria-label=\"Imagen con enlaces\" tabindex=\"0\"><div class=\"image_wrapper\"><a href=\"https:\/\/ipautomationinc.com\/wp-content\/uploads\/2022\/07\/502-Top.png\" rel=\"prettyphoto\"   class=\"\"  tabindex=\"-1\" title=\"\"><div class=\"mask\"><\/div><img decoding=\"async\" class=\"scale-with-grid\" src=\"https:\/\/ipautomationinc.com\/wp-content\/uploads\/2022\/07\/502-Top.png\" fetchpriority=\"high\" alt=\"Dise\u00f1o de m\u00e1quina dobladora de alambre cnc 3d\" title=\"\" width=\"380\" height=\"352\" style=\"\"\/><\/a><div class=\"image_links\"><a href=\"https:\/\/ipautomationinc.com\/wp-content\/uploads\/2022\/07\/502-Top.png\" class=\"zoom\" rel=\"prettyphoto\" tabindex=\"-1\" aria-label=\"ampliar imagen\" title=\"\"><svg viewbox=\"0 0 26 26\"><defs><style>.path{fill:none;stroke:#333;stroke-miterlimit:10;stroke-width:1.5px;}<\/style><\/defs><circle cx=\"11.35\" cy=\"11.35\" r=\"6\" class=\"path\"\/><line x1=\"15.59\" y1=\"15.59\" x2=\"20.65\" y2=\"20.65\" class=\"path\"\/><\/svg><\/a><\/div><\/div><p class=\"wp-caption-text\">Vista superior del i10-S\u00b2<\/p><\/div>\n<br><br><br><br><div class=\"image_frame image_item scale-with-grid element_classes no_border hover-disable mfn-img-box\"  role=\"link\" aria-label=\"Imagen con enlaces\" tabindex=\"0\"><div class=\"image_wrapper\"><a href=\"https:\/\/ipautomationinc.com\/wp-content\/uploads\/2022\/07\/502-ISO.png\" rel=\"prettyphoto\"   class=\"\"  tabindex=\"-1\" title=\"\"><div class=\"mask\"><\/div><img decoding=\"async\" class=\"scale-with-grid\" src=\"https:\/\/ipautomationinc.com\/wp-content\/uploads\/2022\/07\/502-ISO.png\" fetchpriority=\"high\" alt=\"502ISO\" title=\"\" width=\"380\" height=\"473\" style=\"\"\/><\/a><div class=\"image_links\"><a href=\"https:\/\/ipautomationinc.com\/wp-content\/uploads\/2022\/07\/502-ISO.png\" class=\"zoom\" rel=\"prettyphoto\" tabindex=\"-1\" aria-label=\"ampliar imagen\" title=\"\"><svg viewbox=\"0 0 26 26\"><defs><style>.path{fill:none;stroke:#333;stroke-miterlimit:10;stroke-width:1.5px;}<\/style><\/defs><circle cx=\"11.35\" cy=\"11.35\" r=\"6\" class=\"path\"\/><line x1=\"15.59\" y1=\"15.59\" x2=\"20.65\" y2=\"20.65\" class=\"path\"\/><\/svg><\/a><\/div><\/div><p class=\"wp-caption-text\">Vista isom\u00e9trica del i10-S\u00b2<\/p><\/div>\n<br>#EBEBEB<br>#222222<br><br><br>Especificaciones<br><br><br><br><p>*La capacidad de di\u00e1metro m\u00ednimo y m\u00e1ximo est\u00e1 influenciada por el rendimiento a la tracci\u00f3n del alambre. Cont\u00e1ctenos para obtener aclaraciones sobre el rango m\u00ednimo\/m\u00e1ximo para su tipo de cable.<\/p><br><br><br>Opciones de m\u00e1quina<br><br>Rob\u00f3tica Inteligente<br>con EOAT personalizado<br><img decoding=\"async\" src=\"https:\/\/ipautomationinc.com\/wp-content\/uploads\/2022\/06\/machine-options_robot.png\" alt=\"opciones-de-m\u00e1quina_robot\"><br><a href=\"https:\/\/ipautomationinc.com\/es\/accesorios\/robotica\/\">https:\/\/ipautomationinc.com\/accessories\/robotics\/<\/a><br>escala de caja<br>70%<br><br>Centro de mecanizado iFM<br><img decoding=\"async\" src=\"https:\/\/ipautomationinc.com\/wp-content\/uploads\/2023\/11\/ifm-icon-1.png#35422\" alt=\"icono de ifm\"><br><a href=\"https:\/\/ipautomationinc.com\/es\/accesorios\/centro-de-mecanizado\/\">https:\/\/ipautomationinc.com\/accessories\/machining-center\/<\/a><br>escala de caja<br>70%<br><br>Chaflanado en l\u00ednea<br><img decoding=\"async\" src=\"https:\/\/ipautomationinc.com\/wp-content\/uploads\/2024\/01\/internal-chamfer.png#35611\" alt=\"internal chamfer\"><br><a href=\"https:\/\/ipautomationinc.com\/es\/accesorios\/chaflan-en-linea\/\">https:\/\/ipautomationinc.com\/accessories\/in-line-chamfer\/<\/a><br>escala de caja<br>70%<br><br>Estaci\u00f3n de chafl\u00e1n\/taladro<br><img decoding=\"async\" src=\"https:\/\/ipautomationinc.com\/wp-content\/uploads\/2024\/08\/chamfer-drill.png#36736\" alt=\"broca de chafl\u00e1n\"><br><a href=\"https:\/\/ipautomationinc.com\/es\/accesorios\/broca-de-chaflan\/\">https:\/\/ipautomationinc.com\/accessories\/chamfer-drill\/<\/a><br>escala de caja<br>70%<br><br>Alimentador\/enderezador transversal<br><img decoding=\"async\" src=\"https:\/\/ipautomationinc.com\/wp-content\/uploads\/2022\/06\/machine-options_traversing-straightener.png\" alt=\"opciones-de-m\u00e1quina_enderezadora-transversal\"><br>escala de caja<br>70%<br><br>Cabecera fr\u00eda<br><img decoding=\"async\" src=\"https:\/\/ipautomationinc.com\/wp-content\/uploads\/2022\/06\/machine-options_cold-heading.png\" alt=\"opciones-de-m\u00e1quina_rumbo-en-fr\u00edo\"><br>escala de caja<br>70%<br><br>Estaci\u00f3n para aliviar el estr\u00e9s<br><img decoding=\"async\" src=\"https:\/\/ipautomationinc.com\/wp-content\/uploads\/2022\/06\/machine-options_stress-relieving.png\" alt=\"opciones-de-m\u00e1quina_alivio-del-estr\u00e9s\"><br>escala de caja<br>70%<br><br>Servoprensa<br><img decoding=\"async\" src=\"https:\/\/ipautomationinc.com\/wp-content\/uploads\/2022\/06\/machine-options_servo-press.png\" alt=\"opciones-de-m\u00e1quina_servo-prensa\"><br>escala de caja<br>70%<br><br>Inspecci\u00f3n de visi\u00f3n<br><img decoding=\"async\" src=\"https:\/\/ipautomationinc.com\/wp-content\/uploads\/2022\/06\/machine-options_vision-inspection-closeup.png\" alt=\"opciones-de-m\u00e1quina_visi\u00f3n-inspecci\u00f3n-primer plano\"><br>escala de caja<br>70%<br><br>\u00a1Obtenga precios ahora!<br>icono-adelante<br><a href=\"https:\/\/ipautomationinc.com\/es\/contactenos\/#form\">https:\/\/ipautomationinc.com\/contact-us\/#form<\/a><br>50px<br><br>Otras m\u00e1quinas dobladoras de alambre CNC<br><br><h4>Serie i-S\u00b2-P<\/h4><br><br><p><hr class=\"no_line\" style=\"margin: 0 auto 0px auto\"\/>\n <a href=\"https:\/\/ipautomationinc.com\/es\/serie-i-s-al-cuadrado-p\/\"> <img decoding=\"async\" src=\"https:\/\/ipautomationinc.com\/wp-content\/uploads\/2026\/02\/i10-S\u00b2-P-Single-Piece-3D-CNC-Wire-Bender.png\" alt=\"i-S\u00b2-P - M\u00e1quina formadora de alambre CNC de una sola pieza\"> <\/a> <hr class=\"no_line\" style=\"margin: 0 auto 0px auto\"\/>\n<\/p><br><br><p>La serie S\u00b2-P est\u00e1 dise\u00f1ada para facilitar el trabajo con formas de alambre complejas de 2,5 a 13 mm.<\/p><br><br><a class=\"mfn-link mfn-link-1\" href=\"\" style=\"\" data-hover=\"\"   ><span data-hover=\"\"><\/span><\/a><br>sin repetici\u00f3n; arriba a la izquierda;;<br>auto<br><br><h4>Serie i-S<\/h4><br><br><p><hr class=\"no_line\" style=\"margin: 0 auto 0px auto\"\/>\n <a href=\"https:\/\/ipautomationinc.com\/es\/serie-i-s\/\"> <img decoding=\"async\" src=\"https:\/\/ipautomationinc.com\/wp-content\/uploads\/2023\/02\/i8-S-RGB-1.png\" alt=\"Formador de alambre iS CNC\"> <\/a> <hr class=\"no_line\" style=\"margin: 0 auto 0px auto\"\/>\n<\/p><br><br><p>La serie S es un caballo de batalla de precisi\u00f3n para formas de alambre 3D de 2 a 16 mm.<\/p><br><br><a class=\"mfn-link mfn-link-1\" href=\"\" style=\"\" data-hover=\"\"   ><span data-hover=\"\"><\/span><\/a><br>sin repetici\u00f3n; arriba a la izquierda;;<br>auto<br><br><h4>Serie i-SC<\/h4><br><br><p><hr class=\"no_line\" style=\"margin: 0 auto 0px auto\"\/>\n <a href=\"https:\/\/ipautomationinc.com\/es\/serie-i-sc\/\"> <img decoding=\"async\" src=\"https:\/\/ipautomationinc.com\/wp-content\/uploads\/2025\/09\/i8-SC-RGB.png\" alt=\"\"> <\/a> <hr class=\"no_line\" style=\"margin: 0 auto 0px auto\"\/>\n<\/p><br><br><p>La serie SC es una m\u00e1quina perfecta para formas de alambre 3D m\u00e1s cortas a partir de alambre de 2 a 8 mm.<\/p><br><br><a class=\"mfn-link mfn-link-1\" href=\"\" style=\"\" data-hover=\"\"   ><span data-hover=\"\"><\/span><\/a><br>sin repetici\u00f3n; arriba a la izquierda;;<br>auto<br><br><\/p>","protected":false},"excerpt":{"rendered":"<p>The i-S\u00b2 series 3D CNC wire bending machines are based off of our i-S series design, but we added an<span class=\"excerpt-hellip\"> [\u2026]<\/span><\/p>\n","protected":false},"author":3,"featured_media":0,"parent":0,"menu_order":0,"comment_status":"closed","ping_status":"closed","template":"","meta":{"footnotes":""},"class_list":["post-1234","page","type-page","status-publish","hentry"],"yoast_head":"<!-- This site is optimized with the Yoast SEO plugin v27.3 - https:\/\/yoast.com\/product\/yoast-seo-wordpress\/ -->\n<title>i-S\u00b2 Series 3D CNC Wire Bending Machine | IP Automation Inc<\/title>\n<meta name=\"description\" content=\"The i-S\u00b2 3D CNC wire bending machine has an additional bend head mounted on a traverse bend axis. The second bend head opens a multitude of options for wire forms.\" \/>\n<meta name=\"robots\" content=\"index, follow, max-snippet:-1, max-image-preview:large, max-video-preview:-1\" \/>\n<link rel=\"canonical\" href=\"https:\/\/ipautomationinc.com\/es\/serie-i-s-al-cuadrado\/\" \/>\n<meta property=\"og:locale\" content=\"es_MX\" \/>\n<meta property=\"og:type\" content=\"article\" \/>\n<meta property=\"og:title\" content=\"i-S\u00b2 Series 3D CNC Wire Bending Machine | IP Automation Inc\" \/>\n<meta property=\"og:description\" content=\"The i-S\u00b2 3D CNC wire bending machine has an additional bend head mounted on a traverse bend axis. The second bend head opens a multitude of options for wire forms.\" \/>\n<meta property=\"og:url\" content=\"https:\/\/ipautomationinc.com\/es\/serie-i-s-al-cuadrado\/\" \/>\n<meta property=\"og:site_name\" content=\"IP Automation Inc\" \/>\n<meta property=\"article:publisher\" content=\"https:\/\/www.facebook.com\/ipautomationinc\/\" \/>\n<meta property=\"article:modified_time\" content=\"2026-03-31T20:29:37+00:00\" \/>\n<meta property=\"og:image\" content=\"https:\/\/ipautomationinc.com\/wp-content\/uploads\/2022\/06\/machine-options_robot.png\" \/>\n<script type=\"application\/ld+json\" class=\"yoast-schema-graph\">{\"@context\":\"https:\\\/\\\/schema.org\",\"@graph\":[{\"@type\":\"WebPage\",\"@id\":\"https:\\\/\\\/ipautomationinc.com\\\/i-s-squared-series\\\/\",\"url\":\"https:\\\/\\\/ipautomationinc.com\\\/i-s-squared-series\\\/\",\"name\":\"i-S\u00b2 Series 3D CNC Wire Bending Machine | IP Automation Inc\",\"isPartOf\":{\"@id\":\"https:\\\/\\\/ipautomationinc.com\\\/#website\"},\"primaryImageOfPage\":{\"@id\":\"https:\\\/\\\/ipautomationinc.com\\\/i-s-squared-series\\\/#primaryimage\"},\"image\":{\"@id\":\"https:\\\/\\\/ipautomationinc.com\\\/i-s-squared-series\\\/#primaryimage\"},\"thumbnailUrl\":\"https:\\\/\\\/ipautomationinc.com\\\/wp-content\\\/uploads\\\/2022\\\/06\\\/machine-options_robot.png\",\"datePublished\":\"2022-06-16T19:54:40+00:00\",\"dateModified\":\"2026-03-31T20:29:37+00:00\",\"description\":\"The i-S\u00b2 3D CNC wire bending machine has an additional bend head mounted on a traverse bend axis. The second bend head opens a multitude of options for wire forms.\",\"inLanguage\":\"es\",\"potentialAction\":[{\"@type\":\"ReadAction\",\"target\":[\"https:\\\/\\\/ipautomationinc.com\\\/i-s-squared-series\\\/\"]}]},{\"@type\":\"ImageObject\",\"inLanguage\":\"es\",\"@id\":\"https:\\\/\\\/ipautomationinc.com\\\/i-s-squared-series\\\/#primaryimage\",\"url\":\"https:\\\/\\\/ipautomationinc.com\\\/wp-content\\\/uploads\\\/2022\\\/06\\\/machine-options_robot.png\",\"contentUrl\":\"https:\\\/\\\/ipautomationinc.com\\\/wp-content\\\/uploads\\\/2022\\\/06\\\/machine-options_robot.png\"},{\"@type\":\"WebSite\",\"@id\":\"https:\\\/\\\/ipautomationinc.com\\\/#website\",\"url\":\"https:\\\/\\\/ipautomationinc.com\\\/\",\"name\":\"IP Automation Inc\",\"description\":\"Concept... Creation... Reality...\",\"publisher\":{\"@id\":\"https:\\\/\\\/ipautomationinc.com\\\/#organization\"},\"potentialAction\":[{\"@type\":\"SearchAction\",\"target\":{\"@type\":\"EntryPoint\",\"urlTemplate\":\"https:\\\/\\\/ipautomationinc.com\\\/?s={search_term_string}\"},\"query-input\":{\"@type\":\"PropertyValueSpecification\",\"valueRequired\":true,\"valueName\":\"search_term_string\"}}],\"inLanguage\":\"es\"},{\"@type\":\"Organization\",\"@id\":\"https:\\\/\\\/ipautomationinc.com\\\/#organization\",\"name\":\"IP Automation Inc\",\"url\":\"https:\\\/\\\/ipautomationinc.com\\\/\",\"logo\":{\"@type\":\"ImageObject\",\"inLanguage\":\"es\",\"@id\":\"https:\\\/\\\/ipautomationinc.com\\\/#\\\/schema\\\/logo\\\/image\\\/\",\"url\":\"https:\\\/\\\/ipautomationinc.com\\\/wp-content\\\/uploads\\\/2022\\\/05\\\/IPA-Favicon.png\",\"contentUrl\":\"https:\\\/\\\/ipautomationinc.com\\\/wp-content\\\/uploads\\\/2022\\\/05\\\/IPA-Favicon.png\",\"width\":513,\"height\":513,\"caption\":\"IP Automation Inc\"},\"image\":{\"@id\":\"https:\\\/\\\/ipautomationinc.com\\\/#\\\/schema\\\/logo\\\/image\\\/\"},\"sameAs\":[\"https:\\\/\\\/www.facebook.com\\\/ipautomationinc\\\/\",\"https:\\\/\\\/www.linkedin.com\\\/company\\\/ip-automation-inc\\\/\",\"https:\\\/\\\/www.youtube.com\\\/@IPAutomation\"]}]}<\/script>\n<!-- \/ Yoast SEO plugin. -->","yoast_head_json":{"title":"M\u00e1quina dobladora de alambre CNC 3D serie i-S\u00b2 | Automatizaci\u00f3n IP Inc.","description":"La m\u00e1quina dobladora de alambre CNC i-S\u00b2 3D tiene un cabezal de doblado adicional montado en un eje de doblado transversal. El segundo cabezal de plegado abre una multitud de opciones para formas de alambre.","robots":{"index":"index","follow":"follow","max-snippet":"max-snippet:-1","max-image-preview":"max-image-preview:large","max-video-preview":"max-video-preview:-1"},"canonical":"https:\/\/ipautomationinc.com\/es\/serie-i-s-al-cuadrado\/","og_locale":"es_MX","og_type":"article","og_title":"i-S\u00b2 Series 3D CNC Wire Bending Machine | IP Automation Inc","og_description":"The i-S\u00b2 3D CNC wire bending machine has an additional bend head mounted on a traverse bend axis. The second bend head opens a multitude of options for wire forms.","og_url":"https:\/\/ipautomationinc.com\/es\/serie-i-s-al-cuadrado\/","og_site_name":"IP Automation Inc","article_publisher":"https:\/\/www.facebook.com\/ipautomationinc\/","article_modified_time":"2026-03-31T20:29:37+00:00","og_image":[{"url":"https:\/\/ipautomationinc.com\/wp-content\/uploads\/2022\/06\/machine-options_robot.png","type":"","width":"","height":""}],"schema":{"@context":"https:\/\/schema.org","@graph":[{"@type":"WebPage","@id":"https:\/\/ipautomationinc.com\/i-s-squared-series\/","url":"https:\/\/ipautomationinc.com\/i-s-squared-series\/","name":"M\u00e1quina dobladora de alambre CNC 3D serie i-S\u00b2 | Automatizaci\u00f3n IP Inc.","isPartOf":{"@id":"https:\/\/ipautomationinc.com\/#website"},"primaryImageOfPage":{"@id":"https:\/\/ipautomationinc.com\/i-s-squared-series\/#primaryimage"},"image":{"@id":"https:\/\/ipautomationinc.com\/i-s-squared-series\/#primaryimage"},"thumbnailUrl":"https:\/\/ipautomationinc.com\/wp-content\/uploads\/2022\/06\/machine-options_robot.png","datePublished":"2022-06-16T19:54:40+00:00","dateModified":"2026-03-31T20:29:37+00:00","description":"La m\u00e1quina dobladora de alambre CNC i-S\u00b2 3D tiene un cabezal de doblado adicional montado en un eje de doblado transversal. El segundo cabezal de plegado abre una multitud de opciones para formas de alambre.","inLanguage":"es","potentialAction":[{"@type":"ReadAction","target":["https:\/\/ipautomationinc.com\/i-s-squared-series\/"]}]},{"@type":"ImageObject","inLanguage":"es","@id":"https:\/\/ipautomationinc.com\/i-s-squared-series\/#primaryimage","url":"https:\/\/ipautomationinc.com\/wp-content\/uploads\/2022\/06\/machine-options_robot.png","contentUrl":"https:\/\/ipautomationinc.com\/wp-content\/uploads\/2022\/06\/machine-options_robot.png"},{"@type":"WebSite","@id":"https:\/\/ipautomationinc.com\/#website","url":"https:\/\/ipautomationinc.com\/","name":"IP Automation Inc","description":"Concepto... Creaci\u00f3n... Realidad...","publisher":{"@id":"https:\/\/ipautomationinc.com\/#organization"},"potentialAction":[{"@type":"SearchAction","target":{"@type":"EntryPoint","urlTemplate":"https:\/\/ipautomationinc.com\/?s={search_term_string}"},"query-input":{"@type":"PropertyValueSpecification","valueRequired":true,"valueName":"search_term_string"}}],"inLanguage":"es"},{"@type":"Organization","@id":"https:\/\/ipautomationinc.com\/#organization","name":"IP Automation Inc","url":"https:\/\/ipautomationinc.com\/","logo":{"@type":"ImageObject","inLanguage":"es","@id":"https:\/\/ipautomationinc.com\/#\/schema\/logo\/image\/","url":"https:\/\/ipautomationinc.com\/wp-content\/uploads\/2022\/05\/IPA-Favicon.png","contentUrl":"https:\/\/ipautomationinc.com\/wp-content\/uploads\/2022\/05\/IPA-Favicon.png","width":513,"height":513,"caption":"IP Automation Inc"},"image":{"@id":"https:\/\/ipautomationinc.com\/#\/schema\/logo\/image\/"},"sameAs":["https:\/\/www.facebook.com\/ipautomationinc\/","https:\/\/www.linkedin.com\/company\/ip-automation-inc\/","https:\/\/www.youtube.com\/@IPAutomation"]}]}},"_links":{"self":[{"href":"https:\/\/ipautomationinc.com\/es\/wp-json\/wp\/v2\/pages\/1234","targetHints":{"allow":["GET"]}}],"collection":[{"href":"https:\/\/ipautomationinc.com\/es\/wp-json\/wp\/v2\/pages"}],"about":[{"href":"https:\/\/ipautomationinc.com\/es\/wp-json\/wp\/v2\/types\/page"}],"author":[{"embeddable":true,"href":"https:\/\/ipautomationinc.com\/es\/wp-json\/wp\/v2\/users\/3"}],"replies":[{"embeddable":true,"href":"https:\/\/ipautomationinc.com\/es\/wp-json\/wp\/v2\/comments?post=1234"}],"version-history":[{"count":4,"href":"https:\/\/ipautomationinc.com\/es\/wp-json\/wp\/v2\/pages\/1234\/revisions"}],"predecessor-version":[{"id":39520,"href":"https:\/\/ipautomationinc.com\/es\/wp-json\/wp\/v2\/pages\/1234\/revisions\/39520"}],"wp:attachment":[{"href":"https:\/\/ipautomationinc.com\/es\/wp-json\/wp\/v2\/media?parent=1234"}],"curies":[{"name":"Gracias","href":"https:\/\/api.w.org\/{rel}","templated":true}]}}