{"id":122,"date":"2017-10-27T17:57:09","date_gmt":"2017-10-27T22:57:09","guid":{"rendered":"http:\/\/ipautomationinc.com\/?page_id=122"},"modified":"2025-06-03T16:36:10","modified_gmt":"2025-06-03T21:36:10","slug":"apoyo","status":"publish","type":"page","link":"https:\/\/ipautomationinc.com\/es\/support\/","title":{"rendered":"Apoyo"},"content":{"rendered":"<h6 class=\"wp-block-heading\"><strong>Para obtener asistencia, env\u00ede un mensaje de texto a nuestra l\u00ednea de soporte al (630)376-9903, un correo electr\u00f3nico directo a support@ipautomationinc.com o un mensaje. Soporte de conectividad remota. Respondemos al tel\u00e9fono. Estamos ah\u00ed. Repuestos. Documentaci\u00f3n. Soporte posventa.<\/strong><\/h6>\n\n\n\n<p><span class=\"builder2seo\"><\/span><h3>Para obtener ayuda, puede enviar un mensaje de texto a nuestra l\u00ednea de soporte al (630)-376-9903<\/h3><br><br><hr class=\"no_line\" style=\"margin: 0 auto 0px auto\"\/>\n<br><br><h3><span>Env\u00edenos un correo electr\u00f3nico directamente a support@ipautomationinc.com<\/span><\/h3><br><br><hr class=\"no_line\" style=\"margin: 0 auto 0px auto\"\/>\n<br><br><h3><span>o <\/span>Env\u00edanos un mensaje utilizando el formulario a continuaci\u00f3n.<\/h3><br>sin repetici\u00f3n; arriba a la izquierda;;<br>auto<br><br><p class=\"wpcf7-contact-form-not-found\"><strong>Error:<\/strong> No se encontr\u00f3 ning\u00fan formulario de contacto.<\/p><br><br><h3>Soporte de conectividad remota<\/h3><br><br><h6>Si posee una m\u00e1quina formadora de cables de IP Automation, podemos conectarnos a su m\u00e1quina a trav\u00e9s de una conexi\u00f3n Ethernet para solucionar problemas de software y hardware. Simplemente llame o env\u00ede un correo electr\u00f3nico y lo guiaremos a trav\u00e9s del proceso.<\/h6><br><br><br><br><h3>Levantamos el tel\u00e9fono<\/h3><br><br><h6>Si su problema es demasiado complejo para explicarlo envi\u00e1ndonos un correo electr\u00f3nico, no dude en llamarnos al 630-656-1215 con sus preguntas o problemas de servicio. Le brindaremos soporte receptivo sin complicaciones.<\/h6><br><br><br><br><h3>podemos estar ah\u00ed<\/h3><br><br><h6>Contamos con t\u00e9cnicos de servicio listos para brindar mantenimiento y reparaci\u00f3n en el sitio. Nuestros t\u00e9cnicos tambi\u00e9n instalar\u00e1n, realizar\u00e1n pruebas de aceptaci\u00f3n del sitio y capacitaci\u00f3n.<\/h6><br><br><br><br><h3>Servicio y repuestos<\/h3><br><br><h6>Disponemos de una gran mayor\u00eda de las piezas de servicio que nuestros clientes pueden necesitar. Incluso proporcionamos archivos de dibujo de herramientas personalizados para que pueda crear los suyos propios en caso de necesidad. Grabamos con l\u00e1ser las piezas de servicio con n\u00fameros de pieza para una f\u00e1cil identificaci\u00f3n.<\/h6><br><br><br><br><h3>Documentaci\u00f3n<\/h3><br><br><h6>La documentaci\u00f3n puede perderse, simplemente proporcione el modelo de la m\u00e1quina y el n\u00famero de serie y utilice el formulario de contacto que aparece arriba.<\/h6><br><br><br><br><h3>Soporte post-venta<\/h3><br><br><h6>Nuestro soporte posventa incluye capacitaci\u00f3n de operadores e ingenieros, una lista completa de listas de materiales de todos los componentes principales, procedimientos operativos est\u00e1ndar y pautas de soluci\u00f3n de problemas. Adem\u00e1s, brindamos soporte personalizado para todos sus operadores e ingenieros para garantizar una puesta en marcha sin problemas de su proyecto y una vida \u00fatil del mismo sin problemas.<\/h6><br><br><br>sin repetici\u00f3n; arriba a la izquierda;;<br>auto<br><br><p class=\"wpcf7-contact-form-not-found\"><strong>Error:<\/strong> No se encontr\u00f3 ning\u00fan formulario de contacto.<\/p><br>sin repetici\u00f3n; arriba a la izquierda;;<br>auto<br>ocultar-port\u00e1til ocultar-tableta<br><br><\/p>","protected":false},"excerpt":{"rendered":"<p>For support please text our support line at (630)376-9903, email us directly at support@ipautomationinc.com or send us a message. Remote<span class=\"excerpt-hellip\"> [\u2026]<\/span><\/p>\n","protected":false},"author":3,"featured_media":0,"parent":0,"menu_order":0,"comment_status":"open","ping_status":"closed","template":"","meta":{"footnotes":""},"class_list":["post-122","page","type-page","status-publish","hentry"],"yoast_head":"<!-- This site is optimized with the Yoast SEO plugin v27.3 - https:\/\/yoast.com\/product\/yoast-seo-wordpress\/ -->\n<title>Support | IP Automation Inc<\/title>\n<meta name=\"description\" content=\"Need support for your wire bending machine? Give us a call or email us with any questions you may have.\" \/>\n<meta name=\"robots\" content=\"index, follow, max-snippet:-1, max-image-preview:large, max-video-preview:-1\" \/>\n<link rel=\"canonical\" href=\"https:\/\/ipautomationinc.com\/es\/apoyo\/\" \/>\n<meta property=\"og:locale\" content=\"es_MX\" \/>\n<meta property=\"og:type\" content=\"article\" \/>\n<meta property=\"og:title\" content=\"Support | IP Automation Inc\" \/>\n<meta property=\"og:description\" content=\"Need support for your wire bending machine? Give us a call or email us with any questions you may have.\" \/>\n<meta property=\"og:url\" content=\"https:\/\/ipautomationinc.com\/es\/apoyo\/\" \/>\n<meta property=\"og:site_name\" content=\"IP Automation Inc\" \/>\n<meta property=\"article:publisher\" content=\"https:\/\/www.facebook.com\/ipautomationinc\/\" \/>\n<meta property=\"article:modified_time\" content=\"2025-06-03T21:36:10+00:00\" \/>\n<script type=\"application\/ld+json\" class=\"yoast-schema-graph\">{\"@context\":\"https:\\\/\\\/schema.org\",\"@graph\":[{\"@type\":\"WebPage\",\"@id\":\"https:\\\/\\\/ipautomationinc.com\\\/support\\\/\",\"url\":\"https:\\\/\\\/ipautomationinc.com\\\/support\\\/\",\"name\":\"Support | IP Automation Inc\",\"isPartOf\":{\"@id\":\"https:\\\/\\\/ipautomationinc.com\\\/#website\"},\"datePublished\":\"2017-10-27T22:57:09+00:00\",\"dateModified\":\"2025-06-03T21:36:10+00:00\",\"description\":\"Need support for your wire bending machine? Give us a call or email us with any questions you may have.\",\"inLanguage\":\"es\",\"potentialAction\":[{\"@type\":\"ReadAction\",\"target\":[\"https:\\\/\\\/ipautomationinc.com\\\/support\\\/\"]}]},{\"@type\":\"WebSite\",\"@id\":\"https:\\\/\\\/ipautomationinc.com\\\/#website\",\"url\":\"https:\\\/\\\/ipautomationinc.com\\\/\",\"name\":\"IP Automation Inc\",\"description\":\"Concept... Creation... Reality...\",\"publisher\":{\"@id\":\"https:\\\/\\\/ipautomationinc.com\\\/#organization\"},\"potentialAction\":[{\"@type\":\"SearchAction\",\"target\":{\"@type\":\"EntryPoint\",\"urlTemplate\":\"https:\\\/\\\/ipautomationinc.com\\\/?s={search_term_string}\"},\"query-input\":{\"@type\":\"PropertyValueSpecification\",\"valueRequired\":true,\"valueName\":\"search_term_string\"}}],\"inLanguage\":\"es\"},{\"@type\":\"Organization\",\"@id\":\"https:\\\/\\\/ipautomationinc.com\\\/#organization\",\"name\":\"IP Automation Inc\",\"url\":\"https:\\\/\\\/ipautomationinc.com\\\/\",\"logo\":{\"@type\":\"ImageObject\",\"inLanguage\":\"es\",\"@id\":\"https:\\\/\\\/ipautomationinc.com\\\/#\\\/schema\\\/logo\\\/image\\\/\",\"url\":\"https:\\\/\\\/ipautomationinc.com\\\/wp-content\\\/uploads\\\/2022\\\/05\\\/IPA-Favicon.png\",\"contentUrl\":\"https:\\\/\\\/ipautomationinc.com\\\/wp-content\\\/uploads\\\/2022\\\/05\\\/IPA-Favicon.png\",\"width\":513,\"height\":513,\"caption\":\"IP Automation Inc\"},\"image\":{\"@id\":\"https:\\\/\\\/ipautomationinc.com\\\/#\\\/schema\\\/logo\\\/image\\\/\"},\"sameAs\":[\"https:\\\/\\\/www.facebook.com\\\/ipautomationinc\\\/\",\"https:\\\/\\\/www.linkedin.com\\\/company\\\/ip-automation-inc\\\/\",\"https:\\\/\\\/www.youtube.com\\\/@IPAutomation\"]}]}<\/script>\n<!-- \/ Yoast SEO plugin. -->","yoast_head_json":{"title":"Soporte | Automatizaci\u00f3n IP Inc.","description":"\u00bfNecesita ayuda con su m\u00e1quina dobladora de alambre? Ll\u00e1menos o env\u00edenos un correo electr\u00f3nico con cualquier pregunta.","robots":{"index":"index","follow":"follow","max-snippet":"max-snippet:-1","max-image-preview":"max-image-preview:large","max-video-preview":"max-video-preview:-1"},"canonical":"https:\/\/ipautomationinc.com\/es\/apoyo\/","og_locale":"es_MX","og_type":"article","og_title":"Support | IP Automation Inc","og_description":"Need support for your wire bending machine? Give us a call or email us with any questions you may have.","og_url":"https:\/\/ipautomationinc.com\/es\/apoyo\/","og_site_name":"IP Automation Inc","article_publisher":"https:\/\/www.facebook.com\/ipautomationinc\/","article_modified_time":"2025-06-03T21:36:10+00:00","schema":{"@context":"https:\/\/schema.org","@graph":[{"@type":"WebPage","@id":"https:\/\/ipautomationinc.com\/support\/","url":"https:\/\/ipautomationinc.com\/support\/","name":"Soporte | Automatizaci\u00f3n IP Inc.","isPartOf":{"@id":"https:\/\/ipautomationinc.com\/#website"},"datePublished":"2017-10-27T22:57:09+00:00","dateModified":"2025-06-03T21:36:10+00:00","description":"\u00bfNecesita ayuda con su m\u00e1quina dobladora de alambre? Ll\u00e1menos o env\u00edenos un correo electr\u00f3nico con cualquier pregunta.","inLanguage":"es","potentialAction":[{"@type":"ReadAction","target":["https:\/\/ipautomationinc.com\/support\/"]}]},{"@type":"WebSite","@id":"https:\/\/ipautomationinc.com\/#website","url":"https:\/\/ipautomationinc.com\/","name":"IP Automation Inc","description":"Concepto... Creaci\u00f3n... Realidad...","publisher":{"@id":"https:\/\/ipautomationinc.com\/#organization"},"potentialAction":[{"@type":"SearchAction","target":{"@type":"EntryPoint","urlTemplate":"https:\/\/ipautomationinc.com\/?s={search_term_string}"},"query-input":{"@type":"PropertyValueSpecification","valueRequired":true,"valueName":"search_term_string"}}],"inLanguage":"es"},{"@type":"Organization","@id":"https:\/\/ipautomationinc.com\/#organization","name":"IP Automation Inc","url":"https:\/\/ipautomationinc.com\/","logo":{"@type":"ImageObject","inLanguage":"es","@id":"https:\/\/ipautomationinc.com\/#\/schema\/logo\/image\/","url":"https:\/\/ipautomationinc.com\/wp-content\/uploads\/2022\/05\/IPA-Favicon.png","contentUrl":"https:\/\/ipautomationinc.com\/wp-content\/uploads\/2022\/05\/IPA-Favicon.png","width":513,"height":513,"caption":"IP Automation Inc"},"image":{"@id":"https:\/\/ipautomationinc.com\/#\/schema\/logo\/image\/"},"sameAs":["https:\/\/www.facebook.com\/ipautomationinc\/","https:\/\/www.linkedin.com\/company\/ip-automation-inc\/","https:\/\/www.youtube.com\/@IPAutomation"]}]}},"_links":{"self":[{"href":"https:\/\/ipautomationinc.com\/es\/wp-json\/wp\/v2\/pages\/122","targetHints":{"allow":["GET"]}}],"collection":[{"href":"https:\/\/ipautomationinc.com\/es\/wp-json\/wp\/v2\/pages"}],"about":[{"href":"https:\/\/ipautomationinc.com\/es\/wp-json\/wp\/v2\/types\/page"}],"author":[{"embeddable":true,"href":"https:\/\/ipautomationinc.com\/es\/wp-json\/wp\/v2\/users\/3"}],"replies":[{"embeddable":true,"href":"https:\/\/ipautomationinc.com\/es\/wp-json\/wp\/v2\/comments?post=122"}],"version-history":[{"count":1,"href":"https:\/\/ipautomationinc.com\/es\/wp-json\/wp\/v2\/pages\/122\/revisions"}],"predecessor-version":[{"id":37720,"href":"https:\/\/ipautomationinc.com\/es\/wp-json\/wp\/v2\/pages\/122\/revisions\/37720"}],"wp:attachment":[{"href":"https:\/\/ipautomationinc.com\/es\/wp-json\/wp\/v2\/media?parent=122"}],"curies":[{"name":"Gracias","href":"https:\/\/api.w.org\/{rel}","templated":true}]}}