{"id":120,"date":"2017-10-27T17:55:58","date_gmt":"2017-10-27T22:55:58","guid":{"rendered":"http:\/\/ipautomationinc.com\/?page_id=120"},"modified":"2026-02-12T15:09:31","modified_gmt":"2026-02-12T21:09:31","slug":"sobre-nosotros","status":"publish","type":"page","link":"https:\/\/ipautomationinc.com\/es\/about-us\/","title":{"rendered":"Acerca de la automatizaci\u00f3n IP"},"content":{"rendered":"<p>Contamos con m\u00e1s de 100 a\u00f1os de experiencia combinada en doblado de alambre y automatizaci\u00f3n. Ingenier\u00eda, producci\u00f3n de herramientas y construcci\u00f3n de maquinaria propias. Soporte t\u00e9cnico in situ y remoto.<\/p>\n\n\n\n<p><span class=\"builder2seo\"><\/span><img decoding=\"async\" src=\"https:\/\/ipautomationinc.com\/wp-content\/uploads\/2023\/07\/1.1-with-logo.jpg#24683\" alt=\"1.1 con logotipo\"><br><br><img decoding=\"async\" src=\"https:\/\/ipautomationinc.com\/wp-content\/uploads\/2022\/10\/10years.png\" alt=\"\"><br>costumbre<br>205px<br><br><img decoding=\"async\" src=\"https:\/\/ipautomationinc.com\/wp-content\/uploads\/2022\/10\/10years.png\" alt=\"\"><br><br><br><br><br><br><h6>M\u00e1s de 100 a\u00f1os de experiencia combinada en doblado de alambre y automatizaci\u00f3n.<\/h6><br><br><br><br><br><br><h6>Maquinaria de doblado de alambre CNC totalmente el\u00e9ctrica con software Intellibend f\u00e1cil de usar y simulaciones de \u00faltima generaci\u00f3n<\/h6><br><br><br><br><br><br><h6>Especialistas en c\u00e9lulas de automatizaci\u00f3n personalizadas centradas en nuestras dobladoras de alambre CNC<\/h6><br><br><br><br><br><br><h6>Ingenier\u00eda, producci\u00f3n de herramientas y construcci\u00f3n de maquinaria internas<\/h6><br><br><br><br><br><br><h6>Gesti\u00f3n de proyectos dedicada y servicio al cliente.<\/h6><br><br><br><br><br><br><h6>Responsable soporte de servicio remoto e in situ<\/h6><br><br><br><br><br>T\u00edtulo<br>sin repetici\u00f3n;centro superior;;<br>auto<br>10px<br><br><h6><br><br>\t<br><br>Nuestra l\u00ednea completa de m\u00e1quinas formadoras de alambre de cabezal simple y doble 2D y 3D con tecnolog\u00eda de m\u00e1quina de pr\u00f3xima generaci\u00f3n proporciona el m\u00e1ximo control de doblado y bajo mantenimiento con servomotores en todas las funciones de doblado y corte.<br><br>\t<br><br>Nuestros dise\u00f1os est\u00e1n dise\u00f1ados con muchas mejoras innovadoras nacidas de 80 a\u00f1os de experiencia combinada en software y mec\u00e1nica de doblado de alambre, brindando productividad sin preocupaciones a nuestros clientes.<br><br>\t<br><br>Integraci\u00f3n rob\u00f3tica de operaciones secundarias desde soldadura, estampado, mecanizado, alivio de tensi\u00f3n, inspecci\u00f3n, recubrimiento en polvo, doblado secundario y engarzado.<br><br>\t<br><br>El dise\u00f1o y fabricaci\u00f3n de todas nuestras m\u00e1quinas se realiza en los suburbios de Chicago. Todo el inventario, la fabricaci\u00f3n de herramientas, el soporte, la ingenier\u00eda y el desarrollo de software, as\u00ed como la construcci\u00f3n y las pruebas de maquinaria, se encuentran bajo un mismo techo.<br><br>\t<br><br>Nuestros t\u00e9cnicos de servicio brindan servicio de nivel experto, soporte de instalaci\u00f3n y capacitaci\u00f3n. Podemos solucionar f\u00e1cilmente problemas de hardware y software de forma remota en todas las m\u00e1quinas con conectividad remota incorporada.<br><br><br><br><\/h6><br>T\u00edtulo<br>sin repetici\u00f3n;centro superior;;<br>auto<br><br>Ponerse en contacto<br><a href=\"https:\/\/ipautomationinc.com\/es\/contactenos\/\">https:\/\/ipautomationinc.com\/contact-us\/<\/a><br>icono-adelante<br>tema_boton<br><br>#ffffff<br><br><h3><span>Asociaciones y afiliaciones<\/span><\/h3><br>sin repetici\u00f3n;centro;;<br>auto<br><br><img decoding=\"async\" src=\"https:\/\/ipautomationinc.com\/wp-content\/uploads\/2023\/12\/asi-logo.png#35542\" alt=\"asi-logotipo\"><br><a href=\"https:\/\/www.fanucamerica.com\/solutions\/applications\/material-handling-robots\">https:\/\/www.fanucamerica.com\/solutions\/applications\/material-handling-robots<\/a><br>acercarse<br><br><img decoding=\"async\" src=\"https:\/\/ipautomationinc.com\/wp-content\/uploads\/2022\/04\/tma-logo.png\" alt=\"logotipo de tma\"><br><a href=\"https:\/\/www.tmaillinois.org\/\">https:\/\/www.tmaillinois.org\/<\/a><br>acercarse<br><br><img decoding=\"async\" src=\"https:\/\/ipautomationinc.com\/wp-content\/uploads\/2022\/04\/Imec-logo-1.jpg\" alt=\"logotipo de imec\"><br><a href=\"https:\/\/www.imec.org\/\">https:\/\/www.imec.org\/<\/a><br>acercarse<br><br><img decoding=\"async\" src=\"https:\/\/ipautomationinc.com\/wp-content\/uploads\/2022\/04\/br22.jpg\" alt=\"br22\"><br><a href=\"https:\/\/www.br-automation.com\/\">https:\/\/www.br-automation.com\/<\/a><br>acercarse<br><br><img decoding=\"async\" src=\"https:\/\/ipautomationinc.com\/wp-content\/uploads\/2022\/04\/powerlink-logo.png\" alt=\"logotipo de enlace de energ\u00eda\"><br><a href=\"https:\/\/www.ethernet-powerlink.org\/\">https:\/\/www.ethernet-powerlink.org\/<\/a><br>acercarse<br><br><img decoding=\"async\" src=\"https:\/\/ipautomationinc.com\/wp-content\/uploads\/2022\/04\/casmi.jpg\" alt=\"casimi\"><br><a href=\"https:\/\/www.casmi-springworld.org\/\">https:\/\/www.casmi-springworld.org\/<\/a><br>acercarse<br><br><\/p>","protected":false},"excerpt":{"rendered":"<p>We have over 100 years of combined experience in wire bending and automation. In-house engineering, tooling production, and machine building.<span class=\"excerpt-hellip\"> [\u2026]<\/span><\/p>\n","protected":false},"author":3,"featured_media":0,"parent":0,"menu_order":0,"comment_status":"open","ping_status":"closed","template":"","meta":{"footnotes":""},"class_list":["post-120","page","type-page","status-publish","hentry"],"yoast_head":"<!-- This site is optimized with the Yoast SEO plugin v27.3 - https:\/\/yoast.com\/product\/yoast-seo-wordpress\/ -->\n<title>About IP Automation | IP Automation Inc<\/title>\n<meta name=\"description\" content=\"Over 100 years combined experience in wire bending. In-house engineering, tooling, and production. Learn more about IP Automation.\" \/>\n<meta name=\"robots\" content=\"index, follow, max-snippet:-1, max-image-preview:large, max-video-preview:-1\" \/>\n<link rel=\"canonical\" href=\"https:\/\/ipautomationinc.com\/es\/sobre-nosotros\/\" \/>\n<meta property=\"og:locale\" content=\"es_MX\" \/>\n<meta property=\"og:type\" content=\"article\" \/>\n<meta property=\"og:title\" content=\"About IP Automation | IP Automation Inc\" \/>\n<meta property=\"og:description\" content=\"Over 100 years combined experience in wire bending. In-house engineering, tooling, and production. Learn more about IP Automation.\" \/>\n<meta property=\"og:url\" content=\"https:\/\/ipautomationinc.com\/es\/sobre-nosotros\/\" \/>\n<meta property=\"og:site_name\" content=\"IP Automation Inc\" \/>\n<meta property=\"article:publisher\" content=\"https:\/\/www.facebook.com\/ipautomationinc\/\" \/>\n<meta property=\"article:modified_time\" content=\"2026-02-12T21:09:31+00:00\" \/>\n<meta property=\"og:image\" content=\"https:\/\/ipautomationinc.com\/wp-content\/uploads\/2023\/07\/1.1-with-logo.jpg#24683\" \/>\n<script type=\"application\/ld+json\" class=\"yoast-schema-graph\">{\"@context\":\"https:\\\/\\\/schema.org\",\"@graph\":[{\"@type\":\"WebPage\",\"@id\":\"https:\\\/\\\/ipautomationinc.com\\\/about-us\\\/\",\"url\":\"https:\\\/\\\/ipautomationinc.com\\\/about-us\\\/\",\"name\":\"About IP Automation | IP Automation Inc\",\"isPartOf\":{\"@id\":\"https:\\\/\\\/ipautomationinc.com\\\/#website\"},\"primaryImageOfPage\":{\"@id\":\"https:\\\/\\\/ipautomationinc.com\\\/about-us\\\/#primaryimage\"},\"image\":{\"@id\":\"https:\\\/\\\/ipautomationinc.com\\\/about-us\\\/#primaryimage\"},\"thumbnailUrl\":\"https:\\\/\\\/ipautomationinc.com\\\/wp-content\\\/uploads\\\/2023\\\/07\\\/1.1-with-logo.jpg#24683\",\"datePublished\":\"2017-10-27T22:55:58+00:00\",\"dateModified\":\"2026-02-12T21:09:31+00:00\",\"description\":\"Over 100 years combined experience in wire bending. In-house engineering, tooling, and production. Learn more about IP Automation.\",\"inLanguage\":\"es\",\"potentialAction\":[{\"@type\":\"ReadAction\",\"target\":[\"https:\\\/\\\/ipautomationinc.com\\\/about-us\\\/\"]}]},{\"@type\":\"ImageObject\",\"inLanguage\":\"es\",\"@id\":\"https:\\\/\\\/ipautomationinc.com\\\/about-us\\\/#primaryimage\",\"url\":\"https:\\\/\\\/ipautomationinc.com\\\/wp-content\\\/uploads\\\/2023\\\/07\\\/1.1-with-logo.jpg#24683\",\"contentUrl\":\"https:\\\/\\\/ipautomationinc.com\\\/wp-content\\\/uploads\\\/2023\\\/07\\\/1.1-with-logo.jpg#24683\"},{\"@type\":\"WebSite\",\"@id\":\"https:\\\/\\\/ipautomationinc.com\\\/#website\",\"url\":\"https:\\\/\\\/ipautomationinc.com\\\/\",\"name\":\"IP Automation Inc\",\"description\":\"Concept... Creation... Reality...\",\"publisher\":{\"@id\":\"https:\\\/\\\/ipautomationinc.com\\\/#organization\"},\"potentialAction\":[{\"@type\":\"SearchAction\",\"target\":{\"@type\":\"EntryPoint\",\"urlTemplate\":\"https:\\\/\\\/ipautomationinc.com\\\/?s={search_term_string}\"},\"query-input\":{\"@type\":\"PropertyValueSpecification\",\"valueRequired\":true,\"valueName\":\"search_term_string\"}}],\"inLanguage\":\"es\"},{\"@type\":\"Organization\",\"@id\":\"https:\\\/\\\/ipautomationinc.com\\\/#organization\",\"name\":\"IP Automation Inc\",\"url\":\"https:\\\/\\\/ipautomationinc.com\\\/\",\"logo\":{\"@type\":\"ImageObject\",\"inLanguage\":\"es\",\"@id\":\"https:\\\/\\\/ipautomationinc.com\\\/#\\\/schema\\\/logo\\\/image\\\/\",\"url\":\"https:\\\/\\\/ipautomationinc.com\\\/wp-content\\\/uploads\\\/2022\\\/05\\\/IPA-Favicon.png\",\"contentUrl\":\"https:\\\/\\\/ipautomationinc.com\\\/wp-content\\\/uploads\\\/2022\\\/05\\\/IPA-Favicon.png\",\"width\":513,\"height\":513,\"caption\":\"IP Automation Inc\"},\"image\":{\"@id\":\"https:\\\/\\\/ipautomationinc.com\\\/#\\\/schema\\\/logo\\\/image\\\/\"},\"sameAs\":[\"https:\\\/\\\/www.facebook.com\\\/ipautomationinc\\\/\",\"https:\\\/\\\/www.linkedin.com\\\/company\\\/ip-automation-inc\\\/\",\"https:\\\/\\\/www.youtube.com\\\/@IPAutomation\"]}]}<\/script>\n<!-- \/ Yoast SEO plugin. -->","yoast_head_json":{"title":"Acerca de la automatizaci\u00f3n IP | Automatizaci\u00f3n IP Inc.","description":"M\u00e1s de 100 a\u00f1os de experiencia combinada en doblado de alambre. Ingenier\u00eda, herramientas y producci\u00f3n propias. M\u00e1s informaci\u00f3n sobre IP Automation.","robots":{"index":"index","follow":"follow","max-snippet":"max-snippet:-1","max-image-preview":"max-image-preview:large","max-video-preview":"max-video-preview:-1"},"canonical":"https:\/\/ipautomationinc.com\/es\/sobre-nosotros\/","og_locale":"es_MX","og_type":"article","og_title":"About IP Automation | IP Automation Inc","og_description":"Over 100 years combined experience in wire bending. In-house engineering, tooling, and production. Learn more about IP Automation.","og_url":"https:\/\/ipautomationinc.com\/es\/sobre-nosotros\/","og_site_name":"IP Automation Inc","article_publisher":"https:\/\/www.facebook.com\/ipautomationinc\/","article_modified_time":"2026-02-12T21:09:31+00:00","og_image":[{"url":"https:\/\/ipautomationinc.com\/wp-content\/uploads\/2023\/07\/1.1-with-logo.jpg#24683","type":"","width":"","height":""}],"schema":{"@context":"https:\/\/schema.org","@graph":[{"@type":"WebPage","@id":"https:\/\/ipautomationinc.com\/about-us\/","url":"https:\/\/ipautomationinc.com\/about-us\/","name":"Acerca de la automatizaci\u00f3n IP | Automatizaci\u00f3n IP Inc.","isPartOf":{"@id":"https:\/\/ipautomationinc.com\/#website"},"primaryImageOfPage":{"@id":"https:\/\/ipautomationinc.com\/about-us\/#primaryimage"},"image":{"@id":"https:\/\/ipautomationinc.com\/about-us\/#primaryimage"},"thumbnailUrl":"https:\/\/ipautomationinc.com\/wp-content\/uploads\/2023\/07\/1.1-with-logo.jpg#24683","datePublished":"2017-10-27T22:55:58+00:00","dateModified":"2026-02-12T21:09:31+00:00","description":"M\u00e1s de 100 a\u00f1os de experiencia combinada en doblado de alambre. Ingenier\u00eda, herramientas y producci\u00f3n propias. M\u00e1s informaci\u00f3n sobre IP Automation.","inLanguage":"es","potentialAction":[{"@type":"ReadAction","target":["https:\/\/ipautomationinc.com\/about-us\/"]}]},{"@type":"ImageObject","inLanguage":"es","@id":"https:\/\/ipautomationinc.com\/about-us\/#primaryimage","url":"https:\/\/ipautomationinc.com\/wp-content\/uploads\/2023\/07\/1.1-with-logo.jpg#24683","contentUrl":"https:\/\/ipautomationinc.com\/wp-content\/uploads\/2023\/07\/1.1-with-logo.jpg#24683"},{"@type":"WebSite","@id":"https:\/\/ipautomationinc.com\/#website","url":"https:\/\/ipautomationinc.com\/","name":"IP Automation Inc","description":"Concepto... Creaci\u00f3n... Realidad...","publisher":{"@id":"https:\/\/ipautomationinc.com\/#organization"},"potentialAction":[{"@type":"SearchAction","target":{"@type":"EntryPoint","urlTemplate":"https:\/\/ipautomationinc.com\/?s={search_term_string}"},"query-input":{"@type":"PropertyValueSpecification","valueRequired":true,"valueName":"search_term_string"}}],"inLanguage":"es"},{"@type":"Organization","@id":"https:\/\/ipautomationinc.com\/#organization","name":"IP Automation Inc","url":"https:\/\/ipautomationinc.com\/","logo":{"@type":"ImageObject","inLanguage":"es","@id":"https:\/\/ipautomationinc.com\/#\/schema\/logo\/image\/","url":"https:\/\/ipautomationinc.com\/wp-content\/uploads\/2022\/05\/IPA-Favicon.png","contentUrl":"https:\/\/ipautomationinc.com\/wp-content\/uploads\/2022\/05\/IPA-Favicon.png","width":513,"height":513,"caption":"IP Automation Inc"},"image":{"@id":"https:\/\/ipautomationinc.com\/#\/schema\/logo\/image\/"},"sameAs":["https:\/\/www.facebook.com\/ipautomationinc\/","https:\/\/www.linkedin.com\/company\/ip-automation-inc\/","https:\/\/www.youtube.com\/@IPAutomation"]}]}},"_links":{"self":[{"href":"https:\/\/ipautomationinc.com\/es\/wp-json\/wp\/v2\/pages\/120","targetHints":{"allow":["GET"]}}],"collection":[{"href":"https:\/\/ipautomationinc.com\/es\/wp-json\/wp\/v2\/pages"}],"about":[{"href":"https:\/\/ipautomationinc.com\/es\/wp-json\/wp\/v2\/types\/page"}],"author":[{"embeddable":true,"href":"https:\/\/ipautomationinc.com\/es\/wp-json\/wp\/v2\/users\/3"}],"replies":[{"embeddable":true,"href":"https:\/\/ipautomationinc.com\/es\/wp-json\/wp\/v2\/comments?post=120"}],"version-history":[{"count":1,"href":"https:\/\/ipautomationinc.com\/es\/wp-json\/wp\/v2\/pages\/120\/revisions"}],"predecessor-version":[{"id":37722,"href":"https:\/\/ipautomationinc.com\/es\/wp-json\/wp\/v2\/pages\/120\/revisions\/37722"}],"wp:attachment":[{"href":"https:\/\/ipautomationinc.com\/es\/wp-json\/wp\/v2\/media?parent=120"}],"curies":[{"name":"Gracias","href":"https:\/\/api.w.org\/{rel}","templated":true}]}}