{"id":118,"date":"2017-10-27T17:51:34","date_gmt":"2017-10-27T22:51:34","guid":{"rendered":"http:\/\/ipautomationinc.com\/?page_id=118"},"modified":"2024-03-13T21:59:50","modified_gmt":"2024-03-13T21:59:50","slug":"capacidades-de-la-maquina","status":"publish","type":"page","link":"https:\/\/ipautomationinc.com\/es\/machine-capabilities\/","title":{"rendered":"Tecnolog\u00eda de m\u00e1quinas"},"content":{"rendered":"<h6 class=\"wp-block-heading\">Funciones del software Intellibend <br>Interfaz de programaci\u00f3n sencilla en pantalla multit\u00e1ctil de 21,5\u2033 <br>Control CNC total de todos los servoejes. <br>Simulaci\u00f3n animada 3D actualizada con detecci\u00f3n de colisiones <br>Control de lotes y recuento de piezas integrados <br>Conectividad de red integrada para soporte t\u00e9cnico remoto y resoluci\u00f3n de problemas<br>Funcionalidad completa de deshacer\/rehacer de Windows 10 <br>Funcionalidad OPC UA para implementaci\u00f3n de \\\u201dIIOT\\\u201d <br>Funciones de E\/S personalizadas disponibles <br>Utilidades autom\u00e1ticas de guardado\/copia de seguridad <br>Recuperaci\u00f3n autom\u00e1tica de llamadas y fallos con rob\u00f3tica Fanuc <br>Actualizaciones de software proporcionadas sin costo <br>Columnas de notas integradas. <br>Caracter\u00edsticas comunes del software<\/h6>\n\n\n\n<p><h3>Funciones del software Intellibend<\/h3>\n<br>\n<br>\n<br><h6>Interfaz de programaci\u00f3n sencilla en pantalla multit\u00e1ctil de 21,5\u2033<\/h6>\n<br>\n<br>\n<br><h6>Control CNC total de todos los servoejes.<\/h6>\n<br>\n<br>\n<br><h6>Simulaci\u00f3n animada 3D actualizada con detecci\u00f3n de colisiones<\/h6>\n<br>\n<br>\n<br><h6>Control de lotes y recuento de piezas integrados<\/h6>\n<br>\n<br>\n<br><h6> Conectividad de red integrada para soporte t\u00e9cnico remoto y resoluci\u00f3n de problemas<\/h6>\n<br>\n<br>\n<br><h6>Funcionalidad completa de deshacer\/rehacer de Windows 10<\/h6>\n<br>\n<br>\n<br><h6>Funcionalidad OPC UA para implementaci\u00f3n de \\\u201dIIOT\\\u201d<\/h6>\n<br>\n<br>\n<br><h6>Funciones de E\/S personalizadas disponibles<\/h6>\n<br>\n<br>\n<br><h6>Utilidades autom\u00e1ticas de guardado\/copia de seguridad<\/h6>\n<br>\n<br>\n<br><h6>Recuperaci\u00f3n autom\u00e1tica de llamadas y fallos con rob\u00f3tica Fanuc<\/h6>\n<br>\n<br>\n<br><h6>Actualizaciones de software proporcionadas sin costo<\/h6>\n<br>\n<br>\n<br><h6>Columnas de notas integradas.<\/h6>\n<br>\n<br><br>Caracter\u00edsticas comunes del software<br>izquierda<br>sin repetici\u00f3n;centro superior;;<br>auto<br><br><img decoding=\"async\" src=\"https:\/\/ipautomationinc.com\/wp-content\/uploads\/2022\/05\/DH-Simulation_Moment-trim.jpg\" alt=\"DH Simulaci\u00f3n_Recorte de momento\" \/><br>lleno<br>10<br><br><img decoding=\"async\" src=\"https:\/\/ipautomationinc.com\/wp-content\/uploads\/2021\/12\/3D-EDIT-e1640878763153.png\" alt=\"EDICI\u00d3N 3D\" \/><br>medio<br><br><img decoding=\"async\" src=\"https:\/\/ipautomationinc.com\/wp-content\/uploads\/2021\/11\/3D-Feature-e1640879116681.png\" alt=\"Caracter\u00edstica 3D\" \/><br>medio<br><br><h3>Simulaci\u00f3n de programa 3D<\/h3>\n<br>\n<br>\t<h6>La simulaci\u00f3n animada genera la creaci\u00f3n de formas de alambre y movimientos de la m\u00e1quina.<\/h6>\n<br>\t<h6>El modo de dise\u00f1o permite la selecci\u00f3n de segmentos para editar el c\u00f3digo CNC correspondiente<\/h6>\n<br>\t<h6>Vista de c\u00e1mara m\u00f3vil de 360 grados de la forma de cable generada<\/h6>\n<br>\t<h6>Ejecute la simulaci\u00f3n completa de una vez o paso a paso<\/h6>\n<br>\t<h6>Detecci\u00f3n de colisiones del alambre consigo mismo y con la m\u00e1quina.<\/h6>\n<br><br>izquierda<br>sin repetici\u00f3n; arriba a la izquierda;;<br>auto<br><br><h3>Caracter\u00edsticas mec\u00e1nicas<\/h3>\n<br>\n<br>\n<br><h6>Mecanismo de alimentaci\u00f3n de alambre con transmisi\u00f3n por engranajes, sin desgaste de correas<\/h6>\n<br>\n<br>\n<br><h6>Rodillos de alimentaci\u00f3n de 2 tama\u00f1os de alambre de cambio r\u00e1pido que se alinean perfectamente<\/h6>\n<br>\n<br>\n<br><h6>Todos los engranajes est\u00e1n endurecidos para mayor longevidad.<\/h6>\n<br>\n<br>\n<br><h6>Estabilizador de alambre para una mayor repetibilidad de la forma del alambre<\/h6>\n<br>\n<br>\n<br><h6>Enderezador de alambre de 2 planos de amplia gama<\/h6>\n<br>\n<br>\n<br><h6>Se incluyen dibujos de herramientas para consumibles.<\/h6>\n<br>\n<br>\n<br><h6>Construcci\u00f3n de marco de caja s\u00faper r\u00edgida<\/h6>\n<br>\n<br>\n<br><h6>Unidad de pago motorizada est\u00e1ndar de 3000 lb incluida<\/h6>\n<br>\n<br><br>Descripci\u00f3n<br>izquierda<br>sin repetici\u00f3n;centro superior;;<br>auto<br><br><img decoding=\"async\" src=\"https:\/\/ipautomationinc.com\/wp-content\/uploads\/2022\/05\/roller-front-2.jpg\" alt=\"frente del rodillo\" \/><br>medio<br><br><img decoding=\"async\" src=\"https:\/\/ipautomationinc.com\/wp-content\/uploads\/2022\/05\/roller-side.jpg\" alt=\"lado del rodillo\" \/><br>medio<br><br><img decoding=\"async\" src=\"https:\/\/ipautomationinc.com\/wp-content\/uploads\/2021\/10\/pannel-e1640882866614.png\" alt=\"panel\" \/><br>lleno<br>contener<br>centro centro<br>esconder<br><br><img decoding=\"async\" src=\"https:\/\/ipautomationinc.com\/wp-content\/uploads\/2022\/04\/SDM.png\" alt=\"SDM\" \/><br>medio<br><br><h3>Controles\/Caracter\u00edsticas del software<\/h3>\n<br>\n<br>\t<h6>Administrador de diagn\u00f3stico del sistema para una descripci\u00f3n general completa de la m\u00e1quina<\/h6>\n<br>\t<h6>Monitor de uso de energ\u00eda para el uso y la eficiencia de la energ\u00eda de la m\u00e1quina<\/h6>\n<br>\t<h6>Fuentes de alimentaci\u00f3n activas para aumentar el voltaje del bus de CC para un mayor rendimiento de la m\u00e1quina<\/h6>\n<br>\t<h6>Voltaje de bus de CC compartido para la eficiencia de la m\u00e1quina; la energ\u00eda adicional se filtra de regreso a la l\u00ednea<\/h6>\n<br>\t<h6>Codificador de posici\u00f3n del cable para detectar el deslizamiento del alimentador<\/h6>\n<br><br>Descripci\u00f3n<br>izquierda<br>sin repetici\u00f3n;centro superior;;<br>auto<br><br>Ponerse en contacto<br><a href=\"https:\/\/ipautomationinc.com\/es\/contactenos\/\">https:\/\/ipautomationinc.com\/contact-us\/<\/a><br>icono-adelante<br>bien<br>4<br>tema_boton<br>centro<br><br><\/p>","protected":false},"excerpt":{"rendered":"<p>Intellibend Software features Simple programming interface on 21.5&#8243; multi touch screen Full CNC control of all servo axis Updated 3D<span class=\"excerpt-hellip\"> [\u2026]<\/span><\/p>\n","protected":false},"author":3,"featured_media":0,"parent":0,"menu_order":0,"comment_status":"open","ping_status":"closed","template":"","meta":{"footnotes":""},"class_list":["post-118","page","type-page","status-publish","hentry"],"yoast_head":"<!-- This site is optimized with the Yoast SEO plugin v27.3 - https:\/\/yoast.com\/product\/yoast-seo-wordpress\/ -->\n<title>Machine Technology | IP Automation Inc<\/title>\n<meta name=\"description\" content=\"Learn about the mechanical and programming machine features that goes into our machinery. Intellibend software with simulation.\" \/>\n<meta name=\"robots\" content=\"index, follow, max-snippet:-1, max-image-preview:large, max-video-preview:-1\" \/>\n<link rel=\"canonical\" href=\"https:\/\/ipautomationinc.com\/es\/capacidades-de-la-maquina\/\" \/>\n<meta property=\"og:locale\" content=\"es_MX\" \/>\n<meta property=\"og:type\" content=\"article\" \/>\n<meta property=\"og:title\" content=\"Machine Technology | IP Automation Inc\" \/>\n<meta property=\"og:description\" content=\"Learn about the mechanical and programming machine features that goes into our machinery. Intellibend software with simulation.\" \/>\n<meta property=\"og:url\" content=\"https:\/\/ipautomationinc.com\/es\/capacidades-de-la-maquina\/\" \/>\n<meta property=\"og:site_name\" content=\"IP Automation Inc\" \/>\n<meta property=\"article:publisher\" content=\"https:\/\/www.facebook.com\/ipautomationinc\/\" \/>\n<meta property=\"article:modified_time\" content=\"2024-03-13T21:59:50+00:00\" \/>\n<meta property=\"og:image\" content=\"https:\/\/ipautomationinc.com\/wp-content\/uploads\/2022\/05\/web-header_Artboard-6.jpg\" \/>\n\t<meta property=\"og:image:width\" content=\"1920\" \/>\n\t<meta property=\"og:image:height\" content=\"815\" \/>\n\t<meta property=\"og:image:type\" content=\"image\/jpeg\" \/>\n<script type=\"application\/ld+json\" class=\"yoast-schema-graph\">{\"@context\":\"https:\\\/\\\/schema.org\",\"@graph\":[{\"@type\":\"WebPage\",\"@id\":\"https:\\\/\\\/ipautomationinc.com\\\/machine-capabilities\\\/\",\"url\":\"https:\\\/\\\/ipautomationinc.com\\\/machine-capabilities\\\/\",\"name\":\"Machine Technology | IP Automation Inc\",\"isPartOf\":{\"@id\":\"https:\\\/\\\/ipautomationinc.com\\\/#website\"},\"primaryImageOfPage\":{\"@id\":\"https:\\\/\\\/ipautomationinc.com\\\/machine-capabilities\\\/#primaryimage\"},\"image\":{\"@id\":\"https:\\\/\\\/ipautomationinc.com\\\/machine-capabilities\\\/#primaryimage\"},\"thumbnailUrl\":\"https:\\\/\\\/ipautomationinc.com\\\/wp-content\\\/uploads\\\/2022\\\/05\\\/DH-Simulation_Moment-trim.jpg\",\"datePublished\":\"2017-10-27T22:51:34+00:00\",\"dateModified\":\"2024-03-13T21:59:50+00:00\",\"description\":\"Learn about the mechanical and programming machine features that goes into our machinery. Intellibend software with simulation.\",\"inLanguage\":\"es\",\"potentialAction\":[{\"@type\":\"ReadAction\",\"target\":[\"https:\\\/\\\/ipautomationinc.com\\\/machine-capabilities\\\/\"]}]},{\"@type\":\"ImageObject\",\"inLanguage\":\"es\",\"@id\":\"https:\\\/\\\/ipautomationinc.com\\\/machine-capabilities\\\/#primaryimage\",\"url\":\"https:\\\/\\\/ipautomationinc.com\\\/wp-content\\\/uploads\\\/2022\\\/05\\\/DH-Simulation_Moment-trim.jpg\",\"contentUrl\":\"https:\\\/\\\/ipautomationinc.com\\\/wp-content\\\/uploads\\\/2022\\\/05\\\/DH-Simulation_Moment-trim.jpg\"},{\"@type\":\"WebSite\",\"@id\":\"https:\\\/\\\/ipautomationinc.com\\\/#website\",\"url\":\"https:\\\/\\\/ipautomationinc.com\\\/\",\"name\":\"IP Automation Inc\",\"description\":\"Concept... Creation... Reality...\",\"publisher\":{\"@id\":\"https:\\\/\\\/ipautomationinc.com\\\/#organization\"},\"potentialAction\":[{\"@type\":\"SearchAction\",\"target\":{\"@type\":\"EntryPoint\",\"urlTemplate\":\"https:\\\/\\\/ipautomationinc.com\\\/?s={search_term_string}\"},\"query-input\":{\"@type\":\"PropertyValueSpecification\",\"valueRequired\":true,\"valueName\":\"search_term_string\"}}],\"inLanguage\":\"es\"},{\"@type\":\"Organization\",\"@id\":\"https:\\\/\\\/ipautomationinc.com\\\/#organization\",\"name\":\"IP Automation Inc\",\"url\":\"https:\\\/\\\/ipautomationinc.com\\\/\",\"logo\":{\"@type\":\"ImageObject\",\"inLanguage\":\"es\",\"@id\":\"https:\\\/\\\/ipautomationinc.com\\\/#\\\/schema\\\/logo\\\/image\\\/\",\"url\":\"https:\\\/\\\/ipautomationinc.com\\\/wp-content\\\/uploads\\\/2022\\\/05\\\/IPA-Favicon.png\",\"contentUrl\":\"https:\\\/\\\/ipautomationinc.com\\\/wp-content\\\/uploads\\\/2022\\\/05\\\/IPA-Favicon.png\",\"width\":513,\"height\":513,\"caption\":\"IP Automation Inc\"},\"image\":{\"@id\":\"https:\\\/\\\/ipautomationinc.com\\\/#\\\/schema\\\/logo\\\/image\\\/\"},\"sameAs\":[\"https:\\\/\\\/www.facebook.com\\\/ipautomationinc\\\/\",\"https:\\\/\\\/www.linkedin.com\\\/company\\\/ip-automation-inc\\\/\",\"https:\\\/\\\/www.youtube.com\\\/@IPAutomation\"]}]}<\/script>\n<!-- \/ Yoast SEO plugin. -->","yoast_head_json":{"title":"Tecnolog\u00eda de m\u00e1quinas | Automatizaci\u00f3n IP Inc.","description":"Conozca las caracter\u00edsticas mec\u00e1nicas y de programaci\u00f3n de nuestra maquinaria. Software Intellibend con simulaci\u00f3n.","robots":{"index":"index","follow":"follow","max-snippet":"max-snippet:-1","max-image-preview":"max-image-preview:large","max-video-preview":"max-video-preview:-1"},"canonical":"https:\/\/ipautomationinc.com\/es\/capacidades-de-la-maquina\/","og_locale":"es_MX","og_type":"article","og_title":"Machine Technology | IP Automation Inc","og_description":"Learn about the mechanical and programming machine features that goes into our machinery. Intellibend software with simulation.","og_url":"https:\/\/ipautomationinc.com\/es\/capacidades-de-la-maquina\/","og_site_name":"IP Automation Inc","article_publisher":"https:\/\/www.facebook.com\/ipautomationinc\/","article_modified_time":"2024-03-13T21:59:50+00:00","og_image":[{"width":1920,"height":815,"url":"https:\/\/ipautomationinc.com\/wp-content\/uploads\/2022\/05\/web-header_Artboard-6.jpg","type":"image\/jpeg"}],"schema":{"@context":"https:\/\/schema.org","@graph":[{"@type":"WebPage","@id":"https:\/\/ipautomationinc.com\/machine-capabilities\/","url":"https:\/\/ipautomationinc.com\/machine-capabilities\/","name":"Tecnolog\u00eda de m\u00e1quinas | Automatizaci\u00f3n IP Inc.","isPartOf":{"@id":"https:\/\/ipautomationinc.com\/#website"},"primaryImageOfPage":{"@id":"https:\/\/ipautomationinc.com\/machine-capabilities\/#primaryimage"},"image":{"@id":"https:\/\/ipautomationinc.com\/machine-capabilities\/#primaryimage"},"thumbnailUrl":"https:\/\/ipautomationinc.com\/wp-content\/uploads\/2022\/05\/DH-Simulation_Moment-trim.jpg","datePublished":"2017-10-27T22:51:34+00:00","dateModified":"2024-03-13T21:59:50+00:00","description":"Conozca las caracter\u00edsticas mec\u00e1nicas y de programaci\u00f3n de nuestra maquinaria. Software Intellibend con simulaci\u00f3n.","inLanguage":"es","potentialAction":[{"@type":"ReadAction","target":["https:\/\/ipautomationinc.com\/machine-capabilities\/"]}]},{"@type":"ImageObject","inLanguage":"es","@id":"https:\/\/ipautomationinc.com\/machine-capabilities\/#primaryimage","url":"https:\/\/ipautomationinc.com\/wp-content\/uploads\/2022\/05\/DH-Simulation_Moment-trim.jpg","contentUrl":"https:\/\/ipautomationinc.com\/wp-content\/uploads\/2022\/05\/DH-Simulation_Moment-trim.jpg"},{"@type":"WebSite","@id":"https:\/\/ipautomationinc.com\/#website","url":"https:\/\/ipautomationinc.com\/","name":"IP Automation Inc","description":"Concepto... Creaci\u00f3n... Realidad...","publisher":{"@id":"https:\/\/ipautomationinc.com\/#organization"},"potentialAction":[{"@type":"SearchAction","target":{"@type":"EntryPoint","urlTemplate":"https:\/\/ipautomationinc.com\/?s={search_term_string}"},"query-input":{"@type":"PropertyValueSpecification","valueRequired":true,"valueName":"search_term_string"}}],"inLanguage":"es"},{"@type":"Organization","@id":"https:\/\/ipautomationinc.com\/#organization","name":"IP Automation Inc","url":"https:\/\/ipautomationinc.com\/","logo":{"@type":"ImageObject","inLanguage":"es","@id":"https:\/\/ipautomationinc.com\/#\/schema\/logo\/image\/","url":"https:\/\/ipautomationinc.com\/wp-content\/uploads\/2022\/05\/IPA-Favicon.png","contentUrl":"https:\/\/ipautomationinc.com\/wp-content\/uploads\/2022\/05\/IPA-Favicon.png","width":513,"height":513,"caption":"IP Automation Inc"},"image":{"@id":"https:\/\/ipautomationinc.com\/#\/schema\/logo\/image\/"},"sameAs":["https:\/\/www.facebook.com\/ipautomationinc\/","https:\/\/www.linkedin.com\/company\/ip-automation-inc\/","https:\/\/www.youtube.com\/@IPAutomation"]}]}},"_links":{"self":[{"href":"https:\/\/ipautomationinc.com\/es\/wp-json\/wp\/v2\/pages\/118","targetHints":{"allow":["GET"]}}],"collection":[{"href":"https:\/\/ipautomationinc.com\/es\/wp-json\/wp\/v2\/pages"}],"about":[{"href":"https:\/\/ipautomationinc.com\/es\/wp-json\/wp\/v2\/types\/page"}],"author":[{"embeddable":true,"href":"https:\/\/ipautomationinc.com\/es\/wp-json\/wp\/v2\/users\/3"}],"replies":[{"embeddable":true,"href":"https:\/\/ipautomationinc.com\/es\/wp-json\/wp\/v2\/comments?post=118"}],"version-history":[{"count":0,"href":"https:\/\/ipautomationinc.com\/es\/wp-json\/wp\/v2\/pages\/118\/revisions"}],"wp:attachment":[{"href":"https:\/\/ipautomationinc.com\/es\/wp-json\/wp\/v2\/media?parent=118"}],"curies":[{"name":"Gracias","href":"https:\/\/api.w.org\/{rel}","templated":true}]}}