{"id":111,"date":"2017-10-27T17:33:30","date_gmt":"2017-10-27T22:33:30","guid":{"rendered":"http:\/\/ipautomationinc.com\/?page_id=111"},"modified":"2025-09-10T15:54:28","modified_gmt":"2025-09-10T20:54:28","slug":"celdas-de-automatizacion","status":"publish","type":"page","link":"https:\/\/ipautomationinc.com\/es\/automationcells\/","title":{"rendered":"C\u00e9lulas de automatizaci\u00f3n"},"content":{"rendered":"<p>Expertos en automatizar procesos de conformado de alambre.<\/p>\n\n\n\n<p>Nuestras m\u00e1quinas, ingenieros y t\u00e9cnicos est\u00e1n preparados para ofrecer soluciones personalizadas para su empresa. Logre su visi\u00f3n de flujo de una sola pieza de alta velocidad con mano de obra m\u00ednima y cero WIP.<\/p>\n\n\n\n<p>Tenemos experiencia en integraciones rob\u00f3ticas tales como: soldadura, biselado, ensamblaje, prensas, cabezal en fr\u00edo, roscado, mecanizado, clipado, alivio de tensiones, inspecci\u00f3n, etc.<\/p>\n\n\n\n<p><span class=\"builder2seo\"><\/span>reproducci\u00f3n autom\u00e1tica=1&amp;silenciada=1&amp;loop=1&amp;autopause=0&amp;controls=1<br><br><h2>Expertos en automatizar procesos de conformado de alambre.<\/h2><br><br><h3>Nuestras m\u00e1quinas, ingenieros y t\u00e9cnicos est\u00e1n preparados para ofrecer soluciones personalizadas para su empresa. Logre su visi\u00f3n de flujo de una sola pieza de alta velocidad con mano de obra m\u00ednima y cero WIP.<\/h3><br><br><h3>Tenemos experiencia en integraciones rob\u00f3ticas tales como: soldadura, biselado, ensamblaje, prensas, cabezal en fr\u00edo, roscado, mecanizado, clipado, alivio de tensiones, inspecci\u00f3n, etc.<\/h3><br><br>ancho<br><br>C\u00e9lula de automatizaci\u00f3n i-D<br>#DD0000<br>inicial<br><br>;C;;<br><br>C\u00e9lula de automatizaci\u00f3n i-S<br>#DD0000<br>inicial<br><br>;C;;<br><br>C\u00e9lula de automatizaci\u00f3n i-S<br>#DD0000<br>inicial<br><br>;C;;<br><br>C\u00e9lula de automatizaci\u00f3n i-S\u00b2<br>#DD0000<br>inicial<br><br>;C;;<br><br>C\u00e9lula de automatizaci\u00f3n i-S\u00b2<br>#DD0000<br>inicial<br><br>;C;;<br><br>ancho<br><br><img decoding=\"async\" src=\"https:\/\/ipautomationinc.com\/wp-content\/uploads\/2017\/11\/cell-pic_Web.png\" alt=\"foto celular_Web\"><br><br><img decoding=\"async\" src=\"https:\/\/ipautomationinc.com\/wp-content\/uploads\/2017\/10\/IMG_1989-1-e1640896417688.png#191\" alt=\"IMG_1989\"><br><br>C\u00e9lulas de automatizaci\u00f3n Flexmat<br>Automatizaci\u00f3n flexible, ejecute diferentes piezas con cambios r\u00e1pidos<br>Capacidad de ajuste del servo para una f\u00e1cil configuraci\u00f3n y un m\u00ednimo de herramientas<br><br><br>Desde alimentaci\u00f3n de bobina o cargador<br><br>Hasta 32 ejes servo<br><br>Hasta 6 estaciones de plegado<br><br>Estaciones integradas opcionales de alivio de tensi\u00f3n y revestimiento de nailon o PVC<br><br>Estaci\u00f3n de enfriamiento incorporada<br><br>Estaci\u00f3n de montaje guiada por visi\u00f3n<br><br>Opciones de estaci\u00f3n secundaria, incluido el montaje mediante remachado o clipado<br><br>Se pueden adaptar m\u00faltiples formas de alambre, estampados e inserciones de pl\u00e1stico para el ensamblaje.<br><br><br>desvanecerse a la derecha<br><br><img decoding=\"async\" src=\"https:\/\/ipautomationinc.com\/wp-content\/uploads\/2017\/11\/cell.png\" alt=\"cel\u00fala\"><br>grande<br><br><img decoding=\"async\" src=\"https:\/\/ipautomationinc.com\/wp-content\/uploads\/2017\/11\/placementfix.png\" alt=\"colocaci\u00f3narreglar\"><br>grande<br><br>ancho<br><br><br>Celdas de ensamblaje<br>C\u00e9lulas de ensamblaje para componentes de automoci\u00f3n.<br><br>M\u00faltiples formas de alambre y ensambladas.<br><br>Las operaciones incluyen recorte, remachado, soldadura por puntos, soldadura mig y otras t\u00e9cnicas de uni\u00f3n.<br><br>Se puede integrar a otra maquinaria para una fabricaci\u00f3n completamente aut\u00f3noma.<br><br>Las celdas se pueden reconfigurar para diferentes l\u00edneas de productos.<br>desvanecerse a la derecha<br><br>ancho<br><br><img decoding=\"async\" src=\"https:\/\/ipautomationinc.com\/wp-content\/uploads\/2017\/11\/CoatingRounded-e1635351228930.png\" alt=\"RevestimientoRedondeado\"><br><br>L\u00edneas de alivio de tensiones y revestimiento de nailon<br><br><br>Automatizaci\u00f3n para aliviar el estr\u00e9s con revestimiento<br><br>Tecnolog\u00edas de horno convencional, resistencia, inducci\u00f3n e infrarrojos.<br><br>Manipulaci\u00f3n rob\u00f3tica para cambios eficientes y herramientas m\u00ednimas <br><br>Recubrimiento con nailon, PVC u otros termopl\u00e1sticos.<br><br>Revestimiento de varios colores disponibles a la vez<br><br>Tolvas de polvo est\u00e1ndar con sistemas de entrega de barrena para una p\u00e9rdida m\u00ednima de polvo<br><br>Rejillas de enfriamiento est\u00e1ndar con soluciones de embalaje rob\u00f3ticas opcionales<br><br>Bastidores cargados por el operador o totalmente automatizados conectados a la maquinaria existente<br><br><br>desvanecerse a la derecha<br><br><br><img decoding=\"async\" src=\"https:\/\/ipautomationinc.com\/wp-content\/uploads\/2017\/11\/Coating2-1-1-1.png\" alt=\"Recubrimiento2-1-1-1\"><br><br><img decoding=\"async\" src=\"https:\/\/ipautomationinc.com\/wp-content\/uploads\/2017\/11\/Coating-cell-1-e1635351476148.png\" alt=\"Recubrimiento-celda-1\"><br><br>ancho<br><br><img decoding=\"async\" src=\"https:\/\/ipautomationinc.com\/wp-content\/uploads\/2021\/11\/Resistance-Welder.png\" alt=\"Soldador por resistencia\"><br><br>Celdas de soldadura por resistencia<br><br><br>Fanuc R1000iA-80 a R2000iA-210F<br><br>Mesa servogiratoria<br><br>Servopistolas Obara o Tolomatic opcionales <br><br>Placas de herramientas integradas para un cambio r\u00e1pido<br><br>Capacidad RFID para minimizar errores de configuraci\u00f3n<br><br>Opciones cargadas por el operador de cortina de luz o esc\u00e1ner de seguridad<br><br>Se puede integrar a m\u00faltiples dobladoras de alambre para c\u00e9lulas de soldadura y conformado autom\u00e1tico.<br><br>Sistemas opcionales de transporte automatizado de bolsas para embalaje.<br><br><br>desvanecerse a la derecha<br><br><br><img decoding=\"async\" src=\"https:\/\/ipautomationinc.com\/wp-content\/uploads\/2017\/10\/Robotic-Welding-put-sparks-back-in-1-e1635353496321.png\" alt=\"La soldadura-rob\u00f3tica-devuelve-las-chispas\"><br><br>Ponerse en contacto<br><a href=\"https:\/\/ipautomationinc.com\/es\/contactenos\/\">https:\/\/ipautomationinc.com\/contact-us\/<\/a><br>icono-adelante<br>tema_boton<br><br><\/p>","protected":false},"excerpt":{"rendered":"<p>Experts in automating wire forming processes. Our machines, engineers, and technicians are geared for customized solutions for your company. Achieve<span class=\"excerpt-hellip\"> [\u2026]<\/span><\/p>\n","protected":false},"author":3,"featured_media":0,"parent":0,"menu_order":0,"comment_status":"open","ping_status":"closed","template":"","meta":{"footnotes":""},"class_list":["post-111","page","type-page","status-publish","hentry"],"yoast_head":"<!-- This site is optimized with the Yoast SEO plugin v27.3 - https:\/\/yoast.com\/product\/yoast-seo-wordpress\/ -->\n<title>Automation Cells | IP Automation Inc<\/title>\n<meta name=\"description\" content=\"Our machines, engineers, and technicians are geared for customized solutions for your company and make automation easy for your project. Achieve your vision with an automation cell.\" \/>\n<meta name=\"robots\" content=\"index, follow, max-snippet:-1, max-image-preview:large, max-video-preview:-1\" \/>\n<link rel=\"canonical\" href=\"https:\/\/ipautomationinc.com\/es\/celdas-de-automatizacion\/\" \/>\n<meta property=\"og:locale\" content=\"es_MX\" \/>\n<meta property=\"og:type\" content=\"article\" \/>\n<meta property=\"og:title\" content=\"Automation Cells | IP Automation Inc\" \/>\n<meta property=\"og:description\" content=\"Our machines, engineers, and technicians are geared for customized solutions for your company and make automation easy for your project. Achieve your vision with an automation cell.\" \/>\n<meta property=\"og:url\" content=\"https:\/\/ipautomationinc.com\/es\/celdas-de-automatizacion\/\" \/>\n<meta property=\"og:site_name\" content=\"IP Automation Inc\" \/>\n<meta property=\"article:publisher\" content=\"https:\/\/www.facebook.com\/ipautomationinc\/\" \/>\n<meta property=\"article:modified_time\" content=\"2025-09-10T20:54:28+00:00\" \/>\n<meta property=\"og:image\" content=\"https:\/\/ipautomationinc.com\/wp-content\/uploads\/2017\/11\/cell-pic_Web.png\" \/>\n<script type=\"application\/ld+json\" class=\"yoast-schema-graph\">{\"@context\":\"https:\\\/\\\/schema.org\",\"@graph\":[{\"@type\":\"WebPage\",\"@id\":\"https:\\\/\\\/ipautomationinc.com\\\/automationcells\\\/\",\"url\":\"https:\\\/\\\/ipautomationinc.com\\\/automationcells\\\/\",\"name\":\"Automation Cells | IP Automation Inc\",\"isPartOf\":{\"@id\":\"https:\\\/\\\/ipautomationinc.com\\\/#website\"},\"primaryImageOfPage\":{\"@id\":\"https:\\\/\\\/ipautomationinc.com\\\/automationcells\\\/#primaryimage\"},\"image\":{\"@id\":\"https:\\\/\\\/ipautomationinc.com\\\/automationcells\\\/#primaryimage\"},\"thumbnailUrl\":\"https:\\\/\\\/ipautomationinc.com\\\/wp-content\\\/uploads\\\/2017\\\/11\\\/cell-pic_Web.png\",\"datePublished\":\"2017-10-27T22:33:30+00:00\",\"dateModified\":\"2025-09-10T20:54:28+00:00\",\"description\":\"Our machines, engineers, and technicians are geared for customized solutions for your company and make automation easy for your project. Achieve your vision with an automation cell.\",\"inLanguage\":\"es\",\"potentialAction\":[{\"@type\":\"ReadAction\",\"target\":[\"https:\\\/\\\/ipautomationinc.com\\\/automationcells\\\/\"]}]},{\"@type\":\"ImageObject\",\"inLanguage\":\"es\",\"@id\":\"https:\\\/\\\/ipautomationinc.com\\\/automationcells\\\/#primaryimage\",\"url\":\"https:\\\/\\\/ipautomationinc.com\\\/wp-content\\\/uploads\\\/2017\\\/11\\\/cell-pic_Web.png\",\"contentUrl\":\"https:\\\/\\\/ipautomationinc.com\\\/wp-content\\\/uploads\\\/2017\\\/11\\\/cell-pic_Web.png\"},{\"@type\":\"WebSite\",\"@id\":\"https:\\\/\\\/ipautomationinc.com\\\/#website\",\"url\":\"https:\\\/\\\/ipautomationinc.com\\\/\",\"name\":\"IP Automation Inc\",\"description\":\"Concept... Creation... Reality...\",\"publisher\":{\"@id\":\"https:\\\/\\\/ipautomationinc.com\\\/#organization\"},\"potentialAction\":[{\"@type\":\"SearchAction\",\"target\":{\"@type\":\"EntryPoint\",\"urlTemplate\":\"https:\\\/\\\/ipautomationinc.com\\\/?s={search_term_string}\"},\"query-input\":{\"@type\":\"PropertyValueSpecification\",\"valueRequired\":true,\"valueName\":\"search_term_string\"}}],\"inLanguage\":\"es\"},{\"@type\":\"Organization\",\"@id\":\"https:\\\/\\\/ipautomationinc.com\\\/#organization\",\"name\":\"IP Automation Inc\",\"url\":\"https:\\\/\\\/ipautomationinc.com\\\/\",\"logo\":{\"@type\":\"ImageObject\",\"inLanguage\":\"es\",\"@id\":\"https:\\\/\\\/ipautomationinc.com\\\/#\\\/schema\\\/logo\\\/image\\\/\",\"url\":\"https:\\\/\\\/ipautomationinc.com\\\/wp-content\\\/uploads\\\/2022\\\/05\\\/IPA-Favicon.png\",\"contentUrl\":\"https:\\\/\\\/ipautomationinc.com\\\/wp-content\\\/uploads\\\/2022\\\/05\\\/IPA-Favicon.png\",\"width\":513,\"height\":513,\"caption\":\"IP Automation Inc\"},\"image\":{\"@id\":\"https:\\\/\\\/ipautomationinc.com\\\/#\\\/schema\\\/logo\\\/image\\\/\"},\"sameAs\":[\"https:\\\/\\\/www.facebook.com\\\/ipautomationinc\\\/\",\"https:\\\/\\\/www.linkedin.com\\\/company\\\/ip-automation-inc\\\/\",\"https:\\\/\\\/www.youtube.com\\\/@IPAutomation\"]}]}<\/script>\n<!-- \/ Yoast SEO plugin. -->","yoast_head_json":{"title":"C\u00e9lulas de Automatizaci\u00f3n | Automatizaci\u00f3n IP Inc.","description":"Nuestras m\u00e1quinas, ingenieros y t\u00e9cnicos est\u00e1n dise\u00f1ados para ofrecer soluciones personalizadas para su empresa y facilitar la automatizaci\u00f3n de su proyecto. Logre su visi\u00f3n con una celda de automatizaci\u00f3n.","robots":{"index":"index","follow":"follow","max-snippet":"max-snippet:-1","max-image-preview":"max-image-preview:large","max-video-preview":"max-video-preview:-1"},"canonical":"https:\/\/ipautomationinc.com\/es\/celdas-de-automatizacion\/","og_locale":"es_MX","og_type":"article","og_title":"Automation Cells | IP Automation Inc","og_description":"Our machines, engineers, and technicians are geared for customized solutions for your company and make automation easy for your project. Achieve your vision with an automation cell.","og_url":"https:\/\/ipautomationinc.com\/es\/celdas-de-automatizacion\/","og_site_name":"IP Automation Inc","article_publisher":"https:\/\/www.facebook.com\/ipautomationinc\/","article_modified_time":"2025-09-10T20:54:28+00:00","og_image":[{"url":"https:\/\/ipautomationinc.com\/wp-content\/uploads\/2017\/11\/cell-pic_Web.png","type":"","width":"","height":""}],"schema":{"@context":"https:\/\/schema.org","@graph":[{"@type":"WebPage","@id":"https:\/\/ipautomationinc.com\/automationcells\/","url":"https:\/\/ipautomationinc.com\/automationcells\/","name":"C\u00e9lulas de Automatizaci\u00f3n | Automatizaci\u00f3n IP Inc.","isPartOf":{"@id":"https:\/\/ipautomationinc.com\/#website"},"primaryImageOfPage":{"@id":"https:\/\/ipautomationinc.com\/automationcells\/#primaryimage"},"image":{"@id":"https:\/\/ipautomationinc.com\/automationcells\/#primaryimage"},"thumbnailUrl":"https:\/\/ipautomationinc.com\/wp-content\/uploads\/2017\/11\/cell-pic_Web.png","datePublished":"2017-10-27T22:33:30+00:00","dateModified":"2025-09-10T20:54:28+00:00","description":"Nuestras m\u00e1quinas, ingenieros y t\u00e9cnicos est\u00e1n dise\u00f1ados para ofrecer soluciones personalizadas para su empresa y facilitar la automatizaci\u00f3n de su proyecto. Logre su visi\u00f3n con una celda de automatizaci\u00f3n.","inLanguage":"es","potentialAction":[{"@type":"ReadAction","target":["https:\/\/ipautomationinc.com\/automationcells\/"]}]},{"@type":"ImageObject","inLanguage":"es","@id":"https:\/\/ipautomationinc.com\/automationcells\/#primaryimage","url":"https:\/\/ipautomationinc.com\/wp-content\/uploads\/2017\/11\/cell-pic_Web.png","contentUrl":"https:\/\/ipautomationinc.com\/wp-content\/uploads\/2017\/11\/cell-pic_Web.png"},{"@type":"WebSite","@id":"https:\/\/ipautomationinc.com\/#website","url":"https:\/\/ipautomationinc.com\/","name":"IP Automation Inc","description":"Concepto... Creaci\u00f3n... Realidad...","publisher":{"@id":"https:\/\/ipautomationinc.com\/#organization"},"potentialAction":[{"@type":"SearchAction","target":{"@type":"EntryPoint","urlTemplate":"https:\/\/ipautomationinc.com\/?s={search_term_string}"},"query-input":{"@type":"PropertyValueSpecification","valueRequired":true,"valueName":"search_term_string"}}],"inLanguage":"es"},{"@type":"Organization","@id":"https:\/\/ipautomationinc.com\/#organization","name":"IP Automation Inc","url":"https:\/\/ipautomationinc.com\/","logo":{"@type":"ImageObject","inLanguage":"es","@id":"https:\/\/ipautomationinc.com\/#\/schema\/logo\/image\/","url":"https:\/\/ipautomationinc.com\/wp-content\/uploads\/2022\/05\/IPA-Favicon.png","contentUrl":"https:\/\/ipautomationinc.com\/wp-content\/uploads\/2022\/05\/IPA-Favicon.png","width":513,"height":513,"caption":"IP Automation Inc"},"image":{"@id":"https:\/\/ipautomationinc.com\/#\/schema\/logo\/image\/"},"sameAs":["https:\/\/www.facebook.com\/ipautomationinc\/","https:\/\/www.linkedin.com\/company\/ip-automation-inc\/","https:\/\/www.youtube.com\/@IPAutomation"]}]}},"_links":{"self":[{"href":"https:\/\/ipautomationinc.com\/es\/wp-json\/wp\/v2\/pages\/111","targetHints":{"allow":["GET"]}}],"collection":[{"href":"https:\/\/ipautomationinc.com\/es\/wp-json\/wp\/v2\/pages"}],"about":[{"href":"https:\/\/ipautomationinc.com\/es\/wp-json\/wp\/v2\/types\/page"}],"author":[{"embeddable":true,"href":"https:\/\/ipautomationinc.com\/es\/wp-json\/wp\/v2\/users\/3"}],"replies":[{"embeddable":true,"href":"https:\/\/ipautomationinc.com\/es\/wp-json\/wp\/v2\/comments?post=111"}],"version-history":[{"count":2,"href":"https:\/\/ipautomationinc.com\/es\/wp-json\/wp\/v2\/pages\/111\/revisions"}],"predecessor-version":[{"id":38204,"href":"https:\/\/ipautomationinc.com\/es\/wp-json\/wp\/v2\/pages\/111\/revisions\/38204"}],"wp:attachment":[{"href":"https:\/\/ipautomationinc.com\/es\/wp-json\/wp\/v2\/media?parent=111"}],"curies":[{"name":"Gracias","href":"https:\/\/api.w.org\/{rel}","templated":true}]}}