{"id":106,"date":"2017-10-27T17:09:03","date_gmt":"2017-10-27T22:09:03","guid":{"rendered":"http:\/\/ipautomationinc.com\/?page_id=106"},"modified":"2026-04-06T11:08:32","modified_gmt":"2026-04-06T16:08:32","slug":"productos-y-servicios","status":"publish","type":"page","link":"https:\/\/ipautomationinc.com\/es\/products-and-services\/","title":{"rendered":"Productos"},"content":{"rendered":"<h6 class=\"wp-block-heading\"><strong>Todas las m\u00e1quinas dobladoras de alambre CNC, que incorporan la \u00faltima tecnolog\u00eda y dise\u00f1o para un conformado eficiente y preciso. Accesorios. Construimos nuestros productos teniendo en cuenta que las necesidades de los clientes pueden cambiar de vez en cuando. Es por eso que IP Automation proporciona herramientas y piezas intercambiables para ayudar a los clientes a realizar un cambio r\u00e1pido cuando sea necesario. Celdas de automatizaci\u00f3n, celdas de automatizaci\u00f3n est\u00e1ndar o celdas adecuadas para las necesidades individuales de cada cliente.<\/strong><\/h6>\n\n\n\n<p>Todas las m\u00e1quinas dobladoras de alambre CNC<br>h2<br>Incorporando la \u00faltima tecnolog\u00eda y dise\u00f1o para un conformado eficiente y preciso.<br>arriba<br>centro<br><img decoding=\"async\" src=\"https:\/\/ipautomationinc.com\/wp-content\/uploads\/2022\/09\/i-S-rgb-1.png\" alt=\"Dobladora de alambre CNC de cabezal \u00fanico iS\" \/><br><a href=\"https:\/\/ipautomationinc.com\/es\/formadores-de-alambre\/\">https:\/\/ipautomationinc.com\/wire-formers\/<\/a><br>escala de iconos<br>72%<br>centro<br>esconder<br><br>Accesorios<br>h2<br>Construimos nuestros productos teniendo en cuenta que las necesidades de los clientes pueden cambiar de vez en cuando. Es por eso que IP Automation proporciona herramientas y piezas intercambiables para ayudar a los clientes a realizar un cambio r\u00e1pido cuando sea necesario.<br>l\u00e1mpara-icono<br>arriba<br>centro<br><img decoding=\"async\" src=\"https:\/\/ipautomationinc.com\/wp-content\/uploads\/2022\/05\/hp-threader.jpg\" alt=\"enhebrador hp\" \/><br><a href=\"https:\/\/ipautomationinc.com\/es\/accesorios\/\">https:\/\/ipautomationinc.com\/accessories\/<\/a><br>escala de iconos<br>69%<br>esconder<br><br>C\u00e9lulas de automatizaci\u00f3n<br>h2<br>C\u00e9lulas de automatizaci\u00f3n est\u00e1ndar o c\u00e9lulas adaptadas a las necesidades individuales de cada cliente.<br>l\u00e1mpara-icono<br>arriba<br>centro<br><img decoding=\"async\" src=\"https:\/\/ipautomationinc.com\/wp-content\/uploads\/2021\/11\/RobotThreaderRS.png\" alt=\"RobotThreaderRS\" \/><br><a href=\"https:\/\/ipautomationinc.com\/es\/celdas-de-automatizacion\/\">https:\/\/ipautomationinc.com\/automationcells\/<\/a><br>escala de iconos<br>90%<br>esconder<br><br><div class=\"image_frame image_item no_link scale-with-grid element_classes alignnone no_border mfn-img-box\" ><div class=\"image_wrapper\"><img decoding=\"async\" class=\"scale-with-grid\" src=\"\" fetchpriority=\"high\" alt=\"\" title=\"\" width=\"\" height=\"\" style=\"\"\/><\/div><\/div>\n\r<br>\r<br><hr class=\"no_line\" style=\"margin: 0 auto 0px auto\"\/>\n\r<br>\r<br><h4>M\u00e1quinas dobladoras de alambre<\/h4>\r<br>\t<h6>Incorporando la \u00faltima tecnolog\u00eda y dise\u00f1o para un conformado eficiente y preciso.<\/h6>\r<br><br>M\u00e1quinas formadoras de alambre<br>sin repetici\u00f3n;centro superior;;<br>auto<br>0 3% 0 0<br><br><div class=\"image_frame image_item no_link scale-with-grid element_classes alignnone no_border mfn-img-box\" ><div class=\"image_wrapper\"><img decoding=\"async\" class=\"scale-with-grid\" src=\"\" fetchpriority=\"high\" alt=\"\" title=\"\" width=\"\" height=\"\" style=\"\"\/><\/div><\/div>\n\r<br><hr class=\"no_line\" style=\"margin: 0 auto 0px auto\"\/>\n\r<br>\r<br><h4>Accesorios<\/h4>\r<br><h6>Construimos nuestros productos teniendo en cuenta que las necesidades de los clientes pueden cambiar de vez en cuando. Es por eso que IP Automation proporciona herramientas y piezas intercambiables para ayudar a los clientes a realizar un cambio r\u00e1pido cuando sea necesario.<\/h6>\r<br><br>C\u00e9lulas de automatizaci\u00f3n<br>sin repetici\u00f3n;centro superior;;<br>auto<br>0 3% 0 0<br><br><div class=\"image_frame image_item no_link scale-with-grid element_classes alignnone no_border mfn-img-box\" ><div class=\"image_wrapper\"><img decoding=\"async\" class=\"scale-with-grid\" src=\"\" fetchpriority=\"high\" alt=\"\" title=\"\" width=\"\" height=\"\" style=\"\"\/><\/div><\/div>\n\r<br><hr class=\"no_line\" style=\"margin: 0 auto 0px auto\"\/>\n\r<br>\r<br><h4>C\u00e9lulas de automatizaci\u00f3n<\/h4>\r<br><h6>C\u00e9lulas de automatizaci\u00f3n est\u00e1ndar o c\u00e9lulas adaptadas a las necesidades individuales de cada cliente.<\/h6>\r<br><br>C\u00e9lulas de automatizaci\u00f3n<br>sin repetici\u00f3n;centro superior;;<br>auto<br>0 3% 0 0<br><br><h2>SERVICIOS<\/h2><br>SERVICIOS<br>sin repetici\u00f3n;centro superior;;<br>auto<br><br><h6>IP Automation Inc. se enorgullece de servir a cada cliente de manera profesional y brindar servicios de valor agregado para satisfacer las necesidades individuales de cada cliente. A trav\u00e9s de nuestra amplia experiencia en la industria de automatizaci\u00f3n y conformado de metales, nos damos cuenta de que las necesidades de los clientes var\u00edan ampliamente. Desde ayudar a un cliente en un proyecto de consultor\u00eda hasta automatizar una f\u00e1brica completa, las necesidades de cada cliente son las suyas.<\/h6><br>sin repetici\u00f3n;centro superior;;<br>auto<br>0 3% 0 0<br><br>Sistemas de herramientas flexibles para cambios r\u00e1pidos y lanzamientos de nuevos modelos<br>\r<br>Gesti\u00f3n de proyectos\r<br>Integraci\u00f3n completa de automatizaci\u00f3n\r<br>Reconstrucci\u00f3n\r<br>Ingenier\u00eda\r<br>Valor a\u00f1adido\r<br>Consultante\r<br><br>desvanecerse a la derecha<br><br><\/p>","protected":false},"excerpt":{"rendered":"<p>All CNC Wire Bending Machines, Incorporating the latest technology and design for efficient and precise forming. Accessories, We build our<span class=\"excerpt-hellip\"> [\u2026]<\/span><\/p>\n","protected":false},"author":3,"featured_media":0,"parent":0,"menu_order":0,"comment_status":"closed","ping_status":"closed","template":"","meta":{"footnotes":""},"class_list":["post-106","page","type-page","status-publish","hentry"],"yoast_head":"<!-- This site is optimized with the Yoast SEO plugin v27.3 - https:\/\/yoast.com\/product\/yoast-seo-wordpress\/ -->\n<title>Products | IP Automation Inc<\/title>\n<meta name=\"description\" content=\"Learn more about our wire bending products, including wire bending machines, accessories, and automation cell examples.\" \/>\n<meta name=\"robots\" content=\"index, follow, max-snippet:-1, max-image-preview:large, max-video-preview:-1\" \/>\n<link rel=\"canonical\" href=\"https:\/\/ipautomationinc.com\/es\/productos-y-servicios\/\" \/>\n<meta property=\"og:locale\" content=\"es_MX\" \/>\n<meta property=\"og:type\" content=\"article\" \/>\n<meta property=\"og:title\" content=\"Products | IP Automation Inc\" \/>\n<meta property=\"og:description\" content=\"Learn more about our wire bending products, including wire bending machines, accessories, and automation cell examples.\" \/>\n<meta property=\"og:url\" content=\"https:\/\/ipautomationinc.com\/es\/productos-y-servicios\/\" \/>\n<meta property=\"og:site_name\" content=\"IP Automation Inc\" \/>\n<meta property=\"article:publisher\" content=\"https:\/\/www.facebook.com\/ipautomationinc\/\" \/>\n<meta property=\"article:modified_time\" content=\"2026-04-06T16:08:32+00:00\" \/>\n<meta property=\"og:image\" content=\"https:\/\/ipautomationinc.com\/wp-content\/uploads\/2022\/09\/i-S-rgb-1.png\" \/>\n<script type=\"application\/ld+json\" class=\"yoast-schema-graph\">{\"@context\":\"https:\\\/\\\/schema.org\",\"@graph\":[{\"@type\":\"WebPage\",\"@id\":\"https:\\\/\\\/ipautomationinc.com\\\/products-and-services\\\/\",\"url\":\"https:\\\/\\\/ipautomationinc.com\\\/products-and-services\\\/\",\"name\":\"Products | IP Automation Inc\",\"isPartOf\":{\"@id\":\"https:\\\/\\\/ipautomationinc.com\\\/#website\"},\"primaryImageOfPage\":{\"@id\":\"https:\\\/\\\/ipautomationinc.com\\\/products-and-services\\\/#primaryimage\"},\"image\":{\"@id\":\"https:\\\/\\\/ipautomationinc.com\\\/products-and-services\\\/#primaryimage\"},\"thumbnailUrl\":\"https:\\\/\\\/ipautomationinc.com\\\/wp-content\\\/uploads\\\/2022\\\/09\\\/i-S-rgb-1.png\",\"datePublished\":\"2017-10-27T22:09:03+00:00\",\"dateModified\":\"2026-04-06T16:08:32+00:00\",\"description\":\"Learn more about our wire bending products, including wire bending machines, accessories, and automation cell examples.\",\"inLanguage\":\"es\",\"potentialAction\":[{\"@type\":\"ReadAction\",\"target\":[\"https:\\\/\\\/ipautomationinc.com\\\/products-and-services\\\/\"]}]},{\"@type\":\"ImageObject\",\"inLanguage\":\"es\",\"@id\":\"https:\\\/\\\/ipautomationinc.com\\\/products-and-services\\\/#primaryimage\",\"url\":\"https:\\\/\\\/ipautomationinc.com\\\/wp-content\\\/uploads\\\/2022\\\/09\\\/i-S-rgb-1.png\",\"contentUrl\":\"https:\\\/\\\/ipautomationinc.com\\\/wp-content\\\/uploads\\\/2022\\\/09\\\/i-S-rgb-1.png\"},{\"@type\":\"WebSite\",\"@id\":\"https:\\\/\\\/ipautomationinc.com\\\/#website\",\"url\":\"https:\\\/\\\/ipautomationinc.com\\\/\",\"name\":\"IP Automation Inc\",\"description\":\"Concept... Creation... Reality...\",\"publisher\":{\"@id\":\"https:\\\/\\\/ipautomationinc.com\\\/#organization\"},\"potentialAction\":[{\"@type\":\"SearchAction\",\"target\":{\"@type\":\"EntryPoint\",\"urlTemplate\":\"https:\\\/\\\/ipautomationinc.com\\\/?s={search_term_string}\"},\"query-input\":{\"@type\":\"PropertyValueSpecification\",\"valueRequired\":true,\"valueName\":\"search_term_string\"}}],\"inLanguage\":\"es\"},{\"@type\":\"Organization\",\"@id\":\"https:\\\/\\\/ipautomationinc.com\\\/#organization\",\"name\":\"IP Automation Inc\",\"url\":\"https:\\\/\\\/ipautomationinc.com\\\/\",\"logo\":{\"@type\":\"ImageObject\",\"inLanguage\":\"es\",\"@id\":\"https:\\\/\\\/ipautomationinc.com\\\/#\\\/schema\\\/logo\\\/image\\\/\",\"url\":\"https:\\\/\\\/ipautomationinc.com\\\/wp-content\\\/uploads\\\/2022\\\/05\\\/IPA-Favicon.png\",\"contentUrl\":\"https:\\\/\\\/ipautomationinc.com\\\/wp-content\\\/uploads\\\/2022\\\/05\\\/IPA-Favicon.png\",\"width\":513,\"height\":513,\"caption\":\"IP Automation Inc\"},\"image\":{\"@id\":\"https:\\\/\\\/ipautomationinc.com\\\/#\\\/schema\\\/logo\\\/image\\\/\"},\"sameAs\":[\"https:\\\/\\\/www.facebook.com\\\/ipautomationinc\\\/\",\"https:\\\/\\\/www.linkedin.com\\\/company\\\/ip-automation-inc\\\/\",\"https:\\\/\\\/www.youtube.com\\\/@IPAutomation\"]}]}<\/script>\n<!-- \/ Yoast SEO plugin. -->","yoast_head_json":{"title":"Productos | Automatizaci\u00f3n IP Inc.","description":"Obtenga m\u00e1s informaci\u00f3n sobre nuestros productos para doblar alambre, incluidas m\u00e1quinas dobladoras de alambre, accesorios y ejemplos de celdas de automatizaci\u00f3n.","robots":{"index":"index","follow":"follow","max-snippet":"max-snippet:-1","max-image-preview":"max-image-preview:large","max-video-preview":"max-video-preview:-1"},"canonical":"https:\/\/ipautomationinc.com\/es\/productos-y-servicios\/","og_locale":"es_MX","og_type":"article","og_title":"Products | IP Automation Inc","og_description":"Learn more about our wire bending products, including wire bending machines, accessories, and automation cell examples.","og_url":"https:\/\/ipautomationinc.com\/es\/productos-y-servicios\/","og_site_name":"IP Automation Inc","article_publisher":"https:\/\/www.facebook.com\/ipautomationinc\/","article_modified_time":"2026-04-06T16:08:32+00:00","og_image":[{"url":"https:\/\/ipautomationinc.com\/wp-content\/uploads\/2022\/09\/i-S-rgb-1.png","type":"","width":"","height":""}],"schema":{"@context":"https:\/\/schema.org","@graph":[{"@type":"WebPage","@id":"https:\/\/ipautomationinc.com\/products-and-services\/","url":"https:\/\/ipautomationinc.com\/products-and-services\/","name":"Productos | Automatizaci\u00f3n IP Inc.","isPartOf":{"@id":"https:\/\/ipautomationinc.com\/#website"},"primaryImageOfPage":{"@id":"https:\/\/ipautomationinc.com\/products-and-services\/#primaryimage"},"image":{"@id":"https:\/\/ipautomationinc.com\/products-and-services\/#primaryimage"},"thumbnailUrl":"https:\/\/ipautomationinc.com\/wp-content\/uploads\/2022\/09\/i-S-rgb-1.png","datePublished":"2017-10-27T22:09:03+00:00","dateModified":"2026-04-06T16:08:32+00:00","description":"Obtenga m\u00e1s informaci\u00f3n sobre nuestros productos para doblar alambre, incluidas m\u00e1quinas dobladoras de alambre, accesorios y ejemplos de celdas de automatizaci\u00f3n.","inLanguage":"es","potentialAction":[{"@type":"ReadAction","target":["https:\/\/ipautomationinc.com\/products-and-services\/"]}]},{"@type":"ImageObject","inLanguage":"es","@id":"https:\/\/ipautomationinc.com\/products-and-services\/#primaryimage","url":"https:\/\/ipautomationinc.com\/wp-content\/uploads\/2022\/09\/i-S-rgb-1.png","contentUrl":"https:\/\/ipautomationinc.com\/wp-content\/uploads\/2022\/09\/i-S-rgb-1.png"},{"@type":"WebSite","@id":"https:\/\/ipautomationinc.com\/#website","url":"https:\/\/ipautomationinc.com\/","name":"IP Automation Inc","description":"Concepto... Creaci\u00f3n... Realidad...","publisher":{"@id":"https:\/\/ipautomationinc.com\/#organization"},"potentialAction":[{"@type":"SearchAction","target":{"@type":"EntryPoint","urlTemplate":"https:\/\/ipautomationinc.com\/?s={search_term_string}"},"query-input":{"@type":"PropertyValueSpecification","valueRequired":true,"valueName":"search_term_string"}}],"inLanguage":"es"},{"@type":"Organization","@id":"https:\/\/ipautomationinc.com\/#organization","name":"IP Automation Inc","url":"https:\/\/ipautomationinc.com\/","logo":{"@type":"ImageObject","inLanguage":"es","@id":"https:\/\/ipautomationinc.com\/#\/schema\/logo\/image\/","url":"https:\/\/ipautomationinc.com\/wp-content\/uploads\/2022\/05\/IPA-Favicon.png","contentUrl":"https:\/\/ipautomationinc.com\/wp-content\/uploads\/2022\/05\/IPA-Favicon.png","width":513,"height":513,"caption":"IP Automation Inc"},"image":{"@id":"https:\/\/ipautomationinc.com\/#\/schema\/logo\/image\/"},"sameAs":["https:\/\/www.facebook.com\/ipautomationinc\/","https:\/\/www.linkedin.com\/company\/ip-automation-inc\/","https:\/\/www.youtube.com\/@IPAutomation"]}]}},"_links":{"self":[{"href":"https:\/\/ipautomationinc.com\/es\/wp-json\/wp\/v2\/pages\/106","targetHints":{"allow":["GET"]}}],"collection":[{"href":"https:\/\/ipautomationinc.com\/es\/wp-json\/wp\/v2\/pages"}],"about":[{"href":"https:\/\/ipautomationinc.com\/es\/wp-json\/wp\/v2\/types\/page"}],"author":[{"embeddable":true,"href":"https:\/\/ipautomationinc.com\/es\/wp-json\/wp\/v2\/users\/3"}],"replies":[{"embeddable":true,"href":"https:\/\/ipautomationinc.com\/es\/wp-json\/wp\/v2\/comments?post=106"}],"version-history":[{"count":1,"href":"https:\/\/ipautomationinc.com\/es\/wp-json\/wp\/v2\/pages\/106\/revisions"}],"predecessor-version":[{"id":38049,"href":"https:\/\/ipautomationinc.com\/es\/wp-json\/wp\/v2\/pages\/106\/revisions\/38049"}],"wp:attachment":[{"href":"https:\/\/ipautomationinc.com\/es\/wp-json\/wp\/v2\/media?parent=106"}],"curies":[{"name":"Gracias","href":"https:\/\/api.w.org\/{rel}","templated":true}]}}