{"id":78,"date":"2015-06-25T08:33:17","date_gmt":"2015-06-25T13:33:17","guid":{"rendered":"http:\/\/themes.muffingroup.com\/be\/agro\/?page_id=2"},"modified":"2026-03-25T17:02:41","modified_gmt":"2026-03-25T22:02:41","slug":"heim","status":"publish","type":"page","link":"https:\/\/ipautomationinc.com\/de\/","title":{"rendered":"Heim"},"content":{"rendered":"<h6 class=\"wp-block-heading\"><strong>IP Automation entwickelt und fertigt eine breite Palette leistungsstarker CNC-Drahtbiegemaschinen mit modernster Servo- und Programmiertechnologie. Unsere einzigartige interne Integrationsf\u00e4higkeit schafft eine komplette Lean-L\u00f6sung f\u00fcr den \u201eSingle-Piece-Flow\u201c durch mehrere Vorg\u00e4nge und steigert die Effizienz Ihres Betriebs. Wir sind bestrebt, unseren Kunden den branchenweit h\u00f6chsten Grad an reaktionsschnellem Service und Support zu bieten.<\/strong><\/h6>\n\n\n\n<p><span class=\"builder2seo\"><\/span>autoplay=1&amp;muted=1&amp;loop=1&amp;autopause=0&amp;controls=0<br>einblenden<br><br><img decoding=\"async\" src=\"https:\/\/ipautomationinc.com\/wp-content\/uploads\/2022\/05\/text-logo-01.png\" alt=\"Textlogo\"><br>Hide-Tablet Hide-Mobile<br><br><p>IP Automation entwickelt und fertigt eine breite Palette leistungsstarker CNC-Drahtbiegemaschinen mit modernster Servo- und Programmiertechnologie. Unsere einzigartige interne Integrationsf\u00e4higkeit schafft eine komplette Lean-L\u00f6sung f\u00fcr den \u201eEinzelst\u00fcckfluss\u201c durch mehrere Vorg\u00e4nge und steigert die Effizienz Ihres Betriebs.<\/p><br><br><p>Wir sind bestrebt, unseren Kunden den branchenweit h\u00f6chsten Grad an reaktionsschnellem Service und Support zu bieten.<\/p><br>#222222<br><br>\u00dcber uns<br><a href=\"https:\/\/ipautomationinc.com\/de\/uber-uns\/\">https:\/\/ipautomationinc.com\/about-us\/<\/a><br><br>Alle CNC-Drahtbiegemaschinen<br><img decoding=\"async\" src=\"https:\/\/ipautomationinc.com\/wp-content\/uploads\/2023\/02\/i8-S-RGB-1.png#11263\" alt=\"i8-S RGB\"><br><a href=\"https:\/\/ipautomationinc.com\/de\/drahtformer\/\">https:\/\/ipautomationinc.com\/wire-formers\/<\/a><br>Icon-Skala<br>72%<br><br>Zubeh\u00f6r<br>Symbollampe<br><img decoding=\"async\" src=\"https:\/\/ipautomationinc.com\/wp-content\/uploads\/2025\/06\/iBW-45.png#37717\" alt=\"iBW-45\"><br><a href=\"https:\/\/ipautomationinc.com\/de\/zubehor\/\">https:\/\/ipautomationinc.com\/accessories\/<\/a><br>Icon-Skala<br>55%<br><br>Automatisierungszellen<br>Symbollampe<br><img decoding=\"async\" src=\"https:\/\/ipautomationinc.com\/wp-content\/uploads\/2022\/11\/automation-cell-composite.png#1769\" alt=\"Automatisierungszellenverbund\"><br><a href=\"https:\/\/ipautomationinc.com\/de\/automatisierungszellen\/\">https:\/\/ipautomationinc.com\/automationcells\/<\/a><br>Icon-Skala<br>140%<br><br><br>Kommende Messen<br><br><img decoding=\"async\" src=\"https:\/\/ipautomationinc.com\/wp-content\/uploads\/2023\/07\/dusseldorf-wire-logo-e1710443108484.jpg#24542\" alt=\"D\u00fcsseldorfer Wire-Logo\"><br><a href=\"https:\/\/www.wire-tradefair.com\/\">https:\/\/www.wire-tradefair.com\/<\/a><br><br><h4>13. bis 17. April 2026<\/h4><br><br><p><span>Wire D\u00fcsseldorf<span>D\u00fcsseldorf, Deutschland<\/span><\/span><\/p><br>#525252<br><br><br>IP Automation Inc<br><br><h4>400 E Fullerton Ave, Carol Stream, IL60188<\/h4><br>\u00dcberschrift + Abstieg<br>no-repeat;links oben;;<br>Auto<br><br>Anruf: (630)-656-1215<br>Symbol-Telefon-1<br>Ende<br><a href=\"tel:6306561215\">tel:6306561215<\/a><br>25 Pixel<br><br>E-Mail: sales@ipautomationinc.com<br>Symbol-E-Mail<br>Ende<br><a href=\"mailto:sales@ipautomationinc.com\">mailto:sales@ipautomationinc.com<\/a><br>25 Pixel<br><br>Kontaktdetails<br><a href=\"https:\/\/ipautomationinc.com\/de\/kontaktiere-uns\/\">https:\/\/ipautomationinc.com\/contact-us\/<\/a><br>icon-forward<br><br><br><hr class=\"no_line\" style=\"margin: 0 auto 0px auto\"\/>\n<br><br><h4>5220 Thatcher Road,Downers Grove, IL60515<\/h4><br>\u00dcberschrift + Abstieg<br>no-repeat;links oben;;<br>Auto<br><br><h5><hr class=\"no_line\" style=\"margin: 0 auto 0px auto\"\/>\n <hr class=\"no_line\" style=\"margin: 0 auto 0px auto\"\/>\n<\/h5><br><br><h5><i class=\"\" style=\"\" aria-hidden=\"true\"><\/i> <a href=\"tel:6306561215\">(630)-656-1215<\/a><\/h5><br>\u00dcberschrift + Abstieg<br>no-repeat;links oben;;<br>Auto<br><br><h5><i class=\"\" style=\"\" aria-hidden=\"true\"><\/i> <a href=\"mailto:sales@ipautomaitoninc.com\">sales@ipautomationinc.com<\/a><\/h5><br>\u00dcberschrift + Abstieg<br>no-repeat;links oben;;<br>Auto<br><br>Kontaktdetails<br><a href=\"https:\/\/ipautomationinc.com\/de\/kontaktiere-uns\/\">https:\/\/ipautomationinc.com\/contact-us\/<\/a><br>icon-forward<br><br><\/p>","protected":false},"excerpt":{"rendered":"<p>IP Automation designs and manufactures a wide line of high-performance CNC wire bending machines using the latest servo and programming<span class=\"excerpt-hellip\"> [\u2026]<\/span><\/p>\n","protected":false},"author":3,"featured_media":0,"parent":0,"menu_order":0,"comment_status":"open","ping_status":"closed","template":"","meta":{"footnotes":""},"class_list":["post-78","page","type-page","status-publish","hentry"],"yoast_head":"<!-- This site is optimized with the Yoast SEO plugin v27.3 - https:\/\/yoast.com\/product\/yoast-seo-wordpress\/ -->\n<title>Home | IP Automation Inc<\/title>\n<meta name=\"description\" content=\"IP Automation designs and manufactures a wide line of high-performance CNC wire bending machines using the latest servo and programming technology.\" \/>\n<meta name=\"robots\" content=\"index, follow, max-snippet:-1, max-image-preview:large, max-video-preview:-1\" \/>\n<link rel=\"canonical\" href=\"https:\/\/ipautomationinc.com\/de\/\" \/>\n<meta property=\"og:locale\" content=\"de_DE\" \/>\n<meta property=\"og:type\" content=\"article\" \/>\n<meta property=\"og:title\" content=\"Home | IP Automation Inc\" \/>\n<meta property=\"og:description\" content=\"IP Automation designs and manufactures a wide line of high-performance CNC wire bending machines using the latest servo and programming technology.\" \/>\n<meta property=\"og:url\" content=\"https:\/\/ipautomationinc.com\/de\/\" \/>\n<meta property=\"og:site_name\" content=\"IP Automation Inc\" \/>\n<meta property=\"article:publisher\" content=\"https:\/\/www.facebook.com\/ipautomationinc\/\" \/>\n<meta property=\"article:modified_time\" content=\"2026-03-25T22:02:41+00:00\" \/>\n<meta property=\"og:image\" content=\"https:\/\/ipautomationinc.com\/wp-content\/uploads\/2022\/05\/text-logo-01.png\" \/>\n<script type=\"application\/ld+json\" class=\"yoast-schema-graph\">{\"@context\":\"https:\\\/\\\/schema.org\",\"@graph\":[{\"@type\":\"WebPage\",\"@id\":\"https:\\\/\\\/ipautomationinc.com\\\/\",\"url\":\"https:\\\/\\\/ipautomationinc.com\\\/\",\"name\":\"Home | IP Automation Inc\",\"isPartOf\":{\"@id\":\"https:\\\/\\\/ipautomationinc.com\\\/#website\"},\"primaryImageOfPage\":{\"@id\":\"https:\\\/\\\/ipautomationinc.com\\\/#primaryimage\"},\"image\":{\"@id\":\"https:\\\/\\\/ipautomationinc.com\\\/#primaryimage\"},\"thumbnailUrl\":\"https:\\\/\\\/ipautomationinc.com\\\/wp-content\\\/uploads\\\/2022\\\/05\\\/text-logo-01.png\",\"datePublished\":\"2015-06-25T13:33:17+00:00\",\"dateModified\":\"2026-03-25T22:02:41+00:00\",\"description\":\"IP Automation designs and manufactures a wide line of high-performance CNC wire bending machines using the latest servo and programming technology.\",\"inLanguage\":\"de\",\"potentialAction\":[{\"@type\":\"ReadAction\",\"target\":[\"https:\\\/\\\/ipautomationinc.com\\\/\"]}]},{\"@type\":\"ImageObject\",\"inLanguage\":\"de\",\"@id\":\"https:\\\/\\\/ipautomationinc.com\\\/#primaryimage\",\"url\":\"https:\\\/\\\/ipautomationinc.com\\\/wp-content\\\/uploads\\\/2022\\\/05\\\/text-logo-01.png\",\"contentUrl\":\"https:\\\/\\\/ipautomationinc.com\\\/wp-content\\\/uploads\\\/2022\\\/05\\\/text-logo-01.png\"},{\"@type\":\"WebSite\",\"@id\":\"https:\\\/\\\/ipautomationinc.com\\\/#website\",\"url\":\"https:\\\/\\\/ipautomationinc.com\\\/\",\"name\":\"IP Automation Inc\",\"description\":\"Concept... Creation... Reality...\",\"publisher\":{\"@id\":\"https:\\\/\\\/ipautomationinc.com\\\/#organization\"},\"potentialAction\":[{\"@type\":\"SearchAction\",\"target\":{\"@type\":\"EntryPoint\",\"urlTemplate\":\"https:\\\/\\\/ipautomationinc.com\\\/?s={search_term_string}\"},\"query-input\":{\"@type\":\"PropertyValueSpecification\",\"valueRequired\":true,\"valueName\":\"search_term_string\"}}],\"inLanguage\":\"de\"},{\"@type\":\"Organization\",\"@id\":\"https:\\\/\\\/ipautomationinc.com\\\/#organization\",\"name\":\"IP Automation Inc\",\"url\":\"https:\\\/\\\/ipautomationinc.com\\\/\",\"logo\":{\"@type\":\"ImageObject\",\"inLanguage\":\"de\",\"@id\":\"https:\\\/\\\/ipautomationinc.com\\\/#\\\/schema\\\/logo\\\/image\\\/\",\"url\":\"https:\\\/\\\/ipautomationinc.com\\\/wp-content\\\/uploads\\\/2022\\\/05\\\/IPA-Favicon.png\",\"contentUrl\":\"https:\\\/\\\/ipautomationinc.com\\\/wp-content\\\/uploads\\\/2022\\\/05\\\/IPA-Favicon.png\",\"width\":513,\"height\":513,\"caption\":\"IP Automation Inc\"},\"image\":{\"@id\":\"https:\\\/\\\/ipautomationinc.com\\\/#\\\/schema\\\/logo\\\/image\\\/\"},\"sameAs\":[\"https:\\\/\\\/www.facebook.com\\\/ipautomationinc\\\/\",\"https:\\\/\\\/www.linkedin.com\\\/company\\\/ip-automation-inc\\\/\",\"https:\\\/\\\/www.youtube.com\\\/@IPAutomation\"]}]}<\/script>\n<!-- \/ Yoast SEO plugin. -->","yoast_head_json":{"title":"Startseite | IP Automation Inc","description":"IP Automation entwickelt und fertigt eine breite Palette leistungsstarker CNC-Drahtbiegemaschinen mit modernster Servo- und Programmiertechnologie.","robots":{"index":"index","follow":"follow","max-snippet":"max-snippet:-1","max-image-preview":"max-image-preview:large","max-video-preview":"max-video-preview:-1"},"canonical":"https:\/\/ipautomationinc.com\/de\/","og_locale":"de_DE","og_type":"article","og_title":"Home | IP Automation Inc","og_description":"IP Automation designs and manufactures a wide line of high-performance CNC wire bending machines using the latest servo and programming technology.","og_url":"https:\/\/ipautomationinc.com\/de\/","og_site_name":"IP Automation Inc","article_publisher":"https:\/\/www.facebook.com\/ipautomationinc\/","article_modified_time":"2026-03-25T22:02:41+00:00","og_image":[{"url":"https:\/\/ipautomationinc.com\/wp-content\/uploads\/2022\/05\/text-logo-01.png","type":"","width":"","height":""}],"schema":{"@context":"https:\/\/schema.org","@graph":[{"@type":"WebPage","@id":"https:\/\/ipautomationinc.com\/","url":"https:\/\/ipautomationinc.com\/","name":"Startseite | IP Automation Inc","isPartOf":{"@id":"https:\/\/ipautomationinc.com\/#website"},"primaryImageOfPage":{"@id":"https:\/\/ipautomationinc.com\/#primaryimage"},"image":{"@id":"https:\/\/ipautomationinc.com\/#primaryimage"},"thumbnailUrl":"https:\/\/ipautomationinc.com\/wp-content\/uploads\/2022\/05\/text-logo-01.png","datePublished":"2015-06-25T13:33:17+00:00","dateModified":"2026-03-25T22:02:41+00:00","description":"IP Automation entwickelt und fertigt eine breite Palette leistungsstarker CNC-Drahtbiegemaschinen mit modernster Servo- und Programmiertechnologie.","inLanguage":"de","potentialAction":[{"@type":"ReadAction","target":["https:\/\/ipautomationinc.com\/"]}]},{"@type":"ImageObject","inLanguage":"de","@id":"https:\/\/ipautomationinc.com\/#primaryimage","url":"https:\/\/ipautomationinc.com\/wp-content\/uploads\/2022\/05\/text-logo-01.png","contentUrl":"https:\/\/ipautomationinc.com\/wp-content\/uploads\/2022\/05\/text-logo-01.png"},{"@type":"WebSite","@id":"https:\/\/ipautomationinc.com\/#website","url":"https:\/\/ipautomationinc.com\/","name":"IP Automation Inc","description":"Konzept... Kreation... Realit\u00e4t...","publisher":{"@id":"https:\/\/ipautomationinc.com\/#organization"},"potentialAction":[{"@type":"SearchAction","target":{"@type":"EntryPoint","urlTemplate":"https:\/\/ipautomationinc.com\/?s={search_term_string}"},"query-input":{"@type":"PropertyValueSpecification","valueRequired":true,"valueName":"search_term_string"}}],"inLanguage":"de"},{"@type":"Organization","@id":"https:\/\/ipautomationinc.com\/#organization","name":"IP Automation Inc","url":"https:\/\/ipautomationinc.com\/","logo":{"@type":"ImageObject","inLanguage":"de","@id":"https:\/\/ipautomationinc.com\/#\/schema\/logo\/image\/","url":"https:\/\/ipautomationinc.com\/wp-content\/uploads\/2022\/05\/IPA-Favicon.png","contentUrl":"https:\/\/ipautomationinc.com\/wp-content\/uploads\/2022\/05\/IPA-Favicon.png","width":513,"height":513,"caption":"IP Automation Inc"},"image":{"@id":"https:\/\/ipautomationinc.com\/#\/schema\/logo\/image\/"},"sameAs":["https:\/\/www.facebook.com\/ipautomationinc\/","https:\/\/www.linkedin.com\/company\/ip-automation-inc\/","https:\/\/www.youtube.com\/@IPAutomation"]}]}},"_links":{"self":[{"href":"https:\/\/ipautomationinc.com\/de\/wp-json\/wp\/v2\/pages\/78","targetHints":{"allow":["GET"]}}],"collection":[{"href":"https:\/\/ipautomationinc.com\/de\/wp-json\/wp\/v2\/pages"}],"about":[{"href":"https:\/\/ipautomationinc.com\/de\/wp-json\/wp\/v2\/types\/page"}],"author":[{"embeddable":true,"href":"https:\/\/ipautomationinc.com\/de\/wp-json\/wp\/v2\/users\/3"}],"replies":[{"embeddable":true,"href":"https:\/\/ipautomationinc.com\/de\/wp-json\/wp\/v2\/comments?post=78"}],"version-history":[{"count":2,"href":"https:\/\/ipautomationinc.com\/de\/wp-json\/wp\/v2\/pages\/78\/revisions"}],"predecessor-version":[{"id":38245,"href":"https:\/\/ipautomationinc.com\/de\/wp-json\/wp\/v2\/pages\/78\/revisions\/38245"}],"wp:attachment":[{"href":"https:\/\/ipautomationinc.com\/de\/wp-json\/wp\/v2\/media?parent=78"}],"curies":[{"name":"wp","href":"https:\/\/api.w.org\/{rel}","templated":true}]}}