{"id":7745,"date":"2023-01-17T15:10:56","date_gmt":"2023-01-17T21:10:56","guid":{"rendered":"https:\/\/ipautomationinc.com\/?page_id=7745"},"modified":"2025-10-31T09:58:01","modified_gmt":"2025-10-31T14:58:01","slug":"zubehor","status":"publish","type":"page","link":"https:\/\/ipautomationinc.com\/de\/accessories\/","title":{"rendered":"Zubeh\u00f6r"},"content":{"rendered":"<h6 class=\"wp-block-heading\"><strong>Klicken Sie auf ein beliebiges Zubeh\u00f6r, um weitere Produktinformationen zu erhalten. Roboterintegration, Bearbeitung, Schwei\u00dfen. Intelligente Roboterl\u00f6sungen er\u00f6ffnen eine neue Welt wertsch\u00f6pfender Prozesse ohne zus\u00e4tzliche Arbeitskosten.<\/strong> <strong>Der iFM-10-4 und der iFM-13-4 sind ein innovativer Durchbruch f\u00fcr sekund\u00e4re Drahtformbearbeitungen wie Anfasen, Durchmesserreduzieren, Gewindeschneiden, Fr\u00e4sen und Querlochbohren<\/strong>. <strong>Schwei\u00dfvorg\u00e4nge k\u00f6nnen problemlos in Ihren Drahtformvorgang integriert werden \u2013 so entfallen Arbeitskosten und Prozessabweichungen. IP Automation bietet vollautomatische L\u00f6sungen f\u00fcr die g\u00e4ngigsten Anforderungen der Branche.<\/strong><\/h6>\n\n\n\n<p><span class=\"builder2seo\"><\/span>Zubeh\u00f6r<br><br><br>Klicken Sie auf ein beliebiges Zubeh\u00f6r, um weitere Produktinformationen zu erhalten.<br><br>Roboterintegration<br><img decoding=\"async\" src=\"https:\/\/ipautomationinc.com\/wp-content\/uploads\/2022\/06\/machine-options_robot.png#1271\" alt=\"machine-options_robot\"><br><a href=\"https:\/\/ipautomationinc.com\/de\/zubehor\/robotik\/\">https:\/\/ipautomationinc.com\/accessories\/robotics\/<\/a><br>Kastenma\u00dfstab<br>70%<br>80%<br>60%<br><br>Bearbeitung<br><img decoding=\"async\" src=\"https:\/\/ipautomationinc.com\/wp-content\/uploads\/2023\/11\/ifm-icon-1.png#35422\" alt=\"ifm-Symbol\"><br><a href=\"https:\/\/ipautomationinc.com\/de\/zubehor\/bearbeitungszentrum\/\">https:\/\/ipautomationinc.com\/accessories\/machining-center\/<\/a><br>Kastenma\u00dfstab<br>70%<br>80%<br>60%<br><br>Schwei\u00dfen<br><img decoding=\"async\" src=\"https:\/\/ipautomationinc.com\/wp-content\/uploads\/2025\/08\/machine-options_iBW-45.png#38050\" alt=\"machine-options_iBW-45\"><br><a href=\"https:\/\/ipautomationinc.com\/de\/zubehor\/automatisierte-schweisgerate\/\">https:\/\/ipautomationinc.com\/accessories\/automated-welders\/<\/a><br>Kastenma\u00dfstab<br>70%<br>80%<br>60%<br><br>Crimppresse<br><img decoding=\"async\" src=\"https:\/\/ipautomationinc.com\/wp-content\/uploads\/2024\/08\/crimping-press-icon-crop.png#36758\" alt=\"Crimpen-Presse-Symbol zuschneiden\"><br><a href=\"https:\/\/ipautomationinc.com\/de\/zubehor\/crimppresse\/\">https:\/\/ipautomationinc.com\/accessories\/crimping-press\/<\/a><br>Kastenma\u00dfstab<br>70%<br>80%<br>60%<br><br>Inline-Anfasen<br><img decoding=\"async\" src=\"https:\/\/ipautomationinc.com\/wp-content\/uploads\/2024\/01\/internal-chamfer.png#35611\" alt=\"internal chamfer\"><br><a href=\"https:\/\/ipautomationinc.com\/de\/zubehor\/inline-fase\/\">https:\/\/ipautomationinc.com\/accessories\/in-line-chamfer\/<\/a><br>Kastenma\u00dfstab<br>70%<br>80%<br>60%<br><br>Fasen-\/Bohrstation<br><img decoding=\"async\" src=\"https:\/\/ipautomationinc.com\/wp-content\/uploads\/2024\/08\/chamfer-drill.png#36736\" alt=\"Fasenbohrer\"><br><a href=\"https:\/\/ipautomationinc.com\/de\/zubehor\/fasenbohrer\/\">https:\/\/ipautomationinc.com\/accessories\/chamfer-drill\/<\/a><br>Kastenma\u00dfstab<br>70%<br>80%<br>60%<br><br>Presses<br><img decoding=\"async\" src=\"https:\/\/ipautomationinc.com\/wp-content\/uploads\/2024\/01\/crimping-press-icon.png#35637\" alt=\"\"><br><a href=\"https:\/\/ipautomationinc.com\/de\/zubehor\/crimppresse\/\">https:\/\/ipautomationinc.com\/accessories\/crimping-press\/<\/a><br>Kastenma\u00dfstab<br>70%<br>80%<br>60%<br><br>Parts Handling<br><img decoding=\"async\" src=\"https:\/\/ipautomationinc.com\/wp-content\/uploads\/2022\/06\/machine-options_rack-option.png#1323\" alt=\"machine-options_rack-option\"><br><a href=\"https:\/\/ipautomationinc.com\/de\/zubehor\/robotik\/\">https:\/\/ipautomationinc.com\/accessories\/robotics\/<\/a><br>Kastenma\u00dfstab<br>70%<br>80%<br>60%<br><br><\/p>","protected":false},"excerpt":{"rendered":"<p>Click on any accessory for more product information. Robotic Integration, Machining, Welding. Intellimate robotic solutions open a new world of<span class=\"excerpt-hellip\"> [\u2026]<\/span><\/p>\n","protected":false},"author":3,"featured_media":0,"parent":0,"menu_order":0,"comment_status":"closed","ping_status":"closed","template":"","meta":{"footnotes":""},"class_list":["post-7745","page","type-page","status-publish","hentry"],"yoast_head":"<!-- This site is optimized with the Yoast SEO plugin v27.3 - https:\/\/yoast.com\/product\/yoast-seo-wordpress\/ -->\n<title>Accessories | IP Automation Inc<\/title>\n<meta name=\"description\" content=\"Discover all the accessories IP Automation has to offer. From welding to secondary forming processes, we have a solution for you.\" \/>\n<meta name=\"robots\" content=\"index, follow, max-snippet:-1, max-image-preview:large, max-video-preview:-1\" \/>\n<link rel=\"canonical\" href=\"https:\/\/ipautomationinc.com\/de\/zubehor\/\" \/>\n<meta property=\"og:locale\" content=\"de_DE\" \/>\n<meta property=\"og:type\" content=\"article\" \/>\n<meta property=\"og:title\" content=\"Accessories | IP Automation Inc\" \/>\n<meta property=\"og:description\" content=\"Discover all the accessories IP Automation has to offer. From welding to secondary forming processes, we have a solution for you.\" \/>\n<meta property=\"og:url\" content=\"https:\/\/ipautomationinc.com\/de\/zubehor\/\" \/>\n<meta property=\"og:site_name\" content=\"IP Automation Inc\" \/>\n<meta property=\"article:publisher\" content=\"https:\/\/www.facebook.com\/ipautomationinc\/\" \/>\n<meta property=\"article:modified_time\" content=\"2025-10-31T14:58:01+00:00\" \/>\n<meta property=\"og:image\" content=\"https:\/\/ipautomationinc.com\/wp-content\/uploads\/2022\/06\/machine-options_robot.png#1271\" \/>\n<script type=\"application\/ld+json\" class=\"yoast-schema-graph\">{\"@context\":\"https:\\\/\\\/schema.org\",\"@graph\":[{\"@type\":\"WebPage\",\"@id\":\"https:\\\/\\\/ipautomationinc.com\\\/accessories\\\/\",\"url\":\"https:\\\/\\\/ipautomationinc.com\\\/accessories\\\/\",\"name\":\"Accessories | IP Automation Inc\",\"isPartOf\":{\"@id\":\"https:\\\/\\\/ipautomationinc.com\\\/#website\"},\"primaryImageOfPage\":{\"@id\":\"https:\\\/\\\/ipautomationinc.com\\\/accessories\\\/#primaryimage\"},\"image\":{\"@id\":\"https:\\\/\\\/ipautomationinc.com\\\/accessories\\\/#primaryimage\"},\"thumbnailUrl\":\"https:\\\/\\\/ipautomationinc.com\\\/wp-content\\\/uploads\\\/2022\\\/06\\\/machine-options_robot.png#1271\",\"datePublished\":\"2023-01-17T21:10:56+00:00\",\"dateModified\":\"2025-10-31T14:58:01+00:00\",\"description\":\"Discover all the accessories IP Automation has to offer. From welding to secondary forming processes, we have a solution for you.\",\"inLanguage\":\"de\",\"potentialAction\":[{\"@type\":\"ReadAction\",\"target\":[\"https:\\\/\\\/ipautomationinc.com\\\/accessories\\\/\"]}]},{\"@type\":\"ImageObject\",\"inLanguage\":\"de\",\"@id\":\"https:\\\/\\\/ipautomationinc.com\\\/accessories\\\/#primaryimage\",\"url\":\"https:\\\/\\\/ipautomationinc.com\\\/wp-content\\\/uploads\\\/2022\\\/06\\\/machine-options_robot.png#1271\",\"contentUrl\":\"https:\\\/\\\/ipautomationinc.com\\\/wp-content\\\/uploads\\\/2022\\\/06\\\/machine-options_robot.png#1271\"},{\"@type\":\"WebSite\",\"@id\":\"https:\\\/\\\/ipautomationinc.com\\\/#website\",\"url\":\"https:\\\/\\\/ipautomationinc.com\\\/\",\"name\":\"IP Automation Inc\",\"description\":\"Concept... Creation... Reality...\",\"publisher\":{\"@id\":\"https:\\\/\\\/ipautomationinc.com\\\/#organization\"},\"potentialAction\":[{\"@type\":\"SearchAction\",\"target\":{\"@type\":\"EntryPoint\",\"urlTemplate\":\"https:\\\/\\\/ipautomationinc.com\\\/?s={search_term_string}\"},\"query-input\":{\"@type\":\"PropertyValueSpecification\",\"valueRequired\":true,\"valueName\":\"search_term_string\"}}],\"inLanguage\":\"de\"},{\"@type\":\"Organization\",\"@id\":\"https:\\\/\\\/ipautomationinc.com\\\/#organization\",\"name\":\"IP Automation Inc\",\"url\":\"https:\\\/\\\/ipautomationinc.com\\\/\",\"logo\":{\"@type\":\"ImageObject\",\"inLanguage\":\"de\",\"@id\":\"https:\\\/\\\/ipautomationinc.com\\\/#\\\/schema\\\/logo\\\/image\\\/\",\"url\":\"https:\\\/\\\/ipautomationinc.com\\\/wp-content\\\/uploads\\\/2022\\\/05\\\/IPA-Favicon.png\",\"contentUrl\":\"https:\\\/\\\/ipautomationinc.com\\\/wp-content\\\/uploads\\\/2022\\\/05\\\/IPA-Favicon.png\",\"width\":513,\"height\":513,\"caption\":\"IP Automation Inc\"},\"image\":{\"@id\":\"https:\\\/\\\/ipautomationinc.com\\\/#\\\/schema\\\/logo\\\/image\\\/\"},\"sameAs\":[\"https:\\\/\\\/www.facebook.com\\\/ipautomationinc\\\/\",\"https:\\\/\\\/www.linkedin.com\\\/company\\\/ip-automation-inc\\\/\",\"https:\\\/\\\/www.youtube.com\\\/@IPAutomation\"]}]}<\/script>\n<!-- \/ Yoast SEO plugin. -->","yoast_head_json":{"title":"Zubeh\u00f6r | IP Automation Inc","description":"Entdecken Sie das gesamte Zubeh\u00f6r von IP Automation. Vom Schwei\u00dfen bis zum sekund\u00e4ren Umformverfahren haben wir eine L\u00f6sung f\u00fcr Sie.","robots":{"index":"index","follow":"follow","max-snippet":"max-snippet:-1","max-image-preview":"max-image-preview:large","max-video-preview":"max-video-preview:-1"},"canonical":"https:\/\/ipautomationinc.com\/de\/zubehor\/","og_locale":"de_DE","og_type":"article","og_title":"Accessories | IP Automation Inc","og_description":"Discover all the accessories IP Automation has to offer. From welding to secondary forming processes, we have a solution for you.","og_url":"https:\/\/ipautomationinc.com\/de\/zubehor\/","og_site_name":"IP Automation Inc","article_publisher":"https:\/\/www.facebook.com\/ipautomationinc\/","article_modified_time":"2025-10-31T14:58:01+00:00","og_image":[{"url":"https:\/\/ipautomationinc.com\/wp-content\/uploads\/2022\/06\/machine-options_robot.png#1271","type":"","width":"","height":""}],"schema":{"@context":"https:\/\/schema.org","@graph":[{"@type":"WebPage","@id":"https:\/\/ipautomationinc.com\/accessories\/","url":"https:\/\/ipautomationinc.com\/accessories\/","name":"Zubeh\u00f6r | IP Automation Inc","isPartOf":{"@id":"https:\/\/ipautomationinc.com\/#website"},"primaryImageOfPage":{"@id":"https:\/\/ipautomationinc.com\/accessories\/#primaryimage"},"image":{"@id":"https:\/\/ipautomationinc.com\/accessories\/#primaryimage"},"thumbnailUrl":"https:\/\/ipautomationinc.com\/wp-content\/uploads\/2022\/06\/machine-options_robot.png#1271","datePublished":"2023-01-17T21:10:56+00:00","dateModified":"2025-10-31T14:58:01+00:00","description":"Entdecken Sie das gesamte Zubeh\u00f6r von IP Automation. Vom Schwei\u00dfen bis zum sekund\u00e4ren Umformverfahren haben wir eine L\u00f6sung f\u00fcr Sie.","inLanguage":"de","potentialAction":[{"@type":"ReadAction","target":["https:\/\/ipautomationinc.com\/accessories\/"]}]},{"@type":"ImageObject","inLanguage":"de","@id":"https:\/\/ipautomationinc.com\/accessories\/#primaryimage","url":"https:\/\/ipautomationinc.com\/wp-content\/uploads\/2022\/06\/machine-options_robot.png#1271","contentUrl":"https:\/\/ipautomationinc.com\/wp-content\/uploads\/2022\/06\/machine-options_robot.png#1271"},{"@type":"WebSite","@id":"https:\/\/ipautomationinc.com\/#website","url":"https:\/\/ipautomationinc.com\/","name":"IP Automation Inc","description":"Konzept... Kreation... Realit\u00e4t...","publisher":{"@id":"https:\/\/ipautomationinc.com\/#organization"},"potentialAction":[{"@type":"SearchAction","target":{"@type":"EntryPoint","urlTemplate":"https:\/\/ipautomationinc.com\/?s={search_term_string}"},"query-input":{"@type":"PropertyValueSpecification","valueRequired":true,"valueName":"search_term_string"}}],"inLanguage":"de"},{"@type":"Organization","@id":"https:\/\/ipautomationinc.com\/#organization","name":"IP Automation Inc","url":"https:\/\/ipautomationinc.com\/","logo":{"@type":"ImageObject","inLanguage":"de","@id":"https:\/\/ipautomationinc.com\/#\/schema\/logo\/image\/","url":"https:\/\/ipautomationinc.com\/wp-content\/uploads\/2022\/05\/IPA-Favicon.png","contentUrl":"https:\/\/ipautomationinc.com\/wp-content\/uploads\/2022\/05\/IPA-Favicon.png","width":513,"height":513,"caption":"IP Automation Inc"},"image":{"@id":"https:\/\/ipautomationinc.com\/#\/schema\/logo\/image\/"},"sameAs":["https:\/\/www.facebook.com\/ipautomationinc\/","https:\/\/www.linkedin.com\/company\/ip-automation-inc\/","https:\/\/www.youtube.com\/@IPAutomation"]}]}},"_links":{"self":[{"href":"https:\/\/ipautomationinc.com\/de\/wp-json\/wp\/v2\/pages\/7745","targetHints":{"allow":["GET"]}}],"collection":[{"href":"https:\/\/ipautomationinc.com\/de\/wp-json\/wp\/v2\/pages"}],"about":[{"href":"https:\/\/ipautomationinc.com\/de\/wp-json\/wp\/v2\/types\/page"}],"author":[{"embeddable":true,"href":"https:\/\/ipautomationinc.com\/de\/wp-json\/wp\/v2\/users\/3"}],"replies":[{"embeddable":true,"href":"https:\/\/ipautomationinc.com\/de\/wp-json\/wp\/v2\/comments?post=7745"}],"version-history":[{"count":2,"href":"https:\/\/ipautomationinc.com\/de\/wp-json\/wp\/v2\/pages\/7745\/revisions"}],"predecessor-version":[{"id":38517,"href":"https:\/\/ipautomationinc.com\/de\/wp-json\/wp\/v2\/pages\/7745\/revisions\/38517"}],"wp:attachment":[{"href":"https:\/\/ipautomationinc.com\/de\/wp-json\/wp\/v2\/media?parent=7745"}],"curies":[{"name":"wp","href":"https:\/\/api.w.org\/{rel}","templated":true}]}}