{"id":6172,"date":"2023-01-17T11:16:28","date_gmt":"2023-01-17T17:16:28","guid":{"rendered":"https:\/\/ipautomationinc.com\/?page_id=6172"},"modified":"2025-08-11T10:35:21","modified_gmt":"2025-08-11T15:35:21","slug":"automatisierte-schweisgerate","status":"publish","type":"page","link":"https:\/\/ipautomationinc.com\/de\/accessories\/automated-welders\/","title":{"rendered":"Automatisierte Schwei\u00dfger\u00e4te"},"content":{"rendered":"<h6 class=\"wp-block-heading\"><strong>Schwei\u00dfvorg\u00e4nge k\u00f6nnen problemlos in Ihren Drahtformvorgang integriert werden \u2013 das reduziert Arbeitskosten und Prozessabweichungen. IP Automation bietet vollautomatische L\u00f6sungen f\u00fcr die g\u00e4ngigsten Anforderungen der Branche. Wir konstruieren und bauen Schwei\u00dfger\u00e4te speziell f\u00fcr Drahtformen und k\u00f6nnen andere Produktionsschwei\u00dfger\u00e4te integrieren. Unsere F\u00e4higkeiten und Erfahrungen bei der Integration von Roboterschwei\u00dfen bieten Ihnen eine zuverl\u00e4ssige und flexible L\u00f6sung f\u00fcr einen st\u00f6rungsfreien Betrieb.<\/strong><\/h6>\n\n\n\n<p>&gt;zur\u00fcck zum Zubeh\u00f6r<br>h2<br><a href=\"https:\/\/ipautomationinc.com\/de\/zubehor\/\">https:\/\/ipautomationinc.com\/accessories\/<\/a><br>Mitte Mitte<br>links<br>#949494<br>verstecken<br><br>Automatisierte Schwei\u00dfger\u00e4te<br>h1<br>Mitte Mitte<br>links<br>verstecken<br><br><h4>Schwei\u00dfvorg\u00e4nge k\u00f6nnen problemlos in Ihren Drahtformvorgang integriert werden \u2013 so entfallen Arbeitskosten und Prozessabweichungen. IP Automation bietet vollautomatische L\u00f6sungen f\u00fcr die g\u00e4ngigsten Anforderungen der Branche.<\/h4>\r<br><h4>Wir konstruieren und bauen Schwei\u00dfger\u00e4te speziell f\u00fcr Drahtformen und k\u00f6nnen andere Produktionsschwei\u00dfger\u00e4te integrieren. Unsere Kompetenz und Erfahrung bei der Roboterschwei\u00dfintegration bieten Ihnen eine zuverl\u00e4ssige und flexible L\u00f6sung f\u00fcr einen st\u00f6rungsfreien Betrieb.<\/h4><br>#000000<br>verstecken<br><br><img decoding=\"async\" src=\"https:\/\/ipautomationinc.com\/wp-content\/uploads\/2023\/08\/machine-options_BW-45.png#29270\" alt=\"Maschinenoptionen_BW-45\" \/><br>voll<br>enthalten<br>Mitte Mitte<br>verstecken<br><br>BW-45<br>h3<br>Mitte Mitte<br>Center<br>verstecken<br><br>Stumpfschwei\u00dfger\u00e4t und Gl\u00e4tteisen<br>h4<br>Mitte Mitte<br>Center<br>verstecken<br><br>Erfordert Roboterintegration<br>h5<br>Mitte Mitte<br>Center<br>verstecken<br><br><img decoding=\"async\" src=\"https:\/\/ipautomationinc.com\/wp-content\/uploads\/2023\/08\/machine-options_iBW-100.png#29271\" alt=\"Maschinenoptionen_iBW-100\" \/><br>voll<br>enthalten<br>Mitte Mitte<br>Center<br>verstecken<br><br>iBW-100<br>h3<br>Mitte Mitte<br>Center<br>verstecken<br><br>MFDC-Stumpfschwei\u00dfger\u00e4t<br>h4<br>Mitte Mitte<br>Center<br>verstecken<br><br><img decoding=\"async\" src=\"https:\/\/ipautomationinc.com\/wp-content\/uploads\/2022\/10\/45kw-butt-welder-e1673550910746.png\" alt=\"45 kW Stumpfschwei\u00dfger\u00e4t\" \/><br>voll<br>enthalten<br>Mitte Mitte<br>verstecken<br><br>ABW-45<br>h3<br>Mitte Mitte<br>Center<br>verstecken<br><br>Automatisches Stumpfschwei\u00dfger\u00e4t f\u00fcr 2D-Maschinen<br>h4<br>Mitte Mitte<br>Center<br>verstecken<br><br><img decoding=\"async\" src=\"https:\/\/ipautomationinc.com\/wp-content\/uploads\/2023\/01\/spot-welder.png\" alt=\"Punktschwei\u00dfger\u00e4t\" \/><br>voll<br>enthalten<br>Mitte Mitte<br>verstecken<br><br>Punktschwei\u00dfger\u00e4t<br>h3<br>Mitte Mitte<br>Center<br>verstecken<br><br>Roboterarm oder Kipphebel<br>h4<br>Mitte Mitte<br>Center<br>verstecken<br><br>40<br>verstecken<br><br>Medien<br>h3<br>Mitte Mitte<br>Center<br>verstecken<br><br>788795524<br>enthalten<br>Mitte Mitte<br>verstecken<br><br>40<br>verstecken<br><br>Merkmale<br>h3<br>Mitte Mitte<br>Center<br>verstecken<br><br>Hauptmerkmale<br>Einzelheiten<br>Ma\u00dfgeschneiderte L\u00f6sungen<br>\r<br>Automatisierte Ausrichtung und Komprimierung der Drahtenden\r<br>Widerstandsschwei\u00dfger\u00e4te mit einstellbaren Reglern\r<br>Einfach auszutauschende und anzupassende Elektroden\r<br>Die Stauchungsoption gl\u00e4ttet hei\u00dfe Schwei\u00dfn\u00e4hte f\u00fcr eine bessere \u00c4sthetik\r<br>Nahtlose Integration mit unseren Drahtbiegemaschinen\r<br>M\u00f6glichkeit zum Schwei\u00dfen von Stanzteilen mit Drahtformen\r<br><br>\r<br>Schwei\u00dfer ben\u00f6tigen Fl\u00fcssigkeitsk\u00fchlung \u2013 Schwei\u00dfk\u00fchler verf\u00fcgbar, wenn kein Anlagenk\u00fchler verf\u00fcgbar ist\r<br>AC- und DC-Optionen verf\u00fcgbar, 460-V-Standard\r<br>Bis zu 12 mm Durchmesser Kapazit\u00e4t\r<br>45KVA und mehr<br>\r<br>Werkzeuge zur Drahtbefestigung\r<br>Automatisierung des T-Schwei\u00dfens\r<br>Automatisierung des Nahtschwei\u00dfens\r<br>MIG, WIG, Laserschwei\u00dfen\r<br>Manuell beladene Roboterschwei\u00dfzelle f\u00fcr Drahtformen\r<br><br>Center<br>#EBEBEB<br>#222222<br>verstecken<br><br><\/p>","protected":false},"excerpt":{"rendered":"<p>Welding operations can easily be integrated into your wire forming operation &#8211; eliminating labor cost and process variation. IP Automation<span class=\"excerpt-hellip\"> [\u2026]<\/span><\/p>\n","protected":false},"author":3,"featured_media":0,"parent":7745,"menu_order":0,"comment_status":"closed","ping_status":"closed","template":"","meta":{"footnotes":""},"class_list":["post-6172","page","type-page","status-publish","hentry"],"yoast_head":"<!-- This site is optimized with the Yoast SEO plugin v27.3 - https:\/\/yoast.com\/product\/yoast-seo-wordpress\/ -->\n<title>Automated Welders | IP Automation Inc<\/title>\n<meta name=\"description\" content=\"Check out our various types of automated welders that can be easily integrated with your wire forming operation.\" \/>\n<meta name=\"robots\" content=\"index, follow, max-snippet:-1, max-image-preview:large, max-video-preview:-1\" \/>\n<link rel=\"canonical\" href=\"https:\/\/ipautomationinc.com\/de\/zubehor\/automatisierte-schweisgerate\/\" \/>\n<meta property=\"og:locale\" content=\"de_DE\" \/>\n<meta property=\"og:type\" content=\"article\" \/>\n<meta property=\"og:title\" content=\"Automated Welders | IP Automation Inc\" \/>\n<meta property=\"og:description\" content=\"Check out our various types of automated welders that can be easily integrated with your wire forming operation.\" \/>\n<meta property=\"og:url\" content=\"https:\/\/ipautomationinc.com\/de\/zubehor\/automatisierte-schweisgerate\/\" \/>\n<meta property=\"og:site_name\" content=\"IP Automation Inc\" \/>\n<meta property=\"article:publisher\" content=\"https:\/\/www.facebook.com\/ipautomationinc\/\" \/>\n<meta property=\"article:modified_time\" content=\"2025-08-11T15:35:21+00:00\" \/>\n<meta property=\"og:image\" content=\"https:\/\/ipautomationinc.com\/wp-content\/uploads\/2023\/08\/machine-options_BW-45.png#29270\" \/>\n<script type=\"application\/ld+json\" class=\"yoast-schema-graph\">{\"@context\":\"https:\\\/\\\/schema.org\",\"@graph\":[{\"@type\":\"WebPage\",\"@id\":\"https:\\\/\\\/ipautomationinc.com\\\/accessories\\\/automated-welders\\\/\",\"url\":\"https:\\\/\\\/ipautomationinc.com\\\/accessories\\\/automated-welders\\\/\",\"name\":\"Automated Welders | IP Automation Inc\",\"isPartOf\":{\"@id\":\"https:\\\/\\\/ipautomationinc.com\\\/#website\"},\"primaryImageOfPage\":{\"@id\":\"https:\\\/\\\/ipautomationinc.com\\\/accessories\\\/automated-welders\\\/#primaryimage\"},\"image\":{\"@id\":\"https:\\\/\\\/ipautomationinc.com\\\/accessories\\\/automated-welders\\\/#primaryimage\"},\"thumbnailUrl\":\"https:\\\/\\\/ipautomationinc.com\\\/wp-content\\\/uploads\\\/2023\\\/08\\\/machine-options_BW-45.png#29270\",\"datePublished\":\"2023-01-17T17:16:28+00:00\",\"dateModified\":\"2025-08-11T15:35:21+00:00\",\"description\":\"Check out our various types of automated welders that can be easily integrated with your wire forming operation.\",\"breadcrumb\":{\"@id\":\"https:\\\/\\\/ipautomationinc.com\\\/accessories\\\/automated-welders\\\/#breadcrumb\"},\"inLanguage\":\"de\",\"potentialAction\":[{\"@type\":\"ReadAction\",\"target\":[\"https:\\\/\\\/ipautomationinc.com\\\/accessories\\\/automated-welders\\\/\"]}]},{\"@type\":\"ImageObject\",\"inLanguage\":\"de\",\"@id\":\"https:\\\/\\\/ipautomationinc.com\\\/accessories\\\/automated-welders\\\/#primaryimage\",\"url\":\"https:\\\/\\\/ipautomationinc.com\\\/wp-content\\\/uploads\\\/2023\\\/08\\\/machine-options_BW-45.png#29270\",\"contentUrl\":\"https:\\\/\\\/ipautomationinc.com\\\/wp-content\\\/uploads\\\/2023\\\/08\\\/machine-options_BW-45.png#29270\"},{\"@type\":\"BreadcrumbList\",\"@id\":\"https:\\\/\\\/ipautomationinc.com\\\/accessories\\\/automated-welders\\\/#breadcrumb\",\"itemListElement\":[{\"@type\":\"ListItem\",\"position\":1,\"name\":\"Accessories\",\"item\":\"https:\\\/\\\/ipautomationinc.com\\\/accessories\\\/\"},{\"@type\":\"ListItem\",\"position\":2,\"name\":\"Automated Welders\"}]},{\"@type\":\"WebSite\",\"@id\":\"https:\\\/\\\/ipautomationinc.com\\\/#website\",\"url\":\"https:\\\/\\\/ipautomationinc.com\\\/\",\"name\":\"IP Automation Inc\",\"description\":\"Concept... Creation... Reality...\",\"publisher\":{\"@id\":\"https:\\\/\\\/ipautomationinc.com\\\/#organization\"},\"potentialAction\":[{\"@type\":\"SearchAction\",\"target\":{\"@type\":\"EntryPoint\",\"urlTemplate\":\"https:\\\/\\\/ipautomationinc.com\\\/?s={search_term_string}\"},\"query-input\":{\"@type\":\"PropertyValueSpecification\",\"valueRequired\":true,\"valueName\":\"search_term_string\"}}],\"inLanguage\":\"de\"},{\"@type\":\"Organization\",\"@id\":\"https:\\\/\\\/ipautomationinc.com\\\/#organization\",\"name\":\"IP Automation Inc\",\"url\":\"https:\\\/\\\/ipautomationinc.com\\\/\",\"logo\":{\"@type\":\"ImageObject\",\"inLanguage\":\"de\",\"@id\":\"https:\\\/\\\/ipautomationinc.com\\\/#\\\/schema\\\/logo\\\/image\\\/\",\"url\":\"https:\\\/\\\/ipautomationinc.com\\\/wp-content\\\/uploads\\\/2022\\\/05\\\/IPA-Favicon.png\",\"contentUrl\":\"https:\\\/\\\/ipautomationinc.com\\\/wp-content\\\/uploads\\\/2022\\\/05\\\/IPA-Favicon.png\",\"width\":513,\"height\":513,\"caption\":\"IP Automation Inc\"},\"image\":{\"@id\":\"https:\\\/\\\/ipautomationinc.com\\\/#\\\/schema\\\/logo\\\/image\\\/\"},\"sameAs\":[\"https:\\\/\\\/www.facebook.com\\\/ipautomationinc\\\/\",\"https:\\\/\\\/www.linkedin.com\\\/company\\\/ip-automation-inc\\\/\",\"https:\\\/\\\/www.youtube.com\\\/@IPAutomation\"]}]}<\/script>\n<!-- \/ Yoast SEO plugin. -->","yoast_head_json":{"title":"Automatisierte Schwei\u00dfger\u00e4te | IP Automation Inc","description":"Schauen Sie sich unsere verschiedenen Arten automatisierter Schwei\u00dfger\u00e4te an, die sich problemlos in Ihren Drahtformvorgang integrieren lassen.","robots":{"index":"index","follow":"follow","max-snippet":"max-snippet:-1","max-image-preview":"max-image-preview:large","max-video-preview":"max-video-preview:-1"},"canonical":"https:\/\/ipautomationinc.com\/de\/zubehor\/automatisierte-schweisgerate\/","og_locale":"de_DE","og_type":"article","og_title":"Automated Welders | IP Automation Inc","og_description":"Check out our various types of automated welders that can be easily integrated with your wire forming operation.","og_url":"https:\/\/ipautomationinc.com\/de\/zubehor\/automatisierte-schweisgerate\/","og_site_name":"IP Automation Inc","article_publisher":"https:\/\/www.facebook.com\/ipautomationinc\/","article_modified_time":"2025-08-11T15:35:21+00:00","og_image":[{"url":"https:\/\/ipautomationinc.com\/wp-content\/uploads\/2023\/08\/machine-options_BW-45.png#29270","type":"","width":"","height":""}],"schema":{"@context":"https:\/\/schema.org","@graph":[{"@type":"WebPage","@id":"https:\/\/ipautomationinc.com\/accessories\/automated-welders\/","url":"https:\/\/ipautomationinc.com\/accessories\/automated-welders\/","name":"Automatisierte Schwei\u00dfger\u00e4te | IP Automation Inc","isPartOf":{"@id":"https:\/\/ipautomationinc.com\/#website"},"primaryImageOfPage":{"@id":"https:\/\/ipautomationinc.com\/accessories\/automated-welders\/#primaryimage"},"image":{"@id":"https:\/\/ipautomationinc.com\/accessories\/automated-welders\/#primaryimage"},"thumbnailUrl":"https:\/\/ipautomationinc.com\/wp-content\/uploads\/2023\/08\/machine-options_BW-45.png#29270","datePublished":"2023-01-17T17:16:28+00:00","dateModified":"2025-08-11T15:35:21+00:00","description":"Schauen Sie sich unsere verschiedenen Arten automatisierter Schwei\u00dfger\u00e4te an, die sich problemlos in Ihren Drahtformvorgang integrieren lassen.","breadcrumb":{"@id":"https:\/\/ipautomationinc.com\/accessories\/automated-welders\/#breadcrumb"},"inLanguage":"de","potentialAction":[{"@type":"ReadAction","target":["https:\/\/ipautomationinc.com\/accessories\/automated-welders\/"]}]},{"@type":"ImageObject","inLanguage":"de","@id":"https:\/\/ipautomationinc.com\/accessories\/automated-welders\/#primaryimage","url":"https:\/\/ipautomationinc.com\/wp-content\/uploads\/2023\/08\/machine-options_BW-45.png#29270","contentUrl":"https:\/\/ipautomationinc.com\/wp-content\/uploads\/2023\/08\/machine-options_BW-45.png#29270"},{"@type":"BreadcrumbList","@id":"https:\/\/ipautomationinc.com\/accessories\/automated-welders\/#breadcrumb","itemListElement":[{"@type":"ListItem","position":1,"name":"Accessories","item":"https:\/\/ipautomationinc.com\/accessories\/"},{"@type":"ListItem","position":2,"name":"Automated Welders"}]},{"@type":"WebSite","@id":"https:\/\/ipautomationinc.com\/#website","url":"https:\/\/ipautomationinc.com\/","name":"IP Automation Inc","description":"Konzept... Kreation... Realit\u00e4t...","publisher":{"@id":"https:\/\/ipautomationinc.com\/#organization"},"potentialAction":[{"@type":"SearchAction","target":{"@type":"EntryPoint","urlTemplate":"https:\/\/ipautomationinc.com\/?s={search_term_string}"},"query-input":{"@type":"PropertyValueSpecification","valueRequired":true,"valueName":"search_term_string"}}],"inLanguage":"de"},{"@type":"Organization","@id":"https:\/\/ipautomationinc.com\/#organization","name":"IP Automation Inc","url":"https:\/\/ipautomationinc.com\/","logo":{"@type":"ImageObject","inLanguage":"de","@id":"https:\/\/ipautomationinc.com\/#\/schema\/logo\/image\/","url":"https:\/\/ipautomationinc.com\/wp-content\/uploads\/2022\/05\/IPA-Favicon.png","contentUrl":"https:\/\/ipautomationinc.com\/wp-content\/uploads\/2022\/05\/IPA-Favicon.png","width":513,"height":513,"caption":"IP Automation Inc"},"image":{"@id":"https:\/\/ipautomationinc.com\/#\/schema\/logo\/image\/"},"sameAs":["https:\/\/www.facebook.com\/ipautomationinc\/","https:\/\/www.linkedin.com\/company\/ip-automation-inc\/","https:\/\/www.youtube.com\/@IPAutomation"]}]}},"_links":{"self":[{"href":"https:\/\/ipautomationinc.com\/de\/wp-json\/wp\/v2\/pages\/6172","targetHints":{"allow":["GET"]}}],"collection":[{"href":"https:\/\/ipautomationinc.com\/de\/wp-json\/wp\/v2\/pages"}],"about":[{"href":"https:\/\/ipautomationinc.com\/de\/wp-json\/wp\/v2\/types\/page"}],"author":[{"embeddable":true,"href":"https:\/\/ipautomationinc.com\/de\/wp-json\/wp\/v2\/users\/3"}],"replies":[{"embeddable":true,"href":"https:\/\/ipautomationinc.com\/de\/wp-json\/wp\/v2\/comments?post=6172"}],"version-history":[{"count":1,"href":"https:\/\/ipautomationinc.com\/de\/wp-json\/wp\/v2\/pages\/6172\/revisions"}],"predecessor-version":[{"id":36747,"href":"https:\/\/ipautomationinc.com\/de\/wp-json\/wp\/v2\/pages\/6172\/revisions\/36747"}],"up":[{"embeddable":true,"href":"https:\/\/ipautomationinc.com\/de\/wp-json\/wp\/v2\/pages\/7745"}],"wp:attachment":[{"href":"https:\/\/ipautomationinc.com\/de\/wp-json\/wp\/v2\/media?parent=6172"}],"curies":[{"name":"wp","href":"https:\/\/api.w.org\/{rel}","templated":true}]}}