{"id":6169,"date":"2023-01-17T11:15:59","date_gmt":"2023-01-17T17:15:59","guid":{"rendered":"https:\/\/ipautomationinc.com\/?page_id=6169"},"modified":"2024-08-09T13:28:47","modified_gmt":"2024-08-09T18:28:47","slug":"robotik","status":"publish","type":"page","link":"https:\/\/ipautomationinc.com\/de\/accessories\/robotics\/","title":{"rendered":"Intelligente Roboterl\u00f6sungen"},"content":{"rendered":"<h6 class=\"wp-block-heading\"><strong>Intelligente Roboterl\u00f6sungen er\u00f6ffnen eine neue Welt wertsch\u00f6pfender Prozesse ohne zus\u00e4tzliche Arbeitskosten. Die nahtlose Roboterintegration ist in unseren CNC-Drahtbiegemaschinen selbstverst\u00e4ndlich und unsere Expertise in der Roboterintegration f\u00fcr Drahtformen ist un\u00fcbertroffen. Roboter sind unser beliebtestes Zubeh\u00f6r und wir haben eine umfangreiche Bibliothek anpassbarer Greiferkonfigurationen und unser eigenes schnell wechselbares EOAT (End of Arm Tooling) entwickelt, mit dem Sie Greiferwerkzeuge in weniger als einer Minute wechseln k\u00f6nnen.<\/strong><\/h6>\n\n\n\n<p>&gt;zur\u00fcck zum Zubeh\u00f6r<br>h2<br><a href=\"https:\/\/ipautomationinc.com\/de\/zubehor\/\">https:\/\/ipautomationinc.com\/accessories\/<\/a><br>links<br>#949494<br>verstecken<br><br>Intelligente Roboterl\u00f6sungen<br>h1<br><br>links<br>verstecken<br>einblenden<br><br><img decoding=\"async\" src=\"https:\/\/ipautomationinc.com\/wp-content\/uploads\/2022\/06\/machine-options_robot.png\" alt=\"machine-options_robot\"><br>voll<br>enthalten<br><br>verstecken<br><br><h4>Intelligente Roboterl\u00f6sungen er\u00f6ffnen eine neue Welt wertsch\u00f6pfender Prozesse ohne zus\u00e4tzliche Arbeitskosten. Die nahtlose Roboterintegration ist f\u00fcr unsere CNC-Drahtbiegemaschinen selbstverst\u00e4ndlich und unsere Expertise bei der Roboterintegration f\u00fcr Drahtformen ist un\u00fcbertroffen.<\/h4> <br><h4>Roboter sind unser beliebtestes Zubeh\u00f6r und wir haben eine umfangreiche Bibliothek anpassbarer Greiferkonfigurationen sowie unser eigenes Schnellwechsel-EOAT (End of Arm Tooling) entwickelt, mit dem Sie die Greiferwerkzeuge in weniger als einer Minute wechseln k\u00f6nnen.<\/h4><br>#000000<br>verstecken<br><br>210,445,602<br>Miniaturansicht<br>4<br>solide<br>#0455B3<br>3px 3px 3px 3px<br>Tablet verstecken<br>verstecken<br><br>210,445,602<br>Miniaturansicht<br>3<br>solide<br>#0455B3<br>3px 3px 3px 3px<br>verstecken<br><br>40<br>verstecken<br><br>Medien<br>h3<br><br>verstecken<br><br>789124480<br>enthalten<br><br>verstecken<br><br>40<br>verstecken<br><br>Merkmale<br>h3<br><br>verstecken<br><br>Hauptmerkmale<br>Einzelheiten<br>Extras<br> <br>Industrieerprobte FANUC 6-Achsen-Roboter <br>Inklusive EOAT f\u00fcr 1 Teil <br>Nahtlose Integration in unsere Drahtbiegemaschinen <br> <br><br>Eine professionelle und sichere Roboterl\u00f6sung beginnt mit unserer gut gestalteten und gr\u00fcndlich getesteten Basis, die Kabelmanagement-, Nivellierungs- und Verankerungsfunktionen bietet. Es sind auch bewegliche Sockelausf\u00fchrungen erh\u00e4ltlich.  <br> <br> <br>Unsere Robotik-Experten nehmen Ihnen die Unsicherheit und den technischen Aufwand ab, und unsere Techniker helfen Ihnen dabei, Ihre Bediener zu schulen und Ihr Personal so einzurichten, dass es sich mit den Robotersteuerungen vertraut macht, die Sie ben\u00f6tigen. <br> <br> <br>Wir sind ein zertifizierter Fanuc-Integrator und Fanuc ist unser bevorzugter Partner. Der Kauf eines Roboters beinhaltet eine Gutschrift f\u00fcr Pr\u00e4senzschulungen in Fanuc-Schulungseinrichtungen weltweit.<br> <br>Inklusive Sicherheitsschutz <br>Optionale F\u00f6rderbandintegration mit geschichteter Verpackung <br>Optionaler Bodenscanner <br><br><br>#EBEBEB<br>#222222<br>verstecken<br><br>40<br>verstecken<br><br>End-of-Arm-Werkzeug<br>h3<br><br>verstecken<br><br><img decoding=\"async\" src=\"https:\/\/ipautomationinc.com\/wp-content\/uploads\/2023\/01\/all-robot-EOATs-1.jpg\" alt=\"alle Roboter-EOATs 1\"><br>voll<br>https:\/\/ipautomationinc.com\/wp-content\/uploads\/2023\/01\/all-robot-EOATs-1.jpg<br>enthalten<br><br>verstecken<br><br>4 Greiferwerkzeuge<br>h4<br><br>verstecken<br><br><img decoding=\"async\" src=\"https:\/\/ipautomationinc.com\/wp-content\/uploads\/2023\/01\/all-robot-EOATs-2.jpg\" alt=\"alle Roboter-EOATs 2\"><br>voll<br>https:\/\/ipautomationinc.com\/wp-content\/uploads\/2023\/01\/all-robot-EOATs-2.jpg<br>enthalten<br>Mitte Mitte<br>verstecken<br><br>Einzelgreifer-Werkzeugausstattung<br>h4<br>Mitte Mitte<br>Center<br>verstecken<br><br><img decoding=\"async\" src=\"https:\/\/ipautomationinc.com\/wp-content\/uploads\/2023\/01\/all-robot-EOATs-3.jpg\" alt=\"alle Roboter-EOATs 3\"><br>voll<br>https:\/\/ipautomationinc.com\/wp-content\/uploads\/2023\/01\/all-robot-EOATs-3.jpg<br>enthalten<br>Mitte Mitte<br>verstecken<br><br>Zweiteilige Greiferwerkzeuge<br>h4<br>Mitte Mitte<br>Center<br>verstecken<br><br><\/p>","protected":false},"excerpt":{"rendered":"<p>Intellimate robotic solutions open a new world of value-added processes with no extra labor cost. Seamless robotic integration is native<span class=\"excerpt-hellip\"> [\u2026]<\/span><\/p>\n","protected":false},"author":3,"featured_media":0,"parent":7745,"menu_order":0,"comment_status":"closed","ping_status":"closed","template":"","meta":{"footnotes":""},"class_list":["post-6169","page","type-page","status-publish","hentry"],"yoast_head":"<!-- This site is optimized with the Yoast SEO plugin v27.3 - https:\/\/yoast.com\/product\/yoast-seo-wordpress\/ -->\n<title>Intellimate Robotic Solutions | IP Automation Inc<\/title>\n<meta name=\"description\" content=\"Our robotic solutions open a new world of value-added processes with no extra labor cost. Seamless robotic integration with our wire benders.\" \/>\n<meta name=\"robots\" content=\"index, follow, max-snippet:-1, max-image-preview:large, max-video-preview:-1\" \/>\n<link rel=\"canonical\" href=\"https:\/\/ipautomationinc.com\/de\/zubehor\/robotik\/\" \/>\n<meta property=\"og:locale\" content=\"de_DE\" \/>\n<meta property=\"og:type\" content=\"article\" \/>\n<meta property=\"og:title\" content=\"Intellimate Robotic Solutions | IP Automation Inc\" \/>\n<meta property=\"og:description\" content=\"Our robotic solutions open a new world of value-added processes with no extra labor cost. Seamless robotic integration with our wire benders.\" \/>\n<meta property=\"og:url\" content=\"https:\/\/ipautomationinc.com\/de\/zubehor\/robotik\/\" \/>\n<meta property=\"og:site_name\" content=\"IP Automation Inc\" \/>\n<meta property=\"article:publisher\" content=\"https:\/\/www.facebook.com\/ipautomationinc\/\" \/>\n<meta property=\"article:modified_time\" content=\"2024-08-09T18:28:47+00:00\" \/>\n<meta property=\"og:image\" content=\"https:\/\/ipautomationinc.com\/wp-content\/uploads\/2022\/06\/machine-options_robot.png\" \/>\n<script type=\"application\/ld+json\" class=\"yoast-schema-graph\">{\"@context\":\"https:\\\/\\\/schema.org\",\"@graph\":[{\"@type\":\"WebPage\",\"@id\":\"https:\\\/\\\/ipautomationinc.com\\\/accessories\\\/robotics\\\/\",\"url\":\"https:\\\/\\\/ipautomationinc.com\\\/accessories\\\/robotics\\\/\",\"name\":\"Intellimate Robotic Solutions | IP Automation Inc\",\"isPartOf\":{\"@id\":\"https:\\\/\\\/ipautomationinc.com\\\/#website\"},\"primaryImageOfPage\":{\"@id\":\"https:\\\/\\\/ipautomationinc.com\\\/accessories\\\/robotics\\\/#primaryimage\"},\"image\":{\"@id\":\"https:\\\/\\\/ipautomationinc.com\\\/accessories\\\/robotics\\\/#primaryimage\"},\"thumbnailUrl\":\"https:\\\/\\\/ipautomationinc.com\\\/wp-content\\\/uploads\\\/2022\\\/06\\\/machine-options_robot.png\",\"datePublished\":\"2023-01-17T17:15:59+00:00\",\"dateModified\":\"2024-08-09T18:28:47+00:00\",\"description\":\"Our robotic solutions open a new world of value-added processes with no extra labor cost. Seamless robotic integration with our wire benders.\",\"breadcrumb\":{\"@id\":\"https:\\\/\\\/ipautomationinc.com\\\/accessories\\\/robotics\\\/#breadcrumb\"},\"inLanguage\":\"de\",\"potentialAction\":[{\"@type\":\"ReadAction\",\"target\":[\"https:\\\/\\\/ipautomationinc.com\\\/accessories\\\/robotics\\\/\"]}]},{\"@type\":\"ImageObject\",\"inLanguage\":\"de\",\"@id\":\"https:\\\/\\\/ipautomationinc.com\\\/accessories\\\/robotics\\\/#primaryimage\",\"url\":\"https:\\\/\\\/ipautomationinc.com\\\/wp-content\\\/uploads\\\/2022\\\/06\\\/machine-options_robot.png\",\"contentUrl\":\"https:\\\/\\\/ipautomationinc.com\\\/wp-content\\\/uploads\\\/2022\\\/06\\\/machine-options_robot.png\"},{\"@type\":\"BreadcrumbList\",\"@id\":\"https:\\\/\\\/ipautomationinc.com\\\/accessories\\\/robotics\\\/#breadcrumb\",\"itemListElement\":[{\"@type\":\"ListItem\",\"position\":1,\"name\":\"Accessories\",\"item\":\"https:\\\/\\\/ipautomationinc.com\\\/accessories\\\/\"},{\"@type\":\"ListItem\",\"position\":2,\"name\":\"Intellimate Robotic Solutions\"}]},{\"@type\":\"WebSite\",\"@id\":\"https:\\\/\\\/ipautomationinc.com\\\/#website\",\"url\":\"https:\\\/\\\/ipautomationinc.com\\\/\",\"name\":\"IP Automation Inc\",\"description\":\"Concept... Creation... Reality...\",\"publisher\":{\"@id\":\"https:\\\/\\\/ipautomationinc.com\\\/#organization\"},\"potentialAction\":[{\"@type\":\"SearchAction\",\"target\":{\"@type\":\"EntryPoint\",\"urlTemplate\":\"https:\\\/\\\/ipautomationinc.com\\\/?s={search_term_string}\"},\"query-input\":{\"@type\":\"PropertyValueSpecification\",\"valueRequired\":true,\"valueName\":\"search_term_string\"}}],\"inLanguage\":\"de\"},{\"@type\":\"Organization\",\"@id\":\"https:\\\/\\\/ipautomationinc.com\\\/#organization\",\"name\":\"IP Automation Inc\",\"url\":\"https:\\\/\\\/ipautomationinc.com\\\/\",\"logo\":{\"@type\":\"ImageObject\",\"inLanguage\":\"de\",\"@id\":\"https:\\\/\\\/ipautomationinc.com\\\/#\\\/schema\\\/logo\\\/image\\\/\",\"url\":\"https:\\\/\\\/ipautomationinc.com\\\/wp-content\\\/uploads\\\/2022\\\/05\\\/IPA-Favicon.png\",\"contentUrl\":\"https:\\\/\\\/ipautomationinc.com\\\/wp-content\\\/uploads\\\/2022\\\/05\\\/IPA-Favicon.png\",\"width\":513,\"height\":513,\"caption\":\"IP Automation Inc\"},\"image\":{\"@id\":\"https:\\\/\\\/ipautomationinc.com\\\/#\\\/schema\\\/logo\\\/image\\\/\"},\"sameAs\":[\"https:\\\/\\\/www.facebook.com\\\/ipautomationinc\\\/\",\"https:\\\/\\\/www.linkedin.com\\\/company\\\/ip-automation-inc\\\/\",\"https:\\\/\\\/www.youtube.com\\\/@IPAutomation\"]}]}<\/script>\n<!-- \/ Yoast SEO plugin. -->","yoast_head_json":{"title":"Intelligente Roboterl\u00f6sungen | IP Automation Inc","description":"Unsere Roboterl\u00f6sungen er\u00f6ffnen eine neue Welt wertsch\u00f6pfender Prozesse ohne zus\u00e4tzliche Arbeitskosten. Nahtlose Roboterintegration mit unseren Drahtbiegemaschinen.","robots":{"index":"index","follow":"follow","max-snippet":"max-snippet:-1","max-image-preview":"max-image-preview:large","max-video-preview":"max-video-preview:-1"},"canonical":"https:\/\/ipautomationinc.com\/de\/zubehor\/robotik\/","og_locale":"de_DE","og_type":"article","og_title":"Intellimate Robotic Solutions | IP Automation Inc","og_description":"Our robotic solutions open a new world of value-added processes with no extra labor cost. Seamless robotic integration with our wire benders.","og_url":"https:\/\/ipautomationinc.com\/de\/zubehor\/robotik\/","og_site_name":"IP Automation Inc","article_publisher":"https:\/\/www.facebook.com\/ipautomationinc\/","article_modified_time":"2024-08-09T18:28:47+00:00","og_image":[{"url":"https:\/\/ipautomationinc.com\/wp-content\/uploads\/2022\/06\/machine-options_robot.png","type":"","width":"","height":""}],"schema":{"@context":"https:\/\/schema.org","@graph":[{"@type":"WebPage","@id":"https:\/\/ipautomationinc.com\/accessories\/robotics\/","url":"https:\/\/ipautomationinc.com\/accessories\/robotics\/","name":"Intelligente Roboterl\u00f6sungen | IP Automation Inc","isPartOf":{"@id":"https:\/\/ipautomationinc.com\/#website"},"primaryImageOfPage":{"@id":"https:\/\/ipautomationinc.com\/accessories\/robotics\/#primaryimage"},"image":{"@id":"https:\/\/ipautomationinc.com\/accessories\/robotics\/#primaryimage"},"thumbnailUrl":"https:\/\/ipautomationinc.com\/wp-content\/uploads\/2022\/06\/machine-options_robot.png","datePublished":"2023-01-17T17:15:59+00:00","dateModified":"2024-08-09T18:28:47+00:00","description":"Unsere Roboterl\u00f6sungen er\u00f6ffnen eine neue Welt wertsch\u00f6pfender Prozesse ohne zus\u00e4tzliche Arbeitskosten. Nahtlose Roboterintegration mit unseren Drahtbiegemaschinen.","breadcrumb":{"@id":"https:\/\/ipautomationinc.com\/accessories\/robotics\/#breadcrumb"},"inLanguage":"de","potentialAction":[{"@type":"ReadAction","target":["https:\/\/ipautomationinc.com\/accessories\/robotics\/"]}]},{"@type":"ImageObject","inLanguage":"de","@id":"https:\/\/ipautomationinc.com\/accessories\/robotics\/#primaryimage","url":"https:\/\/ipautomationinc.com\/wp-content\/uploads\/2022\/06\/machine-options_robot.png","contentUrl":"https:\/\/ipautomationinc.com\/wp-content\/uploads\/2022\/06\/machine-options_robot.png"},{"@type":"BreadcrumbList","@id":"https:\/\/ipautomationinc.com\/accessories\/robotics\/#breadcrumb","itemListElement":[{"@type":"ListItem","position":1,"name":"Accessories","item":"https:\/\/ipautomationinc.com\/accessories\/"},{"@type":"ListItem","position":2,"name":"Intellimate Robotic Solutions"}]},{"@type":"WebSite","@id":"https:\/\/ipautomationinc.com\/#website","url":"https:\/\/ipautomationinc.com\/","name":"IP Automation Inc","description":"Konzept... Kreation... Realit\u00e4t...","publisher":{"@id":"https:\/\/ipautomationinc.com\/#organization"},"potentialAction":[{"@type":"SearchAction","target":{"@type":"EntryPoint","urlTemplate":"https:\/\/ipautomationinc.com\/?s={search_term_string}"},"query-input":{"@type":"PropertyValueSpecification","valueRequired":true,"valueName":"search_term_string"}}],"inLanguage":"de"},{"@type":"Organization","@id":"https:\/\/ipautomationinc.com\/#organization","name":"IP Automation Inc","url":"https:\/\/ipautomationinc.com\/","logo":{"@type":"ImageObject","inLanguage":"de","@id":"https:\/\/ipautomationinc.com\/#\/schema\/logo\/image\/","url":"https:\/\/ipautomationinc.com\/wp-content\/uploads\/2022\/05\/IPA-Favicon.png","contentUrl":"https:\/\/ipautomationinc.com\/wp-content\/uploads\/2022\/05\/IPA-Favicon.png","width":513,"height":513,"caption":"IP Automation Inc"},"image":{"@id":"https:\/\/ipautomationinc.com\/#\/schema\/logo\/image\/"},"sameAs":["https:\/\/www.facebook.com\/ipautomationinc\/","https:\/\/www.linkedin.com\/company\/ip-automation-inc\/","https:\/\/www.youtube.com\/@IPAutomation"]}]}},"_links":{"self":[{"href":"https:\/\/ipautomationinc.com\/de\/wp-json\/wp\/v2\/pages\/6169","targetHints":{"allow":["GET"]}}],"collection":[{"href":"https:\/\/ipautomationinc.com\/de\/wp-json\/wp\/v2\/pages"}],"about":[{"href":"https:\/\/ipautomationinc.com\/de\/wp-json\/wp\/v2\/types\/page"}],"author":[{"embeddable":true,"href":"https:\/\/ipautomationinc.com\/de\/wp-json\/wp\/v2\/users\/3"}],"replies":[{"embeddable":true,"href":"https:\/\/ipautomationinc.com\/de\/wp-json\/wp\/v2\/comments?post=6169"}],"version-history":[{"count":1,"href":"https:\/\/ipautomationinc.com\/de\/wp-json\/wp\/v2\/pages\/6169\/revisions"}],"predecessor-version":[{"id":36744,"href":"https:\/\/ipautomationinc.com\/de\/wp-json\/wp\/v2\/pages\/6169\/revisions\/36744"}],"up":[{"embeddable":true,"href":"https:\/\/ipautomationinc.com\/de\/wp-json\/wp\/v2\/pages\/7745"}],"wp:attachment":[{"href":"https:\/\/ipautomationinc.com\/de\/wp-json\/wp\/v2\/media?parent=6169"}],"curies":[{"name":"wp","href":"https:\/\/api.w.org\/{rel}","templated":true}]}}