{"id":5808,"date":"2023-01-10T16:30:03","date_gmt":"2023-01-10T22:30:03","guid":{"rendered":"https:\/\/ipautomationinc.com\/?page_id=5808"},"modified":"2025-06-27T10:08:34","modified_gmt":"2025-06-27T15:08:34","slug":"datenschutzrichtlinie","status":"publish","type":"page","link":"https:\/\/ipautomationinc.com\/de\/privacy-policy\/","title":{"rendered":"Datenschutzrichtlinie"},"content":{"rendered":"<h1>Datenschutzrichtlinie<\/h1>\n<p><span style=\"font-size: revert; color: initial;\">Last Updated: January 1, 2025<\/span><\/p>\n<p>Effective Date: January 1, 2025 IP Automation Inc. (\u201cwe,\u201d \u201cour,\u201d or \u201cus\u201d) is committed to protecting your privacy. This Privacy Policy outlines how we collect, use, and safeguard your personal information when you visit <a href=\"https:\/\/ipautomationinc.com\/de\/\" target=\"_blank\" rel=\"noopener\">https:\/\/ipautomationinc.com<\/a> (\u201eder Dienst\u201c).<br \/>Durch die Nutzung des Dienstes stimmen Sie den in dieser Datenschutzrichtlinie beschriebenen Praktiken zu. Sollten Sie damit nicht einverstanden sein, greifen Sie bitte nicht auf den Dienst zu und nutzen Sie ihn nicht.<br \/>Information We CollectInformation You Provide When you fill out a form on our website, we may collect your name, email address, phone number, company name, and any message you include.<br \/>Automatically Collected InformationAnalytics: We use services like Google Analytics and Vimeo Analytics to collect information such as IP address, browser type, referring pages, and engagement with videos.<br \/><br \/>Cookies: We use cookies and similar technologies to enhance your experience and gather usage data.<br \/><br \/><span style=\"color: revert; font-size: revert; font-weight: revert;\">Wie wir Ihre Daten verwenden<\/span><br \/>Um auf Anfragen zu antworten, die \u00fcber unsere Kontaktformulare eingehen<br \/><br \/>Um die Nutzung der Website zu analysieren und die Leistung zu verbessern<br \/><br \/>Zur \u00dcberwachung der Videointeraktion und der technischen Funktionalit\u00e4t<br \/><br \/>Zur Aufrechterhaltung der Sicherheit und zur Verhinderung von Missbrauch<br \/><br \/><\/p>\n<p>Wenn wir beabsichtigen, Ihre Daten f\u00fcr einen oben nicht aufgef\u00fchrten Zweck zu verwenden, werden wir Sie vorher um Ihre ausdr\u00fcckliche Zustimmung bitten.<br \/><br \/>Weitergabe von Informationen<br \/>Wir verkaufen oder vermieten Ihre personenbezogenen Daten nicht an Vermarkter oder andere Dritte. Wir k\u00f6nnen Ihre Daten jedoch ausschlie\u00dflich zu Analyse- und Leistungs\u00fcberwachungszwecken an vertrauensw\u00fcrdige Dienstanbieter (z. B. Google, Vimeo) weitergeben.<br \/><br \/><br \/>Wir k\u00f6nnen Ihre Daten auch dann offenlegen, wenn wir gesetzlich dazu verpflichtet sind, im Rahmen eines Gerichtsverfahrens oder im Falle einer Unternehmens\u00fcbertragung, beispielsweise einer Fusion oder \u00dcbernahme.<br \/><br \/>Datenaufbewahrung<br \/>Wir speichern personenbezogene Daten so lange, wie es f\u00fcr die Erf\u00fcllung der Zwecke, f\u00fcr die sie erhoben wurden, erforderlich ist oder wie es gesetzlich vorgeschrieben ist. In der Regel bedeutet dies, dass Daten zwischen 90 Tagen und zwei Jahren nach Ihrer letzten Interaktion mit uns gespeichert werden.<br \/><br \/><br \/>Anonyme oder aggregierte Daten, die Sie nicht identifizieren, k\u00f6nnen unbegrenzt gespeichert werden.<br \/><br \/>Ihre Rechte<br \/>Abh\u00e4ngig von Ihrem Standort und den geltenden Gesetzen haben Sie m\u00f6glicherweise folgende Rechte:<br \/><br \/><\/p>\n<p><br \/><br \/>Greifen Sie auf die personenbezogenen Daten zu, die wir \u00fcber Sie gespeichert haben<br \/><br \/>Fordern Sie die Korrektur oder L\u00f6schung Ihrer Daten an<br \/><br \/>Einwilligung zur Datenverarbeitung widerrufen<br \/><br \/>Daten\u00fcbertragbarkeit (an eine andere Stelle) anfordern<br \/><br \/>Beschwerde bei einer Aufsichtsbeh\u00f6rde einreichen<br \/><br \/><\/p>\n<p>Um Ihre Rechte auszu\u00fcben, kontaktieren Sie uns unter <a href=\"mailto:info@ipautomationinc.com\">info@ipautomationinc.com<\/a>.<br \/><br \/>Cookies Cookies are small files placed on your device to enhance functionality and track usage. For more information about how we use cookies and how you can manage them, please visit our <a href=\"https:\/\/ipautomationinc.com\/de\/cookie-richtlinie\/\" target=\"_blank\" rel=\"noopener\">Cookie-Richtlinie<\/a>.<br \/><br \/>Security We take reasonable precautions to protect your information from unauthorized access, use, or disclosure. However, no system is entirely secure. You use the Service at your own risk.<br \/><br \/>Links von Drittanbietern<br \/>Unsere Website kann Links zu externen Websites enthalten, die wir nicht kontrollieren. Wir sind nicht f\u00fcr deren Datenschutzpraktiken verantwortlich. Wir empfehlen Ihnen, die Datenschutzrichtlinien aller externen Websites zu pr\u00fcfen, die Sie besuchen.<br \/><br \/>\u00c4nderungen dieser Richtlinie<br \/>Wir aktualisieren diese Datenschutzrichtlinie gegebenenfalls regelm\u00e4\u00dfig. Bei wesentlichen \u00c4nderungen ver\u00f6ffentlichen wir einen entsprechenden Hinweis auf dieser Seite. Die fortgesetzte Nutzung des Dienstes nach Aktualisierungen setzt Ihr Einverst\u00e4ndnis mit der \u00fcberarbeiteten Richtlinie voraus.<br \/>Contact UsIf you have questions or concerns, please reach out:<br \/>IP Automation Inc.<br \/><br \/>400 E Fullerton Avenue<br \/><br \/>Carol Stream, Illinois 60188<br \/><br \/>E-Mail: <a href=\"mailto:info@ipautomationinc.com\">info@ipautomationinc.com<\/a><br \/><br \/>Telefon: 630-656-1215<\/p>\n\n\n<p><h1>Privacy PolicyLast Updated: January 1, 2025<\/h1><br><br>  <p>Effective Date: January 1, 2025<\/p><br><br><br><br>  <p><br><br>    IP Automation Inc. (\u201ewir\u201c, \u201eunser\u201c oder \u201euns\u201c) verpflichtet sich zum Schutz Ihrer Privatsph\u00e4re. Diese Datenschutzrichtlinie beschreibt, wie wir Ihre personenbezogenen Daten sammeln, verwenden und sch\u00fctzen, wenn Sie <a href=\"https:\/\/ipautomationinc.com\/de\/\" target=\"_blank\">https:\/\/ipautomationinc.com<\/a> (\u201eder Dienst\u201c).<br><br>  <\/p><br><br><br><br>  <p><br><br>    Durch die Nutzung des Dienstes stimmen Sie den in dieser Datenschutzrichtlinie beschriebenen Praktiken zu. Sollten Sie damit nicht einverstanden sein, greifen Sie bitte nicht auf den Dienst zu und nutzen Sie ihn nicht.<br><br>  <\/p><br><br><br><br>  <h2>Von uns erfasste Daten<\/h2><br><br><br><br>  <h3>Von Ihnen bereitgestellte Informationen<\/h3><br><br>  <p><br><br>    Wenn Sie ein Formular auf unserer Website ausf\u00fcllen, erfassen wir m\u00f6glicherweise Ihren Namen, Ihre E-Mail-Adresse, Ihre Telefonnummer, Ihren Firmennamen und alle von Ihnen eingef\u00fcgten Nachrichten.<br><br>  <\/p><br><br><br><br>  <h3>Automatisch erfasste Informationen<\/h3><br><br>  <br><br>    Analytics: We use services like Google Analytics and Vimeo Analytics to collect information such as IP address, browser type, referring pages, and engagement with videos.<br><br>    Cookies: We use cookies and similar technologies to enhance your experience and gather usage data.<br><br>  <br><br><br><br>  <h2>Wie wir Ihre Daten verwenden<\/h2><br><br>  <br><br>    Um auf Anfragen zu antworten, die \u00fcber unsere Kontaktformulare eingehen<br><br>    Um die Nutzung der Website zu analysieren und die Leistung zu verbessern<br><br>    Zur \u00dcberwachung der Videointeraktion und der technischen Funktionalit\u00e4t<br><br>    Zur Aufrechterhaltung der Sicherheit und zur Verhinderung von Missbrauch<br><br>  <br><br><br><br>  <p><br><br>    Wenn wir beabsichtigen, Ihre Daten f\u00fcr einen oben nicht aufgef\u00fchrten Zweck zu verwenden, werden wir Sie vorher um Ihre ausdr\u00fcckliche Zustimmung bitten.<br><br>  <\/p><br><br><br><br>  <h2>Weitergabe von Informationen<\/h2><br><br>  <p><br><br>    Wir verkaufen oder vermieten Ihre personenbezogenen Daten nicht an Vermarkter oder andere Dritte. Wir k\u00f6nnen Ihre Daten jedoch ausschlie\u00dflich zu Analyse- und Leistungs\u00fcberwachungszwecken an vertrauensw\u00fcrdige Dienstanbieter (z. B. Google, Vimeo) weitergeben.<br><br>  <\/p><br><br>  <p><br><br>    Wir k\u00f6nnen Ihre Daten auch dann offenlegen, wenn wir gesetzlich dazu verpflichtet sind, im Rahmen eines Gerichtsverfahrens oder im Falle einer Unternehmens\u00fcbertragung, beispielsweise einer Fusion oder \u00dcbernahme.<br><br>  <\/p><br><br><br><br>  <h2>Datenaufbewahrung<\/h2><br><br>  <p><br><br>    Wir speichern personenbezogene Daten so lange, wie es f\u00fcr die Erf\u00fcllung der Zwecke, f\u00fcr die sie erhoben wurden, erforderlich ist oder wie es gesetzlich vorgeschrieben ist. In der Regel bedeutet dies, dass Daten zwischen 90 Tagen und zwei Jahren nach Ihrer letzten Interaktion mit uns gespeichert werden.<br><br>  <\/p><br><br>  <p><br><br>    Anonyme oder aggregierte Daten, die Sie nicht identifizieren, k\u00f6nnen unbegrenzt gespeichert werden.<br><br>  <\/p><br><br><br><br>  <h2>Ihre Rechte<\/h2><br><br>  <p><br><br>    Abh\u00e4ngig von Ihrem Standort und den geltenden Gesetzen haben Sie m\u00f6glicherweise folgende Rechte:<br><br>  <\/p><br><br>  <br><br>    Greifen Sie auf die personenbezogenen Daten zu, die wir \u00fcber Sie gespeichert haben<br><br>    Fordern Sie die Korrektur oder L\u00f6schung Ihrer Daten an<br><br>    Einwilligung zur Datenverarbeitung widerrufen<br><br>    Daten\u00fcbertragbarkeit (an eine andere Stelle) anfordern<br><br>    Beschwerde bei einer Aufsichtsbeh\u00f6rde einreichen<br><br>  <br><br>  <p><br><br>    Um Ihre Rechte auszu\u00fcben, kontaktieren Sie uns unter <a href=\"mailto:info@ipautomationinc.com\">info@ipautomationinc.com<\/a>.<br><br>  <\/p><br><br><br><br>   <h2>Cookie-Hinweis<\/h2><br><br>  <p><br><br>    Cookies sind kleine Dateien, die auf Ihrem Ger\u00e4t abgelegt werden, um die Funktionalit\u00e4t zu verbessern und die Nutzung zu verfolgen. Weitere Informationen dar\u00fcber, wie wir Cookies verwenden und wie Sie diese verwalten k\u00f6nnen, finden Sie in unserer <a href=\"https:\/\/ipautomationinc.com\/de\/cookie-richtlinie\/\" target=\"_blank\">Cookie-Richtlinie<\/a>.<br><br>  <\/p><br><br><br><br>  <h2>Sicherheit<\/h2><br><br>  <p><br><br>    Wir treffen angemessene Vorkehrungen, um Ihre Daten vor unbefugtem Zugriff, Nutzung oder Offenlegung zu sch\u00fctzen. Allerdings ist kein System vollkommen sicher. Sie nutzen den Dienst auf eigene Gefahr.<br><br>  <\/p><br><br><br><br>  <h2>Links von Drittanbietern<\/h2><br><br>  <p><br><br>    Unsere Website kann Links zu externen Websites enthalten, die wir nicht kontrollieren. Wir sind nicht f\u00fcr deren Datenschutzpraktiken verantwortlich. Wir empfehlen Ihnen, die Datenschutzrichtlinien aller externen Websites zu pr\u00fcfen, die Sie besuchen.<br><br>  <\/p><br><br><br><br>  <h2>\u00c4nderungen dieser Richtlinie<\/h2><br><br>  <p><br><br>    Wir aktualisieren diese Datenschutzrichtlinie gegebenenfalls regelm\u00e4\u00dfig. Bei wesentlichen \u00c4nderungen ver\u00f6ffentlichen wir einen entsprechenden Hinweis auf dieser Seite. Die fortgesetzte Nutzung des Dienstes nach Aktualisierungen setzt Ihr Einverst\u00e4ndnis mit der \u00fcberarbeiteten Richtlinie voraus.<br><br>  <\/p><br><br><br><br>  <h2>Kontaktiere uns<\/h2><br><br>  <p>Wenn Sie Fragen oder Bedenken haben, wenden Sie sich bitte an:<\/p><br><br>  <p><br><br>    IP Automation Inc.<br><br>    400 E Fullerton Avenue<br><br>    Carol Stream, Illinois 60188<br><br>     E-Mail: <a href=\"mailto:info@ipautomationinc.com\">info@ipautomationinc.com<\/a><br><br>    Telefon: 630-656-1215<br><br>  <\/p><br><br><br><br><\/p>","protected":false},"excerpt":{"rendered":"<p>Privacy Policy Last Updated: January 1, 2025 Effective Date: January 1, 2025 IP Automation Inc. (\u201cwe,\u201d \u201cour,\u201d or \u201cus\u201d) is<span class=\"excerpt-hellip\"> [\u2026]<\/span><\/p>\n","protected":false},"author":3,"featured_media":0,"parent":0,"menu_order":0,"comment_status":"closed","ping_status":"closed","template":"","meta":{"footnotes":""},"class_list":["post-5808","page","type-page","status-publish","hentry"],"yoast_head":"<!-- This site is optimized with the Yoast SEO plugin v27.4 - https:\/\/yoast.com\/product\/yoast-seo-wordpress\/ -->\n<title>Privacy Policy | IP Automation Inc<\/title>\n<meta name=\"description\" content=\"IP Automation Privacy Policy\" \/>\n<meta name=\"robots\" content=\"index, follow, max-snippet:-1, max-image-preview:large, max-video-preview:-1\" \/>\n<link rel=\"canonical\" href=\"https:\/\/ipautomationinc.com\/de\/datenschutzrichtlinie\/\" \/>\n<meta property=\"og:locale\" content=\"de_DE\" \/>\n<meta property=\"og:type\" content=\"article\" \/>\n<meta property=\"og:title\" content=\"Privacy Policy | IP Automation Inc\" \/>\n<meta property=\"og:description\" content=\"IP Automation Privacy Policy\" \/>\n<meta property=\"og:url\" content=\"https:\/\/ipautomationinc.com\/de\/datenschutzrichtlinie\/\" \/>\n<meta property=\"og:site_name\" content=\"IP Automation Inc\" \/>\n<meta property=\"article:publisher\" content=\"https:\/\/www.facebook.com\/ipautomationinc\/\" \/>\n<meta property=\"article:modified_time\" content=\"2025-06-27T15:08:34+00:00\" \/>\n<script type=\"application\/ld+json\" class=\"yoast-schema-graph\">{\"@context\":\"https:\\\/\\\/schema.org\",\"@graph\":[{\"@type\":\"WebPage\",\"@id\":\"https:\\\/\\\/ipautomationinc.com\\\/privacy-policy\\\/\",\"url\":\"https:\\\/\\\/ipautomationinc.com\\\/privacy-policy\\\/\",\"name\":\"Privacy Policy | IP Automation Inc\",\"isPartOf\":{\"@id\":\"https:\\\/\\\/ipautomationinc.com\\\/#website\"},\"datePublished\":\"2023-01-10T22:30:03+00:00\",\"dateModified\":\"2025-06-27T15:08:34+00:00\",\"description\":\"IP Automation Privacy Policy\",\"inLanguage\":\"de\",\"potentialAction\":[{\"@type\":\"ReadAction\",\"target\":[\"https:\\\/\\\/ipautomationinc.com\\\/privacy-policy\\\/\"]}]},{\"@type\":\"WebSite\",\"@id\":\"https:\\\/\\\/ipautomationinc.com\\\/#website\",\"url\":\"https:\\\/\\\/ipautomationinc.com\\\/\",\"name\":\"IP Automation Inc\",\"description\":\"Concept... Creation... Reality...\",\"publisher\":{\"@id\":\"https:\\\/\\\/ipautomationinc.com\\\/#organization\"},\"potentialAction\":[{\"@type\":\"SearchAction\",\"target\":{\"@type\":\"EntryPoint\",\"urlTemplate\":\"https:\\\/\\\/ipautomationinc.com\\\/?s={search_term_string}\"},\"query-input\":{\"@type\":\"PropertyValueSpecification\",\"valueRequired\":true,\"valueName\":\"search_term_string\"}}],\"inLanguage\":\"de\"},{\"@type\":\"Organization\",\"@id\":\"https:\\\/\\\/ipautomationinc.com\\\/#organization\",\"name\":\"IP Automation Inc\",\"url\":\"https:\\\/\\\/ipautomationinc.com\\\/\",\"logo\":{\"@type\":\"ImageObject\",\"inLanguage\":\"de\",\"@id\":\"https:\\\/\\\/ipautomationinc.com\\\/#\\\/schema\\\/logo\\\/image\\\/\",\"url\":\"https:\\\/\\\/ipautomationinc.com\\\/wp-content\\\/uploads\\\/2022\\\/05\\\/IPA-Favicon.png\",\"contentUrl\":\"https:\\\/\\\/ipautomationinc.com\\\/wp-content\\\/uploads\\\/2022\\\/05\\\/IPA-Favicon.png\",\"width\":513,\"height\":513,\"caption\":\"IP Automation Inc\"},\"image\":{\"@id\":\"https:\\\/\\\/ipautomationinc.com\\\/#\\\/schema\\\/logo\\\/image\\\/\"},\"sameAs\":[\"https:\\\/\\\/www.facebook.com\\\/ipautomationinc\\\/\",\"https:\\\/\\\/www.linkedin.com\\\/company\\\/ip-automation-inc\\\/\",\"https:\\\/\\\/www.youtube.com\\\/@IPAutomation\"]}]}<\/script>\n<!-- \/ Yoast SEO plugin. -->","yoast_head_json":{"title":"Datenschutzrichtlinie | IP Automation Inc","description":"Datenschutzrichtlinie von IP Automation","robots":{"index":"index","follow":"follow","max-snippet":"max-snippet:-1","max-image-preview":"max-image-preview:large","max-video-preview":"max-video-preview:-1"},"canonical":"https:\/\/ipautomationinc.com\/de\/datenschutzrichtlinie\/","og_locale":"de_DE","og_type":"article","og_title":"Privacy Policy | IP Automation Inc","og_description":"IP Automation Privacy Policy","og_url":"https:\/\/ipautomationinc.com\/de\/datenschutzrichtlinie\/","og_site_name":"IP Automation Inc","article_publisher":"https:\/\/www.facebook.com\/ipautomationinc\/","article_modified_time":"2025-06-27T15:08:34+00:00","schema":{"@context":"https:\/\/schema.org","@graph":[{"@type":"WebPage","@id":"https:\/\/ipautomationinc.com\/privacy-policy\/","url":"https:\/\/ipautomationinc.com\/privacy-policy\/","name":"Datenschutzrichtlinie | IP Automation Inc","isPartOf":{"@id":"https:\/\/ipautomationinc.com\/#website"},"datePublished":"2023-01-10T22:30:03+00:00","dateModified":"2025-06-27T15:08:34+00:00","description":"Datenschutzrichtlinie von IP Automation","inLanguage":"de","potentialAction":[{"@type":"ReadAction","target":["https:\/\/ipautomationinc.com\/privacy-policy\/"]}]},{"@type":"WebSite","@id":"https:\/\/ipautomationinc.com\/#website","url":"https:\/\/ipautomationinc.com\/","name":"IP Automation Inc","description":"Konzept... Kreation... Realit\u00e4t...","publisher":{"@id":"https:\/\/ipautomationinc.com\/#organization"},"potentialAction":[{"@type":"SearchAction","target":{"@type":"EntryPoint","urlTemplate":"https:\/\/ipautomationinc.com\/?s={search_term_string}"},"query-input":{"@type":"PropertyValueSpecification","valueRequired":true,"valueName":"search_term_string"}}],"inLanguage":"de"},{"@type":"Organization","@id":"https:\/\/ipautomationinc.com\/#organization","name":"IP Automation Inc","url":"https:\/\/ipautomationinc.com\/","logo":{"@type":"ImageObject","inLanguage":"de","@id":"https:\/\/ipautomationinc.com\/#\/schema\/logo\/image\/","url":"https:\/\/ipautomationinc.com\/wp-content\/uploads\/2022\/05\/IPA-Favicon.png","contentUrl":"https:\/\/ipautomationinc.com\/wp-content\/uploads\/2022\/05\/IPA-Favicon.png","width":513,"height":513,"caption":"IP Automation Inc"},"image":{"@id":"https:\/\/ipautomationinc.com\/#\/schema\/logo\/image\/"},"sameAs":["https:\/\/www.facebook.com\/ipautomationinc\/","https:\/\/www.linkedin.com\/company\/ip-automation-inc\/","https:\/\/www.youtube.com\/@IPAutomation"]}]}},"_links":{"self":[{"href":"https:\/\/ipautomationinc.com\/de\/wp-json\/wp\/v2\/pages\/5808","targetHints":{"allow":["GET"]}}],"collection":[{"href":"https:\/\/ipautomationinc.com\/de\/wp-json\/wp\/v2\/pages"}],"about":[{"href":"https:\/\/ipautomationinc.com\/de\/wp-json\/wp\/v2\/types\/page"}],"author":[{"embeddable":true,"href":"https:\/\/ipautomationinc.com\/de\/wp-json\/wp\/v2\/users\/3"}],"replies":[{"embeddable":true,"href":"https:\/\/ipautomationinc.com\/de\/wp-json\/wp\/v2\/comments?post=5808"}],"version-history":[{"count":5,"href":"https:\/\/ipautomationinc.com\/de\/wp-json\/wp\/v2\/pages\/5808\/revisions"}],"predecessor-version":[{"id":37847,"href":"https:\/\/ipautomationinc.com\/de\/wp-json\/wp\/v2\/pages\/5808\/revisions\/37847"}],"wp:attachment":[{"href":"https:\/\/ipautomationinc.com\/de\/wp-json\/wp\/v2\/media?parent=5808"}],"curies":[{"name":"wp","href":"https:\/\/api.w.org\/{rel}","templated":true}]}}