{"id":39705,"date":"2026-04-01T13:37:45","date_gmt":"2026-04-01T18:37:45","guid":{"rendered":"https:\/\/ipautomationinc.com\/?page_id=39705"},"modified":"2026-04-01T13:37:46","modified_gmt":"2026-04-01T18:37:46","slug":"cnc-rohrbiegemaschinen","status":"publish","type":"page","link":"https:\/\/ipautomationinc.com\/de\/cnc-tube-benders\/","title":{"rendered":"CNC-Rohrbiegemaschinen"},"content":{"rendered":"<p>Explore our selection of 3D CNC Tube Benders to find the perfect one for you. Quality made in the USA machinery. T series 3D CNC Tube Bender. P series single piece 3D CNC Wire Bender.<\/p>\n\n\n\n<p><span class=\"builder2seo\"><\/span>CNC-Rohrbiegemaschinen<br><br>breit<br><br><img decoding=\"async\" src=\"https:\/\/ipautomationinc.com\/wp-content\/uploads\/2026\/03\/i13T-S\u00b2-3D-CNC-Tube-Bending-Machine.png#39661\" alt=\"i13T-S\u00b2 3D CNC Tube Bending Machine\"><br><a href=\"https:\/\/ipautomationinc.com\/de\/t-serie\/\">https:\/\/ipautomationinc.com\/t-series\/<\/a><br><br>T-Serie<br><br>Erfahren Sie mehr<br><a href=\"https:\/\/ipautomationinc.com\/de\/t-serie\/\">https:\/\/ipautomationinc.com\/t-series\/<\/a><br>Schaltfl\u00e4chenthema<br><br>3D-CNC-Rohrbiegemaschine f\u00fcr Anwendungen ab Spulenmaterial<br><br><h5>Die T-Serie ist eine 3D-CNC-Rohrbiegemaschine, die Coil-Material mit zwei Biegek\u00f6pfen zum Walzen- und Druckbiegen verarbeitet.<\/h5><br><br><br><br>3-20 mm* Rohrkapazit\u00e4t<br><br>Ideal f\u00fcr Verbindungsrohre, K\u00e4ltemittelregister, rechteckige und variable Register.<br><br><br>\u00dcberschrift + Abstieg<br>no-repeat;links oben;;<br>Auto<br>20px<br>0 10%<br><br><img decoding=\"async\" src=\"https:\/\/ipautomationinc.com\/wp-content\/uploads\/2026\/02\/i10-S\u00b2-P-Single-Piece-3D-CNC-Wire-Bender.png#39498\" alt=\"i10-S\u00b2-P Single Piece 3D CNC Wire Bender\"><br><a href=\"https:\/\/ipautomationinc.com\/de\/ip-serie\/\">https:\/\/ipautomationinc.com\/i-p-series\/<\/a><br><br>iP-Serie<br><br>Erfahren Sie mehr<br><a href=\"https:\/\/ipautomationinc.com\/de\/ip-serie\/\">https:\/\/ipautomationinc.com\/i-p-series\/<\/a><br>Schaltfl\u00e4chenthema<br><br>Einzelst\u00fcck Mehrfachbiegekopf 3D CNC-Drahtbieger<br><br><h5>Die iP-Einteil-CNC-Drahtbiegemaschine wurde entwickelt, um die Bearbeitung anspruchsvoller Teile und Teilekombinationen zu vereinfachen, die Vielseitigkeit und Flexibilit\u00e4t f\u00fcr Anwendungen mit geringem Volumen erfordern.<\/h5><br><br><br><br>2,5\u201316 mm* Drahtdurchmesser<br><br>Perfekt f\u00fcr Auspuffaufh\u00e4nger, Teile mit hoher Mischung und geringem Volumen, Heizelemente und Teile mit geschlossenem Endkreislauf<br><br>Einzel- oder Doppelbiegungsk\u00f6pfe<br><br><br>\u00dcberschrift + Abstieg<br>no-repeat;links oben;;<br>Auto<br>20px<br>0 10%<br><br><\/p>","protected":false},"excerpt":{"rendered":"<p>Explore our selection of 3D CNC Tube Benders to find the perfect one for you. Quality made in the USA<span class=\"excerpt-hellip\"> [\u2026]<\/span><\/p>\n","protected":false},"author":3,"featured_media":0,"parent":0,"menu_order":0,"comment_status":"closed","ping_status":"closed","template":"","meta":{"footnotes":""},"class_list":["post-39705","page","type-page","status-publish","hentry"],"yoast_head":"<!-- This site is optimized with the Yoast SEO plugin v27.4 - https:\/\/yoast.com\/product\/yoast-seo-wordpress\/ -->\n<title>CNC Tube Benders | IP Automation Inc<\/title>\n<meta name=\"description\" content=\"Explore our selection of CNC Tube Benders to find the perfect one for you. Quality made in the USA machinery.\" \/>\n<meta name=\"robots\" content=\"index, follow, max-snippet:-1, max-image-preview:large, max-video-preview:-1\" \/>\n<link rel=\"canonical\" href=\"https:\/\/ipautomationinc.com\/de\/cnc-rohrbiegemaschinen\/\" \/>\n<meta property=\"og:locale\" content=\"de_DE\" \/>\n<meta property=\"og:type\" content=\"article\" \/>\n<meta property=\"og:title\" content=\"CNC Tube Benders | IP Automation Inc\" \/>\n<meta property=\"og:description\" content=\"Explore our selection of CNC Tube Benders to find the perfect one for you. Quality made in the USA machinery.\" \/>\n<meta property=\"og:url\" content=\"https:\/\/ipautomationinc.com\/de\/cnc-rohrbiegemaschinen\/\" \/>\n<meta property=\"og:site_name\" content=\"IP Automation Inc\" \/>\n<meta property=\"article:publisher\" content=\"https:\/\/www.facebook.com\/ipautomationinc\/\" \/>\n<meta property=\"article:modified_time\" content=\"2026-04-01T18:37:46+00:00\" \/>\n<script type=\"application\/ld+json\" class=\"yoast-schema-graph\">{\"@context\":\"https:\\\/\\\/schema.org\",\"@graph\":[{\"@type\":\"WebPage\",\"@id\":\"https:\\\/\\\/ipautomationinc.com\\\/cnc-tube-benders\\\/\",\"url\":\"https:\\\/\\\/ipautomationinc.com\\\/cnc-tube-benders\\\/\",\"name\":\"CNC Tube Benders | IP Automation Inc\",\"isPartOf\":{\"@id\":\"https:\\\/\\\/ipautomationinc.com\\\/#website\"},\"datePublished\":\"2026-04-01T18:37:45+00:00\",\"dateModified\":\"2026-04-01T18:37:46+00:00\",\"description\":\"Explore our selection of CNC Tube Benders to find the perfect one for you. Quality made in the USA machinery.\",\"inLanguage\":\"de\",\"potentialAction\":[{\"@type\":\"ReadAction\",\"target\":[\"https:\\\/\\\/ipautomationinc.com\\\/cnc-tube-benders\\\/\"]}]},{\"@type\":\"WebSite\",\"@id\":\"https:\\\/\\\/ipautomationinc.com\\\/#website\",\"url\":\"https:\\\/\\\/ipautomationinc.com\\\/\",\"name\":\"IP Automation Inc\",\"description\":\"Concept... Creation... Reality...\",\"publisher\":{\"@id\":\"https:\\\/\\\/ipautomationinc.com\\\/#organization\"},\"potentialAction\":[{\"@type\":\"SearchAction\",\"target\":{\"@type\":\"EntryPoint\",\"urlTemplate\":\"https:\\\/\\\/ipautomationinc.com\\\/?s={search_term_string}\"},\"query-input\":{\"@type\":\"PropertyValueSpecification\",\"valueRequired\":true,\"valueName\":\"search_term_string\"}}],\"inLanguage\":\"de\"},{\"@type\":\"Organization\",\"@id\":\"https:\\\/\\\/ipautomationinc.com\\\/#organization\",\"name\":\"IP Automation Inc\",\"url\":\"https:\\\/\\\/ipautomationinc.com\\\/\",\"logo\":{\"@type\":\"ImageObject\",\"inLanguage\":\"de\",\"@id\":\"https:\\\/\\\/ipautomationinc.com\\\/#\\\/schema\\\/logo\\\/image\\\/\",\"url\":\"https:\\\/\\\/ipautomationinc.com\\\/wp-content\\\/uploads\\\/2022\\\/05\\\/IPA-Favicon.png\",\"contentUrl\":\"https:\\\/\\\/ipautomationinc.com\\\/wp-content\\\/uploads\\\/2022\\\/05\\\/IPA-Favicon.png\",\"width\":513,\"height\":513,\"caption\":\"IP Automation Inc\"},\"image\":{\"@id\":\"https:\\\/\\\/ipautomationinc.com\\\/#\\\/schema\\\/logo\\\/image\\\/\"},\"sameAs\":[\"https:\\\/\\\/www.facebook.com\\\/ipautomationinc\\\/\",\"https:\\\/\\\/www.linkedin.com\\\/company\\\/ip-automation-inc\\\/\",\"https:\\\/\\\/www.youtube.com\\\/@IPAutomation\"]}]}<\/script>\n<!-- \/ Yoast SEO plugin. -->","yoast_head_json":{"title":"CNC-Rohrbiegemaschinen | IP Automation Inc.","description":"Entdecken Sie unsere Auswahl an CNC-Rohrbiegemaschinen und finden Sie das perfekte Modell f\u00fcr Ihre Bed\u00fcrfnisse. Hochwertige Maschinen aus den USA.","robots":{"index":"index","follow":"follow","max-snippet":"max-snippet:-1","max-image-preview":"max-image-preview:large","max-video-preview":"max-video-preview:-1"},"canonical":"https:\/\/ipautomationinc.com\/de\/cnc-rohrbiegemaschinen\/","og_locale":"de_DE","og_type":"article","og_title":"CNC Tube Benders | IP Automation Inc","og_description":"Explore our selection of CNC Tube Benders to find the perfect one for you. Quality made in the USA machinery.","og_url":"https:\/\/ipautomationinc.com\/de\/cnc-rohrbiegemaschinen\/","og_site_name":"IP Automation Inc","article_publisher":"https:\/\/www.facebook.com\/ipautomationinc\/","article_modified_time":"2026-04-01T18:37:46+00:00","schema":{"@context":"https:\/\/schema.org","@graph":[{"@type":"WebPage","@id":"https:\/\/ipautomationinc.com\/cnc-tube-benders\/","url":"https:\/\/ipautomationinc.com\/cnc-tube-benders\/","name":"CNC-Rohrbiegemaschinen | IP Automation Inc.","isPartOf":{"@id":"https:\/\/ipautomationinc.com\/#website"},"datePublished":"2026-04-01T18:37:45+00:00","dateModified":"2026-04-01T18:37:46+00:00","description":"Entdecken Sie unsere Auswahl an CNC-Rohrbiegemaschinen und finden Sie das perfekte Modell f\u00fcr Ihre Bed\u00fcrfnisse. Hochwertige Maschinen aus den USA.","inLanguage":"de","potentialAction":[{"@type":"ReadAction","target":["https:\/\/ipautomationinc.com\/cnc-tube-benders\/"]}]},{"@type":"WebSite","@id":"https:\/\/ipautomationinc.com\/#website","url":"https:\/\/ipautomationinc.com\/","name":"IP Automation Inc","description":"Konzept... Kreation... Realit\u00e4t...","publisher":{"@id":"https:\/\/ipautomationinc.com\/#organization"},"potentialAction":[{"@type":"SearchAction","target":{"@type":"EntryPoint","urlTemplate":"https:\/\/ipautomationinc.com\/?s={search_term_string}"},"query-input":{"@type":"PropertyValueSpecification","valueRequired":true,"valueName":"search_term_string"}}],"inLanguage":"de"},{"@type":"Organization","@id":"https:\/\/ipautomationinc.com\/#organization","name":"IP Automation Inc","url":"https:\/\/ipautomationinc.com\/","logo":{"@type":"ImageObject","inLanguage":"de","@id":"https:\/\/ipautomationinc.com\/#\/schema\/logo\/image\/","url":"https:\/\/ipautomationinc.com\/wp-content\/uploads\/2022\/05\/IPA-Favicon.png","contentUrl":"https:\/\/ipautomationinc.com\/wp-content\/uploads\/2022\/05\/IPA-Favicon.png","width":513,"height":513,"caption":"IP Automation Inc"},"image":{"@id":"https:\/\/ipautomationinc.com\/#\/schema\/logo\/image\/"},"sameAs":["https:\/\/www.facebook.com\/ipautomationinc\/","https:\/\/www.linkedin.com\/company\/ip-automation-inc\/","https:\/\/www.youtube.com\/@IPAutomation"]}]}},"_links":{"self":[{"href":"https:\/\/ipautomationinc.com\/de\/wp-json\/wp\/v2\/pages\/39705","targetHints":{"allow":["GET"]}}],"collection":[{"href":"https:\/\/ipautomationinc.com\/de\/wp-json\/wp\/v2\/pages"}],"about":[{"href":"https:\/\/ipautomationinc.com\/de\/wp-json\/wp\/v2\/types\/page"}],"author":[{"embeddable":true,"href":"https:\/\/ipautomationinc.com\/de\/wp-json\/wp\/v2\/users\/3"}],"replies":[{"embeddable":true,"href":"https:\/\/ipautomationinc.com\/de\/wp-json\/wp\/v2\/comments?post=39705"}],"version-history":[{"count":2,"href":"https:\/\/ipautomationinc.com\/de\/wp-json\/wp\/v2\/pages\/39705\/revisions"}],"predecessor-version":[{"id":39707,"href":"https:\/\/ipautomationinc.com\/de\/wp-json\/wp\/v2\/pages\/39705\/revisions\/39707"}],"wp:attachment":[{"href":"https:\/\/ipautomationinc.com\/de\/wp-json\/wp\/v2\/media?parent=39705"}],"curies":[{"name":"wp","href":"https:\/\/api.w.org\/{rel}","templated":true}]}}