{"id":39678,"date":"2026-03-31T15:35:20","date_gmt":"2026-03-31T20:35:20","guid":{"rendered":"https:\/\/ipautomationinc.com\/?page_id=39678"},"modified":"2026-03-31T16:05:13","modified_gmt":"2026-03-31T21:05:13","slug":"t-serie","status":"publish","type":"page","link":"https:\/\/ipautomationinc.com\/de\/t-series\/","title":{"rendered":"T Series 3D CNC Tube Bender"},"content":{"rendered":"<p>Die T-Serie ist eine 3D-CNC-Rohrbiegemaschine zur Bearbeitung von Coil-Materialien<br>using dual bend heads for roll and compression bending.With optional saw cut or inline chamfer cut capabilities and robotic integration, this machine is ideal for streamlining high volume production.<\/p>\n\n\n\n<p><span class=\"builder2seo\"><\/span>3D-CNC-Rohrbiegemaschine f\u00fcr Anwendungen ab Spulenmaterial<br><br>T-Serie<br><br><img decoding=\"async\" src=\"https:\/\/ipautomationinc.com\/wp-content\/uploads\/2026\/03\/i13T-S\u00b2-3D-CNC-Tube-Bending-Machine.png#39661\" alt=\"i13T-S\u00b2 3D CNC Tube Bending Machine\"><br>3D-CNC-Drahtbiegemaschine<br>400 Pixel<br><br>Klicken Sie hier f\u00fcr das Video<br><a href=\"https:\/\/ipautomationinc.com\/de\/t-serie\/#video\">https:\/\/ipautomationinc.com\/t-series\/#video<\/a><br>fas fa-spielkreis<br>Schaltfl\u00e4chenthema<br><br>Klicken Sie hier f\u00fcr den Flyer als PDF<br><a href=\"https:\/\/ipautomationinc.com\/wp-content\/uploads\/2026\/03\/T-Series-Flyer.pdf\">https:\/\/ipautomationinc.com\/wp-content\/uploads\/2026\/03\/T-Series-Flyer.pdf<\/a><br>fas fa-Datei-pdf<br>Schaltfl\u00e4chenthema<br>https:\/\/ipautomationinc.com\/wp-content\/uploads\/2026\/03\/T-Series-Flyer.pdf<br><br>39665,39664,39663,39662,39666<br>#0455B3<br>3px 3px 3px 3px<br><br><h4>Die T-Serie ist eine 3D-CNC-Rohrbiegemaschine, die Coil-Material mit zwei Biegek\u00f6pfen zum Walzen- und Druckbiegen verarbeitet.<\/h4><br><br><h4>With optional saw cut or inline chamfer cut capabilities androbotic integration, this machine is ideal for streamlining highvolume production.<\/h4><br><br><h3>Anwendungen<\/h3><br><br><h4>Multitude of 2 and 3 dimensional parts from connector tubes, rectangular and variable dimension coils, refrigeration coils&#8230;<\/h4><br>#EBEBEB<br><br>39676,39682<br>300 Pixel<br>300 Pixel<br><br><img decoding=\"async\" src=\"https:\/\/ipautomationinc.com\/wp-content\/uploads\/2026\/03\/i13T-S\u00b2-3D-CNC-Tube-Bending-Machine.png#39661\" alt=\"i13T-S\u00b2 3D CNC Tube Bending Machine\"><br>3D-CNC-Drahtbiegemaschine<br><br>Klicken Sie hier f\u00fcr das Video<br><a href=\"https:\/\/ipautomationinc.com\/de\/t-serie\/#video\">https:\/\/ipautomationinc.com\/t-series\/#video<\/a><br>fas fa-spielkreis<br>Schaltfl\u00e4chenthema<br><br>Klicken Sie hier f\u00fcr den Flyer als PDF<br><a href=\"https:\/\/ipautomationinc.com\/wp-content\/uploads\/2026\/03\/T-Series-Flyer.pdf\">https:\/\/ipautomationinc.com\/wp-content\/uploads\/2026\/03\/T-Series-Flyer.pdf<\/a><br>fas fa-Datei-pdf<br>Schaltfl\u00e4chenthema<br>https:\/\/ipautomationinc.com\/wp-content\/uploads\/2026\/03\/T-Series-Flyer.pdf<br><br>39665,39664,39663,39662,39666<br>#0455B3<br>3px 3px 3px 3px<br>Brauch<br>80%<br><br><h4>Die T-Serie ist eine 3D-CNC-Rohrbiegemaschine, die Coil-Material mit zwei Biegek\u00f6pfen zum Walzen- und Druckbiegen verarbeitet.<\/h4><br><br><h4>With optional saw cut or inline chamfer cut capabilities androbotic integration, this machine is ideal for streamlining highvolume production.<\/h4><br><br><h3>Anwendungen<\/h3><br><br><h4>Multitude of 2 and 3 dimensional parts from connector tubes, rectangular and variable dimension coils, refrigeration coils&#8230;<\/h4><br>#EBEBEB<br><br>39676,39682<br>300 Pixel<br>300 Pixel<br>Bildunterschrift-Overlay<br><br><br>Medien<br><br>;C;;<br><br><br>Merkmale<br><br>Biegen<br>Programmierung<br>Einzelheiten<br><br><br>IP-Automatisierungsingenieure und CNC-Bearbeiter fertigen alle Biegek\u00f6pfe, Schneidger\u00e4te und Drahtvorschubrollen im eigenen Haus zu angemessenen Kosten und mit schneller Bearbeitungszeit<br><br><br><br><br>\t<a href=\"https:\/\/ipautomationinc.com\/de\/maschinenfahigkeiten\/\">Intellibend-Software <\/a> auf dem Windows-Betriebssystem<br><br>Length-Rotation-Angle CNC programand absolute programming options<br><br>Beschleunigungs-, Verz\u00f6gerungs- und Kurvenbeschleunigungsregler<br><br>Integrierte Chargenkontrolle und St\u00fcckz\u00e4hlung<br><br>STEP-Datei-Import<br><br>Schneller, sicherer VPN-Tunnel f\u00fcr die Fernsupportverbindung<br><br>Benutzerweite Kontrollbeschr\u00e4nkungen<br><br>Intelligente Wartungsbenachrichtigungen basierend auf Bewegungsdaten<br><br>OPC-UA-Funktionalit\u00e4t f\u00fcr die \u201cIIoT\u201d-Implementierung<br><br>\t<br><br><br>Auszahlung bei linearer Bewegungsarmkapazit\u00e4t: 3000 lbs. inklusive (4500 lbs. Option verf\u00fcgbar)<br><br>7\u2032 (2,13 m) Sicherheitsk\u00e4fig mit Sicherheitsverriegelungst\u00fcr<br><br>Breites Spektrum an Doppelebenen-Gl\u00e4ttmaschinen<br><br>Alle Vorschub- und Biegeantriebssysteme verf\u00fcgen \u00fcber geh\u00e4rtete Zahnr\u00e4der und sind vollst\u00e4ndig gekapselt.<br><br>Schnell schwenkbare, geh\u00e4rtete Vorschubwalzen f\u00fcr 2 Gr\u00f6\u00dfen<br><br>Linearencoder am Drahtvorschub f\u00fcr Genauigkeit und Schlupferkennung<br><br>Schlauchstabilisator<br><br>Nachschleifbare Schneidwerkzeugoberfl\u00e4che<br><br>Schulung vor Ort m\u00f6glich<br><br>Roboterintegrationsf\u00e4hig<br><br><br>#EBEBEB<br>#222222<br><br><br>Spezifikationen<br><br><br><br><p>*Der minimale und maximale Durchmesser wird durch die Zugfestigkeit des Drahtes beeinflusst. Kontaktieren Sie uns zur Kl\u00e4rung des Min\/Max-Bereichs f\u00fcr Ihren Kabeltyp.<\/p><br><br><br>Maschinenoptionen<br><br>Armmontierter, einziehbarer S\u00e4geschneider<br>mit Sp\u00e4ne-Vakuum<br><img decoding=\"async\" src=\"https:\/\/ipautomationinc.com\/wp-content\/uploads\/2026\/03\/retractable-saw-cut.png#39676\" alt=\"retractable saw cut\"><br>Kastenma\u00dfstab<br>70%<br><br>Inline-Servo-Rill-\/Fasenschneider<br><img decoding=\"async\" src=\"https:\/\/ipautomationinc.com\/wp-content\/uploads\/2024\/01\/internal-chamfer.png#35611\" alt=\"internal chamfer\"><br><a href=\"https:\/\/ipautomationinc.com\/de\/zubehor\/inline-fase\/\">https:\/\/ipautomationinc.com\/accessories\/in-line-chamfer\/<\/a><br>Kastenma\u00dfstab<br>70%<br><br>Intelligente Robotik<br>mit ma\u00dfgeschneidertem EOAT<br><img decoding=\"async\" src=\"https:\/\/ipautomationinc.com\/wp-content\/uploads\/2022\/06\/machine-options_robot.png\" alt=\"machine-options_robot\"><br><a href=\"https:\/\/ipautomationinc.com\/de\/zubehor\/robotik\/\">https:\/\/ipautomationinc.com\/accessories\/robotics\/<\/a><br><br>iFM-Bearbeitungszentrum<br><img decoding=\"async\" src=\"https:\/\/ipautomationinc.com\/wp-content\/uploads\/2023\/11\/ifm-icon-1.png#35422\" alt=\"ifm-Symbol\"><br><a href=\"https:\/\/ipautomationinc.com\/de\/zubehor\/bearbeitungszentrum\/\">https:\/\/ipautomationinc.com\/accessories\/machining-center\/<\/a><br>Kastenma\u00dfstab<br>70%<br><br>Fasen-\/Bohrstation<br><img decoding=\"async\" src=\"https:\/\/ipautomationinc.com\/wp-content\/uploads\/2024\/08\/chamfer-drill.png#36736\" alt=\"Fasenbohrer\"><br><a href=\"https:\/\/ipautomationinc.com\/de\/zubehor\/fasenbohrer\/\">https:\/\/ipautomationinc.com\/accessories\/chamfer-drill\/<\/a><br>Kastenma\u00dfstab<br>70%<br><br>Endenformung<br><img decoding=\"async\" src=\"https:\/\/ipautomationinc.com\/wp-content\/uploads\/2022\/06\/machine-options_cold-heading.png\" alt=\"machine-options_cold-heading\"><br>Kastenma\u00dfstab<br>70%<br><br>L\u00f6sungen f\u00fcr die Teilehandhabung<br><img decoding=\"async\" src=\"https:\/\/ipautomationinc.com\/wp-content\/uploads\/2022\/06\/machine-options_rack-option.png#1323\" alt=\"machine-options_rack-option\"><br>Kastenma\u00dfstab<br>70%<br><br>Holen Sie sich jetzt die Preise!<br>icon-forward<br><a href=\"https:\/\/ipautomationinc.com\/de\/kontaktiere-uns\/#form\">https:\/\/ipautomationinc.com\/contact-us\/#form<\/a><br>50px<br><br>Andere CNC-Drahtbiegemaschinen<br><br><h4>iP-Serie<\/h4><br><br><p><hr class=\"no_line\" style=\"margin: 0 auto 0px auto\"\/>\n <a href=\"https:\/\/ipautomationinc.com\/de\/ip-serie\/\"> <img decoding=\"async\" src=\"https:\/\/ipautomationinc.com\/wp-content\/uploads\/2026\/02\/i10-S\u00b2-P-Single-Piece-3D-CNC-Wire-Bender.png\" alt=\"i-S\u00b2-P Einzelst\u00fcck-CNC-Drahtformer\"> <\/a> <hr class=\"no_line\" style=\"margin: 0 auto 0px auto\"\/>\n<\/p><br><br><p>Die P-Serie wurde entwickelt, um die Bearbeitung anspruchsvoller Drahtformen von 2,5 bis 16 mm problemlos zu bew\u00e4ltigen.<\/p><br><br><a class=\"mfn-link mfn-link-1\" href=\"\" style=\"\" data-hover=\"\"   ><span data-hover=\"\"><\/span><\/a><br>no-repeat;links oben;;<br>Auto<br><br><h4>i-S-Serie<\/h4><br><br><p><hr class=\"no_line\" style=\"margin: 0 auto 0px auto\"\/>\n <a href=\"https:\/\/ipautomationinc.com\/de\/serie-i-s\/\"> <img decoding=\"async\" src=\"https:\/\/ipautomationinc.com\/wp-content\/uploads\/2023\/02\/i8-S-RGB-1.png\" alt=\"iS CNC-Drahtformer\"> <\/a> <hr class=\"no_line\" style=\"margin: 0 auto 0px auto\"\/>\n<\/p><br><br><p>Die S-Serie ist ein Pr\u00e4zisions-Arbeitstier f\u00fcr 3D-Drahtformteile von 2-20 mm.<\/p><br><br><a class=\"mfn-link mfn-link-1\" href=\"\" style=\"\" data-hover=\"\"   ><span data-hover=\"\"><\/span><\/a><br>no-repeat;links oben;;<br>Auto<br><br><h4>i-SC-Serie<\/h4><br><br><p><hr class=\"no_line\" style=\"margin: 0 auto 0px auto\"\/>\n <a href=\"https:\/\/ipautomationinc.com\/de\/serie-i-sc\/\"> <img decoding=\"async\" src=\"https:\/\/ipautomationinc.com\/wp-content\/uploads\/2025\/09\/i8-SC-RGB.png\" alt=\"\"> <\/a> <hr class=\"no_line\" style=\"margin: 0 auto 0px auto\"\/>\n<\/p><br><br><p>Die SC-Serie ist die perfekte Maschine f\u00fcr k\u00fcrzere 3D-Drahtformen aus 2\u20138 mm Draht<\/p><br><br><a class=\"mfn-link mfn-link-1\" href=\"\" style=\"\" data-hover=\"\"   ><span data-hover=\"\"><\/span><\/a><br>no-repeat;links oben;;<br>Auto<br><br><\/p>","protected":false},"excerpt":{"rendered":"<p>The T series is a 3D CNC tubing bender that processes coil stockusing dual bend heads for roll and compression<span class=\"excerpt-hellip\"> [\u2026]<\/span><\/p>\n","protected":false},"author":3,"featured_media":0,"parent":0,"menu_order":0,"comment_status":"closed","ping_status":"closed","template":"","meta":{"footnotes":""},"class_list":["post-39678","page","type-page","status-publish","hentry"],"yoast_head":"<!-- This site is optimized with the Yoast SEO plugin v27.4 - https:\/\/yoast.com\/product\/yoast-seo-wordpress\/ -->\n<title>T Series 3D CNC Tube Bender | IP Automation Inc<\/title>\n<meta name=\"description\" content=\"The T series is a 3D CNC tubing bender that processes coil stockusing dual bend heads for roll and compression bending.\" \/>\n<meta name=\"robots\" content=\"index, follow, max-snippet:-1, max-image-preview:large, max-video-preview:-1\" \/>\n<link rel=\"canonical\" href=\"https:\/\/ipautomationinc.com\/de\/t-serie\/\" \/>\n<meta property=\"og:locale\" content=\"de_DE\" \/>\n<meta property=\"og:type\" content=\"article\" \/>\n<meta property=\"og:title\" content=\"T Series 3D CNC Tube Bender | IP Automation Inc\" \/>\n<meta property=\"og:description\" content=\"The T series is a 3D CNC tubing bender that processes coil stockusing dual bend heads for roll and compression bending.\" \/>\n<meta property=\"og:url\" content=\"https:\/\/ipautomationinc.com\/de\/t-serie\/\" \/>\n<meta property=\"og:site_name\" content=\"IP Automation Inc\" \/>\n<meta property=\"article:publisher\" content=\"https:\/\/www.facebook.com\/ipautomationinc\/\" \/>\n<meta property=\"article:modified_time\" content=\"2026-03-31T21:05:13+00:00\" \/>\n<meta property=\"og:image\" content=\"https:\/\/ipautomationinc.com\/wp-content\/uploads\/2026\/03\/retractable-saw-cut.png#39676\" \/>\n<script type=\"application\/ld+json\" class=\"yoast-schema-graph\">{\"@context\":\"https:\\\/\\\/schema.org\",\"@graph\":[{\"@type\":\"WebPage\",\"@id\":\"https:\\\/\\\/ipautomationinc.com\\\/t-series\\\/\",\"url\":\"https:\\\/\\\/ipautomationinc.com\\\/t-series\\\/\",\"name\":\"T Series 3D CNC Tube Bender | IP Automation Inc\",\"isPartOf\":{\"@id\":\"https:\\\/\\\/ipautomationinc.com\\\/#website\"},\"primaryImageOfPage\":{\"@id\":\"https:\\\/\\\/ipautomationinc.com\\\/t-series\\\/#primaryimage\"},\"image\":{\"@id\":\"https:\\\/\\\/ipautomationinc.com\\\/t-series\\\/#primaryimage\"},\"thumbnailUrl\":\"https:\\\/\\\/ipautomationinc.com\\\/wp-content\\\/uploads\\\/2026\\\/03\\\/retractable-saw-cut.png#39676\",\"datePublished\":\"2026-03-31T20:35:20+00:00\",\"dateModified\":\"2026-03-31T21:05:13+00:00\",\"description\":\"The T series is a 3D CNC tubing bender that processes coil stockusing dual bend heads for roll and compression bending.\",\"inLanguage\":\"de\",\"potentialAction\":[{\"@type\":\"ReadAction\",\"target\":[\"https:\\\/\\\/ipautomationinc.com\\\/t-series\\\/\"]}]},{\"@type\":\"ImageObject\",\"inLanguage\":\"de\",\"@id\":\"https:\\\/\\\/ipautomationinc.com\\\/t-series\\\/#primaryimage\",\"url\":\"https:\\\/\\\/ipautomationinc.com\\\/wp-content\\\/uploads\\\/2026\\\/03\\\/retractable-saw-cut.png#39676\",\"contentUrl\":\"https:\\\/\\\/ipautomationinc.com\\\/wp-content\\\/uploads\\\/2026\\\/03\\\/retractable-saw-cut.png#39676\"},{\"@type\":\"WebSite\",\"@id\":\"https:\\\/\\\/ipautomationinc.com\\\/#website\",\"url\":\"https:\\\/\\\/ipautomationinc.com\\\/\",\"name\":\"IP Automation Inc\",\"description\":\"Concept... Creation... Reality...\",\"publisher\":{\"@id\":\"https:\\\/\\\/ipautomationinc.com\\\/#organization\"},\"potentialAction\":[{\"@type\":\"SearchAction\",\"target\":{\"@type\":\"EntryPoint\",\"urlTemplate\":\"https:\\\/\\\/ipautomationinc.com\\\/?s={search_term_string}\"},\"query-input\":{\"@type\":\"PropertyValueSpecification\",\"valueRequired\":true,\"valueName\":\"search_term_string\"}}],\"inLanguage\":\"de\"},{\"@type\":\"Organization\",\"@id\":\"https:\\\/\\\/ipautomationinc.com\\\/#organization\",\"name\":\"IP Automation Inc\",\"url\":\"https:\\\/\\\/ipautomationinc.com\\\/\",\"logo\":{\"@type\":\"ImageObject\",\"inLanguage\":\"de\",\"@id\":\"https:\\\/\\\/ipautomationinc.com\\\/#\\\/schema\\\/logo\\\/image\\\/\",\"url\":\"https:\\\/\\\/ipautomationinc.com\\\/wp-content\\\/uploads\\\/2022\\\/05\\\/IPA-Favicon.png\",\"contentUrl\":\"https:\\\/\\\/ipautomationinc.com\\\/wp-content\\\/uploads\\\/2022\\\/05\\\/IPA-Favicon.png\",\"width\":513,\"height\":513,\"caption\":\"IP Automation Inc\"},\"image\":{\"@id\":\"https:\\\/\\\/ipautomationinc.com\\\/#\\\/schema\\\/logo\\\/image\\\/\"},\"sameAs\":[\"https:\\\/\\\/www.facebook.com\\\/ipautomationinc\\\/\",\"https:\\\/\\\/www.linkedin.com\\\/company\\\/ip-automation-inc\\\/\",\"https:\\\/\\\/www.youtube.com\\\/@IPAutomation\"]}]}<\/script>\n<!-- \/ Yoast SEO plugin. -->","yoast_head_json":{"title":"3D-CNC-Rohrbiegemaschine der T-Serie | IP Automation Inc.","description":"Die T-Serie ist eine 3D-CNC-Rohrbiegemaschine, die Coil-Material mit zwei Biegek\u00f6pfen zum Walzen- und Druckbiegen verarbeitet.","robots":{"index":"index","follow":"follow","max-snippet":"max-snippet:-1","max-image-preview":"max-image-preview:large","max-video-preview":"max-video-preview:-1"},"canonical":"https:\/\/ipautomationinc.com\/de\/t-serie\/","og_locale":"de_DE","og_type":"article","og_title":"T Series 3D CNC Tube Bender | IP Automation Inc","og_description":"The T series is a 3D CNC tubing bender that processes coil stockusing dual bend heads for roll and compression bending.","og_url":"https:\/\/ipautomationinc.com\/de\/t-serie\/","og_site_name":"IP Automation Inc","article_publisher":"https:\/\/www.facebook.com\/ipautomationinc\/","article_modified_time":"2026-03-31T21:05:13+00:00","og_image":[{"url":"https:\/\/ipautomationinc.com\/wp-content\/uploads\/2026\/03\/retractable-saw-cut.png#39676","type":"","width":"","height":""}],"schema":{"@context":"https:\/\/schema.org","@graph":[{"@type":"WebPage","@id":"https:\/\/ipautomationinc.com\/t-series\/","url":"https:\/\/ipautomationinc.com\/t-series\/","name":"3D-CNC-Rohrbiegemaschine der T-Serie | IP Automation Inc.","isPartOf":{"@id":"https:\/\/ipautomationinc.com\/#website"},"primaryImageOfPage":{"@id":"https:\/\/ipautomationinc.com\/t-series\/#primaryimage"},"image":{"@id":"https:\/\/ipautomationinc.com\/t-series\/#primaryimage"},"thumbnailUrl":"https:\/\/ipautomationinc.com\/wp-content\/uploads\/2026\/03\/retractable-saw-cut.png#39676","datePublished":"2026-03-31T20:35:20+00:00","dateModified":"2026-03-31T21:05:13+00:00","description":"Die T-Serie ist eine 3D-CNC-Rohrbiegemaschine, die Coil-Material mit zwei Biegek\u00f6pfen zum Walzen- und Druckbiegen verarbeitet.","inLanguage":"de","potentialAction":[{"@type":"ReadAction","target":["https:\/\/ipautomationinc.com\/t-series\/"]}]},{"@type":"ImageObject","inLanguage":"de","@id":"https:\/\/ipautomationinc.com\/t-series\/#primaryimage","url":"https:\/\/ipautomationinc.com\/wp-content\/uploads\/2026\/03\/retractable-saw-cut.png#39676","contentUrl":"https:\/\/ipautomationinc.com\/wp-content\/uploads\/2026\/03\/retractable-saw-cut.png#39676"},{"@type":"WebSite","@id":"https:\/\/ipautomationinc.com\/#website","url":"https:\/\/ipautomationinc.com\/","name":"IP Automation Inc","description":"Konzept... Kreation... Realit\u00e4t...","publisher":{"@id":"https:\/\/ipautomationinc.com\/#organization"},"potentialAction":[{"@type":"SearchAction","target":{"@type":"EntryPoint","urlTemplate":"https:\/\/ipautomationinc.com\/?s={search_term_string}"},"query-input":{"@type":"PropertyValueSpecification","valueRequired":true,"valueName":"search_term_string"}}],"inLanguage":"de"},{"@type":"Organization","@id":"https:\/\/ipautomationinc.com\/#organization","name":"IP Automation Inc","url":"https:\/\/ipautomationinc.com\/","logo":{"@type":"ImageObject","inLanguage":"de","@id":"https:\/\/ipautomationinc.com\/#\/schema\/logo\/image\/","url":"https:\/\/ipautomationinc.com\/wp-content\/uploads\/2022\/05\/IPA-Favicon.png","contentUrl":"https:\/\/ipautomationinc.com\/wp-content\/uploads\/2022\/05\/IPA-Favicon.png","width":513,"height":513,"caption":"IP Automation Inc"},"image":{"@id":"https:\/\/ipautomationinc.com\/#\/schema\/logo\/image\/"},"sameAs":["https:\/\/www.facebook.com\/ipautomationinc\/","https:\/\/www.linkedin.com\/company\/ip-automation-inc\/","https:\/\/www.youtube.com\/@IPAutomation"]}]}},"_links":{"self":[{"href":"https:\/\/ipautomationinc.com\/de\/wp-json\/wp\/v2\/pages\/39678","targetHints":{"allow":["GET"]}}],"collection":[{"href":"https:\/\/ipautomationinc.com\/de\/wp-json\/wp\/v2\/pages"}],"about":[{"href":"https:\/\/ipautomationinc.com\/de\/wp-json\/wp\/v2\/types\/page"}],"author":[{"embeddable":true,"href":"https:\/\/ipautomationinc.com\/de\/wp-json\/wp\/v2\/users\/3"}],"replies":[{"embeddable":true,"href":"https:\/\/ipautomationinc.com\/de\/wp-json\/wp\/v2\/comments?post=39678"}],"version-history":[{"count":3,"href":"https:\/\/ipautomationinc.com\/de\/wp-json\/wp\/v2\/pages\/39678\/revisions"}],"predecessor-version":[{"id":39697,"href":"https:\/\/ipautomationinc.com\/de\/wp-json\/wp\/v2\/pages\/39678\/revisions\/39697"}],"wp:attachment":[{"href":"https:\/\/ipautomationinc.com\/de\/wp-json\/wp\/v2\/media?parent=39678"}],"curies":[{"name":"wp","href":"https:\/\/api.w.org\/{rel}","templated":true}]}}