{"id":37840,"date":"2025-06-27T10:09:58","date_gmt":"2025-06-27T15:09:58","guid":{"rendered":"https:\/\/ipautomationinc.com\/?page_id=37840"},"modified":"2025-06-27T10:37:19","modified_gmt":"2025-06-27T15:37:19","slug":"cookie-richtlinie","status":"publish","type":"page","link":"https:\/\/ipautomationinc.com\/de\/cookie-policy\/","title":{"rendered":"Cookie-Richtlinie"},"content":{"rendered":"<h1 class=\"wp-block-heading\">Datenschutzrichtlinie<\/h1>\n\n\n\n<p><strong>Zuletzt aktualisiert:<\/strong>&nbsp;1. Januar 2025<\/p>\n\n\n\n<p><strong>Datum des Inkrafttretens:<\/strong>&nbsp;1. Januar 2025<\/p>\n\n\n\n<p>IP Automation Inc. (\u201ewir\u201c, \u201eunser\u201c oder \u201euns\u201c) verpflichtet sich zum Schutz Ihrer Privatsph\u00e4re. Diese Datenschutzrichtlinie beschreibt, wie wir Ihre personenbezogenen Daten sammeln, verwenden und sch\u00fctzen, wenn Sie&nbsp;<a href=\"https:\/\/ipautomationinc.com\/de\/\" target=\"_blank\" rel=\"noreferrer noopener\">https:\/\/ipautomationinc.com<\/a>&nbsp;(\u201eder Dienst\u201c).<\/p>\n\n\n\n<p>Durch die Nutzung des Dienstes stimmen Sie den in dieser Datenschutzrichtlinie beschriebenen Praktiken zu. Sollten Sie damit nicht einverstanden sein, greifen Sie bitte nicht auf den Dienst zu und nutzen Sie ihn nicht.<\/p>\n\n\n\n<h2 class=\"wp-block-heading\">Von uns erfasste Daten<\/h2>\n\n\n\n<h3 class=\"wp-block-heading\">Von Ihnen bereitgestellte Informationen<\/h3>\n\n\n\n<p>Wenn Sie ein Formular auf unserer Website ausf\u00fcllen, erfassen wir m\u00f6glicherweise Ihren Namen, Ihre E-Mail-Adresse, Ihre Telefonnummer, Ihren Firmennamen und alle von Ihnen eingef\u00fcgten Nachrichten.<\/p>\n\n\n\n<h3 class=\"wp-block-heading\">Automatisch erfasste Informationen<\/h3>\n\n\n\n<ul class=\"wp-block-list\">\n<li><strong>Analytik:<\/strong>\u00a0Wir verwenden Dienste wie Google Analytics und Vimeo Analytics, um Informationen wie IP-Adresse, Browsertyp, verweisende Seiten und Interaktion mit Videos zu sammeln.<\/li>\n\n\n\n<li><strong>Kekse:<\/strong>\u00a0Wir verwenden Cookies und \u00e4hnliche Technologien, um Ihr Erlebnis zu verbessern und Nutzungsdaten zu sammeln.<\/li>\n<\/ul>\n\n\n\n<h2 class=\"wp-block-heading\">Wie wir Ihre Daten verwenden<\/h2>\n\n\n\n<ul class=\"wp-block-list\">\n<li>Um auf Anfragen zu antworten, die \u00fcber unsere Kontaktformulare eingehen<\/li>\n\n\n\n<li>Um die Nutzung der Website zu analysieren und die Leistung zu verbessern<\/li>\n\n\n\n<li>Zur \u00dcberwachung der Videointeraktion und der technischen Funktionalit\u00e4t<\/li>\n\n\n\n<li>Zur Aufrechterhaltung der Sicherheit und zur Verhinderung von Missbrauch<\/li>\n<\/ul>\n\n\n\n<p>Wenn wir beabsichtigen, Ihre Daten f\u00fcr einen oben nicht aufgef\u00fchrten Zweck zu verwenden, werden wir Sie vorher um Ihre ausdr\u00fcckliche Zustimmung bitten.<\/p>\n\n\n\n<h2 class=\"wp-block-heading\">Weitergabe von Informationen<\/h2>\n\n\n\n<p>Wir verkaufen oder vermieten Ihre personenbezogenen Daten nicht an Vermarkter oder andere Dritte. Wir k\u00f6nnen Ihre Daten jedoch ausschlie\u00dflich zu Analyse- und Leistungs\u00fcberwachungszwecken an vertrauensw\u00fcrdige Dienstanbieter (z. B. Google, Vimeo) weitergeben.<\/p>\n\n\n\n<p>Wir k\u00f6nnen Ihre Daten auch dann offenlegen, wenn wir gesetzlich dazu verpflichtet sind, im Rahmen eines Gerichtsverfahrens oder im Falle einer Unternehmens\u00fcbertragung, beispielsweise einer Fusion oder \u00dcbernahme.<\/p>\n\n\n\n<h2 class=\"wp-block-heading\">Datenaufbewahrung<\/h2>\n\n\n\n<p>Wir speichern personenbezogene Daten so lange, wie es f\u00fcr die Erf\u00fcllung der Zwecke, f\u00fcr die sie erhoben wurden, erforderlich ist oder wie es gesetzlich vorgeschrieben ist. In der Regel bedeutet dies, dass Daten zwischen 90 Tagen und zwei Jahren nach Ihrer letzten Interaktion mit uns gespeichert werden.<\/p>\n\n\n\n<p>Anonyme oder aggregierte Daten, die Sie nicht identifizieren, k\u00f6nnen unbegrenzt gespeichert werden.<\/p>\n\n\n\n<h2 class=\"wp-block-heading\">Ihre Rechte<\/h2>\n\n\n\n<p>Abh\u00e4ngig von Ihrem Standort und den geltenden Gesetzen haben Sie m\u00f6glicherweise folgende Rechte:<\/p>\n\n\n\n<ul class=\"wp-block-list\">\n<li>Greifen Sie auf die personenbezogenen Daten zu, die wir \u00fcber Sie gespeichert haben<\/li>\n\n\n\n<li>Fordern Sie die Korrektur oder L\u00f6schung Ihrer Daten an<\/li>\n\n\n\n<li>Einwilligung zur Datenverarbeitung widerrufen<\/li>\n\n\n\n<li>Daten\u00fcbertragbarkeit (an eine andere Stelle) anfordern<\/li>\n\n\n\n<li>Beschwerde bei einer Aufsichtsbeh\u00f6rde einreichen<\/li>\n<\/ul>\n\n\n\n<p>Um Ihre Rechte auszu\u00fcben, kontaktieren Sie uns unter&nbsp;<a href=\"mailto:info@ipautomationinc.com\">info@ipautomationinc.com<\/a>.<\/p>\n\n\n\n<h2 class=\"wp-block-heading\">Cookie-Hinweis<\/h2>\n\n\n\n<p>Cookies sind kleine Dateien, die auf Ihrem Ger\u00e4t abgelegt werden, um die Funktionalit\u00e4t zu verbessern und die Nutzung zu verfolgen. Weitere Informationen dar\u00fcber, wie wir Cookies verwenden und wie Sie diese verwalten k\u00f6nnen, finden Sie in unserer&nbsp;<a href=\"https:\/\/ipautomationinc.com\/de\/cookie-richtlinie\/\" target=\"_blank\" rel=\"noreferrer noopener\">Cookie-Richtlinie<\/a>.<\/p>\n\n\n\n<h2 class=\"wp-block-heading\">Sicherheit<\/h2>\n\n\n\n<p>Wir treffen angemessene Vorkehrungen, um Ihre Daten vor unbefugtem Zugriff, Nutzung oder Offenlegung zu sch\u00fctzen. Allerdings ist kein System vollkommen sicher. Sie nutzen den Dienst auf eigene Gefahr.<\/p>\n\n\n\n<h2 class=\"wp-block-heading\">Links von Drittanbietern<\/h2>\n\n\n\n<p>Unsere Website kann Links zu externen Websites enthalten, die wir nicht kontrollieren. Wir sind nicht f\u00fcr deren Datenschutzpraktiken verantwortlich. Wir empfehlen Ihnen, die Datenschutzrichtlinien aller externen Websites zu pr\u00fcfen, die Sie besuchen.<\/p>\n\n\n\n<h2 class=\"wp-block-heading\">\u00c4nderungen dieser Richtlinie<\/h2>\n\n\n\n<p>Wir aktualisieren diese Datenschutzrichtlinie gegebenenfalls regelm\u00e4\u00dfig. Bei wesentlichen \u00c4nderungen ver\u00f6ffentlichen wir einen entsprechenden Hinweis auf dieser Seite. Die fortgesetzte Nutzung des Dienstes nach Aktualisierungen setzt Ihr Einverst\u00e4ndnis mit der \u00fcberarbeiteten Richtlinie voraus.<\/p>\n\n\n\n<h2 class=\"wp-block-heading\">Kontaktiere uns<\/h2>\n\n\n\n<p>Wenn Sie Fragen oder Bedenken haben, wenden Sie sich bitte an:<\/p>\n\n\n\n<p><strong>IP Automation Inc.<\/strong><br>400 E Fullerton Avenue<br>Carol Stream, Illinois 60188<br>E-Mail:&nbsp;<a href=\"mailto:info@ipautomationinc.com\">info@ipautomationinc.com<\/a><br>Telefon: 630-656-1215<\/p>\n\n\n\n<p><span class=\"builder2seo\"><\/span><br><br>    a.cky-banner-element {<br><br>        padding: 8px 30px;<br><br>        background: #F8F9FA;<br><br>        color: #858A8F;<br><br>        border: 1px solid #DEE2E6;<br><br>        box-sizing: border-box;<br><br>        border-radius: 2px;<br><br>        cursor: pointer;<br><br>}<br><br><br><br><h1>Cookie-Richtlinie<\/h1><br><br><p><br><br>    G\u00fcltig ab: 01.01.2025 <br><br>    Zuletzt aktualisiert: 27. Juni 2025<br><br><\/p><br><br><br><br>\u00a0<br><br><h5>Was sind Cookies?<\/h5><br><br><p>In dieser Cookie-Richtlinie wird erl\u00e4utert, was Cookies sind und wie wir sie verwenden, welche Arten von Cookies wir verwenden, welche Informationen wir mithilfe von Cookies sammeln und wie diese Informationen verwendet werden und wie die Cookie-Einstellungen verwaltet werden.<\/p> <p>Cookies sind kleine Textdateien, in denen Informationen gespeichert werden. Sie werden auf Ihrem Ger\u00e4t gespeichert, wenn die Website in Ihrem Browser geladen wird. Diese Cookies helfen uns dabei, die Website ordnungsgem\u00e4\u00df funktionieren zu lassen, sie sicherer zu machen, ein besseres Benutzererlebnis zu bieten, die Leistung der Website zu verstehen und zu analysieren, was funktioniert und wo Verbesserungsbedarf besteht.<\/p><br><br><br><br>\u00a0<br><br><h5>Wie verwenden wir Cookies?<\/h5><br><br><p>Wie die meisten Online-Dienste verwendet auch unsere Website Erstanbieter- und Drittanbieter-Cookies f\u00fcr verschiedene Zwecke. Erstanbieter-Cookies sind meist notwendig, damit die Website ordnungsgem\u00e4\u00df funktioniert, und erfassen keine personenbezogenen Daten.<\/p> <p>Die auf unserer Website verwendeten Cookies von Drittanbietern dienen haupts\u00e4chlich dazu, die Leistung der Website zu verstehen, Ihre Interaktion mit unserer Website zu verbessern, die Sicherheit unserer Dienste zu gew\u00e4hrleisten, f\u00fcr Sie relevante Werbung bereitzustellen und Ihnen insgesamt eine bessere und verbesserte Benutzererfahrung zu bieten sowie Ihre zuk\u00fcnftigen Interaktionen mit unserer Website zu beschleunigen.<\/p><br><br><br><br>\u00a0<br><br>    <h5>Arten von Cookies, die wir verwenden<\/h5><br><br><br><br>    <br><br><br><br>\u00a0<br><br>    <h5>Ablehnen von Cookies<\/h5><br><br><br><br>    <a>Cookie-Einstellungen<\/a> <br><br><br><br>    <p>Verschiedene Browser bieten unterschiedliche Methoden zum Blockieren und L\u00f6schen von Cookies, die von Websites verwendet werden. Sie k\u00f6nnen die Einstellungen Ihres Browsers \u00e4ndern, um die Cookies zu blockieren\/l\u00f6schen. Nachfolgend sind die Links zu den Supportdokumenten zum Verwalten und L\u00f6schen von Cookies in den wichtigsten Webbrowsern aufgef\u00fchrt.<\/p><p>Chrom: <a href=\"https:\/\/support.google.com\/accounts\/answer\/32050\" target=\"_blank\">https:\/\/support.google.com\/accounts\/answer\/32050<\/a><\/p><p>Safari: <a href=\"https:\/\/support.apple.com\/en-in\/guide\/safari\/sfri11471\/mac\" target=\"_blank\">https:\/\/support.apple.com\/en-in\/guide\/safari\/sfri11471\/mac<\/a><\/p><p>Feuerfuchs: <a href=\"https:\/\/support.mozilla.org\/en-US\/kb\/clear-cookies-and-site-data-firefox?redirectslug=delete-cookies-remove-info-websites-stored&amp;redirectlocale=en-US\" target=\"_blank\">https:\/\/support.mozilla.org\/en-US\/kb\/clear-cookies-and-site-data-firefox?redirectslug=delete-cookies-remove-info-websites-stored&amp;redirectlocale=en-US<\/a><\/p><p>Internet Explorer: <a href=\"https:\/\/support.microsoft.com\/en-us\/topic\/how-to-delete-cookie-files-in-internet-explorer-bca9446f-d873-78de-77ba-d42645fa52fc\" target=\"_blank\">https:\/\/support.microsoft.com\/en-us\/topic\/how-to-delete-cookie-files-in-internet-explorer-bca9446f-d873-78de-77ba-d42645fa52fc<\/a><\/p><p>Wenn Sie einen anderen Webbrowser verwenden, lesen Sie bitte die offiziellen Supportdokumente Ihres Browsers.<\/p><br><br><br><br><\/p>","protected":false},"excerpt":{"rendered":"<p>Privacy Policy Last Updated:&nbsp;January 1, 2025 Effective Date:&nbsp;January 1, 2025 IP Automation Inc. (\u201cwe,\u201d \u201cour,\u201d or \u201cus\u201d) is committed to<span class=\"excerpt-hellip\"> [\u2026]<\/span><\/p>\n","protected":false},"author":3,"featured_media":0,"parent":0,"menu_order":0,"comment_status":"closed","ping_status":"closed","template":"","meta":{"footnotes":""},"class_list":["post-37840","page","type-page","status-publish","hentry"],"yoast_head":"<!-- This site is optimized with the Yoast SEO plugin v27.3 - https:\/\/yoast.com\/product\/yoast-seo-wordpress\/ -->\n<title>Cookie Policy | IP Automation Inc<\/title>\n<meta name=\"robots\" content=\"index, follow, max-snippet:-1, max-image-preview:large, max-video-preview:-1\" \/>\n<link rel=\"canonical\" href=\"https:\/\/ipautomationinc.com\/de\/cookie-richtlinie\/\" \/>\n<meta property=\"og:locale\" content=\"de_DE\" \/>\n<meta property=\"og:type\" content=\"article\" \/>\n<meta property=\"og:title\" content=\"Cookie Policy | IP Automation Inc\" \/>\n<meta property=\"og:description\" content=\"Privacy Policy Last Updated:&nbsp;January 1, 2025 Effective Date:&nbsp;January 1, 2025 IP Automation Inc. (\u201cwe,\u201d \u201cour,\u201d or \u201cus\u201d) is committed to [\u2026]\" \/>\n<meta property=\"og:url\" content=\"https:\/\/ipautomationinc.com\/de\/cookie-richtlinie\/\" \/>\n<meta property=\"og:site_name\" content=\"IP Automation Inc\" \/>\n<meta property=\"article:publisher\" content=\"https:\/\/www.facebook.com\/ipautomationinc\/\" \/>\n<meta property=\"article:modified_time\" content=\"2025-06-27T15:37:19+00:00\" \/>\n<script type=\"application\/ld+json\" class=\"yoast-schema-graph\">{\"@context\":\"https:\\\/\\\/schema.org\",\"@graph\":[{\"@type\":\"WebPage\",\"@id\":\"https:\\\/\\\/ipautomationinc.com\\\/cookie-policy\\\/\",\"url\":\"https:\\\/\\\/ipautomationinc.com\\\/cookie-policy\\\/\",\"name\":\"Cookie Policy | IP Automation Inc\",\"isPartOf\":{\"@id\":\"https:\\\/\\\/ipautomationinc.com\\\/#website\"},\"datePublished\":\"2025-06-27T15:09:58+00:00\",\"dateModified\":\"2025-06-27T15:37:19+00:00\",\"inLanguage\":\"de\",\"potentialAction\":[{\"@type\":\"ReadAction\",\"target\":[\"https:\\\/\\\/ipautomationinc.com\\\/cookie-policy\\\/\"]}]},{\"@type\":\"WebSite\",\"@id\":\"https:\\\/\\\/ipautomationinc.com\\\/#website\",\"url\":\"https:\\\/\\\/ipautomationinc.com\\\/\",\"name\":\"IP Automation Inc\",\"description\":\"Concept... Creation... Reality...\",\"publisher\":{\"@id\":\"https:\\\/\\\/ipautomationinc.com\\\/#organization\"},\"potentialAction\":[{\"@type\":\"SearchAction\",\"target\":{\"@type\":\"EntryPoint\",\"urlTemplate\":\"https:\\\/\\\/ipautomationinc.com\\\/?s={search_term_string}\"},\"query-input\":{\"@type\":\"PropertyValueSpecification\",\"valueRequired\":true,\"valueName\":\"search_term_string\"}}],\"inLanguage\":\"de\"},{\"@type\":\"Organization\",\"@id\":\"https:\\\/\\\/ipautomationinc.com\\\/#organization\",\"name\":\"IP Automation Inc\",\"url\":\"https:\\\/\\\/ipautomationinc.com\\\/\",\"logo\":{\"@type\":\"ImageObject\",\"inLanguage\":\"de\",\"@id\":\"https:\\\/\\\/ipautomationinc.com\\\/#\\\/schema\\\/logo\\\/image\\\/\",\"url\":\"https:\\\/\\\/ipautomationinc.com\\\/wp-content\\\/uploads\\\/2022\\\/05\\\/IPA-Favicon.png\",\"contentUrl\":\"https:\\\/\\\/ipautomationinc.com\\\/wp-content\\\/uploads\\\/2022\\\/05\\\/IPA-Favicon.png\",\"width\":513,\"height\":513,\"caption\":\"IP Automation Inc\"},\"image\":{\"@id\":\"https:\\\/\\\/ipautomationinc.com\\\/#\\\/schema\\\/logo\\\/image\\\/\"},\"sameAs\":[\"https:\\\/\\\/www.facebook.com\\\/ipautomationinc\\\/\",\"https:\\\/\\\/www.linkedin.com\\\/company\\\/ip-automation-inc\\\/\",\"https:\\\/\\\/www.youtube.com\\\/@IPAutomation\"]}]}<\/script>\n<!-- \/ Yoast SEO plugin. -->","yoast_head_json":{"title":"Cookie-Richtlinie | IP Automation Inc","robots":{"index":"index","follow":"follow","max-snippet":"max-snippet:-1","max-image-preview":"max-image-preview:large","max-video-preview":"max-video-preview:-1"},"canonical":"https:\/\/ipautomationinc.com\/de\/cookie-richtlinie\/","og_locale":"de_DE","og_type":"article","og_title":"Cookie Policy | IP Automation Inc","og_description":"Privacy Policy Last Updated:&nbsp;January 1, 2025 Effective Date:&nbsp;January 1, 2025 IP Automation Inc. (\u201cwe,\u201d \u201cour,\u201d or \u201cus\u201d) is committed to [\u2026]","og_url":"https:\/\/ipautomationinc.com\/de\/cookie-richtlinie\/","og_site_name":"IP Automation Inc","article_publisher":"https:\/\/www.facebook.com\/ipautomationinc\/","article_modified_time":"2025-06-27T15:37:19+00:00","schema":{"@context":"https:\/\/schema.org","@graph":[{"@type":"WebPage","@id":"https:\/\/ipautomationinc.com\/cookie-policy\/","url":"https:\/\/ipautomationinc.com\/cookie-policy\/","name":"Cookie-Richtlinie | IP Automation Inc","isPartOf":{"@id":"https:\/\/ipautomationinc.com\/#website"},"datePublished":"2025-06-27T15:09:58+00:00","dateModified":"2025-06-27T15:37:19+00:00","inLanguage":"de","potentialAction":[{"@type":"ReadAction","target":["https:\/\/ipautomationinc.com\/cookie-policy\/"]}]},{"@type":"WebSite","@id":"https:\/\/ipautomationinc.com\/#website","url":"https:\/\/ipautomationinc.com\/","name":"IP Automation Inc","description":"Konzept... Kreation... Realit\u00e4t...","publisher":{"@id":"https:\/\/ipautomationinc.com\/#organization"},"potentialAction":[{"@type":"SearchAction","target":{"@type":"EntryPoint","urlTemplate":"https:\/\/ipautomationinc.com\/?s={search_term_string}"},"query-input":{"@type":"PropertyValueSpecification","valueRequired":true,"valueName":"search_term_string"}}],"inLanguage":"de"},{"@type":"Organization","@id":"https:\/\/ipautomationinc.com\/#organization","name":"IP Automation Inc","url":"https:\/\/ipautomationinc.com\/","logo":{"@type":"ImageObject","inLanguage":"de","@id":"https:\/\/ipautomationinc.com\/#\/schema\/logo\/image\/","url":"https:\/\/ipautomationinc.com\/wp-content\/uploads\/2022\/05\/IPA-Favicon.png","contentUrl":"https:\/\/ipautomationinc.com\/wp-content\/uploads\/2022\/05\/IPA-Favicon.png","width":513,"height":513,"caption":"IP Automation Inc"},"image":{"@id":"https:\/\/ipautomationinc.com\/#\/schema\/logo\/image\/"},"sameAs":["https:\/\/www.facebook.com\/ipautomationinc\/","https:\/\/www.linkedin.com\/company\/ip-automation-inc\/","https:\/\/www.youtube.com\/@IPAutomation"]}]}},"_links":{"self":[{"href":"https:\/\/ipautomationinc.com\/de\/wp-json\/wp\/v2\/pages\/37840","targetHints":{"allow":["GET"]}}],"collection":[{"href":"https:\/\/ipautomationinc.com\/de\/wp-json\/wp\/v2\/pages"}],"about":[{"href":"https:\/\/ipautomationinc.com\/de\/wp-json\/wp\/v2\/types\/page"}],"author":[{"embeddable":true,"href":"https:\/\/ipautomationinc.com\/de\/wp-json\/wp\/v2\/users\/3"}],"replies":[{"embeddable":true,"href":"https:\/\/ipautomationinc.com\/de\/wp-json\/wp\/v2\/comments?post=37840"}],"version-history":[{"count":3,"href":"https:\/\/ipautomationinc.com\/de\/wp-json\/wp\/v2\/pages\/37840\/revisions"}],"predecessor-version":[{"id":37851,"href":"https:\/\/ipautomationinc.com\/de\/wp-json\/wp\/v2\/pages\/37840\/revisions\/37851"}],"wp:attachment":[{"href":"https:\/\/ipautomationinc.com\/de\/wp-json\/wp\/v2\/media?parent=37840"}],"curies":[{"name":"wp","href":"https:\/\/api.w.org\/{rel}","templated":true}]}}