{"id":36690,"date":"2024-07-25T15:28:26","date_gmt":"2024-07-25T20:28:26","guid":{"rendered":"https:\/\/ipautomationinc.com\/?page_id=36690"},"modified":"2026-04-01T11:36:31","modified_gmt":"2026-04-01T16:36:31","slug":"doppelkopf-cnc-drahtbieger","status":"publish","type":"page","link":"https:\/\/ipautomationinc.com\/de\/double-head-cnc-wire-benders\/","title":{"rendered":"Doppelkopf-CNC-Drahtbieger"},"content":{"rendered":"<h6 class=\"wp-block-heading\"><strong>Entdecken Sie unser Sortiment an CNC-Drahtbiegemaschinen mit Doppelkopf. CNC-Drahtbiegemaschine mit Doppelkopf der ID-Serie, Drahtdurchmesser 2\u201310 mm. Mehrstufige CNC-Drahtbiegemaschine mit Doppelkopf der ID-MS-Serie, Drahtdurchmesser 1,5\u20136 mm. Einstufige CNC-Drahtbiegemaschine mit Doppelkopf der ID-SS, Drahtdurchmesser 1,5\u20136 mm.<\/strong><\/h6>\n\n\n\n<p>Doppelkopf-CNC-Drahtbieger<br>h1<br>Mitte Mitte<br>Center<br>verstecken<br><br>breit<br><br><img decoding=\"async\" src=\"https:\/\/ipautomationinc.com\/wp-content\/uploads\/2024\/05\/NEW-i8-D-RGB.png#36635\" alt=\"NEU i8-D RGB\"><br>voll<br><a href=\"https:\/\/ipautomationinc.com\/de\/serie-i-d\/\">https:\/\/ipautomationinc.com\/i-d-series\/<\/a><br>deaktivieren<br>Doppelkopf-CNC-Drahtbieger<br>enthalten<br>Mitte Mitte<br>Center<br>verstecken<br><br>i-D-Serie<br>h2<br>Mitte Mitte<br>Center<br>verstecken<br><br>Erfahren Sie mehr<br><a href=\"https:\/\/ipautomationinc.com\/de\/serie-i-d\/\">https:\/\/ipautomationinc.com\/i-d-series\/<\/a><br>links<br>2<br>Schaltfl\u00e4chenthema<br>Center<br>verstecken<br><br>Doppelkopf-CNC-Drahtbieger<br>h3<br>Mitte Mitte<br>Center<br>verstecken<br><br><h5>Die Doppelkopf-3D-CNC-Drahtformmaschine der i-D-Serie ist eine ideale und beliebte Wahl f\u00fcr Anwendungen, die pr\u00e4zise gro\u00dfe Drahtrahmen erfordern.<\/h5><br><br><br><br>2-10mm* Drahtdurchmesser<br><br>Perfekt f\u00fcr Autositzranddr\u00e4hte, Sitzmontagerahmen, Regalr\u00e4nder, Ofenroste<br><br><br>Center<br>verstecken<br><br><img decoding=\"async\" src=\"https:\/\/ipautomationinc.com\/wp-content\/uploads\/2024\/07\/i4-d-ms-web.png#36681\" alt=\"i4-d-ms web\"><br>voll<br><a href=\"https:\/\/ipautomationinc.com\/de\/serie-i-d-ms\/\">https:\/\/ipautomationinc.com\/i-d-ms-series\/<\/a><br>deaktivieren<br>Doppelkopf-CNC-Drahtbieger<br>enthalten<br>Mitte Mitte<br>76.5%<br>Center<br>verstecken<br><br>i-D-MS-Serie<br>h2<br>Mitte Mitte<br>Center<br>verstecken<br><br>Erfahren Sie mehr<br><a href=\"https:\/\/ipautomationinc.com\/de\/serie-i-d-ms\/\">https:\/\/ipautomationinc.com\/i-d-ms-series\/<\/a><br>links<br>2<br>Schaltfl\u00e4chenthema<br>Center<br>verstecken<br><br>Mehrstufige Doppelkopf-CNC-Drahtbiegemaschinen<br>h3<br>Mitte Mitte<br>Center<br>verstecken<br><br><h5>Die mehrstufige CNC-Drahtbiegemaschine der i-D-MS-Serie ist f\u00fcr spezielle hochpr\u00e4zise Drahtformen konzipiert, die separate Biegevorg\u00e4nge erfordern.<\/h5><br><br><br><br>1,5-6 mm* Drahtdurchmesser<br><br>Perfekt f\u00fcr Pr\u00e4zisionslisten und Sitzdr\u00e4hte, Teile mit engen Toleranzen f\u00fcr Umspritzvorg\u00e4nge<br><br><br>\u00dcberschrift + Abstieg<br>Center<br>no-repeat;links oben;;<br>Auto<br>20px<br>0 10%<br><br><img decoding=\"async\" src=\"https:\/\/ipautomationinc.com\/wp-content\/uploads\/2024\/07\/i4-D-SS-RGB.png#36680\" alt=\"i4-D-SS RGB\"><br>voll<br><a href=\"https:\/\/ipautomationinc.com\/de\/serie-i-d-ss\/\">https:\/\/ipautomationinc.com\/i-d-ss-series\/<\/a><br>deaktivieren<br>Doppelkopf-CNC-Drahtbieger<br>enthalten<br>Mitte Mitte<br>80%<br>Center<br>verstecken<br><br>i-D-SS Serie<br>h2<br>Mitte Mitte<br>Center<br>verstecken<br><br>Erfahren Sie mehr<br><a href=\"https:\/\/ipautomationinc.com\/de\/serie-i-d-ss\/\">https:\/\/ipautomationinc.com\/i-d-ss-series\/<\/a><br>links<br>2<br>Schaltfl\u00e4chenthema<br>Center<br>verstecken<br><br>Einstufige Doppelkopf-CNC-Drahtbiegemaschinen f\u00fcr Trimm-\/Listendr\u00e4hte<br>h3<br>Mitte Mitte<br>Center<br>verstecken<br><br><h5>Die iD-SS-Serie eignet sich perfekt f\u00fcr die 3D-Biegung gro\u00dfer St\u00fcckzahlen einfacher Leitungen. Sie kann viele der g\u00e4ngigen Formen der iD-MS herstellen, jedoch zu deutlich geringeren Kosten.<\/h5><br><br><br><br>1,5-6 mm* Drahtdurchmesser<br><br>Perfekt f\u00fcr Pr\u00e4zisionslisten und Sitzdr\u00e4hte, Teile mit engen Toleranzen f\u00fcr Umspritzvorg\u00e4nge<br><br><br>\u00dcberschrift + Abstieg<br>Center<br>no-repeat;links oben;;<br>Auto<br>20px<br>0 10%<br><br><\/p>","protected":false},"excerpt":{"rendered":"<p>Explore our range of double head CNC wire benders. I-D series double head CNC wire bender, 2-10mm wire diameter. I-D-MS<span class=\"excerpt-hellip\"> [\u2026]<\/span><\/p>\n","protected":false},"author":3,"featured_media":0,"parent":0,"menu_order":0,"comment_status":"closed","ping_status":"closed","template":"","meta":{"footnotes":""},"class_list":["post-36690","page","type-page","status-publish","hentry"],"yoast_head":"<!-- This site is optimized with the Yoast SEO plugin v27.3 - https:\/\/yoast.com\/product\/yoast-seo-wordpress\/ -->\n<title>Double Head CNC Wire Benders | IP Automation Inc<\/title>\n<meta name=\"description\" content=\"Explore our selection of Double Head CNC Wire Benders to find the perfect one for you. Quality made in the USA machinery.\" \/>\n<meta name=\"robots\" content=\"index, follow, max-snippet:-1, max-image-preview:large, max-video-preview:-1\" \/>\n<link rel=\"canonical\" href=\"https:\/\/ipautomationinc.com\/de\/doppelkopf-cnc-drahtbieger\/\" \/>\n<meta property=\"og:locale\" content=\"de_DE\" \/>\n<meta property=\"og:type\" content=\"article\" \/>\n<meta property=\"og:title\" content=\"Double Head CNC Wire Benders | IP Automation Inc\" \/>\n<meta property=\"og:description\" content=\"Explore our selection of Double Head CNC Wire Benders to find the perfect one for you. Quality made in the USA machinery.\" \/>\n<meta property=\"og:url\" content=\"https:\/\/ipautomationinc.com\/de\/doppelkopf-cnc-drahtbieger\/\" \/>\n<meta property=\"og:site_name\" content=\"IP Automation Inc\" \/>\n<meta property=\"article:publisher\" content=\"https:\/\/www.facebook.com\/ipautomationinc\/\" \/>\n<meta property=\"article:modified_time\" content=\"2026-04-01T16:36:31+00:00\" \/>\n<meta property=\"og:image\" content=\"https:\/\/ipautomationinc.com\/wp-content\/uploads\/2024\/05\/NEW-i8-D-RGB.png#36635\" \/>\n<script type=\"application\/ld+json\" class=\"yoast-schema-graph\">{\"@context\":\"https:\\\/\\\/schema.org\",\"@graph\":[{\"@type\":\"WebPage\",\"@id\":\"https:\\\/\\\/ipautomationinc.com\\\/double-head-cnc-wire-benders\\\/\",\"url\":\"https:\\\/\\\/ipautomationinc.com\\\/double-head-cnc-wire-benders\\\/\",\"name\":\"Double Head CNC Wire Benders | IP Automation Inc\",\"isPartOf\":{\"@id\":\"https:\\\/\\\/ipautomationinc.com\\\/#website\"},\"primaryImageOfPage\":{\"@id\":\"https:\\\/\\\/ipautomationinc.com\\\/double-head-cnc-wire-benders\\\/#primaryimage\"},\"image\":{\"@id\":\"https:\\\/\\\/ipautomationinc.com\\\/double-head-cnc-wire-benders\\\/#primaryimage\"},\"thumbnailUrl\":\"https:\\\/\\\/ipautomationinc.com\\\/wp-content\\\/uploads\\\/2024\\\/05\\\/NEW-i8-D-RGB.png#36635\",\"datePublished\":\"2024-07-25T20:28:26+00:00\",\"dateModified\":\"2026-04-01T16:36:31+00:00\",\"description\":\"Explore our selection of Double Head CNC Wire Benders to find the perfect one for you. Quality made in the USA machinery.\",\"inLanguage\":\"de\",\"potentialAction\":[{\"@type\":\"ReadAction\",\"target\":[\"https:\\\/\\\/ipautomationinc.com\\\/double-head-cnc-wire-benders\\\/\"]}]},{\"@type\":\"ImageObject\",\"inLanguage\":\"de\",\"@id\":\"https:\\\/\\\/ipautomationinc.com\\\/double-head-cnc-wire-benders\\\/#primaryimage\",\"url\":\"https:\\\/\\\/ipautomationinc.com\\\/wp-content\\\/uploads\\\/2024\\\/05\\\/NEW-i8-D-RGB.png#36635\",\"contentUrl\":\"https:\\\/\\\/ipautomationinc.com\\\/wp-content\\\/uploads\\\/2024\\\/05\\\/NEW-i8-D-RGB.png#36635\"},{\"@type\":\"WebSite\",\"@id\":\"https:\\\/\\\/ipautomationinc.com\\\/#website\",\"url\":\"https:\\\/\\\/ipautomationinc.com\\\/\",\"name\":\"IP Automation Inc\",\"description\":\"Concept... Creation... Reality...\",\"publisher\":{\"@id\":\"https:\\\/\\\/ipautomationinc.com\\\/#organization\"},\"potentialAction\":[{\"@type\":\"SearchAction\",\"target\":{\"@type\":\"EntryPoint\",\"urlTemplate\":\"https:\\\/\\\/ipautomationinc.com\\\/?s={search_term_string}\"},\"query-input\":{\"@type\":\"PropertyValueSpecification\",\"valueRequired\":true,\"valueName\":\"search_term_string\"}}],\"inLanguage\":\"de\"},{\"@type\":\"Organization\",\"@id\":\"https:\\\/\\\/ipautomationinc.com\\\/#organization\",\"name\":\"IP Automation Inc\",\"url\":\"https:\\\/\\\/ipautomationinc.com\\\/\",\"logo\":{\"@type\":\"ImageObject\",\"inLanguage\":\"de\",\"@id\":\"https:\\\/\\\/ipautomationinc.com\\\/#\\\/schema\\\/logo\\\/image\\\/\",\"url\":\"https:\\\/\\\/ipautomationinc.com\\\/wp-content\\\/uploads\\\/2022\\\/05\\\/IPA-Favicon.png\",\"contentUrl\":\"https:\\\/\\\/ipautomationinc.com\\\/wp-content\\\/uploads\\\/2022\\\/05\\\/IPA-Favicon.png\",\"width\":513,\"height\":513,\"caption\":\"IP Automation Inc\"},\"image\":{\"@id\":\"https:\\\/\\\/ipautomationinc.com\\\/#\\\/schema\\\/logo\\\/image\\\/\"},\"sameAs\":[\"https:\\\/\\\/www.facebook.com\\\/ipautomationinc\\\/\",\"https:\\\/\\\/www.linkedin.com\\\/company\\\/ip-automation-inc\\\/\",\"https:\\\/\\\/www.youtube.com\\\/@IPAutomation\"]}]}<\/script>\n<!-- \/ Yoast SEO plugin. -->","yoast_head_json":{"title":"Doppelkopf-CNC-Drahtbiegemaschinen | IP Automation Inc","description":"Durchsuchen Sie unsere Auswahl an Doppelkopf-CNC-Drahtbiegemaschinen, um die perfekte Maschine f\u00fcr Sie zu finden. Hochwertige Maschinen aus den USA.","robots":{"index":"index","follow":"follow","max-snippet":"max-snippet:-1","max-image-preview":"max-image-preview:large","max-video-preview":"max-video-preview:-1"},"canonical":"https:\/\/ipautomationinc.com\/de\/doppelkopf-cnc-drahtbieger\/","og_locale":"de_DE","og_type":"article","og_title":"Double Head CNC Wire Benders | IP Automation Inc","og_description":"Explore our selection of Double Head CNC Wire Benders to find the perfect one for you. Quality made in the USA machinery.","og_url":"https:\/\/ipautomationinc.com\/de\/doppelkopf-cnc-drahtbieger\/","og_site_name":"IP Automation Inc","article_publisher":"https:\/\/www.facebook.com\/ipautomationinc\/","article_modified_time":"2026-04-01T16:36:31+00:00","og_image":[{"url":"https:\/\/ipautomationinc.com\/wp-content\/uploads\/2024\/05\/NEW-i8-D-RGB.png#36635","type":"","width":"","height":""}],"schema":{"@context":"https:\/\/schema.org","@graph":[{"@type":"WebPage","@id":"https:\/\/ipautomationinc.com\/double-head-cnc-wire-benders\/","url":"https:\/\/ipautomationinc.com\/double-head-cnc-wire-benders\/","name":"Doppelkopf-CNC-Drahtbiegemaschinen | IP Automation Inc","isPartOf":{"@id":"https:\/\/ipautomationinc.com\/#website"},"primaryImageOfPage":{"@id":"https:\/\/ipautomationinc.com\/double-head-cnc-wire-benders\/#primaryimage"},"image":{"@id":"https:\/\/ipautomationinc.com\/double-head-cnc-wire-benders\/#primaryimage"},"thumbnailUrl":"https:\/\/ipautomationinc.com\/wp-content\/uploads\/2024\/05\/NEW-i8-D-RGB.png#36635","datePublished":"2024-07-25T20:28:26+00:00","dateModified":"2026-04-01T16:36:31+00:00","description":"Durchsuchen Sie unsere Auswahl an Doppelkopf-CNC-Drahtbiegemaschinen, um die perfekte Maschine f\u00fcr Sie zu finden. Hochwertige Maschinen aus den USA.","inLanguage":"de","potentialAction":[{"@type":"ReadAction","target":["https:\/\/ipautomationinc.com\/double-head-cnc-wire-benders\/"]}]},{"@type":"ImageObject","inLanguage":"de","@id":"https:\/\/ipautomationinc.com\/double-head-cnc-wire-benders\/#primaryimage","url":"https:\/\/ipautomationinc.com\/wp-content\/uploads\/2024\/05\/NEW-i8-D-RGB.png#36635","contentUrl":"https:\/\/ipautomationinc.com\/wp-content\/uploads\/2024\/05\/NEW-i8-D-RGB.png#36635"},{"@type":"WebSite","@id":"https:\/\/ipautomationinc.com\/#website","url":"https:\/\/ipautomationinc.com\/","name":"IP Automation Inc","description":"Konzept... Kreation... Realit\u00e4t...","publisher":{"@id":"https:\/\/ipautomationinc.com\/#organization"},"potentialAction":[{"@type":"SearchAction","target":{"@type":"EntryPoint","urlTemplate":"https:\/\/ipautomationinc.com\/?s={search_term_string}"},"query-input":{"@type":"PropertyValueSpecification","valueRequired":true,"valueName":"search_term_string"}}],"inLanguage":"de"},{"@type":"Organization","@id":"https:\/\/ipautomationinc.com\/#organization","name":"IP Automation Inc","url":"https:\/\/ipautomationinc.com\/","logo":{"@type":"ImageObject","inLanguage":"de","@id":"https:\/\/ipautomationinc.com\/#\/schema\/logo\/image\/","url":"https:\/\/ipautomationinc.com\/wp-content\/uploads\/2022\/05\/IPA-Favicon.png","contentUrl":"https:\/\/ipautomationinc.com\/wp-content\/uploads\/2022\/05\/IPA-Favicon.png","width":513,"height":513,"caption":"IP Automation Inc"},"image":{"@id":"https:\/\/ipautomationinc.com\/#\/schema\/logo\/image\/"},"sameAs":["https:\/\/www.facebook.com\/ipautomationinc\/","https:\/\/www.linkedin.com\/company\/ip-automation-inc\/","https:\/\/www.youtube.com\/@IPAutomation"]}]}},"_links":{"self":[{"href":"https:\/\/ipautomationinc.com\/de\/wp-json\/wp\/v2\/pages\/36690","targetHints":{"allow":["GET"]}}],"collection":[{"href":"https:\/\/ipautomationinc.com\/de\/wp-json\/wp\/v2\/pages"}],"about":[{"href":"https:\/\/ipautomationinc.com\/de\/wp-json\/wp\/v2\/types\/page"}],"author":[{"embeddable":true,"href":"https:\/\/ipautomationinc.com\/de\/wp-json\/wp\/v2\/users\/3"}],"replies":[{"embeddable":true,"href":"https:\/\/ipautomationinc.com\/de\/wp-json\/wp\/v2\/comments?post=36690"}],"version-history":[{"count":4,"href":"https:\/\/ipautomationinc.com\/de\/wp-json\/wp\/v2\/pages\/36690\/revisions"}],"predecessor-version":[{"id":36708,"href":"https:\/\/ipautomationinc.com\/de\/wp-json\/wp\/v2\/pages\/36690\/revisions\/36708"}],"wp:attachment":[{"href":"https:\/\/ipautomationinc.com\/de\/wp-json\/wp\/v2\/media?parent=36690"}],"curies":[{"name":"wp","href":"https:\/\/api.w.org\/{rel}","templated":true}]}}