{"id":36683,"date":"2024-07-25T15:27:56","date_gmt":"2024-07-25T20:27:56","guid":{"rendered":"https:\/\/ipautomationinc.com\/?page_id=36683"},"modified":"2026-02-24T10:16:57","modified_gmt":"2026-02-24T16:16:57","slug":"serie-i-d-ss","status":"publish","type":"page","link":"https:\/\/ipautomationinc.com\/de\/i-d-ss-series\/","title":{"rendered":"Doppelkopf-3D-CNC-Drahtbiegemaschine der iD-SS-Serie"},"content":{"rendered":"<h6 class=\"wp-block-heading\">Die iD-SS Doppelkopf-3D-CNC-Drahtbiegemaschine eignet sich perfekt f\u00fcr das 3D-Biegen gro\u00dfer St\u00fcckzahlen an einfachen Drahtgeflechten. Die iD-SS kann viele der g\u00e4ngigen 3D-Formen der iD-MS erzeugen, jedoch mit deutlich <strong>Niedrigere Kosten<\/strong>. Mit dem iD-SS k\u00f6nnen Sie die Kapazit\u00e4t und Wirtschaftlichkeit Ihres Drahtherstellungsvorgangs erheblich steigern, indem Sie die einfacheren Teile auf eine weniger teure Maschine auslagern.&nbsp;<\/h6>\n\n\n\n<p><span class=\"builder2seo\"><\/span>Doppelkopf-3D-CNC-Drahtbieger<br><br>i-D-SS Serie<br><br><img decoding=\"async\" src=\"https:\/\/ipautomationinc.com\/wp-content\/uploads\/2024\/07\/i4-D-SS-RGB.png#36680\" alt=\"i-D-SS Single Stage Double Head CNC Wire Bender\"><br>iD-SS Doppelkopf-3D-CNC-Drahtbieger<br>400 Pixel<br><br>Klicken Sie hier f\u00fcr das Video<br><a href=\"https:\/\/ipautomationinc.com\/de\/serie-i-d-ss\/#video\">https:\/\/ipautomationinc.com\/i-d-ss-series\/#video<\/a><br>fas fa-spielkreis<br>Schaltfl\u00e4chenthema<br><br>36695,36697,36696,36698,1546<br>#0455B3<br>3px 3px 3px 3px<br>Brauch<br><br><h4>The i-D-SS is perfect for high volume 3D bending capability on simple listing wires. The i-D-SS is capable of creating many of the common 3D shapes that the i-D-MS can, but with significantly lower cost.<\/h4><br><br><h4>Mit dem iD-SS k\u00f6nnen Sie die Kapazit\u00e4t und Wirtschaftlichkeit Ihres Wire-Listing-Vorgangs erheblich steigern, indem Sie die einfacheren Teile auf eine weniger kostspielige Maschine auslagern.\u00a0<\/h4><br><br><h3>Anwendungen<\/h3><h4>Pr\u00e4zisions-Listing- und Seat-Dr\u00e4hte. Teile mit engen Toleranzen f\u00fcr Umspritzvorg\u00e4nge. <br><br><\/h4><br>#EBEBEB<br><br><br><img decoding=\"async\" src=\"https:\/\/ipautomationinc.com\/wp-content\/uploads\/2024\/07\/i4-D-SS-RGB.png#36680\" alt=\"i-D-SS Single Stage Double Head CNC Wire Bender\"><br>iD-SS Doppelkopf-3D-CNC-Drahtbieger<br>Brauch<br>100%<br><br>Klicken Sie hier f\u00fcr das Video<br><a href=\"https:\/\/ipautomationinc.com\/de\/serie-i-d-ss\/#video\">https:\/\/ipautomationinc.com\/i-d-ss-series\/#video<\/a><br>fas fa-spielkreis<br>Schaltfl\u00e4chenthema<br><br>1546,36695,36697,36696<br>#0455B3<br>3px 3px 3px 3px<br>Brauch<br>80%<br><br><h4>Die iD-SS Doppelkopf-CNC-Drahtbiegemaschine eignet sich perfekt f\u00fcr das 3D-Biegen gro\u00dfer St\u00fcckzahlen einfacher Drahtseile. Die iD-SS kann viele der g\u00e4ngigen 3D-Formen der iD-MS herstellen, jedoch zu deutlich geringeren Kosten. Die iD-SS steigert effektiv die Kapazit\u00e4t und Wirtschaftlichkeit Ihres Drahtseilbetriebs, indem sie die einfacheren Teile auf eine kosteng\u00fcnstigere Maschine auslagert.<\/h4><br><br><h3>Anwendungen<\/h3><h4>Pr\u00e4zisions-Listing- und Seat-Dr\u00e4hte. Teile mit engen Toleranzen f\u00fcr Umspritzvorg\u00e4nge. <br><br><\/h4><br>#EBEBEB<br><br><br>Medien<br><br>;C;;<br><br>36694,36692,36693,36699<br>gro\u00df<br>200 Pixel<br>168 Pixel<br>Bildunterschrift-Overlay<br><br><br>Merkmale<br><br>Biegen<br>Programmierung<br>Einzelheiten<br>Maschinenlayout<br><br><br>\t8 Servoachsen: X \u2013 Vorschub, C \u2013 Fr\u00e4ser, Y \u2013 Biegestiftdrehung (2X), P \u2013 Biegekopfh\u00f6he (2X), Transfer-X-Achse, Transferdrehung<br><br>\tBis zu 2 Radien<br><br>IP-Automatisierungsingenieure und CNC-Bearbeiter fertigen alle Biegek\u00f6pfe, Schneidger\u00e4te und Drahtvorschubrollen im eigenen Haus zu angemessenen Kosten und mit schneller Bearbeitungszeit<br><br><br><br><br>\t<a href=\"https:\/\/ipautomationinc.com\/de\/maschinenfahigkeiten\/\">Intellibend-Software <\/a> auf dem Betriebssystem Windows 10<br><br>CNC-Programmformat L\u00e4nge-Rotation-Winkel<br><br>\tIntegriertes Produktions-Dashboard, Chargenkontrollfunktionen<br><br>\t21,5-Zoll-Multitouchscreen<br><br>\tRemote-Konnektivit\u00e4t \u00fcber VPN-Tunnel<br><br>\tOPC-UA-Protokoll f\u00fcr Industrie 4.0<br><br>\t<br><br><br>Drahtabwickelkapazit\u00e4t mit Linearbewegungsarm: 3000 lbs. (4500-Pfund-Option verf\u00fcgbar) <br><br>7\u2032 (2,13 m) Sicherheitsk\u00e4fig mit Sicherheitsverriegelungst\u00fcr<br><br>4-Ebenen-Drahtrichtmaschine<br><br>Alle Vorschub- und Biegeantriebssysteme verf\u00fcgen \u00fcber geh\u00e4rtete Zahnr\u00e4der und sind vollst\u00e4ndig gekapselt.<br><br>Schnell umklappbare, geh\u00e4rtete Vorschubrollen f\u00fcr 2 Drahtgr\u00f6\u00dfen<br><br>Linearencoder am Drahtvorschub f\u00fcr Genauigkeit und Schlupferkennung<br><br>Schulung vor Ort m\u00f6glich<br><br>Roboterintegrationsf\u00e4hig<br><br><br><div class=\"image_frame image_item scale-with-grid element_classes no_border hover-disable mfn-img-box\"  role=\"link\" aria-label=\"Bild mit Links\" tabindex=\"0\"><div class=\"image_wrapper\"><a href=\"https:\/\/ipautomationinc.com\/wp-content\/uploads\/2024\/07\/i4-D-SS-Front-View-Layout.jpg\" rel=\"prettyphoto\"   class=\"\"  tabindex=\"-1\" title=\"\"><div class=\"mask\"><\/div><img decoding=\"async\" class=\"scale-with-grid\" src=\"https:\/\/ipautomationinc.com\/wp-content\/uploads\/2024\/07\/i4-D-SS-Front-View-Layout.jpg\" fetchpriority=\"high\" alt=\"i4-D-SS \u2013 Vorderansicht\" title=\"\" width=\"420\" height=\"512\" style=\"\"\/><\/a><div class=\"image_links\"><a href=\"https:\/\/ipautomationinc.com\/wp-content\/uploads\/2024\/07\/i4-D-SS-Front-View-Layout.jpg\" class=\"zoom\" rel=\"prettyphoto\" tabindex=\"-1\" aria-label=\"Bild vergr\u00f6\u00dfern\" title=\"\"><svg viewbox=\"0 0 26 26\"><defs><style>.path{fill:none;stroke:#333;stroke-miterlimit:10;stroke-width:1.5px;}<\/style><\/defs><circle cx=\"11.35\" cy=\"11.35\" r=\"6\" class=\"path\"\/><line x1=\"15.59\" y1=\"15.59\" x2=\"20.65\" y2=\"20.65\" class=\"path\"\/><\/svg><\/a><\/div><\/div><p class=\"wp-caption-text\">iD-SS \u2013 Vorderansicht<\/p><\/div>\n<br><br><br><br><div class=\"image_frame image_item scale-with-grid element_classes no_border hover-disable mfn-img-box\"  role=\"link\" aria-label=\"Bild mit Links\" tabindex=\"0\"><div class=\"image_wrapper\"><a href=\"https:\/\/ipautomationinc.com\/wp-content\/uploads\/2024\/07\/i4-D-SS-Top-View-Layout.jpg\" rel=\"prettyphoto\"   class=\"\"  tabindex=\"-1\" title=\"\"><div class=\"mask\"><\/div><img decoding=\"async\" class=\"scale-with-grid\" src=\"https:\/\/ipautomationinc.com\/wp-content\/uploads\/2024\/07\/i4-D-SS-Top-View-Layout.jpg\" fetchpriority=\"high\" alt=\"i4-D-SS Draufsicht-Layout\" title=\"\" width=\"420\" height=\"540\" style=\"\"\/><\/a><div class=\"image_links\"><a href=\"https:\/\/ipautomationinc.com\/wp-content\/uploads\/2024\/07\/i4-D-SS-Top-View-Layout.jpg\" class=\"zoom\" rel=\"prettyphoto\" tabindex=\"-1\" aria-label=\"Bild vergr\u00f6\u00dfern\" title=\"\"><svg viewbox=\"0 0 26 26\"><defs><style>.path{fill:none;stroke:#333;stroke-miterlimit:10;stroke-width:1.5px;}<\/style><\/defs><circle cx=\"11.35\" cy=\"11.35\" r=\"6\" class=\"path\"\/><line x1=\"15.59\" y1=\"15.59\" x2=\"20.65\" y2=\"20.65\" class=\"path\"\/><\/svg><\/a><\/div><\/div><p class=\"wp-caption-text\">iD-SS Draufsicht<\/p><\/div>\n<br>#EBEBEB<br>#222222<br><br><br>Spezifikationen<br><br><br><br><p>*Der minimale und maximale Durchmesser wird durch die Zugfestigkeit des Drahtes beeinflusst. Kontaktieren Sie uns zur Kl\u00e4rung des Min\/Max-Bereichs f\u00fcr Ihren Kabeltyp.<\/p><br><br><br>Maschinenoptionen<br><br>Intelligente Robotik<br>mit ma\u00dfgeschneidertem EOAT<br><img decoding=\"async\" src=\"https:\/\/ipautomationinc.com\/wp-content\/uploads\/2022\/06\/machine-options_robot.png#1271\" alt=\"machine-options_robot\"><br><a href=\"https:\/\/ipautomationinc.com\/de\/zubehor\/robotik\/\">https:\/\/ipautomationinc.com\/accessories\/robotics\/<\/a><br>Kastenma\u00dfstab<br>70%<br><br><br>Maschinenoptionen<br><br>Intelligente Robotik<br>mit ma\u00dfgeschneidertem EOAT<br><img decoding=\"async\" src=\"https:\/\/ipautomationinc.com\/wp-content\/uploads\/2022\/06\/machine-options_robot.png\" alt=\"machine-options_robot\"><br><a href=\"https:\/\/ipautomationinc.com\/de\/zubehor\/robotik\/\">https:\/\/ipautomationinc.com\/accessories\/robotics\/<\/a><br>Kastenma\u00dfstab<br>70%<br><br>BW-45 Stumpfschwei\u00dfger\u00e4t<br>mit Rotationsverzahnung<br><img decoding=\"async\" src=\"https:\/\/ipautomationinc.com\/wp-content\/uploads\/2023\/08\/machine-options_BW-45.png#29270\" alt=\"\"><br><a href=\"https:\/\/ipautomationinc.com\/de\/zubehor\/automatisierte-schweisgerate\/\">https:\/\/ipautomationinc.com\/accessories\/automated-welders\/<\/a><br>Kastenma\u00dfstab<br>70%<br><br>Sichtpr\u00fcfung<br><img decoding=\"async\" src=\"https:\/\/ipautomationinc.com\/wp-content\/uploads\/2022\/06\/machine-options_vision-inspection-closeup.png\" alt=\"machine-options_vision-inspection-closeup\"><br>Kastenma\u00dfstab<br>70%<br><br>Crimppresse<br><img decoding=\"async\" src=\"https:\/\/ipautomationinc.com\/wp-content\/uploads\/2024\/01\/crimping-press-icon.png#35637\" alt=\"\"><br><a href=\"https:\/\/ipautomationinc.com\/de\/zubehor\/crimppresse\/\">https:\/\/ipautomationinc.com\/accessories\/crimping-press\/<\/a><br>Kastenma\u00dfstab<br>70%<br><br>Servopresse<br><img decoding=\"async\" src=\"https:\/\/ipautomationinc.com\/wp-content\/uploads\/2022\/06\/machine-options_servo-press.png\" alt=\"machine-options_servo-press\"><br>Kastenma\u00dfstab<br>70%<br><br>Kalter Header<br><img decoding=\"async\" src=\"https:\/\/ipautomationinc.com\/wp-content\/uploads\/2022\/06\/machine-options_cold-heading.png\" alt=\"machine-options_cold-heading\"><br>Kastenma\u00dfstab<br>70%<br><br>Stressabbaustation<br><img decoding=\"async\" src=\"https:\/\/ipautomationinc.com\/wp-content\/uploads\/2022\/06\/machine-options_stress-relieving.png\" alt=\"machine-options_stress-relieving\"><br>Kastenma\u00dfstab<br>70%<br><br>Holen Sie sich jetzt die Preise!<br>icon-forward<br><a href=\"https:\/\/ipautomationinc.com\/de\/kontaktiere-uns\/#form\">https:\/\/ipautomationinc.com\/contact-us\/#form<\/a><br>50px<br><br>Andere CNC-Drahtbiegemaschinen<br><br><h4>Einkopf-Drahtbieger<\/h4><br><br><p><hr class=\"no_line\" style=\"margin: 0 auto 0px auto\"\/>\n <a href=\"https:\/\/ipautomationinc.com\/de\/einkopf-cnc-drahtbieger\/\"> <img decoding=\"async\" src=\"https:\/\/ipautomationinc.com\/wp-content\/uploads\/2023\/02\/i8-S-RGB-1.png\" alt=\"iS CNC-Drahtformer\"> <\/a> <hr class=\"no_line\" style=\"margin: 0 auto 0px auto\"\/>\n <a class=\"mfn-link mfn-link-1\" href=\"\" style=\"\" data-hover=\"\"   ><span data-hover=\"\"><\/span><\/a><\/p><br>no-repeat;links oben;;<br>Auto<br><br><h4>2D-Drahtbieger<\/h4><br><br><p><hr class=\"no_line\" style=\"margin: 0 auto 0px auto\"\/>\n <a href=\"https:\/\/ipautomationinc.com\/de\/2d-serie\/\"> <img decoding=\"async\" src=\"https:\/\/ipautomationinc.com\/wp-content\/uploads\/2026\/02\/i10-S-2D-2D-CNC-Wire-Bending-Machine-With-Automated-Welder.png\" alt=\"2D-Drahtbieger\"> <\/a> <hr class=\"no_line\" style=\"margin: 0 auto 0px auto\"\/>\n <a class=\"mfn-link mfn-link-1\" href=\"\" style=\"\" data-hover=\"\"   ><span data-hover=\"\"><\/span><\/a><\/p><br>no-repeat;links oben;;<br>Auto<br><br><\/p>","protected":false},"excerpt":{"rendered":"<p>The i-D-SS double head 3D CNC wire bender is perfect for high volume 3D bending capability on simple listing wires.<span class=\"excerpt-hellip\"> [\u2026]<\/span><\/p>\n","protected":false},"author":3,"featured_media":0,"parent":0,"menu_order":0,"comment_status":"closed","ping_status":"closed","template":"","meta":{"footnotes":""},"class_list":["post-36683","page","type-page","status-publish","hentry"],"yoast_head":"<!-- This site is optimized with the Yoast SEO plugin v27.3 - https:\/\/yoast.com\/product\/yoast-seo-wordpress\/ -->\n<title>i-D-SS Series Double Head 3D CNC Wire Bender | IP Automation Inc<\/title>\n<meta name=\"description\" content=\"The i-D-SS double head 3D CNC bender is perfect for high volume 3D bending capability on simple listing wires.\" \/>\n<meta name=\"robots\" content=\"index, follow, max-snippet:-1, max-image-preview:large, max-video-preview:-1\" \/>\n<link rel=\"canonical\" href=\"https:\/\/ipautomationinc.com\/de\/serie-i-d-ss\/\" \/>\n<meta property=\"og:locale\" content=\"de_DE\" \/>\n<meta property=\"og:type\" content=\"article\" \/>\n<meta property=\"og:title\" content=\"i-D-SS Series Double Head 3D CNC Wire Bender | IP Automation Inc\" \/>\n<meta property=\"og:description\" content=\"The i-D-SS double head 3D CNC bender is perfect for high volume 3D bending capability on simple listing wires.\" \/>\n<meta property=\"og:url\" content=\"https:\/\/ipautomationinc.com\/de\/serie-i-d-ss\/\" \/>\n<meta property=\"og:site_name\" content=\"IP Automation Inc\" \/>\n<meta property=\"article:publisher\" content=\"https:\/\/www.facebook.com\/ipautomationinc\/\" \/>\n<meta property=\"article:modified_time\" content=\"2026-02-24T16:16:57+00:00\" \/>\n<meta property=\"og:image\" content=\"https:\/\/ipautomationinc.com\/wp-content\/uploads\/2024\/07\/i4-D-SS-RGB.png#36680\" \/>\n<script type=\"application\/ld+json\" class=\"yoast-schema-graph\">{\"@context\":\"https:\\\/\\\/schema.org\",\"@graph\":[{\"@type\":\"WebPage\",\"@id\":\"https:\\\/\\\/ipautomationinc.com\\\/i-d-ss-series\\\/\",\"url\":\"https:\\\/\\\/ipautomationinc.com\\\/i-d-ss-series\\\/\",\"name\":\"i-D-SS Series Double Head 3D CNC Wire Bender | IP Automation Inc\",\"isPartOf\":{\"@id\":\"https:\\\/\\\/ipautomationinc.com\\\/#website\"},\"primaryImageOfPage\":{\"@id\":\"https:\\\/\\\/ipautomationinc.com\\\/i-d-ss-series\\\/#primaryimage\"},\"image\":{\"@id\":\"https:\\\/\\\/ipautomationinc.com\\\/i-d-ss-series\\\/#primaryimage\"},\"thumbnailUrl\":\"https:\\\/\\\/ipautomationinc.com\\\/wp-content\\\/uploads\\\/2024\\\/07\\\/i4-D-SS-RGB.png#36680\",\"datePublished\":\"2024-07-25T20:27:56+00:00\",\"dateModified\":\"2026-02-24T16:16:57+00:00\",\"description\":\"The i-D-SS double head 3D CNC bender is perfect for high volume 3D bending capability on simple listing wires.\",\"inLanguage\":\"de\",\"potentialAction\":[{\"@type\":\"ReadAction\",\"target\":[\"https:\\\/\\\/ipautomationinc.com\\\/i-d-ss-series\\\/\"]}]},{\"@type\":\"ImageObject\",\"inLanguage\":\"de\",\"@id\":\"https:\\\/\\\/ipautomationinc.com\\\/i-d-ss-series\\\/#primaryimage\",\"url\":\"https:\\\/\\\/ipautomationinc.com\\\/wp-content\\\/uploads\\\/2024\\\/07\\\/i4-D-SS-RGB.png#36680\",\"contentUrl\":\"https:\\\/\\\/ipautomationinc.com\\\/wp-content\\\/uploads\\\/2024\\\/07\\\/i4-D-SS-RGB.png#36680\"},{\"@type\":\"WebSite\",\"@id\":\"https:\\\/\\\/ipautomationinc.com\\\/#website\",\"url\":\"https:\\\/\\\/ipautomationinc.com\\\/\",\"name\":\"IP Automation Inc\",\"description\":\"Concept... Creation... Reality...\",\"publisher\":{\"@id\":\"https:\\\/\\\/ipautomationinc.com\\\/#organization\"},\"potentialAction\":[{\"@type\":\"SearchAction\",\"target\":{\"@type\":\"EntryPoint\",\"urlTemplate\":\"https:\\\/\\\/ipautomationinc.com\\\/?s={search_term_string}\"},\"query-input\":{\"@type\":\"PropertyValueSpecification\",\"valueRequired\":true,\"valueName\":\"search_term_string\"}}],\"inLanguage\":\"de\"},{\"@type\":\"Organization\",\"@id\":\"https:\\\/\\\/ipautomationinc.com\\\/#organization\",\"name\":\"IP Automation Inc\",\"url\":\"https:\\\/\\\/ipautomationinc.com\\\/\",\"logo\":{\"@type\":\"ImageObject\",\"inLanguage\":\"de\",\"@id\":\"https:\\\/\\\/ipautomationinc.com\\\/#\\\/schema\\\/logo\\\/image\\\/\",\"url\":\"https:\\\/\\\/ipautomationinc.com\\\/wp-content\\\/uploads\\\/2022\\\/05\\\/IPA-Favicon.png\",\"contentUrl\":\"https:\\\/\\\/ipautomationinc.com\\\/wp-content\\\/uploads\\\/2022\\\/05\\\/IPA-Favicon.png\",\"width\":513,\"height\":513,\"caption\":\"IP Automation Inc\"},\"image\":{\"@id\":\"https:\\\/\\\/ipautomationinc.com\\\/#\\\/schema\\\/logo\\\/image\\\/\"},\"sameAs\":[\"https:\\\/\\\/www.facebook.com\\\/ipautomationinc\\\/\",\"https:\\\/\\\/www.linkedin.com\\\/company\\\/ip-automation-inc\\\/\",\"https:\\\/\\\/www.youtube.com\\\/@IPAutomation\"]}]}<\/script>\n<!-- \/ Yoast SEO plugin. -->","yoast_head_json":{"title":"Doppelkopf-3D-CNC-Drahtbiegemaschine der i-D-SS-Serie | IP Automation Inc","description":"Die iD-SS-Doppelkopf-3D-CNC-Biegevorrichtung eignet sich perfekt f\u00fcr die 3D-Biegung gro\u00dfer St\u00fcckzahlen bei einfachen Listendr\u00e4hten.","robots":{"index":"index","follow":"follow","max-snippet":"max-snippet:-1","max-image-preview":"max-image-preview:large","max-video-preview":"max-video-preview:-1"},"canonical":"https:\/\/ipautomationinc.com\/de\/serie-i-d-ss\/","og_locale":"de_DE","og_type":"article","og_title":"i-D-SS Series Double Head 3D CNC Wire Bender | IP Automation Inc","og_description":"The i-D-SS double head 3D CNC bender is perfect for high volume 3D bending capability on simple listing wires.","og_url":"https:\/\/ipautomationinc.com\/de\/serie-i-d-ss\/","og_site_name":"IP Automation Inc","article_publisher":"https:\/\/www.facebook.com\/ipautomationinc\/","article_modified_time":"2026-02-24T16:16:57+00:00","og_image":[{"url":"https:\/\/ipautomationinc.com\/wp-content\/uploads\/2024\/07\/i4-D-SS-RGB.png#36680","type":"","width":"","height":""}],"schema":{"@context":"https:\/\/schema.org","@graph":[{"@type":"WebPage","@id":"https:\/\/ipautomationinc.com\/i-d-ss-series\/","url":"https:\/\/ipautomationinc.com\/i-d-ss-series\/","name":"Doppelkopf-3D-CNC-Drahtbiegemaschine der i-D-SS-Serie | IP Automation Inc","isPartOf":{"@id":"https:\/\/ipautomationinc.com\/#website"},"primaryImageOfPage":{"@id":"https:\/\/ipautomationinc.com\/i-d-ss-series\/#primaryimage"},"image":{"@id":"https:\/\/ipautomationinc.com\/i-d-ss-series\/#primaryimage"},"thumbnailUrl":"https:\/\/ipautomationinc.com\/wp-content\/uploads\/2024\/07\/i4-D-SS-RGB.png#36680","datePublished":"2024-07-25T20:27:56+00:00","dateModified":"2026-02-24T16:16:57+00:00","description":"Die iD-SS-Doppelkopf-3D-CNC-Biegevorrichtung eignet sich perfekt f\u00fcr die 3D-Biegung gro\u00dfer St\u00fcckzahlen bei einfachen Listendr\u00e4hten.","inLanguage":"de","potentialAction":[{"@type":"ReadAction","target":["https:\/\/ipautomationinc.com\/i-d-ss-series\/"]}]},{"@type":"ImageObject","inLanguage":"de","@id":"https:\/\/ipautomationinc.com\/i-d-ss-series\/#primaryimage","url":"https:\/\/ipautomationinc.com\/wp-content\/uploads\/2024\/07\/i4-D-SS-RGB.png#36680","contentUrl":"https:\/\/ipautomationinc.com\/wp-content\/uploads\/2024\/07\/i4-D-SS-RGB.png#36680"},{"@type":"WebSite","@id":"https:\/\/ipautomationinc.com\/#website","url":"https:\/\/ipautomationinc.com\/","name":"IP Automation Inc","description":"Konzept... Kreation... Realit\u00e4t...","publisher":{"@id":"https:\/\/ipautomationinc.com\/#organization"},"potentialAction":[{"@type":"SearchAction","target":{"@type":"EntryPoint","urlTemplate":"https:\/\/ipautomationinc.com\/?s={search_term_string}"},"query-input":{"@type":"PropertyValueSpecification","valueRequired":true,"valueName":"search_term_string"}}],"inLanguage":"de"},{"@type":"Organization","@id":"https:\/\/ipautomationinc.com\/#organization","name":"IP Automation Inc","url":"https:\/\/ipautomationinc.com\/","logo":{"@type":"ImageObject","inLanguage":"de","@id":"https:\/\/ipautomationinc.com\/#\/schema\/logo\/image\/","url":"https:\/\/ipautomationinc.com\/wp-content\/uploads\/2022\/05\/IPA-Favicon.png","contentUrl":"https:\/\/ipautomationinc.com\/wp-content\/uploads\/2022\/05\/IPA-Favicon.png","width":513,"height":513,"caption":"IP Automation Inc"},"image":{"@id":"https:\/\/ipautomationinc.com\/#\/schema\/logo\/image\/"},"sameAs":["https:\/\/www.facebook.com\/ipautomationinc\/","https:\/\/www.linkedin.com\/company\/ip-automation-inc\/","https:\/\/www.youtube.com\/@IPAutomation"]}]}},"_links":{"self":[{"href":"https:\/\/ipautomationinc.com\/de\/wp-json\/wp\/v2\/pages\/36683","targetHints":{"allow":["GET"]}}],"collection":[{"href":"https:\/\/ipautomationinc.com\/de\/wp-json\/wp\/v2\/pages"}],"about":[{"href":"https:\/\/ipautomationinc.com\/de\/wp-json\/wp\/v2\/types\/page"}],"author":[{"embeddable":true,"href":"https:\/\/ipautomationinc.com\/de\/wp-json\/wp\/v2\/users\/3"}],"replies":[{"embeddable":true,"href":"https:\/\/ipautomationinc.com\/de\/wp-json\/wp\/v2\/comments?post=36683"}],"version-history":[{"count":6,"href":"https:\/\/ipautomationinc.com\/de\/wp-json\/wp\/v2\/pages\/36683\/revisions"}],"predecessor-version":[{"id":39493,"href":"https:\/\/ipautomationinc.com\/de\/wp-json\/wp\/v2\/pages\/36683\/revisions\/39493"}],"wp:attachment":[{"href":"https:\/\/ipautomationinc.com\/de\/wp-json\/wp\/v2\/media?parent=36683"}],"curies":[{"name":"wp","href":"https:\/\/api.w.org\/{rel}","templated":true}]}}