{"id":36673,"date":"2024-07-25T16:36:10","date_gmt":"2024-07-25T21:36:10","guid":{"rendered":"https:\/\/ipautomationinc.com\/?page_id=36673"},"modified":"2024-08-14T19:59:44","modified_gmt":"2024-08-14T19:59:44","slug":"inline-fase","status":"publish","type":"page","link":"https:\/\/ipautomationinc.com\/de\/accessories\/in-line-chamfer\/","title":{"rendered":"Inline-Fase"},"content":{"rendered":"<p><strong>The in-line chamfer accessory is indispensable for wire form manufactures seeking efficient part chamfering without added labor costs. It&#8217;s equally crucial in tubing applications where it can pre-cut parts to controlled depths for easier detachment at the bender cutter.<\/strong><\/p>\n\n\n\n<p>&gt;zur\u00fcck zum Zubeh\u00f6r<br>h2<br><a href=\"https:\/\/ipautomationinc.com\/de\/zubehor\/\">https:\/\/ipautomationinc.com\/accessories\/<\/a><br>Mitte Mitte<br>links<br>#949494<br>verstecken<br><br>Inline-Fase<br>h1<br>Mitte Mitte<br>links<br>verstecken<br><br><img decoding=\"async\" src=\"https:\/\/ipautomationinc.com\/wp-content\/uploads\/2024\/01\/internal-chamfer.png#35611\" alt=\"internal chamfer\"><br>voll<br>enthalten<br>Mitte Mitte<br>verstecken<br><br><h4>The in-line chamfer accessory is indispensable for wire form manufactures seeking efficient part chamfering without added labor costs. It\\&#8217;s equally crucial in tubing applications where it can pre-cut parts to controlled depths for easier detachment at the bender cutter.<\/h4><br><br><h4>Das Servomotordesign gew\u00e4hrleistet Konsistenz und Kontrolle bei der Geschwindigkeit des Fr\u00e4servorschubs, der Schnitttiefe und der Drehzahlregelung. In Verbindung mit unserem pr\u00e4zisen 4-Rad-Antrieb und dem Allrad-Vorschubmechanismus richtet es die Nutposition pr\u00e4zise auf den Scherenfr\u00e4ser am Biegearm aus. Dar\u00fcber hinaus verf\u00fcgt das Ger\u00e4t \u00fcber eine Vakuum-Sp\u00e4neabsaugung in einen externen Auffangbeh\u00e4lter, wodurch ein sauberer Arbeitsplatz gew\u00e4hrleistet bleibt.<\/h4><br>#000000<br>verstecken<br><br>35613,35615,35616,36677<br>Miniaturansicht<br>4<br>200 Pixel<br>300 Pixel<br>solide<br>Bildunterschrift-Overlay<br>verstecken<br><br>10<br>verstecken<br><br>Medien<br>h3<br>Mitte Mitte<br>Center<br>verstecken<br><br>899881742<br>h=4a96747443<br>enthalten<br>Mitte Mitte<br><br>10<br>verstecken<br><br>Merkmale<br>h3<br>Mitte Mitte<br>Center<br>verstecken<br><br>Hauptmerkmale<br><br><br>Servogesteuerte Schnitttiefe und Drehzahl<br><br>Standard-Hartmetall-Wendeschneidplatten<br><br>Vakuum-Sp\u00e4neentfernung<br><br><br>#EBEBEB<br>#222222<br>verstecken<br><br>10<br>verstecken<br><br>Spezifikationen.<br>h3<br>Mitte Mitte<br>Center<br>verstecken<br><br><br>verstecken<br><br>Weitere Spezifikationen auf Anfrage erh\u00e4ltlich.<br><br><\/p>\n\n\n\n<p><\/p>","protected":false},"excerpt":{"rendered":"<p>The in-line chamfer accessory is indispensable for wire form manufactures seeking efficient part chamfering without added labor costs. It&#8217;s equally<span class=\"excerpt-hellip\"> [\u2026]<\/span><\/p>\n","protected":false},"author":3,"featured_media":0,"parent":7745,"menu_order":0,"comment_status":"closed","ping_status":"closed","template":"","meta":{"footnotes":""},"class_list":["post-36673","page","type-page","status-publish","hentry"],"yoast_head":"<!-- This site is optimized with the Yoast SEO plugin v27.3 - https:\/\/yoast.com\/product\/yoast-seo-wordpress\/ -->\n<title>In-Line Chamfer | IP Automation Inc<\/title>\n<meta name=\"description\" content=\"Our in-line chamfer accessory is essential for wire form manufacturers who need to efficiently chamfer parts in-line without labor expense.\" \/>\n<meta name=\"robots\" content=\"index, follow, max-snippet:-1, max-image-preview:large, max-video-preview:-1\" \/>\n<link rel=\"canonical\" href=\"https:\/\/ipautomationinc.com\/de\/zubehor\/inline-fase\/\" \/>\n<meta property=\"og:locale\" content=\"de_DE\" \/>\n<meta property=\"og:type\" content=\"article\" \/>\n<meta property=\"og:title\" content=\"In-Line Chamfer | IP Automation Inc\" \/>\n<meta property=\"og:description\" content=\"Our in-line chamfer accessory is essential for wire form manufacturers who need to efficiently chamfer parts in-line without labor expense.\" \/>\n<meta property=\"og:url\" content=\"https:\/\/ipautomationinc.com\/de\/zubehor\/inline-fase\/\" \/>\n<meta property=\"og:site_name\" content=\"IP Automation Inc\" \/>\n<meta property=\"article:publisher\" content=\"https:\/\/www.facebook.com\/ipautomationinc\/\" \/>\n<meta property=\"article:modified_time\" content=\"2024-08-14T19:59:44+00:00\" \/>\n<meta property=\"og:image\" content=\"https:\/\/ipautomationinc.com\/wp-content\/uploads\/2024\/01\/internal-chamfer.png#35611\" \/>\n<script type=\"application\/ld+json\" class=\"yoast-schema-graph\">{\"@context\":\"https:\\\/\\\/schema.org\",\"@graph\":[{\"@type\":\"WebPage\",\"@id\":\"https:\\\/\\\/ipautomationinc.com\\\/accessories\\\/in-line-chamfer\\\/\",\"url\":\"https:\\\/\\\/ipautomationinc.com\\\/accessories\\\/in-line-chamfer\\\/\",\"name\":\"In-Line Chamfer | IP Automation Inc\",\"isPartOf\":{\"@id\":\"https:\\\/\\\/ipautomationinc.com\\\/#website\"},\"primaryImageOfPage\":{\"@id\":\"https:\\\/\\\/ipautomationinc.com\\\/accessories\\\/in-line-chamfer\\\/#primaryimage\"},\"image\":{\"@id\":\"https:\\\/\\\/ipautomationinc.com\\\/accessories\\\/in-line-chamfer\\\/#primaryimage\"},\"thumbnailUrl\":\"https:\\\/\\\/ipautomationinc.com\\\/wp-content\\\/uploads\\\/2024\\\/01\\\/internal-chamfer.png#35611\",\"datePublished\":\"2024-07-25T21:36:10+00:00\",\"dateModified\":\"2024-08-14T19:59:44+00:00\",\"description\":\"Our in-line chamfer accessory is essential for wire form manufacturers who need to efficiently chamfer parts in-line without labor expense.\",\"breadcrumb\":{\"@id\":\"https:\\\/\\\/ipautomationinc.com\\\/accessories\\\/in-line-chamfer\\\/#breadcrumb\"},\"inLanguage\":\"de\",\"potentialAction\":[{\"@type\":\"ReadAction\",\"target\":[\"https:\\\/\\\/ipautomationinc.com\\\/accessories\\\/in-line-chamfer\\\/\"]}]},{\"@type\":\"ImageObject\",\"inLanguage\":\"de\",\"@id\":\"https:\\\/\\\/ipautomationinc.com\\\/accessories\\\/in-line-chamfer\\\/#primaryimage\",\"url\":\"https:\\\/\\\/ipautomationinc.com\\\/wp-content\\\/uploads\\\/2024\\\/01\\\/internal-chamfer.png#35611\",\"contentUrl\":\"https:\\\/\\\/ipautomationinc.com\\\/wp-content\\\/uploads\\\/2024\\\/01\\\/internal-chamfer.png#35611\"},{\"@type\":\"BreadcrumbList\",\"@id\":\"https:\\\/\\\/ipautomationinc.com\\\/accessories\\\/in-line-chamfer\\\/#breadcrumb\",\"itemListElement\":[{\"@type\":\"ListItem\",\"position\":1,\"name\":\"Accessories\",\"item\":\"https:\\\/\\\/ipautomationinc.com\\\/accessories\\\/\"},{\"@type\":\"ListItem\",\"position\":2,\"name\":\"In-Line Chamfer\"}]},{\"@type\":\"WebSite\",\"@id\":\"https:\\\/\\\/ipautomationinc.com\\\/#website\",\"url\":\"https:\\\/\\\/ipautomationinc.com\\\/\",\"name\":\"IP Automation Inc\",\"description\":\"Concept... Creation... Reality...\",\"publisher\":{\"@id\":\"https:\\\/\\\/ipautomationinc.com\\\/#organization\"},\"potentialAction\":[{\"@type\":\"SearchAction\",\"target\":{\"@type\":\"EntryPoint\",\"urlTemplate\":\"https:\\\/\\\/ipautomationinc.com\\\/?s={search_term_string}\"},\"query-input\":{\"@type\":\"PropertyValueSpecification\",\"valueRequired\":true,\"valueName\":\"search_term_string\"}}],\"inLanguage\":\"de\"},{\"@type\":\"Organization\",\"@id\":\"https:\\\/\\\/ipautomationinc.com\\\/#organization\",\"name\":\"IP Automation Inc\",\"url\":\"https:\\\/\\\/ipautomationinc.com\\\/\",\"logo\":{\"@type\":\"ImageObject\",\"inLanguage\":\"de\",\"@id\":\"https:\\\/\\\/ipautomationinc.com\\\/#\\\/schema\\\/logo\\\/image\\\/\",\"url\":\"https:\\\/\\\/ipautomationinc.com\\\/wp-content\\\/uploads\\\/2022\\\/05\\\/IPA-Favicon.png\",\"contentUrl\":\"https:\\\/\\\/ipautomationinc.com\\\/wp-content\\\/uploads\\\/2022\\\/05\\\/IPA-Favicon.png\",\"width\":513,\"height\":513,\"caption\":\"IP Automation Inc\"},\"image\":{\"@id\":\"https:\\\/\\\/ipautomationinc.com\\\/#\\\/schema\\\/logo\\\/image\\\/\"},\"sameAs\":[\"https:\\\/\\\/www.facebook.com\\\/ipautomationinc\\\/\",\"https:\\\/\\\/www.linkedin.com\\\/company\\\/ip-automation-inc\\\/\",\"https:\\\/\\\/www.youtube.com\\\/@IPAutomation\"]}]}<\/script>\n<!-- \/ Yoast SEO plugin. -->","yoast_head_json":{"title":"Inline-Fase | IP Automation Inc","description":"Unser Inline-Fasenzubeh\u00f6r ist unverzichtbar f\u00fcr Hersteller von Drahtformen, die Teile effizient und ohne Arbeitsaufwand in der Linie anfasen m\u00fcssen.","robots":{"index":"index","follow":"follow","max-snippet":"max-snippet:-1","max-image-preview":"max-image-preview:large","max-video-preview":"max-video-preview:-1"},"canonical":"https:\/\/ipautomationinc.com\/de\/zubehor\/inline-fase\/","og_locale":"de_DE","og_type":"article","og_title":"In-Line Chamfer | IP Automation Inc","og_description":"Our in-line chamfer accessory is essential for wire form manufacturers who need to efficiently chamfer parts in-line without labor expense.","og_url":"https:\/\/ipautomationinc.com\/de\/zubehor\/inline-fase\/","og_site_name":"IP Automation Inc","article_publisher":"https:\/\/www.facebook.com\/ipautomationinc\/","article_modified_time":"2024-08-14T19:59:44+00:00","og_image":[{"url":"https:\/\/ipautomationinc.com\/wp-content\/uploads\/2024\/01\/internal-chamfer.png#35611","type":"","width":"","height":""}],"schema":{"@context":"https:\/\/schema.org","@graph":[{"@type":"WebPage","@id":"https:\/\/ipautomationinc.com\/accessories\/in-line-chamfer\/","url":"https:\/\/ipautomationinc.com\/accessories\/in-line-chamfer\/","name":"Inline-Fase | IP Automation Inc","isPartOf":{"@id":"https:\/\/ipautomationinc.com\/#website"},"primaryImageOfPage":{"@id":"https:\/\/ipautomationinc.com\/accessories\/in-line-chamfer\/#primaryimage"},"image":{"@id":"https:\/\/ipautomationinc.com\/accessories\/in-line-chamfer\/#primaryimage"},"thumbnailUrl":"https:\/\/ipautomationinc.com\/wp-content\/uploads\/2024\/01\/internal-chamfer.png#35611","datePublished":"2024-07-25T21:36:10+00:00","dateModified":"2024-08-14T19:59:44+00:00","description":"Unser Inline-Fasenzubeh\u00f6r ist unverzichtbar f\u00fcr Hersteller von Drahtformen, die Teile effizient und ohne Arbeitsaufwand in der Linie anfasen m\u00fcssen.","breadcrumb":{"@id":"https:\/\/ipautomationinc.com\/accessories\/in-line-chamfer\/#breadcrumb"},"inLanguage":"de","potentialAction":[{"@type":"ReadAction","target":["https:\/\/ipautomationinc.com\/accessories\/in-line-chamfer\/"]}]},{"@type":"ImageObject","inLanguage":"de","@id":"https:\/\/ipautomationinc.com\/accessories\/in-line-chamfer\/#primaryimage","url":"https:\/\/ipautomationinc.com\/wp-content\/uploads\/2024\/01\/internal-chamfer.png#35611","contentUrl":"https:\/\/ipautomationinc.com\/wp-content\/uploads\/2024\/01\/internal-chamfer.png#35611"},{"@type":"BreadcrumbList","@id":"https:\/\/ipautomationinc.com\/accessories\/in-line-chamfer\/#breadcrumb","itemListElement":[{"@type":"ListItem","position":1,"name":"Accessories","item":"https:\/\/ipautomationinc.com\/accessories\/"},{"@type":"ListItem","position":2,"name":"In-Line Chamfer"}]},{"@type":"WebSite","@id":"https:\/\/ipautomationinc.com\/#website","url":"https:\/\/ipautomationinc.com\/","name":"IP Automation Inc","description":"Konzept... Kreation... Realit\u00e4t...","publisher":{"@id":"https:\/\/ipautomationinc.com\/#organization"},"potentialAction":[{"@type":"SearchAction","target":{"@type":"EntryPoint","urlTemplate":"https:\/\/ipautomationinc.com\/?s={search_term_string}"},"query-input":{"@type":"PropertyValueSpecification","valueRequired":true,"valueName":"search_term_string"}}],"inLanguage":"de"},{"@type":"Organization","@id":"https:\/\/ipautomationinc.com\/#organization","name":"IP Automation Inc","url":"https:\/\/ipautomationinc.com\/","logo":{"@type":"ImageObject","inLanguage":"de","@id":"https:\/\/ipautomationinc.com\/#\/schema\/logo\/image\/","url":"https:\/\/ipautomationinc.com\/wp-content\/uploads\/2022\/05\/IPA-Favicon.png","contentUrl":"https:\/\/ipautomationinc.com\/wp-content\/uploads\/2022\/05\/IPA-Favicon.png","width":513,"height":513,"caption":"IP Automation Inc"},"image":{"@id":"https:\/\/ipautomationinc.com\/#\/schema\/logo\/image\/"},"sameAs":["https:\/\/www.facebook.com\/ipautomationinc\/","https:\/\/www.linkedin.com\/company\/ip-automation-inc\/","https:\/\/www.youtube.com\/@IPAutomation"]}]}},"_links":{"self":[{"href":"https:\/\/ipautomationinc.com\/de\/wp-json\/wp\/v2\/pages\/36673","targetHints":{"allow":["GET"]}}],"collection":[{"href":"https:\/\/ipautomationinc.com\/de\/wp-json\/wp\/v2\/pages"}],"about":[{"href":"https:\/\/ipautomationinc.com\/de\/wp-json\/wp\/v2\/types\/page"}],"author":[{"embeddable":true,"href":"https:\/\/ipautomationinc.com\/de\/wp-json\/wp\/v2\/users\/3"}],"replies":[{"embeddable":true,"href":"https:\/\/ipautomationinc.com\/de\/wp-json\/wp\/v2\/comments?post=36673"}],"version-history":[{"count":2,"href":"https:\/\/ipautomationinc.com\/de\/wp-json\/wp\/v2\/pages\/36673\/revisions"}],"predecessor-version":[{"id":36745,"href":"https:\/\/ipautomationinc.com\/de\/wp-json\/wp\/v2\/pages\/36673\/revisions\/36745"}],"up":[{"embeddable":true,"href":"https:\/\/ipautomationinc.com\/de\/wp-json\/wp\/v2\/pages\/7745"}],"wp:attachment":[{"href":"https:\/\/ipautomationinc.com\/de\/wp-json\/wp\/v2\/media?parent=36673"}],"curies":[{"name":"wp","href":"https:\/\/api.w.org\/{rel}","templated":true}]}}