{"id":32686,"date":"2026-02-10T16:33:39","date_gmt":"2026-02-10T22:33:39","guid":{"rendered":"https:\/\/ipautomationinc.com\/?page_id=32686"},"modified":"2026-02-17T14:05:01","modified_gmt":"2026-02-17T20:05:01","slug":"karriere","status":"publish","type":"page","link":"https:\/\/ipautomationinc.com\/de\/careers\/","title":{"rendered":"Karriere"},"content":{"rendered":"<p>IP Automation Inc is an industry leader in CNC wire bending machinery. We design and manufacture precision equipment used by manufacturers across a range of industries. Our work is driven by quality, reliability, and attention to detail. We\u2019re looking for individuals who take pride in their work and want to contribute to a well-run, growing company. Below you\u2019ll find our current open positions and links to apply.<\/p>\n\n\n\n<p><span class=\"builder2seo\"><\/span>Karriere<br><br><p><span>IP Automation Inc. ist ein Branchenf\u00fchrer im Bereich CNC-Drahtbiegemaschinen. Wir entwickeln und fertigen Pr\u00e4zisionsanlagen f\u00fcr Hersteller verschiedenster Branchen. Qualit\u00e4t, Zuverl\u00e4ssigkeit und Detailgenauigkeit pr\u00e4gen unsere Arbeit. Wir suchen Mitarbeiter, die stolz auf ihre Arbeit sind und aktiv zu einem erfolgreichen, wachsenden Unternehmen beitragen m\u00f6chten.<\/span><\/p><br><br><p><span>Nachfolgend finden Sie unsere aktuellen offenen Stellen und Links zur Bewerbung.<\/span><\/p><br><br>Technischer Mitarbeiter<br><br><br><p>Verantwortlich f\u00fcr die Entwicklung und Erprobung von L\u00f6sungen zur Behebung technischer Probleme in der Forschung und Entwicklung von automatisierten Biegemaschinen und Roboter-Montagesystemen. Unterst\u00fctzt Ingenieure, pr\u00fcft Produkte, f\u00fchrt Tests durch und verifiziert die Einhaltung der Spezifikationen durch die Anlagen.<\/p><br><br>Hauptverantwortlichkeiten<br>Erfahrung<br>Ausbildung<br><br><br>Entwicklung von L\u00f6sungen f\u00fcr komplexe technische Probleme in verschiedenen Branchen<br><br>Unterst\u00fctzen Sie die Ingenieure und das Vertriebsteam bei der Entwicklung, Modifizierung und dem Vorschlag von Produkten und Prozessen.<br><br>Unterst\u00fctzung der Kunden bei Schulungen und technischem Support<br><br>Unterst\u00fctzung bei Produktdesign, -entwicklung und -produktion<br><br>Ausr\u00fcstung bauen und einrichten<br><br>Programmierung und \u00dcberwachung des Aufbaus von CNC-Drahtformmaschinen und Roboteranlagen<br><br>Computergest\u00fctzte Konstruktions- und Zeichenger\u00e4te k\u00f6nnen w\u00e4hrend der Entwurfsphase oder zur \u00dcberpr\u00fcfung von Entw\u00fcrfen eingesetzt werden.<br><br>Pr\u00fcfung und Herstellung von elektrischen und elektronischen Ger\u00e4ten wie Schaltschr\u00e4nken, Mehrdrahtkabeln und Computern<br><br>Herstellung und Pr\u00fcfung elektronischer und computergesteuerter mechanischer Systeme<br><br>Methoden zur Pr\u00e4vention, Kontrolle oder Sanierung von Umweltgefahren entwickeln<br><br>Programmierbare Robotersysteme<br><br>Bis zu 30% Reise<br><br><br><br><br>Mindestens 2 Jahre Erfahrung mit automatisierten mechanischen oder elektronischen Systemen. Erfahrung im Automobilbereich wird ebenfalls ber\u00fccksichtigt.<br><br>CNC-Erfahrung ist von Vorteil.<br><br><br><br><br>Abgeschlossene Ausbildung im Maschinenbau oder praktische Erfahrung im Bau und der Fehlersuche an automatisierten Maschinen<br><br><br>unordered<br>enable<br>fas fa-plus<br>fas fa-minus<br>rotate<br>12px<br><br>Vollst\u00e4ndige Liste ansehen und bewerben<br><a href=\"https:\/\/www.indeed.com\/viewjob?jk=08578505451981bb&amp;from=shareddesktop_copy\">https:\/\/www.indeed.com\/viewjob?jk=08578505451981bb&amp;from=shareddesktop_copy<\/a><br>Schaltfl\u00e4chenthema<br><br>CNC-Maschinenbediener\/Programmierer (1. Schicht)<br><br><br><p>Sie werden Teil des Teams sein, das tatkr\u00e4ftig mitarbeitet und die Produktion am Laufen h\u00e4lt \u2013 Sie bedienen Maschinen, arbeiten mit Teamkollegen zusammen und stellen sicher, dass jedes fertige Teil unseren Qualit\u00e4tsanspr\u00fcchen gen\u00fcgt.<\/p><br><br>Hauptverantwortlichkeiten<br>Erfahrung<br>Ausbildung<br><br><br>CNC-Maschinen f\u00fcr die Fertigung von Kleinserien mit hoher Variantenvielfalt programmieren und einrichten sowie die Qualit\u00e4t w\u00e4hrend des Betriebs \u00fcberwachen<br><br>Rohmaterialien und Bauteile sorgf\u00e4ltig und mit Liebe zum Detail in die CNC-Maschinen einlegen.<br><br>Nehmen Sie bei Bedarf Anpassungen vor, um die Teile innerhalb der Spezifikationen zu halten und eine gleichbleibende Qualit\u00e4t zu gew\u00e4hrleisten.<br><br>Bedienen Sie manuelle Maschinen wie Fr\u00e4smaschinen, Drehmaschinen, Fl\u00e4chenschleifmaschinen und Bands\u00e4gen zur Bearbeitung von Pr\u00e4zisionsteilen.<br><br>Arbeiten Sie mit dem Entwicklungsteam zusammen, um die Teilekonstruktion zu verbessern und die Herstellbarkeit zu optimieren.<br><br>Fertige Teile pr\u00fcfen und vermessen, um sicherzustellen, dass sie den Vorgaben der Zeichnung entsprechen.<br><br>F\u00fchren Sie t\u00e4glich Maschinenpr\u00fcfungen und Wartungsarbeiten durch, um einen reibungslosen Maschinenbetrieb zu gew\u00e4hrleisten.<br><br>Befolgen Sie alle Sicherheitsvorschriften und tragen Sie zur Aufrechterhaltung eines sauberen, ordentlichen und sicheren Arbeitsumfelds bei.<br><br><br><br><br>Nachgewiesene Erfahrung als CNC-Maschinenbediener<br><br>Kenntnisse in der Programmierung und Einrichtung von CNC-Maschinen, Werkzeugen und Pr\u00e4zisionsmessger\u00e4ten<br><br>Comfortable reading and interpreting mechanical drawings and documentation, including GD&amp;T<br><br>Mechanisches Verst\u00e4ndnis und ausgepr\u00e4gte mathematische F\u00e4higkeiten<br><br>CAM-Programmierung: 5 Jahre (bevorzugt)<br><br><br><br><br>Hochschulreife oder gleichwertiger Abschluss erforderlich; technisches Zertifikat oder Diplom in einem verwandten Bereich ist von Vorteil.<br><br><br>unordered<br>enable<br>fas fa-plus<br>fas fa-minus<br>rotate<br>12px<br><br>Vollst\u00e4ndige Liste ansehen und bewerben<br><a href=\"https:\/\/www.indeed.com\/viewjob?jk=06e8e30a921ced7e&amp;from=shareddesktop_copy\">https:\/\/www.indeed.com\/viewjob?jk=06e8e30a921ced7e&amp;from=shareddesktop_copy<\/a><br>Schaltfl\u00e4chenthema<br><br>Technischer Mitarbeiter<br><br><br><p>Verantwortlich f\u00fcr die Entwicklung und Erprobung von L\u00f6sungen zur Behebung technischer Probleme in der Forschung und Entwicklung von automatisierten Biegemaschinen und Roboter-Montagesystemen. Unterst\u00fctzt Ingenieure, pr\u00fcft Produkte, f\u00fchrt Tests durch und verifiziert die Einhaltung der Spezifikationen durch die Anlagen.<\/p><br><br>Hauptverantwortlichkeiten<br>Erfahrung<br>Ausbildung<br><br><br>Entwicklung von L\u00f6sungen f\u00fcr komplexe technische Probleme in verschiedenen Branchen<br><br>Unterst\u00fctzen Sie die Ingenieure und das Vertriebsteam bei der Entwicklung, Modifizierung und dem Vorschlag von Produkten und Prozessen.<br><br>Unterst\u00fctzung der Kunden bei Schulungen und technischem Support<br><br>Unterst\u00fctzung bei Produktdesign, -entwicklung und -produktion<br><br>Ausr\u00fcstung bauen und einrichten<br><br>Programmierung und \u00dcberwachung des Aufbaus von CNC-Drahtformmaschinen und Roboteranlagen<br><br>Computergest\u00fctzte Konstruktions- und Zeichenger\u00e4te k\u00f6nnen w\u00e4hrend der Entwurfsphase oder zur \u00dcberpr\u00fcfung von Entw\u00fcrfen eingesetzt werden.<br><br>Pr\u00fcfung und Herstellung von elektrischen und elektronischen Ger\u00e4ten wie Schaltschr\u00e4nken, Mehrdrahtkabeln und Computern<br><br>Herstellung und Pr\u00fcfung elektronischer und computergesteuerter mechanischer Systeme<br><br>Methoden zur Pr\u00e4vention, Kontrolle oder Sanierung von Umweltgefahren entwickeln<br><br>Up to 10% travel<br><br><br><br><br>Mindestens 2 Jahre Erfahrung mit automatisierten mechanischen oder elektronischen Systemen. Erfahrung im Automobilbereich wird ebenfalls ber\u00fccksichtigt.<br><br>CNC-Erfahrung ist von Vorteil.<br><br><br><br><br>Associates Degree in Mechanical Engineering or hands on experience in building and troubleshooting automated machinery : 2 Years<br><br><br>unordered<br>enable<br>fas fa-plus<br>fas fa-minus<br>rotate<br><br>Apply Here<br><a href=\"https:\/\/www.linkedin.com\/jobs\/view\/3984475847\/\">https:\/\/www.linkedin.com\/jobs\/view\/3984475847\/<\/a><br>Schaltfl\u00e4chenthema<br><br>CNC-Maschinenbediener\/Programmierer (1. Schicht)<br><br><br><p>Sie werden Teil des Teams sein, das tatkr\u00e4ftig mitarbeitet und die Produktion am Laufen h\u00e4lt \u2013 Sie bedienen Maschinen, arbeiten mit Teamkollegen zusammen und stellen sicher, dass jedes fertige Teil unseren Qualit\u00e4tsanspr\u00fcchen gen\u00fcgt.<\/p><br><br>Hauptverantwortlichkeiten<br>Erfahrung<br>Ausbildung<br><br><br>Entwicklung von L\u00f6sungen f\u00fcr komplexe technische Probleme in verschiedenen Branchen<br><br>Unterst\u00fctzen Sie die Ingenieure und das Vertriebsteam bei der Entwicklung, Modifizierung und dem Vorschlag von Produkten und Prozessen.<br><br>Unterst\u00fctzung der Kunden bei Schulungen und technischem Support<br><br>Unterst\u00fctzung bei Produktdesign, -entwicklung und -produktion<br><br>Ausr\u00fcstung bauen und einrichten<br><br>Programmierung und \u00dcberwachung des Aufbaus von CNC-Drahtformmaschinen und Roboteranlagen<br><br>Computergest\u00fctzte Konstruktions- und Zeichenger\u00e4te k\u00f6nnen w\u00e4hrend der Entwurfsphase oder zur \u00dcberpr\u00fcfung von Entw\u00fcrfen eingesetzt werden.<br><br>Pr\u00fcfung und Herstellung von elektrischen und elektronischen Ger\u00e4ten wie Schaltschr\u00e4nken, Mehrdrahtkabeln und Computern<br><br>Herstellung und Pr\u00fcfung elektronischer und computergesteuerter mechanischer Systeme<br><br>Methoden zur Pr\u00e4vention, Kontrolle oder Sanierung von Umweltgefahren entwickeln<br><br>Up to 10% travel<br><br><br><br><br>Mindestens 2 Jahre Erfahrung mit automatisierten mechanischen oder elektronischen Systemen. Erfahrung im Automobilbereich wird ebenfalls ber\u00fccksichtigt.<br><br>CNC experience is required<br><br><br><br><br>Abgeschlossene Ausbildung im Maschinenbau oder praktische Erfahrung im Bau und der Fehlersuche an automatisierten Maschinen<br><br><br>unordered<br>enable<br>fas fa-plus<br>fas fa-minus<br>rotate<br><br>Apply Here<br><a href=\"https:\/\/www.linkedin.com\/jobs\/view\/3984475847\/\">https:\/\/www.linkedin.com\/jobs\/view\/3984475847\/<\/a><br>Schaltfl\u00e4chenthema<br><br><\/p>","protected":false},"excerpt":{"rendered":"<p>IP Automation Inc is an industry leader in CNC wire bending machinery. We design and manufacture precision equipment used by<span class=\"excerpt-hellip\"> [\u2026]<\/span><\/p>\n","protected":false},"author":3,"featured_media":0,"parent":0,"menu_order":0,"comment_status":"closed","ping_status":"closed","template":"","meta":{"footnotes":""},"class_list":["post-32686","page","type-page","status-publish","hentry"],"yoast_head":"<!-- This site is optimized with the Yoast SEO plugin v27.3 - https:\/\/yoast.com\/product\/yoast-seo-wordpress\/ -->\n<title>Careers | IP Automation Inc<\/title>\n<meta name=\"description\" content=\"IP Automation Inc is looking for individuals who take pride in their work and want to contribute to a well-run, growing company. Explore open positions.\" \/>\n<meta name=\"robots\" content=\"index, follow, max-snippet:-1, max-image-preview:large, max-video-preview:-1\" \/>\n<link rel=\"canonical\" href=\"https:\/\/ipautomationinc.com\/de\/karriere\/\" \/>\n<meta property=\"og:locale\" content=\"de_DE\" \/>\n<meta property=\"og:type\" content=\"article\" \/>\n<meta property=\"og:title\" content=\"Careers | IP Automation Inc\" \/>\n<meta property=\"og:description\" content=\"IP Automation Inc is looking for individuals who take pride in their work and want to contribute to a well-run, growing company. Explore open positions.\" \/>\n<meta property=\"og:url\" content=\"https:\/\/ipautomationinc.com\/de\/karriere\/\" \/>\n<meta property=\"og:site_name\" content=\"IP Automation Inc\" \/>\n<meta property=\"article:publisher\" content=\"https:\/\/www.facebook.com\/ipautomationinc\/\" \/>\n<meta property=\"article:modified_time\" content=\"2026-02-17T20:05:01+00:00\" \/>\n<script type=\"application\/ld+json\" class=\"yoast-schema-graph\">{\"@context\":\"https:\\\/\\\/schema.org\",\"@graph\":[{\"@type\":\"WebPage\",\"@id\":\"https:\\\/\\\/ipautomationinc.com\\\/careers\\\/\",\"url\":\"https:\\\/\\\/ipautomationinc.com\\\/careers\\\/\",\"name\":\"Careers | IP Automation Inc\",\"isPartOf\":{\"@id\":\"https:\\\/\\\/ipautomationinc.com\\\/#website\"},\"datePublished\":\"2026-02-10T22:33:39+00:00\",\"dateModified\":\"2026-02-17T20:05:01+00:00\",\"description\":\"IP Automation Inc is looking for individuals who take pride in their work and want to contribute to a well-run, growing company. Explore open positions.\",\"inLanguage\":\"de\",\"potentialAction\":[{\"@type\":\"ReadAction\",\"target\":[\"https:\\\/\\\/ipautomationinc.com\\\/careers\\\/\"]}]},{\"@type\":\"WebSite\",\"@id\":\"https:\\\/\\\/ipautomationinc.com\\\/#website\",\"url\":\"https:\\\/\\\/ipautomationinc.com\\\/\",\"name\":\"IP Automation Inc\",\"description\":\"Concept... Creation... Reality...\",\"publisher\":{\"@id\":\"https:\\\/\\\/ipautomationinc.com\\\/#organization\"},\"potentialAction\":[{\"@type\":\"SearchAction\",\"target\":{\"@type\":\"EntryPoint\",\"urlTemplate\":\"https:\\\/\\\/ipautomationinc.com\\\/?s={search_term_string}\"},\"query-input\":{\"@type\":\"PropertyValueSpecification\",\"valueRequired\":true,\"valueName\":\"search_term_string\"}}],\"inLanguage\":\"de\"},{\"@type\":\"Organization\",\"@id\":\"https:\\\/\\\/ipautomationinc.com\\\/#organization\",\"name\":\"IP Automation Inc\",\"url\":\"https:\\\/\\\/ipautomationinc.com\\\/\",\"logo\":{\"@type\":\"ImageObject\",\"inLanguage\":\"de\",\"@id\":\"https:\\\/\\\/ipautomationinc.com\\\/#\\\/schema\\\/logo\\\/image\\\/\",\"url\":\"https:\\\/\\\/ipautomationinc.com\\\/wp-content\\\/uploads\\\/2022\\\/05\\\/IPA-Favicon.png\",\"contentUrl\":\"https:\\\/\\\/ipautomationinc.com\\\/wp-content\\\/uploads\\\/2022\\\/05\\\/IPA-Favicon.png\",\"width\":513,\"height\":513,\"caption\":\"IP Automation Inc\"},\"image\":{\"@id\":\"https:\\\/\\\/ipautomationinc.com\\\/#\\\/schema\\\/logo\\\/image\\\/\"},\"sameAs\":[\"https:\\\/\\\/www.facebook.com\\\/ipautomationinc\\\/\",\"https:\\\/\\\/www.linkedin.com\\\/company\\\/ip-automation-inc\\\/\",\"https:\\\/\\\/www.youtube.com\\\/@IPAutomation\"]}]}<\/script>\n<!-- \/ Yoast SEO plugin. -->","yoast_head_json":{"title":"Karriere | IP Automation Inc.","description":"IP Automation Inc. sucht Mitarbeiter, die stolz auf ihre Arbeit sind und zu einem gut gef\u00fchrten, wachsenden Unternehmen beitragen m\u00f6chten. Entdecken Sie unsere offenen Stellen.","robots":{"index":"index","follow":"follow","max-snippet":"max-snippet:-1","max-image-preview":"max-image-preview:large","max-video-preview":"max-video-preview:-1"},"canonical":"https:\/\/ipautomationinc.com\/de\/karriere\/","og_locale":"de_DE","og_type":"article","og_title":"Careers | IP Automation Inc","og_description":"IP Automation Inc is looking for individuals who take pride in their work and want to contribute to a well-run, growing company. Explore open positions.","og_url":"https:\/\/ipautomationinc.com\/de\/karriere\/","og_site_name":"IP Automation Inc","article_publisher":"https:\/\/www.facebook.com\/ipautomationinc\/","article_modified_time":"2026-02-17T20:05:01+00:00","schema":{"@context":"https:\/\/schema.org","@graph":[{"@type":"WebPage","@id":"https:\/\/ipautomationinc.com\/careers\/","url":"https:\/\/ipautomationinc.com\/careers\/","name":"Karriere | IP Automation Inc.","isPartOf":{"@id":"https:\/\/ipautomationinc.com\/#website"},"datePublished":"2026-02-10T22:33:39+00:00","dateModified":"2026-02-17T20:05:01+00:00","description":"IP Automation Inc. sucht Mitarbeiter, die stolz auf ihre Arbeit sind und zu einem gut gef\u00fchrten, wachsenden Unternehmen beitragen m\u00f6chten. Entdecken Sie unsere offenen Stellen.","inLanguage":"de","potentialAction":[{"@type":"ReadAction","target":["https:\/\/ipautomationinc.com\/careers\/"]}]},{"@type":"WebSite","@id":"https:\/\/ipautomationinc.com\/#website","url":"https:\/\/ipautomationinc.com\/","name":"IP Automation Inc","description":"Konzept... Kreation... Realit\u00e4t...","publisher":{"@id":"https:\/\/ipautomationinc.com\/#organization"},"potentialAction":[{"@type":"SearchAction","target":{"@type":"EntryPoint","urlTemplate":"https:\/\/ipautomationinc.com\/?s={search_term_string}"},"query-input":{"@type":"PropertyValueSpecification","valueRequired":true,"valueName":"search_term_string"}}],"inLanguage":"de"},{"@type":"Organization","@id":"https:\/\/ipautomationinc.com\/#organization","name":"IP Automation Inc","url":"https:\/\/ipautomationinc.com\/","logo":{"@type":"ImageObject","inLanguage":"de","@id":"https:\/\/ipautomationinc.com\/#\/schema\/logo\/image\/","url":"https:\/\/ipautomationinc.com\/wp-content\/uploads\/2022\/05\/IPA-Favicon.png","contentUrl":"https:\/\/ipautomationinc.com\/wp-content\/uploads\/2022\/05\/IPA-Favicon.png","width":513,"height":513,"caption":"IP Automation Inc"},"image":{"@id":"https:\/\/ipautomationinc.com\/#\/schema\/logo\/image\/"},"sameAs":["https:\/\/www.facebook.com\/ipautomationinc\/","https:\/\/www.linkedin.com\/company\/ip-automation-inc\/","https:\/\/www.youtube.com\/@IPAutomation"]}]}},"_links":{"self":[{"href":"https:\/\/ipautomationinc.com\/de\/wp-json\/wp\/v2\/pages\/32686","targetHints":{"allow":["GET"]}}],"collection":[{"href":"https:\/\/ipautomationinc.com\/de\/wp-json\/wp\/v2\/pages"}],"about":[{"href":"https:\/\/ipautomationinc.com\/de\/wp-json\/wp\/v2\/types\/page"}],"author":[{"embeddable":true,"href":"https:\/\/ipautomationinc.com\/de\/wp-json\/wp\/v2\/users\/3"}],"replies":[{"embeddable":true,"href":"https:\/\/ipautomationinc.com\/de\/wp-json\/wp\/v2\/comments?post=32686"}],"version-history":[{"count":6,"href":"https:\/\/ipautomationinc.com\/de\/wp-json\/wp\/v2\/pages\/32686\/revisions"}],"predecessor-version":[{"id":39420,"href":"https:\/\/ipautomationinc.com\/de\/wp-json\/wp\/v2\/pages\/32686\/revisions\/39420"}],"wp:attachment":[{"href":"https:\/\/ipautomationinc.com\/de\/wp-json\/wp\/v2\/media?parent=32686"}],"curies":[{"name":"wp","href":"https:\/\/api.w.org\/{rel}","templated":true}]}}