{"id":1244,"date":"2022-06-16T16:18:04","date_gmt":"2022-06-16T21:18:04","guid":{"rendered":"https:\/\/ipautomationinc.com\/?page_id=1244"},"modified":"2026-02-24T10:08:44","modified_gmt":"2026-02-24T16:08:44","slug":"serie-i-d","status":"publish","type":"page","link":"https:\/\/ipautomationinc.com\/de\/i-d-series\/","title":{"rendered":"CNC-Drahtformmaschine der iD-Serie"},"content":{"rendered":"<h6 class=\"wp-block-heading\"><strong>Die 3D-CNC-Drahtformmaschine mit Doppelkopf der iD-Serie ist eine ideale und beliebte Wahl f\u00fcr Anwendungen, die pr\u00e4zise gro\u00dfe Drahtrahmen erfordern. Die vollelektrische 16-Achsen-Maschine, die auf bis zu 19 Achsen konfigurierbar ist, eignet sich perfekt f\u00fcr Automobil- und Ger\u00e4teanwendungen, die eine h\u00f6here Geschwindigkeit erfordern oder deren Abmessungen zu gro\u00df sind, um mit einem einzigen Kopf gehandhabt zu werden. Unsere einzigartigen Querbiegek\u00f6pfe erm\u00f6glichen Ihnen das Erstellen von Biegungen mit gro\u00dfen Radien und die patentierte Klemme erm\u00f6glicht eine unendliche Drahtrotation. Oftmals wird sie robotergest\u00fctzt mit einer sekund\u00e4ren Offline-Biegevorrichtung gekoppelt, um noch fortschrittlichere Drahtformungsfunktionen bereitzustellen.<\/strong><\/h6>\n\n\n\n<p><span class=\"builder2seo\"><\/span>Doppelkopf-CNC-Drahtformmaschine<br><br>i-D-Serie<br><br><img decoding=\"async\" src=\"https:\/\/ipautomationinc.com\/wp-content\/uploads\/2024\/05\/NEW-i8-D-RGB.png#36635\" alt=\"NEU i8-D RGB\"><br>iD CNC-Drahtformer<br>400 Pixel<br><br>Klicken Sie hier f\u00fcr das Video<br><a href=\"https:\/\/ipautomationinc.com\/de\/serie-i-d\/#video\">https:\/\/ipautomationinc.com\/i-d-series\/#video<\/a><br>fas fa-spielkreis<br>Schaltfl\u00e4chenthema<br><br>Klicken Sie hier f\u00fcr den Flyer als PDF<br><a href=\"https:\/\/ipautomationinc.com\/wp-content\/uploads\/2025\/09\/2025-i-D-Flyer.pdf\">https:\/\/ipautomationinc.com\/wp-content\/uploads\/2025\/09\/2025-i-D-Flyer.pdf<\/a><br>fas fa-Datei-pdf<br>Schaltfl\u00e4chenthema<br>https:\/\/ipautomationinc.com\/wp-content\/uploads\/2025\/09\/2025-i-D-Flyer.pdf<br><br>166,185,191,170,255<br>#0455B3<br>3px 3px 3px 3px<br><br><h4>Die 3D-CNC-Drahtbiegemaschine mit Doppelkopf der iD-Serie ist die ideale Wahl f\u00fcr Anwendungen, die pr\u00e4zise Drahtbiegevorg\u00e4nge mit gro\u00dfen Abmessungen erfordern. Die vollelektrische 16-Achs-Maschine, konfigurierbar auf bis zu 19 Achsen, eignet sich perfekt f\u00fcr Anwendungen in der Automobil- und Haushaltsger\u00e4teindustrie, die h\u00f6here Geschwindigkeiten erfordern oder deren Abmessungen f\u00fcr einen einzelnen Biegekopf zu gro\u00df sind. Unsere einzigartigen, fahrbaren Biegek\u00f6pfe erm\u00f6glichen das Biegen mit gro\u00dfen Radien, und die patentierte Klemme sorgt f\u00fcr eine stufenlose Drahtrotation. Oft wird die Maschine robotisch mit einer externen Sekund\u00e4rbiegemaschine kombiniert, um noch fortschrittlichere Drahtbiegefunktionen zu realisieren.<\/h4><br><br><h3>Anwendungen<\/h3><h4>Draht f\u00fcr Autositzumrandungen, Polstermontagerahmen, Regalumrandungen, Ofengestelle <\/h4><br>#EBEBEB<br><br><img decoding=\"async\" src=\"https:\/\/ipautomationinc.com\/wp-content\/uploads\/2024\/05\/NEW-i8-D-RGB.png#36635\" alt=\"NEU i8-D RGB\"><br><br>Klicken Sie hier f\u00fcr das Video<br><a href=\"https:\/\/ipautomationinc.com\/de\/serie-i-d\/#video\">https:\/\/ipautomationinc.com\/i-d-series\/#video<\/a><br>fas fa-spielkreis<br>Schaltfl\u00e4chenthema<br><br>Klicken Sie hier f\u00fcr den Flyer als PDF<br><a href=\"https:\/\/ipautomationinc.com\/wp-content\/uploads\/2025\/09\/2025-i-D-Flyer.pdf\">https:\/\/ipautomationinc.com\/wp-content\/uploads\/2025\/09\/2025-i-D-Flyer.pdf<\/a><br>fas fa-Datei-pdf<br>Schaltfl\u00e4chenthema<br>https:\/\/ipautomationinc.com\/wp-content\/uploads\/2025\/09\/2025-i-D-Flyer.pdf<br><br>166,185,191,170,255<br>#0455B3<br>3px 3px 3px 3px<br>Brauch<br>80%<br><br><h4>Die 3D-CNC-Drahtbiegemaschine mit Doppelkopf der iD-Serie ist die ideale Wahl f\u00fcr Anwendungen, die pr\u00e4zise Drahtbiegevorg\u00e4nge mit gro\u00dfen Abmessungen erfordern. Die vollelektrische 16-Achs-Maschine, konfigurierbar auf bis zu 19 Achsen, eignet sich perfekt f\u00fcr Anwendungen in der Automobil- und Haushaltsger\u00e4teindustrie, die h\u00f6here Geschwindigkeiten erfordern oder deren Abmessungen f\u00fcr einen einzelnen Biegekopf zu gro\u00df sind. Unsere einzigartigen, fahrbaren Biegek\u00f6pfe erm\u00f6glichen das Biegen mit gro\u00dfen Radien, und die patentierte Klemme sorgt f\u00fcr eine stufenlose Drahtrotation. Oft wird die Maschine robotisch mit einer externen Sekund\u00e4rbiegemaschine kombiniert, um noch fortschrittlichere Drahtbiegefunktionen zu realisieren.<\/h4><br><br><h3>Anwendungen<\/h3><h4>Draht f\u00fcr Autositzumrandungen, Rahmen f\u00fcr die Polstermontage, Regalumrandungen, Ofengestelle <\/h4><br>#EBEBEB<br><br><br>Medien<br><br>;C;;<br><br>i6-D Video<br><a href=\"https:\/\/player.vimeo.com\/video\/1018761944\">https:\/\/player.vimeo.com\/video\/1018761944<\/a><br>Leuchtkasten<br>Schaltfl\u00e4chenthema<br>exit-mfn-popup<br><br>1302,1301,1208,1300,1204<br>gro\u00df<br><br><br>Merkmale<br><br>Biegen<br>Programmierung<br>Einzelheiten<br>Maschinenlayout<br><br><br>\t16-19 Servoachsen: X \u2013 Vorschub, Drehrichtvorrichtung, C \u2013 Fr\u00e4ser, Y \u2013 Biegebolzenrotation (2x), Z \u2013 Klemmen &amp; Drehen, U \u2013 Werkzeugschwenkung (2x), P \u2013 Biegekopfh\u00f6he (2x), Transfer, <br><br>\t4 oder 8 Biegeradien<br><br>IP-Automatisierungsingenieure und CNC-Bearbeiter fertigen alle Biegek\u00f6pfe, Schneidger\u00e4te und Drahtvorschubrollen im eigenen Haus zu angemessenen Kosten und mit schneller Bearbeitungszeit<br><br><br><br><br>\t<a href=\"https:\/\/ipautomationinc.com\/de\/maschinenfahigkeiten\/\">Intellibend-Software <\/a> auf dem Betriebssystem Windows 10<br><br>CNC-Programmformat L\u00e4nge-Rotation-Winkel<br><br>\tProduktions-Dashboard mit Echtzeit-Raten- und Batch-Programmierung<br><br>\t21,5-Zoll-Multitouchscreen<br><br>\tRemote-Konnektivit\u00e4t \u00fcber VPN-Tunnel<br><br>\tOPC-UA-Protokoll f\u00fcr Industrie 4.0<br><br>Benutzerdefinierte I\/O-Funktionen verf\u00fcgbar<br><br>\t<br><br><br>Drahtabwickelkapazit\u00e4t mit Linearbewegungsarm: 3000 lbs. im Lieferumfang enthalten (4500 lbs. Option verf\u00fcgbar) <br><br>7\u2032 (2,13 m) Sicherheitsk\u00e4fig mit Sicherheitsverriegelungst\u00fcr<br><br>Dorndrahtrichtmaschine, programmierbar<br><br>Alle Vorschub- und Biegeantriebssysteme verf\u00fcgen \u00fcber geh\u00e4rtete Zahnr\u00e4der und sind vollst\u00e4ndig gekapselt.<br><br>Schnell umklappbare, geh\u00e4rtete Vorschubrollen f\u00fcr 2 Drahtgr\u00f6\u00dfen<br><br>Linearencoder am Drahtvorschub f\u00fcr Genauigkeit und Schlupferkennung<br><br>Nachschleifbare Schneidwerkzeugoberfl\u00e4che<br><br>Programmierbare einziehbare Drahtf\u00fchrungen<br><br>Schulung vor Ort m\u00f6glich<br><br>Roboterintegrationsf\u00e4hig<br><br>Optionale einziehbare Mittelklemme<br><br><br><div class=\"image_frame image_item scale-with-grid element_classes no_border hover-disable mfn-img-box\"  role=\"link\" aria-label=\"Bild mit Links\" tabindex=\"0\"><div class=\"image_wrapper\"><a href=\"https:\/\/ipautomationinc.com\/wp-content\/uploads\/2022\/07\/605-top.png\" rel=\"prettyphoto\"   class=\"\"  tabindex=\"-1\" title=\"\"><div class=\"mask\"><\/div><img decoding=\"async\" class=\"scale-with-grid\" src=\"https:\/\/ipautomationinc.com\/wp-content\/uploads\/2022\/07\/605-top.png\" fetchpriority=\"high\" alt=\"605 oben\" title=\"\" width=\"300\" height=\"424\" style=\"\"\/><\/a><div class=\"image_links\"><a href=\"https:\/\/ipautomationinc.com\/wp-content\/uploads\/2022\/07\/605-top.png\" class=\"zoom\" rel=\"prettyphoto\" tabindex=\"-1\" aria-label=\"Bild vergr\u00f6\u00dfern\" title=\"\"><svg viewbox=\"0 0 26 26\"><defs><style>.path{fill:none;stroke:#333;stroke-miterlimit:10;stroke-width:1.5px;}<\/style><\/defs><circle cx=\"11.35\" cy=\"11.35\" r=\"6\" class=\"path\"\/><line x1=\"15.59\" y1=\"15.59\" x2=\"20.65\" y2=\"20.65\" class=\"path\"\/><\/svg><\/a><\/div><\/div><p class=\"wp-caption-text\">iD-Draufsicht<\/p><\/div>\n<br><br><br><br><div class=\"image_frame image_item scale-with-grid element_classes no_border hover-disable mfn-img-box\"  role=\"link\" aria-label=\"Bild mit Links\" tabindex=\"0\"><div class=\"image_wrapper\"><a href=\"https:\/\/ipautomationinc.com\/wp-content\/uploads\/2022\/07\/603-ISO-1.png\" rel=\"prettyphoto\"   class=\"\"  tabindex=\"-1\" title=\"\"><div class=\"mask\"><\/div><img decoding=\"async\" class=\"scale-with-grid\" src=\"https:\/\/ipautomationinc.com\/wp-content\/uploads\/2022\/07\/603-ISO-1.png\" fetchpriority=\"high\" alt=\"603 ISO\" title=\"\" width=\"300\" height=\"581\" style=\"\"\/><\/a><div class=\"image_links\"><a href=\"https:\/\/ipautomationinc.com\/wp-content\/uploads\/2022\/07\/603-ISO-1.png\" class=\"zoom\" rel=\"prettyphoto\" tabindex=\"-1\" aria-label=\"Bild vergr\u00f6\u00dfern\" title=\"\"><svg viewbox=\"0 0 26 26\"><defs><style>.path{fill:none;stroke:#333;stroke-miterlimit:10;stroke-width:1.5px;}<\/style><\/defs><circle cx=\"11.35\" cy=\"11.35\" r=\"6\" class=\"path\"\/><line x1=\"15.59\" y1=\"15.59\" x2=\"20.65\" y2=\"20.65\" class=\"path\"\/><\/svg><\/a><\/div><\/div><p class=\"wp-caption-text\">isometrische iD-Ansicht<\/p><\/div>\n<br>#EBEBEB<br>#222222<br><br><br>Spezifikationen<br><br><br><br><p>*Der minimale und maximale Durchmesser wird durch die Zugfestigkeit des Drahtes beeinflusst. Kontaktieren Sie uns zur Kl\u00e4rung des Min\/Max-Bereichs f\u00fcr Ihren Kabeltyp.<\/p><br><br><br>Maschinenoptionen<br><br>Intelligente Robotik<br>mit ma\u00dfgeschneidertem EOAT<br><img decoding=\"async\" src=\"https:\/\/ipautomationinc.com\/wp-content\/uploads\/2022\/06\/machine-options_robot.png#1271\" alt=\"machine-options_robot\"><br><a href=\"https:\/\/ipautomationinc.com\/de\/zubehor\/robotik\/\">https:\/\/ipautomationinc.com\/accessories\/robotics\/<\/a><br>Kastenma\u00dfstab<br>70%<br><br>iBW-45 Stumpfschwei\u00dfger\u00e4t<br>mit Rotationsverzahnung<br><img decoding=\"async\" src=\"https:\/\/ipautomationinc.com\/wp-content\/uploads\/2025\/08\/machine-options_iBW-45.png#38050\" alt=\"machine-options_iBW-45\"><br><a href=\"https:\/\/ipautomationinc.com\/de\/zubehor\/automatisierte-schweisgerate\/\">https:\/\/ipautomationinc.com\/accessories\/automated-welders\/<\/a><br>Kastenma\u00dfstab<br>70%<br><br>Crimppresse<br><img decoding=\"async\" src=\"https:\/\/ipautomationinc.com\/wp-content\/uploads\/2024\/08\/crimping-press-icon-crop.png#36758\" alt=\"Crimpen-Presse-Symbol zuschneiden\"><br><a href=\"https:\/\/ipautomationinc.com\/de\/zubehor\/crimppresse\/\">https:\/\/ipautomationinc.com\/accessories\/crimping-press\/<\/a><br>Kastenma\u00dfstab<br>70%<br><br>Querbiegekopf<br>zum Biegen au\u00dferhalb der Achse und zum Biegen gro\u00dfer Gesenke<br><img decoding=\"async\" src=\"https:\/\/ipautomationinc.com\/wp-content\/uploads\/2022\/06\/machine-options_traversing-bend.png#1324\" alt=\"machine-options_traversing-bend\"><br>Kastenma\u00dfstab<br>70%<br><br>Sichtpr\u00fcfung<br><img decoding=\"async\" src=\"https:\/\/ipautomationinc.com\/wp-content\/uploads\/2022\/06\/machine-options_vision-inspection-closeup.png#1305\" alt=\"machine-options_vision-inspection-closeup\"><br>Kastenma\u00dfstab<br>70%<br><br>Servopresse<br><img decoding=\"async\" src=\"https:\/\/ipautomationinc.com\/wp-content\/uploads\/2022\/06\/machine-options_servo-press.png#1272\" alt=\"machine-options_servo-press\"><br>Kastenma\u00dfstab<br>70%<br><br>Stressabbaustation<br><img decoding=\"async\" src=\"https:\/\/ipautomationinc.com\/wp-content\/uploads\/2022\/06\/machine-options_stress-relieving.png#1287\" alt=\"machine-options_stress-relieving\"><br>Kastenma\u00dfstab<br>70%<br><br>Holen Sie sich jetzt die Preise!<br>icon-forward<br><a href=\"https:\/\/ipautomationinc.com\/de\/kontaktiere-uns\/#form\">https:\/\/ipautomationinc.com\/contact-us\/#form<\/a><br>50px<br><br>Andere CNC-Drahtbiegemaschinen<br><br><h4>Einkopf-Drahtbieger<\/h4><br><br><p><hr class=\"no_line\" style=\"margin: 0 auto 0px auto\"\/>\n <a href=\"https:\/\/ipautomationinc.com\/de\/einkopf-cnc-drahtbieger\/\"> <img decoding=\"async\" src=\"https:\/\/ipautomationinc.com\/wp-content\/uploads\/2023\/02\/i8-S-RGB-1.png\" alt=\"iS CNC-Drahtformer\"> <\/a> <hr class=\"no_line\" style=\"margin: 0 auto 0px auto\"\/>\n <a class=\"mfn-link mfn-link-1\" href=\"\" style=\"\" data-hover=\"\"   ><span data-hover=\"\"><\/span><\/a><\/p><br>no-repeat;links oben;;<br>Auto<br><br><h4>2D-Drahtbieger<\/h4><br><br><p><hr class=\"no_line\" style=\"margin: 0 auto 0px auto\"\/>\n <a href=\"https:\/\/ipautomationinc.com\/de\/2d-serie\/\"> <img decoding=\"async\" src=\"https:\/\/ipautomationinc.com\/wp-content\/uploads\/2026\/02\/i10-S-2D-2D-CNC-Wire-Bending-Machine-With-Automated-Welder.png\" alt=\"2D-CNC-Drahtbiegemaschine\"> <\/a> <hr class=\"no_line\" style=\"margin: 0 auto 0px auto\"\/>\n <a class=\"mfn-link mfn-link-1\" href=\"\" style=\"\" data-hover=\"\"   ><span data-hover=\"\"><\/span><\/a><\/p><br>no-repeat;links oben;;<br>Auto<br><br><\/p>","protected":false},"excerpt":{"rendered":"<p>The i-D series double head 3D CNC wire forming machine is an ideal and popular choice for applications requiring precise<span class=\"excerpt-hellip\"> [\u2026]<\/span><\/p>\n","protected":false},"author":3,"featured_media":0,"parent":0,"menu_order":0,"comment_status":"closed","ping_status":"closed","template":"","meta":{"footnotes":""},"class_list":["post-1244","page","type-page","status-publish","hentry"],"yoast_head":"<!-- This site is optimized with the Yoast SEO plugin v27.3 - https:\/\/yoast.com\/product\/yoast-seo-wordpress\/ -->\n<title>i-D Series CNC Wire Forming Machine | IP Automation Inc<\/title>\n<meta name=\"description\" content=\"The i-D series double head CNC wire forming machine is an ideal and popular choice for applications requiring precise large wire frames.\" \/>\n<meta name=\"robots\" content=\"index, follow, max-snippet:-1, max-image-preview:large, max-video-preview:-1\" \/>\n<link rel=\"canonical\" href=\"https:\/\/ipautomationinc.com\/de\/serie-i-d\/\" \/>\n<meta property=\"og:locale\" content=\"de_DE\" \/>\n<meta property=\"og:type\" content=\"article\" \/>\n<meta property=\"og:title\" content=\"i-D Series CNC Wire Forming Machine | IP Automation Inc\" \/>\n<meta property=\"og:description\" content=\"The i-D series double head CNC wire forming machine is an ideal and popular choice for applications requiring precise large wire frames.\" \/>\n<meta property=\"og:url\" content=\"https:\/\/ipautomationinc.com\/de\/serie-i-d\/\" \/>\n<meta property=\"og:site_name\" content=\"IP Automation Inc\" \/>\n<meta property=\"article:publisher\" content=\"https:\/\/www.facebook.com\/ipautomationinc\/\" \/>\n<meta property=\"article:modified_time\" content=\"2026-02-24T16:08:44+00:00\" \/>\n<meta property=\"og:image\" content=\"https:\/\/ipautomationinc.com\/wp-content\/uploads\/2024\/05\/NEW-i8-D-RGB.png#36635\" \/>\n<script type=\"application\/ld+json\" class=\"yoast-schema-graph\">{\"@context\":\"https:\\\/\\\/schema.org\",\"@graph\":[{\"@type\":\"WebPage\",\"@id\":\"https:\\\/\\\/ipautomationinc.com\\\/i-d-series\\\/\",\"url\":\"https:\\\/\\\/ipautomationinc.com\\\/i-d-series\\\/\",\"name\":\"i-D Series CNC Wire Forming Machine | IP Automation Inc\",\"isPartOf\":{\"@id\":\"https:\\\/\\\/ipautomationinc.com\\\/#website\"},\"primaryImageOfPage\":{\"@id\":\"https:\\\/\\\/ipautomationinc.com\\\/i-d-series\\\/#primaryimage\"},\"image\":{\"@id\":\"https:\\\/\\\/ipautomationinc.com\\\/i-d-series\\\/#primaryimage\"},\"thumbnailUrl\":\"https:\\\/\\\/ipautomationinc.com\\\/wp-content\\\/uploads\\\/2024\\\/05\\\/NEW-i8-D-RGB.png#36635\",\"datePublished\":\"2022-06-16T21:18:04+00:00\",\"dateModified\":\"2026-02-24T16:08:44+00:00\",\"description\":\"The i-D series double head CNC wire forming machine is an ideal and popular choice for applications requiring precise large wire frames.\",\"inLanguage\":\"de\",\"potentialAction\":[{\"@type\":\"ReadAction\",\"target\":[\"https:\\\/\\\/ipautomationinc.com\\\/i-d-series\\\/\"]}]},{\"@type\":\"ImageObject\",\"inLanguage\":\"de\",\"@id\":\"https:\\\/\\\/ipautomationinc.com\\\/i-d-series\\\/#primaryimage\",\"url\":\"https:\\\/\\\/ipautomationinc.com\\\/wp-content\\\/uploads\\\/2024\\\/05\\\/NEW-i8-D-RGB.png#36635\",\"contentUrl\":\"https:\\\/\\\/ipautomationinc.com\\\/wp-content\\\/uploads\\\/2024\\\/05\\\/NEW-i8-D-RGB.png#36635\"},{\"@type\":\"WebSite\",\"@id\":\"https:\\\/\\\/ipautomationinc.com\\\/#website\",\"url\":\"https:\\\/\\\/ipautomationinc.com\\\/\",\"name\":\"IP Automation Inc\",\"description\":\"Concept... Creation... Reality...\",\"publisher\":{\"@id\":\"https:\\\/\\\/ipautomationinc.com\\\/#organization\"},\"potentialAction\":[{\"@type\":\"SearchAction\",\"target\":{\"@type\":\"EntryPoint\",\"urlTemplate\":\"https:\\\/\\\/ipautomationinc.com\\\/?s={search_term_string}\"},\"query-input\":{\"@type\":\"PropertyValueSpecification\",\"valueRequired\":true,\"valueName\":\"search_term_string\"}}],\"inLanguage\":\"de\"},{\"@type\":\"Organization\",\"@id\":\"https:\\\/\\\/ipautomationinc.com\\\/#organization\",\"name\":\"IP Automation Inc\",\"url\":\"https:\\\/\\\/ipautomationinc.com\\\/\",\"logo\":{\"@type\":\"ImageObject\",\"inLanguage\":\"de\",\"@id\":\"https:\\\/\\\/ipautomationinc.com\\\/#\\\/schema\\\/logo\\\/image\\\/\",\"url\":\"https:\\\/\\\/ipautomationinc.com\\\/wp-content\\\/uploads\\\/2022\\\/05\\\/IPA-Favicon.png\",\"contentUrl\":\"https:\\\/\\\/ipautomationinc.com\\\/wp-content\\\/uploads\\\/2022\\\/05\\\/IPA-Favicon.png\",\"width\":513,\"height\":513,\"caption\":\"IP Automation Inc\"},\"image\":{\"@id\":\"https:\\\/\\\/ipautomationinc.com\\\/#\\\/schema\\\/logo\\\/image\\\/\"},\"sameAs\":[\"https:\\\/\\\/www.facebook.com\\\/ipautomationinc\\\/\",\"https:\\\/\\\/www.linkedin.com\\\/company\\\/ip-automation-inc\\\/\",\"https:\\\/\\\/www.youtube.com\\\/@IPAutomation\"]}]}<\/script>\n<!-- \/ Yoast SEO plugin. -->","yoast_head_json":{"title":"CNC-Drahtformmaschine der iD-Serie | IP Automation Inc","description":"Die Doppelkopf-CNC-Drahtformmaschine der iD-Serie ist eine ideale und beliebte Wahl f\u00fcr Anwendungen, die pr\u00e4zise gro\u00dfe Drahtrahmen erfordern.","robots":{"index":"index","follow":"follow","max-snippet":"max-snippet:-1","max-image-preview":"max-image-preview:large","max-video-preview":"max-video-preview:-1"},"canonical":"https:\/\/ipautomationinc.com\/de\/serie-i-d\/","og_locale":"de_DE","og_type":"article","og_title":"i-D Series CNC Wire Forming Machine | IP Automation Inc","og_description":"The i-D series double head CNC wire forming machine is an ideal and popular choice for applications requiring precise large wire frames.","og_url":"https:\/\/ipautomationinc.com\/de\/serie-i-d\/","og_site_name":"IP Automation Inc","article_publisher":"https:\/\/www.facebook.com\/ipautomationinc\/","article_modified_time":"2026-02-24T16:08:44+00:00","og_image":[{"url":"https:\/\/ipautomationinc.com\/wp-content\/uploads\/2024\/05\/NEW-i8-D-RGB.png#36635","type":"","width":"","height":""}],"schema":{"@context":"https:\/\/schema.org","@graph":[{"@type":"WebPage","@id":"https:\/\/ipautomationinc.com\/i-d-series\/","url":"https:\/\/ipautomationinc.com\/i-d-series\/","name":"CNC-Drahtformmaschine der iD-Serie | IP Automation Inc","isPartOf":{"@id":"https:\/\/ipautomationinc.com\/#website"},"primaryImageOfPage":{"@id":"https:\/\/ipautomationinc.com\/i-d-series\/#primaryimage"},"image":{"@id":"https:\/\/ipautomationinc.com\/i-d-series\/#primaryimage"},"thumbnailUrl":"https:\/\/ipautomationinc.com\/wp-content\/uploads\/2024\/05\/NEW-i8-D-RGB.png#36635","datePublished":"2022-06-16T21:18:04+00:00","dateModified":"2026-02-24T16:08:44+00:00","description":"Die Doppelkopf-CNC-Drahtformmaschine der iD-Serie ist eine ideale und beliebte Wahl f\u00fcr Anwendungen, die pr\u00e4zise gro\u00dfe Drahtrahmen erfordern.","inLanguage":"de","potentialAction":[{"@type":"ReadAction","target":["https:\/\/ipautomationinc.com\/i-d-series\/"]}]},{"@type":"ImageObject","inLanguage":"de","@id":"https:\/\/ipautomationinc.com\/i-d-series\/#primaryimage","url":"https:\/\/ipautomationinc.com\/wp-content\/uploads\/2024\/05\/NEW-i8-D-RGB.png#36635","contentUrl":"https:\/\/ipautomationinc.com\/wp-content\/uploads\/2024\/05\/NEW-i8-D-RGB.png#36635"},{"@type":"WebSite","@id":"https:\/\/ipautomationinc.com\/#website","url":"https:\/\/ipautomationinc.com\/","name":"IP Automation Inc","description":"Konzept... Kreation... Realit\u00e4t...","publisher":{"@id":"https:\/\/ipautomationinc.com\/#organization"},"potentialAction":[{"@type":"SearchAction","target":{"@type":"EntryPoint","urlTemplate":"https:\/\/ipautomationinc.com\/?s={search_term_string}"},"query-input":{"@type":"PropertyValueSpecification","valueRequired":true,"valueName":"search_term_string"}}],"inLanguage":"de"},{"@type":"Organization","@id":"https:\/\/ipautomationinc.com\/#organization","name":"IP Automation Inc","url":"https:\/\/ipautomationinc.com\/","logo":{"@type":"ImageObject","inLanguage":"de","@id":"https:\/\/ipautomationinc.com\/#\/schema\/logo\/image\/","url":"https:\/\/ipautomationinc.com\/wp-content\/uploads\/2022\/05\/IPA-Favicon.png","contentUrl":"https:\/\/ipautomationinc.com\/wp-content\/uploads\/2022\/05\/IPA-Favicon.png","width":513,"height":513,"caption":"IP Automation Inc"},"image":{"@id":"https:\/\/ipautomationinc.com\/#\/schema\/logo\/image\/"},"sameAs":["https:\/\/www.facebook.com\/ipautomationinc\/","https:\/\/www.linkedin.com\/company\/ip-automation-inc\/","https:\/\/www.youtube.com\/@IPAutomation"]}]}},"_links":{"self":[{"href":"https:\/\/ipautomationinc.com\/de\/wp-json\/wp\/v2\/pages\/1244","targetHints":{"allow":["GET"]}}],"collection":[{"href":"https:\/\/ipautomationinc.com\/de\/wp-json\/wp\/v2\/pages"}],"about":[{"href":"https:\/\/ipautomationinc.com\/de\/wp-json\/wp\/v2\/types\/page"}],"author":[{"embeddable":true,"href":"https:\/\/ipautomationinc.com\/de\/wp-json\/wp\/v2\/users\/3"}],"replies":[{"embeddable":true,"href":"https:\/\/ipautomationinc.com\/de\/wp-json\/wp\/v2\/comments?post=1244"}],"version-history":[{"count":3,"href":"https:\/\/ipautomationinc.com\/de\/wp-json\/wp\/v2\/pages\/1244\/revisions"}],"predecessor-version":[{"id":39489,"href":"https:\/\/ipautomationinc.com\/de\/wp-json\/wp\/v2\/pages\/1244\/revisions\/39489"}],"wp:attachment":[{"href":"https:\/\/ipautomationinc.com\/de\/wp-json\/wp\/v2\/media?parent=1244"}],"curies":[{"name":"wp","href":"https:\/\/api.w.org\/{rel}","templated":true}]}}