{"id":1241,"date":"2022-06-16T15:42:09","date_gmt":"2022-06-16T20:42:09","guid":{"rendered":"https:\/\/ipautomationinc.com\/?page_id=1241"},"modified":"2026-04-07T15:53:55","modified_gmt":"2026-04-07T20:53:55","slug":"2d-serie","status":"publish","type":"page","link":"https:\/\/ipautomationinc.com\/de\/2d-series\/","title":{"rendered":"i-2D Series 2D CNC Wire Bending Machine"},"content":{"rendered":"<h6 class=\"wp-block-heading\"><strong>The i-H series is the most advanced 2D CNC wire bending mThe i-2D series (previously known as the i-H series) is the most advanced 2D CNC wire bending machine on the market today. Featuring all electric design for optimal performance and reliability. The wire cutting unit can be user configured for open die cutting which integrates perfectly with the optional welding unit. Alternately, a side cut tooling change provides a very square cut.achine on the market today. Featuring all electric design for optimal performance and reliability. The wire cutting unit can be user configured for open die cutting which integrates perfectly with the optional welding unit. Alternately, a side cut tooling change provides a very square cut.<\/strong><\/h6>\n\n\n\n<p><span class=\"builder2seo\"><\/span>2D-CNC-Drahtbiegemaschinen<br><br>i-2D-Serie<br><br><img decoding=\"async\" src=\"https:\/\/ipautomationinc.com\/wp-content\/uploads\/2026\/02\/i10-S-2D-2D-CNC-Wire-Bending-Machine-With-Automated-Welder-text.png#39480\" alt=\"i10-S-2D 2D CNC Wire Bending Machine With Automated Welder text\"><br>iH 2D CNC-Drahtbiegemaschine<br>400 Pixel<br><br>Klicken Sie hier f\u00fcr das Video<br><a href=\"https:\/\/ipautomationinc.com\/de\/serie-i-h\/#video\">https:\/\/ipautomationinc.com\/i-h-series\/#video<\/a><br>fas fa-spielkreis<br>Schaltfl\u00e4chenthema<br><br>Klicken Sie hier f\u00fcr den Flyer als PDF<br><a href=\"https:\/\/ipautomationinc.com\/wp-content\/uploads\/2025\/09\/2025-i-H-Flyer.pdf\">https:\/\/ipautomationinc.com\/wp-content\/uploads\/2025\/09\/2025-i-H-Flyer.pdf<\/a><br>fas fa-Datei-pdf<br>Schaltfl\u00e4chenthema<br>https:\/\/ipautomationinc.com\/wp-content\/uploads\/2025\/09\/2025-i-H-Flyer.pdf<br><br>1291,1290,1390<br>#0455B3<br>3px 3px 3px 3px<br>Brauch<br>60%<br><br><h4>The i-2D series (previously known as the i-H series) is the most advanced 2D CNC wire bending machine on the market today. Featuring all electric design for optimal performance and reliability. The wire cutting unit can be user configured for open die cutting which integrates perfectly with the optional welding unit. Alternately, a side cut tooling change provides a very square cut. The servo adjustable bend head height provides precision tool positioning not available on competitive machines. With an innovative coordination of the cutter motion with bend head height, you\\&#8217;ll have more bending and cutting control than any machine in it\\&#8217;s class. Available in both horizontal and angled table formats. The programming and feed mechanisms are the same American-Made quality you will find on our more advanced systems.<\/h4><br><br><h3>Anwendungen<\/h3><h4>Filterrahmen, Schilderrahmen, Drahtk\u00f6rbe f\u00fcr Kinderzimmer, Kr\u00e4nze, erzeugte Biegungen f\u00fcr runde Formen. <\/h4><br>#EBEBEB<br><br><img decoding=\"async\" src=\"https:\/\/ipautomationinc.com\/wp-content\/uploads\/2026\/02\/i10-S-2D-2D-CNC-Wire-Bending-Machine-With-Automated-Welder-text.png#39480\" alt=\"i10-S-2D 2D CNC Wire Bending Machine With Automated Welder text\"><br><br>Klicken Sie hier f\u00fcr das Video<br><a href=\"https:\/\/ipautomationinc.com\/de\/serie-i-h\/#video\">https:\/\/ipautomationinc.com\/i-h-series\/#video<\/a><br>fas fa-spielkreis<br>Schaltfl\u00e4chenthema<br><br>Klicken Sie hier f\u00fcr den Flyer als PDF<br><a href=\"https:\/\/ipautomationinc.com\/wp-content\/uploads\/2025\/09\/2025-i-H-Flyer.pdf\">https:\/\/ipautomationinc.com\/wp-content\/uploads\/2025\/09\/2025-i-H-Flyer.pdf<\/a><br>fas fa-Datei-pdf<br>Schaltfl\u00e4chenthema<br>https:\/\/ipautomationinc.com\/wp-content\/uploads\/2025\/09\/2025-i-H-Flyer.pdf<br><br>1291,1290,1390<br>#0455B3<br>3px 3px 3px 3px<br>Brauch<br>380px<br>80%<br><br><h4>The i-2D series (previously known as the i-H series) is the most advanced 2D CNC wire bending machine on the market today. Featuring all electric design for optimal performance and reliability. The wire cutting unit can be user configured for open die cutting which integrates perfectly with the optional welding unit. Alternately, a side cut tooling change provides a very square cut. The servo adjustable bend head height provides precision tool positioning not available on competitive machines. With an innovative coordination of the cutter motion with bend head height, you\\&#8217;ll have more bending and cutting control than any machine in it\\&#8217;s class. Available in both horizontal and angled table formats. The programming and feed mechanisms are the same American-Made quality you will find on our more advanced systems.<\/h4><br><br><h3>Anwendungen<\/h3><h4>Filterrahmen, Schilderrahmen, Drahtk\u00f6rbe f\u00fcr Kinderzimmer, Kr\u00e4nze, erzeugte Biegungen f\u00fcr runde Formen. <\/h4><br>#EBEBEB<br><br><br>Medien<br><br>;C;;<br><br>i6-2D Video<br><a href=\"https:\/\/player.vimeo.com\/video\/971008651\">https:\/\/player.vimeo.com\/video\/971008651<\/a><br>Leuchtkasten<br>Schaltfl\u00e4chenthema<br>exit-mfn-popup<br><br>1306,1307,1312,1204,36775<br>gro\u00df<br><br><br>Merkmale<br><br>Biegen<br>Programmierung<br>Einzelheiten<br>Maschinenlayout<br><br><br>\t4 Servo Axes:  X &#8211; feed, Y &#8211; bend, combined servo cutter and bend head height<br><br>\t2-8 Biegeradien mit einstellbarer Biegerh\u00f6he<br><br>IP-Automatisierungsingenieure und CNC-Bearbeiter fertigen alle Biegek\u00f6pfe, Schneidger\u00e4te und Drahtvorschubrollen im eigenen Haus zu angemessenen Kosten und mit schneller Bearbeitungszeit<br><br><br><br><br>\t<a href=\"https:\/\/ipautomationinc.com\/de\/maschinenfahigkeiten\/\">Intellibend-Software <\/a> auf dem Betriebssystem Windows 10<br><br>\tProduktions-Dashboard mit Echtzeit-Raten- und Batch-Programmierung<br><br>\t18,5-Zoll-Multitouch-Bildschirm<br><br>\tRemote-Konnektivit\u00e4t \u00fcber VPN-Tunnel<br><br>\tOPC-UA-Protokoll f\u00fcr Industrie 4.0<br><br>Benutzerdefinierte I\/O-Funktionen verf\u00fcgbar<br><br>\t<br><br><br>Drahtabwickelkapazit\u00e4t mit Linearbewegungsarm: 3000 lbs.<br><br>Dual-Plane-Drahtrichtger\u00e4t mit gro\u00dfer Reichweite<br><br>Alle Vorschub- und Biegeantriebssysteme verf\u00fcgen \u00fcber geh\u00e4rtete Zahnr\u00e4der und sind vollst\u00e4ndig gekapselt.<br><br>Schnell umklappbare, geh\u00e4rtete Vorschubrollen f\u00fcr 2 Drahtgr\u00f6\u00dfen<br><br>Linearencoder am Drahtvorschub f\u00fcr Genauigkeit und Schlupferkennung<br><br>Nachschleifbare Schneidwerkzeugoberfl\u00e4che<br><br><br><br>Die optionale automatische Schwei\u00dfeinheit schwei\u00dft gleichzeitig mit den Biegevorg\u00e4ngen<br><br><br><br>erfordert 2 GPM Wasserk\u00fchlung (optionaler eigenst\u00e4ndiger Wasserk\u00fchler verf\u00fcgbar)<br><br><br><br><br><br>Schulung vor Ort m\u00f6glich<br><br>Roboterintegrationsf\u00e4hig<br><br><br><div class=\"image_frame image_item scale-with-grid element_classes no_border hover-disable mfn-img-box\"  role=\"link\" aria-label=\"Bild mit Links\" tabindex=\"0\"><div class=\"image_wrapper\"><a href=\"https:\/\/ipautomationinc.com\/wp-content\/uploads\/2022\/06\/i6-H.png\" rel=\"prettyphoto\"   class=\"\"  tabindex=\"-1\" title=\"\"><div class=\"mask\"><\/div><img decoding=\"async\" class=\"scale-with-grid\" src=\"https:\/\/ipautomationinc.com\/wp-content\/uploads\/2022\/06\/i6-H.png\" fetchpriority=\"high\" alt=\"Messungen der CNC-Drahtbiegemaschine i6-H\" title=\"\" width=\"225\" height=\"505\" style=\"\"\/><\/a><div class=\"image_links\"><a href=\"https:\/\/ipautomationinc.com\/wp-content\/uploads\/2022\/06\/i6-H.png\" class=\"zoom\" rel=\"prettyphoto\" tabindex=\"-1\" aria-label=\"Bild vergr\u00f6\u00dfern\" title=\"\"><svg viewbox=\"0 0 26 26\"><defs><style>.path{fill:none;stroke:#333;stroke-miterlimit:10;stroke-width:1.5px;}<\/style><\/defs><circle cx=\"11.35\" cy=\"11.35\" r=\"6\" class=\"path\"\/><line x1=\"15.59\" y1=\"15.59\" x2=\"20.65\" y2=\"20.65\" class=\"path\"\/><\/svg><\/a><\/div><\/div><p class=\"wp-caption-text\">i6-H Vorderansicht<\/p><\/div>\n<br><br><br><br><div class=\"image_frame image_item scale-with-grid element_classes no_border hover-disable mfn-img-box\"  role=\"link\" aria-label=\"Bild mit Links\" tabindex=\"0\"><div class=\"image_wrapper\"><a href=\"https:\/\/ipautomationinc.com\/wp-content\/uploads\/2022\/06\/i6-H-ISO.png\" rel=\"prettyphoto\"   class=\"\"  tabindex=\"-1\" title=\"\"><div class=\"mask\"><\/div><img decoding=\"async\" class=\"scale-with-grid\" src=\"https:\/\/ipautomationinc.com\/wp-content\/uploads\/2022\/06\/i6-H-ISO.png\" fetchpriority=\"high\" alt=\"iH 2D-CNC-Drahtbiegemaschine ISO-Layout\" title=\"\" width=\"225\" height=\"613\" style=\"\"\/><\/a><div class=\"image_links\"><a href=\"https:\/\/ipautomationinc.com\/wp-content\/uploads\/2022\/06\/i6-H-ISO.png\" class=\"zoom\" rel=\"prettyphoto\" tabindex=\"-1\" aria-label=\"Bild vergr\u00f6\u00dfern\" title=\"\"><svg viewbox=\"0 0 26 26\"><defs><style>.path{fill:none;stroke:#333;stroke-miterlimit:10;stroke-width:1.5px;}<\/style><\/defs><circle cx=\"11.35\" cy=\"11.35\" r=\"6\" class=\"path\"\/><line x1=\"15.59\" y1=\"15.59\" x2=\"20.65\" y2=\"20.65\" class=\"path\"\/><\/svg><\/a><\/div><\/div><p class=\"wp-caption-text\">Isometrische Ansicht des i6-H<\/p><\/div>\n<br><br><br><br><div class=\"image_frame image_item scale-with-grid element_classes no_border hover-disable mfn-img-box\"  role=\"link\" aria-label=\"Bild mit Links\" tabindex=\"0\"><div class=\"image_wrapper\"><a href=\"https:\/\/ipautomationinc.com\/wp-content\/uploads\/2022\/06\/701-Side.png\" rel=\"prettyphoto\"   class=\"\"  tabindex=\"-1\" title=\"\"><div class=\"mask\"><\/div><img decoding=\"async\" class=\"scale-with-grid\" src=\"https:\/\/ipautomationinc.com\/wp-content\/uploads\/2022\/06\/701-Side.png\" fetchpriority=\"high\" alt=\"701 Seite\" title=\"\" width=\"225\" height=\"241\" style=\"\"\/><\/a><div class=\"image_links\"><a href=\"https:\/\/ipautomationinc.com\/wp-content\/uploads\/2022\/06\/701-Side.png\" class=\"zoom\" rel=\"prettyphoto\" tabindex=\"-1\" aria-label=\"Bild vergr\u00f6\u00dfern\" title=\"\"><svg viewbox=\"0 0 26 26\"><defs><style>.path{fill:none;stroke:#333;stroke-miterlimit:10;stroke-width:1.5px;}<\/style><\/defs><circle cx=\"11.35\" cy=\"11.35\" r=\"6\" class=\"path\"\/><line x1=\"15.59\" y1=\"15.59\" x2=\"20.65\" y2=\"20.65\" class=\"path\"\/><\/svg><\/a><\/div><\/div><p class=\"wp-caption-text\">i13-H Vorderansicht<\/p><\/div>\n<br><br><br><br><div class=\"image_frame image_item scale-with-grid element_classes no_border hover-disable mfn-img-box\"  role=\"link\" aria-label=\"Bild mit Links\" tabindex=\"0\"><div class=\"image_wrapper\"><a href=\"https:\/\/ipautomationinc.com\/wp-content\/uploads\/2022\/06\/701-Top.png\" rel=\"prettyphoto\"   class=\"\"  tabindex=\"-1\" title=\"\"><div class=\"mask\"><\/div><img decoding=\"async\" class=\"scale-with-grid\" src=\"https:\/\/ipautomationinc.com\/wp-content\/uploads\/2022\/06\/701-Top.png\" fetchpriority=\"high\" alt=\"iH CNC-Drahtbiegemaschine, Draufsicht\" title=\"\" width=\"225\" height=\"412\" style=\"\"\/><\/a><div class=\"image_links\"><a href=\"https:\/\/ipautomationinc.com\/wp-content\/uploads\/2022\/06\/701-Top.png\" class=\"zoom\" rel=\"prettyphoto\" tabindex=\"-1\" aria-label=\"Bild vergr\u00f6\u00dfern\" title=\"\"><svg viewbox=\"0 0 26 26\"><defs><style>.path{fill:none;stroke:#333;stroke-miterlimit:10;stroke-width:1.5px;}<\/style><\/defs><circle cx=\"11.35\" cy=\"11.35\" r=\"6\" class=\"path\"\/><line x1=\"15.59\" y1=\"15.59\" x2=\"20.65\" y2=\"20.65\" class=\"path\"\/><\/svg><\/a><\/div><\/div><p class=\"wp-caption-text\">i13-H Draufsicht<\/p><\/div>\n<br><br><br><br><div class=\"image_frame image_item scale-with-grid element_classes no_border hover-disable mfn-img-box\"  role=\"link\" aria-label=\"Bild mit Links\" tabindex=\"0\"><div class=\"image_wrapper\"><a href=\"https:\/\/ipautomationinc.com\/wp-content\/uploads\/2022\/06\/701-ISO-A.png\" rel=\"prettyphoto\"   class=\"\"  tabindex=\"-1\" title=\"\"><div class=\"mask\"><\/div><img decoding=\"async\" class=\"scale-with-grid\" src=\"https:\/\/ipautomationinc.com\/wp-content\/uploads\/2022\/06\/701-ISO-A.png\" fetchpriority=\"high\" alt=\"701 ISO A\" title=\"\" width=\"225\" height=\"468\" style=\"\"\/><\/a><div class=\"image_links\"><a href=\"https:\/\/ipautomationinc.com\/wp-content\/uploads\/2022\/06\/701-ISO-A.png\" class=\"zoom\" rel=\"prettyphoto\" tabindex=\"-1\" aria-label=\"Bild vergr\u00f6\u00dfern\" title=\"\"><svg viewbox=\"0 0 26 26\"><defs><style>.path{fill:none;stroke:#333;stroke-miterlimit:10;stroke-width:1.5px;}<\/style><\/defs><circle cx=\"11.35\" cy=\"11.35\" r=\"6\" class=\"path\"\/><line x1=\"15.59\" y1=\"15.59\" x2=\"20.65\" y2=\"20.65\" class=\"path\"\/><\/svg><\/a><\/div><\/div><p class=\"wp-caption-text\">i13-H isometrische Ansicht<\/p><\/div>\n<br>#EBEBEB<br>#222222<br><br><br>Spezifikationen<br><br><br><br><p>*Der minimale und maximale Durchmesser wird durch die Zugfestigkeit des Drahtes beeinflusst. Kontaktieren Sie uns zur Kl\u00e4rung des Min\/Max-Bereichs f\u00fcr Ihren Kabeltyp.<\/p><br><br><br>Maschinenoptionen<br><br>Intelligente Robotik<br>mit ma\u00dfgeschneidertem EOAT<br><img decoding=\"async\" src=\"https:\/\/ipautomationinc.com\/wp-content\/uploads\/2022\/06\/machine-options_robot.png#1271\" alt=\"machine-options_robot\"><br><a href=\"https:\/\/ipautomationinc.com\/de\/zubehor\/robotik\/\">https:\/\/ipautomationinc.com\/accessories\/robotics\/<\/a><br>Kastenma\u00dfstab<br>70%<br><br>Integriertes Stumpfschwei\u00dfger\u00e4t<br><img decoding=\"async\" src=\"https:\/\/ipautomationinc.com\/wp-content\/uploads\/2024\/08\/i-H-Welder-highligt.png#36775\" alt=\"i-H Welder highligt\"><br><a href=\"https:\/\/ipautomationinc.com\/de\/zubehor\/automatisierte-schweisgerate\/\">https:\/\/ipautomationinc.com\/accessories\/automated-welders\/<\/a><br>Kastenma\u00dfstab<br>100%<br><br>iFM-Bearbeitungszentrum<br><img decoding=\"async\" src=\"https:\/\/ipautomationinc.com\/wp-content\/uploads\/2023\/11\/ifm-icon-1.png#35422\" alt=\"ifm-Symbol\"><br><a href=\"https:\/\/ipautomationinc.com\/de\/zubehor\/bearbeitungszentrum\/\">https:\/\/ipautomationinc.com\/accessories\/machining-center\/<\/a><br>Kastenma\u00dfstab<br>70%<br><br>iBW-45 Stumpfschwei\u00dfger\u00e4t<br>Mit Rotationsverzahnung<br><img decoding=\"async\" src=\"https:\/\/ipautomationinc.com\/wp-content\/uploads\/2025\/08\/machine-options_iBW-45.png#38050\" alt=\"machine-options_iBW-45\"><br><a href=\"https:\/\/ipautomationinc.com\/de\/zubehor\/automatisierte-schweisgerate\/\">https:\/\/ipautomationinc.com\/accessories\/automated-welders\/<\/a><br>Kastenma\u00dfstab<br>70%<br><br>Fasen-\/Bohrstation<br><img decoding=\"async\" src=\"https:\/\/ipautomationinc.com\/wp-content\/uploads\/2024\/08\/chamfer-drill.png#36736\" alt=\"Fasenbohrer\"><br><a href=\"https:\/\/ipautomationinc.com\/de\/zubehor\/fasenbohrer\/\">https:\/\/ipautomationinc.com\/accessories\/chamfer-drill\/<\/a><br>Kastenma\u00dfstab<br>70%<br><br>Sichtpr\u00fcfung<br><img decoding=\"async\" src=\"https:\/\/ipautomationinc.com\/wp-content\/uploads\/2022\/06\/machine-options_vision-inspection-closeup.png#1305\" alt=\"machine-options_vision-inspection-closeup\"><br>Kastenma\u00dfstab<br>70%<br><br>Servopresse<br><img decoding=\"async\" src=\"https:\/\/ipautomationinc.com\/wp-content\/uploads\/2022\/06\/machine-options_servo-press.png#1272\" alt=\"machine-options_servo-press\"><br>Kastenma\u00dfstab<br>70%<br><br>Stressabbaustation<br>Symbollampe<br><img decoding=\"async\" src=\"https:\/\/ipautomationinc.com\/wp-content\/uploads\/2022\/06\/machine-options_stress-relieving.png#1287\" alt=\"machine-options_stress-relieving\"><br>Kastenma\u00dfstab<br>70%<br><br>Holen Sie sich jetzt die Preise!<br>icon-forward<br><a href=\"https:\/\/ipautomationinc.com\/de\/kontaktiere-uns\/#form\">https:\/\/ipautomationinc.com\/contact-us\/#form<\/a><br>50px<br><br>Andere CNC-Drahtbiegemaschinen<br><br><h4>Einkopf-Drahtbieger<\/h4><br><br><p><hr class=\"no_line\" style=\"margin: 0 auto 0px auto\"\/>\n <a href=\"https:\/\/ipautomationinc.com\/de\/einkopf-cnc-drahtbieger\/\"> <img decoding=\"async\" src=\"https:\/\/ipautomationinc.com\/wp-content\/uploads\/2023\/02\/i8-S-RGB-1.png\" alt=\"iS CNC-Drahtformer\"> <\/a> <hr class=\"no_line\" style=\"margin: 0 auto 0px auto\"\/>\n <a class=\"mfn-link mfn-link-1\" href=\"\" style=\"\" data-hover=\"\"   ><span data-hover=\"\"><\/span><\/a><\/p><br>no-repeat;links oben;;<br>Auto<br><br><h4>Doppelkopf-Drahtbieger<\/h4><br><br><p><hr class=\"no_line\" style=\"margin: 0 auto 0px auto\"\/>\n <a href=\"https:\/\/ipautomationinc.com\/de\/doppelkopf-cnc-drahtbieger\/\"> <img decoding=\"async\" src=\"https:\/\/ipautomationinc.com\/wp-content\/uploads\/2024\/07\/i8-D-double-head-1.png\" alt=\"\"> <\/a> <hr class=\"no_line\" style=\"margin: 0 auto 0px auto\"\/>\n <a class=\"mfn-link mfn-link-1\" href=\"\" style=\"\" data-hover=\"\"   ><span data-hover=\"\"><\/span><\/a><\/p><br>no-repeat;links oben;;<br>Auto<br><br><\/p>","protected":false},"excerpt":{"rendered":"<p>The i-H series is the most advanced 2D CNC wire bending mThe i-2D series (previously known as the i-H series)<span class=\"excerpt-hellip\"> [\u2026]<\/span><\/p>\n","protected":false},"author":3,"featured_media":0,"parent":0,"menu_order":0,"comment_status":"closed","ping_status":"closed","template":"","meta":{"footnotes":""},"class_list":["post-1241","page","type-page","status-publish","hentry"],"yoast_head":"<!-- This site is optimized with the Yoast SEO plugin v27.3 - https:\/\/yoast.com\/product\/yoast-seo-wordpress\/ -->\n<title>i-2D Series 2D CNC Wire Bending Machine | IP Automation Inc<\/title>\n<meta name=\"description\" content=\"The i-2D series is the the most advanced 2D CNC wire bending machine on the market. Featuring all servo electric bending, feeding and cutting.\" \/>\n<meta name=\"robots\" content=\"index, follow, max-snippet:-1, max-image-preview:large, max-video-preview:-1\" \/>\n<link rel=\"canonical\" href=\"https:\/\/ipautomationinc.com\/de\/2d-serie\/\" \/>\n<meta property=\"og:locale\" content=\"de_DE\" \/>\n<meta property=\"og:type\" content=\"article\" \/>\n<meta property=\"og:title\" content=\"i-2D Series 2D CNC Wire Bending Machine | IP Automation Inc\" \/>\n<meta property=\"og:description\" content=\"The i-2D series is the the most advanced 2D CNC wire bending machine on the market. Featuring all servo electric bending, feeding and cutting.\" \/>\n<meta property=\"og:url\" content=\"https:\/\/ipautomationinc.com\/de\/2d-serie\/\" \/>\n<meta property=\"og:site_name\" content=\"IP Automation Inc\" \/>\n<meta property=\"article:publisher\" content=\"https:\/\/www.facebook.com\/ipautomationinc\/\" \/>\n<meta property=\"article:modified_time\" content=\"2026-04-07T20:53:55+00:00\" \/>\n<meta property=\"og:image\" content=\"https:\/\/ipautomationinc.com\/wp-content\/uploads\/2026\/02\/i10-S-2D-2D-CNC-Wire-Bending-Machine-With-Automated-Welder-text.png#39480\" \/>\n<script type=\"application\/ld+json\" class=\"yoast-schema-graph\">{\"@context\":\"https:\\\/\\\/schema.org\",\"@graph\":[{\"@type\":\"WebPage\",\"@id\":\"https:\\\/\\\/ipautomationinc.com\\\/2d-series\\\/\",\"url\":\"https:\\\/\\\/ipautomationinc.com\\\/2d-series\\\/\",\"name\":\"i-2D Series 2D CNC Wire Bending Machine | IP Automation Inc\",\"isPartOf\":{\"@id\":\"https:\\\/\\\/ipautomationinc.com\\\/#website\"},\"primaryImageOfPage\":{\"@id\":\"https:\\\/\\\/ipautomationinc.com\\\/2d-series\\\/#primaryimage\"},\"image\":{\"@id\":\"https:\\\/\\\/ipautomationinc.com\\\/2d-series\\\/#primaryimage\"},\"thumbnailUrl\":\"https:\\\/\\\/ipautomationinc.com\\\/wp-content\\\/uploads\\\/2026\\\/02\\\/i10-S-2D-2D-CNC-Wire-Bending-Machine-With-Automated-Welder-text.png#39480\",\"datePublished\":\"2022-06-16T20:42:09+00:00\",\"dateModified\":\"2026-04-07T20:53:55+00:00\",\"description\":\"The i-2D series is the the most advanced 2D CNC wire bending machine on the market. Featuring all servo electric bending, feeding and cutting.\",\"inLanguage\":\"de\",\"potentialAction\":[{\"@type\":\"ReadAction\",\"target\":[\"https:\\\/\\\/ipautomationinc.com\\\/2d-series\\\/\"]}]},{\"@type\":\"ImageObject\",\"inLanguage\":\"de\",\"@id\":\"https:\\\/\\\/ipautomationinc.com\\\/2d-series\\\/#primaryimage\",\"url\":\"https:\\\/\\\/ipautomationinc.com\\\/wp-content\\\/uploads\\\/2026\\\/02\\\/i10-S-2D-2D-CNC-Wire-Bending-Machine-With-Automated-Welder-text.png#39480\",\"contentUrl\":\"https:\\\/\\\/ipautomationinc.com\\\/wp-content\\\/uploads\\\/2026\\\/02\\\/i10-S-2D-2D-CNC-Wire-Bending-Machine-With-Automated-Welder-text.png#39480\"},{\"@type\":\"WebSite\",\"@id\":\"https:\\\/\\\/ipautomationinc.com\\\/#website\",\"url\":\"https:\\\/\\\/ipautomationinc.com\\\/\",\"name\":\"IP Automation Inc\",\"description\":\"Concept... Creation... Reality...\",\"publisher\":{\"@id\":\"https:\\\/\\\/ipautomationinc.com\\\/#organization\"},\"potentialAction\":[{\"@type\":\"SearchAction\",\"target\":{\"@type\":\"EntryPoint\",\"urlTemplate\":\"https:\\\/\\\/ipautomationinc.com\\\/?s={search_term_string}\"},\"query-input\":{\"@type\":\"PropertyValueSpecification\",\"valueRequired\":true,\"valueName\":\"search_term_string\"}}],\"inLanguage\":\"de\"},{\"@type\":\"Organization\",\"@id\":\"https:\\\/\\\/ipautomationinc.com\\\/#organization\",\"name\":\"IP Automation Inc\",\"url\":\"https:\\\/\\\/ipautomationinc.com\\\/\",\"logo\":{\"@type\":\"ImageObject\",\"inLanguage\":\"de\",\"@id\":\"https:\\\/\\\/ipautomationinc.com\\\/#\\\/schema\\\/logo\\\/image\\\/\",\"url\":\"https:\\\/\\\/ipautomationinc.com\\\/wp-content\\\/uploads\\\/2022\\\/05\\\/IPA-Favicon.png\",\"contentUrl\":\"https:\\\/\\\/ipautomationinc.com\\\/wp-content\\\/uploads\\\/2022\\\/05\\\/IPA-Favicon.png\",\"width\":513,\"height\":513,\"caption\":\"IP Automation Inc\"},\"image\":{\"@id\":\"https:\\\/\\\/ipautomationinc.com\\\/#\\\/schema\\\/logo\\\/image\\\/\"},\"sameAs\":[\"https:\\\/\\\/www.facebook.com\\\/ipautomationinc\\\/\",\"https:\\\/\\\/www.linkedin.com\\\/company\\\/ip-automation-inc\\\/\",\"https:\\\/\\\/www.youtube.com\\\/@IPAutomation\"]}]}<\/script>\n<!-- \/ Yoast SEO plugin. -->","yoast_head_json":{"title":"i-2D Serie 2D CNC-Drahtbiegemaschine | IP Automation Inc.","description":"Die i-2D-Serie ist die fortschrittlichste 2D-CNC-Drahtbiegemaschine auf dem Markt. Sie verf\u00fcgt \u00fcber vollelektrische Servo-Biege-, Zuf\u00fchr- und Schneidfunktionen.","robots":{"index":"index","follow":"follow","max-snippet":"max-snippet:-1","max-image-preview":"max-image-preview:large","max-video-preview":"max-video-preview:-1"},"canonical":"https:\/\/ipautomationinc.com\/de\/2d-serie\/","og_locale":"de_DE","og_type":"article","og_title":"i-2D Series 2D CNC Wire Bending Machine | IP Automation Inc","og_description":"The i-2D series is the the most advanced 2D CNC wire bending machine on the market. Featuring all servo electric bending, feeding and cutting.","og_url":"https:\/\/ipautomationinc.com\/de\/2d-serie\/","og_site_name":"IP Automation Inc","article_publisher":"https:\/\/www.facebook.com\/ipautomationinc\/","article_modified_time":"2026-04-07T20:53:55+00:00","og_image":[{"url":"https:\/\/ipautomationinc.com\/wp-content\/uploads\/2026\/02\/i10-S-2D-2D-CNC-Wire-Bending-Machine-With-Automated-Welder-text.png#39480","type":"","width":"","height":""}],"schema":{"@context":"https:\/\/schema.org","@graph":[{"@type":"WebPage","@id":"https:\/\/ipautomationinc.com\/2d-series\/","url":"https:\/\/ipautomationinc.com\/2d-series\/","name":"i-2D Serie 2D CNC-Drahtbiegemaschine | IP Automation Inc.","isPartOf":{"@id":"https:\/\/ipautomationinc.com\/#website"},"primaryImageOfPage":{"@id":"https:\/\/ipautomationinc.com\/2d-series\/#primaryimage"},"image":{"@id":"https:\/\/ipautomationinc.com\/2d-series\/#primaryimage"},"thumbnailUrl":"https:\/\/ipautomationinc.com\/wp-content\/uploads\/2026\/02\/i10-S-2D-2D-CNC-Wire-Bending-Machine-With-Automated-Welder-text.png#39480","datePublished":"2022-06-16T20:42:09+00:00","dateModified":"2026-04-07T20:53:55+00:00","description":"Die i-2D-Serie ist die fortschrittlichste 2D-CNC-Drahtbiegemaschine auf dem Markt. Sie verf\u00fcgt \u00fcber vollelektrische Servo-Biege-, Zuf\u00fchr- und Schneidfunktionen.","inLanguage":"de","potentialAction":[{"@type":"ReadAction","target":["https:\/\/ipautomationinc.com\/2d-series\/"]}]},{"@type":"ImageObject","inLanguage":"de","@id":"https:\/\/ipautomationinc.com\/2d-series\/#primaryimage","url":"https:\/\/ipautomationinc.com\/wp-content\/uploads\/2026\/02\/i10-S-2D-2D-CNC-Wire-Bending-Machine-With-Automated-Welder-text.png#39480","contentUrl":"https:\/\/ipautomationinc.com\/wp-content\/uploads\/2026\/02\/i10-S-2D-2D-CNC-Wire-Bending-Machine-With-Automated-Welder-text.png#39480"},{"@type":"WebSite","@id":"https:\/\/ipautomationinc.com\/#website","url":"https:\/\/ipautomationinc.com\/","name":"IP Automation Inc","description":"Konzept... Kreation... Realit\u00e4t...","publisher":{"@id":"https:\/\/ipautomationinc.com\/#organization"},"potentialAction":[{"@type":"SearchAction","target":{"@type":"EntryPoint","urlTemplate":"https:\/\/ipautomationinc.com\/?s={search_term_string}"},"query-input":{"@type":"PropertyValueSpecification","valueRequired":true,"valueName":"search_term_string"}}],"inLanguage":"de"},{"@type":"Organization","@id":"https:\/\/ipautomationinc.com\/#organization","name":"IP Automation Inc","url":"https:\/\/ipautomationinc.com\/","logo":{"@type":"ImageObject","inLanguage":"de","@id":"https:\/\/ipautomationinc.com\/#\/schema\/logo\/image\/","url":"https:\/\/ipautomationinc.com\/wp-content\/uploads\/2022\/05\/IPA-Favicon.png","contentUrl":"https:\/\/ipautomationinc.com\/wp-content\/uploads\/2022\/05\/IPA-Favicon.png","width":513,"height":513,"caption":"IP Automation Inc"},"image":{"@id":"https:\/\/ipautomationinc.com\/#\/schema\/logo\/image\/"},"sameAs":["https:\/\/www.facebook.com\/ipautomationinc\/","https:\/\/www.linkedin.com\/company\/ip-automation-inc\/","https:\/\/www.youtube.com\/@IPAutomation"]}]}},"_links":{"self":[{"href":"https:\/\/ipautomationinc.com\/de\/wp-json\/wp\/v2\/pages\/1241","targetHints":{"allow":["GET"]}}],"collection":[{"href":"https:\/\/ipautomationinc.com\/de\/wp-json\/wp\/v2\/pages"}],"about":[{"href":"https:\/\/ipautomationinc.com\/de\/wp-json\/wp\/v2\/types\/page"}],"author":[{"embeddable":true,"href":"https:\/\/ipautomationinc.com\/de\/wp-json\/wp\/v2\/users\/3"}],"replies":[{"embeddable":true,"href":"https:\/\/ipautomationinc.com\/de\/wp-json\/wp\/v2\/comments?post=1241"}],"version-history":[{"count":3,"href":"https:\/\/ipautomationinc.com\/de\/wp-json\/wp\/v2\/pages\/1241\/revisions"}],"predecessor-version":[{"id":39483,"href":"https:\/\/ipautomationinc.com\/de\/wp-json\/wp\/v2\/pages\/1241\/revisions\/39483"}],"wp:attachment":[{"href":"https:\/\/ipautomationinc.com\/de\/wp-json\/wp\/v2\/media?parent=1241"}],"curies":[{"name":"wp","href":"https:\/\/api.w.org\/{rel}","templated":true}]}}