{"id":1227,"date":"2022-06-16T12:52:49","date_gmt":"2022-06-16T17:52:49","guid":{"rendered":"https:\/\/ipautomationinc.com\/?page_id=1227"},"modified":"2026-03-31T15:29:40","modified_gmt":"2026-03-31T20:29:40","slug":"serie-i-s","status":"publish","type":"page","link":"https:\/\/ipautomationinc.com\/de\/i-s-series\/","title":{"rendered":"3D-CNC-Drahtbieger der iS-Serie"},"content":{"rendered":"<h6 class=\"wp-block-heading\"><strong>Die 3D-CNC-Drahtbiegemaschine der iS-Serie ist ein intelligentes Arbeitstier. Ihre intuitive Intellibend-Software mit 3D-Maschinensimulation und einzigartigen Maschinenfunktionen unterscheidet sie von der Konkurrenz. Das vollelektrische 6-Achsen-Design reduziert die Systemkomplexit\u00e4t und erh\u00f6ht Leistung, Zuverl\u00e4ssigkeit und Pr\u00e4zision. Es stehen bis zu 8 Biegeradien zur Verf\u00fcgung. Das robuste Servo-Schneidsystem in Verbindung mit einem vollst\u00e4ndig geschlossenen Zuf\u00fchr- und Biegesystem mit Vollzahnrad sorgt f\u00fcr Zuverl\u00e4ssigkeit und geringen Wartungsaufwand.<\/strong><\/h6>\n\n\n\n<p><\/p>\n\n\n\n<p><span class=\"builder2seo\"><\/span>Einkopf-CNC-Drahtbiegemaschinen<br><br>i-S-Serie<br><br><img decoding=\"async\" src=\"https:\/\/ipautomationinc.com\/wp-content\/uploads\/2023\/02\/i8-S-RGB-1.png\" alt=\"i8-S RGB\"><br>i-SC 3D CNC-Drahtbieger<br>400 Pixel<br>320px<br><br>Klicken Sie hier f\u00fcr das Video<br><a href=\"https:\/\/ipautomationinc.com\/de\/serie-i-s\/#video\">https:\/\/ipautomationinc.com\/i-s-series\/#video<\/a><br>fas fa-spielkreis<br>Schaltfl\u00e4chenthema<br><br>Klicken Sie hier f\u00fcr den Flyer als PDF<br><a href=\"https:\/\/ipautomationinc.com\/wp-content\/uploads\/2025\/09\/2025-i-S-Bifold-Flyer.pdf\">https:\/\/ipautomationinc.com\/wp-content\/uploads\/2025\/09\/2025-i-S-Bifold-Flyer.pdf<\/a><br>fas fa-Datei-pdf<br>Schaltfl\u00e4chenthema<br>https:\/\/ipautomationinc.com\/wp-content\/uploads\/2025\/09\/2025-i-S-Bifold-Flyer.pdf<br><br>261,260,262,251,246<br>#0455B3<br>3px 3px 3px 3px<br><br><h4>Die 3D-CNC-Drahtbiegemaschine der iS-Serie ist ein intelligentes Arbeitstier. Ihre intuitive Intellibend-Software mit 3D-Maschinensimulation und ihre einzigartigen Maschinenfunktionen heben sie von der Konkurrenz ab. Das vollelektrische 6-Achsen-Design reduziert die Systemkomplexit\u00e4t und erh\u00f6ht Leistung, Zuverl\u00e4ssigkeit und Pr\u00e4zision. Es steht eine Palette von bis zu 8 Biegeradien zur Verf\u00fcgung. Das robuste Servo-Schneidsystem in Verbindung mit einem vollst\u00e4ndig geschlossenen Zuf\u00fchr- und Biegesystem mit Vollgetriebe sorgt f\u00fcr Zuverl\u00e4ssigkeit und geringen Wartungsaufwand. Seine einzigartigen verf\u00fcgbaren Optionen wie der Verfahrvorschubmechanismus l\u00f6sen Ihre Konsistenzprobleme. Anfas- und Pr\u00e4geeinheiten bringen sekund\u00e4re Prozesse in die Linie. Eine lange Liste erweiterter Optionen macht diese Maschine zu einer Maschine, die mit Ihrem Unternehmen wachsen kann. Die gro\u00dfe Auswahl an Optionen und die Erschwinglichkeit der iS-Serie machen sie zu einer gro\u00dfartigen Wahl sowohl f\u00fcr Anf\u00e4nger als auch f\u00fcr fortgeschrittene Drahtformungsunternehmen.<\/h4><br><br><h3>Anwendungen<\/h3><h4>Clips, Halter, POP-Display-Komponenten f\u00fcr den Einzelhandel, Haken, Federn, Kleiderb\u00fcgel, Anschl\u00fcsse, Ger\u00e4teteile, Gesichtsschutz, Griffe<\/h4><br>#EBEBEB<br><br><img decoding=\"async\" src=\"https:\/\/ipautomationinc.com\/wp-content\/uploads\/2023\/02\/i8-S-RGB-1.png\" alt=\"i8-S RGB\"><br>iS 3D CNC-Drahtbieger<br><br>Klicken Sie hier f\u00fcr das Video<br><a href=\"https:\/\/ipautomationinc.com\/de\/serie-i-s\/#video\">https:\/\/ipautomationinc.com\/i-s-series\/#video<\/a><br>fas fa-spielkreis<br>Schaltfl\u00e4chenthema<br><br>Klicken Sie hier f\u00fcr den Flyer als PDF<br><a href=\"https:\/\/ipautomationinc.com\/wp-content\/uploads\/2025\/09\/2025-i-S-Bifold-Flyer.pdf\">https:\/\/ipautomationinc.com\/wp-content\/uploads\/2025\/09\/2025-i-S-Bifold-Flyer.pdf<\/a><br>fas fa-Datei-pdf<br>Schaltfl\u00e4chenthema<br>https:\/\/ipautomationinc.com\/wp-content\/uploads\/2025\/09\/2025-i-S-Bifold-Flyer.pdf<br><br>261,260,262,251,246<br>#0455B3<br>3px 3px 3px 3px<br>Brauch<br>80%<br><br><h4>Die 3D-CNC-Drahtbiegemaschine der iS-Serie ist ein intelligentes Arbeitstier. Ihre intuitive Intellibend-Software mit 3D-Maschinensimulation und ihre einzigartigen Maschinenfunktionen heben sie von der Konkurrenz ab. Das vollelektrische 6-Achsen-Design reduziert die Systemkomplexit\u00e4t und erh\u00f6ht Leistung, Zuverl\u00e4ssigkeit und Pr\u00e4zision. Es steht eine Palette von bis zu 8 Biegeradien zur Verf\u00fcgung. Das robuste Servo-Schneidsystem in Verbindung mit einem vollst\u00e4ndig geschlossenen Zuf\u00fchr- und Biegesystem mit Vollgetriebe sorgt f\u00fcr Zuverl\u00e4ssigkeit und geringen Wartungsaufwand. Seine einzigartigen verf\u00fcgbaren Optionen wie der Verfahrvorschubmechanismus l\u00f6sen Ihre Konsistenzprobleme. Anfas- und Pr\u00e4geeinheiten bringen sekund\u00e4re Prozesse in die Linie. Eine lange Liste erweiterter Optionen macht diese Maschine zu einer Maschine, die mit Ihrem Unternehmen wachsen kann. Die gro\u00dfe Auswahl an Optionen und die Erschwinglichkeit der iS-Serie machen sie zu einer gro\u00dfartigen Wahl sowohl f\u00fcr Anf\u00e4nger als auch f\u00fcr fortgeschrittene Drahtformungsunternehmen.<\/h4><br><br><h3>Anwendungen<\/h3><br><br><h4>Clips, Halter, POP-Display-Komponenten f\u00fcr den Einzelhandel, Haken, Federn, Kleiderb\u00fcgel, Anschl\u00fcsse, Ger\u00e4teteile, Gesichtsschutz, Griffe<\/h4><br>#EBEBEB<br><br><br>Medien<br><br>;C;;<br><br>i13-S Video<br><a href=\"https:\/\/player.vimeo.com\/video\/739757520\">https:\/\/player.vimeo.com\/video\/739757520<\/a><br>Leuchtkasten<br>Schaltfl\u00e4chenthema<br>exit-mfn-popup<br><br>i20-S Video<br><a href=\"https:\/\/player.vimeo.com\/video\/952466343\">https:\/\/player.vimeo.com\/video\/952466343<\/a><br>Leuchtkasten<br>Schaltfl\u00e4chenthema<br>exit-mfn-popup<br><br>1672,35650,1208,35649,1204<br>gro\u00df<br><br><br>Merkmale<br><br>Biegen<br>Programmierung<br>Einzelheiten<br>Maschinenlayout<br><br><br>\t6 Servo Axes: X &#8211; feed, Y &#8211; bender pin rotation, Z &#8211; arm rotation, T &#8211; center turret rotation, P &#8211; bend head height , C &#8211; cutter<br><br>\tMit der einstellbaren Biegeh\u00f6he sind bis zu 8 Biegeradien m\u00f6glich<br><br>IP-Automatisierungsingenieure und CNC-Bearbeiter fertigen alle Biegek\u00f6pfe, Schneidger\u00e4te und Drahtvorschubrollen im eigenen Haus zu angemessenen Kosten und mit schneller Bearbeitungszeit<br><br><br><br><br>\t<a href=\"https:\/\/ipautomationinc.com\/de\/maschinenfahigkeiten\/\">Intellibend-Software <\/a> auf dem Betriebssystem Windows 10 mit 3D-Simulation<br><br>CNC-Programmformat L\u00e4nge-Rotation-Winkel<br><br>\tProduktions-Dashboard mit Echtzeit-Raten- und Batch-Programmierung<br><br>\t21,5-Zoll-Multitouch-Bildschirm<br><br>\tRemote-Konnektivit\u00e4t \u00fcber VPN-Tunnel<br><br>\tOPC-UA-Protokoll f\u00fcr Industrie 4.0<br><br>Benutzerdefinierte I\/O-Funktionen verf\u00fcgbar<br><br>\t<br><br><br>Drahtabwickelkapazit\u00e4t mit Linearbewegungsarm: 3000 lbs. im Lieferumfang enthalten (4500 lbs. Option verf\u00fcgbar)<br><br>7\u2032 (2,13 m) Sicherheitsk\u00e4fig mit Sicherheitsverriegelungst\u00fcr<br><br>Dual-Plane-Drahtrichtger\u00e4t mit gro\u00dfer Reichweite<br><br>Alle Vorschub- und Biegeantriebssysteme verf\u00fcgen \u00fcber geh\u00e4rtete Zahnr\u00e4der und sind vollst\u00e4ndig gekapselt.<br><br>Schnell umklappbare, geh\u00e4rtete Vorschubrollen f\u00fcr 2 Drahtgr\u00f6\u00dfen<br><br>Linearencoder am Drahtvorschub f\u00fcr Genauigkeit und Schlupferkennung<br><br>Drahtstabilisator<br><br>Nachschleifbare Schneidwerkzeugoberfl\u00e4che<br><br>Schulung vor Ort m\u00f6glich<br><br>Roboterintegrationsf\u00e4hig<br><br><br><div class=\"image_frame image_item scale-with-grid element_classes no_border hover-disable mfn-img-box\"  role=\"link\" aria-label=\"Bild mit Links\" tabindex=\"0\"><div class=\"image_wrapper\"><a href=\"https:\/\/ipautomationinc.com\/wp-content\/uploads\/2022\/07\/Machine-Layout-i6-i10.png\" rel=\"prettyphoto\"   class=\"\"  tabindex=\"-1\" title=\"\"><div class=\"mask\"><\/div><img decoding=\"async\" class=\"scale-with-grid\" src=\"https:\/\/ipautomationinc.com\/wp-content\/uploads\/2022\/07\/Machine-Layout-i6-i10.png\" fetchpriority=\"high\" alt=\"3D-CNC-Drahtbieger-Layout\" title=\"\" width=\"300\" height=\"620\" style=\"\"\/><\/a><div class=\"image_links\"><a href=\"https:\/\/ipautomationinc.com\/wp-content\/uploads\/2022\/07\/Machine-Layout-i6-i10.png\" class=\"zoom\" rel=\"prettyphoto\" tabindex=\"-1\" aria-label=\"Bild vergr\u00f6\u00dfern\" title=\"\"><svg viewbox=\"0 0 26 26\"><defs><style>.path{fill:none;stroke:#333;stroke-miterlimit:10;stroke-width:1.5px;}<\/style><\/defs><circle cx=\"11.35\" cy=\"11.35\" r=\"6\" class=\"path\"\/><line x1=\"15.59\" y1=\"15.59\" x2=\"20.65\" y2=\"20.65\" class=\"path\"\/><\/svg><\/a><\/div><\/div><p class=\"wp-caption-text\">i6-S - i10-S<\/p><\/div>\n<br><br><br><br><div class=\"image_frame image_item scale-with-grid element_classes no_border hover-disable mfn-img-box\"  role=\"link\" aria-label=\"Bild mit Links\" tabindex=\"0\"><div class=\"image_wrapper\"><a href=\"https:\/\/ipautomationinc.com\/wp-content\/uploads\/2022\/06\/i13-S-Proposal-Layout.jpg\" rel=\"prettyphoto\"   class=\"\"  tabindex=\"-1\" title=\"\"><div class=\"mask\"><\/div><img decoding=\"async\" class=\"scale-with-grid\" src=\"https:\/\/ipautomationinc.com\/wp-content\/uploads\/2022\/06\/i13-S-Proposal-Layout.jpg\" fetchpriority=\"high\" alt=\"3D-CNC-Drahtbieger-Layout\" title=\"\" width=\"300\" height=\"622\" style=\"\"\/><\/a><div class=\"image_links\"><a href=\"https:\/\/ipautomationinc.com\/wp-content\/uploads\/2022\/06\/i13-S-Proposal-Layout.jpg\" class=\"zoom\" rel=\"prettyphoto\" tabindex=\"-1\" aria-label=\"Bild vergr\u00f6\u00dfern\" title=\"\"><svg viewbox=\"0 0 26 26\"><defs><style>.path{fill:none;stroke:#333;stroke-miterlimit:10;stroke-width:1.5px;}<\/style><\/defs><circle cx=\"11.35\" cy=\"11.35\" r=\"6\" class=\"path\"\/><line x1=\"15.59\" y1=\"15.59\" x2=\"20.65\" y2=\"20.65\" class=\"path\"\/><\/svg><\/a><\/div><\/div><p class=\"wp-caption-text\">i13-S<\/p><\/div>\n<br><br><br><br><div class=\"image_frame image_item scale-with-grid element_classes no_border hover-disable mfn-img-box\"  role=\"link\" aria-label=\"Bild mit Links\" tabindex=\"0\"><div class=\"image_wrapper\"><a href=\"https:\/\/ipautomationinc.com\/wp-content\/uploads\/2024\/06\/i20-S-layout.png\" rel=\"prettyphoto\"   class=\"\"  tabindex=\"-1\" title=\"\"><div class=\"mask\"><\/div><img decoding=\"async\" class=\"scale-with-grid\" src=\"https:\/\/ipautomationinc.com\/wp-content\/uploads\/2024\/06\/i20-S-layout.png\" fetchpriority=\"high\" alt=\"3D-CNC-Drahtbieger-Layout\" title=\"\" width=\"300\" height=\"684\" style=\"\"\/><\/a><div class=\"image_links\"><a href=\"https:\/\/ipautomationinc.com\/wp-content\/uploads\/2024\/06\/i20-S-layout.png\" class=\"zoom\" rel=\"prettyphoto\" tabindex=\"-1\" aria-label=\"Bild vergr\u00f6\u00dfern\" title=\"\"><svg viewbox=\"0 0 26 26\"><defs><style>.path{fill:none;stroke:#333;stroke-miterlimit:10;stroke-width:1.5px;}<\/style><\/defs><circle cx=\"11.35\" cy=\"11.35\" r=\"6\" class=\"path\"\/><line x1=\"15.59\" y1=\"15.59\" x2=\"20.65\" y2=\"20.65\" class=\"path\"\/><\/svg><\/a><\/div><\/div><p class=\"wp-caption-text\">Der neue BMW 2er Active Tourer<\/p><\/div>\n<br>#EBEBEB<br>#222222<br><br><br>Spezifikationen<br><br><br><br><p>*Der minimale und maximale Durchmesser wird durch die Zugfestigkeit des Drahtes beeinflusst. Kontaktieren Sie uns zur Kl\u00e4rung des Min\/Max-Bereichs f\u00fcr Ihren Kabeltyp.<\/p><br><br><br>Maschinenoptionen<br><br>Intelligente Robotik<br>mit ma\u00dfgeschneidertem EOAT<br><img decoding=\"async\" src=\"https:\/\/ipautomationinc.com\/wp-content\/uploads\/2022\/06\/machine-options_robot.png\" alt=\"machine-options_robot\"><br><a href=\"https:\/\/ipautomationinc.com\/de\/zubehor\/robotik\/\">https:\/\/ipautomationinc.com\/accessories\/robotics\/<\/a><br>Kastenma\u00dfstab<br>70%<br><br>iFM-Bearbeitungszentrum<br><img decoding=\"async\" src=\"https:\/\/ipautomationinc.com\/wp-content\/uploads\/2023\/11\/ifm-icon-1.png#35422\" alt=\"ifm-Symbol\"><br><a href=\"https:\/\/ipautomationinc.com\/de\/zubehor\/bearbeitungszentrum\/\">https:\/\/ipautomationinc.com\/accessories\/machining-center\/<\/a><br>Kastenma\u00dfstab<br>70%<br><br>Inline-Anfasen<br><img decoding=\"async\" src=\"https:\/\/ipautomationinc.com\/wp-content\/uploads\/2024\/01\/internal-chamfer.png#35611\" alt=\"internal chamfer\"><br><a href=\"https:\/\/ipautomationinc.com\/de\/zubehor\/inline-fase\/\">https:\/\/ipautomationinc.com\/accessories\/in-line-chamfer\/<\/a><br>Kastenma\u00dfstab<br>70%<br><br>Fasen-\/Bohrstation<br><img decoding=\"async\" src=\"https:\/\/ipautomationinc.com\/wp-content\/uploads\/2024\/08\/chamfer-drill.png#36736\" alt=\"Fasenbohrer\"><br><a href=\"https:\/\/ipautomationinc.com\/de\/zubehor\/fasenbohrer\/\">https:\/\/ipautomationinc.com\/accessories\/chamfer-drill\/<\/a><br>Kastenma\u00dfstab<br>70%<br><br>Traversierender Feeder\/Richtapparat<br><img decoding=\"async\" src=\"https:\/\/ipautomationinc.com\/wp-content\/uploads\/2022\/06\/machine-options_traversing-straightener.png\" alt=\"machine-options_traversing-straightener\"><br>Kastenma\u00dfstab<br>70%<br><br>Kalter Header<br><img decoding=\"async\" src=\"https:\/\/ipautomationinc.com\/wp-content\/uploads\/2022\/06\/machine-options_cold-heading.png\" alt=\"machine-options_cold-heading\"><br>Kastenma\u00dfstab<br>70%<br><br>Stressabbaustation<br><img decoding=\"async\" src=\"https:\/\/ipautomationinc.com\/wp-content\/uploads\/2022\/06\/machine-options_stress-relieving.png\" alt=\"machine-options_stress-relieving\"><br>Kastenma\u00dfstab<br>70%<br><br>Servopresse<br><img decoding=\"async\" src=\"https:\/\/ipautomationinc.com\/wp-content\/uploads\/2022\/06\/machine-options_servo-press.png\" alt=\"machine-options_servo-press\"><br>Kastenma\u00dfstab<br>70%<br><br>Sichtpr\u00fcfung<br><img decoding=\"async\" src=\"https:\/\/ipautomationinc.com\/wp-content\/uploads\/2022\/06\/machine-options_vision-inspection-closeup.png\" alt=\"machine-options_vision-inspection-closeup\"><br>Kastenma\u00dfstab<br>70%<br><br>Holen Sie sich jetzt die Preise!<br>icon-forward<br><a href=\"https:\/\/ipautomationinc.com\/de\/kontaktiere-uns\/#form\">https:\/\/ipautomationinc.com\/contact-us\/#form<\/a><br>50px<br><br>Andere CNC-Drahtbiegemaschinen<br><br><h4>i-S\u00b2-Serie<\/h4><br><br><p><hr class=\"no_line\" style=\"margin: 0 auto 0px auto\"\/>\n <a href=\"https:\/\/ipautomationinc.com\/de\/serie-i-s-suadrat\/\"> <img decoding=\"async\" src=\"https:\/\/ipautomationinc.com\/wp-content\/uploads\/2024\/08\/i10-S\u00b2-rgb.png\" alt=\"i-S\u00b2 CNC-Drahtformer\"> <\/a> <hr class=\"no_line\" style=\"margin: 0 auto 0px auto\"\/>\n<\/p><br><br><p>Die 3D-CNC-Drahtbiegemaschine der S\u00b2-Serie bietet der S-Serie 2\u201313 mm Vielseitigkeit mit zwei Revolvern und Rohrbiegef\u00e4higkeit<\/p><br><br><a class=\"mfn-link mfn-link-1\" href=\"\" style=\"\" data-hover=\"\"   ><span data-hover=\"\"><\/span><\/a><br>no-repeat;links oben;;<br>Auto<br><br><h4>i-SC-Serie<\/h4><br><br><p><hr class=\"no_line\" style=\"margin: 0 auto 0px auto\"\/>\n <a href=\"https:\/\/ipautomationinc.com\/de\/serie-i-sc\/\"> <img decoding=\"async\" src=\"https:\/\/ipautomationinc.com\/wp-content\/uploads\/2025\/09\/i8-SC-RGB.png\" alt=\"\"> <\/a> <hr class=\"no_line\" style=\"margin: 0 auto 0px auto\"\/>\n<\/p><br><br><p>Die SC-Serie ist die perfekte Maschine f\u00fcr k\u00fcrzere 3D-Drahtformen aus 2\u20138 mm Draht<\/p><br><br><a class=\"mfn-link mfn-link-1\" href=\"\" style=\"\" data-hover=\"\"   ><span data-hover=\"\"><\/span><\/a><br>no-repeat;links oben;;<br>Auto<br><br><h4>i-S\u00b2-P-Serie<\/h4><br><br><p><hr class=\"no_line\" style=\"margin: 0 auto 0px auto\"\/>\n <a href=\"https:\/\/ipautomationinc.com\/de\/serie-i-s-suadrat-p\/\"> <img decoding=\"async\" src=\"https:\/\/ipautomationinc.com\/wp-content\/uploads\/2026\/02\/i10-S\u00b2-P-Single-Piece-3D-CNC-Wire-Bender.png\" alt=\"i-S\u00b2-P Einzelst\u00fcck-CNC-Drahtformer\"> <\/a> <hr class=\"no_line\" style=\"margin: 0 auto 0px auto\"\/>\n<\/p><br><br><p>Die S\u00b2-P-Serie wurde entwickelt, um die Bearbeitung anspruchsvoller Drahtformen von 2,5 bis 13 mm problemlos zu bew\u00e4ltigen.<\/p><br><br><a class=\"mfn-link mfn-link-1\" href=\"\" style=\"\" data-hover=\"\"   ><span data-hover=\"\"><\/span><\/a><br>no-repeat;links oben;;<br>Auto<br><br><\/p>","protected":false},"excerpt":{"rendered":"<p>The i-S series 3D CNC wire bender is a smart workhorse. It\u2019s intuitive Intellibend software with 3D machine simulation and<span class=\"excerpt-hellip\"> [\u2026]<\/span><\/p>\n","protected":false},"author":3,"featured_media":0,"parent":0,"menu_order":0,"comment_status":"closed","ping_status":"closed","template":"","meta":{"footnotes":""},"class_list":["post-1227","page","type-page","status-publish","hentry"],"yoast_head":"<!-- This site is optimized with the Yoast SEO plugin v27.3 - https:\/\/yoast.com\/product\/yoast-seo-wordpress\/ -->\n<title>i-S Series 3D CNC Wire Bender | IP Automation Inc<\/title>\n<meta name=\"description\" content=\"The i-S series 3D CNC wire bender is a smart workhorse. All-electric 6 axis design, up to 8 bending radii, 3d simulation.\" \/>\n<meta name=\"robots\" content=\"index, follow, max-snippet:-1, max-image-preview:large, max-video-preview:-1\" \/>\n<link rel=\"canonical\" href=\"https:\/\/ipautomationinc.com\/de\/serie-i-s\/\" \/>\n<meta property=\"og:locale\" content=\"de_DE\" \/>\n<meta property=\"og:type\" content=\"article\" \/>\n<meta property=\"og:title\" content=\"i-S Series 3D CNC Wire Bender | IP Automation Inc\" \/>\n<meta property=\"og:description\" content=\"The i-S series 3D CNC wire bender is a smart workhorse. All-electric 6 axis design, up to 8 bending radii, 3d simulation.\" \/>\n<meta property=\"og:url\" content=\"https:\/\/ipautomationinc.com\/de\/serie-i-s\/\" \/>\n<meta property=\"og:site_name\" content=\"IP Automation Inc\" \/>\n<meta property=\"article:publisher\" content=\"https:\/\/www.facebook.com\/ipautomationinc\/\" \/>\n<meta property=\"article:modified_time\" content=\"2026-03-31T20:29:40+00:00\" \/>\n<meta property=\"og:image\" content=\"https:\/\/ipautomationinc.com\/wp-content\/uploads\/2023\/02\/i8-S-RGB-1.png\" \/>\n<script type=\"application\/ld+json\" class=\"yoast-schema-graph\">{\"@context\":\"https:\\\/\\\/schema.org\",\"@graph\":[{\"@type\":\"WebPage\",\"@id\":\"https:\\\/\\\/ipautomationinc.com\\\/i-s-series\\\/\",\"url\":\"https:\\\/\\\/ipautomationinc.com\\\/i-s-series\\\/\",\"name\":\"i-S Series 3D CNC Wire Bender | IP Automation Inc\",\"isPartOf\":{\"@id\":\"https:\\\/\\\/ipautomationinc.com\\\/#website\"},\"primaryImageOfPage\":{\"@id\":\"https:\\\/\\\/ipautomationinc.com\\\/i-s-series\\\/#primaryimage\"},\"image\":{\"@id\":\"https:\\\/\\\/ipautomationinc.com\\\/i-s-series\\\/#primaryimage\"},\"thumbnailUrl\":\"https:\\\/\\\/ipautomationinc.com\\\/wp-content\\\/uploads\\\/2023\\\/02\\\/i8-S-RGB-1.png\",\"datePublished\":\"2022-06-16T17:52:49+00:00\",\"dateModified\":\"2026-03-31T20:29:40+00:00\",\"description\":\"The i-S series 3D CNC wire bender is a smart workhorse. All-electric 6 axis design, up to 8 bending radii, 3d simulation.\",\"inLanguage\":\"de\",\"potentialAction\":[{\"@type\":\"ReadAction\",\"target\":[\"https:\\\/\\\/ipautomationinc.com\\\/i-s-series\\\/\"]}]},{\"@type\":\"ImageObject\",\"inLanguage\":\"de\",\"@id\":\"https:\\\/\\\/ipautomationinc.com\\\/i-s-series\\\/#primaryimage\",\"url\":\"https:\\\/\\\/ipautomationinc.com\\\/wp-content\\\/uploads\\\/2023\\\/02\\\/i8-S-RGB-1.png\",\"contentUrl\":\"https:\\\/\\\/ipautomationinc.com\\\/wp-content\\\/uploads\\\/2023\\\/02\\\/i8-S-RGB-1.png\"},{\"@type\":\"WebSite\",\"@id\":\"https:\\\/\\\/ipautomationinc.com\\\/#website\",\"url\":\"https:\\\/\\\/ipautomationinc.com\\\/\",\"name\":\"IP Automation Inc\",\"description\":\"Concept... Creation... Reality...\",\"publisher\":{\"@id\":\"https:\\\/\\\/ipautomationinc.com\\\/#organization\"},\"potentialAction\":[{\"@type\":\"SearchAction\",\"target\":{\"@type\":\"EntryPoint\",\"urlTemplate\":\"https:\\\/\\\/ipautomationinc.com\\\/?s={search_term_string}\"},\"query-input\":{\"@type\":\"PropertyValueSpecification\",\"valueRequired\":true,\"valueName\":\"search_term_string\"}}],\"inLanguage\":\"de\"},{\"@type\":\"Organization\",\"@id\":\"https:\\\/\\\/ipautomationinc.com\\\/#organization\",\"name\":\"IP Automation Inc\",\"url\":\"https:\\\/\\\/ipautomationinc.com\\\/\",\"logo\":{\"@type\":\"ImageObject\",\"inLanguage\":\"de\",\"@id\":\"https:\\\/\\\/ipautomationinc.com\\\/#\\\/schema\\\/logo\\\/image\\\/\",\"url\":\"https:\\\/\\\/ipautomationinc.com\\\/wp-content\\\/uploads\\\/2022\\\/05\\\/IPA-Favicon.png\",\"contentUrl\":\"https:\\\/\\\/ipautomationinc.com\\\/wp-content\\\/uploads\\\/2022\\\/05\\\/IPA-Favicon.png\",\"width\":513,\"height\":513,\"caption\":\"IP Automation Inc\"},\"image\":{\"@id\":\"https:\\\/\\\/ipautomationinc.com\\\/#\\\/schema\\\/logo\\\/image\\\/\"},\"sameAs\":[\"https:\\\/\\\/www.facebook.com\\\/ipautomationinc\\\/\",\"https:\\\/\\\/www.linkedin.com\\\/company\\\/ip-automation-inc\\\/\",\"https:\\\/\\\/www.youtube.com\\\/@IPAutomation\"]}]}<\/script>\n<!-- \/ Yoast SEO plugin. -->","yoast_head_json":{"title":"3D-CNC-Drahtbieger der iS-Serie | IP Automation Inc","description":"Der 3D-CNC-Drahtbieger der iS-Serie ist ein intelligentes Arbeitstier. Vollelektrisches 6-Achsen-Design, bis zu 8 Biegeradien, 3D-Simulation.","robots":{"index":"index","follow":"follow","max-snippet":"max-snippet:-1","max-image-preview":"max-image-preview:large","max-video-preview":"max-video-preview:-1"},"canonical":"https:\/\/ipautomationinc.com\/de\/serie-i-s\/","og_locale":"de_DE","og_type":"article","og_title":"i-S Series 3D CNC Wire Bender | IP Automation Inc","og_description":"The i-S series 3D CNC wire bender is a smart workhorse. All-electric 6 axis design, up to 8 bending radii, 3d simulation.","og_url":"https:\/\/ipautomationinc.com\/de\/serie-i-s\/","og_site_name":"IP Automation Inc","article_publisher":"https:\/\/www.facebook.com\/ipautomationinc\/","article_modified_time":"2026-03-31T20:29:40+00:00","og_image":[{"url":"https:\/\/ipautomationinc.com\/wp-content\/uploads\/2023\/02\/i8-S-RGB-1.png","type":"","width":"","height":""}],"schema":{"@context":"https:\/\/schema.org","@graph":[{"@type":"WebPage","@id":"https:\/\/ipautomationinc.com\/i-s-series\/","url":"https:\/\/ipautomationinc.com\/i-s-series\/","name":"3D-CNC-Drahtbieger der iS-Serie | IP Automation Inc","isPartOf":{"@id":"https:\/\/ipautomationinc.com\/#website"},"primaryImageOfPage":{"@id":"https:\/\/ipautomationinc.com\/i-s-series\/#primaryimage"},"image":{"@id":"https:\/\/ipautomationinc.com\/i-s-series\/#primaryimage"},"thumbnailUrl":"https:\/\/ipautomationinc.com\/wp-content\/uploads\/2023\/02\/i8-S-RGB-1.png","datePublished":"2022-06-16T17:52:49+00:00","dateModified":"2026-03-31T20:29:40+00:00","description":"Der 3D-CNC-Drahtbieger der iS-Serie ist ein intelligentes Arbeitstier. Vollelektrisches 6-Achsen-Design, bis zu 8 Biegeradien, 3D-Simulation.","inLanguage":"de","potentialAction":[{"@type":"ReadAction","target":["https:\/\/ipautomationinc.com\/i-s-series\/"]}]},{"@type":"ImageObject","inLanguage":"de","@id":"https:\/\/ipautomationinc.com\/i-s-series\/#primaryimage","url":"https:\/\/ipautomationinc.com\/wp-content\/uploads\/2023\/02\/i8-S-RGB-1.png","contentUrl":"https:\/\/ipautomationinc.com\/wp-content\/uploads\/2023\/02\/i8-S-RGB-1.png"},{"@type":"WebSite","@id":"https:\/\/ipautomationinc.com\/#website","url":"https:\/\/ipautomationinc.com\/","name":"IP Automation Inc","description":"Konzept... Kreation... Realit\u00e4t...","publisher":{"@id":"https:\/\/ipautomationinc.com\/#organization"},"potentialAction":[{"@type":"SearchAction","target":{"@type":"EntryPoint","urlTemplate":"https:\/\/ipautomationinc.com\/?s={search_term_string}"},"query-input":{"@type":"PropertyValueSpecification","valueRequired":true,"valueName":"search_term_string"}}],"inLanguage":"de"},{"@type":"Organization","@id":"https:\/\/ipautomationinc.com\/#organization","name":"IP Automation Inc","url":"https:\/\/ipautomationinc.com\/","logo":{"@type":"ImageObject","inLanguage":"de","@id":"https:\/\/ipautomationinc.com\/#\/schema\/logo\/image\/","url":"https:\/\/ipautomationinc.com\/wp-content\/uploads\/2022\/05\/IPA-Favicon.png","contentUrl":"https:\/\/ipautomationinc.com\/wp-content\/uploads\/2022\/05\/IPA-Favicon.png","width":513,"height":513,"caption":"IP Automation Inc"},"image":{"@id":"https:\/\/ipautomationinc.com\/#\/schema\/logo\/image\/"},"sameAs":["https:\/\/www.facebook.com\/ipautomationinc\/","https:\/\/www.linkedin.com\/company\/ip-automation-inc\/","https:\/\/www.youtube.com\/@IPAutomation"]}]}},"_links":{"self":[{"href":"https:\/\/ipautomationinc.com\/de\/wp-json\/wp\/v2\/pages\/1227","targetHints":{"allow":["GET"]}}],"collection":[{"href":"https:\/\/ipautomationinc.com\/de\/wp-json\/wp\/v2\/pages"}],"about":[{"href":"https:\/\/ipautomationinc.com\/de\/wp-json\/wp\/v2\/types\/page"}],"author":[{"embeddable":true,"href":"https:\/\/ipautomationinc.com\/de\/wp-json\/wp\/v2\/users\/3"}],"replies":[{"embeddable":true,"href":"https:\/\/ipautomationinc.com\/de\/wp-json\/wp\/v2\/comments?post=1227"}],"version-history":[{"count":3,"href":"https:\/\/ipautomationinc.com\/de\/wp-json\/wp\/v2\/pages\/1227\/revisions"}],"predecessor-version":[{"id":39516,"href":"https:\/\/ipautomationinc.com\/de\/wp-json\/wp\/v2\/pages\/1227\/revisions\/39516"}],"wp:attachment":[{"href":"https:\/\/ipautomationinc.com\/de\/wp-json\/wp\/v2\/media?parent=1227"}],"curies":[{"name":"wp","href":"https:\/\/api.w.org\/{rel}","templated":true}]}}