{"id":122,"date":"2017-10-27T17:57:09","date_gmt":"2017-10-27T22:57:09","guid":{"rendered":"http:\/\/ipautomationinc.com\/?page_id=122"},"modified":"2025-06-03T16:36:10","modified_gmt":"2025-06-03T21:36:10","slug":"unterstutzung","status":"publish","type":"page","link":"https:\/\/ipautomationinc.com\/de\/support\/","title":{"rendered":"Unterst\u00fctzung"},"content":{"rendered":"<h6 class=\"wp-block-heading\"><strong>F\u00fcr Support kontaktieren Sie uns bitte per SMS unter (630)376-9903, per E-Mail an support@ipautomationinc.com oder per Nachricht. Remote-Support. Wir sind f\u00fcr Sie da. Ersatzteile. Dokumentation. After-Sales-Support.<\/strong><\/h6>\n\n\n\n<p><span class=\"builder2seo\"><\/span><h3>F\u00fcr Unterst\u00fctzung k\u00f6nnen Sie eine SMS an unsere Support-Hotline unter (630)-376-9903 senden.<\/h3><br><br><hr class=\"no_line\" style=\"margin: 0 auto 0px auto\"\/>\n<br><br><h3><span>Senden Sie uns eine E-Mail direkt an support@ipautomationinc.com<\/span><\/h3><br><br><hr class=\"no_line\" style=\"margin: 0 auto 0px auto\"\/>\n<br><br><h3><span>oder <\/span>Senden Sie uns \u00fcber das untenstehende Formular eine Nachricht.<\/h3><br>no-repeat;links oben;;<br>Auto<br><br><p class=\"wpcf7-contact-form-not-found\"><strong>Fehler:<\/strong> Kontaktformular wurde nicht gefunden.<\/p><br><br><h3>Unterst\u00fctzung f\u00fcr Remote-Konnektivit\u00e4t<\/h3><br><br><h6>Wenn Sie eine Drahtformmaschine von IP Automation besitzen, k\u00f6nnen wir \u00fcber eine Ethernet-Verbindung eine Verbindung zu Ihrer Maschine herstellen, um sowohl Software- als auch Hardwareprobleme zu beheben. Rufen Sie uns einfach an oder schreiben Sie uns eine E-Mail und wir begleiten Sie durch den Prozess.<\/h6><br><br><br><br><h3>Wir greifen zum Telefon<\/h3><br><br><h6>Wenn Ihr Problem zu komplex ist, um es uns per E-Mail zu erkl\u00e4ren, rufen Sie uns bei Fragen oder Serviceproblemen gerne unter der Nummer 630-656-1215 an. Wir bieten Ihnen reaktionsschnellen Support ohne Umwege.<\/h6><br><br><br><br><h3>Wir k\u00f6nnen dabei sein<\/h3><br><br><h6>F\u00fcr die Wartung und Reparatur vor Ort stehen Ihnen unsere Servicetechniker zur Verf\u00fcgung. Unsere Techniker f\u00fchren au\u00dferdem Installationen durch, f\u00fchren Abnahmetests vor Ort durch und f\u00fchren Schulungen durch.<\/h6><br><br><br><br><h3>Ersatzteile<\/h3><br><br><h6>Wir haben den Gro\u00dfteil der Ersatzteile, die unsere Kunden ben\u00f6tigen, auf Lager. Wir stellen Ihnen sogar Zeichnungsdateien f\u00fcr kundenspezifische Werkzeuge zur Verf\u00fcgung, damit Sie im Handumdrehen Ihre eigenen erstellen k\u00f6nnen. Zur einfachen Identifizierung gravieren wir die Ersatzteilnummern per Laser auf die Ersatzteile.<\/h6><br><br><br><br><h3>Dokumentation<\/h3><br><br><h6>Die Dokumentation kann verloren gehen. Geben Sie einfach das Maschinenmodell und die Seriennummer an und verwenden Sie das Kontaktformular oben.<\/h6><br><br><br><br><h3>Kundendienst<\/h3><br><br><h6>Unser After-Sales-Support umfasst Schulungen f\u00fcr Bediener und Techniker, eine vollst\u00e4ndige St\u00fcckliste aller wichtigen Komponenten, Standardarbeitsanweisungen und Richtlinien zur Fehlerbehebung. Dar\u00fcber hinaus bieten wir personalisierten Support f\u00fcr alle Ihre Bediener und Ingenieure, um eine reibungslose Inbetriebnahme Ihres Projekts und eine reibungslose Projektlaufzeit sicherzustellen.<\/h6><br><br><br>no-repeat;links oben;;<br>Auto<br><br><p class=\"wpcf7-contact-form-not-found\"><strong>Fehler:<\/strong> Kontaktformular wurde nicht gefunden.<\/p><br>no-repeat;links oben;;<br>Auto<br>Laptop verstecken Tablet verstecken<br><br><\/p>","protected":false},"excerpt":{"rendered":"<p>For support please text our support line at (630)376-9903, email us directly at support@ipautomationinc.com or send us a message. Remote<span class=\"excerpt-hellip\"> [\u2026]<\/span><\/p>\n","protected":false},"author":3,"featured_media":0,"parent":0,"menu_order":0,"comment_status":"open","ping_status":"closed","template":"","meta":{"footnotes":""},"class_list":["post-122","page","type-page","status-publish","hentry"],"yoast_head":"<!-- This site is optimized with the Yoast SEO plugin v27.3 - https:\/\/yoast.com\/product\/yoast-seo-wordpress\/ -->\n<title>Support | IP Automation Inc<\/title>\n<meta name=\"description\" content=\"Need support for your wire bending machine? Give us a call or email us with any questions you may have.\" \/>\n<meta name=\"robots\" content=\"index, follow, max-snippet:-1, max-image-preview:large, max-video-preview:-1\" \/>\n<link rel=\"canonical\" href=\"https:\/\/ipautomationinc.com\/de\/unterstutzung\/\" \/>\n<meta property=\"og:locale\" content=\"de_DE\" \/>\n<meta property=\"og:type\" content=\"article\" \/>\n<meta property=\"og:title\" content=\"Support | IP Automation Inc\" \/>\n<meta property=\"og:description\" content=\"Need support for your wire bending machine? Give us a call or email us with any questions you may have.\" \/>\n<meta property=\"og:url\" content=\"https:\/\/ipautomationinc.com\/de\/unterstutzung\/\" \/>\n<meta property=\"og:site_name\" content=\"IP Automation Inc\" \/>\n<meta property=\"article:publisher\" content=\"https:\/\/www.facebook.com\/ipautomationinc\/\" \/>\n<meta property=\"article:modified_time\" content=\"2025-06-03T21:36:10+00:00\" \/>\n<script type=\"application\/ld+json\" class=\"yoast-schema-graph\">{\"@context\":\"https:\\\/\\\/schema.org\",\"@graph\":[{\"@type\":\"WebPage\",\"@id\":\"https:\\\/\\\/ipautomationinc.com\\\/support\\\/\",\"url\":\"https:\\\/\\\/ipautomationinc.com\\\/support\\\/\",\"name\":\"Support | IP Automation Inc\",\"isPartOf\":{\"@id\":\"https:\\\/\\\/ipautomationinc.com\\\/#website\"},\"datePublished\":\"2017-10-27T22:57:09+00:00\",\"dateModified\":\"2025-06-03T21:36:10+00:00\",\"description\":\"Need support for your wire bending machine? Give us a call or email us with any questions you may have.\",\"inLanguage\":\"de\",\"potentialAction\":[{\"@type\":\"ReadAction\",\"target\":[\"https:\\\/\\\/ipautomationinc.com\\\/support\\\/\"]}]},{\"@type\":\"WebSite\",\"@id\":\"https:\\\/\\\/ipautomationinc.com\\\/#website\",\"url\":\"https:\\\/\\\/ipautomationinc.com\\\/\",\"name\":\"IP Automation Inc\",\"description\":\"Concept... Creation... Reality...\",\"publisher\":{\"@id\":\"https:\\\/\\\/ipautomationinc.com\\\/#organization\"},\"potentialAction\":[{\"@type\":\"SearchAction\",\"target\":{\"@type\":\"EntryPoint\",\"urlTemplate\":\"https:\\\/\\\/ipautomationinc.com\\\/?s={search_term_string}\"},\"query-input\":{\"@type\":\"PropertyValueSpecification\",\"valueRequired\":true,\"valueName\":\"search_term_string\"}}],\"inLanguage\":\"de\"},{\"@type\":\"Organization\",\"@id\":\"https:\\\/\\\/ipautomationinc.com\\\/#organization\",\"name\":\"IP Automation Inc\",\"url\":\"https:\\\/\\\/ipautomationinc.com\\\/\",\"logo\":{\"@type\":\"ImageObject\",\"inLanguage\":\"de\",\"@id\":\"https:\\\/\\\/ipautomationinc.com\\\/#\\\/schema\\\/logo\\\/image\\\/\",\"url\":\"https:\\\/\\\/ipautomationinc.com\\\/wp-content\\\/uploads\\\/2022\\\/05\\\/IPA-Favicon.png\",\"contentUrl\":\"https:\\\/\\\/ipautomationinc.com\\\/wp-content\\\/uploads\\\/2022\\\/05\\\/IPA-Favicon.png\",\"width\":513,\"height\":513,\"caption\":\"IP Automation Inc\"},\"image\":{\"@id\":\"https:\\\/\\\/ipautomationinc.com\\\/#\\\/schema\\\/logo\\\/image\\\/\"},\"sameAs\":[\"https:\\\/\\\/www.facebook.com\\\/ipautomationinc\\\/\",\"https:\\\/\\\/www.linkedin.com\\\/company\\\/ip-automation-inc\\\/\",\"https:\\\/\\\/www.youtube.com\\\/@IPAutomation\"]}]}<\/script>\n<!-- \/ Yoast SEO plugin. -->","yoast_head_json":{"title":"Unterst\u00fctzung | IP Automation Inc","description":"Ben\u00f6tigen Sie Unterst\u00fctzung f\u00fcr Ihre Drahtbiegemaschine? Rufen Sie uns an oder schreiben Sie uns eine E-Mail, wenn Sie Fragen haben.","robots":{"index":"index","follow":"follow","max-snippet":"max-snippet:-1","max-image-preview":"max-image-preview:large","max-video-preview":"max-video-preview:-1"},"canonical":"https:\/\/ipautomationinc.com\/de\/unterstutzung\/","og_locale":"de_DE","og_type":"article","og_title":"Support | IP Automation Inc","og_description":"Need support for your wire bending machine? Give us a call or email us with any questions you may have.","og_url":"https:\/\/ipautomationinc.com\/de\/unterstutzung\/","og_site_name":"IP Automation Inc","article_publisher":"https:\/\/www.facebook.com\/ipautomationinc\/","article_modified_time":"2025-06-03T21:36:10+00:00","schema":{"@context":"https:\/\/schema.org","@graph":[{"@type":"WebPage","@id":"https:\/\/ipautomationinc.com\/support\/","url":"https:\/\/ipautomationinc.com\/support\/","name":"Unterst\u00fctzung | IP Automation Inc","isPartOf":{"@id":"https:\/\/ipautomationinc.com\/#website"},"datePublished":"2017-10-27T22:57:09+00:00","dateModified":"2025-06-03T21:36:10+00:00","description":"Ben\u00f6tigen Sie Unterst\u00fctzung f\u00fcr Ihre Drahtbiegemaschine? Rufen Sie uns an oder schreiben Sie uns eine E-Mail, wenn Sie Fragen haben.","inLanguage":"de","potentialAction":[{"@type":"ReadAction","target":["https:\/\/ipautomationinc.com\/support\/"]}]},{"@type":"WebSite","@id":"https:\/\/ipautomationinc.com\/#website","url":"https:\/\/ipautomationinc.com\/","name":"IP Automation Inc","description":"Konzept... Kreation... Realit\u00e4t...","publisher":{"@id":"https:\/\/ipautomationinc.com\/#organization"},"potentialAction":[{"@type":"SearchAction","target":{"@type":"EntryPoint","urlTemplate":"https:\/\/ipautomationinc.com\/?s={search_term_string}"},"query-input":{"@type":"PropertyValueSpecification","valueRequired":true,"valueName":"search_term_string"}}],"inLanguage":"de"},{"@type":"Organization","@id":"https:\/\/ipautomationinc.com\/#organization","name":"IP Automation Inc","url":"https:\/\/ipautomationinc.com\/","logo":{"@type":"ImageObject","inLanguage":"de","@id":"https:\/\/ipautomationinc.com\/#\/schema\/logo\/image\/","url":"https:\/\/ipautomationinc.com\/wp-content\/uploads\/2022\/05\/IPA-Favicon.png","contentUrl":"https:\/\/ipautomationinc.com\/wp-content\/uploads\/2022\/05\/IPA-Favicon.png","width":513,"height":513,"caption":"IP Automation Inc"},"image":{"@id":"https:\/\/ipautomationinc.com\/#\/schema\/logo\/image\/"},"sameAs":["https:\/\/www.facebook.com\/ipautomationinc\/","https:\/\/www.linkedin.com\/company\/ip-automation-inc\/","https:\/\/www.youtube.com\/@IPAutomation"]}]}},"_links":{"self":[{"href":"https:\/\/ipautomationinc.com\/de\/wp-json\/wp\/v2\/pages\/122","targetHints":{"allow":["GET"]}}],"collection":[{"href":"https:\/\/ipautomationinc.com\/de\/wp-json\/wp\/v2\/pages"}],"about":[{"href":"https:\/\/ipautomationinc.com\/de\/wp-json\/wp\/v2\/types\/page"}],"author":[{"embeddable":true,"href":"https:\/\/ipautomationinc.com\/de\/wp-json\/wp\/v2\/users\/3"}],"replies":[{"embeddable":true,"href":"https:\/\/ipautomationinc.com\/de\/wp-json\/wp\/v2\/comments?post=122"}],"version-history":[{"count":1,"href":"https:\/\/ipautomationinc.com\/de\/wp-json\/wp\/v2\/pages\/122\/revisions"}],"predecessor-version":[{"id":37720,"href":"https:\/\/ipautomationinc.com\/de\/wp-json\/wp\/v2\/pages\/122\/revisions\/37720"}],"wp:attachment":[{"href":"https:\/\/ipautomationinc.com\/de\/wp-json\/wp\/v2\/media?parent=122"}],"curies":[{"name":"wp","href":"https:\/\/api.w.org\/{rel}","templated":true}]}}