{"id":1161,"date":"2022-06-01T14:10:28","date_gmt":"2022-06-01T19:10:28","guid":{"rendered":"https:\/\/ipautomationinc.com\/?page_id=1161"},"modified":"2026-03-27T13:27:01","modified_gmt":"2026-03-27T18:27:01","slug":"serie-i-sc","status":"publish","type":"page","link":"https:\/\/ipautomationinc.com\/de\/i-sc-series\/","title":{"rendered":"CNC-Drahtbiegemaschine der i-SC-Serie"},"content":{"rendered":"<h6 class=\"wp-block-heading\"><strong>The i-SC series 3D CNC wire bender is a powerhouse of value. It features an all-electric bending and cutting design using the same precision feed mechanisms, Intellibend software with 3D simulation and an incredible list of features you&#8217;ll find on our more advanced machines.<\/strong><\/h6>\n\n\n\n<p><\/p>\n\n\n\n<p><span class=\"builder2seo\"><\/span>Kompakter CNC-Drahtbieger mit einem Kopf<br><br>i-SC-Serie<br><br><img decoding=\"async\" src=\"https:\/\/ipautomationinc.com\/wp-content\/uploads\/2025\/09\/i8-SC-RGB.png#38241\" alt=\"i8-SC RGB\"><br>i-SC CNC-Drahtformer<br>400 Pixel<br><br>Klicken Sie hier f\u00fcr das Video<br><a href=\"https:\/\/ipautomationinc.com\/de\/serie-i-sc\/#video\">https:\/\/ipautomationinc.com\/i-sc-series\/#video<\/a><br>fas fa-spielkreis<br>Schaltfl\u00e4chenthema<br><br>Klicken Sie hier f\u00fcr den Flyer als PDF<br><a href=\"https:\/\/ipautomationinc.com\/wp-content\/uploads\/2025\/09\/2025-i-SC-Flyer.pdf\">https:\/\/ipautomationinc.com\/wp-content\/uploads\/2025\/09\/2025-i-SC-Flyer.pdf<\/a><br>fas fa-Datei-pdf<br>Schaltfl\u00e4chenthema<br>https:\/\/ipautomationinc.com\/wp-content\/uploads\/2025\/09\/2025-i-SC-Flyer.pdf<br><br>261,260,262,251,246<br>#0455B3<br>3px 3px 3px 3px<br><br><h4>The i-SC series 3D CNC wire bender is a powerhouse of value. It features an all-electric bending and cutting design using the same precision feed mechanisms, Intellibend software with 3D simulation and an incredible list of features you\\&#8217;ll find on our more advanced machines.You will make quick work of common wire forms and immediately appreciate the refined details of this thoughtfully engineered machine and user-friendly design.The i-SC series CNC wire bender is an affordable performer, designed for low maintenance, easy setup and long term durability.<\/h4><br><br><h3>Anwendungen<\/h3><h4>Perfekt f\u00fcr POP-Display-Komponenten, Ger\u00e4teindustrie, Clips, Halter, Haken, Federn, Kleiderb\u00fcgel, Verbindungsst\u00fccke, Baumschulk\u00f6rbe.<\/h4><br>#EBEBEB<br><br><img decoding=\"async\" src=\"https:\/\/ipautomationinc.com\/wp-content\/uploads\/2025\/09\/i8-SC-RGB.png#38241\" alt=\"i8-SC RGB\"><br><br>Klicken Sie hier f\u00fcr das Video<br><a href=\"https:\/\/ipautomationinc.com\/de\/serie-i-sc\/#video\">https:\/\/ipautomationinc.com\/i-sc-series\/#video<\/a><br>fas fa-spielkreis<br>Schaltfl\u00e4chenthema<br><br>Klicken Sie hier f\u00fcr den Flyer als PDF<br><a href=\"https:\/\/ipautomationinc.com\/wp-content\/uploads\/2025\/09\/2025-i-SC-Flyer.pdf\">https:\/\/ipautomationinc.com\/wp-content\/uploads\/2025\/09\/2025-i-SC-Flyer.pdf<\/a><br>fas fa-Datei-pdf<br>Schaltfl\u00e4chenthema<br>https:\/\/ipautomationinc.com\/wp-content\/uploads\/2025\/09\/2025-i-SC-Flyer.pdf<br><br>261,260,262,251,246<br>#0455B3<br>3px 3px 3px 3px<br>Brauch<br>80%<br><br><h4>The i-SC series 3D CNC wire bender is a powerhouse of value. It features an all-electric bending and cutting design using the same precision feed mechanisms, Intellibend software with 3D Simulation and an incredible list of features you\\&#8217;ll find on our more advanced machines.You will make quick work of common wire forms and immediately appreciate the refined details of this thoughtfully engineered machine and user-friendly design.The i-SC series CNC wire bender is an affordable performer, designed for low maintenance, easy setup and long term durability.<\/h4><br><br><h3>Anwendungen<\/h3><h4>Perfekt f\u00fcr POP-Display-Komponenten, Ger\u00e4teindustrie, Clips, Halter, Haken, Federn, Kleiderb\u00fcgel, Verbindungsst\u00fccke, Baumschulk\u00f6rbe.<\/h4><br>#EBEBEB<br><br><br>Medien<br><br>;C;;<br><br>i6-SC Video<br><a href=\"https:\/\/player.vimeo.com\/video\/799206818\">https:\/\/player.vimeo.com\/video\/799206818<\/a><br>Leuchtkasten<br>Schaltfl\u00e4chenthema<br>exit-mfn-popup<br><br>37051,1326,1208,1204,37052<br><br><br>Merkmale<br><br>Biegen<br>Programmierung<br>Einzelheiten<br>Maschinenlayout<br><br><br>\t4 Servo Axes: X &#8211; feed, Y &#8211; bend, Z &#8211; arm rotation, + 1 combined servo cutter and bend head height<br><br><br><br>\tDas Mittelwerkzeug hat eine feste Position und bietet dank der servoverstellbaren Biegekopfh\u00f6he die M\u00f6glichkeit, zwei symmetrische Radien zu erzeugen. Das Mittelwerkzeug kann manuell gedreht werden, um zwei zus\u00e4tzliche Radien auf der gegen\u00fcberliegenden Seite desselben Werkzeugs zu erzeugen.<br><br><br><br>Unsere Zwei-Stift-Biegemethode leitet abwechselnde Biegungen mit der doppelten Geschwindigkeit ein wie Einzelstift-Bieger.<br><br><br><br>Kundenspezifische Werkzeugoptionen und Ringschneidewerkzeuge verf\u00fcgbar.<br><br><br><br>IP-Automatisierungsingenieure und CNC-Bearbeiter fertigen alle Biegek\u00f6pfe, Schneidger\u00e4te und Drahtvorschubrollen im eigenen Haus zu angemessenen Kosten und mit schneller Bearbeitungszeit.<br><br><br><br><br>\t<a href=\"https:\/\/ipautomationinc.com\/de\/maschinenfahigkeiten\/\"><span>Intellibend-Software<\/span> <\/a> auf dem Betriebssystem Windows 10 mit 3D-Simulation<br><br><br><br>      CNC-Programmformat L\u00e4nge-Rotation-Winkel<br><br><br><br>      Produktions-Dashboard mit Echtzeit-Raten- und Batch-Programmierung<br><br><br><br>      18,5\u2033 Multi-Touchscreen<br><br><br><br>      Remote-Konnektivit\u00e4t \u00fcber VPN-Tunnel<br><br>      OPC-UA-Protokoll f\u00fcr Industrie 4.0<br><br><br><br>      Benutzerdefinierte I\/O-Funktionen verf\u00fcgbar<br><br>\t<br><br><br>Drahtabwickelkapazit\u00e4t mit Linearbewegungsarm: 3000 lbs. im Lieferumfang enthalten (4500 lbs. Option verf\u00fcgbar)<br><br>7\u2032 (2,13 m) Sicherheitsk\u00e4fig mit Sicherheitsverriegelungst\u00fcr<br><br>Dual-Plane-Drahtrichtger\u00e4t mit gro\u00dfer Reichweite<br><br>Alle Vorschub- und Biegeantriebssysteme verf\u00fcgen \u00fcber geh\u00e4rtete Zahnr\u00e4der und sind vollst\u00e4ndig gekapselt.<br><br>Schnell umklappbare, geh\u00e4rtete Vorschubrollen f\u00fcr 2 Drahtgr\u00f6\u00dfen<br><br>Linearencoder am Drahtvorschub f\u00fcr Genauigkeit und Schlupferkennung<br><br>Nachschleifbare Schneidwerkzeugoberfl\u00e4che<br><br>Schulung vor Ort m\u00f6glich<br><br>Roboterintegrationsf\u00e4hig<br><br><br><div class=\"image_frame image_item scale-with-grid element_classes aligncenter no_border hover-disable mfn-img-box\"  role=\"link\" aria-label=\"Bild mit Links\" tabindex=\"0\"><div class=\"image_wrapper\"><a href=\"https:\/\/ipautomationinc.com\/wp-content\/uploads\/2022\/06\/i6-SC-layout.jpg\" rel=\"prettyphoto\"   class=\"\"  tabindex=\"-1\" title=\"\"><div class=\"mask\"><\/div><img decoding=\"async\" class=\"scale-with-grid\" src=\"https:\/\/ipautomationinc.com\/wp-content\/uploads\/2022\/06\/i6-SC-layout.jpg\" fetchpriority=\"high\" alt=\"i6-SC-Layout\" title=\"\" width=\"300\" height=\"886\" style=\"\"\/><\/a><div class=\"image_links\"><a href=\"https:\/\/ipautomationinc.com\/wp-content\/uploads\/2022\/06\/i6-SC-layout.jpg\" class=\"zoom\" rel=\"prettyphoto\" tabindex=\"-1\" aria-label=\"Bild vergr\u00f6\u00dfern\" title=\"\"><svg viewbox=\"0 0 26 26\"><defs><style>.path{fill:none;stroke:#333;stroke-miterlimit:10;stroke-width:1.5px;}<\/style><\/defs><circle cx=\"11.35\" cy=\"11.35\" r=\"6\" class=\"path\"\/><line x1=\"15.59\" y1=\"15.59\" x2=\"20.65\" y2=\"20.65\" class=\"path\"\/><\/svg><\/a><\/div><\/div><\/div>\n<br>#EBEBEB<br>#222222<br><br><br>Spezifikationen<br><br><br><br><p>*Der minimale und maximale Durchmesser wird durch die Zugfestigkeit des Drahtes beeinflusst. Kontaktieren Sie uns zur Kl\u00e4rung des Min\/Max-Bereichs f\u00fcr Ihren Kabeltyp.<\/p><br><br><br>Maschinenoptionen<br><br>Intelligente Robotik<br>mit ma\u00dfgeschneidertem EOAT<br><img decoding=\"async\" src=\"https:\/\/ipautomationinc.com\/wp-content\/uploads\/2022\/06\/machine-options_robot.png\" alt=\"machine-options_robot\"><br><a href=\"https:\/\/ipautomationinc.com\/de\/zubehor\/robotik\/\">https:\/\/ipautomationinc.com\/accessories\/robotics\/<\/a><br>Kastenma\u00dfstab<br>70%<br>#000000<br><br>iFM-Bearbeitungszentrum<br><img decoding=\"async\" src=\"https:\/\/ipautomationinc.com\/wp-content\/uploads\/2023\/11\/ifm-icon-1.png#35422\" alt=\"ifm-Symbol\"><br><a href=\"https:\/\/ipautomationinc.com\/de\/zubehor\/bearbeitungszentrum\/\">https:\/\/ipautomationinc.com\/accessories\/machining-center\/<\/a><br>Kastenma\u00dfstab<br>70%<br><br>Fasen-\/Bohrstation<br><img decoding=\"async\" src=\"https:\/\/ipautomationinc.com\/wp-content\/uploads\/2024\/08\/chamfer-drill.png#36736\" alt=\"Fasenbohrer\"><br><a href=\"https:\/\/ipautomationinc.com\/de\/zubehor\/fasenbohrer\/\">https:\/\/ipautomationinc.com\/accessories\/chamfer-drill\/<\/a><br>Kastenma\u00dfstab<br>70%<br><br>iBW-45 Stumpfschwei\u00dfger\u00e4t<br>mit rotierender Schwei\u00dfnaht<br><img decoding=\"async\" src=\"https:\/\/ipautomationinc.com\/wp-content\/uploads\/2025\/08\/machine-options_iBW-45.png#38050\" alt=\"machine-options_iBW-45\"><br><a href=\"https:\/\/ipautomationinc.com\/de\/zubehor\/automatisierte-schweisgerate\/\">https:\/\/ipautomationinc.com\/accessories\/automated-welders\/<\/a><br>Kastenma\u00dfstab<br>70%<br>#000000<br><br>Sichtpr\u00fcfung<br><img decoding=\"async\" src=\"https:\/\/ipautomationinc.com\/wp-content\/uploads\/2022\/06\/machine-options_vision-inspection-closeup.png\" alt=\"machine-options_vision-inspection-closeup\"><br>Kastenma\u00dfstab<br>70%<br><br>L\u00f6sungen f\u00fcr die Teilehandhabung<br><img decoding=\"async\" src=\"https:\/\/ipautomationinc.com\/wp-content\/uploads\/2022\/06\/machine-options_rack-option.png\" alt=\"machine-options_rack-option\"><br>Kastenma\u00dfstab<br>70%<br><br>Servopresse<br><img decoding=\"async\" src=\"https:\/\/ipautomationinc.com\/wp-content\/uploads\/2022\/06\/machine-options_servo-press.png\" alt=\"machine-options_servo-press\"><br>Kastenma\u00dfstab<br>70%<br><br>Kalter Header<br><img decoding=\"async\" src=\"https:\/\/ipautomationinc.com\/wp-content\/uploads\/2022\/06\/machine-options_cold-heading.png\" alt=\"machine-options_cold-heading\"><br>Kastenma\u00dfstab<br>70%<br><br>Holen Sie sich jetzt die Preise!<br>icon-forward<br><a href=\"https:\/\/ipautomationinc.com\/de\/kontaktiere-uns\/#form\">https:\/\/ipautomationinc.com\/contact-us\/#form<\/a><br>50px<br><br>Andere CNC-Drahtbiegemaschinen<br><br><h4>i-S\u00b2-Serie<\/h4><br><br><p><hr class=\"no_line\" style=\"margin: 0 auto 0px auto\"\/>\n <a href=\"https:\/\/ipautomationinc.com\/de\/serie-i-s-suadrat\/\"> <img decoding=\"async\" src=\"https:\/\/ipautomationinc.com\/wp-content\/uploads\/2024\/08\/i10-S\u00b2-rgb.png\" alt=\"i-S\u00b2 CNC-Drahtformer\"> <\/a> <hr class=\"no_line\" style=\"margin: 0 auto 0px auto\"\/>\n<\/p><br><br><p>Die S\u00b2-Serie erweitert die S-Serie 2\u201313 mm um die Vielseitigkeit eines Doppelrevolvers und die F\u00e4higkeit zum Biegen von Rohren<\/p><br><br><a class=\"mfn-link mfn-link-1\" href=\"\" style=\"\" data-hover=\"\"   ><span data-hover=\"\"><\/span><\/a><br>no-repeat;links oben;;<br>Auto<br><br><h4>i-S\u00b2-P-Serie<\/h4><br><br><p><hr class=\"no_line\" style=\"margin: 0 auto 0px auto\"\/>\n <a href=\"https:\/\/ipautomationinc.com\/de\/serie-i-s-suadrat-p\/\"> <img decoding=\"async\" src=\"https:\/\/ipautomationinc.com\/wp-content\/uploads\/2026\/02\/i10-S\u00b2-P-Single-Piece-3D-CNC-Wire-Bender.png\" alt=\"i-S\u00b2-P Einzelst\u00fcck-CNC-Drahtformer\"> <\/a> <hr class=\"no_line\" style=\"margin: 0 auto 0px auto\"\/>\n<\/p><br><br><p>Die S\u00b2-P-Serie wurde entwickelt, um die Bearbeitung anspruchsvoller Drahtformen von 2,5 bis 13 mm problemlos zu bew\u00e4ltigen.<\/p><br><br><a class=\"mfn-link mfn-link-1\" href=\"\" style=\"\" data-hover=\"\"   ><span data-hover=\"\"><\/span><\/a><br>no-repeat;links oben;;<br>Auto<br><br><h4>i-S-Serie<\/h4><br><br><p><hr class=\"no_line\" style=\"margin: 0 auto 0px auto\"\/>\n <a href=\"https:\/\/ipautomationinc.com\/de\/serie-i-s\/\"> <img decoding=\"async\" src=\"https:\/\/ipautomationinc.com\/wp-content\/uploads\/2023\/02\/i8-S-RGB-1.png\" alt=\"iS CNC-Drahtformer\"> <\/a> <hr class=\"no_line\" style=\"margin: 0 auto 0px auto\"\/>\n<\/p><br><br><p>Die S-Serie ist ein Pr\u00e4zisionsarbeitstier f\u00fcr 3D-Drahtformen von 2\u201316 mm<\/p><br><br><a class=\"mfn-link mfn-link-1\" href=\"\" style=\"\" data-hover=\"\"   ><span data-hover=\"\"><\/span><\/a><br>no-repeat;links oben;;<br>Auto<br><br><\/p>","protected":false},"excerpt":{"rendered":"<p>The i-SC series 3D CNC wire bender is a powerhouse of value. It features an all-electric bending and cutting design<span class=\"excerpt-hellip\"> [\u2026]<\/span><\/p>\n","protected":false},"author":3,"featured_media":0,"parent":0,"menu_order":0,"comment_status":"closed","ping_status":"closed","template":"","meta":{"footnotes":""},"class_list":["post-1161","page","type-page","status-publish","hentry"],"yoast_head":"<!-- This site is optimized with the Yoast SEO plugin v27.3 - https:\/\/yoast.com\/product\/yoast-seo-wordpress\/ -->\n<title>i-SC Series CNC Wire Bender | IP Automation Inc<\/title>\n<meta name=\"description\" content=\"The i-SC series 3D CNC wire bender is an affordable performer, designed for low maintenance, easy setup and long term durability.\" \/>\n<meta name=\"robots\" content=\"index, follow, max-snippet:-1, max-image-preview:large, max-video-preview:-1\" \/>\n<link rel=\"canonical\" href=\"https:\/\/ipautomationinc.com\/de\/serie-i-sc\/\" \/>\n<meta property=\"og:locale\" content=\"de_DE\" \/>\n<meta property=\"og:type\" content=\"article\" \/>\n<meta property=\"og:title\" content=\"i-SC Series CNC Wire Bender | IP Automation Inc\" \/>\n<meta property=\"og:description\" content=\"The i-SC series 3D CNC wire bender is an affordable performer, designed for low maintenance, easy setup and long term durability.\" \/>\n<meta property=\"og:url\" content=\"https:\/\/ipautomationinc.com\/de\/serie-i-sc\/\" \/>\n<meta property=\"og:site_name\" content=\"IP Automation Inc\" \/>\n<meta property=\"article:publisher\" content=\"https:\/\/www.facebook.com\/ipautomationinc\/\" \/>\n<meta property=\"article:modified_time\" content=\"2026-03-27T18:27:01+00:00\" \/>\n<meta property=\"og:image\" content=\"https:\/\/ipautomationinc.com\/wp-content\/uploads\/2025\/09\/i8-SC-RGB.png#38241\" \/>\n<script type=\"application\/ld+json\" class=\"yoast-schema-graph\">{\"@context\":\"https:\\\/\\\/schema.org\",\"@graph\":[{\"@type\":\"WebPage\",\"@id\":\"https:\\\/\\\/ipautomationinc.com\\\/i-sc-series\\\/\",\"url\":\"https:\\\/\\\/ipautomationinc.com\\\/i-sc-series\\\/\",\"name\":\"i-SC Series CNC Wire Bender | IP Automation Inc\",\"isPartOf\":{\"@id\":\"https:\\\/\\\/ipautomationinc.com\\\/#website\"},\"primaryImageOfPage\":{\"@id\":\"https:\\\/\\\/ipautomationinc.com\\\/i-sc-series\\\/#primaryimage\"},\"image\":{\"@id\":\"https:\\\/\\\/ipautomationinc.com\\\/i-sc-series\\\/#primaryimage\"},\"thumbnailUrl\":\"https:\\\/\\\/ipautomationinc.com\\\/wp-content\\\/uploads\\\/2025\\\/09\\\/i8-SC-RGB.png#38241\",\"datePublished\":\"2022-06-01T19:10:28+00:00\",\"dateModified\":\"2026-03-27T18:27:01+00:00\",\"description\":\"The i-SC series 3D CNC wire bender is an affordable performer, designed for low maintenance, easy setup and long term durability.\",\"inLanguage\":\"de\",\"potentialAction\":[{\"@type\":\"ReadAction\",\"target\":[\"https:\\\/\\\/ipautomationinc.com\\\/i-sc-series\\\/\"]}]},{\"@type\":\"ImageObject\",\"inLanguage\":\"de\",\"@id\":\"https:\\\/\\\/ipautomationinc.com\\\/i-sc-series\\\/#primaryimage\",\"url\":\"https:\\\/\\\/ipautomationinc.com\\\/wp-content\\\/uploads\\\/2025\\\/09\\\/i8-SC-RGB.png#38241\",\"contentUrl\":\"https:\\\/\\\/ipautomationinc.com\\\/wp-content\\\/uploads\\\/2025\\\/09\\\/i8-SC-RGB.png#38241\"},{\"@type\":\"WebSite\",\"@id\":\"https:\\\/\\\/ipautomationinc.com\\\/#website\",\"url\":\"https:\\\/\\\/ipautomationinc.com\\\/\",\"name\":\"IP Automation Inc\",\"description\":\"Concept... Creation... Reality...\",\"publisher\":{\"@id\":\"https:\\\/\\\/ipautomationinc.com\\\/#organization\"},\"potentialAction\":[{\"@type\":\"SearchAction\",\"target\":{\"@type\":\"EntryPoint\",\"urlTemplate\":\"https:\\\/\\\/ipautomationinc.com\\\/?s={search_term_string}\"},\"query-input\":{\"@type\":\"PropertyValueSpecification\",\"valueRequired\":true,\"valueName\":\"search_term_string\"}}],\"inLanguage\":\"de\"},{\"@type\":\"Organization\",\"@id\":\"https:\\\/\\\/ipautomationinc.com\\\/#organization\",\"name\":\"IP Automation Inc\",\"url\":\"https:\\\/\\\/ipautomationinc.com\\\/\",\"logo\":{\"@type\":\"ImageObject\",\"inLanguage\":\"de\",\"@id\":\"https:\\\/\\\/ipautomationinc.com\\\/#\\\/schema\\\/logo\\\/image\\\/\",\"url\":\"https:\\\/\\\/ipautomationinc.com\\\/wp-content\\\/uploads\\\/2022\\\/05\\\/IPA-Favicon.png\",\"contentUrl\":\"https:\\\/\\\/ipautomationinc.com\\\/wp-content\\\/uploads\\\/2022\\\/05\\\/IPA-Favicon.png\",\"width\":513,\"height\":513,\"caption\":\"IP Automation Inc\"},\"image\":{\"@id\":\"https:\\\/\\\/ipautomationinc.com\\\/#\\\/schema\\\/logo\\\/image\\\/\"},\"sameAs\":[\"https:\\\/\\\/www.facebook.com\\\/ipautomationinc\\\/\",\"https:\\\/\\\/www.linkedin.com\\\/company\\\/ip-automation-inc\\\/\",\"https:\\\/\\\/www.youtube.com\\\/@IPAutomation\"]}]}<\/script>\n<!-- \/ Yoast SEO plugin. -->","yoast_head_json":{"title":"CNC-Drahtbiegemaschine der i-SC-Serie | IP Automation Inc","description":"Die 3D-CNC-Drahtbiegemaschine der i-SC-Serie ist ein preiswertes und leistungsstarkes Ger\u00e4t, das auf geringen Wartungsaufwand, einfache Einrichtung und lange Haltbarkeit ausgelegt ist.","robots":{"index":"index","follow":"follow","max-snippet":"max-snippet:-1","max-image-preview":"max-image-preview:large","max-video-preview":"max-video-preview:-1"},"canonical":"https:\/\/ipautomationinc.com\/de\/serie-i-sc\/","og_locale":"de_DE","og_type":"article","og_title":"i-SC Series CNC Wire Bender | IP Automation Inc","og_description":"The i-SC series 3D CNC wire bender is an affordable performer, designed for low maintenance, easy setup and long term durability.","og_url":"https:\/\/ipautomationinc.com\/de\/serie-i-sc\/","og_site_name":"IP Automation Inc","article_publisher":"https:\/\/www.facebook.com\/ipautomationinc\/","article_modified_time":"2026-03-27T18:27:01+00:00","og_image":[{"url":"https:\/\/ipautomationinc.com\/wp-content\/uploads\/2025\/09\/i8-SC-RGB.png#38241","type":"","width":"","height":""}],"schema":{"@context":"https:\/\/schema.org","@graph":[{"@type":"WebPage","@id":"https:\/\/ipautomationinc.com\/i-sc-series\/","url":"https:\/\/ipautomationinc.com\/i-sc-series\/","name":"CNC-Drahtbiegemaschine der i-SC-Serie | IP Automation Inc","isPartOf":{"@id":"https:\/\/ipautomationinc.com\/#website"},"primaryImageOfPage":{"@id":"https:\/\/ipautomationinc.com\/i-sc-series\/#primaryimage"},"image":{"@id":"https:\/\/ipautomationinc.com\/i-sc-series\/#primaryimage"},"thumbnailUrl":"https:\/\/ipautomationinc.com\/wp-content\/uploads\/2025\/09\/i8-SC-RGB.png#38241","datePublished":"2022-06-01T19:10:28+00:00","dateModified":"2026-03-27T18:27:01+00:00","description":"Die 3D-CNC-Drahtbiegemaschine der i-SC-Serie ist ein preiswertes und leistungsstarkes Ger\u00e4t, das auf geringen Wartungsaufwand, einfache Einrichtung und lange Haltbarkeit ausgelegt ist.","inLanguage":"de","potentialAction":[{"@type":"ReadAction","target":["https:\/\/ipautomationinc.com\/i-sc-series\/"]}]},{"@type":"ImageObject","inLanguage":"de","@id":"https:\/\/ipautomationinc.com\/i-sc-series\/#primaryimage","url":"https:\/\/ipautomationinc.com\/wp-content\/uploads\/2025\/09\/i8-SC-RGB.png#38241","contentUrl":"https:\/\/ipautomationinc.com\/wp-content\/uploads\/2025\/09\/i8-SC-RGB.png#38241"},{"@type":"WebSite","@id":"https:\/\/ipautomationinc.com\/#website","url":"https:\/\/ipautomationinc.com\/","name":"IP Automation Inc","description":"Konzept... Kreation... Realit\u00e4t...","publisher":{"@id":"https:\/\/ipautomationinc.com\/#organization"},"potentialAction":[{"@type":"SearchAction","target":{"@type":"EntryPoint","urlTemplate":"https:\/\/ipautomationinc.com\/?s={search_term_string}"},"query-input":{"@type":"PropertyValueSpecification","valueRequired":true,"valueName":"search_term_string"}}],"inLanguage":"de"},{"@type":"Organization","@id":"https:\/\/ipautomationinc.com\/#organization","name":"IP Automation Inc","url":"https:\/\/ipautomationinc.com\/","logo":{"@type":"ImageObject","inLanguage":"de","@id":"https:\/\/ipautomationinc.com\/#\/schema\/logo\/image\/","url":"https:\/\/ipautomationinc.com\/wp-content\/uploads\/2022\/05\/IPA-Favicon.png","contentUrl":"https:\/\/ipautomationinc.com\/wp-content\/uploads\/2022\/05\/IPA-Favicon.png","width":513,"height":513,"caption":"IP Automation Inc"},"image":{"@id":"https:\/\/ipautomationinc.com\/#\/schema\/logo\/image\/"},"sameAs":["https:\/\/www.facebook.com\/ipautomationinc\/","https:\/\/www.linkedin.com\/company\/ip-automation-inc\/","https:\/\/www.youtube.com\/@IPAutomation"]}]}},"_links":{"self":[{"href":"https:\/\/ipautomationinc.com\/de\/wp-json\/wp\/v2\/pages\/1161","targetHints":{"allow":["GET"]}}],"collection":[{"href":"https:\/\/ipautomationinc.com\/de\/wp-json\/wp\/v2\/pages"}],"about":[{"href":"https:\/\/ipautomationinc.com\/de\/wp-json\/wp\/v2\/types\/page"}],"author":[{"embeddable":true,"href":"https:\/\/ipautomationinc.com\/de\/wp-json\/wp\/v2\/users\/3"}],"replies":[{"embeddable":true,"href":"https:\/\/ipautomationinc.com\/de\/wp-json\/wp\/v2\/comments?post=1161"}],"version-history":[{"count":7,"href":"https:\/\/ipautomationinc.com\/de\/wp-json\/wp\/v2\/pages\/1161\/revisions"}],"predecessor-version":[{"id":39514,"href":"https:\/\/ipautomationinc.com\/de\/wp-json\/wp\/v2\/pages\/1161\/revisions\/39514"}],"wp:attachment":[{"href":"https:\/\/ipautomationinc.com\/de\/wp-json\/wp\/v2\/media?parent=1161"}],"curies":[{"name":"wp","href":"https:\/\/api.w.org\/{rel}","templated":true}]}}