{"id":1110,"date":"2022-05-24T15:32:25","date_gmt":"2022-05-24T20:32:25","guid":{"rendered":"https:\/\/ipautomationinc.com\/?page_id=1110"},"modified":"2025-09-16T12:03:12","modified_gmt":"2025-09-16T17:03:12","slug":"ausendienstmitarbeiter","status":"publish","type":"page","link":"https:\/\/ipautomationinc.com\/de\/sales-representatives\/","title":{"rendered":"Au\u00dfendienstmitarbeiter"},"content":{"rendered":"<h6 class=\"wp-block-heading\"><strong>Die Vertriebsmitarbeiter von IP Automation f\u00fcr Drahtbiegemaschinen sind Experten f\u00fcr Drahtbiegen und k\u00fcmmern sich vor Ort um Ihre Drahtformungsanforderungen. Sie geben Ihnen gerne Tipps zu Optionen, mit denen Sie Ihre IP Automation-L\u00f6sung optimieren k\u00f6nnen. Finden Sie den Vertriebsmitarbeiter f\u00fcr Ihr Land oder Ihre Region.<\/strong><\/h6>\n\n\n\n<p><span class=\"builder2seo\"><\/span><img decoding=\"async\" src=\"https:\/\/ipautomationinc.com\/wp-content\/uploads\/2023\/11\/new-world-map-1123.png#35520\" alt=\"neue Weltkarte 1123\"><br>Karte der Vertriebsmitarbeiter f\u00fcr Drahtbiegemaschinen<br><br><h5>Die Vertriebsmitarbeiter f\u00fcr Drahtbiegemaschinen von IP Automation sind Drahtbiegeexperten, die bereit sind, sich vor Ort um Ihre Anforderungen an die Drahtformung zu k\u00fcmmern und Ideen zu Optionen auszutauschen, die Ihre IP-Automatisierungsl\u00f6sung optimieren.<\/h5><br><br><h2>USA<\/h2><br>\u00dcberschrift<br>keine Wiederholung; oben in der Mitte;;<br>Auto<br><br><h4>David Conrad<\/h4><br><br><span>Georgia, North Carolina, South Carolina, Virginia<\/span><br><br><a href=\"tel:+17049027399\">(704)-902-7399<\/a><br><br><a href=\"mailto:Conradsales@aol.com\">Conradsales@aol.com<\/a><br>no-repeat;links oben;;<br>Auto<br>0 0 0 55px<br><br><h4>Thomas Melonic<\/h4><br><br>Connecticut, Delaware, Maine, Maryland, Massachusetts, New Hampshire, New Jersey, New York, Pennsylvania, Rhode Island, Vermont, Ohio<br><br><a href=\"tel:+17165363104\"> Handy \u2013 (716)-536-3104<\/a><br><br><a href=\"mailto:wireguy@roadrunner.com\">wireguy@roadrunner.com<\/a><br>no-repeat;links oben;;<br>Auto<br>0 0 0 55px<br><br>Alle anderen Staaten<br><br><h4>Paul <span class=\"cf0\">Sitkiewicz<\/span><\/h4><br><br><h4>Sean Costin<\/h4><br><br><a href=\"tel:+16303769905\">Seans Direktleitung \u2013 +1(630)-376-9905<\/a><!--EndFragment --><br><br><a href=\"mailto:sales@ipautomationinc.com\">sales@ipautomationinc.com<\/a><br><br>WhatsApp:<br><br><img decoding=\"async\" src=\"https:\/\/ipautomationinc.com\/wp-content\/uploads\/2024\/08\/whatsapp-qr-150x150.jpg\" alt=\"\"><br>no-repeat;links oben;;<br>Auto<br>0 0 0 55px<br><br><br><h2>Mexiko<\/h2><br>\u00dcberschrift<br>keine Wiederholung; oben in der Mitte;;<br>Auto<br><br><h4>Manuel Uriarte<\/h4><br><br><span>ProMachinery<\/span><br><br><a href=\"tel:+523314746954\">+52 33 1474 6954<\/a><br><br><a href=\"mailto:muriarte@prod3.net\">muriarte@prod3.net<\/a><br><br><a href=\"https:\/\/www.promachinerymx.com\/\">www.promachinerymx.com<\/a><br><br><div class=\"image_frame image_item no_link scale-with-grid element_classes alignnone no_border mfn-img-box\" ><div class=\"image_wrapper\"><img decoding=\"async\" class=\"scale-with-grid\" src=\"\" fetchpriority=\"high\" alt=\"\" title=\"\" width=\"\" height=\"\" style=\"\"\/><\/div><\/div>\n<br>no-repeat;links oben;;<br>Auto<br>0 0 0 55px<br><br><h4>Juan Ram\u00f3n<!--EndFragment --><\/h4><br><br><span>Jartool<\/span><br><br><span><a href=\"tel:8134188492\">813-4188-492<\/a><\/span><br><br><a href=\"mailto:juan.ramon@jartool.com\">juan.ramon@jartool.com<\/a><br><br><a href=\"https:\/\/jartool.com\/\">www.jartool.com<\/a><br><br><div class=\"image_frame image_item no_link scale-with-grid element_classes alignnone no_border mfn-img-box\" ><div class=\"image_wrapper\"><img decoding=\"async\" class=\"scale-with-grid\" src=\"\" fetchpriority=\"high\" alt=\"\" title=\"\" width=\"\" height=\"\" style=\"\"\/><\/div><\/div>\n<br>no-repeat;links oben;;<br>Auto<br>0 0 0 55px<br><br><h4>Bernardo <!--StartFragment --><span class=\"cf0\">Guerrero<\/span><!--EndFragment --><\/h4><br><br><span>Technischer Mitarbeiter<\/span><br><br><a href=\"mailto:bguerrero@ipautomationinc.com\">bguerrero@ipautomationinc.com<\/a><br>no-repeat;links oben;;<br>Auto<br>0 0 0 55px<br><br><br><h2>Kanada<\/h2><br>\u00dcberschrift<br>keine Wiederholung; oben in der Mitte;;<br>Auto<br><br><h4>John Somerville<\/h4><br><br><span>Rotem Industrial Products Inc.<\/span><br><br><a href=\"tel:+14163186842\">+1 416-318-6842<\/a><br><br><a href=\"mailto:john@rotem.ca\">john@rotem.ca<\/a><br><br><a href=\"https:\/\/www.rotem.ca\/\">www.rotem.ca<\/a><br><br><div class=\"image_frame image_item no_link scale-with-grid element_classes alignnone no_border mfn-img-box\" ><div class=\"image_wrapper\"><img decoding=\"async\" class=\"scale-with-grid\" src=\"\" fetchpriority=\"high\" alt=\"\" title=\"\" width=\"\" height=\"\" style=\"\"\/><\/div><\/div>\n<br>no-repeat;links oben;;<br>Auto<br>0 0 0 55px<br><br><br><h2>Europa<\/h2><br>\u00dcberschrift<br>keine Wiederholung; oben in der Mitte;;<br>Auto<br><br><h4>Petr Mikovec<\/h4><br><br><span>Tschechische Republik, Slowakei<\/span><br><br><a href=\"Tel.:+420312249281\">B\u00fcro \u2013 +(420) 312-249-281<\/a><br><br><a href=\"Tel.:+420777555282\">Mobiltelefon \u2013 +(420) 777-555-282<\/a><br><br><a href=\"mailto:mikovec@mec-technik.cz\">mikovec@mec-technik.cz<\/a><br><br><a href=\"http:\/\/www.mec-technik.cz\">www.mectechnik.cz<\/a><br><br><div class=\"image_frame image_item no_link scale-with-grid element_classes alignnone no_border mfn-img-box\" ><div class=\"image_wrapper\"><img decoding=\"async\" class=\"scale-with-grid\" src=\"\" fetchpriority=\"high\" alt=\"\" title=\"\" width=\"\" height=\"\" style=\"\"\/><\/div><\/div>\n<br>no-repeat;links oben;;<br>Auto<br>0 0 0 55px<br><br><h4>Markus Suchomski<\/h4><br><br><span>\u00d6sterreich, Deutschland<\/span><br><br><a href=\"Tel.:+498212461530\">B\u00fcro \u2013 +49 (0)8 21 \/ 2 46 15 30<\/a><br><br><a href=\"Tel.:+491728127098\">Mobil \u2013 +49 (0)1 72 \/ 8 12 70 98<\/a><br><br><a href=\"mailto:markus@suchomski.de\">markus@suchomski.de<\/a><br><br><a href=\"https:\/\/www.suchomski.de\">www.suchomski.de<\/a><br><br><div class=\"image_frame image_item no_link scale-with-grid element_classes alignnone no_border mfn-img-box\" ><div class=\"image_wrapper\"><img decoding=\"async\" class=\"scale-with-grid\" src=\"\" fetchpriority=\"high\" alt=\"\" title=\"\" width=\"\" height=\"\" style=\"\"\/><\/div><\/div>\n<br>no-repeat;links oben;;<br>Auto<br>0 0 0 55px<br><br><br>Produkte finden<br><br>klicken Sie hier<br><a href=\"https:\/\/ipautomationinc.com\/de\/produkte-und-dienstleistungen\/\">https:\/\/ipautomationinc.com\/products-and-services\/<\/a><br><br>Hole dir Unterst\u00fctzung<br><br>klicken Sie hier<br><a href=\"https:\/\/ipautomationinc.com\/de\/unterstutzung\/\">https:\/\/ipautomationinc.com\/support\/<\/a><br><br>Kontaktiere uns<br><br>klicken Sie hier<br><a href=\"https:\/\/ipautomationinc.com\/de\/kontaktiere-uns\/\">https:\/\/ipautomationinc.com\/contact-us\/<\/a><br><br><br>Sind Sie daran interessiert, Vertriebsmitarbeiter von IP Automation Inc. zu werden?<br><br>Schick uns eine Nachricht!<br><br><p class=\"wpcf7-contact-form-not-found\"><strong>Fehler:<\/strong> Kontaktformular wurde nicht gefunden.<\/p><br><br><\/p>","protected":false},"excerpt":{"rendered":"<p>IP Automation wire bending machine sales representatives are wire bending experts, ready to provide local attention to your wire forming<span class=\"excerpt-hellip\"> [\u2026]<\/span><\/p>\n","protected":false},"author":3,"featured_media":0,"parent":0,"menu_order":0,"comment_status":"open","ping_status":"closed","template":"","meta":{"footnotes":""},"class_list":["post-1110","page","type-page","status-publish","hentry"],"yoast_head":"<!-- This site is optimized with the Yoast SEO plugin v27.3 - https:\/\/yoast.com\/product\/yoast-seo-wordpress\/ -->\n<title>Wire Bending Machine Sales Representative Near You<\/title>\n<meta name=\"description\" content=\"Find a wire bending machine sales representative near you to purchase our premium quality made in the USA wire bending machines.\" \/>\n<meta name=\"robots\" content=\"index, follow, max-snippet:-1, max-image-preview:large, max-video-preview:-1\" \/>\n<link rel=\"canonical\" href=\"https:\/\/ipautomationinc.com\/de\/ausendienstmitarbeiter\/\" \/>\n<meta property=\"og:locale\" content=\"de_DE\" \/>\n<meta property=\"og:type\" content=\"article\" \/>\n<meta property=\"og:title\" content=\"Wire Bending Machine Sales Representative Near You\" \/>\n<meta property=\"og:description\" content=\"Find a wire bending machine sales representative near you to purchase our premium quality made in the USA wire bending machines.\" \/>\n<meta property=\"og:url\" content=\"https:\/\/ipautomationinc.com\/de\/ausendienstmitarbeiter\/\" \/>\n<meta property=\"og:site_name\" content=\"IP Automation Inc\" \/>\n<meta property=\"article:publisher\" content=\"https:\/\/www.facebook.com\/ipautomationinc\/\" \/>\n<meta property=\"article:modified_time\" content=\"2025-09-16T17:03:12+00:00\" \/>\n<meta property=\"og:image\" content=\"https:\/\/ipautomationinc.com\/wp-content\/uploads\/2023\/11\/new-world-map-1123.png#35520\" \/>\n<script type=\"application\/ld+json\" class=\"yoast-schema-graph\">{\"@context\":\"https:\\\/\\\/schema.org\",\"@graph\":[{\"@type\":\"WebPage\",\"@id\":\"https:\\\/\\\/ipautomationinc.com\\\/sales-representatives\\\/\",\"url\":\"https:\\\/\\\/ipautomationinc.com\\\/sales-representatives\\\/\",\"name\":\"Wire Bending Machine Sales Representative Near You\",\"isPartOf\":{\"@id\":\"https:\\\/\\\/ipautomationinc.com\\\/#website\"},\"primaryImageOfPage\":{\"@id\":\"https:\\\/\\\/ipautomationinc.com\\\/sales-representatives\\\/#primaryimage\"},\"image\":{\"@id\":\"https:\\\/\\\/ipautomationinc.com\\\/sales-representatives\\\/#primaryimage\"},\"thumbnailUrl\":\"https:\\\/\\\/ipautomationinc.com\\\/wp-content\\\/uploads\\\/2023\\\/11\\\/new-world-map-1123.png#35520\",\"datePublished\":\"2022-05-24T20:32:25+00:00\",\"dateModified\":\"2025-09-16T17:03:12+00:00\",\"description\":\"Find a wire bending machine sales representative near you to purchase our premium quality made in the USA wire bending machines.\",\"inLanguage\":\"de\",\"potentialAction\":[{\"@type\":\"ReadAction\",\"target\":[\"https:\\\/\\\/ipautomationinc.com\\\/sales-representatives\\\/\"]}]},{\"@type\":\"ImageObject\",\"inLanguage\":\"de\",\"@id\":\"https:\\\/\\\/ipautomationinc.com\\\/sales-representatives\\\/#primaryimage\",\"url\":\"https:\\\/\\\/ipautomationinc.com\\\/wp-content\\\/uploads\\\/2023\\\/11\\\/new-world-map-1123.png#35520\",\"contentUrl\":\"https:\\\/\\\/ipautomationinc.com\\\/wp-content\\\/uploads\\\/2023\\\/11\\\/new-world-map-1123.png#35520\"},{\"@type\":\"WebSite\",\"@id\":\"https:\\\/\\\/ipautomationinc.com\\\/#website\",\"url\":\"https:\\\/\\\/ipautomationinc.com\\\/\",\"name\":\"IP Automation Inc\",\"description\":\"Concept... Creation... Reality...\",\"publisher\":{\"@id\":\"https:\\\/\\\/ipautomationinc.com\\\/#organization\"},\"potentialAction\":[{\"@type\":\"SearchAction\",\"target\":{\"@type\":\"EntryPoint\",\"urlTemplate\":\"https:\\\/\\\/ipautomationinc.com\\\/?s={search_term_string}\"},\"query-input\":{\"@type\":\"PropertyValueSpecification\",\"valueRequired\":true,\"valueName\":\"search_term_string\"}}],\"inLanguage\":\"de\"},{\"@type\":\"Organization\",\"@id\":\"https:\\\/\\\/ipautomationinc.com\\\/#organization\",\"name\":\"IP Automation Inc\",\"url\":\"https:\\\/\\\/ipautomationinc.com\\\/\",\"logo\":{\"@type\":\"ImageObject\",\"inLanguage\":\"de\",\"@id\":\"https:\\\/\\\/ipautomationinc.com\\\/#\\\/schema\\\/logo\\\/image\\\/\",\"url\":\"https:\\\/\\\/ipautomationinc.com\\\/wp-content\\\/uploads\\\/2022\\\/05\\\/IPA-Favicon.png\",\"contentUrl\":\"https:\\\/\\\/ipautomationinc.com\\\/wp-content\\\/uploads\\\/2022\\\/05\\\/IPA-Favicon.png\",\"width\":513,\"height\":513,\"caption\":\"IP Automation Inc\"},\"image\":{\"@id\":\"https:\\\/\\\/ipautomationinc.com\\\/#\\\/schema\\\/logo\\\/image\\\/\"},\"sameAs\":[\"https:\\\/\\\/www.facebook.com\\\/ipautomationinc\\\/\",\"https:\\\/\\\/www.linkedin.com\\\/company\\\/ip-automation-inc\\\/\",\"https:\\\/\\\/www.youtube.com\\\/@IPAutomation\"]}]}<\/script>\n<!-- \/ Yoast SEO plugin. -->","yoast_head_json":{"title":"Vertriebsmitarbeiter f\u00fcr Drahtbiegemaschinen in Ihrer N\u00e4he","description":"Finden Sie einen Vertriebsmitarbeiter f\u00fcr Drahtbiegemaschinen in Ihrer N\u00e4he, um unsere hochwertigen, in den USA hergestellten Drahtbiegemaschinen zu erwerben.","robots":{"index":"index","follow":"follow","max-snippet":"max-snippet:-1","max-image-preview":"max-image-preview:large","max-video-preview":"max-video-preview:-1"},"canonical":"https:\/\/ipautomationinc.com\/de\/ausendienstmitarbeiter\/","og_locale":"de_DE","og_type":"article","og_title":"Wire Bending Machine Sales Representative Near You","og_description":"Find a wire bending machine sales representative near you to purchase our premium quality made in the USA wire bending machines.","og_url":"https:\/\/ipautomationinc.com\/de\/ausendienstmitarbeiter\/","og_site_name":"IP Automation Inc","article_publisher":"https:\/\/www.facebook.com\/ipautomationinc\/","article_modified_time":"2025-09-16T17:03:12+00:00","og_image":[{"url":"https:\/\/ipautomationinc.com\/wp-content\/uploads\/2023\/11\/new-world-map-1123.png#35520","type":"","width":"","height":""}],"schema":{"@context":"https:\/\/schema.org","@graph":[{"@type":"WebPage","@id":"https:\/\/ipautomationinc.com\/sales-representatives\/","url":"https:\/\/ipautomationinc.com\/sales-representatives\/","name":"Vertriebsmitarbeiter f\u00fcr Drahtbiegemaschinen in Ihrer N\u00e4he","isPartOf":{"@id":"https:\/\/ipautomationinc.com\/#website"},"primaryImageOfPage":{"@id":"https:\/\/ipautomationinc.com\/sales-representatives\/#primaryimage"},"image":{"@id":"https:\/\/ipautomationinc.com\/sales-representatives\/#primaryimage"},"thumbnailUrl":"https:\/\/ipautomationinc.com\/wp-content\/uploads\/2023\/11\/new-world-map-1123.png#35520","datePublished":"2022-05-24T20:32:25+00:00","dateModified":"2025-09-16T17:03:12+00:00","description":"Finden Sie einen Vertriebsmitarbeiter f\u00fcr Drahtbiegemaschinen in Ihrer N\u00e4he, um unsere hochwertigen, in den USA hergestellten Drahtbiegemaschinen zu erwerben.","inLanguage":"de","potentialAction":[{"@type":"ReadAction","target":["https:\/\/ipautomationinc.com\/sales-representatives\/"]}]},{"@type":"ImageObject","inLanguage":"de","@id":"https:\/\/ipautomationinc.com\/sales-representatives\/#primaryimage","url":"https:\/\/ipautomationinc.com\/wp-content\/uploads\/2023\/11\/new-world-map-1123.png#35520","contentUrl":"https:\/\/ipautomationinc.com\/wp-content\/uploads\/2023\/11\/new-world-map-1123.png#35520"},{"@type":"WebSite","@id":"https:\/\/ipautomationinc.com\/#website","url":"https:\/\/ipautomationinc.com\/","name":"IP Automation Inc","description":"Konzept... Kreation... Realit\u00e4t...","publisher":{"@id":"https:\/\/ipautomationinc.com\/#organization"},"potentialAction":[{"@type":"SearchAction","target":{"@type":"EntryPoint","urlTemplate":"https:\/\/ipautomationinc.com\/?s={search_term_string}"},"query-input":{"@type":"PropertyValueSpecification","valueRequired":true,"valueName":"search_term_string"}}],"inLanguage":"de"},{"@type":"Organization","@id":"https:\/\/ipautomationinc.com\/#organization","name":"IP Automation Inc","url":"https:\/\/ipautomationinc.com\/","logo":{"@type":"ImageObject","inLanguage":"de","@id":"https:\/\/ipautomationinc.com\/#\/schema\/logo\/image\/","url":"https:\/\/ipautomationinc.com\/wp-content\/uploads\/2022\/05\/IPA-Favicon.png","contentUrl":"https:\/\/ipautomationinc.com\/wp-content\/uploads\/2022\/05\/IPA-Favicon.png","width":513,"height":513,"caption":"IP Automation Inc"},"image":{"@id":"https:\/\/ipautomationinc.com\/#\/schema\/logo\/image\/"},"sameAs":["https:\/\/www.facebook.com\/ipautomationinc\/","https:\/\/www.linkedin.com\/company\/ip-automation-inc\/","https:\/\/www.youtube.com\/@IPAutomation"]}]}},"_links":{"self":[{"href":"https:\/\/ipautomationinc.com\/de\/wp-json\/wp\/v2\/pages\/1110","targetHints":{"allow":["GET"]}}],"collection":[{"href":"https:\/\/ipautomationinc.com\/de\/wp-json\/wp\/v2\/pages"}],"about":[{"href":"https:\/\/ipautomationinc.com\/de\/wp-json\/wp\/v2\/types\/page"}],"author":[{"embeddable":true,"href":"https:\/\/ipautomationinc.com\/de\/wp-json\/wp\/v2\/users\/3"}],"replies":[{"embeddable":true,"href":"https:\/\/ipautomationinc.com\/de\/wp-json\/wp\/v2\/comments?post=1110"}],"version-history":[{"count":2,"href":"https:\/\/ipautomationinc.com\/de\/wp-json\/wp\/v2\/pages\/1110\/revisions"}],"predecessor-version":[{"id":37707,"href":"https:\/\/ipautomationinc.com\/de\/wp-json\/wp\/v2\/pages\/1110\/revisions\/37707"}],"wp:attachment":[{"href":"https:\/\/ipautomationinc.com\/de\/wp-json\/wp\/v2\/media?parent=1110"}],"curies":[{"name":"wp","href":"https:\/\/api.w.org\/{rel}","templated":true}]}}