{"id":111,"date":"2017-10-27T17:33:30","date_gmt":"2017-10-27T22:33:30","guid":{"rendered":"http:\/\/ipautomationinc.com\/?page_id=111"},"modified":"2025-09-10T15:54:28","modified_gmt":"2025-09-10T20:54:28","slug":"automatisierungszellen","status":"publish","type":"page","link":"https:\/\/ipautomationinc.com\/de\/automationcells\/","title":{"rendered":"Automatisierungszellen"},"content":{"rendered":"<p>Experten f\u00fcr die Automatisierung von Drahtformprozessen.<\/p>\n\n\n\n<p>Unsere Maschinen, Ingenieure und Techniker sind auf ma\u00dfgeschneiderte L\u00f6sungen f\u00fcr Ihr Unternehmen ausgerichtet. Verwirklichen Sie Ihre Vision eines Hochgeschwindigkeits-Einzelst\u00fcckflusses mit minimalem Arbeitsaufwand und null WIP.<\/p>\n\n\n\n<p>Wir verf\u00fcgen \u00fcber Fachkenntnisse in Roboterintegrationen wie Schwei\u00dfen, Anfasen, Montage, Pressen, Kaltstauchen, Gewindeschneiden, Bearbeitung, Clipping, Spannungsarmgl\u00fchen, Inspektion usw.<\/p>\n\n\n\n<p><span class=\"builder2seo\"><\/span>Autoplay=1&amp;Stummschaltung=1&amp;Loop=1&amp;Autopause=0&amp;Steuerung=1<br><br><h2>Experten f\u00fcr die Automatisierung von Drahtformprozessen.<\/h2><br><br><h3>Unsere Maschinen, Ingenieure und Techniker sind auf ma\u00dfgeschneiderte L\u00f6sungen f\u00fcr Ihr Unternehmen ausgerichtet. Verwirklichen Sie Ihre Vision eines Hochgeschwindigkeits-Einzelst\u00fcckflusses mit minimalem Arbeitsaufwand und null WIP.<\/h3><br><br><h3>Wir verf\u00fcgen \u00fcber Fachkenntnisse in Roboterintegrationen wie Schwei\u00dfen, Anfasen, Montage, Pressen, Kaltstauchen, Gewindeschneiden, Bearbeitung, Clipping, Spannungsarmgl\u00fchen, Inspektion usw.<\/h3><br><br>breit<br><br>iD-Automatisierungszelle<br>#DD0000<br>anf\u00e4nglich<br><br>;C;;<br><br>i-S-Automatisierungszelle<br>#DD0000<br>anf\u00e4nglich<br><br>;C;;<br><br>i-S-Automatisierungszelle<br>#DD0000<br>anf\u00e4nglich<br><br>;C;;<br><br>i-S\u00b2 Automatisierungszelle<br>#DD0000<br>anf\u00e4nglich<br><br>;C;;<br><br>i-S\u00b2 Automatisierungszelle<br>#DD0000<br>anf\u00e4nglich<br><br>;C;;<br><br>breit<br><br><img decoding=\"async\" src=\"https:\/\/ipautomationinc.com\/wp-content\/uploads\/2017\/11\/cell-pic_Web.png\" alt=\"Zelle pic_Web\"><br><br><img decoding=\"async\" src=\"https:\/\/ipautomationinc.com\/wp-content\/uploads\/2017\/10\/IMG_1989-1-e1640896417688.png#191\" alt=\"Bild 1989\"><br><br>Flexmat-Automatisierungszellen<br>Flexible Automatisierung, Bearbeitung verschiedener Teile mit schnellem Wechsel<br>Servo-Einstellbarkeit f\u00fcr einfache Einrichtung und minimalen Werkzeugaufwand<br><br><br>Von der Spulen- oder Magazinzuf\u00fchrung<br><br>Bis zu 32 Servoachsen<br><br>Bis zu 6 Biegestationen<br><br>Optionale integrierte Spannungsabbau- und Nylon- oder PVC-Beschichtungsstationen<br><br>Eingebaute K\u00fchlstation<br><br>Visiongef\u00fchrte Montagestation<br><br>Sekund\u00e4rstationsoptionen einschlie\u00dflich Montage durch Clinchen oder Clipping<br><br>Mehrere Drahtformen, Stanz- und Kunststoffeins\u00e4tze k\u00f6nnen f\u00fcr die Montage angepasst werden<br><br><br>fadeInRight<br><br><img decoding=\"async\" src=\"https:\/\/ipautomationinc.com\/wp-content\/uploads\/2017\/11\/cell.png\" alt=\"Zelle\"><br>gro\u00df<br><br><img decoding=\"async\" src=\"https:\/\/ipautomationinc.com\/wp-content\/uploads\/2017\/11\/placementfix.png\" alt=\"Platzierungsfix\"><br>gro\u00df<br><br>breit<br><br><br>Montagezellen<br>Montagezellen f\u00fcr Automobilkomponenten<br><br>Mehrere Drahtformen und zusammengebaut<br><br>Zu den Vorg\u00e4ngen geh\u00f6ren Clipping, Clinchen, Punktschwei\u00dfen, Mig-Schwei\u00dfen und andere Verbindungstechniken.<br><br>Kann f\u00fcr eine vollst\u00e4ndig autonome Fertigung in andere Maschinen integriert werden<br><br>Zellen k\u00f6nnen f\u00fcr verschiedene Produktlinien neu konfiguriert werden<br>fadeInRight<br><br>breit<br><br><img decoding=\"async\" src=\"https:\/\/ipautomationinc.com\/wp-content\/uploads\/2017\/11\/CoatingRounded-e1635351228930.png\" alt=\"BeschichtungAbgerundet\"><br><br>Spannungsabbau- und Nylonbeschichtungsanlagen<br><br><br>Stressabbauende Automatisierung mit Beschichtung<br><br>Konventionelle Ofen-, Widerstands-, Induktions- und Infrarottechnologien<br><br>Robotermanipulation f\u00fcr effizientes Umr\u00fcsten und minimalen Werkzeugaufwand <br><br>Beschichtung mit Nylon, PVC oder anderen Thermoplasten<br><br>Mehrere Farbbeschichtungen gleichzeitig verf\u00fcgbar<br><br>Standard-Pulverbeh\u00e4lter mit Schneckenf\u00f6rdersystemen f\u00fcr minimalen Pulververlust<br><br>Standard-K\u00fchlregale mit optionalen Roboterverpackungsl\u00f6sungen<br><br>Vom Bediener beladene Regale oder vollautomatisch, verbunden mit vorhandenen Maschinen<br><br><br>fadeInRight<br><br><br><img decoding=\"async\" src=\"https:\/\/ipautomationinc.com\/wp-content\/uploads\/2017\/11\/Coating2-1-1-1.png\" alt=\"Beschichtung2-1-1-1\"><br><br><img decoding=\"async\" src=\"https:\/\/ipautomationinc.com\/wp-content\/uploads\/2017\/11\/Coating-cell-1-e1635351476148.png\" alt=\"Beschichtungszelle-1\"><br><br>breit<br><br><img decoding=\"async\" src=\"https:\/\/ipautomationinc.com\/wp-content\/uploads\/2021\/11\/Resistance-Welder.png\" alt=\"Widerstandsschwei\u00dfger\u00e4t\"><br><br>Widerstandsschwei\u00dfzellen<br><br><br>Fanuc R1000iA-80 bis R2000iA-210F<br><br>Servo-Drehtisch<br><br>Optionale Obara- oder Tolomatic-Servopistolen <br><br>Eingebaute Schnellmontageplatten f\u00fcr schnellen Wechsel<br><br>RFID-F\u00e4higkeit zur Minimierung von Einrichtungsfehlern<br><br>Vom Bediener geladene Optionen f\u00fcr Lichtvorhang oder Sicherheitsscanner<br><br>Kann in mehrere Drahtbiegemaschinen f\u00fcr automatische Form- und Schwei\u00dfzellen integriert werden<br><br>Optionale automatisierte Beh\u00e4lterf\u00f6rdersysteme f\u00fcr Verpackungen<br><br><br>fadeInRight<br><br><br><img decoding=\"async\" src=\"https:\/\/ipautomationinc.com\/wp-content\/uploads\/2017\/10\/Robotic-Welding-put-sparks-back-in-1-e1635353496321.png\" alt=\"Roboterschwei\u00dfen bringt Funken zur\u00fcck\"><br><br>In Kontakt kommen<br><a href=\"https:\/\/ipautomationinc.com\/de\/kontaktiere-uns\/\">https:\/\/ipautomationinc.com\/contact-us\/<\/a><br>icon-forward<br>Schaltfl\u00e4chenthema<br><br><\/p>","protected":false},"excerpt":{"rendered":"<p>Experts in automating wire forming processes. Our machines, engineers, and technicians are geared for customized solutions for your company. Achieve<span class=\"excerpt-hellip\"> [\u2026]<\/span><\/p>\n","protected":false},"author":3,"featured_media":0,"parent":0,"menu_order":0,"comment_status":"open","ping_status":"closed","template":"","meta":{"footnotes":""},"class_list":["post-111","page","type-page","status-publish","hentry"],"yoast_head":"<!-- This site is optimized with the Yoast SEO plugin v27.3 - https:\/\/yoast.com\/product\/yoast-seo-wordpress\/ -->\n<title>Automation Cells | IP Automation Inc<\/title>\n<meta name=\"description\" content=\"Our machines, engineers, and technicians are geared for customized solutions for your company and make automation easy for your project. Achieve your vision with an automation cell.\" \/>\n<meta name=\"robots\" content=\"index, follow, max-snippet:-1, max-image-preview:large, max-video-preview:-1\" \/>\n<link rel=\"canonical\" href=\"https:\/\/ipautomationinc.com\/de\/automatisierungszellen\/\" \/>\n<meta property=\"og:locale\" content=\"de_DE\" \/>\n<meta property=\"og:type\" content=\"article\" \/>\n<meta property=\"og:title\" content=\"Automation Cells | IP Automation Inc\" \/>\n<meta property=\"og:description\" content=\"Our machines, engineers, and technicians are geared for customized solutions for your company and make automation easy for your project. Achieve your vision with an automation cell.\" \/>\n<meta property=\"og:url\" content=\"https:\/\/ipautomationinc.com\/de\/automatisierungszellen\/\" \/>\n<meta property=\"og:site_name\" content=\"IP Automation Inc\" \/>\n<meta property=\"article:publisher\" content=\"https:\/\/www.facebook.com\/ipautomationinc\/\" \/>\n<meta property=\"article:modified_time\" content=\"2025-09-10T20:54:28+00:00\" \/>\n<meta property=\"og:image\" content=\"https:\/\/ipautomationinc.com\/wp-content\/uploads\/2017\/11\/cell-pic_Web.png\" \/>\n<script type=\"application\/ld+json\" class=\"yoast-schema-graph\">{\"@context\":\"https:\\\/\\\/schema.org\",\"@graph\":[{\"@type\":\"WebPage\",\"@id\":\"https:\\\/\\\/ipautomationinc.com\\\/automationcells\\\/\",\"url\":\"https:\\\/\\\/ipautomationinc.com\\\/automationcells\\\/\",\"name\":\"Automation Cells | IP Automation Inc\",\"isPartOf\":{\"@id\":\"https:\\\/\\\/ipautomationinc.com\\\/#website\"},\"primaryImageOfPage\":{\"@id\":\"https:\\\/\\\/ipautomationinc.com\\\/automationcells\\\/#primaryimage\"},\"image\":{\"@id\":\"https:\\\/\\\/ipautomationinc.com\\\/automationcells\\\/#primaryimage\"},\"thumbnailUrl\":\"https:\\\/\\\/ipautomationinc.com\\\/wp-content\\\/uploads\\\/2017\\\/11\\\/cell-pic_Web.png\",\"datePublished\":\"2017-10-27T22:33:30+00:00\",\"dateModified\":\"2025-09-10T20:54:28+00:00\",\"description\":\"Our machines, engineers, and technicians are geared for customized solutions for your company and make automation easy for your project. Achieve your vision with an automation cell.\",\"inLanguage\":\"de\",\"potentialAction\":[{\"@type\":\"ReadAction\",\"target\":[\"https:\\\/\\\/ipautomationinc.com\\\/automationcells\\\/\"]}]},{\"@type\":\"ImageObject\",\"inLanguage\":\"de\",\"@id\":\"https:\\\/\\\/ipautomationinc.com\\\/automationcells\\\/#primaryimage\",\"url\":\"https:\\\/\\\/ipautomationinc.com\\\/wp-content\\\/uploads\\\/2017\\\/11\\\/cell-pic_Web.png\",\"contentUrl\":\"https:\\\/\\\/ipautomationinc.com\\\/wp-content\\\/uploads\\\/2017\\\/11\\\/cell-pic_Web.png\"},{\"@type\":\"WebSite\",\"@id\":\"https:\\\/\\\/ipautomationinc.com\\\/#website\",\"url\":\"https:\\\/\\\/ipautomationinc.com\\\/\",\"name\":\"IP Automation Inc\",\"description\":\"Concept... Creation... Reality...\",\"publisher\":{\"@id\":\"https:\\\/\\\/ipautomationinc.com\\\/#organization\"},\"potentialAction\":[{\"@type\":\"SearchAction\",\"target\":{\"@type\":\"EntryPoint\",\"urlTemplate\":\"https:\\\/\\\/ipautomationinc.com\\\/?s={search_term_string}\"},\"query-input\":{\"@type\":\"PropertyValueSpecification\",\"valueRequired\":true,\"valueName\":\"search_term_string\"}}],\"inLanguage\":\"de\"},{\"@type\":\"Organization\",\"@id\":\"https:\\\/\\\/ipautomationinc.com\\\/#organization\",\"name\":\"IP Automation Inc\",\"url\":\"https:\\\/\\\/ipautomationinc.com\\\/\",\"logo\":{\"@type\":\"ImageObject\",\"inLanguage\":\"de\",\"@id\":\"https:\\\/\\\/ipautomationinc.com\\\/#\\\/schema\\\/logo\\\/image\\\/\",\"url\":\"https:\\\/\\\/ipautomationinc.com\\\/wp-content\\\/uploads\\\/2022\\\/05\\\/IPA-Favicon.png\",\"contentUrl\":\"https:\\\/\\\/ipautomationinc.com\\\/wp-content\\\/uploads\\\/2022\\\/05\\\/IPA-Favicon.png\",\"width\":513,\"height\":513,\"caption\":\"IP Automation Inc\"},\"image\":{\"@id\":\"https:\\\/\\\/ipautomationinc.com\\\/#\\\/schema\\\/logo\\\/image\\\/\"},\"sameAs\":[\"https:\\\/\\\/www.facebook.com\\\/ipautomationinc\\\/\",\"https:\\\/\\\/www.linkedin.com\\\/company\\\/ip-automation-inc\\\/\",\"https:\\\/\\\/www.youtube.com\\\/@IPAutomation\"]}]}<\/script>\n<!-- \/ Yoast SEO plugin. -->","yoast_head_json":{"title":"Automatisierungszellen | IP Automation Inc","description":"Unsere Maschinen, Ingenieure und Techniker sind auf ma\u00dfgeschneiderte L\u00f6sungen f\u00fcr Ihr Unternehmen ausgerichtet und machen die Automatisierung Ihres Projekts einfach. Verwirklichen Sie Ihre Vision mit einer Automatisierungszelle.","robots":{"index":"index","follow":"follow","max-snippet":"max-snippet:-1","max-image-preview":"max-image-preview:large","max-video-preview":"max-video-preview:-1"},"canonical":"https:\/\/ipautomationinc.com\/de\/automatisierungszellen\/","og_locale":"de_DE","og_type":"article","og_title":"Automation Cells | IP Automation Inc","og_description":"Our machines, engineers, and technicians are geared for customized solutions for your company and make automation easy for your project. Achieve your vision with an automation cell.","og_url":"https:\/\/ipautomationinc.com\/de\/automatisierungszellen\/","og_site_name":"IP Automation Inc","article_publisher":"https:\/\/www.facebook.com\/ipautomationinc\/","article_modified_time":"2025-09-10T20:54:28+00:00","og_image":[{"url":"https:\/\/ipautomationinc.com\/wp-content\/uploads\/2017\/11\/cell-pic_Web.png","type":"","width":"","height":""}],"schema":{"@context":"https:\/\/schema.org","@graph":[{"@type":"WebPage","@id":"https:\/\/ipautomationinc.com\/automationcells\/","url":"https:\/\/ipautomationinc.com\/automationcells\/","name":"Automatisierungszellen | IP Automation Inc","isPartOf":{"@id":"https:\/\/ipautomationinc.com\/#website"},"primaryImageOfPage":{"@id":"https:\/\/ipautomationinc.com\/automationcells\/#primaryimage"},"image":{"@id":"https:\/\/ipautomationinc.com\/automationcells\/#primaryimage"},"thumbnailUrl":"https:\/\/ipautomationinc.com\/wp-content\/uploads\/2017\/11\/cell-pic_Web.png","datePublished":"2017-10-27T22:33:30+00:00","dateModified":"2025-09-10T20:54:28+00:00","description":"Unsere Maschinen, Ingenieure und Techniker sind auf ma\u00dfgeschneiderte L\u00f6sungen f\u00fcr Ihr Unternehmen ausgerichtet und machen die Automatisierung Ihres Projekts einfach. Verwirklichen Sie Ihre Vision mit einer Automatisierungszelle.","inLanguage":"de","potentialAction":[{"@type":"ReadAction","target":["https:\/\/ipautomationinc.com\/automationcells\/"]}]},{"@type":"ImageObject","inLanguage":"de","@id":"https:\/\/ipautomationinc.com\/automationcells\/#primaryimage","url":"https:\/\/ipautomationinc.com\/wp-content\/uploads\/2017\/11\/cell-pic_Web.png","contentUrl":"https:\/\/ipautomationinc.com\/wp-content\/uploads\/2017\/11\/cell-pic_Web.png"},{"@type":"WebSite","@id":"https:\/\/ipautomationinc.com\/#website","url":"https:\/\/ipautomationinc.com\/","name":"IP Automation Inc","description":"Konzept... Kreation... Realit\u00e4t...","publisher":{"@id":"https:\/\/ipautomationinc.com\/#organization"},"potentialAction":[{"@type":"SearchAction","target":{"@type":"EntryPoint","urlTemplate":"https:\/\/ipautomationinc.com\/?s={search_term_string}"},"query-input":{"@type":"PropertyValueSpecification","valueRequired":true,"valueName":"search_term_string"}}],"inLanguage":"de"},{"@type":"Organization","@id":"https:\/\/ipautomationinc.com\/#organization","name":"IP Automation Inc","url":"https:\/\/ipautomationinc.com\/","logo":{"@type":"ImageObject","inLanguage":"de","@id":"https:\/\/ipautomationinc.com\/#\/schema\/logo\/image\/","url":"https:\/\/ipautomationinc.com\/wp-content\/uploads\/2022\/05\/IPA-Favicon.png","contentUrl":"https:\/\/ipautomationinc.com\/wp-content\/uploads\/2022\/05\/IPA-Favicon.png","width":513,"height":513,"caption":"IP Automation Inc"},"image":{"@id":"https:\/\/ipautomationinc.com\/#\/schema\/logo\/image\/"},"sameAs":["https:\/\/www.facebook.com\/ipautomationinc\/","https:\/\/www.linkedin.com\/company\/ip-automation-inc\/","https:\/\/www.youtube.com\/@IPAutomation"]}]}},"_links":{"self":[{"href":"https:\/\/ipautomationinc.com\/de\/wp-json\/wp\/v2\/pages\/111","targetHints":{"allow":["GET"]}}],"collection":[{"href":"https:\/\/ipautomationinc.com\/de\/wp-json\/wp\/v2\/pages"}],"about":[{"href":"https:\/\/ipautomationinc.com\/de\/wp-json\/wp\/v2\/types\/page"}],"author":[{"embeddable":true,"href":"https:\/\/ipautomationinc.com\/de\/wp-json\/wp\/v2\/users\/3"}],"replies":[{"embeddable":true,"href":"https:\/\/ipautomationinc.com\/de\/wp-json\/wp\/v2\/comments?post=111"}],"version-history":[{"count":2,"href":"https:\/\/ipautomationinc.com\/de\/wp-json\/wp\/v2\/pages\/111\/revisions"}],"predecessor-version":[{"id":38204,"href":"https:\/\/ipautomationinc.com\/de\/wp-json\/wp\/v2\/pages\/111\/revisions\/38204"}],"wp:attachment":[{"href":"https:\/\/ipautomationinc.com\/de\/wp-json\/wp\/v2\/media?parent=111"}],"curies":[{"name":"wp","href":"https:\/\/api.w.org\/{rel}","templated":true}]}}