{"id":106,"date":"2017-10-27T17:09:03","date_gmt":"2017-10-27T22:09:03","guid":{"rendered":"http:\/\/ipautomationinc.com\/?page_id=106"},"modified":"2026-04-06T11:08:32","modified_gmt":"2026-04-06T16:08:32","slug":"produkte-und-dienstleistungen","status":"publish","type":"page","link":"https:\/\/ipautomationinc.com\/de\/products-and-services\/","title":{"rendered":"Produkte"},"content":{"rendered":"<h6 class=\"wp-block-heading\"><strong>Alle CNC-Drahtbiegemaschinen sind mit der neuesten Technologie und dem neuesten Design f\u00fcr effizientes und pr\u00e4zises Formen ausgestattet. Zubeh\u00f6r: Wir bauen unsere Produkte unter Ber\u00fccksichtigung der Tatsache, dass sich die Kundenanforderungen von Zeit zu Zeit \u00e4ndern k\u00f6nnen. Aus diesem Grund bietet IP Automation Werkzeuge und austauschbare Teile an, damit Kunden bei Bedarf schnell \u00c4nderungen vornehmen k\u00f6nnen. Automatisierungszellen, Standard-Automatisierungszellen oder Zellen, die auf die individuellen Anforderungen jedes Kunden zugeschnitten sind.<\/strong><\/h6>\n\n\n\n<p>Alle CNC-Drahtbiegemaschinen<br>h2<br>Einbeziehung der neuesten Technologie und des neuesten Designs f\u00fcr effizientes und pr\u00e4zises Formen.<br>Spitze<br>Center<br><img decoding=\"async\" src=\"https:\/\/ipautomationinc.com\/wp-content\/uploads\/2022\/09\/i-S-rgb-1.png\" alt=\"iS CNC-Drahtbiegemaschine mit Einzelkopf\" \/><br><a href=\"https:\/\/ipautomationinc.com\/de\/drahtformer\/\">https:\/\/ipautomationinc.com\/wire-formers\/<\/a><br>Icon-Skala<br>72%<br>Center<br>verstecken<br><br>Zubeh\u00f6r<br>h2<br>Wir entwickeln unsere Produkte unter Ber\u00fccksichtigung der Tatsache, dass sich die Bed\u00fcrfnisse der Kunden von Zeit zu Zeit \u00e4ndern k\u00f6nnen. Aus diesem Grund stellt IP Automation Werkzeuge und austauschbare Teile bereit, um Kunden bei Bedarf bei schnellen \u00c4nderungen zu unterst\u00fctzen.<br>Symbollampe<br>Spitze<br>Center<br><img decoding=\"async\" src=\"https:\/\/ipautomationinc.com\/wp-content\/uploads\/2022\/05\/hp-threader.jpg\" alt=\"HP-Einf\u00e4dler\" \/><br><a href=\"https:\/\/ipautomationinc.com\/de\/zubehor\/\">https:\/\/ipautomationinc.com\/accessories\/<\/a><br>Icon-Skala<br>69%<br>verstecken<br><br>Automatisierungszellen<br>h2<br>Standard-Automatisierungszellen oder Zellen, die auf die individuellen Bed\u00fcrfnisse jedes Kunden zugeschnitten sind.<br>Symbollampe<br>Spitze<br>Center<br><img decoding=\"async\" src=\"https:\/\/ipautomationinc.com\/wp-content\/uploads\/2021\/11\/RobotThreaderRS.png\" alt=\"RoboterThreaderRS\" \/><br><a href=\"https:\/\/ipautomationinc.com\/de\/automatisierungszellen\/\">https:\/\/ipautomationinc.com\/automationcells\/<\/a><br>Icon-Skala<br>90%<br>verstecken<br><br><div class=\"image_frame image_item no_link scale-with-grid element_classes alignnone no_border mfn-img-box\" ><div class=\"image_wrapper\"><img decoding=\"async\" class=\"scale-with-grid\" src=\"\" fetchpriority=\"high\" alt=\"\" title=\"\" width=\"\" height=\"\" style=\"\"\/><\/div><\/div>\n\r<br>\r<br><hr class=\"no_line\" style=\"margin: 0 auto 0px auto\"\/>\n\r<br>\r<br><h4>Drahtbiegemaschinen<\/h4>\r<br>\t<h6>Einbeziehung der neuesten Technologie und des neuesten Designs f\u00fcr effizientes und pr\u00e4zises Formen.<\/h6>\r<br><br>Drahtformmaschinen<br>keine Wiederholung; oben in der Mitte;;<br>Auto<br>0 3% 0 0<br><br><div class=\"image_frame image_item no_link scale-with-grid element_classes alignnone no_border mfn-img-box\" ><div class=\"image_wrapper\"><img decoding=\"async\" class=\"scale-with-grid\" src=\"\" fetchpriority=\"high\" alt=\"\" title=\"\" width=\"\" height=\"\" style=\"\"\/><\/div><\/div>\n\r<br><hr class=\"no_line\" style=\"margin: 0 auto 0px auto\"\/>\n\r<br>\r<br><h4>Zubeh\u00f6r<\/h4>\r<br><h6>Wir entwickeln unsere Produkte unter Ber\u00fccksichtigung der Tatsache, dass sich die Bed\u00fcrfnisse der Kunden von Zeit zu Zeit \u00e4ndern k\u00f6nnen. Aus diesem Grund stellt IP Automation Werkzeuge und austauschbare Teile bereit, um Kunden bei Bedarf bei schnellen \u00c4nderungen zu unterst\u00fctzen.<\/h6>\r<br><br>Automatisierungszellen<br>keine Wiederholung; oben in der Mitte;;<br>Auto<br>0 3% 0 0<br><br><div class=\"image_frame image_item no_link scale-with-grid element_classes alignnone no_border mfn-img-box\" ><div class=\"image_wrapper\"><img decoding=\"async\" class=\"scale-with-grid\" src=\"\" fetchpriority=\"high\" alt=\"\" title=\"\" width=\"\" height=\"\" style=\"\"\/><\/div><\/div>\n\r<br><hr class=\"no_line\" style=\"margin: 0 auto 0px auto\"\/>\n\r<br>\r<br><h4>Automatisierungszellen<\/h4>\r<br><h6>Standard-Automatisierungszellen oder Zellen, die auf die individuellen Bed\u00fcrfnisse jedes Kunden zugeschnitten sind.<\/h6>\r<br><br>Automatisierungszellen<br>keine Wiederholung; oben in der Mitte;;<br>Auto<br>0 3% 0 0<br><br><h2>DIENSTLEISTUNGEN<\/h2><br>DIENSTLEISTUNGEN<br>keine Wiederholung; oben in der Mitte;;<br>Auto<br><br><h6>IP Automation Inc. ist stolz darauf, jeden Kunden professionell zu betreuen und Mehrwertdienste anzubieten, die den individuellen Anforderungen jedes Kunden entsprechen. Durch unsere umfassende Erfahrung in der Metallumformungs- und Automatisierungsbranche wissen wir, dass die Kundenanforderungen sehr unterschiedlich sind. Von der Unterst\u00fctzung eines Kunden bei einem Beratungsprojekt bis zur Automatisierung einer kompletten Fabrik \u2013 jeder Kunde hat seine eigenen Anforderungen.<\/h6><br>keine Wiederholung; oben in der Mitte;;<br>Auto<br>0 3% 0 0<br><br>Flexible Werkzeugsysteme f\u00fcr schnelle Wechsel und die Einf\u00fchrung neuer Modelle<br>\r<br>Projektmanagement\r<br>Vollst\u00e4ndige Automatisierungsintegration\r<br>Wiederaufbau\r<br>Maschinenbau\r<br>Wert hinzugef\u00fcgt\r<br>Beratung\r<br><br>fadeInRight<br><br><\/p>","protected":false},"excerpt":{"rendered":"<p>All CNC Wire Bending Machines, Incorporating the latest technology and design for efficient and precise forming. Accessories, We build our<span class=\"excerpt-hellip\"> [\u2026]<\/span><\/p>\n","protected":false},"author":3,"featured_media":0,"parent":0,"menu_order":0,"comment_status":"closed","ping_status":"closed","template":"","meta":{"footnotes":""},"class_list":["post-106","page","type-page","status-publish","hentry"],"yoast_head":"<!-- This site is optimized with the Yoast SEO plugin v27.3 - https:\/\/yoast.com\/product\/yoast-seo-wordpress\/ -->\n<title>Products | IP Automation Inc<\/title>\n<meta name=\"description\" content=\"Learn more about our wire bending products, including wire bending machines, accessories, and automation cell examples.\" \/>\n<meta name=\"robots\" content=\"index, follow, max-snippet:-1, max-image-preview:large, max-video-preview:-1\" \/>\n<link rel=\"canonical\" href=\"https:\/\/ipautomationinc.com\/de\/produkte-und-dienstleistungen\/\" \/>\n<meta property=\"og:locale\" content=\"de_DE\" \/>\n<meta property=\"og:type\" content=\"article\" \/>\n<meta property=\"og:title\" content=\"Products | IP Automation Inc\" \/>\n<meta property=\"og:description\" content=\"Learn more about our wire bending products, including wire bending machines, accessories, and automation cell examples.\" \/>\n<meta property=\"og:url\" content=\"https:\/\/ipautomationinc.com\/de\/produkte-und-dienstleistungen\/\" \/>\n<meta property=\"og:site_name\" content=\"IP Automation Inc\" \/>\n<meta property=\"article:publisher\" content=\"https:\/\/www.facebook.com\/ipautomationinc\/\" \/>\n<meta property=\"article:modified_time\" content=\"2026-04-06T16:08:32+00:00\" \/>\n<meta property=\"og:image\" content=\"https:\/\/ipautomationinc.com\/wp-content\/uploads\/2022\/09\/i-S-rgb-1.png\" \/>\n<script type=\"application\/ld+json\" class=\"yoast-schema-graph\">{\"@context\":\"https:\\\/\\\/schema.org\",\"@graph\":[{\"@type\":\"WebPage\",\"@id\":\"https:\\\/\\\/ipautomationinc.com\\\/products-and-services\\\/\",\"url\":\"https:\\\/\\\/ipautomationinc.com\\\/products-and-services\\\/\",\"name\":\"Products | IP Automation Inc\",\"isPartOf\":{\"@id\":\"https:\\\/\\\/ipautomationinc.com\\\/#website\"},\"primaryImageOfPage\":{\"@id\":\"https:\\\/\\\/ipautomationinc.com\\\/products-and-services\\\/#primaryimage\"},\"image\":{\"@id\":\"https:\\\/\\\/ipautomationinc.com\\\/products-and-services\\\/#primaryimage\"},\"thumbnailUrl\":\"https:\\\/\\\/ipautomationinc.com\\\/wp-content\\\/uploads\\\/2022\\\/09\\\/i-S-rgb-1.png\",\"datePublished\":\"2017-10-27T22:09:03+00:00\",\"dateModified\":\"2026-04-06T16:08:32+00:00\",\"description\":\"Learn more about our wire bending products, including wire bending machines, accessories, and automation cell examples.\",\"inLanguage\":\"de\",\"potentialAction\":[{\"@type\":\"ReadAction\",\"target\":[\"https:\\\/\\\/ipautomationinc.com\\\/products-and-services\\\/\"]}]},{\"@type\":\"ImageObject\",\"inLanguage\":\"de\",\"@id\":\"https:\\\/\\\/ipautomationinc.com\\\/products-and-services\\\/#primaryimage\",\"url\":\"https:\\\/\\\/ipautomationinc.com\\\/wp-content\\\/uploads\\\/2022\\\/09\\\/i-S-rgb-1.png\",\"contentUrl\":\"https:\\\/\\\/ipautomationinc.com\\\/wp-content\\\/uploads\\\/2022\\\/09\\\/i-S-rgb-1.png\"},{\"@type\":\"WebSite\",\"@id\":\"https:\\\/\\\/ipautomationinc.com\\\/#website\",\"url\":\"https:\\\/\\\/ipautomationinc.com\\\/\",\"name\":\"IP Automation Inc\",\"description\":\"Concept... Creation... Reality...\",\"publisher\":{\"@id\":\"https:\\\/\\\/ipautomationinc.com\\\/#organization\"},\"potentialAction\":[{\"@type\":\"SearchAction\",\"target\":{\"@type\":\"EntryPoint\",\"urlTemplate\":\"https:\\\/\\\/ipautomationinc.com\\\/?s={search_term_string}\"},\"query-input\":{\"@type\":\"PropertyValueSpecification\",\"valueRequired\":true,\"valueName\":\"search_term_string\"}}],\"inLanguage\":\"de\"},{\"@type\":\"Organization\",\"@id\":\"https:\\\/\\\/ipautomationinc.com\\\/#organization\",\"name\":\"IP Automation Inc\",\"url\":\"https:\\\/\\\/ipautomationinc.com\\\/\",\"logo\":{\"@type\":\"ImageObject\",\"inLanguage\":\"de\",\"@id\":\"https:\\\/\\\/ipautomationinc.com\\\/#\\\/schema\\\/logo\\\/image\\\/\",\"url\":\"https:\\\/\\\/ipautomationinc.com\\\/wp-content\\\/uploads\\\/2022\\\/05\\\/IPA-Favicon.png\",\"contentUrl\":\"https:\\\/\\\/ipautomationinc.com\\\/wp-content\\\/uploads\\\/2022\\\/05\\\/IPA-Favicon.png\",\"width\":513,\"height\":513,\"caption\":\"IP Automation Inc\"},\"image\":{\"@id\":\"https:\\\/\\\/ipautomationinc.com\\\/#\\\/schema\\\/logo\\\/image\\\/\"},\"sameAs\":[\"https:\\\/\\\/www.facebook.com\\\/ipautomationinc\\\/\",\"https:\\\/\\\/www.linkedin.com\\\/company\\\/ip-automation-inc\\\/\",\"https:\\\/\\\/www.youtube.com\\\/@IPAutomation\"]}]}<\/script>\n<!-- \/ Yoast SEO plugin. -->","yoast_head_json":{"title":"Produkte | IP Automation Inc","description":"Erfahren Sie mehr \u00fcber unsere Drahtbiegeprodukte, einschlie\u00dflich Drahtbiegemaschinen, Zubeh\u00f6r und Beispiele f\u00fcr Automatisierungszellen.","robots":{"index":"index","follow":"follow","max-snippet":"max-snippet:-1","max-image-preview":"max-image-preview:large","max-video-preview":"max-video-preview:-1"},"canonical":"https:\/\/ipautomationinc.com\/de\/produkte-und-dienstleistungen\/","og_locale":"de_DE","og_type":"article","og_title":"Products | IP Automation Inc","og_description":"Learn more about our wire bending products, including wire bending machines, accessories, and automation cell examples.","og_url":"https:\/\/ipautomationinc.com\/de\/produkte-und-dienstleistungen\/","og_site_name":"IP Automation Inc","article_publisher":"https:\/\/www.facebook.com\/ipautomationinc\/","article_modified_time":"2026-04-06T16:08:32+00:00","og_image":[{"url":"https:\/\/ipautomationinc.com\/wp-content\/uploads\/2022\/09\/i-S-rgb-1.png","type":"","width":"","height":""}],"schema":{"@context":"https:\/\/schema.org","@graph":[{"@type":"WebPage","@id":"https:\/\/ipautomationinc.com\/products-and-services\/","url":"https:\/\/ipautomationinc.com\/products-and-services\/","name":"Produkte | IP Automation Inc","isPartOf":{"@id":"https:\/\/ipautomationinc.com\/#website"},"primaryImageOfPage":{"@id":"https:\/\/ipautomationinc.com\/products-and-services\/#primaryimage"},"image":{"@id":"https:\/\/ipautomationinc.com\/products-and-services\/#primaryimage"},"thumbnailUrl":"https:\/\/ipautomationinc.com\/wp-content\/uploads\/2022\/09\/i-S-rgb-1.png","datePublished":"2017-10-27T22:09:03+00:00","dateModified":"2026-04-06T16:08:32+00:00","description":"Erfahren Sie mehr \u00fcber unsere Drahtbiegeprodukte, einschlie\u00dflich Drahtbiegemaschinen, Zubeh\u00f6r und Beispiele f\u00fcr Automatisierungszellen.","inLanguage":"de","potentialAction":[{"@type":"ReadAction","target":["https:\/\/ipautomationinc.com\/products-and-services\/"]}]},{"@type":"ImageObject","inLanguage":"de","@id":"https:\/\/ipautomationinc.com\/products-and-services\/#primaryimage","url":"https:\/\/ipautomationinc.com\/wp-content\/uploads\/2022\/09\/i-S-rgb-1.png","contentUrl":"https:\/\/ipautomationinc.com\/wp-content\/uploads\/2022\/09\/i-S-rgb-1.png"},{"@type":"WebSite","@id":"https:\/\/ipautomationinc.com\/#website","url":"https:\/\/ipautomationinc.com\/","name":"IP Automation Inc","description":"Konzept... Kreation... Realit\u00e4t...","publisher":{"@id":"https:\/\/ipautomationinc.com\/#organization"},"potentialAction":[{"@type":"SearchAction","target":{"@type":"EntryPoint","urlTemplate":"https:\/\/ipautomationinc.com\/?s={search_term_string}"},"query-input":{"@type":"PropertyValueSpecification","valueRequired":true,"valueName":"search_term_string"}}],"inLanguage":"de"},{"@type":"Organization","@id":"https:\/\/ipautomationinc.com\/#organization","name":"IP Automation Inc","url":"https:\/\/ipautomationinc.com\/","logo":{"@type":"ImageObject","inLanguage":"de","@id":"https:\/\/ipautomationinc.com\/#\/schema\/logo\/image\/","url":"https:\/\/ipautomationinc.com\/wp-content\/uploads\/2022\/05\/IPA-Favicon.png","contentUrl":"https:\/\/ipautomationinc.com\/wp-content\/uploads\/2022\/05\/IPA-Favicon.png","width":513,"height":513,"caption":"IP Automation Inc"},"image":{"@id":"https:\/\/ipautomationinc.com\/#\/schema\/logo\/image\/"},"sameAs":["https:\/\/www.facebook.com\/ipautomationinc\/","https:\/\/www.linkedin.com\/company\/ip-automation-inc\/","https:\/\/www.youtube.com\/@IPAutomation"]}]}},"_links":{"self":[{"href":"https:\/\/ipautomationinc.com\/de\/wp-json\/wp\/v2\/pages\/106","targetHints":{"allow":["GET"]}}],"collection":[{"href":"https:\/\/ipautomationinc.com\/de\/wp-json\/wp\/v2\/pages"}],"about":[{"href":"https:\/\/ipautomationinc.com\/de\/wp-json\/wp\/v2\/types\/page"}],"author":[{"embeddable":true,"href":"https:\/\/ipautomationinc.com\/de\/wp-json\/wp\/v2\/users\/3"}],"replies":[{"embeddable":true,"href":"https:\/\/ipautomationinc.com\/de\/wp-json\/wp\/v2\/comments?post=106"}],"version-history":[{"count":1,"href":"https:\/\/ipautomationinc.com\/de\/wp-json\/wp\/v2\/pages\/106\/revisions"}],"predecessor-version":[{"id":38049,"href":"https:\/\/ipautomationinc.com\/de\/wp-json\/wp\/v2\/pages\/106\/revisions\/38049"}],"wp:attachment":[{"href":"https:\/\/ipautomationinc.com\/de\/wp-json\/wp\/v2\/media?parent=106"}],"curies":[{"name":"wp","href":"https:\/\/api.w.org\/{rel}","templated":true}]}}