{"id":6172,"date":"2023-01-17T11:16:28","date_gmt":"2023-01-17T17:16:28","guid":{"rendered":"https:\/\/ipautomationinc.com\/?page_id=6172"},"modified":"2025-08-11T10:35:21","modified_gmt":"2025-08-11T15:35:21","slug":"automatizovane-svarecky","status":"publish","type":"page","link":"https:\/\/ipautomationinc.com\/cs\/accessories\/automated-welders\/","title":{"rendered":"Automatizovan\u00e9 sv\u00e1\u0159e\u010dky"},"content":{"rendered":"<h6 class=\"wp-block-heading\"><strong>Sva\u0159ovac\u00ed operace lze snadno integrovat do va\u0161\u00ed operace tvarov\u00e1n\u00ed dr\u00e1tu \u2013 eliminuj\u00ed se n\u00e1klady na pracovn\u00ed s\u00edlu a variace procesu. IP Automation m\u00e1 pln\u011b automatizovan\u00e1 \u0159e\u0161en\u00ed pro nejb\u011b\u017en\u011bj\u0161\u00ed pot\u0159eby v oboru. Navrhujeme a vyr\u00e1b\u00edme sv\u00e1\u0159e\u010dky speci\u00e1ln\u011b pro dr\u00e1t\u011bn\u00e9 formy a m\u016f\u017eeme integrovat dal\u0161\u00ed v\u00fdrobn\u00ed sv\u00e1\u0159e\u010dky. Na\u0161e dovednosti a zku\u0161enosti s integrac\u00ed robotick\u00e9ho sva\u0159ov\u00e1n\u00ed v\u00e1m poskytnou spolehliv\u00e9 a flexibiln\u00ed \u0159e\u0161en\u00ed pro bezprobl\u00e9mov\u00fd provoz.<\/strong><\/h6>\n\n\n\n<p>&gt; zp\u011bt k p\u0159\u00edslu\u0161enstv\u00ed<br>h2<br><a href=\"https:\/\/ipautomationinc.com\/cs\/prislusenstvi\/\">https:\/\/ipautomationinc.com\/accessories\/<\/a><br>st\u0159ed centrum<br>vlevo, odjet<br>#949494<br>skr\u00fdt<br><br>Automatizovan\u00e9 sv\u00e1\u0159e\u010dky<br>h1<br>st\u0159ed centrum<br>vlevo, odjet<br>skr\u00fdt<br><br><h4>Sva\u0159ovac\u00ed operace lze snadno integrovat do va\u0161\u00ed operace tvarov\u00e1n\u00ed dr\u00e1tu \u2013 eliminuj\u00ed se n\u00e1klady na pracovn\u00ed s\u00edlu a variace procesu. IP Automation m\u00e1 pln\u011b automatizovan\u00e1 \u0159e\u0161en\u00ed pro nejb\u011b\u017en\u011bj\u0161\u00ed pot\u0159eby v oboru.<\/h4>\r<br><h4>Navrhujeme a vyr\u00e1b\u00edme sv\u00e1\u0159e\u010dky speci\u00e1ln\u011b pro dr\u00e1t\u011bn\u00e9 formy a m\u016f\u017eeme integrovat dal\u0161\u00ed v\u00fdrobn\u00ed sv\u00e1\u0159e\u010dky. Na\u0161e dovednosti a zku\u0161enosti s integrac\u00ed robotick\u00e9ho sva\u0159ov\u00e1n\u00ed v\u00e1m poskytnou spolehliv\u00e9 a flexibiln\u00ed \u0159e\u0161en\u00ed pro bezprobl\u00e9mov\u00fd provoz.<\/h4><br>#000000<br>skr\u00fdt<br><br><img decoding=\"async\" src=\"https:\/\/ipautomationinc.com\/wp-content\/uploads\/2023\/08\/machine-options_BW-45.png#29270\" alt=\"mo\u017enosti stroje_BW-45\" \/><br>pln\u00fd<br>obsahovat<br>st\u0159ed centrum<br>skr\u00fdt<br><br>BW-45<br>h3<br>st\u0159ed centrum<br>centrum<br>skr\u00fdt<br><br>Sv\u00e1\u0159e\u010d na tupo a vyhlazovac\u00ed kle\u0161t\u011b<br>h4<br>st\u0159ed centrum<br>centrum<br>skr\u00fdt<br><br>Vy\u017eaduje robotickou integraci<br>h5<br>st\u0159ed centrum<br>centrum<br>skr\u00fdt<br><br><img decoding=\"async\" src=\"https:\/\/ipautomationinc.com\/wp-content\/uploads\/2023\/08\/machine-options_iBW-100.png#29271\" alt=\"mo\u017enosti stroje_iBW-100\" \/><br>pln\u00fd<br>obsahovat<br>st\u0159ed centrum<br>centrum<br>skr\u00fdt<br><br>iBW-100<br>h3<br>st\u0159ed centrum<br>centrum<br>skr\u00fdt<br><br>MFDC sv\u00e1\u0159e\u010dka na tupo<br>h4<br>st\u0159ed centrum<br>centrum<br>skr\u00fdt<br><br><img decoding=\"async\" src=\"https:\/\/ipautomationinc.com\/wp-content\/uploads\/2022\/10\/45kw-butt-welder-e1673550910746.png\" alt=\"45kw sv\u00e1\u0159e\u010dka na tupo\" \/><br>pln\u00fd<br>obsahovat<br>st\u0159ed centrum<br>skr\u00fdt<br><br>ABW-45<br>h3<br>st\u0159ed centrum<br>centrum<br>skr\u00fdt<br><br>Automatick\u00e1 sv\u00e1\u0159e\u010dka na tupo pro 2D stroje<br>h4<br>st\u0159ed centrum<br>centrum<br>skr\u00fdt<br><br><img decoding=\"async\" src=\"https:\/\/ipautomationinc.com\/wp-content\/uploads\/2023\/01\/spot-welder.png\" alt=\"bodov\u00e1 sv\u00e1\u0159e\u010dka\" \/><br>pln\u00fd<br>obsahovat<br>st\u0159ed centrum<br>skr\u00fdt<br><br>Bodov\u00e1 sv\u00e1\u0159e\u010dka<br>h3<br>st\u0159ed centrum<br>centrum<br>skr\u00fdt<br><br>Robotick\u00e9 rameno nebo Rocker Arm<br>h4<br>st\u0159ed centrum<br>centrum<br>skr\u00fdt<br><br>40<br>skr\u00fdt<br><br>M\u00e9dia<br>h3<br>st\u0159ed centrum<br>centrum<br>skr\u00fdt<br><br>788795524<br>obsahovat<br>st\u0159ed centrum<br>skr\u00fdt<br><br>40<br>skr\u00fdt<br><br>Funkce<br>h3<br>st\u0159ed centrum<br>centrum<br>skr\u00fdt<br><br>Kl\u00ed\u010dov\u00e9 vlastnosti<br>Podrobnosti<br>P\u0159izp\u016fsoben\u00e1 \u0159e\u0161en\u00ed<br>\r<br>Automatick\u00e9 vyrovn\u00e1n\u00ed a stla\u010den\u00ed konc\u016f dr\u00e1t\u016f\r<br>Odporov\u00e9 sv\u00e1\u0159e\u010dky s nastaviteln\u00fdmi ovlada\u010di\r<br>Snadn\u00e1 v\u00fdm\u011bna a nastaven\u00ed elektrod\r<br>Mo\u017enost kov\u00e1n\u00ed vyhlazuje hork\u00e9 svary pro lep\u0161\u00ed estetiku\r<br>Bezprobl\u00e9mov\u00e1 integrace s na\u0161imi oh\u00fdba\u010dkami dr\u00e1tu\r<br>Schopnost sva\u0159ovat v\u00fdlisky s dr\u00e1t\u011bn\u00fdmi formami\r<br><br>\r<br>Sv\u00e1\u0159e\u010di vy\u017eaduj\u00ed chlazen\u00ed kapalinou \u2013 pokud nen\u00ed k dispozici chladi\u010d za\u0159\u00edzen\u00ed, jsou k dispozici sva\u0159ovac\u00ed chladi\u010de\r<br>Dostupn\u00e9 mo\u017enosti AC a DC Standard 460V\r<br>Kapacita a\u017e do pr\u016fm\u011bru 12 mm\r<br>45 KVA a v\u00edce<br>\r<br>N\u00e1stroje pro upevn\u011bn\u00ed dr\u00e1tu\r<br>Automatizace sva\u0159ov\u00e1n\u00ed T\r<br>Automatizace \u0161vov\u00e9ho sva\u0159ov\u00e1n\u00ed\r<br>Mig, Tig, laserov\u00e9 sva\u0159ov\u00e1n\u00ed\r<br>Ru\u010dn\u011b zav\u00e1d\u011bn\u00e1 robotick\u00e1 sva\u0159ovac\u00ed bu\u0148ka pro dr\u00e1t\u011bn\u00e9 formy\r<br><br>centrum<br>#EBEBEB<br>#222222<br>skr\u00fdt<br><br><\/p>","protected":false},"excerpt":{"rendered":"<p>Welding operations can easily be integrated into your wire forming operation &#8211; eliminating labor cost and process variation. IP Automation<span class=\"excerpt-hellip\"> [\u2026]<\/span><\/p>\n","protected":false},"author":3,"featured_media":0,"parent":7745,"menu_order":0,"comment_status":"closed","ping_status":"closed","template":"","meta":{"footnotes":""},"class_list":["post-6172","page","type-page","status-publish","hentry"],"yoast_head":"<!-- This site is optimized with the Yoast SEO plugin v27.3 - https:\/\/yoast.com\/product\/yoast-seo-wordpress\/ -->\n<title>Automated Welders | IP Automation Inc<\/title>\n<meta name=\"description\" content=\"Check out our various types of automated welders that can be easily integrated with your wire forming operation.\" \/>\n<meta name=\"robots\" content=\"index, follow, max-snippet:-1, max-image-preview:large, max-video-preview:-1\" \/>\n<link rel=\"canonical\" href=\"https:\/\/ipautomationinc.com\/cs\/prislusenstvi\/automatizovane-svarecky\/\" \/>\n<meta property=\"og:locale\" content=\"cs_CZ\" \/>\n<meta property=\"og:type\" content=\"article\" \/>\n<meta property=\"og:title\" content=\"Automated Welders | IP Automation Inc\" \/>\n<meta property=\"og:description\" content=\"Check out our various types of automated welders that can be easily integrated with your wire forming operation.\" \/>\n<meta property=\"og:url\" content=\"https:\/\/ipautomationinc.com\/cs\/prislusenstvi\/automatizovane-svarecky\/\" \/>\n<meta property=\"og:site_name\" content=\"IP Automation Inc\" \/>\n<meta property=\"article:publisher\" content=\"https:\/\/www.facebook.com\/ipautomationinc\/\" \/>\n<meta property=\"article:modified_time\" content=\"2025-08-11T15:35:21+00:00\" \/>\n<meta property=\"og:image\" content=\"https:\/\/ipautomationinc.com\/wp-content\/uploads\/2023\/08\/machine-options_BW-45.png#29270\" \/>\n<script type=\"application\/ld+json\" class=\"yoast-schema-graph\">{\"@context\":\"https:\\\/\\\/schema.org\",\"@graph\":[{\"@type\":\"WebPage\",\"@id\":\"https:\\\/\\\/ipautomationinc.com\\\/accessories\\\/automated-welders\\\/\",\"url\":\"https:\\\/\\\/ipautomationinc.com\\\/accessories\\\/automated-welders\\\/\",\"name\":\"Automated Welders | IP Automation Inc\",\"isPartOf\":{\"@id\":\"https:\\\/\\\/ipautomationinc.com\\\/#website\"},\"primaryImageOfPage\":{\"@id\":\"https:\\\/\\\/ipautomationinc.com\\\/accessories\\\/automated-welders\\\/#primaryimage\"},\"image\":{\"@id\":\"https:\\\/\\\/ipautomationinc.com\\\/accessories\\\/automated-welders\\\/#primaryimage\"},\"thumbnailUrl\":\"https:\\\/\\\/ipautomationinc.com\\\/wp-content\\\/uploads\\\/2023\\\/08\\\/machine-options_BW-45.png#29270\",\"datePublished\":\"2023-01-17T17:16:28+00:00\",\"dateModified\":\"2025-08-11T15:35:21+00:00\",\"description\":\"Check out our various types of automated welders that can be easily integrated with your wire forming operation.\",\"breadcrumb\":{\"@id\":\"https:\\\/\\\/ipautomationinc.com\\\/accessories\\\/automated-welders\\\/#breadcrumb\"},\"inLanguage\":\"cs\",\"potentialAction\":[{\"@type\":\"ReadAction\",\"target\":[\"https:\\\/\\\/ipautomationinc.com\\\/accessories\\\/automated-welders\\\/\"]}]},{\"@type\":\"ImageObject\",\"inLanguage\":\"cs\",\"@id\":\"https:\\\/\\\/ipautomationinc.com\\\/accessories\\\/automated-welders\\\/#primaryimage\",\"url\":\"https:\\\/\\\/ipautomationinc.com\\\/wp-content\\\/uploads\\\/2023\\\/08\\\/machine-options_BW-45.png#29270\",\"contentUrl\":\"https:\\\/\\\/ipautomationinc.com\\\/wp-content\\\/uploads\\\/2023\\\/08\\\/machine-options_BW-45.png#29270\"},{\"@type\":\"BreadcrumbList\",\"@id\":\"https:\\\/\\\/ipautomationinc.com\\\/accessories\\\/automated-welders\\\/#breadcrumb\",\"itemListElement\":[{\"@type\":\"ListItem\",\"position\":1,\"name\":\"Accessories\",\"item\":\"https:\\\/\\\/ipautomationinc.com\\\/accessories\\\/\"},{\"@type\":\"ListItem\",\"position\":2,\"name\":\"Automated Welders\"}]},{\"@type\":\"WebSite\",\"@id\":\"https:\\\/\\\/ipautomationinc.com\\\/#website\",\"url\":\"https:\\\/\\\/ipautomationinc.com\\\/\",\"name\":\"IP Automation Inc\",\"description\":\"Concept... Creation... Reality...\",\"publisher\":{\"@id\":\"https:\\\/\\\/ipautomationinc.com\\\/#organization\"},\"potentialAction\":[{\"@type\":\"SearchAction\",\"target\":{\"@type\":\"EntryPoint\",\"urlTemplate\":\"https:\\\/\\\/ipautomationinc.com\\\/?s={search_term_string}\"},\"query-input\":{\"@type\":\"PropertyValueSpecification\",\"valueRequired\":true,\"valueName\":\"search_term_string\"}}],\"inLanguage\":\"cs\"},{\"@type\":\"Organization\",\"@id\":\"https:\\\/\\\/ipautomationinc.com\\\/#organization\",\"name\":\"IP Automation Inc\",\"url\":\"https:\\\/\\\/ipautomationinc.com\\\/\",\"logo\":{\"@type\":\"ImageObject\",\"inLanguage\":\"cs\",\"@id\":\"https:\\\/\\\/ipautomationinc.com\\\/#\\\/schema\\\/logo\\\/image\\\/\",\"url\":\"https:\\\/\\\/ipautomationinc.com\\\/wp-content\\\/uploads\\\/2022\\\/05\\\/IPA-Favicon.png\",\"contentUrl\":\"https:\\\/\\\/ipautomationinc.com\\\/wp-content\\\/uploads\\\/2022\\\/05\\\/IPA-Favicon.png\",\"width\":513,\"height\":513,\"caption\":\"IP Automation Inc\"},\"image\":{\"@id\":\"https:\\\/\\\/ipautomationinc.com\\\/#\\\/schema\\\/logo\\\/image\\\/\"},\"sameAs\":[\"https:\\\/\\\/www.facebook.com\\\/ipautomationinc\\\/\",\"https:\\\/\\\/www.linkedin.com\\\/company\\\/ip-automation-inc\\\/\",\"https:\\\/\\\/www.youtube.com\\\/@IPAutomation\"]}]}<\/script>\n<!-- \/ Yoast SEO plugin. -->","yoast_head_json":{"title":"Automatizovan\u00e9 sv\u00e1\u0159e\u010dky | IP Automation Inc","description":"Pod\u00edvejte se na na\u0161e r\u016fzn\u00e9 typy automatick\u00fdch sv\u00e1\u0159e\u010dek, kter\u00e9 lze snadno integrovat do va\u0161\u00ed operace tvarov\u00e1n\u00ed dr\u00e1tu.","robots":{"index":"index","follow":"follow","max-snippet":"max-snippet:-1","max-image-preview":"max-image-preview:large","max-video-preview":"max-video-preview:-1"},"canonical":"https:\/\/ipautomationinc.com\/cs\/prislusenstvi\/automatizovane-svarecky\/","og_locale":"cs_CZ","og_type":"article","og_title":"Automated Welders | IP Automation Inc","og_description":"Check out our various types of automated welders that can be easily integrated with your wire forming operation.","og_url":"https:\/\/ipautomationinc.com\/cs\/prislusenstvi\/automatizovane-svarecky\/","og_site_name":"IP Automation Inc","article_publisher":"https:\/\/www.facebook.com\/ipautomationinc\/","article_modified_time":"2025-08-11T15:35:21+00:00","og_image":[{"url":"https:\/\/ipautomationinc.com\/wp-content\/uploads\/2023\/08\/machine-options_BW-45.png#29270","type":"","width":"","height":""}],"schema":{"@context":"https:\/\/schema.org","@graph":[{"@type":"WebPage","@id":"https:\/\/ipautomationinc.com\/accessories\/automated-welders\/","url":"https:\/\/ipautomationinc.com\/accessories\/automated-welders\/","name":"Automatizovan\u00e9 sv\u00e1\u0159e\u010dky | IP Automation Inc","isPartOf":{"@id":"https:\/\/ipautomationinc.com\/#website"},"primaryImageOfPage":{"@id":"https:\/\/ipautomationinc.com\/accessories\/automated-welders\/#primaryimage"},"image":{"@id":"https:\/\/ipautomationinc.com\/accessories\/automated-welders\/#primaryimage"},"thumbnailUrl":"https:\/\/ipautomationinc.com\/wp-content\/uploads\/2023\/08\/machine-options_BW-45.png#29270","datePublished":"2023-01-17T17:16:28+00:00","dateModified":"2025-08-11T15:35:21+00:00","description":"Pod\u00edvejte se na na\u0161e r\u016fzn\u00e9 typy automatick\u00fdch sv\u00e1\u0159e\u010dek, kter\u00e9 lze snadno integrovat do va\u0161\u00ed operace tvarov\u00e1n\u00ed dr\u00e1tu.","breadcrumb":{"@id":"https:\/\/ipautomationinc.com\/accessories\/automated-welders\/#breadcrumb"},"inLanguage":"cs","potentialAction":[{"@type":"ReadAction","target":["https:\/\/ipautomationinc.com\/accessories\/automated-welders\/"]}]},{"@type":"ImageObject","inLanguage":"cs","@id":"https:\/\/ipautomationinc.com\/accessories\/automated-welders\/#primaryimage","url":"https:\/\/ipautomationinc.com\/wp-content\/uploads\/2023\/08\/machine-options_BW-45.png#29270","contentUrl":"https:\/\/ipautomationinc.com\/wp-content\/uploads\/2023\/08\/machine-options_BW-45.png#29270"},{"@type":"BreadcrumbList","@id":"https:\/\/ipautomationinc.com\/accessories\/automated-welders\/#breadcrumb","itemListElement":[{"@type":"ListItem","position":1,"name":"Accessories","item":"https:\/\/ipautomationinc.com\/accessories\/"},{"@type":"ListItem","position":2,"name":"Automated Welders"}]},{"@type":"WebSite","@id":"https:\/\/ipautomationinc.com\/#website","url":"https:\/\/ipautomationinc.com\/","name":"IP Automation Inc","description":"Koncept... Tvorba... Realita...","publisher":{"@id":"https:\/\/ipautomationinc.com\/#organization"},"potentialAction":[{"@type":"SearchAction","target":{"@type":"EntryPoint","urlTemplate":"https:\/\/ipautomationinc.com\/?s={search_term_string}"},"query-input":{"@type":"PropertyValueSpecification","valueRequired":true,"valueName":"search_term_string"}}],"inLanguage":"cs"},{"@type":"Organization","@id":"https:\/\/ipautomationinc.com\/#organization","name":"IP Automation Inc","url":"https:\/\/ipautomationinc.com\/","logo":{"@type":"ImageObject","inLanguage":"cs","@id":"https:\/\/ipautomationinc.com\/#\/schema\/logo\/image\/","url":"https:\/\/ipautomationinc.com\/wp-content\/uploads\/2022\/05\/IPA-Favicon.png","contentUrl":"https:\/\/ipautomationinc.com\/wp-content\/uploads\/2022\/05\/IPA-Favicon.png","width":513,"height":513,"caption":"IP Automation Inc"},"image":{"@id":"https:\/\/ipautomationinc.com\/#\/schema\/logo\/image\/"},"sameAs":["https:\/\/www.facebook.com\/ipautomationinc\/","https:\/\/www.linkedin.com\/company\/ip-automation-inc\/","https:\/\/www.youtube.com\/@IPAutomation"]}]}},"_links":{"self":[{"href":"https:\/\/ipautomationinc.com\/cs\/wp-json\/wp\/v2\/pages\/6172","targetHints":{"allow":["GET"]}}],"collection":[{"href":"https:\/\/ipautomationinc.com\/cs\/wp-json\/wp\/v2\/pages"}],"about":[{"href":"https:\/\/ipautomationinc.com\/cs\/wp-json\/wp\/v2\/types\/page"}],"author":[{"embeddable":true,"href":"https:\/\/ipautomationinc.com\/cs\/wp-json\/wp\/v2\/users\/3"}],"replies":[{"embeddable":true,"href":"https:\/\/ipautomationinc.com\/cs\/wp-json\/wp\/v2\/comments?post=6172"}],"version-history":[{"count":1,"href":"https:\/\/ipautomationinc.com\/cs\/wp-json\/wp\/v2\/pages\/6172\/revisions"}],"predecessor-version":[{"id":36747,"href":"https:\/\/ipautomationinc.com\/cs\/wp-json\/wp\/v2\/pages\/6172\/revisions\/36747"}],"up":[{"embeddable":true,"href":"https:\/\/ipautomationinc.com\/cs\/wp-json\/wp\/v2\/pages\/7745"}],"wp:attachment":[{"href":"https:\/\/ipautomationinc.com\/cs\/wp-json\/wp\/v2\/media?parent=6172"}],"curies":[{"name":"wp","href":"https:\/\/api.w.org\/{rel}","templated":true}]}}