{"id":6169,"date":"2023-01-17T11:15:59","date_gmt":"2023-01-17T17:15:59","guid":{"rendered":"https:\/\/ipautomationinc.com\/?page_id=6169"},"modified":"2024-08-09T13:28:47","modified_gmt":"2024-08-09T18:28:47","slug":"roboticka","status":"publish","type":"page","link":"https:\/\/ipautomationinc.com\/cs\/accessories\/robotics\/","title":{"rendered":"Inteligentn\u00ed robotick\u00e1 \u0159e\u0161en\u00ed"},"content":{"rendered":"<h6 class=\"wp-block-heading\"><strong>Inteligentn\u00ed robotick\u00e1 \u0159e\u0161en\u00ed otev\u00edraj\u00ed nov\u00fd sv\u011bt proces\u016f s p\u0159idanou hodnotou bez dal\u0161\u00edch mzdov\u00fdch n\u00e1klad\u016f. Bezprobl\u00e9mov\u00e1 robotick\u00e1 integrace je vlastn\u00ed na\u0161im CNC oh\u00fdba\u010dk\u00e1m dr\u00e1tu a na\u0161e odborn\u00e9 znalosti v oblasti robotick\u00fdch integrac\u00ed pro dr\u00e1t\u011bn\u00e9 formy jsou bezkonkuren\u010dn\u00ed. Roboti jsou na\u0161\u00edm nejobl\u00edben\u011bj\u0161\u00edm p\u0159\u00edslu\u0161enstv\u00edm a my jsme vytvo\u0159ili rozs\u00e1hlou knihovnu p\u0159izp\u016fsobiteln\u00fdch konfigurac\u00ed chapadel a na\u0161i vlastn\u00ed rychlou v\u00fdm\u011bnu EOAT (End of Arm Tooling), kter\u00e1 v\u00e1m umo\u017e\u0148uje vym\u011bnit n\u00e1stroje chapadla za m\u00e9n\u011b ne\u017e minutu.<\/strong><\/h6>\n\n\n\n<p>&gt; zp\u011bt k p\u0159\u00edslu\u0161enstv\u00ed<br>h2<br><a href=\"https:\/\/ipautomationinc.com\/cs\/prislusenstvi\/\">https:\/\/ipautomationinc.com\/accessories\/<\/a><br>vlevo, odjet<br>#949494<br>skr\u00fdt<br><br>Inteligentn\u00ed robotick\u00e1 \u0159e\u0161en\u00ed<br>h1<br><br>vlevo, odjet<br>skr\u00fdt<br>fadeIn<br><br><img decoding=\"async\" src=\"https:\/\/ipautomationinc.com\/wp-content\/uploads\/2022\/06\/machine-options_robot.png\" alt=\"robot-mo\u017enosti_stroje\"><br>pln\u00fd<br>obsahovat<br><br>skr\u00fdt<br><br><h4>Inteligentn\u00ed robotick\u00e1 \u0159e\u0161en\u00ed otev\u00edraj\u00ed nov\u00fd sv\u011bt proces\u016f s p\u0159idanou hodnotou bez dal\u0161\u00edch mzdov\u00fdch n\u00e1klad\u016f. Bezprobl\u00e9mov\u00e1 robotick\u00e1 integrace je vlastn\u00ed na\u0161im CNC oh\u00fdba\u010dk\u00e1m dr\u00e1tu a na\u0161e odborn\u00e9 znalosti v oblasti robotick\u00fdch integrac\u00ed pro dr\u00e1t\u011bn\u00e9 formy jsou bezkonkuren\u010dn\u00ed.<\/h4> <br><h4>Roboti jsou na\u0161\u00edm nejobl\u00edben\u011bj\u0161\u00edm p\u0159\u00edslu\u0161enstv\u00edm a my jsme vytvo\u0159ili rozs\u00e1hlou knihovnu p\u0159izp\u016fsobiteln\u00fdch konfigurac\u00ed chapadel a na\u0161i vlastn\u00ed rychlou v\u00fdm\u011bnu EOAT (End of Arm Tooling), kter\u00e1 v\u00e1m umo\u017e\u0148uje vym\u011bnit n\u00e1stroje chapadla za m\u00e9n\u011b ne\u017e minutu.<\/h4><br>#000000<br>skr\u00fdt<br><br>210,445,602<br>miniatura<br>4<br>pevn\u00fd<br>#0455B3<br>3px 3px 3px 3px<br>skr\u00fdt tablet<br>skr\u00fdt<br><br>210,445,602<br>miniatura<br>3<br>pevn\u00fd<br>#0455B3<br>3px 3px 3px 3px<br>skr\u00fdt<br><br>40<br>skr\u00fdt<br><br>M\u00e9dia<br>h3<br><br>skr\u00fdt<br><br>789124480<br>obsahovat<br><br>skr\u00fdt<br><br>40<br>skr\u00fdt<br><br>Funkce<br>h3<br><br>skr\u00fdt<br><br>Kl\u00ed\u010dov\u00e9 vlastnosti<br>Podrobnosti<br>Extra<br> <br>Osv\u011bd\u010den\u00e9 6os\u00e9 roboty FANUC <br>V\u010detn\u011b EOAT za 1 d\u00edl <br>Bezprobl\u00e9mov\u00e1 integrace do na\u0161ich stroj\u016f na oh\u00fdb\u00e1n\u00ed dr\u00e1tu <br> <br><br>Profesion\u00e1ln\u00ed a bezpe\u010dn\u00e9 robotick\u00e9 \u0159e\u0161en\u00ed za\u010d\u00edn\u00e1 u na\u0161\u00ed dob\u0159e navr\u017een\u00e9 a d\u016fkladn\u011b otestovan\u00e9 z\u00e1kladny, kter\u00e1 poskytuje funkce pro spr\u00e1vu kabel\u016f, vyrovn\u00e1v\u00e1n\u00ed a kotven\u00ed. K dispozici jsou tak\u00e9 konstrukce s pohyblivou z\u00e1kladnou.  <br> <br> <br>Na\u0161i odborn\u00edci na robotiku v\u00e1m vezmou ve\u0161kerou nejistotu a in\u017een\u00fdrstv\u00ed z va\u0161ich rukou a na\u0161i technici v\u00e1m pomohou vy\u0161kolit va\u0161e oper\u00e1tory a nastavit person\u00e1l tak, aby se sezn\u00e1mili s robotick\u00fdmi ovl\u00e1dac\u00edmi prvky, kter\u00e9 pot\u0159ebujete. <br> <br> <br>Jsme certifikovan\u00fdm integr\u00e1torem Fanuc a Fanuc je na\u0161\u00edm preferovan\u00fdm partnerem. N\u00e1kup robota zahrnuje kredit na \u0161kolen\u00ed ve \u0161kolic\u00edch za\u0159\u00edzen\u00edch Fanuc po cel\u00e9m sv\u011bt\u011b.<br> <br>V\u010detn\u011b bezpe\u010dnostn\u00ed ochrany <br>Voliteln\u00e1 integrace dopravn\u00edku s vrstven\u00fdm balen\u00edm <br>Voliteln\u00fd podlahov\u00fd skener <br><br><br>#EBEBEB<br>#222222<br>skr\u00fdt<br><br>40<br>skr\u00fdt<br><br>N\u00e1stroje na konci ramene<br>h3<br><br>skr\u00fdt<br><br><img decoding=\"async\" src=\"https:\/\/ipautomationinc.com\/wp-content\/uploads\/2023\/01\/all-robot-EOATs-1.jpg\" alt=\"v\u0161echny robotick\u00e9 EOAT 1\"><br>pln\u00fd<br>https:\/\/ipautomationinc.com\/wp-content\/uploads\/2023\/01\/all-robot-EOATs-1.jpg<br>obsahovat<br><br>skr\u00fdt<br><br>4 Uchopovac\u00ed n\u00e1stroje<br>h4<br><br>skr\u00fdt<br><br><img decoding=\"async\" src=\"https:\/\/ipautomationinc.com\/wp-content\/uploads\/2023\/01\/all-robot-EOATs-2.jpg\" alt=\"v\u0161echny roboty EOAT 2\"><br>pln\u00fd<br>https:\/\/ipautomationinc.com\/wp-content\/uploads\/2023\/01\/all-robot-EOATs-2.jpg<br>obsahovat<br>st\u0159ed centrum<br>skr\u00fdt<br><br>N\u00e1stroje s jedn\u00edm chapadlem<br>h4<br>st\u0159ed centrum<br>centrum<br>skr\u00fdt<br><br><img decoding=\"async\" src=\"https:\/\/ipautomationinc.com\/wp-content\/uploads\/2023\/01\/all-robot-EOATs-3.jpg\" alt=\"v\u0161echny roboty EOAT 3\"><br>pln\u00fd<br>https:\/\/ipautomationinc.com\/wp-content\/uploads\/2023\/01\/all-robot-EOATs-3.jpg<br>obsahovat<br>st\u0159ed centrum<br>skr\u00fdt<br><br>Dvoud\u00edln\u00e9 uchopovac\u00ed n\u00e1stroje<br>h4<br>st\u0159ed centrum<br>centrum<br>skr\u00fdt<br><br><\/p>","protected":false},"excerpt":{"rendered":"<p>Intellimate robotic solutions open a new world of value-added processes with no extra labor cost. Seamless robotic integration is native<span class=\"excerpt-hellip\"> [\u2026]<\/span><\/p>\n","protected":false},"author":3,"featured_media":0,"parent":7745,"menu_order":0,"comment_status":"closed","ping_status":"closed","template":"","meta":{"footnotes":""},"class_list":["post-6169","page","type-page","status-publish","hentry"],"yoast_head":"<!-- This site is optimized with the Yoast SEO plugin v27.3 - https:\/\/yoast.com\/product\/yoast-seo-wordpress\/ -->\n<title>Intellimate Robotic Solutions | IP Automation Inc<\/title>\n<meta name=\"description\" content=\"Our robotic solutions open a new world of value-added processes with no extra labor cost. Seamless robotic integration with our wire benders.\" \/>\n<meta name=\"robots\" content=\"index, follow, max-snippet:-1, max-image-preview:large, max-video-preview:-1\" \/>\n<link rel=\"canonical\" href=\"https:\/\/ipautomationinc.com\/cs\/prislusenstvi\/roboticka\/\" \/>\n<meta property=\"og:locale\" content=\"cs_CZ\" \/>\n<meta property=\"og:type\" content=\"article\" \/>\n<meta property=\"og:title\" content=\"Intellimate Robotic Solutions | IP Automation Inc\" \/>\n<meta property=\"og:description\" content=\"Our robotic solutions open a new world of value-added processes with no extra labor cost. Seamless robotic integration with our wire benders.\" \/>\n<meta property=\"og:url\" content=\"https:\/\/ipautomationinc.com\/cs\/prislusenstvi\/roboticka\/\" \/>\n<meta property=\"og:site_name\" content=\"IP Automation Inc\" \/>\n<meta property=\"article:publisher\" content=\"https:\/\/www.facebook.com\/ipautomationinc\/\" \/>\n<meta property=\"article:modified_time\" content=\"2024-08-09T18:28:47+00:00\" \/>\n<meta property=\"og:image\" content=\"https:\/\/ipautomationinc.com\/wp-content\/uploads\/2022\/06\/machine-options_robot.png\" \/>\n<script type=\"application\/ld+json\" class=\"yoast-schema-graph\">{\"@context\":\"https:\\\/\\\/schema.org\",\"@graph\":[{\"@type\":\"WebPage\",\"@id\":\"https:\\\/\\\/ipautomationinc.com\\\/accessories\\\/robotics\\\/\",\"url\":\"https:\\\/\\\/ipautomationinc.com\\\/accessories\\\/robotics\\\/\",\"name\":\"Intellimate Robotic Solutions | IP Automation Inc\",\"isPartOf\":{\"@id\":\"https:\\\/\\\/ipautomationinc.com\\\/#website\"},\"primaryImageOfPage\":{\"@id\":\"https:\\\/\\\/ipautomationinc.com\\\/accessories\\\/robotics\\\/#primaryimage\"},\"image\":{\"@id\":\"https:\\\/\\\/ipautomationinc.com\\\/accessories\\\/robotics\\\/#primaryimage\"},\"thumbnailUrl\":\"https:\\\/\\\/ipautomationinc.com\\\/wp-content\\\/uploads\\\/2022\\\/06\\\/machine-options_robot.png\",\"datePublished\":\"2023-01-17T17:15:59+00:00\",\"dateModified\":\"2024-08-09T18:28:47+00:00\",\"description\":\"Our robotic solutions open a new world of value-added processes with no extra labor cost. Seamless robotic integration with our wire benders.\",\"breadcrumb\":{\"@id\":\"https:\\\/\\\/ipautomationinc.com\\\/accessories\\\/robotics\\\/#breadcrumb\"},\"inLanguage\":\"cs\",\"potentialAction\":[{\"@type\":\"ReadAction\",\"target\":[\"https:\\\/\\\/ipautomationinc.com\\\/accessories\\\/robotics\\\/\"]}]},{\"@type\":\"ImageObject\",\"inLanguage\":\"cs\",\"@id\":\"https:\\\/\\\/ipautomationinc.com\\\/accessories\\\/robotics\\\/#primaryimage\",\"url\":\"https:\\\/\\\/ipautomationinc.com\\\/wp-content\\\/uploads\\\/2022\\\/06\\\/machine-options_robot.png\",\"contentUrl\":\"https:\\\/\\\/ipautomationinc.com\\\/wp-content\\\/uploads\\\/2022\\\/06\\\/machine-options_robot.png\"},{\"@type\":\"BreadcrumbList\",\"@id\":\"https:\\\/\\\/ipautomationinc.com\\\/accessories\\\/robotics\\\/#breadcrumb\",\"itemListElement\":[{\"@type\":\"ListItem\",\"position\":1,\"name\":\"Accessories\",\"item\":\"https:\\\/\\\/ipautomationinc.com\\\/accessories\\\/\"},{\"@type\":\"ListItem\",\"position\":2,\"name\":\"Intellimate Robotic Solutions\"}]},{\"@type\":\"WebSite\",\"@id\":\"https:\\\/\\\/ipautomationinc.com\\\/#website\",\"url\":\"https:\\\/\\\/ipautomationinc.com\\\/\",\"name\":\"IP Automation Inc\",\"description\":\"Concept... Creation... Reality...\",\"publisher\":{\"@id\":\"https:\\\/\\\/ipautomationinc.com\\\/#organization\"},\"potentialAction\":[{\"@type\":\"SearchAction\",\"target\":{\"@type\":\"EntryPoint\",\"urlTemplate\":\"https:\\\/\\\/ipautomationinc.com\\\/?s={search_term_string}\"},\"query-input\":{\"@type\":\"PropertyValueSpecification\",\"valueRequired\":true,\"valueName\":\"search_term_string\"}}],\"inLanguage\":\"cs\"},{\"@type\":\"Organization\",\"@id\":\"https:\\\/\\\/ipautomationinc.com\\\/#organization\",\"name\":\"IP Automation Inc\",\"url\":\"https:\\\/\\\/ipautomationinc.com\\\/\",\"logo\":{\"@type\":\"ImageObject\",\"inLanguage\":\"cs\",\"@id\":\"https:\\\/\\\/ipautomationinc.com\\\/#\\\/schema\\\/logo\\\/image\\\/\",\"url\":\"https:\\\/\\\/ipautomationinc.com\\\/wp-content\\\/uploads\\\/2022\\\/05\\\/IPA-Favicon.png\",\"contentUrl\":\"https:\\\/\\\/ipautomationinc.com\\\/wp-content\\\/uploads\\\/2022\\\/05\\\/IPA-Favicon.png\",\"width\":513,\"height\":513,\"caption\":\"IP Automation Inc\"},\"image\":{\"@id\":\"https:\\\/\\\/ipautomationinc.com\\\/#\\\/schema\\\/logo\\\/image\\\/\"},\"sameAs\":[\"https:\\\/\\\/www.facebook.com\\\/ipautomationinc\\\/\",\"https:\\\/\\\/www.linkedin.com\\\/company\\\/ip-automation-inc\\\/\",\"https:\\\/\\\/www.youtube.com\\\/@IPAutomation\"]}]}<\/script>\n<!-- \/ Yoast SEO plugin. -->","yoast_head_json":{"title":"Inteligentn\u00ed robotick\u00e1 \u0159e\u0161en\u00ed | IP Automation Inc","description":"Na\u0161e robotick\u00e1 \u0159e\u0161en\u00ed otev\u00edraj\u00ed nov\u00fd sv\u011bt proces\u016f s p\u0159idanou hodnotou bez dal\u0161\u00edch mzdov\u00fdch n\u00e1klad\u016f. Bezprobl\u00e9mov\u00e1 robotick\u00e1 integrace s na\u0161imi oh\u00fdba\u010dkami dr\u00e1tu.","robots":{"index":"index","follow":"follow","max-snippet":"max-snippet:-1","max-image-preview":"max-image-preview:large","max-video-preview":"max-video-preview:-1"},"canonical":"https:\/\/ipautomationinc.com\/cs\/prislusenstvi\/roboticka\/","og_locale":"cs_CZ","og_type":"article","og_title":"Intellimate Robotic Solutions | IP Automation Inc","og_description":"Our robotic solutions open a new world of value-added processes with no extra labor cost. Seamless robotic integration with our wire benders.","og_url":"https:\/\/ipautomationinc.com\/cs\/prislusenstvi\/roboticka\/","og_site_name":"IP Automation Inc","article_publisher":"https:\/\/www.facebook.com\/ipautomationinc\/","article_modified_time":"2024-08-09T18:28:47+00:00","og_image":[{"url":"https:\/\/ipautomationinc.com\/wp-content\/uploads\/2022\/06\/machine-options_robot.png","type":"","width":"","height":""}],"schema":{"@context":"https:\/\/schema.org","@graph":[{"@type":"WebPage","@id":"https:\/\/ipautomationinc.com\/accessories\/robotics\/","url":"https:\/\/ipautomationinc.com\/accessories\/robotics\/","name":"Inteligentn\u00ed robotick\u00e1 \u0159e\u0161en\u00ed | IP Automation Inc","isPartOf":{"@id":"https:\/\/ipautomationinc.com\/#website"},"primaryImageOfPage":{"@id":"https:\/\/ipautomationinc.com\/accessories\/robotics\/#primaryimage"},"image":{"@id":"https:\/\/ipautomationinc.com\/accessories\/robotics\/#primaryimage"},"thumbnailUrl":"https:\/\/ipautomationinc.com\/wp-content\/uploads\/2022\/06\/machine-options_robot.png","datePublished":"2023-01-17T17:15:59+00:00","dateModified":"2024-08-09T18:28:47+00:00","description":"Na\u0161e robotick\u00e1 \u0159e\u0161en\u00ed otev\u00edraj\u00ed nov\u00fd sv\u011bt proces\u016f s p\u0159idanou hodnotou bez dal\u0161\u00edch mzdov\u00fdch n\u00e1klad\u016f. Bezprobl\u00e9mov\u00e1 robotick\u00e1 integrace s na\u0161imi oh\u00fdba\u010dkami dr\u00e1tu.","breadcrumb":{"@id":"https:\/\/ipautomationinc.com\/accessories\/robotics\/#breadcrumb"},"inLanguage":"cs","potentialAction":[{"@type":"ReadAction","target":["https:\/\/ipautomationinc.com\/accessories\/robotics\/"]}]},{"@type":"ImageObject","inLanguage":"cs","@id":"https:\/\/ipautomationinc.com\/accessories\/robotics\/#primaryimage","url":"https:\/\/ipautomationinc.com\/wp-content\/uploads\/2022\/06\/machine-options_robot.png","contentUrl":"https:\/\/ipautomationinc.com\/wp-content\/uploads\/2022\/06\/machine-options_robot.png"},{"@type":"BreadcrumbList","@id":"https:\/\/ipautomationinc.com\/accessories\/robotics\/#breadcrumb","itemListElement":[{"@type":"ListItem","position":1,"name":"Accessories","item":"https:\/\/ipautomationinc.com\/accessories\/"},{"@type":"ListItem","position":2,"name":"Intellimate Robotic Solutions"}]},{"@type":"WebSite","@id":"https:\/\/ipautomationinc.com\/#website","url":"https:\/\/ipautomationinc.com\/","name":"IP Automation Inc","description":"Koncept... Tvorba... Realita...","publisher":{"@id":"https:\/\/ipautomationinc.com\/#organization"},"potentialAction":[{"@type":"SearchAction","target":{"@type":"EntryPoint","urlTemplate":"https:\/\/ipautomationinc.com\/?s={search_term_string}"},"query-input":{"@type":"PropertyValueSpecification","valueRequired":true,"valueName":"search_term_string"}}],"inLanguage":"cs"},{"@type":"Organization","@id":"https:\/\/ipautomationinc.com\/#organization","name":"IP Automation Inc","url":"https:\/\/ipautomationinc.com\/","logo":{"@type":"ImageObject","inLanguage":"cs","@id":"https:\/\/ipautomationinc.com\/#\/schema\/logo\/image\/","url":"https:\/\/ipautomationinc.com\/wp-content\/uploads\/2022\/05\/IPA-Favicon.png","contentUrl":"https:\/\/ipautomationinc.com\/wp-content\/uploads\/2022\/05\/IPA-Favicon.png","width":513,"height":513,"caption":"IP Automation Inc"},"image":{"@id":"https:\/\/ipautomationinc.com\/#\/schema\/logo\/image\/"},"sameAs":["https:\/\/www.facebook.com\/ipautomationinc\/","https:\/\/www.linkedin.com\/company\/ip-automation-inc\/","https:\/\/www.youtube.com\/@IPAutomation"]}]}},"_links":{"self":[{"href":"https:\/\/ipautomationinc.com\/cs\/wp-json\/wp\/v2\/pages\/6169","targetHints":{"allow":["GET"]}}],"collection":[{"href":"https:\/\/ipautomationinc.com\/cs\/wp-json\/wp\/v2\/pages"}],"about":[{"href":"https:\/\/ipautomationinc.com\/cs\/wp-json\/wp\/v2\/types\/page"}],"author":[{"embeddable":true,"href":"https:\/\/ipautomationinc.com\/cs\/wp-json\/wp\/v2\/users\/3"}],"replies":[{"embeddable":true,"href":"https:\/\/ipautomationinc.com\/cs\/wp-json\/wp\/v2\/comments?post=6169"}],"version-history":[{"count":1,"href":"https:\/\/ipautomationinc.com\/cs\/wp-json\/wp\/v2\/pages\/6169\/revisions"}],"predecessor-version":[{"id":36744,"href":"https:\/\/ipautomationinc.com\/cs\/wp-json\/wp\/v2\/pages\/6169\/revisions\/36744"}],"up":[{"embeddable":true,"href":"https:\/\/ipautomationinc.com\/cs\/wp-json\/wp\/v2\/pages\/7745"}],"wp:attachment":[{"href":"https:\/\/ipautomationinc.com\/cs\/wp-json\/wp\/v2\/media?parent=6169"}],"curies":[{"name":"wp","href":"https:\/\/api.w.org\/{rel}","templated":true}]}}