{"id":5808,"date":"2023-01-10T16:30:03","date_gmt":"2023-01-10T22:30:03","guid":{"rendered":"https:\/\/ipautomationinc.com\/?page_id=5808"},"modified":"2025-06-27T10:08:34","modified_gmt":"2025-06-27T15:08:34","slug":"zasady-ochrany-osobnich-udaju","status":"publish","type":"page","link":"https:\/\/ipautomationinc.com\/cs\/privacy-policy\/","title":{"rendered":"Z\u00e1sady ochrany osobn\u00edch \u00fadaj\u016f"},"content":{"rendered":"<h1>Z\u00e1sady ochrany osobn\u00edch \u00fadaj\u016f<\/h1>\n<p><span style=\"font-size: revert; color: initial;\">Last Updated: January 1, 2025<\/span><\/p>\n<p>Effective Date: January 1, 2025 IP Automation Inc. (\u201cwe,\u201d \u201cour,\u201d or \u201cus\u201d) is committed to protecting your privacy. This Privacy Policy outlines how we collect, use, and safeguard your personal information when you visit <a href=\"https:\/\/ipautomationinc.com\/cs\/\" target=\"_blank\" rel=\"noopener\">https:\/\/ipautomationinc.com<\/a> (\u201eSlu\u017eba\u201c).<br \/>Pou\u017e\u00edv\u00e1n\u00edm Slu\u017eby souhlas\u00edte s postupy popsan\u00fdmi v t\u011bchto Z\u00e1sad\u00e1ch ochrany osobn\u00edch \u00fadaj\u016f. Pokud s nimi nesouhlas\u00edte, pros\u00edm, nep\u0159istupujte k Slu\u017eb\u011b ani ji nepou\u017e\u00edvejte.<br \/>Information We CollectInformation You Provide When you fill out a form on our website, we may collect your name, email address, phone number, company name, and any message you include.<br \/>Automatically Collected InformationAnalytics: We use services like Google Analytics and Vimeo Analytics to collect information such as IP address, browser type, referring pages, and engagement with videos.<br \/><br \/>Cookies: We use cookies and similar technologies to enhance your experience and gather usage data.<br \/><br \/><span style=\"color: revert; font-size: revert; font-weight: revert;\">Jak pou\u017e\u00edv\u00e1me va\u0161e informace<\/span><br \/>Abychom mohli reagovat na dotazy zaslan\u00e9 prost\u0159ednictv\u00edm na\u0161ich kontaktn\u00edch formul\u00e1\u0159\u016f<br \/><br \/>Analyzovat vyu\u017eit\u00ed webu a zlep\u0161it jeho v\u00fdkon<br \/><br \/>Pro sledov\u00e1n\u00ed zapojen\u00ed videa a technick\u00e9 funk\u010dnosti<br \/><br \/>Pro zaji\u0161t\u011bn\u00ed bezpe\u010dnosti a prevenci zneu\u017eit\u00ed<br \/><br \/><\/p>\n<p>Pokud budeme m\u00edt v \u00famyslu pou\u017e\u00edt va\u0161e informace k jak\u00e9mukoli \u00fa\u010delu, kter\u00fd nen\u00ed uveden v\u00fd\u0161e, po\u017e\u00e1d\u00e1me v\u00e1s o v\u00e1\u0161 v\u00fdslovn\u00fd souhlas.<br \/><br \/>Sd\u00edlen\u00ed informac\u00ed<br \/>Va\u0161e osobn\u00ed \u00fadaje neprod\u00e1v\u00e1me ani nepronaj\u00edm\u00e1me marketingov\u00fdm pracovn\u00edk\u016fm ani jin\u00fdm t\u0159et\u00edm stran\u00e1m. Va\u0161e informace v\u0161ak m\u016f\u017eeme sd\u00edlet s d\u016fv\u011bryhodn\u00fdmi poskytovateli slu\u017eeb (nap\u0159. Google, Vimeo) v\u00fdhradn\u011b pro \u00fa\u010dely anal\u00fdzy a sledov\u00e1n\u00ed v\u00fdkonu.<br \/><br \/><br \/>Va\u0161e informace m\u016f\u017eeme tak\u00e9 zve\u0159ejnit, pokud to vy\u017eaduje z\u00e1kon, soudn\u00ed \u0159\u00edzen\u00ed nebo v p\u0159\u00edpad\u011b p\u0159evodu podniku, jako je f\u00faze nebo akvizice.<br \/><br \/>Uchov\u00e1v\u00e1n\u00ed dat<br \/>Osobn\u00ed \u00fadaje uchov\u00e1v\u00e1me tak dlouho, jak je nezbytn\u00e9 k napln\u011bn\u00ed \u00fa\u010del\u016f, pro kter\u00e9 byly shrom\u00e1\u017ed\u011bny, nebo jak to vy\u017eaduje z\u00e1kon. Obvykle to znamen\u00e1, \u017ee data uchov\u00e1v\u00e1me 90 dn\u00ed a\u017e 2 roky od va\u0161\u00ed posledn\u00ed interakce s n\u00e1mi.<br \/><br \/><br \/>Anonymn\u00ed nebo agregovan\u00e9 \u00fadaje, kter\u00e9 v\u00e1s neidentifikuj\u00ed, mohou b\u00fdt uchov\u00e1v\u00e1ny po dobu neur\u010ditou.<br \/><br \/>Va\u0161e pr\u00e1va<br \/>V z\u00e1vislosti na va\u0161\u00ed lokalit\u011b a platn\u00fdch z\u00e1konech m\u016f\u017eete m\u00edt pr\u00e1vo na:<br \/><br \/><\/p>\n<p><br \/><br \/>P\u0159\u00edstup k osobn\u00edm \u00fadaj\u016fm, kter\u00e9 o v\u00e1s uchov\u00e1v\u00e1me<br \/><br \/>\u017d\u00e1dost o opravu nebo smaz\u00e1n\u00ed va\u0161ich \u00fadaj\u016f<br \/><br \/>Odvolat souhlas se zpracov\u00e1n\u00edm \u00fadaj\u016f<br \/><br \/>\u017d\u00e1dost o p\u0159enositelnost \u00fadaj\u016f (k jin\u00e9mu subjektu)<br \/><br \/>Podejte st\u00ed\u017enost u regula\u010dn\u00edho org\u00e1nu<br \/><br \/><\/p>\n<p>Chcete-li uplatnit sv\u00e1 pr\u00e1va, kontaktujte n\u00e1s na adrese <a href=\"mailto:info@ipautomationinc.com\">info@ipautomationinc.com<\/a>.<br \/><br \/>Cookies Cookies are small files placed on your device to enhance functionality and track usage. For more information about how we use cookies and how you can manage them, please visit our <a href=\"https:\/\/ipautomationinc.com\/cs\/zasady-pouzivani-souboru-cookie\/\" target=\"_blank\" rel=\"noopener\">Z\u00e1sady pou\u017e\u00edv\u00e1n\u00ed soubor\u016f cookie<\/a>.<br \/><br \/>Security We take reasonable precautions to protect your information from unauthorized access, use, or disclosure. However, no system is entirely secure. You use the Service at your own risk.<br \/><br \/>Odkazy t\u0159et\u00edch stran<br \/>Na\u0161e webov\u00e9 str\u00e1nky mohou odkazovat na extern\u00ed str\u00e1nky, kter\u00e9 nekontrolujeme. Nejsme zodpov\u011bdn\u00ed za jejich postupy ochrany osobn\u00edch \u00fadaj\u016f. Doporu\u010dujeme v\u00e1m sezn\u00e1mit se se z\u00e1sadami ochrany osobn\u00edch \u00fadaj\u016f v\u0161ech extern\u00edch str\u00e1nek, kter\u00e9 nav\u0161t\u00edv\u00edte.<br \/><br \/>Zm\u011bny t\u011bchto z\u00e1sad<br \/>Tyto Z\u00e1sady ochrany osobn\u00edch \u00fadaj\u016f m\u016f\u017eeme pravideln\u011b aktualizovat. Pokud provedeme v\u00fdznamn\u00e9 zm\u011bny, zve\u0159ejn\u00edme ozn\u00e1men\u00ed na t\u00e9to str\u00e1nce. Pokra\u010dov\u00e1n\u00edm v pou\u017e\u00edv\u00e1n\u00ed Slu\u017eby po aktualizac\u00edch souhlas\u00edte s revidovan\u00fdmi z\u00e1sadami.<br \/>Contact UsIf you have questions or concerns, please reach out:<br \/>IP Automation Inc.<br \/><br \/>400 E Fullerton Avenue<br \/><br \/>Carol Stream, Illinois 60188<br \/><br \/>E-mail: <a href=\"mailto:info@ipautomationinc.com\">info@ipautomationinc.com<\/a><br \/><br \/>Telefon: 630-656-1215<\/p>\n\n\n<p><h1>Privacy PolicyLast Updated: January 1, 2025<\/h1><br><br>  <p>Effective Date: January 1, 2025<\/p><br><br><br><br>  <p><br><br>    Spole\u010dnost IP Automation Inc. (\u201emy\u201c, \u201ena\u0161e\u201c nebo \u201en\u00e1s\u201c) se zavazuje chr\u00e1nit va\u0161e soukrom\u00ed. Tyto z\u00e1sady ochrany osobn\u00edch \u00fadaj\u016f popisuj\u00ed, jak shroma\u017e\u010fujeme, pou\u017e\u00edv\u00e1me a chr\u00e1n\u00edme va\u0161e osobn\u00ed \u00fadaje, kdy\u017e nav\u0161t\u00edv\u00edte <a href=\"https:\/\/ipautomationinc.com\/cs\/\" target=\"_blank\">https:\/\/ipautomationinc.com<\/a> (\u201eSlu\u017eba\u201c).<br><br>  <\/p><br><br><br><br>  <p><br><br>    Pou\u017e\u00edv\u00e1n\u00edm Slu\u017eby souhlas\u00edte s postupy popsan\u00fdmi v t\u011bchto Z\u00e1sad\u00e1ch ochrany osobn\u00edch \u00fadaj\u016f. Pokud s nimi nesouhlas\u00edte, pros\u00edm, nep\u0159istupujte k Slu\u017eb\u011b ani ji nepou\u017e\u00edvejte.<br><br>  <\/p><br><br><br><br>  <h2>Informace, kter\u00e9 shroma\u017e\u010fujeme<\/h2><br><br><br><br>  <h3>Informace, kter\u00e9 poskytnete<\/h3><br><br>  <p><br><br>    Kdy\u017e vypln\u00edte formul\u00e1\u0159 na na\u0161ich webov\u00fdch str\u00e1nk\u00e1ch, m\u016f\u017eeme shroma\u017e\u010fovat va\u0161e jm\u00e9no, e-mailovou adresu, telefonn\u00ed \u010d\u00edslo, n\u00e1zev spole\u010dnosti a jakoukoli zpr\u00e1vu, kterou do n\u011bj zahrnete.<br><br>  <\/p><br><br><br><br>  <h3>Automaticky shroma\u017e\u010fovan\u00e9 informace<\/h3><br><br>  <br><br>    Analytics: We use services like Google Analytics and Vimeo Analytics to collect information such as IP address, browser type, referring pages, and engagement with videos.<br><br>    Cookies: We use cookies and similar technologies to enhance your experience and gather usage data.<br><br>  <br><br><br><br>  <h2>Jak pou\u017e\u00edv\u00e1me va\u0161e informace<\/h2><br><br>  <br><br>    Abychom mohli reagovat na dotazy zaslan\u00e9 prost\u0159ednictv\u00edm na\u0161ich kontaktn\u00edch formul\u00e1\u0159\u016f<br><br>    Analyzovat vyu\u017eit\u00ed webu a zlep\u0161it jeho v\u00fdkon<br><br>    Pro sledov\u00e1n\u00ed zapojen\u00ed videa a technick\u00e9 funk\u010dnosti<br><br>    Pro zaji\u0161t\u011bn\u00ed bezpe\u010dnosti a prevenci zneu\u017eit\u00ed<br><br>  <br><br><br><br>  <p><br><br>    Pokud budeme m\u00edt v \u00famyslu pou\u017e\u00edt va\u0161e informace k jak\u00e9mukoli \u00fa\u010delu, kter\u00fd nen\u00ed uveden v\u00fd\u0161e, po\u017e\u00e1d\u00e1me v\u00e1s o v\u00e1\u0161 v\u00fdslovn\u00fd souhlas.<br><br>  <\/p><br><br><br><br>  <h2>Sd\u00edlen\u00ed informac\u00ed<\/h2><br><br>  <p><br><br>    Va\u0161e osobn\u00ed \u00fadaje neprod\u00e1v\u00e1me ani nepronaj\u00edm\u00e1me marketingov\u00fdm pracovn\u00edk\u016fm ani jin\u00fdm t\u0159et\u00edm stran\u00e1m. Va\u0161e informace v\u0161ak m\u016f\u017eeme sd\u00edlet s d\u016fv\u011bryhodn\u00fdmi poskytovateli slu\u017eeb (nap\u0159. Google, Vimeo) v\u00fdhradn\u011b pro \u00fa\u010dely anal\u00fdzy a sledov\u00e1n\u00ed v\u00fdkonu.<br><br>  <\/p><br><br>  <p><br><br>    Va\u0161e informace m\u016f\u017eeme tak\u00e9 zve\u0159ejnit, pokud to vy\u017eaduje z\u00e1kon, soudn\u00ed \u0159\u00edzen\u00ed nebo v p\u0159\u00edpad\u011b p\u0159evodu podniku, jako je f\u00faze nebo akvizice.<br><br>  <\/p><br><br><br><br>  <h2>Uchov\u00e1v\u00e1n\u00ed dat<\/h2><br><br>  <p><br><br>    Osobn\u00ed \u00fadaje uchov\u00e1v\u00e1me tak dlouho, jak je nezbytn\u00e9 k napln\u011bn\u00ed \u00fa\u010del\u016f, pro kter\u00e9 byly shrom\u00e1\u017ed\u011bny, nebo jak to vy\u017eaduje z\u00e1kon. Obvykle to znamen\u00e1, \u017ee data uchov\u00e1v\u00e1me 90 dn\u00ed a\u017e 2 roky od va\u0161\u00ed posledn\u00ed interakce s n\u00e1mi.<br><br>  <\/p><br><br>  <p><br><br>    Anonymn\u00ed nebo agregovan\u00e9 \u00fadaje, kter\u00e9 v\u00e1s neidentifikuj\u00ed, mohou b\u00fdt uchov\u00e1v\u00e1ny po dobu neur\u010ditou.<br><br>  <\/p><br><br><br><br>  <h2>Va\u0161e pr\u00e1va<\/h2><br><br>  <p><br><br>    V z\u00e1vislosti na va\u0161\u00ed lokalit\u011b a platn\u00fdch z\u00e1konech m\u016f\u017eete m\u00edt pr\u00e1vo na:<br><br>  <\/p><br><br>  <br><br>    P\u0159\u00edstup k osobn\u00edm \u00fadaj\u016fm, kter\u00e9 o v\u00e1s uchov\u00e1v\u00e1me<br><br>    \u017d\u00e1dost o opravu nebo smaz\u00e1n\u00ed va\u0161ich \u00fadaj\u016f<br><br>    Odvolat souhlas se zpracov\u00e1n\u00edm \u00fadaj\u016f<br><br>    \u017d\u00e1dost o p\u0159enositelnost \u00fadaj\u016f (k jin\u00e9mu subjektu)<br><br>    Podejte st\u00ed\u017enost u regula\u010dn\u00edho org\u00e1nu<br><br>  <br><br>  <p><br><br>    Chcete-li uplatnit sv\u00e1 pr\u00e1va, kontaktujte n\u00e1s na adrese <a href=\"mailto:info@ipautomationinc.com\">info@ipautomationinc.com<\/a>.<br><br>  <\/p><br><br><br><br>   <h2>Soubory cookie<\/h2><br><br>  <p><br><br>    Soubory cookie jsou mal\u00e9 soubory ukl\u00e1dan\u00e9 do va\u0161eho za\u0159\u00edzen\u00ed za \u00fa\u010delem vylep\u0161en\u00ed funk\u010dnosti a sledov\u00e1n\u00ed pou\u017e\u00edv\u00e1n\u00ed. Dal\u0161\u00ed informace o tom, jak soubory cookie pou\u017e\u00edv\u00e1me a jak je m\u016f\u017eete spravovat, naleznete na na\u0161ich <a href=\"https:\/\/ipautomationinc.com\/cs\/zasady-pouzivani-souboru-cookie\/\" target=\"_blank\">Z\u00e1sady pou\u017e\u00edv\u00e1n\u00ed soubor\u016f cookie<\/a>.<br><br>  <\/p><br><br><br><br>  <h2>Zabezpe\u010den\u00ed<\/h2><br><br>  <p><br><br>    P\u0159ij\u00edm\u00e1me p\u0159im\u011b\u0159en\u00e1 opat\u0159en\u00ed k ochran\u011b va\u0161ich informac\u00ed p\u0159ed neopr\u00e1vn\u011bn\u00fdm p\u0159\u00edstupem, pou\u017eit\u00edm nebo zve\u0159ejn\u011bn\u00edm. \u017d\u00e1dn\u00fd syst\u00e9m v\u0161ak nen\u00ed zcela bezpe\u010dn\u00fd. Slu\u017ebu pou\u017e\u00edv\u00e1te na vlastn\u00ed nebezpe\u010d\u00ed.<br><br>  <\/p><br><br><br><br>  <h2>Odkazy t\u0159et\u00edch stran<\/h2><br><br>  <p><br><br>    Na\u0161e webov\u00e9 str\u00e1nky mohou odkazovat na extern\u00ed str\u00e1nky, kter\u00e9 nekontrolujeme. Nejsme zodpov\u011bdn\u00ed za jejich postupy ochrany osobn\u00edch \u00fadaj\u016f. Doporu\u010dujeme v\u00e1m sezn\u00e1mit se se z\u00e1sadami ochrany osobn\u00edch \u00fadaj\u016f v\u0161ech extern\u00edch str\u00e1nek, kter\u00e9 nav\u0161t\u00edv\u00edte.<br><br>  <\/p><br><br><br><br>  <h2>Zm\u011bny t\u011bchto z\u00e1sad<\/h2><br><br>  <p><br><br>    Tyto Z\u00e1sady ochrany osobn\u00edch \u00fadaj\u016f m\u016f\u017eeme pravideln\u011b aktualizovat. Pokud provedeme v\u00fdznamn\u00e9 zm\u011bny, zve\u0159ejn\u00edme ozn\u00e1men\u00ed na t\u00e9to str\u00e1nce. Pokra\u010dov\u00e1n\u00edm v pou\u017e\u00edv\u00e1n\u00ed Slu\u017eby po aktualizac\u00edch souhlas\u00edte s revidovan\u00fdmi z\u00e1sadami.<br><br>  <\/p><br><br><br><br>  <h2>Kontaktujte n\u00e1s<\/h2><br><br>  <p>Pokud m\u00e1te dotazy nebo obavy, obra\u0165te se pros\u00edm na:<\/p><br><br>  <p><br><br>    IP Automation Inc.<br><br>    400 E Fullerton Avenue<br><br>    Carol Stream, Illinois 60188<br><br>     E-mail: <a href=\"mailto:info@ipautomationinc.com\">info@ipautomationinc.com<\/a><br><br>    Telefon: 630-656-1215<br><br>  <\/p><br><br><br><br><\/p>","protected":false},"excerpt":{"rendered":"<p>Privacy Policy Last Updated: January 1, 2025 Effective Date: January 1, 2025 IP Automation Inc. (\u201cwe,\u201d \u201cour,\u201d or \u201cus\u201d) is<span class=\"excerpt-hellip\"> [\u2026]<\/span><\/p>\n","protected":false},"author":3,"featured_media":0,"parent":0,"menu_order":0,"comment_status":"closed","ping_status":"closed","template":"","meta":{"footnotes":""},"class_list":["post-5808","page","type-page","status-publish","hentry"],"yoast_head":"<!-- This site is optimized with the Yoast SEO plugin v27.4 - https:\/\/yoast.com\/product\/yoast-seo-wordpress\/ -->\n<title>Privacy Policy | IP Automation Inc<\/title>\n<meta name=\"description\" content=\"IP Automation Privacy Policy\" \/>\n<meta name=\"robots\" content=\"index, follow, max-snippet:-1, max-image-preview:large, max-video-preview:-1\" \/>\n<link rel=\"canonical\" href=\"https:\/\/ipautomationinc.com\/cs\/zasady-ochrany-osobnich-udaju\/\" \/>\n<meta property=\"og:locale\" content=\"cs_CZ\" \/>\n<meta property=\"og:type\" content=\"article\" \/>\n<meta property=\"og:title\" content=\"Privacy Policy | IP Automation Inc\" \/>\n<meta property=\"og:description\" content=\"IP Automation Privacy Policy\" \/>\n<meta property=\"og:url\" content=\"https:\/\/ipautomationinc.com\/cs\/zasady-ochrany-osobnich-udaju\/\" \/>\n<meta property=\"og:site_name\" content=\"IP Automation Inc\" \/>\n<meta property=\"article:publisher\" content=\"https:\/\/www.facebook.com\/ipautomationinc\/\" \/>\n<meta property=\"article:modified_time\" content=\"2025-06-27T15:08:34+00:00\" \/>\n<script type=\"application\/ld+json\" class=\"yoast-schema-graph\">{\"@context\":\"https:\\\/\\\/schema.org\",\"@graph\":[{\"@type\":\"WebPage\",\"@id\":\"https:\\\/\\\/ipautomationinc.com\\\/privacy-policy\\\/\",\"url\":\"https:\\\/\\\/ipautomationinc.com\\\/privacy-policy\\\/\",\"name\":\"Privacy Policy | IP Automation Inc\",\"isPartOf\":{\"@id\":\"https:\\\/\\\/ipautomationinc.com\\\/#website\"},\"datePublished\":\"2023-01-10T22:30:03+00:00\",\"dateModified\":\"2025-06-27T15:08:34+00:00\",\"description\":\"IP Automation Privacy Policy\",\"inLanguage\":\"cs\",\"potentialAction\":[{\"@type\":\"ReadAction\",\"target\":[\"https:\\\/\\\/ipautomationinc.com\\\/privacy-policy\\\/\"]}]},{\"@type\":\"WebSite\",\"@id\":\"https:\\\/\\\/ipautomationinc.com\\\/#website\",\"url\":\"https:\\\/\\\/ipautomationinc.com\\\/\",\"name\":\"IP Automation Inc\",\"description\":\"Concept... Creation... Reality...\",\"publisher\":{\"@id\":\"https:\\\/\\\/ipautomationinc.com\\\/#organization\"},\"potentialAction\":[{\"@type\":\"SearchAction\",\"target\":{\"@type\":\"EntryPoint\",\"urlTemplate\":\"https:\\\/\\\/ipautomationinc.com\\\/?s={search_term_string}\"},\"query-input\":{\"@type\":\"PropertyValueSpecification\",\"valueRequired\":true,\"valueName\":\"search_term_string\"}}],\"inLanguage\":\"cs\"},{\"@type\":\"Organization\",\"@id\":\"https:\\\/\\\/ipautomationinc.com\\\/#organization\",\"name\":\"IP Automation Inc\",\"url\":\"https:\\\/\\\/ipautomationinc.com\\\/\",\"logo\":{\"@type\":\"ImageObject\",\"inLanguage\":\"cs\",\"@id\":\"https:\\\/\\\/ipautomationinc.com\\\/#\\\/schema\\\/logo\\\/image\\\/\",\"url\":\"https:\\\/\\\/ipautomationinc.com\\\/wp-content\\\/uploads\\\/2022\\\/05\\\/IPA-Favicon.png\",\"contentUrl\":\"https:\\\/\\\/ipautomationinc.com\\\/wp-content\\\/uploads\\\/2022\\\/05\\\/IPA-Favicon.png\",\"width\":513,\"height\":513,\"caption\":\"IP Automation Inc\"},\"image\":{\"@id\":\"https:\\\/\\\/ipautomationinc.com\\\/#\\\/schema\\\/logo\\\/image\\\/\"},\"sameAs\":[\"https:\\\/\\\/www.facebook.com\\\/ipautomationinc\\\/\",\"https:\\\/\\\/www.linkedin.com\\\/company\\\/ip-automation-inc\\\/\",\"https:\\\/\\\/www.youtube.com\\\/@IPAutomation\"]}]}<\/script>\n<!-- \/ Yoast SEO plugin. -->","yoast_head_json":{"title":"Z\u00e1sady ochrany osobn\u00edch \u00fadaj\u016f | IP Automation Inc","description":"Z\u00e1sady ochrany osobn\u00edch \u00fadaj\u016f pro automatizaci IP","robots":{"index":"index","follow":"follow","max-snippet":"max-snippet:-1","max-image-preview":"max-image-preview:large","max-video-preview":"max-video-preview:-1"},"canonical":"https:\/\/ipautomationinc.com\/cs\/zasady-ochrany-osobnich-udaju\/","og_locale":"cs_CZ","og_type":"article","og_title":"Privacy Policy | IP Automation Inc","og_description":"IP Automation Privacy Policy","og_url":"https:\/\/ipautomationinc.com\/cs\/zasady-ochrany-osobnich-udaju\/","og_site_name":"IP Automation Inc","article_publisher":"https:\/\/www.facebook.com\/ipautomationinc\/","article_modified_time":"2025-06-27T15:08:34+00:00","schema":{"@context":"https:\/\/schema.org","@graph":[{"@type":"WebPage","@id":"https:\/\/ipautomationinc.com\/privacy-policy\/","url":"https:\/\/ipautomationinc.com\/privacy-policy\/","name":"Z\u00e1sady ochrany osobn\u00edch \u00fadaj\u016f | IP Automation Inc","isPartOf":{"@id":"https:\/\/ipautomationinc.com\/#website"},"datePublished":"2023-01-10T22:30:03+00:00","dateModified":"2025-06-27T15:08:34+00:00","description":"Z\u00e1sady ochrany osobn\u00edch \u00fadaj\u016f pro automatizaci IP","inLanguage":"cs","potentialAction":[{"@type":"ReadAction","target":["https:\/\/ipautomationinc.com\/privacy-policy\/"]}]},{"@type":"WebSite","@id":"https:\/\/ipautomationinc.com\/#website","url":"https:\/\/ipautomationinc.com\/","name":"IP Automation Inc","description":"Koncept... Tvorba... Realita...","publisher":{"@id":"https:\/\/ipautomationinc.com\/#organization"},"potentialAction":[{"@type":"SearchAction","target":{"@type":"EntryPoint","urlTemplate":"https:\/\/ipautomationinc.com\/?s={search_term_string}"},"query-input":{"@type":"PropertyValueSpecification","valueRequired":true,"valueName":"search_term_string"}}],"inLanguage":"cs"},{"@type":"Organization","@id":"https:\/\/ipautomationinc.com\/#organization","name":"IP Automation Inc","url":"https:\/\/ipautomationinc.com\/","logo":{"@type":"ImageObject","inLanguage":"cs","@id":"https:\/\/ipautomationinc.com\/#\/schema\/logo\/image\/","url":"https:\/\/ipautomationinc.com\/wp-content\/uploads\/2022\/05\/IPA-Favicon.png","contentUrl":"https:\/\/ipautomationinc.com\/wp-content\/uploads\/2022\/05\/IPA-Favicon.png","width":513,"height":513,"caption":"IP Automation Inc"},"image":{"@id":"https:\/\/ipautomationinc.com\/#\/schema\/logo\/image\/"},"sameAs":["https:\/\/www.facebook.com\/ipautomationinc\/","https:\/\/www.linkedin.com\/company\/ip-automation-inc\/","https:\/\/www.youtube.com\/@IPAutomation"]}]}},"_links":{"self":[{"href":"https:\/\/ipautomationinc.com\/cs\/wp-json\/wp\/v2\/pages\/5808","targetHints":{"allow":["GET"]}}],"collection":[{"href":"https:\/\/ipautomationinc.com\/cs\/wp-json\/wp\/v2\/pages"}],"about":[{"href":"https:\/\/ipautomationinc.com\/cs\/wp-json\/wp\/v2\/types\/page"}],"author":[{"embeddable":true,"href":"https:\/\/ipautomationinc.com\/cs\/wp-json\/wp\/v2\/users\/3"}],"replies":[{"embeddable":true,"href":"https:\/\/ipautomationinc.com\/cs\/wp-json\/wp\/v2\/comments?post=5808"}],"version-history":[{"count":5,"href":"https:\/\/ipautomationinc.com\/cs\/wp-json\/wp\/v2\/pages\/5808\/revisions"}],"predecessor-version":[{"id":37847,"href":"https:\/\/ipautomationinc.com\/cs\/wp-json\/wp\/v2\/pages\/5808\/revisions\/37847"}],"wp:attachment":[{"href":"https:\/\/ipautomationinc.com\/cs\/wp-json\/wp\/v2\/media?parent=5808"}],"curies":[{"name":"wp","href":"https:\/\/api.w.org\/{rel}","templated":true}]}}