{"id":4739,"date":"2023-01-17T10:42:03","date_gmt":"2023-01-17T16:42:03","guid":{"rendered":"https:\/\/ipautomationinc.com\/?page_id=4739"},"modified":"2025-09-10T15:42:08","modified_gmt":"2025-09-10T20:42:08","slug":"obrabeci-centrum","status":"publish","type":"page","link":"https:\/\/ipautomationinc.com\/cs\/accessories\/machining-center\/","title":{"rendered":"iFM obr\u00e1b\u011bc\u00ed centrum"},"content":{"rendered":"<h6 class=\"wp-block-heading\">Obr\u00e1b\u011bc\u00ed centrum tvaru dr\u00e1tu \u0159ady iFM. <strong>iFM-10-4 a iFM-13-4 jsou inovativn\u00edm pr\u016flomem pro sekund\u00e1rn\u00ed operace tvaru dr\u00e1tu, jako je sr\u00e1\u017een\u00ed hran, zmen\u0161ov\u00e1n\u00ed pr\u016fm\u011bru, \u0159ez\u00e1n\u00ed z\u00e1vit\u016f, fr\u00e9zov\u00e1n\u00ed a vrt\u00e1n\u00ed k\u0159\u00ed\u017eov\u00fdch otvor\u016f<\/strong>. Prvn\u00ed sv\u00e9ho druhu, iFM, je navr\u017een pro bezprobl\u00e9movou robotickou integraci s na\u0161\u00ed \u0159adou CNC stroj\u016f na oh\u00fdb\u00e1n\u00ed dr\u00e1tu a je pln\u011b programovateln\u00fd, aby se mohl p\u0159izp\u016fsobit \u0161irok\u00e9 \u0161k\u00e1le probl\u00e9m\u016f.<\/h6>\n\n\n\n<p><span class=\"builder2seo\"><\/span>&lt; back to accessories<br><a href=\"https:\/\/ipautomationinc.com\/cs\/prislusenstvi\/\">https:\/\/ipautomationinc.com\/accessories\/<\/a><br>#949494<br><br>Centrum dr\u00e1tov\u00e9ho obr\u00e1b\u011bn\u00ed \u0159ady iFM<br><br><img decoding=\"async\" src=\"https:\/\/ipautomationinc.com\/wp-content\/uploads\/2023\/11\/ifm-with-robot.png#35419\" alt=\"ifm with robot\"><br><br><h4>iFM-10-4 a iFM-13-4 jsou inovativn\u00edm pr\u016flomem pro sekund\u00e1rn\u00ed operace tvaru dr\u00e1tu, jako je sr\u00e1\u017een\u00ed hran, zmen\u0161ov\u00e1n\u00ed pr\u016fm\u011bru, z\u00e1vitov\u00e1n\u00ed, fr\u00e9zov\u00e1n\u00ed a vrt\u00e1n\u00ed k\u0159\u00ed\u017eov\u00fdch otvor\u016f.<\/h4><br><br><h4>Prvn\u00ed sv\u00e9ho druhu, iFM, je navr\u017een pro bezprobl\u00e9movou robotickou integraci s na\u0161\u00ed \u0159adou CNC stroj\u016f na oh\u00fdb\u00e1n\u00ed dr\u00e1tu a je pln\u011b programovateln\u00fd, aby se mohl p\u0159izp\u016fsobit \u0161irok\u00e9 \u0161k\u00e1le probl\u00e9m\u016f.<\/h4><br><br>5893,5890,5889,6045,6046,6047<br>#0455B3<br>3px 3px 3px 3px<br><br>Kliknut\u00edm sem zobraz\u00edte let\u00e1k v PDF<br><a href=\"https:\/\/ipautomationinc.com\/wp-content\/uploads\/2025\/09\/2025-iFM-Flyer.pdf\">https:\/\/ipautomationinc.com\/wp-content\/uploads\/2025\/09\/2025-iFM-Flyer.pdf<\/a><br>fas fa-file-pdf<br>button_theme<br>https:\/\/ipautomationinc.com\/wp-content\/uploads\/2025\/09\/2025-iFM-Flyer.pdf<br><br><br>M\u00e9dia<br><br><br>567,6218,6219,602<br>st\u0159edn\u00ed<br>#0455B3<br>3px 3px 3px 3px<br><br><br>Funkce<br><br>Kl\u00ed\u010dov\u00e9 vlastnosti<br>Podrobnosti<br>Uspo\u0159\u00e1d\u00e1n\u00ed stroje<br><br><br>2os\u00e9 obr\u00e1b\u011bc\u00ed centrum s volitelnou 3. osou<br><br>4 v\u0159etena pro efektivn\u00ed provoz<br><br>Sr\u00e1\u017een\u00ed hran, soustru\u017een\u00ed, z\u00e1vitov\u00e1n\u00ed, fr\u00e9zov\u00e1n\u00ed nebo vrt\u00e1n\u00ed v jednom stroji<br><br>10\u2033 (25,4 cm) dotykov\u00fd panel HMI s krytem. V\u00edce mo\u017enost\u00ed mont\u00e1\u017ee v dosahu pupe\u010dn\u00ed \u0161\u0148\u016fry<br><br>Automatick\u00e9 posuvn\u00e9 p\u0159\u00edstupov\u00e9 dve\u0159e<br><br><br>Automatick\u00e9 pneumatick\u00e9 up\u00edn\u00e1n\u00ed zaji\u0161\u0165uje nebo uvol\u0148uje d\u00edly, kdy\u017e je robot um\u00edst\u00ed. Konstrukce se 4 v\u0159eteny umo\u017e\u0148uje u\u017eivatel\u016fm rychlou v\u00fdm\u011bnu n\u00e1stroj\u016f pomoc\u00ed standardn\u00edch dr\u017e\u00e1k\u016f n\u00e1stroj\u016f. Program pr\u016fvodce na vzd\u00e1len\u011b namontovan\u00e9m krytu HMI poskytuje \u0159\u00edzen\u00ed \u00farovn\u011b CNC se zjednodu\u0161en\u00fdmi mo\u017enostmi nab\u00eddky. Mo\u017enost 3 osy poskytuje mo\u017enost interpolace kolem konce pro fr\u00e9zovan\u00e9 tvary a speci\u00e1ln\u00ed profily.<br><br><br><br><br><br>Vyt\u0159\u00edben\u00e1 jednoduchost na\u0161eho inteligentn\u00edho n\u00e1stroje na konci ramene robota a n\u00e1\u0161 programovac\u00ed form\u00e1t usnad\u0148uj\u00ed programov\u00e1n\u00ed a nastaven\u00ed s minim\u00e1ln\u00edm za\u0161kolen\u00edm.<br><br><br><br><br><br>U\u017eivatel\u00e9 mohou sn\u00ed\u017eit sekund\u00e1rn\u00ed mzdov\u00e9 n\u00e1klady t\u00e9m\u011b\u0159 na nulu, eliminovat WIP a vytvo\u0159it zcela automatizovanou \u0161t\u00edhlou bu\u0148ku, kter\u00e1 byla v minulosti pouze snem.<br><div class=\"image_frame image_item scale-with-grid element_classes no_border hover-disable mfn-img-box\"  role=\"link\" aria-label=\"Obr\u00e1zek s odkazy\" tabindex=\"0\"><div class=\"image_wrapper\"><a href=\"https:\/\/ipautomationinc.com\/wp-content\/uploads\/2023\/01\/ifm-cell-layout-1.jpg\" rel=\"prettyphoto\"   class=\"\"  tabindex=\"-1\" title=\"\"><div class=\"mask\"><\/div><img decoding=\"async\" class=\"scale-with-grid\" src=\"https:\/\/ipautomationinc.com\/wp-content\/uploads\/2023\/01\/ifm-cell-layout-1.jpg\" fetchpriority=\"high\" alt=\"rozlo\u017een\u00ed bun\u011bk ifm\" title=\"\" width=\"350\" height=\"584\" style=\"\"\/><\/a><div class=\"image_links\"><a href=\"https:\/\/ipautomationinc.com\/wp-content\/uploads\/2023\/01\/ifm-cell-layout-1.jpg\" class=\"zoom\" rel=\"prettyphoto\" tabindex=\"-1\" aria-label=\"zv\u011bt\u0161it obr\u00e1zek\" title=\"\"><svg viewbox=\"0 0 26 26\"><defs><style>.path{fill:none;stroke:#333;stroke-miterlimit:10;stroke-width:1.5px;}<\/style><\/defs><circle cx=\"11.35\" cy=\"11.35\" r=\"6\" class=\"path\"\/><line x1=\"15.59\" y1=\"15.59\" x2=\"20.65\" y2=\"20.65\" class=\"path\"\/><\/svg><\/a><\/div><\/div><\/div>\n<br><br><br><br><div class=\"image_frame image_item scale-with-grid element_classes no_border hover-disable mfn-img-box\"  role=\"link\" aria-label=\"Obr\u00e1zek s odkazy\" tabindex=\"0\"><div class=\"image_wrapper\"><a href=\"https:\/\/ipautomationinc.com\/wp-content\/uploads\/2022\/12\/Layer-4.jpg\" rel=\"prettyphoto\"   class=\"\"  tabindex=\"-1\" title=\"\"><div class=\"mask\"><\/div><img decoding=\"async\" class=\"scale-with-grid\" src=\"https:\/\/ipautomationinc.com\/wp-content\/uploads\/2022\/12\/Layer-4.jpg\" fetchpriority=\"high\" alt=\"Vrstva 4\" title=\"\" width=\"140\" height=\"506\" style=\"\"\/><\/a><div class=\"image_links\"><a href=\"https:\/\/ipautomationinc.com\/wp-content\/uploads\/2022\/12\/Layer-4.jpg\" class=\"zoom\" rel=\"prettyphoto\" tabindex=\"-1\" aria-label=\"zv\u011bt\u0161it obr\u00e1zek\" title=\"\"><svg viewbox=\"0 0 26 26\"><defs><style>.path{fill:none;stroke:#333;stroke-miterlimit:10;stroke-width:1.5px;}<\/style><\/defs><circle cx=\"11.35\" cy=\"11.35\" r=\"6\" class=\"path\"\/><line x1=\"15.59\" y1=\"15.59\" x2=\"20.65\" y2=\"20.65\" class=\"path\"\/><\/svg><\/a><\/div><\/div><\/div>\n<br><br><br><br><div class=\"image_frame image_item scale-with-grid element_classes no_border hover-disable mfn-img-box\"  role=\"link\" aria-label=\"Obr\u00e1zek s odkazy\" tabindex=\"0\"><div class=\"image_wrapper\"><a href=\"https:\/\/ipautomationinc.com\/wp-content\/uploads\/2023\/01\/ifm6-measurements.jpg\" rel=\"prettyphoto\"   class=\"\"  tabindex=\"-1\" title=\"\"><div class=\"mask\"><\/div><img decoding=\"async\" class=\"scale-with-grid\" src=\"https:\/\/ipautomationinc.com\/wp-content\/uploads\/2023\/01\/ifm6-measurements.jpg\" fetchpriority=\"high\" alt=\"ifm6 m\u011b\u0159en\u00ed\" title=\"\" width=\"200\" height=\"408\" style=\"\"\/><\/a><div class=\"image_links\"><a href=\"https:\/\/ipautomationinc.com\/wp-content\/uploads\/2023\/01\/ifm6-measurements.jpg\" class=\"zoom\" rel=\"prettyphoto\" tabindex=\"-1\" aria-label=\"zv\u011bt\u0161it obr\u00e1zek\" title=\"\"><svg viewbox=\"0 0 26 26\"><defs><style>.path{fill:none;stroke:#333;stroke-miterlimit:10;stroke-width:1.5px;}<\/style><\/defs><circle cx=\"11.35\" cy=\"11.35\" r=\"6\" class=\"path\"\/><line x1=\"15.59\" y1=\"15.59\" x2=\"20.65\" y2=\"20.65\" class=\"path\"\/><\/svg><\/a><\/div><\/div><\/div>\n<br><br><br><br><div class=\"image_frame image_item scale-with-grid element_classes no_border hover-disable mfn-img-box\"  role=\"link\" aria-label=\"Obr\u00e1zek s odkazy\" tabindex=\"0\"><div class=\"image_wrapper\"><a href=\"https:\/\/ipautomationinc.com\/wp-content\/uploads\/2022\/12\/Layer-8.jpg\" rel=\"prettyphoto\"   class=\"\"  tabindex=\"-1\" title=\"\"><div class=\"mask\"><\/div><img decoding=\"async\" class=\"scale-with-grid\" src=\"https:\/\/ipautomationinc.com\/wp-content\/uploads\/2022\/12\/Layer-8.jpg\" fetchpriority=\"high\" alt=\"Vrstva 8\" title=\"\" width=\"140\" height=\"460\" style=\"\"\/><\/a><div class=\"image_links\"><a href=\"https:\/\/ipautomationinc.com\/wp-content\/uploads\/2022\/12\/Layer-8.jpg\" class=\"zoom\" rel=\"prettyphoto\" tabindex=\"-1\" aria-label=\"zv\u011bt\u0161it obr\u00e1zek\" title=\"\"><svg viewbox=\"0 0 26 26\"><defs><style>.path{fill:none;stroke:#333;stroke-miterlimit:10;stroke-width:1.5px;}<\/style><\/defs><circle cx=\"11.35\" cy=\"11.35\" r=\"6\" class=\"path\"\/><line x1=\"15.59\" y1=\"15.59\" x2=\"20.65\" y2=\"20.65\" class=\"path\"\/><\/svg><\/a><\/div><\/div><\/div>\n<br><br><br><br><div class=\"image_frame image_item scale-with-grid element_classes no_border hover-disable mfn-img-box\"  role=\"link\" aria-label=\"Obr\u00e1zek s odkazy\" tabindex=\"0\"><div class=\"image_wrapper\"><a href=\"https:\/\/ipautomationinc.com\/wp-content\/uploads\/2022\/12\/Layer-10.jpg\" rel=\"prettyphoto\"   class=\"\"  tabindex=\"-1\" title=\"\"><div class=\"mask\"><\/div><img decoding=\"async\" class=\"scale-with-grid\" src=\"https:\/\/ipautomationinc.com\/wp-content\/uploads\/2022\/12\/Layer-10.jpg\" fetchpriority=\"high\" alt=\"Vrstva 10\" title=\"\" width=\"140\" height=\"408\" style=\"\"\/><\/a><div class=\"image_links\"><a href=\"https:\/\/ipautomationinc.com\/wp-content\/uploads\/2022\/12\/Layer-10.jpg\" class=\"zoom\" rel=\"prettyphoto\" tabindex=\"-1\" aria-label=\"zv\u011bt\u0161it obr\u00e1zek\" title=\"\"><svg viewbox=\"0 0 26 26\"><defs><style>.path{fill:none;stroke:#333;stroke-miterlimit:10;stroke-width:1.5px;}<\/style><\/defs><circle cx=\"11.35\" cy=\"11.35\" r=\"6\" class=\"path\"\/><line x1=\"15.59\" y1=\"15.59\" x2=\"20.65\" y2=\"20.65\" class=\"path\"\/><\/svg><\/a><\/div><\/div><\/div>\n<br>#EBEBEB<br>#222222<br><br><br>Specifikace<br><br><br><br><\/p>","protected":false},"excerpt":{"rendered":"<p>iFM Series Wire Form Machining Center. The iFM-10-4, and iFM-13-4 are an innovative breakthrough for wire form secondary operations like<span class=\"excerpt-hellip\"> [\u2026]<\/span><\/p>\n","protected":false},"author":3,"featured_media":0,"parent":7745,"menu_order":0,"comment_status":"closed","ping_status":"closed","template":"","meta":{"footnotes":""},"class_list":["post-4739","page","type-page","status-publish","hentry"],"yoast_head":"<!-- This site is optimized with the Yoast SEO plugin v27.3 - https:\/\/yoast.com\/product\/yoast-seo-wordpress\/ -->\n<title>iFM Machining Center | IP Automation Inc<\/title>\n<meta name=\"description\" content=\"The iFM machining center is an innovative breakthrough for wire form secondary operations like chamfering, threading, and more.\" \/>\n<meta name=\"robots\" content=\"index, follow, max-snippet:-1, max-image-preview:large, max-video-preview:-1\" \/>\n<link rel=\"canonical\" href=\"https:\/\/ipautomationinc.com\/cs\/prislusenstvi\/obrabeci-centrum\/\" \/>\n<meta property=\"og:locale\" content=\"cs_CZ\" \/>\n<meta property=\"og:type\" content=\"article\" \/>\n<meta property=\"og:title\" content=\"iFM Machining Center | IP Automation Inc\" \/>\n<meta property=\"og:description\" content=\"The iFM machining center is an innovative breakthrough for wire form secondary operations like chamfering, threading, and more.\" \/>\n<meta property=\"og:url\" content=\"https:\/\/ipautomationinc.com\/cs\/prislusenstvi\/obrabeci-centrum\/\" \/>\n<meta property=\"og:site_name\" content=\"IP Automation Inc\" \/>\n<meta property=\"article:publisher\" content=\"https:\/\/www.facebook.com\/ipautomationinc\/\" \/>\n<meta property=\"article:modified_time\" content=\"2025-09-10T20:42:08+00:00\" \/>\n<meta property=\"og:image\" content=\"https:\/\/ipautomationinc.com\/wp-content\/uploads\/2023\/11\/ifm-with-robot.png#35419\" \/>\n<script type=\"application\/ld+json\" class=\"yoast-schema-graph\">{\"@context\":\"https:\\\/\\\/schema.org\",\"@graph\":[{\"@type\":\"WebPage\",\"@id\":\"https:\\\/\\\/ipautomationinc.com\\\/accessories\\\/machining-center\\\/\",\"url\":\"https:\\\/\\\/ipautomationinc.com\\\/accessories\\\/machining-center\\\/\",\"name\":\"iFM Machining Center | IP Automation Inc\",\"isPartOf\":{\"@id\":\"https:\\\/\\\/ipautomationinc.com\\\/#website\"},\"primaryImageOfPage\":{\"@id\":\"https:\\\/\\\/ipautomationinc.com\\\/accessories\\\/machining-center\\\/#primaryimage\"},\"image\":{\"@id\":\"https:\\\/\\\/ipautomationinc.com\\\/accessories\\\/machining-center\\\/#primaryimage\"},\"thumbnailUrl\":\"https:\\\/\\\/ipautomationinc.com\\\/wp-content\\\/uploads\\\/2023\\\/11\\\/ifm-with-robot.png#35419\",\"datePublished\":\"2023-01-17T16:42:03+00:00\",\"dateModified\":\"2025-09-10T20:42:08+00:00\",\"description\":\"The iFM machining center is an innovative breakthrough for wire form secondary operations like chamfering, threading, and more.\",\"breadcrumb\":{\"@id\":\"https:\\\/\\\/ipautomationinc.com\\\/accessories\\\/machining-center\\\/#breadcrumb\"},\"inLanguage\":\"cs\",\"potentialAction\":[{\"@type\":\"ReadAction\",\"target\":[\"https:\\\/\\\/ipautomationinc.com\\\/accessories\\\/machining-center\\\/\"]}]},{\"@type\":\"ImageObject\",\"inLanguage\":\"cs\",\"@id\":\"https:\\\/\\\/ipautomationinc.com\\\/accessories\\\/machining-center\\\/#primaryimage\",\"url\":\"https:\\\/\\\/ipautomationinc.com\\\/wp-content\\\/uploads\\\/2023\\\/11\\\/ifm-with-robot.png#35419\",\"contentUrl\":\"https:\\\/\\\/ipautomationinc.com\\\/wp-content\\\/uploads\\\/2023\\\/11\\\/ifm-with-robot.png#35419\"},{\"@type\":\"BreadcrumbList\",\"@id\":\"https:\\\/\\\/ipautomationinc.com\\\/accessories\\\/machining-center\\\/#breadcrumb\",\"itemListElement\":[{\"@type\":\"ListItem\",\"position\":1,\"name\":\"Accessories\",\"item\":\"https:\\\/\\\/ipautomationinc.com\\\/accessories\\\/\"},{\"@type\":\"ListItem\",\"position\":2,\"name\":\"iFM Machining Center\"}]},{\"@type\":\"WebSite\",\"@id\":\"https:\\\/\\\/ipautomationinc.com\\\/#website\",\"url\":\"https:\\\/\\\/ipautomationinc.com\\\/\",\"name\":\"IP Automation Inc\",\"description\":\"Concept... Creation... Reality...\",\"publisher\":{\"@id\":\"https:\\\/\\\/ipautomationinc.com\\\/#organization\"},\"potentialAction\":[{\"@type\":\"SearchAction\",\"target\":{\"@type\":\"EntryPoint\",\"urlTemplate\":\"https:\\\/\\\/ipautomationinc.com\\\/?s={search_term_string}\"},\"query-input\":{\"@type\":\"PropertyValueSpecification\",\"valueRequired\":true,\"valueName\":\"search_term_string\"}}],\"inLanguage\":\"cs\"},{\"@type\":\"Organization\",\"@id\":\"https:\\\/\\\/ipautomationinc.com\\\/#organization\",\"name\":\"IP Automation Inc\",\"url\":\"https:\\\/\\\/ipautomationinc.com\\\/\",\"logo\":{\"@type\":\"ImageObject\",\"inLanguage\":\"cs\",\"@id\":\"https:\\\/\\\/ipautomationinc.com\\\/#\\\/schema\\\/logo\\\/image\\\/\",\"url\":\"https:\\\/\\\/ipautomationinc.com\\\/wp-content\\\/uploads\\\/2022\\\/05\\\/IPA-Favicon.png\",\"contentUrl\":\"https:\\\/\\\/ipautomationinc.com\\\/wp-content\\\/uploads\\\/2022\\\/05\\\/IPA-Favicon.png\",\"width\":513,\"height\":513,\"caption\":\"IP Automation Inc\"},\"image\":{\"@id\":\"https:\\\/\\\/ipautomationinc.com\\\/#\\\/schema\\\/logo\\\/image\\\/\"},\"sameAs\":[\"https:\\\/\\\/www.facebook.com\\\/ipautomationinc\\\/\",\"https:\\\/\\\/www.linkedin.com\\\/company\\\/ip-automation-inc\\\/\",\"https:\\\/\\\/www.youtube.com\\\/@IPAutomation\"]}]}<\/script>\n<!-- \/ Yoast SEO plugin. -->","yoast_head_json":{"title":"iFM obr\u00e1b\u011bc\u00ed centrum | IP Automation Inc","description":"Obr\u00e1b\u011bc\u00ed centrum iFM je inovativn\u00ed pr\u016flom pro sekund\u00e1rn\u00ed operace tvaru dr\u00e1tu, jako je sr\u00e1\u017een\u00ed hran, \u0159ez\u00e1n\u00ed z\u00e1vit\u016f a dal\u0161\u00ed.","robots":{"index":"index","follow":"follow","max-snippet":"max-snippet:-1","max-image-preview":"max-image-preview:large","max-video-preview":"max-video-preview:-1"},"canonical":"https:\/\/ipautomationinc.com\/cs\/prislusenstvi\/obrabeci-centrum\/","og_locale":"cs_CZ","og_type":"article","og_title":"iFM Machining Center | IP Automation Inc","og_description":"The iFM machining center is an innovative breakthrough for wire form secondary operations like chamfering, threading, and more.","og_url":"https:\/\/ipautomationinc.com\/cs\/prislusenstvi\/obrabeci-centrum\/","og_site_name":"IP Automation Inc","article_publisher":"https:\/\/www.facebook.com\/ipautomationinc\/","article_modified_time":"2025-09-10T20:42:08+00:00","og_image":[{"url":"https:\/\/ipautomationinc.com\/wp-content\/uploads\/2023\/11\/ifm-with-robot.png#35419","type":"","width":"","height":""}],"schema":{"@context":"https:\/\/schema.org","@graph":[{"@type":"WebPage","@id":"https:\/\/ipautomationinc.com\/accessories\/machining-center\/","url":"https:\/\/ipautomationinc.com\/accessories\/machining-center\/","name":"iFM obr\u00e1b\u011bc\u00ed centrum | IP Automation Inc","isPartOf":{"@id":"https:\/\/ipautomationinc.com\/#website"},"primaryImageOfPage":{"@id":"https:\/\/ipautomationinc.com\/accessories\/machining-center\/#primaryimage"},"image":{"@id":"https:\/\/ipautomationinc.com\/accessories\/machining-center\/#primaryimage"},"thumbnailUrl":"https:\/\/ipautomationinc.com\/wp-content\/uploads\/2023\/11\/ifm-with-robot.png#35419","datePublished":"2023-01-17T16:42:03+00:00","dateModified":"2025-09-10T20:42:08+00:00","description":"Obr\u00e1b\u011bc\u00ed centrum iFM je inovativn\u00ed pr\u016flom pro sekund\u00e1rn\u00ed operace tvaru dr\u00e1tu, jako je sr\u00e1\u017een\u00ed hran, \u0159ez\u00e1n\u00ed z\u00e1vit\u016f a dal\u0161\u00ed.","breadcrumb":{"@id":"https:\/\/ipautomationinc.com\/accessories\/machining-center\/#breadcrumb"},"inLanguage":"cs","potentialAction":[{"@type":"ReadAction","target":["https:\/\/ipautomationinc.com\/accessories\/machining-center\/"]}]},{"@type":"ImageObject","inLanguage":"cs","@id":"https:\/\/ipautomationinc.com\/accessories\/machining-center\/#primaryimage","url":"https:\/\/ipautomationinc.com\/wp-content\/uploads\/2023\/11\/ifm-with-robot.png#35419","contentUrl":"https:\/\/ipautomationinc.com\/wp-content\/uploads\/2023\/11\/ifm-with-robot.png#35419"},{"@type":"BreadcrumbList","@id":"https:\/\/ipautomationinc.com\/accessories\/machining-center\/#breadcrumb","itemListElement":[{"@type":"ListItem","position":1,"name":"Accessories","item":"https:\/\/ipautomationinc.com\/accessories\/"},{"@type":"ListItem","position":2,"name":"iFM Machining Center"}]},{"@type":"WebSite","@id":"https:\/\/ipautomationinc.com\/#website","url":"https:\/\/ipautomationinc.com\/","name":"IP Automation Inc","description":"Koncept... Tvorba... Realita...","publisher":{"@id":"https:\/\/ipautomationinc.com\/#organization"},"potentialAction":[{"@type":"SearchAction","target":{"@type":"EntryPoint","urlTemplate":"https:\/\/ipautomationinc.com\/?s={search_term_string}"},"query-input":{"@type":"PropertyValueSpecification","valueRequired":true,"valueName":"search_term_string"}}],"inLanguage":"cs"},{"@type":"Organization","@id":"https:\/\/ipautomationinc.com\/#organization","name":"IP Automation Inc","url":"https:\/\/ipautomationinc.com\/","logo":{"@type":"ImageObject","inLanguage":"cs","@id":"https:\/\/ipautomationinc.com\/#\/schema\/logo\/image\/","url":"https:\/\/ipautomationinc.com\/wp-content\/uploads\/2022\/05\/IPA-Favicon.png","contentUrl":"https:\/\/ipautomationinc.com\/wp-content\/uploads\/2022\/05\/IPA-Favicon.png","width":513,"height":513,"caption":"IP Automation Inc"},"image":{"@id":"https:\/\/ipautomationinc.com\/#\/schema\/logo\/image\/"},"sameAs":["https:\/\/www.facebook.com\/ipautomationinc\/","https:\/\/www.linkedin.com\/company\/ip-automation-inc\/","https:\/\/www.youtube.com\/@IPAutomation"]}]}},"_links":{"self":[{"href":"https:\/\/ipautomationinc.com\/cs\/wp-json\/wp\/v2\/pages\/4739","targetHints":{"allow":["GET"]}}],"collection":[{"href":"https:\/\/ipautomationinc.com\/cs\/wp-json\/wp\/v2\/pages"}],"about":[{"href":"https:\/\/ipautomationinc.com\/cs\/wp-json\/wp\/v2\/types\/page"}],"author":[{"embeddable":true,"href":"https:\/\/ipautomationinc.com\/cs\/wp-json\/wp\/v2\/users\/3"}],"replies":[{"embeddable":true,"href":"https:\/\/ipautomationinc.com\/cs\/wp-json\/wp\/v2\/comments?post=4739"}],"version-history":[{"count":2,"href":"https:\/\/ipautomationinc.com\/cs\/wp-json\/wp\/v2\/pages\/4739\/revisions"}],"predecessor-version":[{"id":38202,"href":"https:\/\/ipautomationinc.com\/cs\/wp-json\/wp\/v2\/pages\/4739\/revisions\/38202"}],"up":[{"embeddable":true,"href":"https:\/\/ipautomationinc.com\/cs\/wp-json\/wp\/v2\/pages\/7745"}],"wp:attachment":[{"href":"https:\/\/ipautomationinc.com\/cs\/wp-json\/wp\/v2\/media?parent=4739"}],"curies":[{"name":"wp","href":"https:\/\/api.w.org\/{rel}","templated":true}]}}