{"id":39610,"date":"2026-03-26T13:43:07","date_gmt":"2026-03-26T18:43:07","guid":{"rendered":"https:\/\/ipautomationinc.com\/?page_id=39610"},"modified":"2026-03-27T12:38:54","modified_gmt":"2026-03-27T17:38:54","slug":"referencni-prumer-dratu","status":"publish","type":"page","link":"https:\/\/ipautomationinc.com\/cs\/wire-diameter-reference\/","title":{"rendered":"Referen\u010dn\u00ed pr\u016fm\u011br dr\u00e1tu"},"content":{"rendered":"","protected":false},"excerpt":{"rendered":"","protected":false},"author":3,"featured_media":0,"parent":0,"menu_order":0,"comment_status":"closed","ping_status":"closed","template":"","meta":{"footnotes":""},"class_list":["post-39610","page","type-page","status-publish","hentry"],"yoast_head":"<!-- This site is optimized with the Yoast SEO plugin v27.4 - https:\/\/yoast.com\/product\/yoast-seo-wordpress\/ -->\n<title>Wire Diameter Reference | IP Automation Inc<\/title>\n<meta name=\"description\" content=\"Use our machine size guide to see what size cnc wire bending machine you need based off of wire diameter and tensile.\" \/>\n<meta name=\"robots\" content=\"index, follow, max-snippet:-1, max-image-preview:large, max-video-preview:-1\" \/>\n<link rel=\"canonical\" href=\"https:\/\/ipautomationinc.com\/cs\/referencni-prumer-dratu\/\" \/>\n<meta property=\"og:locale\" content=\"cs_CZ\" \/>\n<meta property=\"og:type\" content=\"article\" \/>\n<meta property=\"og:title\" content=\"Wire Diameter Reference | IP Automation Inc\" \/>\n<meta property=\"og:description\" content=\"Use our machine size guide to see what size cnc wire bending machine you need based off of wire diameter and tensile.\" \/>\n<meta property=\"og:url\" content=\"https:\/\/ipautomationinc.com\/cs\/referencni-prumer-dratu\/\" \/>\n<meta property=\"og:site_name\" content=\"IP Automation Inc\" \/>\n<meta property=\"article:publisher\" content=\"https:\/\/www.facebook.com\/ipautomationinc\/\" \/>\n<meta property=\"article:modified_time\" content=\"2026-03-27T17:38:54+00:00\" \/>\n<script type=\"application\/ld+json\" class=\"yoast-schema-graph\">{\"@context\":\"https:\\\/\\\/schema.org\",\"@graph\":[{\"@type\":\"WebPage\",\"@id\":\"https:\\\/\\\/ipautomationinc.com\\\/wire-diameter-reference\\\/\",\"url\":\"https:\\\/\\\/ipautomationinc.com\\\/wire-diameter-reference\\\/\",\"name\":\"Wire Diameter Reference | IP Automation Inc\",\"isPartOf\":{\"@id\":\"https:\\\/\\\/ipautomationinc.com\\\/#website\"},\"datePublished\":\"2026-03-26T18:43:07+00:00\",\"dateModified\":\"2026-03-27T17:38:54+00:00\",\"description\":\"Use our machine size guide to see what size cnc wire bending machine you need based off of wire diameter and tensile.\",\"inLanguage\":\"cs\",\"potentialAction\":[{\"@type\":\"ReadAction\",\"target\":[\"https:\\\/\\\/ipautomationinc.com\\\/wire-diameter-reference\\\/\"]}]},{\"@type\":\"WebSite\",\"@id\":\"https:\\\/\\\/ipautomationinc.com\\\/#website\",\"url\":\"https:\\\/\\\/ipautomationinc.com\\\/\",\"name\":\"IP Automation Inc\",\"description\":\"Concept... Creation... Reality...\",\"publisher\":{\"@id\":\"https:\\\/\\\/ipautomationinc.com\\\/#organization\"},\"potentialAction\":[{\"@type\":\"SearchAction\",\"target\":{\"@type\":\"EntryPoint\",\"urlTemplate\":\"https:\\\/\\\/ipautomationinc.com\\\/?s={search_term_string}\"},\"query-input\":{\"@type\":\"PropertyValueSpecification\",\"valueRequired\":true,\"valueName\":\"search_term_string\"}}],\"inLanguage\":\"cs\"},{\"@type\":\"Organization\",\"@id\":\"https:\\\/\\\/ipautomationinc.com\\\/#organization\",\"name\":\"IP Automation Inc\",\"url\":\"https:\\\/\\\/ipautomationinc.com\\\/\",\"logo\":{\"@type\":\"ImageObject\",\"inLanguage\":\"cs\",\"@id\":\"https:\\\/\\\/ipautomationinc.com\\\/#\\\/schema\\\/logo\\\/image\\\/\",\"url\":\"https:\\\/\\\/ipautomationinc.com\\\/wp-content\\\/uploads\\\/2022\\\/05\\\/IPA-Favicon.png\",\"contentUrl\":\"https:\\\/\\\/ipautomationinc.com\\\/wp-content\\\/uploads\\\/2022\\\/05\\\/IPA-Favicon.png\",\"width\":513,\"height\":513,\"caption\":\"IP Automation Inc\"},\"image\":{\"@id\":\"https:\\\/\\\/ipautomationinc.com\\\/#\\\/schema\\\/logo\\\/image\\\/\"},\"sameAs\":[\"https:\\\/\\\/www.facebook.com\\\/ipautomationinc\\\/\",\"https:\\\/\\\/www.linkedin.com\\\/company\\\/ip-automation-inc\\\/\",\"https:\\\/\\\/www.youtube.com\\\/@IPAutomation\"]}]}<\/script>\n<!-- \/ Yoast SEO plugin. -->","yoast_head_json":{"title":"Referen\u010dn\u00ed pr\u016fm\u011br dr\u00e1tu | IP Automation Inc","description":"Pomoc\u00ed na\u0161eho pr\u016fvodce velikost\u00ed stroje zjist\u00edte, jakou velikost cnc oh\u00fdba\u010dky dr\u00e1tu pot\u0159ebujete na z\u00e1klad\u011b pr\u016fm\u011bru dr\u00e1tu a pevnosti v tahu.","robots":{"index":"index","follow":"follow","max-snippet":"max-snippet:-1","max-image-preview":"max-image-preview:large","max-video-preview":"max-video-preview:-1"},"canonical":"https:\/\/ipautomationinc.com\/cs\/referencni-prumer-dratu\/","og_locale":"cs_CZ","og_type":"article","og_title":"Wire Diameter Reference | IP Automation Inc","og_description":"Use our machine size guide to see what size cnc wire bending machine you need based off of wire diameter and tensile.","og_url":"https:\/\/ipautomationinc.com\/cs\/referencni-prumer-dratu\/","og_site_name":"IP Automation Inc","article_publisher":"https:\/\/www.facebook.com\/ipautomationinc\/","article_modified_time":"2026-03-27T17:38:54+00:00","schema":{"@context":"https:\/\/schema.org","@graph":[{"@type":"WebPage","@id":"https:\/\/ipautomationinc.com\/wire-diameter-reference\/","url":"https:\/\/ipautomationinc.com\/wire-diameter-reference\/","name":"Referen\u010dn\u00ed pr\u016fm\u011br dr\u00e1tu | IP Automation Inc","isPartOf":{"@id":"https:\/\/ipautomationinc.com\/#website"},"datePublished":"2026-03-26T18:43:07+00:00","dateModified":"2026-03-27T17:38:54+00:00","description":"Pomoc\u00ed na\u0161eho pr\u016fvodce velikost\u00ed stroje zjist\u00edte, jakou velikost cnc oh\u00fdba\u010dky dr\u00e1tu pot\u0159ebujete na z\u00e1klad\u011b pr\u016fm\u011bru dr\u00e1tu a pevnosti v tahu.","inLanguage":"cs","potentialAction":[{"@type":"ReadAction","target":["https:\/\/ipautomationinc.com\/wire-diameter-reference\/"]}]},{"@type":"WebSite","@id":"https:\/\/ipautomationinc.com\/#website","url":"https:\/\/ipautomationinc.com\/","name":"IP Automation Inc","description":"Koncept... Tvorba... Realita...","publisher":{"@id":"https:\/\/ipautomationinc.com\/#organization"},"potentialAction":[{"@type":"SearchAction","target":{"@type":"EntryPoint","urlTemplate":"https:\/\/ipautomationinc.com\/?s={search_term_string}"},"query-input":{"@type":"PropertyValueSpecification","valueRequired":true,"valueName":"search_term_string"}}],"inLanguage":"cs"},{"@type":"Organization","@id":"https:\/\/ipautomationinc.com\/#organization","name":"IP Automation Inc","url":"https:\/\/ipautomationinc.com\/","logo":{"@type":"ImageObject","inLanguage":"cs","@id":"https:\/\/ipautomationinc.com\/#\/schema\/logo\/image\/","url":"https:\/\/ipautomationinc.com\/wp-content\/uploads\/2022\/05\/IPA-Favicon.png","contentUrl":"https:\/\/ipautomationinc.com\/wp-content\/uploads\/2022\/05\/IPA-Favicon.png","width":513,"height":513,"caption":"IP Automation Inc"},"image":{"@id":"https:\/\/ipautomationinc.com\/#\/schema\/logo\/image\/"},"sameAs":["https:\/\/www.facebook.com\/ipautomationinc\/","https:\/\/www.linkedin.com\/company\/ip-automation-inc\/","https:\/\/www.youtube.com\/@IPAutomation"]}]}},"_links":{"self":[{"href":"https:\/\/ipautomationinc.com\/cs\/wp-json\/wp\/v2\/pages\/39610","targetHints":{"allow":["GET"]}}],"collection":[{"href":"https:\/\/ipautomationinc.com\/cs\/wp-json\/wp\/v2\/pages"}],"about":[{"href":"https:\/\/ipautomationinc.com\/cs\/wp-json\/wp\/v2\/types\/page"}],"author":[{"embeddable":true,"href":"https:\/\/ipautomationinc.com\/cs\/wp-json\/wp\/v2\/users\/3"}],"replies":[{"embeddable":true,"href":"https:\/\/ipautomationinc.com\/cs\/wp-json\/wp\/v2\/comments?post=39610"}],"version-history":[{"count":3,"href":"https:\/\/ipautomationinc.com\/cs\/wp-json\/wp\/v2\/pages\/39610\/revisions"}],"predecessor-version":[{"id":39619,"href":"https:\/\/ipautomationinc.com\/cs\/wp-json\/wp\/v2\/pages\/39610\/revisions\/39619"}],"wp:attachment":[{"href":"https:\/\/ipautomationinc.com\/cs\/wp-json\/wp\/v2\/media?parent=39610"}],"curies":[{"name":"wp","href":"https:\/\/api.w.org\/{rel}","templated":true}]}}