{"id":39417,"date":"2026-02-12T14:18:54","date_gmt":"2026-02-12T20:18:54","guid":{"rendered":"https:\/\/ipautomationinc.com\/?page_id=39417"},"modified":"2026-02-17T16:59:46","modified_gmt":"2026-02-17T22:59:46","slug":"inteligentni","status":"publish","type":"page","link":"https:\/\/ipautomationinc.com\/cs\/intellibend\/","title":{"rendered":"Intellibend"},"content":{"rendered":"<p>N\u00e1\u0161 software Intellibend obsahuje v\u00fdkonn\u00e9 programovac\u00ed n\u00e1stroje a funkce, kter\u00e9 se snadno ovl\u00e1daj\u00ed a poskytuj\u00ed rozs\u00e1hlou kontrolu nad oh\u00fdb\u00e1n\u00edm, simulac\u00ed a \u0159\u00edzen\u00edm strojn\u00edch operac\u00ed.<\/p>\n\n\n\n<p><span class=\"builder2seo\"><\/span>Software Intellibend<br><br><br><p><span>N\u00e1\u0161 software Intellibend obsahuje v\u00fdkonn\u00e9 programovac\u00ed n\u00e1stroje a funkce, kter\u00e9 se snadno ovl\u00e1daj\u00ed a poskytuj\u00ed rozs\u00e1hlou kontrolu nad oh\u00fdb\u00e1n\u00edm, simulac\u00ed a \u0159\u00edzen\u00edm strojn\u00edch operac\u00ed.<\/span><\/p><br><br>autoplay=1&amp;muted=1&amp;loop=1&amp;controls=0<br>a;;l;m<br><br>Software Intellibend<br>#000000<br><br><br><p><span>N\u00e1\u0161 software Intellibend obsahuje v\u00fdkonn\u00e9 programovac\u00ed n\u00e1stroje a funkce, kter\u00e9 se snadno ovl\u00e1daj\u00ed a poskytuj\u00ed rozs\u00e1hlou kontrolu nad oh\u00fdb\u00e1n\u00edm, simulac\u00ed a \u0159\u00edzen\u00edm strojn\u00edch operac\u00ed.<\/span><\/p><br><br><img decoding=\"async\" src=\"https:\/\/ipautomationinc.com\/wp-content\/uploads\/2026\/02\/Software-interface.webp#39419\" alt=\"Intellibend software interface\"><br>https:\/\/ipautomationinc.com\/wp-content\/uploads\/2026\/02\/Software-interface.webp#39419<br>Zvyk<br><br>Funkce programov\u00e1n\u00ed sou\u010d\u00e1st\u00ed<br>Obecn\u00e9 specifikace<br>Konektivita<br><br><br>  Mo\u017enosti LRA a absolutn\u00edho programov\u00e1n\u00ed<br><br>  Ovl\u00e1d\u00e1n\u00ed zrychlen\u00ed, zpomalen\u00ed a zrychlen\u00ed mimo zat\u00e1\u010dku<br><br>  Pln\u011b integrovan\u00e1 3D animovan\u00e1 simulace s detekc\u00ed koliz\u00ed pomoc\u00ed enginu Unity<br><br>  3D model integrovan\u00fd do programu s dotykov\u00fdm ovl\u00e1d\u00e1n\u00edm pro rychl\u00e9 vyhled\u00e1v\u00e1n\u00ed<br><br>  Funkce importu soubor\u016f krok za krokem (k dispozici u v\u011bt\u0161iny model\u016f)<br><br>  Omezen\u00ed kontroly na \u00farovni u\u017eivatele<br><br>  Programovateln\u00e1 kalibrace oh\u00fdb\u00e1n\u00ed pro ka\u017ed\u00fd n\u00e1stroj a dr\u00e1t<br><br>  Vestav\u011bn\u00e9 sloupce pozn\u00e1mek<br><br>  Vol\u00e1n\u00ed makro programu<br><br>  Pln\u00e1 funkce vr\u00e1cen\u00ed\/znovu<br><br>  Okno servo jogu<br><br><br><br><br>  Pln\u00e9 CNC \u0159\u00edzen\u00ed<br><br>  Opera\u010dn\u00ed syst\u00e9m Windows Enterprise LTSC<br><br>  Bezplatn\u00e9 aktualizace softwaru Intellibend<br><br>  N\u00e1stroje pro automatick\u00e9 ukl\u00e1d\u00e1n\u00ed\/z\u00e1lohov\u00e1n\u00ed<br><br>  Integrovan\u00e1 kontrola d\u00e1vek a po\u010d\u00edt\u00e1n\u00ed kus\u016f<br><br>  Po\u010d\u00edta\u010d s polovodi\u010dov\u00fdm procesorem bez nutnosti ventilace<br><br>  Chytr\u00e1 ozn\u00e1men\u00ed o \u00fadr\u017eb\u011b na z\u00e1klad\u011b dat o pohybu<br><br>  V\u00edcejazy\u010dn\u00e9 nab\u00eddky a ikonografick\u00e1 tla\u010d\u00edtka na dotykov\u00e9 obrazovce<br><br><br><br><br>  Rychl\u00fd a bezpe\u010dn\u00fd VPN tunel pro vzd\u00e1len\u00e9 p\u0159ipojen\u00ed k podpo\u0159e<br><br>  Automatick\u00e9 vol\u00e1n\u00ed a zotaven\u00ed po chyb\u011b s roboty Fanuc a Yaskawa Motoman<br><br>  Funkce OPC UA pro implementaci IIoT<br><br>  K dispozici jsou vlastn\u00ed I\/O funkce<br><br>  V\u00edcedotykov\u00e1 obrazovka \u2013 kl\u00e1vesnice nen\u00ed pot\u0159eba (k dispozici je port USB)<br><br><br>vertical<br>#767676<br>#0444B0<br><br><\/p>","protected":false},"excerpt":{"rendered":"<p>Our Intellibend software incorporates powerful programming tools and capabilities that are easy to learn and provide extensive control over bending,<span class=\"excerpt-hellip\"> [\u2026]<\/span><\/p>\n","protected":false},"author":3,"featured_media":0,"parent":0,"menu_order":0,"comment_status":"closed","ping_status":"closed","template":"","meta":{"footnotes":""},"class_list":["post-39417","page","type-page","status-publish","hentry"],"yoast_head":"<!-- This site is optimized with the Yoast SEO plugin v27.3 - https:\/\/yoast.com\/product\/yoast-seo-wordpress\/ -->\n<title>Intellibend | IP Automation Inc<\/title>\n<meta name=\"description\" content=\"Our Intellibend software incorporates powerful programming tools and capabilities that are easy to learn and provide extensive control.\" \/>\n<meta name=\"robots\" content=\"index, follow, max-snippet:-1, max-image-preview:large, max-video-preview:-1\" \/>\n<link rel=\"canonical\" href=\"https:\/\/ipautomationinc.com\/cs\/inteligentni\/\" \/>\n<meta property=\"og:locale\" content=\"cs_CZ\" \/>\n<meta property=\"og:type\" content=\"article\" \/>\n<meta property=\"og:title\" content=\"Intellibend | IP Automation Inc\" \/>\n<meta property=\"og:description\" content=\"Our Intellibend software incorporates powerful programming tools and capabilities that are easy to learn and provide extensive control.\" \/>\n<meta property=\"og:url\" content=\"https:\/\/ipautomationinc.com\/cs\/inteligentni\/\" \/>\n<meta property=\"og:site_name\" content=\"IP Automation Inc\" \/>\n<meta property=\"article:publisher\" content=\"https:\/\/www.facebook.com\/ipautomationinc\/\" \/>\n<meta property=\"article:modified_time\" content=\"2026-02-17T22:59:46+00:00\" \/>\n<meta property=\"og:image\" content=\"https:\/\/ipautomationinc.com\/wp-content\/uploads\/2026\/02\/Software-interface.webp#39419\" \/>\n<script type=\"application\/ld+json\" class=\"yoast-schema-graph\">{\"@context\":\"https:\\\/\\\/schema.org\",\"@graph\":[{\"@type\":\"WebPage\",\"@id\":\"https:\\\/\\\/ipautomationinc.com\\\/intellibend\\\/\",\"url\":\"https:\\\/\\\/ipautomationinc.com\\\/intellibend\\\/\",\"name\":\"Intellibend | IP Automation Inc\",\"isPartOf\":{\"@id\":\"https:\\\/\\\/ipautomationinc.com\\\/#website\"},\"primaryImageOfPage\":{\"@id\":\"https:\\\/\\\/ipautomationinc.com\\\/intellibend\\\/#primaryimage\"},\"image\":{\"@id\":\"https:\\\/\\\/ipautomationinc.com\\\/intellibend\\\/#primaryimage\"},\"thumbnailUrl\":\"https:\\\/\\\/ipautomationinc.com\\\/wp-content\\\/uploads\\\/2026\\\/02\\\/Software-interface.webp#39419\",\"datePublished\":\"2026-02-12T20:18:54+00:00\",\"dateModified\":\"2026-02-17T22:59:46+00:00\",\"description\":\"Our Intellibend software incorporates powerful programming tools and capabilities that are easy to learn and provide extensive control.\",\"inLanguage\":\"cs\",\"potentialAction\":[{\"@type\":\"ReadAction\",\"target\":[\"https:\\\/\\\/ipautomationinc.com\\\/intellibend\\\/\"]}]},{\"@type\":\"ImageObject\",\"inLanguage\":\"cs\",\"@id\":\"https:\\\/\\\/ipautomationinc.com\\\/intellibend\\\/#primaryimage\",\"url\":\"https:\\\/\\\/ipautomationinc.com\\\/wp-content\\\/uploads\\\/2026\\\/02\\\/Software-interface.webp#39419\",\"contentUrl\":\"https:\\\/\\\/ipautomationinc.com\\\/wp-content\\\/uploads\\\/2026\\\/02\\\/Software-interface.webp#39419\"},{\"@type\":\"WebSite\",\"@id\":\"https:\\\/\\\/ipautomationinc.com\\\/#website\",\"url\":\"https:\\\/\\\/ipautomationinc.com\\\/\",\"name\":\"IP Automation Inc\",\"description\":\"Concept... Creation... Reality...\",\"publisher\":{\"@id\":\"https:\\\/\\\/ipautomationinc.com\\\/#organization\"},\"potentialAction\":[{\"@type\":\"SearchAction\",\"target\":{\"@type\":\"EntryPoint\",\"urlTemplate\":\"https:\\\/\\\/ipautomationinc.com\\\/?s={search_term_string}\"},\"query-input\":{\"@type\":\"PropertyValueSpecification\",\"valueRequired\":true,\"valueName\":\"search_term_string\"}}],\"inLanguage\":\"cs\"},{\"@type\":\"Organization\",\"@id\":\"https:\\\/\\\/ipautomationinc.com\\\/#organization\",\"name\":\"IP Automation Inc\",\"url\":\"https:\\\/\\\/ipautomationinc.com\\\/\",\"logo\":{\"@type\":\"ImageObject\",\"inLanguage\":\"cs\",\"@id\":\"https:\\\/\\\/ipautomationinc.com\\\/#\\\/schema\\\/logo\\\/image\\\/\",\"url\":\"https:\\\/\\\/ipautomationinc.com\\\/wp-content\\\/uploads\\\/2022\\\/05\\\/IPA-Favicon.png\",\"contentUrl\":\"https:\\\/\\\/ipautomationinc.com\\\/wp-content\\\/uploads\\\/2022\\\/05\\\/IPA-Favicon.png\",\"width\":513,\"height\":513,\"caption\":\"IP Automation Inc\"},\"image\":{\"@id\":\"https:\\\/\\\/ipautomationinc.com\\\/#\\\/schema\\\/logo\\\/image\\\/\"},\"sameAs\":[\"https:\\\/\\\/www.facebook.com\\\/ipautomationinc\\\/\",\"https:\\\/\\\/www.linkedin.com\\\/company\\\/ip-automation-inc\\\/\",\"https:\\\/\\\/www.youtube.com\\\/@IPAutomation\"]}]}<\/script>\n<!-- \/ Yoast SEO plugin. -->","yoast_head_json":{"title":"Intellibend | IP Automation Inc.","description":"N\u00e1\u0161 software Intellibend obsahuje v\u00fdkonn\u00e9 programovac\u00ed n\u00e1stroje a funkce, kter\u00e9 se snadno ovl\u00e1daj\u00ed a poskytuj\u00ed rozs\u00e1hlou kontrolu.","robots":{"index":"index","follow":"follow","max-snippet":"max-snippet:-1","max-image-preview":"max-image-preview:large","max-video-preview":"max-video-preview:-1"},"canonical":"https:\/\/ipautomationinc.com\/cs\/inteligentni\/","og_locale":"cs_CZ","og_type":"article","og_title":"Intellibend | IP Automation Inc","og_description":"Our Intellibend software incorporates powerful programming tools and capabilities that are easy to learn and provide extensive control.","og_url":"https:\/\/ipautomationinc.com\/cs\/inteligentni\/","og_site_name":"IP Automation Inc","article_publisher":"https:\/\/www.facebook.com\/ipautomationinc\/","article_modified_time":"2026-02-17T22:59:46+00:00","og_image":[{"url":"https:\/\/ipautomationinc.com\/wp-content\/uploads\/2026\/02\/Software-interface.webp#39419","type":"","width":"","height":""}],"schema":{"@context":"https:\/\/schema.org","@graph":[{"@type":"WebPage","@id":"https:\/\/ipautomationinc.com\/intellibend\/","url":"https:\/\/ipautomationinc.com\/intellibend\/","name":"Intellibend | IP Automation Inc.","isPartOf":{"@id":"https:\/\/ipautomationinc.com\/#website"},"primaryImageOfPage":{"@id":"https:\/\/ipautomationinc.com\/intellibend\/#primaryimage"},"image":{"@id":"https:\/\/ipautomationinc.com\/intellibend\/#primaryimage"},"thumbnailUrl":"https:\/\/ipautomationinc.com\/wp-content\/uploads\/2026\/02\/Software-interface.webp#39419","datePublished":"2026-02-12T20:18:54+00:00","dateModified":"2026-02-17T22:59:46+00:00","description":"N\u00e1\u0161 software Intellibend obsahuje v\u00fdkonn\u00e9 programovac\u00ed n\u00e1stroje a funkce, kter\u00e9 se snadno ovl\u00e1daj\u00ed a poskytuj\u00ed rozs\u00e1hlou kontrolu.","inLanguage":"cs","potentialAction":[{"@type":"ReadAction","target":["https:\/\/ipautomationinc.com\/intellibend\/"]}]},{"@type":"ImageObject","inLanguage":"cs","@id":"https:\/\/ipautomationinc.com\/intellibend\/#primaryimage","url":"https:\/\/ipautomationinc.com\/wp-content\/uploads\/2026\/02\/Software-interface.webp#39419","contentUrl":"https:\/\/ipautomationinc.com\/wp-content\/uploads\/2026\/02\/Software-interface.webp#39419"},{"@type":"WebSite","@id":"https:\/\/ipautomationinc.com\/#website","url":"https:\/\/ipautomationinc.com\/","name":"IP Automation Inc","description":"Koncept... Tvorba... Realita...","publisher":{"@id":"https:\/\/ipautomationinc.com\/#organization"},"potentialAction":[{"@type":"SearchAction","target":{"@type":"EntryPoint","urlTemplate":"https:\/\/ipautomationinc.com\/?s={search_term_string}"},"query-input":{"@type":"PropertyValueSpecification","valueRequired":true,"valueName":"search_term_string"}}],"inLanguage":"cs"},{"@type":"Organization","@id":"https:\/\/ipautomationinc.com\/#organization","name":"IP Automation Inc","url":"https:\/\/ipautomationinc.com\/","logo":{"@type":"ImageObject","inLanguage":"cs","@id":"https:\/\/ipautomationinc.com\/#\/schema\/logo\/image\/","url":"https:\/\/ipautomationinc.com\/wp-content\/uploads\/2022\/05\/IPA-Favicon.png","contentUrl":"https:\/\/ipautomationinc.com\/wp-content\/uploads\/2022\/05\/IPA-Favicon.png","width":513,"height":513,"caption":"IP Automation Inc"},"image":{"@id":"https:\/\/ipautomationinc.com\/#\/schema\/logo\/image\/"},"sameAs":["https:\/\/www.facebook.com\/ipautomationinc\/","https:\/\/www.linkedin.com\/company\/ip-automation-inc\/","https:\/\/www.youtube.com\/@IPAutomation"]}]}},"_links":{"self":[{"href":"https:\/\/ipautomationinc.com\/cs\/wp-json\/wp\/v2\/pages\/39417","targetHints":{"allow":["GET"]}}],"collection":[{"href":"https:\/\/ipautomationinc.com\/cs\/wp-json\/wp\/v2\/pages"}],"about":[{"href":"https:\/\/ipautomationinc.com\/cs\/wp-json\/wp\/v2\/types\/page"}],"author":[{"embeddable":true,"href":"https:\/\/ipautomationinc.com\/cs\/wp-json\/wp\/v2\/users\/3"}],"replies":[{"embeddable":true,"href":"https:\/\/ipautomationinc.com\/cs\/wp-json\/wp\/v2\/comments?post=39417"}],"version-history":[{"count":3,"href":"https:\/\/ipautomationinc.com\/cs\/wp-json\/wp\/v2\/pages\/39417\/revisions"}],"predecessor-version":[{"id":39449,"href":"https:\/\/ipautomationinc.com\/cs\/wp-json\/wp\/v2\/pages\/39417\/revisions\/39449"}],"wp:attachment":[{"href":"https:\/\/ipautomationinc.com\/cs\/wp-json\/wp\/v2\/media?parent=39417"}],"curies":[{"name":"wp","href":"https:\/\/api.w.org\/{rel}","templated":true}]}}