{"id":37840,"date":"2025-06-27T10:09:58","date_gmt":"2025-06-27T15:09:58","guid":{"rendered":"https:\/\/ipautomationinc.com\/?page_id=37840"},"modified":"2025-06-27T10:37:19","modified_gmt":"2025-06-27T15:37:19","slug":"zasady-pouzivani-souboru-cookie","status":"publish","type":"page","link":"https:\/\/ipautomationinc.com\/cs\/cookie-policy\/","title":{"rendered":"Z\u00e1sady pou\u017e\u00edv\u00e1n\u00ed soubor\u016f cookie"},"content":{"rendered":"<h1 class=\"wp-block-heading\">Z\u00e1sady ochrany osobn\u00edch \u00fadaj\u016f<\/h1>\n\n\n\n<p><strong>Naposledy aktualizov\u00e1no:<\/strong>&nbsp;1. ledna 2025<\/p>\n\n\n\n<p><strong>Datum \u00fa\u010dinnosti:<\/strong>&nbsp;1. ledna 2025<\/p>\n\n\n\n<p>Spole\u010dnost IP Automation Inc. (\u201emy\u201c, \u201ena\u0161e\u201c nebo \u201en\u00e1s\u201c) se zavazuje chr\u00e1nit va\u0161e soukrom\u00ed. Tyto z\u00e1sady ochrany osobn\u00edch \u00fadaj\u016f popisuj\u00ed, jak shroma\u017e\u010fujeme, pou\u017e\u00edv\u00e1me a chr\u00e1n\u00edme va\u0161e osobn\u00ed \u00fadaje, kdy\u017e nav\u0161t\u00edv\u00edte&nbsp;<a href=\"https:\/\/ipautomationinc.com\/cs\/\" target=\"_blank\" rel=\"noreferrer noopener\">https:\/\/ipautomationinc.com<\/a>&nbsp;(\u201eSlu\u017eba\u201c).<\/p>\n\n\n\n<p>Pou\u017e\u00edv\u00e1n\u00edm Slu\u017eby souhlas\u00edte s postupy popsan\u00fdmi v t\u011bchto Z\u00e1sad\u00e1ch ochrany osobn\u00edch \u00fadaj\u016f. Pokud s nimi nesouhlas\u00edte, pros\u00edm, nep\u0159istupujte k Slu\u017eb\u011b ani ji nepou\u017e\u00edvejte.<\/p>\n\n\n\n<h2 class=\"wp-block-heading\">Informace, kter\u00e9 shroma\u017e\u010fujeme<\/h2>\n\n\n\n<h3 class=\"wp-block-heading\">Informace, kter\u00e9 poskytnete<\/h3>\n\n\n\n<p>Kdy\u017e vypln\u00edte formul\u00e1\u0159 na na\u0161ich webov\u00fdch str\u00e1nk\u00e1ch, m\u016f\u017eeme shroma\u017e\u010fovat va\u0161e jm\u00e9no, e-mailovou adresu, telefonn\u00ed \u010d\u00edslo, n\u00e1zev spole\u010dnosti a jakoukoli zpr\u00e1vu, kterou do n\u011bj zahrnete.<\/p>\n\n\n\n<h3 class=\"wp-block-heading\">Automaticky shroma\u017e\u010fovan\u00e9 informace<\/h3>\n\n\n\n<ul class=\"wp-block-list\">\n<li><strong>Analytika:<\/strong>\u00a0Pro shroma\u017e\u010fov\u00e1n\u00ed informac\u00ed, jako je IP adresa, typ prohl\u00ed\u017ee\u010de, odkazuj\u00edc\u00ed str\u00e1nky a interakce s videi, pou\u017e\u00edv\u00e1me slu\u017eby jako Google Analytics a Vimeo Analytics.<\/li>\n\n\n\n<li><strong>Soubory cookie:<\/strong>\u00a0Pou\u017e\u00edv\u00e1me soubory cookie a podobn\u00e9 technologie ke zlep\u0161en\u00ed va\u0161eho z\u00e1\u017eitku a shroma\u017e\u010fov\u00e1n\u00ed \u00fadaj\u016f o u\u017e\u00edv\u00e1n\u00ed.<\/li>\n<\/ul>\n\n\n\n<h2 class=\"wp-block-heading\">Jak pou\u017e\u00edv\u00e1me va\u0161e informace<\/h2>\n\n\n\n<ul class=\"wp-block-list\">\n<li>Abychom mohli reagovat na dotazy zaslan\u00e9 prost\u0159ednictv\u00edm na\u0161ich kontaktn\u00edch formul\u00e1\u0159\u016f<\/li>\n\n\n\n<li>Analyzovat vyu\u017eit\u00ed webu a zlep\u0161it jeho v\u00fdkon<\/li>\n\n\n\n<li>Pro sledov\u00e1n\u00ed zapojen\u00ed videa a technick\u00e9 funk\u010dnosti<\/li>\n\n\n\n<li>Pro zaji\u0161t\u011bn\u00ed bezpe\u010dnosti a prevenci zneu\u017eit\u00ed<\/li>\n<\/ul>\n\n\n\n<p>Pokud budeme m\u00edt v \u00famyslu pou\u017e\u00edt va\u0161e informace k jak\u00e9mukoli \u00fa\u010delu, kter\u00fd nen\u00ed uveden v\u00fd\u0161e, po\u017e\u00e1d\u00e1me v\u00e1s o v\u00e1\u0161 v\u00fdslovn\u00fd souhlas.<\/p>\n\n\n\n<h2 class=\"wp-block-heading\">Sd\u00edlen\u00ed informac\u00ed<\/h2>\n\n\n\n<p>Va\u0161e osobn\u00ed \u00fadaje neprod\u00e1v\u00e1me ani nepronaj\u00edm\u00e1me marketingov\u00fdm pracovn\u00edk\u016fm ani jin\u00fdm t\u0159et\u00edm stran\u00e1m. Va\u0161e informace v\u0161ak m\u016f\u017eeme sd\u00edlet s d\u016fv\u011bryhodn\u00fdmi poskytovateli slu\u017eeb (nap\u0159. Google, Vimeo) v\u00fdhradn\u011b pro \u00fa\u010dely anal\u00fdzy a sledov\u00e1n\u00ed v\u00fdkonu.<\/p>\n\n\n\n<p>Va\u0161e informace m\u016f\u017eeme tak\u00e9 zve\u0159ejnit, pokud to vy\u017eaduje z\u00e1kon, soudn\u00ed \u0159\u00edzen\u00ed nebo v p\u0159\u00edpad\u011b p\u0159evodu podniku, jako je f\u00faze nebo akvizice.<\/p>\n\n\n\n<h2 class=\"wp-block-heading\">Uchov\u00e1v\u00e1n\u00ed dat<\/h2>\n\n\n\n<p>Osobn\u00ed \u00fadaje uchov\u00e1v\u00e1me tak dlouho, jak je nezbytn\u00e9 k napln\u011bn\u00ed \u00fa\u010del\u016f, pro kter\u00e9 byly shrom\u00e1\u017ed\u011bny, nebo jak to vy\u017eaduje z\u00e1kon. Obvykle to znamen\u00e1, \u017ee data uchov\u00e1v\u00e1me 90 dn\u00ed a\u017e 2 roky od va\u0161\u00ed posledn\u00ed interakce s n\u00e1mi.<\/p>\n\n\n\n<p>Anonymn\u00ed nebo agregovan\u00e9 \u00fadaje, kter\u00e9 v\u00e1s neidentifikuj\u00ed, mohou b\u00fdt uchov\u00e1v\u00e1ny po dobu neur\u010ditou.<\/p>\n\n\n\n<h2 class=\"wp-block-heading\">Va\u0161e pr\u00e1va<\/h2>\n\n\n\n<p>V z\u00e1vislosti na va\u0161\u00ed lokalit\u011b a platn\u00fdch z\u00e1konech m\u016f\u017eete m\u00edt pr\u00e1vo na:<\/p>\n\n\n\n<ul class=\"wp-block-list\">\n<li>P\u0159\u00edstup k osobn\u00edm \u00fadaj\u016fm, kter\u00e9 o v\u00e1s uchov\u00e1v\u00e1me<\/li>\n\n\n\n<li>\u017d\u00e1dost o opravu nebo smaz\u00e1n\u00ed va\u0161ich \u00fadaj\u016f<\/li>\n\n\n\n<li>Odvolat souhlas se zpracov\u00e1n\u00edm \u00fadaj\u016f<\/li>\n\n\n\n<li>\u017d\u00e1dost o p\u0159enositelnost \u00fadaj\u016f (k jin\u00e9mu subjektu)<\/li>\n\n\n\n<li>Podejte st\u00ed\u017enost u regula\u010dn\u00edho org\u00e1nu<\/li>\n<\/ul>\n\n\n\n<p>Chcete-li uplatnit sv\u00e1 pr\u00e1va, kontaktujte n\u00e1s na adrese&nbsp;<a href=\"mailto:info@ipautomationinc.com\">info@ipautomationinc.com<\/a>.<\/p>\n\n\n\n<h2 class=\"wp-block-heading\">Soubory cookie<\/h2>\n\n\n\n<p>Soubory cookie jsou mal\u00e9 soubory ukl\u00e1dan\u00e9 do va\u0161eho za\u0159\u00edzen\u00ed za \u00fa\u010delem vylep\u0161en\u00ed funk\u010dnosti a sledov\u00e1n\u00ed pou\u017e\u00edv\u00e1n\u00ed. Dal\u0161\u00ed informace o tom, jak soubory cookie pou\u017e\u00edv\u00e1me a jak je m\u016f\u017eete spravovat, naleznete na na\u0161ich&nbsp;<a href=\"https:\/\/ipautomationinc.com\/cs\/zasady-pouzivani-souboru-cookie\/\" target=\"_blank\" rel=\"noreferrer noopener\">Z\u00e1sady pou\u017e\u00edv\u00e1n\u00ed soubor\u016f cookie<\/a>.<\/p>\n\n\n\n<h2 class=\"wp-block-heading\">Zabezpe\u010den\u00ed<\/h2>\n\n\n\n<p>P\u0159ij\u00edm\u00e1me p\u0159im\u011b\u0159en\u00e1 opat\u0159en\u00ed k ochran\u011b va\u0161ich informac\u00ed p\u0159ed neopr\u00e1vn\u011bn\u00fdm p\u0159\u00edstupem, pou\u017eit\u00edm nebo zve\u0159ejn\u011bn\u00edm. \u017d\u00e1dn\u00fd syst\u00e9m v\u0161ak nen\u00ed zcela bezpe\u010dn\u00fd. Slu\u017ebu pou\u017e\u00edv\u00e1te na vlastn\u00ed nebezpe\u010d\u00ed.<\/p>\n\n\n\n<h2 class=\"wp-block-heading\">Odkazy t\u0159et\u00edch stran<\/h2>\n\n\n\n<p>Na\u0161e webov\u00e9 str\u00e1nky mohou odkazovat na extern\u00ed str\u00e1nky, kter\u00e9 nekontrolujeme. Nejsme zodpov\u011bdn\u00ed za jejich postupy ochrany osobn\u00edch \u00fadaj\u016f. Doporu\u010dujeme v\u00e1m sezn\u00e1mit se se z\u00e1sadami ochrany osobn\u00edch \u00fadaj\u016f v\u0161ech extern\u00edch str\u00e1nek, kter\u00e9 nav\u0161t\u00edv\u00edte.<\/p>\n\n\n\n<h2 class=\"wp-block-heading\">Zm\u011bny t\u011bchto z\u00e1sad<\/h2>\n\n\n\n<p>Tyto Z\u00e1sady ochrany osobn\u00edch \u00fadaj\u016f m\u016f\u017eeme pravideln\u011b aktualizovat. Pokud provedeme v\u00fdznamn\u00e9 zm\u011bny, zve\u0159ejn\u00edme ozn\u00e1men\u00ed na t\u00e9to str\u00e1nce. Pokra\u010dov\u00e1n\u00edm v pou\u017e\u00edv\u00e1n\u00ed Slu\u017eby po aktualizac\u00edch souhlas\u00edte s revidovan\u00fdmi z\u00e1sadami.<\/p>\n\n\n\n<h2 class=\"wp-block-heading\">Kontaktujte n\u00e1s<\/h2>\n\n\n\n<p>Pokud m\u00e1te dotazy nebo obavy, obra\u0165te se pros\u00edm na:<\/p>\n\n\n\n<p><strong>IP Automation Inc.<\/strong><br>400 E Fullerton Avenue<br>Carol Stream, Illinois 60188<br>E-mail:&nbsp;<a href=\"mailto:info@ipautomationinc.com\">info@ipautomationinc.com<\/a><br>Telefon: 630-656-1215<\/p>\n\n\n\n<p><span class=\"builder2seo\"><\/span><br><br>    a.cky-banner-element {<br><br>        padding: 8px 30px;<br><br>        background: #F8F9FA;<br><br>        color: #858A8F;<br><br>        border: 1px solid #DEE2E6;<br><br>        box-sizing: border-box;<br><br>        border-radius: 2px;<br><br>        cursor: pointer;<br><br>}<br><br><br><br><h1>Z\u00e1sady pou\u017e\u00edv\u00e1n\u00ed soubor\u016f cookie<\/h1><br><br><p><br><br>    Datum \u00fa\u010dinnosti: 01.01.2025 <br><br>    Posledn\u00ed aktualizace: 27. \u010dervna 2025<br><br><\/p><br><br><br><br>\u00a0<br><br><h5>Co jsou soubory cookie?<\/h5><br><br><p>Tyto z\u00e1sady pou\u017e\u00edv\u00e1n\u00ed soubor\u016f cookie vysv\u011btluj\u00ed, co jsou soubory cookie a jak je pou\u017e\u00edv\u00e1me, jak\u00e9 typy soubor\u016f cookie pou\u017e\u00edv\u00e1me, tj. jak\u00e9 informace shroma\u017e\u010fujeme pomoc\u00ed soubor\u016f cookie a jak se tyto informace pou\u017e\u00edvaj\u00ed, a jak spravovat nastaven\u00ed soubor\u016f cookie.<\/p> <p>Soubory cookie jsou mal\u00e9 textov\u00e9 soubory, kter\u00e9 slou\u017e\u00ed k ukl\u00e1d\u00e1n\u00ed mal\u00fdch \u010d\u00e1st\u00ed informac\u00ed. Ukl\u00e1daj\u00ed se do va\u0161eho za\u0159\u00edzen\u00ed, kdy\u017e se webov\u00e1 str\u00e1nka na\u010dte do va\u0161eho prohl\u00ed\u017ee\u010de. Tyto soubory cookie n\u00e1m pom\u00e1haj\u00ed zajistit spr\u00e1vn\u00e9 fungov\u00e1n\u00ed webov\u00fdch str\u00e1nek, zv\u00fd\u0161it jejich bezpe\u010dnost, poskytnout lep\u0161\u00ed u\u017eivatelsk\u00fd z\u00e1\u017eitek a pochopit, jak webov\u00e1 str\u00e1nka funguje, a analyzovat, co funguje a kde je t\u0159eba vylep\u0161it.<\/p><br><br><br><br>\u00a0<br><br><h5>Jak pou\u017e\u00edv\u00e1me soubory cookie?<\/h5><br><br><p>Stejn\u011b jako v\u011bt\u0161ina online slu\u017eeb, i na\u0161e webov\u00e9 str\u00e1nky pou\u017e\u00edvaj\u00ed soubory cookie prvn\u00ed a t\u0159et\u00edch stran k n\u011bkolika \u00fa\u010del\u016fm. Soubory cookie prvn\u00ed strany jsou v\u011bt\u0161inou nezbytn\u00e9 pro spr\u00e1vn\u00e9 fungov\u00e1n\u00ed webov\u00fdch str\u00e1nek a neshroma\u017e\u010fuj\u00ed \u017e\u00e1dn\u00e9 va\u0161e osobn\u00ed \u00fadaje.<\/p> <p>Soubory cookie t\u0159et\u00edch stran pou\u017e\u00edvan\u00e9 na na\u0161ich webov\u00fdch str\u00e1nk\u00e1ch slou\u017e\u00ed p\u0159edev\u0161\u00edm k pochopen\u00ed toho, jak webov\u00e9 str\u00e1nky funguj\u00ed, jak s nimi interagujete, k zaji\u0161t\u011bn\u00ed bezpe\u010dnosti na\u0161ich slu\u017eeb, k zobrazov\u00e1n\u00ed reklam, kter\u00e9 jsou pro v\u00e1s relevantn\u00ed, a celkov\u011b k zaji\u0161t\u011bn\u00ed lep\u0161\u00edho a vylep\u0161en\u00e9ho u\u017eivatelsk\u00e9ho z\u00e1\u017eitku a k urychlen\u00ed va\u0161ich budouc\u00edch interakc\u00ed s na\u0161imi webov\u00fdmi str\u00e1nkami.<\/p><br><br><br><br>\u00a0<br><br>    <h5>Typy soubor\u016f cookie, kter\u00e9 pou\u017e\u00edv\u00e1me<\/h5><br><br><br><br>    <br><br><br><br>\u00a0<br><br>    <h5>Odhl\u00e1\u0161en\u00ed soubor\u016f cookie<\/h5><br><br><br><br>    <a>Nastaven\u00ed soubor\u016f cookie<\/a> <br><br><br><br>    <p>R\u016fzn\u00e9 prohl\u00ed\u017ee\u010de poskytuj\u00ed r\u016fzn\u00e9 zp\u016fsoby blokov\u00e1n\u00ed a maz\u00e1n\u00ed soubor\u016f cookie pou\u017e\u00edvan\u00fdch webov\u00fdmi str\u00e1nkami. M\u016f\u017eete zm\u011bnit nastaven\u00ed sv\u00e9ho prohl\u00ed\u017ee\u010de tak, aby blokoval\/smazal soubory cookie. N\u00ed\u017ee jsou uvedeny odkazy na podp\u016frn\u00e9 dokumenty o tom, jak spravovat a odstra\u0148ovat soubory cookie z hlavn\u00edch webov\u00fdch prohl\u00ed\u017ee\u010d\u016f.<\/p><p>Chrome: <a href=\"https:\/\/support.google.com\/accounts\/answer\/32050\" target=\"_blank\">https:\/\/support.google.com\/accounts\/answer\/32050<\/a><\/p><p>Safari: <a href=\"https:\/\/support.apple.com\/en-in\/guide\/safari\/sfri11471\/mac\" target=\"_blank\">https:\/\/support.apple.com\/en-in\/guide\/safari\/sfri11471\/mac<\/a><\/p><p>Firefox: <a href=\"https:\/\/support.mozilla.org\/en-US\/kb\/clear-cookies-and-site-data-firefox?redirectslug=delete-cookies-remove-info-websites-stored&amp;redirectlocale=en-US\" target=\"_blank\">https:\/\/support.mozilla.org\/en-US\/kb\/clear-cookies-and-site-data-firefox?redirectslug=delete-cookies-remove-info-websites-stored&amp;redirectlocale=en-US<\/a><\/p><p>Internet Explorer: <a href=\"https:\/\/support.microsoft.com\/en-us\/topic\/how-to-delete-cookie-files-in-internet-explorer-bca9446f-d873-78de-77ba-d42645fa52fc\" target=\"_blank\">https:\/\/support.microsoft.com\/en-us\/topic\/how-to-delete-cookie-files-in-internet-explorer-bca9446f-d873-78de-77ba-d42645fa52fc<\/a><\/p><p>Pokud pou\u017e\u00edv\u00e1te jin\u00fd webov\u00fd prohl\u00ed\u017ee\u010d, nav\u0161tivte pros\u00edm ofici\u00e1ln\u00ed dokumenty podpory va\u0161eho prohl\u00ed\u017ee\u010de.<\/p><br><br><br><br><\/p>","protected":false},"excerpt":{"rendered":"<p>Privacy Policy Last Updated:&nbsp;January 1, 2025 Effective Date:&nbsp;January 1, 2025 IP Automation Inc. (\u201cwe,\u201d \u201cour,\u201d or \u201cus\u201d) is committed to<span class=\"excerpt-hellip\"> [\u2026]<\/span><\/p>\n","protected":false},"author":3,"featured_media":0,"parent":0,"menu_order":0,"comment_status":"closed","ping_status":"closed","template":"","meta":{"footnotes":""},"class_list":["post-37840","page","type-page","status-publish","hentry"],"yoast_head":"<!-- This site is optimized with the Yoast SEO plugin v27.4 - https:\/\/yoast.com\/product\/yoast-seo-wordpress\/ -->\n<title>Cookie Policy | IP Automation Inc<\/title>\n<meta name=\"robots\" content=\"index, follow, max-snippet:-1, max-image-preview:large, max-video-preview:-1\" \/>\n<link rel=\"canonical\" href=\"https:\/\/ipautomationinc.com\/cs\/zasady-pouzivani-souboru-cookie\/\" \/>\n<meta property=\"og:locale\" content=\"cs_CZ\" \/>\n<meta property=\"og:type\" content=\"article\" \/>\n<meta property=\"og:title\" content=\"Cookie Policy | IP Automation Inc\" \/>\n<meta property=\"og:description\" content=\"Privacy Policy Last Updated:&nbsp;January 1, 2025 Effective Date:&nbsp;January 1, 2025 IP Automation Inc. (\u201cwe,\u201d \u201cour,\u201d or \u201cus\u201d) is committed to [\u2026]\" \/>\n<meta property=\"og:url\" content=\"https:\/\/ipautomationinc.com\/cs\/zasady-pouzivani-souboru-cookie\/\" \/>\n<meta property=\"og:site_name\" content=\"IP Automation Inc\" \/>\n<meta property=\"article:publisher\" content=\"https:\/\/www.facebook.com\/ipautomationinc\/\" \/>\n<meta property=\"article:modified_time\" content=\"2025-06-27T15:37:19+00:00\" \/>\n<script type=\"application\/ld+json\" class=\"yoast-schema-graph\">{\"@context\":\"https:\\\/\\\/schema.org\",\"@graph\":[{\"@type\":\"WebPage\",\"@id\":\"https:\\\/\\\/ipautomationinc.com\\\/cookie-policy\\\/\",\"url\":\"https:\\\/\\\/ipautomationinc.com\\\/cookie-policy\\\/\",\"name\":\"Cookie Policy | IP Automation Inc\",\"isPartOf\":{\"@id\":\"https:\\\/\\\/ipautomationinc.com\\\/#website\"},\"datePublished\":\"2025-06-27T15:09:58+00:00\",\"dateModified\":\"2025-06-27T15:37:19+00:00\",\"inLanguage\":\"cs\",\"potentialAction\":[{\"@type\":\"ReadAction\",\"target\":[\"https:\\\/\\\/ipautomationinc.com\\\/cookie-policy\\\/\"]}]},{\"@type\":\"WebSite\",\"@id\":\"https:\\\/\\\/ipautomationinc.com\\\/#website\",\"url\":\"https:\\\/\\\/ipautomationinc.com\\\/\",\"name\":\"IP Automation Inc\",\"description\":\"Concept... Creation... Reality...\",\"publisher\":{\"@id\":\"https:\\\/\\\/ipautomationinc.com\\\/#organization\"},\"potentialAction\":[{\"@type\":\"SearchAction\",\"target\":{\"@type\":\"EntryPoint\",\"urlTemplate\":\"https:\\\/\\\/ipautomationinc.com\\\/?s={search_term_string}\"},\"query-input\":{\"@type\":\"PropertyValueSpecification\",\"valueRequired\":true,\"valueName\":\"search_term_string\"}}],\"inLanguage\":\"cs\"},{\"@type\":\"Organization\",\"@id\":\"https:\\\/\\\/ipautomationinc.com\\\/#organization\",\"name\":\"IP Automation Inc\",\"url\":\"https:\\\/\\\/ipautomationinc.com\\\/\",\"logo\":{\"@type\":\"ImageObject\",\"inLanguage\":\"cs\",\"@id\":\"https:\\\/\\\/ipautomationinc.com\\\/#\\\/schema\\\/logo\\\/image\\\/\",\"url\":\"https:\\\/\\\/ipautomationinc.com\\\/wp-content\\\/uploads\\\/2022\\\/05\\\/IPA-Favicon.png\",\"contentUrl\":\"https:\\\/\\\/ipautomationinc.com\\\/wp-content\\\/uploads\\\/2022\\\/05\\\/IPA-Favicon.png\",\"width\":513,\"height\":513,\"caption\":\"IP Automation Inc\"},\"image\":{\"@id\":\"https:\\\/\\\/ipautomationinc.com\\\/#\\\/schema\\\/logo\\\/image\\\/\"},\"sameAs\":[\"https:\\\/\\\/www.facebook.com\\\/ipautomationinc\\\/\",\"https:\\\/\\\/www.linkedin.com\\\/company\\\/ip-automation-inc\\\/\",\"https:\\\/\\\/www.youtube.com\\\/@IPAutomation\"]}]}<\/script>\n<!-- \/ Yoast SEO plugin. -->","yoast_head_json":{"title":"Z\u00e1sady pou\u017e\u00edv\u00e1n\u00ed soubor\u016f cookie | IP Automation Inc.","robots":{"index":"index","follow":"follow","max-snippet":"max-snippet:-1","max-image-preview":"max-image-preview:large","max-video-preview":"max-video-preview:-1"},"canonical":"https:\/\/ipautomationinc.com\/cs\/zasady-pouzivani-souboru-cookie\/","og_locale":"cs_CZ","og_type":"article","og_title":"Cookie Policy | IP Automation Inc","og_description":"Privacy Policy Last Updated:&nbsp;January 1, 2025 Effective Date:&nbsp;January 1, 2025 IP Automation Inc. (\u201cwe,\u201d \u201cour,\u201d or \u201cus\u201d) is committed to [\u2026]","og_url":"https:\/\/ipautomationinc.com\/cs\/zasady-pouzivani-souboru-cookie\/","og_site_name":"IP Automation Inc","article_publisher":"https:\/\/www.facebook.com\/ipautomationinc\/","article_modified_time":"2025-06-27T15:37:19+00:00","schema":{"@context":"https:\/\/schema.org","@graph":[{"@type":"WebPage","@id":"https:\/\/ipautomationinc.com\/cookie-policy\/","url":"https:\/\/ipautomationinc.com\/cookie-policy\/","name":"Z\u00e1sady pou\u017e\u00edv\u00e1n\u00ed soubor\u016f cookie | IP Automation Inc.","isPartOf":{"@id":"https:\/\/ipautomationinc.com\/#website"},"datePublished":"2025-06-27T15:09:58+00:00","dateModified":"2025-06-27T15:37:19+00:00","inLanguage":"cs","potentialAction":[{"@type":"ReadAction","target":["https:\/\/ipautomationinc.com\/cookie-policy\/"]}]},{"@type":"WebSite","@id":"https:\/\/ipautomationinc.com\/#website","url":"https:\/\/ipautomationinc.com\/","name":"IP Automation Inc","description":"Koncept... Tvorba... Realita...","publisher":{"@id":"https:\/\/ipautomationinc.com\/#organization"},"potentialAction":[{"@type":"SearchAction","target":{"@type":"EntryPoint","urlTemplate":"https:\/\/ipautomationinc.com\/?s={search_term_string}"},"query-input":{"@type":"PropertyValueSpecification","valueRequired":true,"valueName":"search_term_string"}}],"inLanguage":"cs"},{"@type":"Organization","@id":"https:\/\/ipautomationinc.com\/#organization","name":"IP Automation Inc","url":"https:\/\/ipautomationinc.com\/","logo":{"@type":"ImageObject","inLanguage":"cs","@id":"https:\/\/ipautomationinc.com\/#\/schema\/logo\/image\/","url":"https:\/\/ipautomationinc.com\/wp-content\/uploads\/2022\/05\/IPA-Favicon.png","contentUrl":"https:\/\/ipautomationinc.com\/wp-content\/uploads\/2022\/05\/IPA-Favicon.png","width":513,"height":513,"caption":"IP Automation Inc"},"image":{"@id":"https:\/\/ipautomationinc.com\/#\/schema\/logo\/image\/"},"sameAs":["https:\/\/www.facebook.com\/ipautomationinc\/","https:\/\/www.linkedin.com\/company\/ip-automation-inc\/","https:\/\/www.youtube.com\/@IPAutomation"]}]}},"_links":{"self":[{"href":"https:\/\/ipautomationinc.com\/cs\/wp-json\/wp\/v2\/pages\/37840","targetHints":{"allow":["GET"]}}],"collection":[{"href":"https:\/\/ipautomationinc.com\/cs\/wp-json\/wp\/v2\/pages"}],"about":[{"href":"https:\/\/ipautomationinc.com\/cs\/wp-json\/wp\/v2\/types\/page"}],"author":[{"embeddable":true,"href":"https:\/\/ipautomationinc.com\/cs\/wp-json\/wp\/v2\/users\/3"}],"replies":[{"embeddable":true,"href":"https:\/\/ipautomationinc.com\/cs\/wp-json\/wp\/v2\/comments?post=37840"}],"version-history":[{"count":3,"href":"https:\/\/ipautomationinc.com\/cs\/wp-json\/wp\/v2\/pages\/37840\/revisions"}],"predecessor-version":[{"id":37851,"href":"https:\/\/ipautomationinc.com\/cs\/wp-json\/wp\/v2\/pages\/37840\/revisions\/37851"}],"wp:attachment":[{"href":"https:\/\/ipautomationinc.com\/cs\/wp-json\/wp\/v2\/media?parent=37840"}],"curies":[{"name":"wp","href":"https:\/\/api.w.org\/{rel}","templated":true}]}}